{"id":909,"date":"2023-03-29T16:47:14","date_gmt":"2023-03-29T09:47:14","guid":{"rendered":"https:\/\/maylangthangshow.com\/?p=909"},"modified":"2025-05-28T20:50:47","modified_gmt":"2025-05-28T13:50:47","slug":"lich-dien-tren-may-thang-4-5","status":"publish","type":"product","link":"https:\/\/liveshowdalat.vn\/en\/lich-dien-tren-may-thang-4-5.html","title":{"rendered":"L\u1ecaCH DI\u1ec4N TR\u00caN M\u00c2Y TH\u00c1NG 4 &#038; 5"},"content":{"rendered":"<nav class=\"vietrick-auto-toc\">\n<div class=\"box-title\">\n<h3 class=\"toc-title\" id=\"select-menu\">Danh m\u1ee5c ch\u00ednh<\/h3>\n<div><ion-icon name=\"chevron-up-outline\"><\/ion-icon><\/div>\n<\/div>\n<ul class=\"toc-list\">\n<li><a href='https:\/\/liveshowdalat.vn\/en#lich-dien-may-lang-thang-thang-4-5' class='heading-h2 toc-link smooth-scroll'>L\u1ecaCH DI\u1ec4N M\u00c2Y LANG THANG TH\u00c1NG 4 &amp; 5<\/a>\n<li><a href='https:\/\/liveshowdalat.vn\/en#1-may-lang-thang-da-lat' class='heading-h2 toc-link smooth-scroll'>1. M\u00c2Y LANG THANG \u0110\u00c0 L\u1ea0T<\/a>\n<li><a href='https:\/\/liveshowdalat.vn\/en#2-may-lang-thang-da-nang' class='heading-h2 toc-link smooth-scroll'>2. M\u00c2Y LANG THANG \u0110\u00c0 N\u1eb4NG<\/a>\n<li><a href='https:\/\/liveshowdalat.vn\/en#3-thong-tin-lien-he' class='heading-h2 toc-link smooth-scroll'>3. TH\u00d4NG TIN LI\u00caN H\u1ec6<\/a><\/ul>\n<\/ul>\n<\/li>\n<\/ul>\n<\/nav>\n<h2 style=\"text-align: center;\" id=\"lich-dien-may-lang-thang-thang-4-5\"><span style=\"color: #003300;\"><strong>L\u1ecaCH DI\u1ec4N M\u00c2Y LANG THANG TH\u00c1NG 4 &amp; 5<\/strong><\/span><\/h2>\n<div class=\"x11i5rnm xat24cr x1mh8g0r x1vvkbs xdj266r x126k92a\">\n<div dir=\"auto\"><span class=\"x3nfvp2 x1j61x8r x1fcty0u xdj266r xhhsvwb xat24cr xgzva0m xxymvpz xlup9mm x1kky2od\"><img loading=\"lazy\" decoding=\"async\" src=\"https:\/\/static.xx.fbcdn.net\/images\/emoji.php\/v9\/t50\/1\/16\/1f525.png\" alt=\"\ud83d\udd25\" width=\"16\" height=\"16\" \/><\/span> \ud835\udc0b\ud835\udc08\u0323\ud835\udc02\ud835\udc07 \ud835\udc03\ud835\udc08\ud835\udc04\u0302\u0303\ud835\udc0d \ud835\udc0c\ud835\udc00\u0302\ud835\udc18 \ud835\udc0b\ud835\udc00\ud835\udc0d\ud835\udc06 \ud835\udc13\ud835\udc07\ud835\udc00\ud835\udc0d\ud835\udc06 \ud835\udc13\ud835\udc07\ud835\udc00\u0301\ud835\udc0d\ud835\udc06 \ud835\udfd2 &amp; \ud835\udfd3 <span class=\"x3nfvp2 x1j61x8r x1fcty0u xdj266r xhhsvwb xat24cr xgzva0m xxymvpz xlup9mm x1kky2od\"><img loading=\"lazy\" decoding=\"async\" src=\"https:\/\/static.xx.fbcdn.net\/images\/emoji.php\/v9\/t50\/1\/16\/1f525.png\" alt=\"\ud83d\udd25\" width=\"16\" height=\"16\" \/><\/span><\/div>\n<\/div>\n<div class=\"x11i5rnm xat24cr x1mh8g0r x1vvkbs xtlvy1s x126k92a\">\n<div dir=\"auto\"><span class=\"x3nfvp2 x1j61x8r x1fcty0u xdj266r xhhsvwb xat24cr xgzva0m xxymvpz xlup9mm x1kky2od\"><img loading=\"lazy\" decoding=\"async\" src=\"https:\/\/static.xx.fbcdn.net\/images\/emoji.php\/v9\/t1f\/1\/16\/1f3b6.png\" alt=\"\ud83c\udfb6\" width=\"16\" height=\"16\" \/><\/span> Nh\u1eefng \u0111\u00eam di\u1ec5n th\u0103ng hoa, nh\u1eefng b\u1ea3n nh\u1ea1c hot-hit \u0111\u00ecnh \u0111\u00e1m v\u00e0 nh\u1eefng ng\u01b0\u1eddi ngh\u1ec7 s\u0129 t\u00e0i n\u0103ng \u0111\u1ec9nh cao &#8211; t\u1ea5t c\u1ea3 s\u1ebd h\u1ed9i t\u1ee5 t\u1ea1i s\u00e2n kh\u1ea5u M\u00e2y Lang Thang \u0111\u1eb7c bi\u1ec7t th\u00e1ng 4 v\u00e0 th\u00e1ng 5 n\u00e0y. H\u00e3y nhanh tay c\u00f3 cho m\u00ecnh t\u1ea5m v\u00e9 \u0111\u1ec3 c\u00f9ng tr\u1ea3i nghi\u1ec7m kh\u00f4ng gian \u00e2m nh\u1ea1c \u0111\u1ea7y c\u1ea3m x\u00fac.<\/div>\n<\/div>\n<div class=\"x11i5rnm xat24cr x1mh8g0r x1vvkbs xtlvy1s x126k92a\">\n<h2 dir=\"auto\" id=\"1-may-lang-thang-da-lat\">1. M\u00c2Y LANG THANG \u0110\u00c0 L\u1ea0T<\/h2>\n<div dir=\"auto\"><span class=\"x3nfvp2 x1j61x8r x1fcty0u xdj266r xhhsvwb xat24cr xgzva0m xxymvpz xlup9mm x1kky2od\"><img loading=\"lazy\" decoding=\"async\" src=\"https:\/\/static.xx.fbcdn.net\/images\/emoji.php\/v9\/tac\/1\/16\/1f4cc.png\" alt=\"\ud83d\udccc\" width=\"16\" height=\"16\" \/><\/span> \ud835\udc46\ud835\udc4e\u0302\ud835\udc5b \ud835\udc58\u210e\ud835\udc4e\u0302\u0301\ud835\udc62 \ud835\udc36\u210e\ud835\udc56\ud835\udc52\u0302\u0300\ud835\udc62-\ud835\udc5b\u210e\ud835\udc4e\u0323\ud835\udc50-\ud835\udc61\ud835\udc5f\ud835\udc52\u0302\ud835\udc5b-\ud835\udc40\ud835\udc4e\u0302\ud835\udc66 (\ud835\ude14\ud835\ude22\u0302\ud835\ude3a \ud835\ude2a\ud835\ude2f \ud835\ude1b\ud835\ude29\ud835\ude26 \ud835\ude15\ud835\ude26\ud835\ude34\ud835\ude35, 519 \ud835\ude35\ud835\ude29\ud835\ude30\u0302\ud835\ude2f \ud835\ude14\ud835\ude22\u0306\ud835\ude2f\ud835\ude28 \ud835\ude13\ud835\ude2a\ud835\ude2f) \ud835\udc51\ud835\udc56\ud835\udc52\u0302\u0303\ud835\udc5b 5:00 &#8211; 7:00\ud835\udc5d\ud835\udc5a<\/div>\n<div dir=\"auto\"><span class=\"x3nfvp2 x1j61x8r x1fcty0u xdj266r xhhsvwb xat24cr xgzva0m xxymvpz xlup9mm x1kky2od\"><img loading=\"lazy\" decoding=\"async\" src=\"https:\/\/static.xx.fbcdn.net\/images\/emoji.php\/v9\/tac\/1\/16\/1f4cc.png\" alt=\"\ud83d\udccc\" width=\"16\" height=\"16\" \/><\/span> \ud835\udc46\ud835\udc4e\u0302\ud835\udc5b \ud835\udc58\u210e\ud835\udc4e\u0302\u0301\ud835\udc62 \u0110\ud835\udc52\u0302\ud835\udc5a-\ud835\udc5b\u210e\ud835\udc4e\u0323\ud835\udc50-\ud835\udc61\ud835\udc5f\ud835\udc52\u0302\ud835\udc5b-\ud835\udc40\ud835\udc4e\u0302\ud835\udc66 ( 7\ud835\udc35 \ud835\udc3b\ud835\udc5c\ud835\udc4e\u0300\ud835\udc5b\ud835\udc54 \ud835\udc3b\ud835\udc5c\ud835\udc4e \ud835\udc47\u210e\ud835\udc4e\u0301\ud835\udc5a, \u0110\ud835\udc4e\u0300 \ud835\udc3f\ud835\udc4e\u0323\ud835\udc61 , \ud835\ude29\ud835\udc52\u0309\ud835\udc5a \ud835\udc3b\ud835\udc4e\u0302\u0300\ud835\udc5a \u0110\ud835\udc4e\u0301, \ud835\udc60\ud835\udc4e\ud835\udc62 \ud835\udc37\ud835\udc56\ud835\udc5b\u210e 1) \ud835\udc51\ud835\udc56\ud835\udc52\u0302\u0303\ud835\udc5b 7:30 &#8211; 9:30pm<\/div>\n<div dir=\"auto\"><span class=\"x3nfvp2 x1j61x8r x1fcty0u xdj266r xhhsvwb xat24cr xgzva0m xxymvpz xlup9mm x1kky2od\"><img loading=\"lazy\" decoding=\"async\" src=\"https:\/\/static.xx.fbcdn.net\/images\/emoji.php\/v9\/tac\/1\/16\/1f4cc.png\" alt=\"\ud83d\udccc\" width=\"16\" height=\"16\" \/><\/span> \ud835\udc46\ud835\udc4e\u0302\ud835\udc5b \ud835\udc58\u210e\ud835\udc4e\u0302\u0301\ud835\udc62 \ud835\udc3c\ud835\udc5b\ud835\udc51\ud835\udc56\ud835\udc52-\ud835\udc61\ud835\udc5f\ud835\udc52\u0302\ud835\udc5b-\ud835\udc40\ud835\udc4e\u0302\ud835\udc66 ( \ud835\udc36\ud835\udc4e\ud835\udc4f\ud835\udc56\ud835\udc5b \ud835\udc3c\ud835\udc5b \ud835\udc47\u210e\ud835\udc52 \ud835\udc4a\ud835\udc5c\ud835\udc5c\ud835\udc51\ud835\udc60, \ud835\udc47\ud835\udc5c\u0302\u0309 \ud835\udc37\ud835\udc4e\u0302\ud835\udc5b \ud835\udc43\u210e\ud835\udc5c\u0302\u0301 13, \ud835\udc3b\ud835\udc52\u0309\ud835\udc5a 63, \u0110\ud835\udc52\u0300\ud835\udc5c \ud835\udc43\ud835\udc5f\ud835\udc52\ud835\udc5b\ud835\udc5b, \ud835\udc47\ud835\udc43. \u0110\ud835\udc4e\u0300 \ud835\udc3f\ud835\udc4e\u0323\ud835\udc61) \ud835\udc51\ud835\udc56\ud835\udc52\u0302\u0303\ud835\udc5b 5:00 &#8211; 7:00\ud835\udc5d\ud835\udc5a<\/div>\n<div dir=\"auto\"><a href=\"https:\/\/maylangthangshow.com\/lich-dien-tren-may-thang-4-5.html?preview_id=909&amp;preview_nonce=10f5de4557&amp;post_format=standard&amp;_thumbnail_id=912&amp;preview=true\" rel=\"noopener\"><img loading=\"lazy\" decoding=\"async\" class=\"aligncenter wp-image-910 size-full\" src=\"https:\/\/liveshowdalat.vn\/wp-content\/uploads\/2023\/03\/SAN-KHAU-MLT-MAY-IN-THE-NEST.jpg\" alt=\"M\u00e2y Lang Thang\" width=\"1200\" height=\"900\" srcset=\"https:\/\/liveshowdalat.vn\/wp-content\/uploads\/2023\/03\/SAN-KHAU-MLT-MAY-IN-THE-NEST.jpg 1200w, https:\/\/liveshowdalat.vn\/wp-content\/uploads\/2023\/03\/SAN-KHAU-MLT-MAY-IN-THE-NEST-300x225.jpg 300w, https:\/\/liveshowdalat.vn\/wp-content\/uploads\/2023\/03\/SAN-KHAU-MLT-MAY-IN-THE-NEST-1024x768.jpg 1024w, https:\/\/liveshowdalat.vn\/wp-content\/uploads\/2023\/03\/SAN-KHAU-MLT-MAY-IN-THE-NEST-768x576.jpg 768w, https:\/\/liveshowdalat.vn\/wp-content\/uploads\/2023\/03\/SAN-KHAU-MLT-MAY-IN-THE-NEST-600x450.jpg 600w\" sizes=\"(max-width: 1200px) 100vw, 1200px\" \/><\/a><\/div>\n<\/div>\n<div dir=\"auto\">\u00a0<\/div>\n<div class=\"x11i5rnm xat24cr x1mh8g0r x1vvkbs xtlvy1s x126k92a\">\n<div dir=\"auto\"><a href=\"https:\/\/maylangthangshow.com\/lich-dien-tren-may-thang-4-5.html?preview_id=909&amp;preview_nonce=10f5de4557&amp;post_format=standard&amp;_thumbnail_id=912&amp;preview=true\" rel=\"noopener\"><img loading=\"lazy\" decoding=\"async\" class=\"aligncenter wp-image-911 size-full\" src=\"https:\/\/liveshowdalat.vn\/wp-content\/uploads\/2023\/03\/SAN-KHAU-MLT-MAY-IN-THE-NEST-1.jpg\" alt=\"M\u00e2y Lang Thang\" width=\"1200\" height=\"900\" srcset=\"https:\/\/liveshowdalat.vn\/wp-content\/uploads\/2023\/03\/SAN-KHAU-MLT-MAY-IN-THE-NEST-1.jpg 1200w, https:\/\/liveshowdalat.vn\/wp-content\/uploads\/2023\/03\/SAN-KHAU-MLT-MAY-IN-THE-NEST-1-300x225.jpg 300w, https:\/\/liveshowdalat.vn\/wp-content\/uploads\/2023\/03\/SAN-KHAU-MLT-MAY-IN-THE-NEST-1-1024x768.jpg 1024w, https:\/\/liveshowdalat.vn\/wp-content\/uploads\/2023\/03\/SAN-KHAU-MLT-MAY-IN-THE-NEST-1-768x576.jpg 768w, https:\/\/liveshowdalat.vn\/wp-content\/uploads\/2023\/03\/SAN-KHAU-MLT-MAY-IN-THE-NEST-1-600x450.jpg 600w\" sizes=\"(max-width: 1200px) 100vw, 1200px\" \/><\/a><\/div>\n<div dir=\"auto\">\u00a0<\/div>\n<\/div>\n<div class=\"x11i5rnm xat24cr x1mh8g0r x1vvkbs xtlvy1s x126k92a\">\n<div dir=\"auto\"><span class=\"x3nfvp2 x1j61x8r x1fcty0u xdj266r xhhsvwb xat24cr xgzva0m xxymvpz xlup9mm x1kky2od\"><img loading=\"lazy\" decoding=\"async\" src=\"https:\/\/static.xx.fbcdn.net\/images\/emoji.php\/v9\/t13\/1\/16\/1f308.png\" alt=\"\ud83c\udf08\" width=\"16\" height=\"16\" \/><\/span> \ud835\udc13\ud835\udc07\ud835\udc00\u0301\ud835\udc0d\ud835\udc06 \ud835\udfd2<\/div>\n<\/div>\n<div class=\"x11i5rnm xat24cr x1mh8g0r x1vvkbs xtlvy1s x126k92a\">\u00a0<\/div>\n<div class=\"x11i5rnm xat24cr x1mh8g0r x1vvkbs xtlvy1s x126k92a\">\u00a0<\/div>\n<div class=\"x11i5rnm xat24cr x1mh8g0r x1vvkbs xtlvy1s x126k92a\">\n<div dir=\"auto\">\u00a0<\/div>\n<div dir=\"auto\"><span class=\"x3nfvp2 x1j61x8r x1fcty0u xdj266r xhhsvwb xat24cr xgzva0m xxymvpz xlup9mm x1kky2od\"><img loading=\"lazy\" decoding=\"async\" src=\"https:\/\/static.xx.fbcdn.net\/images\/emoji.php\/v9\/tee\/1\/16\/2601.png\" alt=\"\u2601\ufe0f\" width=\"16\" height=\"16\" \/><\/span>07.04 MAI TI\u1ebeN D\u0168NG &#8211; VICKY NHUNG &amp; KM: PH\u1ea0M L\u1ecaCH<\/div>\n<div dir=\"auto\">\u00a0<\/div>\n<\/div>\n<div class=\"x11i5rnm xat24cr x1mh8g0r x1vvkbs xtlvy1s x126k92a\">\n<div dir=\"auto\"><span class=\"x3nfvp2 x1j61x8r x1fcty0u xdj266r xhhsvwb xat24cr xgzva0m xxymvpz xlup9mm x1kky2od\"><img loading=\"lazy\" decoding=\"async\" src=\"https:\/\/static.xx.fbcdn.net\/images\/emoji.php\/v9\/tee\/1\/16\/2601.png\" alt=\"\u2601\ufe0f\" width=\"16\" height=\"16\" \/><\/span>08.04<\/div>\n<div dir=\"auto\">H\u1ed2 V\u0102N C\u01af\u1edcNG &amp; KM: JACK LONG<\/div>\n<div dir=\"auto\">\u00a0<\/div>\n<div dir=\"auto\">NG\u1eccT &#8211; CASSETTE<\/div>\n<div dir=\"auto\">\u00a0<\/div>\n<\/div>\n<div class=\"x11i5rnm xat24cr x1mh8g0r x1vvkbs xtlvy1s x126k92a\">\n<div dir=\"auto\"><span class=\"x3nfvp2 x1j61x8r x1fcty0u xdj266r xhhsvwb xat24cr xgzva0m xxymvpz xlup9mm x1kky2od\"><img loading=\"lazy\" decoding=\"async\" src=\"https:\/\/static.xx.fbcdn.net\/images\/emoji.php\/v9\/tee\/1\/16\/2601.png\" alt=\"\u2601\ufe0f\" width=\"16\" height=\"16\" \/><\/span>14.04 M\u1ea0NH QU\u1ef2NH &amp; KM: TR\u01af\u1edcNG SANG &#8211; D\u01af\u01a0NG HU\u1ec6<\/div>\n<div dir=\"auto\">\u00a0<\/div>\n<\/div>\n<div class=\"x11i5rnm xat24cr x1mh8g0r x1vvkbs xtlvy1s x126k92a\">\n<div dir=\"auto\"><span class=\"x3nfvp2 x1j61x8r x1fcty0u xdj266r xhhsvwb xat24cr xgzva0m xxymvpz xlup9mm x1kky2od\"><img loading=\"lazy\" decoding=\"async\" src=\"https:\/\/static.xx.fbcdn.net\/images\/emoji.php\/v9\/tee\/1\/16\/2601.png\" alt=\"\u2601\ufe0f\" width=\"16\" height=\"16\" \/><\/span>15.04 NGUY\u1ec4N TR\u1ea6N TRUNG QU\u00c2N &#8211; T\u0102NG PH\u00daC<\/div>\n<div dir=\"auto\">\u00a0<\/div>\n<\/div>\n<div class=\"x11i5rnm xat24cr x1mh8g0r x1vvkbs xtlvy1s x126k92a\">\n<div dir=\"auto\"><span class=\"x3nfvp2 x1j61x8r x1fcty0u xdj266r xhhsvwb xat24cr xgzva0m xxymvpz xlup9mm x1kky2od\"><img loading=\"lazy\" decoding=\"async\" src=\"https:\/\/static.xx.fbcdn.net\/images\/emoji.php\/v9\/tee\/1\/16\/2601.png\" alt=\"\u2601\ufe0f\" width=\"16\" height=\"16\" \/><\/span>21.04 \u01afNG HO\u00c0NG PH\u00daC &amp; KM: THU THU\u1ef6<\/div>\n<div dir=\"auto\">\u00a0<\/div>\n<\/div>\n<div class=\"x11i5rnm xat24cr x1mh8g0r x1vvkbs xtlvy1s x126k92a\">\n<div dir=\"auto\"><span class=\"x3nfvp2 x1j61x8r x1fcty0u xdj266r xhhsvwb xat24cr xgzva0m xxymvpz xlup9mm x1kky2od\"><img loading=\"lazy\" decoding=\"async\" src=\"https:\/\/static.xx.fbcdn.net\/images\/emoji.php\/v9\/tee\/1\/16\/2601.png\" alt=\"\u2601\ufe0f\" width=\"16\" height=\"16\" \/><\/span>22.04 L\u1ec6 QUY\u00caN &amp; KM: M\u1ea0NH \u0110\u1ed2NG<\/div>\n<div dir=\"auto\">\u00a0<\/div>\n<\/div>\n<div class=\"x11i5rnm xat24cr x1mh8g0r x1vvkbs xtlvy1s x126k92a\">\n<div dir=\"auto\"><span class=\"x3nfvp2 x1j61x8r x1fcty0u xdj266r xhhsvwb xat24cr xgzva0m xxymvpz xlup9mm x1kky2od\"><img loading=\"lazy\" decoding=\"async\" src=\"https:\/\/static.xx.fbcdn.net\/images\/emoji.php\/v9\/tee\/1\/16\/2601.png\" alt=\"\u2601\ufe0f\" width=\"16\" height=\"16\" \/><\/span>29.04<\/div>\n<div dir=\"auto\">TR\u1ecaNH TH\u0102NG B\u00ccNH<\/div>\n<div dir=\"auto\">\u00a0<\/div>\n<div dir=\"auto\">NH\u01af QU\u1ef2NH &amp; KM : PH\u01af\u01a0NG \u00dd \u201cTh\u00e0nh ph\u1ed1 s\u01b0\u01a1ng m\u00f9\u201d<\/div>\n<div dir=\"auto\">\u00a0<\/div>\n<\/div>\n<div class=\"x11i5rnm xat24cr x1mh8g0r x1vvkbs xtlvy1s x126k92a\">\n<div dir=\"auto\"><span class=\"x3nfvp2 x1j61x8r x1fcty0u xdj266r xhhsvwb xat24cr xgzva0m xxymvpz xlup9mm x1kky2od\"><img loading=\"lazy\" decoding=\"async\" src=\"https:\/\/static.xx.fbcdn.net\/images\/emoji.php\/v9\/tee\/1\/16\/2601.png\" alt=\"\u2601\ufe0f\" width=\"16\" height=\"16\" \/><\/span>30.04<\/div>\n<div dir=\"auto\">B\u1eb0NG KI\u1ec0U<\/div>\n<div dir=\"auto\">\u00a0<\/div>\n<div dir=\"auto\">MYRA TR\u1ea6N<\/div>\n<div dir=\"auto\">\u00a0<\/div>\n<\/div>\n<div class=\"x11i5rnm xat24cr x1mh8g0r x1vvkbs xtlvy1s x126k92a\">\n<div dir=\"auto\"><span class=\"x3nfvp2 x1j61x8r x1fcty0u xdj266r xhhsvwb xat24cr xgzva0m xxymvpz xlup9mm x1kky2od\"><img loading=\"lazy\" decoding=\"async\" src=\"https:\/\/static.xx.fbcdn.net\/images\/emoji.php\/v9\/t13\/1\/16\/1f308.png\" alt=\"\ud83c\udf08\" width=\"16\" height=\"16\" \/><\/span> \ud835\udc13\ud835\udc07\ud835\udc00\u0301\ud835\udc0d\ud835\udc06 \ud835\udfd3<\/div>\n<\/div>\n<div class=\"x11i5rnm xat24cr x1mh8g0r x1vvkbs xtlvy1s x126k92a\">\n<div dir=\"auto\"><span class=\"x3nfvp2 x1j61x8r x1fcty0u xdj266r xhhsvwb xat24cr xgzva0m xxymvpz xlup9mm x1kky2od\"><img loading=\"lazy\" decoding=\"async\" src=\"https:\/\/static.xx.fbcdn.net\/images\/emoji.php\/v9\/tee\/1\/16\/2601.png\" alt=\"\u2601\ufe0f\" width=\"16\" height=\"16\" \/><\/span>01.05 TRUNG QU\u00c2N IDOL<\/div>\n<div dir=\"auto\">\u00a0<\/div>\n<\/div>\n<div class=\"x11i5rnm xat24cr x1mh8g0r x1vvkbs xtlvy1s x126k92a\">\n<div dir=\"auto\"><span class=\"x3nfvp2 x1j61x8r x1fcty0u xdj266r xhhsvwb xat24cr xgzva0m xxymvpz xlup9mm x1kky2od\"><img loading=\"lazy\" decoding=\"async\" src=\"https:\/\/static.xx.fbcdn.net\/images\/emoji.php\/v9\/tee\/1\/16\/2601.png\" alt=\"\u2601\ufe0f\" width=\"16\" height=\"16\" \/><\/span>02.05 V\u0168 C\u00c1T T\u01af\u1edcNG<\/div>\n<div dir=\"auto\">\u00a0<\/div>\n<\/div>\n<div class=\"x11i5rnm xat24cr x1mh8g0r x1vvkbs xtlvy1s x126k92a\">\n<div dir=\"auto\"><span class=\"x3nfvp2 x1j61x8r x1fcty0u xdj266r xhhsvwb xat24cr xgzva0m xxymvpz xlup9mm x1kky2od\"><img loading=\"lazy\" decoding=\"async\" src=\"https:\/\/static.xx.fbcdn.net\/images\/emoji.php\/v9\/tee\/1\/16\/2601.png\" alt=\"\u2601\ufe0f\" width=\"16\" height=\"16\" \/><\/span>05.05 PHAN M\u1ea0NH QU\u1ef2NH &amp; KM: TR\u01af\u01a0NG QU\u1ef2NH ANH<\/div>\n<div dir=\"auto\">\u00a0<\/div>\n<\/div>\n<div class=\"x11i5rnm xat24cr x1mh8g0r x1vvkbs xtlvy1s x126k92a\">\n<div dir=\"auto\"><span class=\"x3nfvp2 x1j61x8r x1fcty0u xdj266r xhhsvwb xat24cr xgzva0m xxymvpz xlup9mm x1kky2od\"><img loading=\"lazy\" decoding=\"async\" src=\"https:\/\/static.xx.fbcdn.net\/images\/emoji.php\/v9\/tee\/1\/16\/2601.png\" alt=\"\u2601\ufe0f\" width=\"16\" height=\"16\" \/><\/span>06.05 THU\u1ef2 CHI &#8211; TH\u1ea2O TRANG<\/div>\n<div dir=\"auto\">\u00a0<\/div>\n<\/div>\n<div class=\"x11i5rnm xat24cr x1mh8g0r x1vvkbs xtlvy1s x126k92a\">\n<div dir=\"auto\"><span class=\"x3nfvp2 x1j61x8r x1fcty0u xdj266r xhhsvwb xat24cr xgzva0m xxymvpz xlup9mm x1kky2od\"><img loading=\"lazy\" decoding=\"async\" src=\"https:\/\/static.xx.fbcdn.net\/images\/emoji.php\/v9\/tee\/1\/16\/2601.png\" alt=\"\u2601\ufe0f\" width=\"16\" height=\"16\" \/><\/span>20.05 UY\u00caN LINH<\/div>\n<div dir=\"auto\">\u00a0<\/div>\n<\/div>\n<div class=\"x11i5rnm xat24cr x1mh8g0r x1vvkbs xtlvy1s x126k92a\">\n<div dir=\"auto\"><span class=\"x3nfvp2 x1j61x8r x1fcty0u xdj266r xhhsvwb xat24cr xgzva0m xxymvpz xlup9mm x1kky2od\"><img loading=\"lazy\" decoding=\"async\" src=\"https:\/\/static.xx.fbcdn.net\/images\/emoji.php\/v9\/t13\/1\/16\/1f308.png\" alt=\"\ud83c\udf08\" width=\"16\" height=\"16\" \/><\/span> \ud835\udc13\ud835\udc07\ud835\udc00\u0301\ud835\udc0d\ud835\udc06 \ud835\udfd4<\/div>\n<\/div>\n<div class=\"x11i5rnm xat24cr x1mh8g0r x1vvkbs xtlvy1s x126k92a\">\n<div dir=\"auto\"><span class=\"x3nfvp2 x1j61x8r x1fcty0u xdj266r xhhsvwb xat24cr xgzva0m xxymvpz xlup9mm x1kky2od\"><img loading=\"lazy\" decoding=\"async\" src=\"https:\/\/static.xx.fbcdn.net\/images\/emoji.php\/v9\/tee\/1\/16\/2601.png\" alt=\"\u2601\ufe0f\" width=\"16\" height=\"16\" \/><\/span> 02.06 V\u0102N MAI H\u01af\u01a0NG<\/div>\n<div dir=\"auto\">\u00a0<\/div>\n<\/div>\n<div class=\"x11i5rnm xat24cr x1mh8g0r x1vvkbs xtlvy1s x126k92a\">\n<h2 dir=\"auto\" id=\"2-may-lang-thang-da-nang\"><strong><span style=\"color: #003300;\">2. M\u00c2Y LANG THANG \u0110\u00c0 N\u1eb4NG<\/span><\/strong><\/h2>\n<div dir=\"auto\"><span class=\"x3nfvp2 x1j61x8r x1fcty0u xdj266r xhhsvwb xat24cr xgzva0m xxymvpz xlup9mm x1kky2od\"><img loading=\"lazy\" decoding=\"async\" src=\"https:\/\/static.xx.fbcdn.net\/images\/emoji.php\/v9\/tac\/1\/16\/1f4cc.png\" alt=\"\ud83d\udccc\" width=\"16\" height=\"16\" \/><\/span>\ud835\udc49\ud835\udc52\ud835\udc5f\ud835\udc4e\ud835\udc5b\ud835\udc51\ud835\udc4e &#8211; \u0110\ud835\udc62\u031b\ud835\udc5c\u031b\u0300\ud835\udc5b\ud835\udc54 \ud835\udc47\ud835\udc5f\ud835\udc4e\u0302\u0300\ud835\udc5b \ud835\udc3b\ud835\udc62\u031b\ud835\udc5b\ud835\udc54 \u0110\ud835\udc4e\u0323\ud835\udc5c, \ud835\udc46\ud835\udc5c\u031b\ud835\udc5b \ud835\udc47\ud835\udc5f\ud835\udc4e\u0300, \ud835\udc47\ud835\udc43. \u0110\ud835\udc4e\u0300 \ud835\udc41\ud835\udc4e\u0306\u0303\ud835\udc5b\ud835\udc54<\/div>\n<div dir=\"auto\">\u00a0<\/div>\n<div dir=\"auto\"><a href=\"https:\/\/maylangthangshow.com\/lich-dien-tren-may-thang-4-5.html?preview_id=909&amp;preview_nonce=10f5de4557&amp;post_format=standard&amp;_thumbnail_id=912&amp;preview=true\" rel=\"noopener\"><img loading=\"lazy\" decoding=\"async\" class=\"aligncenter wp-image-934 size-full\" src=\"https:\/\/liveshowdalat.vn\/wp-content\/uploads\/2023\/03\/SAN-KHAU-MLT-VERANDA-DA-NANG.jpg\" alt=\"M\u00e2y Lang Thang\" width=\"1200\" height=\"900\" srcset=\"https:\/\/liveshowdalat.vn\/wp-content\/uploads\/2023\/03\/SAN-KHAU-MLT-VERANDA-DA-NANG.jpg 1200w, https:\/\/liveshowdalat.vn\/wp-content\/uploads\/2023\/03\/SAN-KHAU-MLT-VERANDA-DA-NANG-300x225.jpg 300w, https:\/\/liveshowdalat.vn\/wp-content\/uploads\/2023\/03\/SAN-KHAU-MLT-VERANDA-DA-NANG-1024x768.jpg 1024w, https:\/\/liveshowdalat.vn\/wp-content\/uploads\/2023\/03\/SAN-KHAU-MLT-VERANDA-DA-NANG-768x576.jpg 768w, https:\/\/liveshowdalat.vn\/wp-content\/uploads\/2023\/03\/SAN-KHAU-MLT-VERANDA-DA-NANG-600x450.jpg 600w\" sizes=\"(max-width: 1200px) 100vw, 1200px\" \/><\/a><\/div>\n<div dir=\"auto\">\u00a0<\/div>\n<div dir=\"auto\"><a href=\"https:\/\/maylangthangshow.com\/lich-dien-tren-may-thang-4-5.html?preview_id=909&amp;preview_nonce=10f5de4557&amp;post_format=standard&amp;_thumbnail_id=912&amp;preview=true\" rel=\"noopener\"><img loading=\"lazy\" decoding=\"async\" class=\"aligncenter wp-image-935 size-full\" src=\"https:\/\/liveshowdalat.vn\/wp-content\/uploads\/2023\/03\/SAN-KHAU-MLT-VERANDA-DA-NANG-1.jpg\" alt=\"M\u00e2y Lang Thang\" width=\"1200\" height=\"900\" srcset=\"https:\/\/liveshowdalat.vn\/wp-content\/uploads\/2023\/03\/SAN-KHAU-MLT-VERANDA-DA-NANG-1.jpg 1200w, https:\/\/liveshowdalat.vn\/wp-content\/uploads\/2023\/03\/SAN-KHAU-MLT-VERANDA-DA-NANG-1-300x225.jpg 300w, https:\/\/liveshowdalat.vn\/wp-content\/uploads\/2023\/03\/SAN-KHAU-MLT-VERANDA-DA-NANG-1-1024x768.jpg 1024w, https:\/\/liveshowdalat.vn\/wp-content\/uploads\/2023\/03\/SAN-KHAU-MLT-VERANDA-DA-NANG-1-768x576.jpg 768w, https:\/\/liveshowdalat.vn\/wp-content\/uploads\/2023\/03\/SAN-KHAU-MLT-VERANDA-DA-NANG-1-600x450.jpg 600w\" sizes=\"(max-width: 1200px) 100vw, 1200px\" \/><\/a><\/div>\n<div dir=\"auto\">\u00a0<\/div>\n<\/div>\n<div class=\"x11i5rnm xat24cr x1mh8g0r x1vvkbs xtlvy1s x126k92a\">\n<div dir=\"auto\"><span class=\"x3nfvp2 x1j61x8r x1fcty0u xdj266r xhhsvwb xat24cr xgzva0m xxymvpz xlup9mm x1kky2od\"><img loading=\"lazy\" decoding=\"async\" src=\"https:\/\/static.xx.fbcdn.net\/images\/emoji.php\/v9\/t13\/1\/16\/1f308.png\" alt=\"\ud83c\udf08\" width=\"16\" height=\"16\" \/><\/span> \ud835\udc13\ud835\udc07\ud835\udc00\u0301\ud835\udc0d\ud835\udc06 \ud835\udfd2<\/div>\n<\/div>\n<div class=\"x11i5rnm xat24cr x1mh8g0r x1vvkbs xtlvy1s x126k92a\">\n<div dir=\"auto\"><span class=\"x3nfvp2 x1j61x8r x1fcty0u xdj266r xhhsvwb xat24cr xgzva0m xxymvpz xlup9mm x1kky2od\"><img loading=\"lazy\" decoding=\"async\" src=\"https:\/\/static.xx.fbcdn.net\/images\/emoji.php\/v9\/tee\/1\/16\/2601.png\" alt=\"\u2601\ufe0f\" width=\"16\" height=\"16\" \/><\/span>13.04 M\u1ea0NH QU\u1ef2NH &amp; KM: TR\u01af\u1edcNG SANG &#8211; TUY\u1ebeT NHUNG &#8211; THI\u00caNG NG\u00c2N &#8211; DUY ZUNO<\/div>\n<div dir=\"auto\">\u00a0<\/div>\n<\/div>\n<div class=\"x11i5rnm xat24cr x1mh8g0r x1vvkbs xtlvy1s x126k92a\">\n<div dir=\"auto\"><span class=\"x3nfvp2 x1j61x8r x1fcty0u xdj266r xhhsvwb xat24cr xgzva0m xxymvpz xlup9mm x1kky2od\"><img loading=\"lazy\" decoding=\"async\" src=\"https:\/\/static.xx.fbcdn.net\/images\/emoji.php\/v9\/tee\/1\/16\/2601.png\" alt=\"\u2601\ufe0f\" width=\"16\" height=\"16\" \/><\/span>23.04 L\u1ec6 QUY\u00caN &amp; KM: M\u1ea0NH \u0110\u1ed2NG<\/div>\n<div dir=\"auto\">\u00a0<\/div>\n<\/div>\n<div class=\"x11i5rnm xat24cr x1mh8g0r x1vvkbs xtlvy1s x126k92a\">\n<div dir=\"auto\"><span class=\"x3nfvp2 x1j61x8r x1fcty0u xdj266r xhhsvwb xat24cr xgzva0m xxymvpz xlup9mm x1kky2od\"><img loading=\"lazy\" decoding=\"async\" src=\"https:\/\/static.xx.fbcdn.net\/images\/emoji.php\/v9\/t13\/1\/16\/1f308.png\" alt=\"\ud83c\udf08\" width=\"16\" height=\"16\" \/><\/span> \ud835\udc13\ud835\udc07\ud835\udc00\u0301\ud835\udc0d\ud835\udc06 \ud835\udfd3<\/div>\n<\/div>\n<div class=\"x11i5rnm xat24cr x1mh8g0r x1vvkbs xtlvy1s x126k92a\">\n<div dir=\"auto\"><span class=\"x3nfvp2 x1j61x8r x1fcty0u xdj266r xhhsvwb xat24cr xgzva0m xxymvpz xlup9mm x1kky2od\"><img loading=\"lazy\" decoding=\"async\" src=\"https:\/\/static.xx.fbcdn.net\/images\/emoji.php\/v9\/tee\/1\/16\/2601.png\" alt=\"\u2601\ufe0f\" width=\"16\" height=\"16\" \/><\/span> 01.05 B\u1eb0NG KI\u1ec0U<\/div>\n<div dir=\"auto\">\u00a0<\/div>\n<\/div>\n<div class=\"x11i5rnm xat24cr x1mh8g0r x1vvkbs xtlvy1s x126k92a\">\n<div dir=\"auto\"><span class=\"x3nfvp2 x1j61x8r x1fcty0u xdj266r xhhsvwb xat24cr xgzva0m xxymvpz xlup9mm x1kky2od\"><img loading=\"lazy\" decoding=\"async\" src=\"https:\/\/static.xx.fbcdn.net\/images\/emoji.php\/v9\/tee\/1\/16\/2601.png\" alt=\"\u2601\ufe0f\" width=\"16\" height=\"16\" \/><\/span>02.05 TRUNG QU\u00c2N IDOL<\/div>\n<\/div>\n<h2 dir=\"auto\" id=\"3-thong-tin-lien-he\"><strong><span style=\"color: #003300;\">3. TH\u00d4NG TIN LI\u00caN H\u1ec6<\/span><\/strong><\/h2>\n<div class=\"x11i5rnm xat24cr x1mh8g0r x1vvkbs xtlvy1s x126k92a\">\n<div dir=\"auto\">\n<div dir=\"auto\"><span class=\"x3nfvp2 x1j61x8r x1fcty0u xdj266r xhhsvwb xat24cr xgzva0m xxymvpz xlup9mm x1kky2od\"><img loading=\"lazy\" decoding=\"async\" src=\"https:\/\/static.xx.fbcdn.net\/images\/emoji.php\/v9\/t22\/1\/16\/260e.png\" alt=\"\u260e\ufe0f\" width=\"16\" height=\"16\" \/><\/span> Hotline\/ Zalo: <a href=\"https:\/\/zalo.me\/0986978394\" rel=\"noopener\">0986 978 394 <\/a><\/div>\n<div dir=\"auto\">\u00a0<\/div>\n<div dir=\"auto\"><span class=\"x3nfvp2 x1j61x8r x1fcty0u xdj266r xhhsvwb xat24cr xgzva0m xxymvpz xlup9mm x1kky2od\"><img loading=\"lazy\" decoding=\"async\" src=\"https:\/\/static.xx.fbcdn.net\/images\/emoji.php\/v9\/tac\/1\/16\/1f4cc.png\" alt=\"\ud83d\udccc\" width=\"16\" height=\"16\" \/><\/span> Fanpage: <a href=\"https:\/\/www.facebook.com\/liveshowdalat\" rel=\"noopener\">Cloud Wandered Show<\/a><\/div>\n<\/div>\n<\/div>\n<div class=\"x11i5rnm xat24cr x1mh8g0r x1vvkbs xtlvy1s x126k92a\">\u00a0<\/div>\n<div class=\"x11i5rnm xat24cr x1mh8g0r x1vvkbs xtlvy1s x126k92a\">\n<div dir=\"auto\">\u00a0<\/div>\n<\/div>","protected":false},"excerpt":{"rendered":"<p>Danh m\u1ee5c ch\u00ednh L\u1ecaCH DI\u1ec4N M\u00c2Y LANG THANG TH\u00c1NG 4 &amp; 5 1. M\u00c2Y LANG THANG \u0110\u00c0 L\u1ea0T 2. M\u00c2Y LANG THANG \u0110\u00c0 N\u1eb4NG 3. TH\u00d4NG TIN LI\u00caN H\u1ec6 L\u1ecaCH DI\u1ec4N M\u00c2Y LANG THANG TH\u00c1NG 4 &amp; 5 \ud835\udc0b\ud835\udc08\u0323\ud835\udc02\ud835\udc07 \ud835\udc03\ud835\udc08\ud835\udc04\u0302\u0303\ud835\udc0d \ud835\udc0c\ud835\udc00\u0302\ud835\udc18 \ud835\udc0b\ud835\udc00\ud835\udc0d\ud835\udc06 \ud835\udc13\ud835\udc07\ud835\udc00\ud835\udc0d\ud835\udc06 \ud835\udc13\ud835\udc07\ud835\udc00\u0301\ud835\udc0d\ud835\udc06 \ud835\udfd2 &amp; \ud835\udfd3 Nh\u1eefng \u0111\u00eam di\u1ec5n th\u0103ng hoa, nh\u1eefng b\u1ea3n nh\u1ea1c [&hellip;]<\/p>","protected":false},"featured_media":915,"comment_status":"open","ping_status":"closed","template":"","meta":[],"product_cat":[2420,31],"product_tag":[],"_links":{"self":[{"href":"https:\/\/liveshowdalat.vn\/en\/wp-json\/wp\/v2\/product\/909"}],"collection":[{"href":"https:\/\/liveshowdalat.vn\/en\/wp-json\/wp\/v2\/product"}],"about":[{"href":"https:\/\/liveshowdalat.vn\/en\/wp-json\/wp\/v2\/types\/product"}],"replies":[{"embeddable":true,"href":"https:\/\/liveshowdalat.vn\/en\/wp-json\/wp\/v2\/comments?post=909"}],"wp:featuredmedia":[{"embeddable":true,"href":"https:\/\/liveshowdalat.vn\/en\/wp-json\/wp\/v2\/media\/915"}],"wp:attachment":[{"href":"https:\/\/liveshowdalat.vn\/en\/wp-json\/wp\/v2\/media?parent=909"}],"wp:term":[{"taxonomy":"product_cat","embeddable":true,"href":"https:\/\/liveshowdalat.vn\/en\/wp-json\/wp\/v2\/product_cat?post=909"},{"taxonomy":"product_tag","embeddable":true,"href":"https:\/\/liveshowdalat.vn\/en\/wp-json\/wp\/v2\/product_tag?post=909"}],"curies":[{"name":"wp","href":"https:\/\/api.w.org\/{rel}","templated":true}]}}