{"id":897,"date":"2023-02-08T09:58:40","date_gmt":"2023-02-08T02:58:40","guid":{"rendered":"https:\/\/maylangthangshow.com\/?p=897"},"modified":"2024-07-15T16:13:38","modified_gmt":"2024-07-15T09:13:38","slug":"myra-tran-da-nang-24-03","status":"publish","type":"product","link":"https:\/\/liveshowdalat.vn\/en\/myra-tran-da-nang-24-03.html","title":{"rendered":"MYRA TR\u1ea6N &#8211; \u0110\u00c0 N\u1eb4NG 24.03"},"content":{"rendered":"<nav class=\"vietrick-auto-toc\">\n<div class=\"box-title\">\n<h3 class=\"toc-title\" id=\"select-menu\">Danh m\u1ee5c ch\u00ednh<\/h3>\n<div><ion-icon name=\"chevron-up-outline\"><\/ion-icon><\/div>\n<\/div>\n<ul class=\"toc-list\">\n<li><a href='https:\/\/liveshowdalat.vn\/en#myra-tran-da-nang-23-04' class='heading-h2 toc-link smooth-scroll'>MYRA TR\u1ea6N &#8211; \u0110\u00c0 N\u1eb4NG 23.04<\/a>\n<ul>\n<li><a href='https:\/\/liveshowdalat.vn\/en#veranda-tp-da-nang' class='heading-h3 toc-link smooth-scroll'>VERANDA, TP \u0110\u00c0 N\u1eb4NG<\/a><\/ul>\n<li><a href='https:\/\/liveshowdalat.vn\/en#1-thong-tin-dat-ve-may-lang-thang' class='heading-h2 toc-link smooth-scroll'>1. TH\u00d4NG TIN \u0110\u1eb6T V\u00c9 M\u00c2Y LANG THANG<\/a>\n<li><a href='https:\/\/liveshowdalat.vn\/en#2-mo-ta-san-khau-may-lang-thang' class='heading-h2 toc-link smooth-scroll'>2. M\u00d4 T\u1ea2 S\u00c2N KH\u1ea4U M\u00c2Y LANG THANG<\/a>\n<li><a href='https:\/\/liveshowdalat.vn\/en#3-cac-chinh-sach-cua-may-lang-thang' class='heading-h2 toc-link smooth-scroll'>3. C\u00c1C CH\u00cdNH S\u00c1CH C\u1ee6A M\u00c2Y LANG THANG<\/a>\n<li><a href='https:\/\/liveshowdalat.vn\/en#4-hotline-dat-ve' class='heading-h2 toc-link smooth-scroll'>4. HOTLINE \u0110\u1eb6T V\u00c9<\/a><\/ul>\n<\/ul>\n<\/li>\n<\/ul>\n<\/nav>\n<h2 style=\"text-align: center;\" id=\"myra-tran-da-nang-23-04\"><span style=\"color: #003300;\"><strong>MYRA TR\u1ea6N &#8211; \u0110\u00c0 N\u1eb4NG 23.04<\/strong><\/span><\/h2>\n<h3 style=\"text-align: center;\" id=\"veranda-tp-da-nang\"><span style=\"color: #003300;\"><strong>VERANDA, TP \u0110\u00c0 N\u1eb4NG<\/strong><\/span><\/h3>\n<p style=\"text-align: center;\">MYRA TR\u1ea6N &amp; KM: L\u00c2M B\u1ea2O NG\u1eccC &#8211; NGUY\u1ec4N KI\u1ec0U OANH<\/p>\n<p style=\"text-align: center;\">24.03.2023<\/p>\n<p style=\"text-align: center;\">T\u1eeb 19g30 \u0111\u1ebfn 22g00<\/p>\n<p><a href=\"https:\/\/maylangthangshow.com\/?p=897&amp;preview=true\" rel=\"noopener\"><img loading=\"lazy\" decoding=\"async\" class=\"aligncenter wp-image-841 size-medium\" src=\"https:\/\/liveshowdalat.vn\/wp-content\/uploads\/2023\/02\/MAY-LANG-THANG-24.03-VERANDA-DA-NANG-240x300.jpg\" alt=\"MYRA TR\u1ea6N - \u0110\u00c0 N\u1eb4NG 24.03 \" width=\"240\" height=\"300\" srcset=\"https:\/\/liveshowdalat.vn\/wp-content\/uploads\/2023\/02\/MAY-LANG-THANG-24.03-VERANDA-DA-NANG-240x300.jpg 240w, https:\/\/liveshowdalat.vn\/wp-content\/uploads\/2023\/02\/MAY-LANG-THANG-24.03-VERANDA-DA-NANG-819x1024.jpg 819w, https:\/\/liveshowdalat.vn\/wp-content\/uploads\/2023\/02\/MAY-LANG-THANG-24.03-VERANDA-DA-NANG-768x960.jpg 768w, https:\/\/liveshowdalat.vn\/wp-content\/uploads\/2023\/02\/MAY-LANG-THANG-24.03-VERANDA-DA-NANG-1229x1536.jpg 1229w, https:\/\/liveshowdalat.vn\/wp-content\/uploads\/2023\/02\/MAY-LANG-THANG-24.03-VERANDA-DA-NANG-600x750.jpg 600w, https:\/\/liveshowdalat.vn\/wp-content\/uploads\/2023\/02\/MAY-LANG-THANG-24.03-VERANDA-DA-NANG.jpg 1638w\" sizes=\"(max-width: 240px) 100vw, 240px\" \/><\/a><\/p>\n<p>&nbsp;<\/p>\n<h2 id=\"1-thong-tin-dat-ve-may-lang-thang\"><span style=\"color: #003300;\">1. TH\u00d4NG TIN \u0110\u1eb6T V\u00c9 M\u00c2Y LANG THANG<\/span><\/h2>\n<p>ON CLOUD 9 ( PREMIUM): 1.200.000 VN\u0110<\/p>\n<ul>\n<li>V\u00e9 bao g\u1ed3m r\u01b0\u1ee3u vang, bia ho\u1eb7c n\u01b0\u1edbc &amp; set \u0103n bao g\u1ed3m th\u1ecbt ngu\u1ed9i, m\u1ef1c \u1ed1ng, phomai s\u1ee3i, x\u00fac x\u00edch v\u00e0 b\u00e1nh m\u00ec<\/li>\n<\/ul>\n<p>B\u1ec0NH B\u1ed2NG (VIP): 850.000 VN\u0110<\/p>\n<ul>\n<li>V\u00e9 bao g\u1ed3m 1 ph\u1ea7n bia ho\u1eb7c n\u01b0\u1edbc bia ho\u1eb7c n\u01b0\u1edbc<\/li>\n<\/ul>\n<p>TH\u1ea2NH TH\u01a0I ( STANDARD 1): 650.000 VN\u0110<\/p>\n<ul>\n<li>V\u00e9 bao g\u1ed3m 1 ph\u1ea7n n\u01b0\u1edbc<\/li>\n<\/ul>\n<p>NH\u1edeN NH\u01a0 ( STANDARD 2): 450.000 VN\u0110<\/p>\n<h2 id=\"2-mo-ta-san-khau-may-lang-thang\"><span style=\"color: #003300;\">2. M\u00d4 T\u1ea2 S\u00c2N KH\u1ea4U M\u00c2Y LANG THANG<\/span><\/h2>\n<p>\u2013 \u0110\u1ecba ch\u1ec9: Veranda , \u0110\u01b0\u1eddng Tr\u1ea7n H\u01b0ng \u0110\u1ea1o, S\u01a1n Tr\u00e0, \u0110\u00e0 N\u1eb5ng<\/p>\n<p>\u2013 \u0110\u1ecba \u0111i\u1ec3m t\u1ed5 ch\u1ee9c thu\u1ed9c VERANDA, S\u01a1n Tr\u00e0, Tp \u0110\u00e0 N\u1eb5ng, qu\u00fd kh\u00e1ch l\u01b0u \u00fd \u0111\u1ecba \u0111i\u1ec3m t\u1ed5 ch\u1ee9c d\u1ec3 s\u1eafp x\u1ebfp th\u1eddi gian v\u00e0 ph\u01b0\u01a1ng ti\u1ec7n di chuy\u1ec3n ph\u00f9 h\u1ee3p.<\/p>\n<p>\u2013 H\u00ecnh \u1ea3nh s\u00e2n kh\u1ea5u:<\/p>\n<p>&nbsp;<\/p>\n<p><a href=\"https:\/\/maylangthangshow.com\/?p=897&amp;preview=true\" rel=\"noopener\"><img loading=\"lazy\" decoding=\"async\" class=\"aligncenter wp-image-887 size-full\" src=\"https:\/\/liveshowdalat.vn\/wp-content\/uploads\/2023\/02\/SAN-KHAU-MLT-VERANDA-DA-NANG-1.jpg\" alt=\"MYRA TR\u1ea6N - \u0110\u00c0 N\u1eb4NG 24.03\" width=\"1200\" height=\"900\" srcset=\"https:\/\/liveshowdalat.vn\/wp-content\/uploads\/2023\/02\/SAN-KHAU-MLT-VERANDA-DA-NANG-1.jpg 1200w, https:\/\/liveshowdalat.vn\/wp-content\/uploads\/2023\/02\/SAN-KHAU-MLT-VERANDA-DA-NANG-1-300x225.jpg 300w, https:\/\/liveshowdalat.vn\/wp-content\/uploads\/2023\/02\/SAN-KHAU-MLT-VERANDA-DA-NANG-1-1024x768.jpg 1024w, https:\/\/liveshowdalat.vn\/wp-content\/uploads\/2023\/02\/SAN-KHAU-MLT-VERANDA-DA-NANG-1-768x576.jpg 768w, https:\/\/liveshowdalat.vn\/wp-content\/uploads\/2023\/02\/SAN-KHAU-MLT-VERANDA-DA-NANG-1-600x450.jpg 600w\" sizes=\"(max-width: 1200px) 100vw, 1200px\" \/><\/a><\/p>\n<p><a href=\"https:\/\/maylangthangshow.com\/?p=897&amp;preview=true\" rel=\"noopener\"><img loading=\"lazy\" decoding=\"async\" class=\"aligncenter wp-image-886 size-full\" src=\"https:\/\/liveshowdalat.vn\/wp-content\/uploads\/2023\/02\/SAN-KHAU-MLT-VERANDA-DA-NANG.jpg\" alt=\"MYRA TR\u1ea6N - \u0110\u00c0 N\u1eb4NG 24.03\" width=\"1200\" height=\"900\" srcset=\"https:\/\/liveshowdalat.vn\/wp-content\/uploads\/2023\/02\/SAN-KHAU-MLT-VERANDA-DA-NANG.jpg 1200w, https:\/\/liveshowdalat.vn\/wp-content\/uploads\/2023\/02\/SAN-KHAU-MLT-VERANDA-DA-NANG-300x225.jpg 300w, https:\/\/liveshowdalat.vn\/wp-content\/uploads\/2023\/02\/SAN-KHAU-MLT-VERANDA-DA-NANG-1024x768.jpg 1024w, https:\/\/liveshowdalat.vn\/wp-content\/uploads\/2023\/02\/SAN-KHAU-MLT-VERANDA-DA-NANG-768x576.jpg 768w, https:\/\/liveshowdalat.vn\/wp-content\/uploads\/2023\/02\/SAN-KHAU-MLT-VERANDA-DA-NANG-600x450.jpg 600w\" sizes=\"(max-width: 1200px) 100vw, 1200px\" \/><\/a><\/p>\n<p>&nbsp;<\/p>\n<p>\u2013 S\u01a1 \u0111\u1ed3 ch\u1ed7 ng\u1ed3i<\/p>\n<p><a href=\"https:\/\/maylangthangshow.com\/?p=897&amp;preview=true\" rel=\"noopener\"><img loading=\"lazy\" decoding=\"async\" class=\"aligncenter wp-image-888 size-full\" src=\"https:\/\/liveshowdalat.vn\/wp-content\/uploads\/2023\/02\/SO-DO-SK-MLT-VERANDA-DA-NANG.jpg\" alt=\"MYRA TR\u1ea6N - \u0110\u00c0 N\u1eb4NG 24.03\" width=\"600\" height=\"424\" srcset=\"https:\/\/liveshowdalat.vn\/wp-content\/uploads\/2023\/02\/SO-DO-SK-MLT-VERANDA-DA-NANG.jpg 600w, https:\/\/liveshowdalat.vn\/wp-content\/uploads\/2023\/02\/SO-DO-SK-MLT-VERANDA-DA-NANG-300x212.jpg 300w\" sizes=\"(max-width: 600px) 100vw, 600px\" \/><\/a><\/p>\n<h2 id=\"3-cac-chinh-sach-cua-may-lang-thang\"><span style=\"color: #003300;\">3. C\u00c1C CH\u00cdNH S\u00c1CH C\u1ee6A M\u00c2Y LANG THANG<\/span><\/h2>\n<p><strong>Ch\u00ednh s\u00e1ch tr\u1ebb em b\u00ean M\u00e2y Lang Thang:<\/strong><br \/>\n&#8211; Mi\u1ec5n ph\u00ed cho b\u00e9 d\u01b0\u1edbi 3 tu\u1ed5i ( ng\u1ed3i chung gh\u1ebf v\u1edbi b\u1ed1 m\u1eb9 su\u1ed1t bu\u1ed5i di\u1ec5n )<br \/>\n&#8211; C\u00f2n n\u1ebfu b\u00e9 tr\u00ean 3 tu\u1ed5i, d\u01b0\u1edbi 1m2 th\u00ec b\u00ean em gi\u1ea3m 15% \u0111\u1ed1i v\u1edbi gh\u1ebf c\u1ee7a b\u00e9.<br \/>\n&#8211; Tr\u00ean 1m2 v\u1eabn t\u00ednh v\u00e9 nh\u01b0 ng\u01b0\u1eddi l\u1edbn \u1ea1.<\/p>\n<p><strong>B\u1ea1n l\u01b0u \u00fd th\u00f4ng tin b\u1ea3o l\u01b0u sau gi\u00fap M\u00e2y Lang Thang:<\/strong><br \/>\n&#8211; Th\u1eddi h\u1ea1n b\u1ea3o l\u01b0u l\u00e0 trong v\u00f2ng m\u1ed9t n\u0103m t\u00ednh theo ng\u00e0y x\u00e1c nh\u1eadn b\u1ea3o l\u01b0u.<br \/>\n&#8211; B\u1ea3o l\u01b0u ch\u1ec9 c\u00f3 hi\u1ec7u l\u1ef1c c\u00f9ng khu v\u1ef1c \u0111\u00e3 \u0111\u1eb7t<br \/>\n&#8211; M\u00e2y Lang Thang ch\u1ec9 h\u1ed7 tr\u1ee3 b\u1ea3o l\u01b0u c\u00f9ng h\u1ea1ng gi\u00e1, v\u1edbi gi\u00e1 v\u00e9 cao h\u01a1n (vui l\u00f2ng b\u00f9 ph\u1ea7n ch\u00eanh l\u1ec7ch gi\u00fap M\u00e2y). Trong tr\u01b0\u1eddng h\u1ee3p h\u1ea1ng v\u00e9 th\u1ea5p s\u1ed1 ti\u1ec1n \u0111\u00e3 b\u1ea3o l\u01b0u, M\u00e2y kh\u00f4ng h\u1ed7 tr\u1ee3 ho\u00e0n ti\u1ec1n \u1ea1.<\/p>\n<h2 id=\"4-hotline-dat-ve\"><span style=\"color: #003300;\">4. HOTLINE \u0110\u1eb6T V\u00c9<\/span><\/h2>\n<p>\ud83d\udcde Hotline t\u01b0 v\u1ea5n: 0986 978 394<\/p>\n<p>Fanpage booking: <a href=\"https:\/\/www.facebook.com\/liveshowdalat\/\" target=\"_blank\" rel=\"noopener\">M\u00e2y Lang Thang<\/a><\/p>\n<p>Xem th\u00eam b\u00e0i vi\u1ebft kh\u00e1c t\u1ea1i: <a href=\"https:\/\/maylangthangshow.com\/\" rel=\"noopener\">Cloud Wandered Show\u00a0<\/a><\/p>","protected":false},"excerpt":{"rendered":"<p>Danh m\u1ee5c ch\u00ednh MYRA TR\u1ea6N &#8211; \u0110\u00c0 N\u1eb4NG 23.04 VERANDA, TP \u0110\u00c0 N\u1eb4NG 1. TH\u00d4NG TIN \u0110\u1eb6T V\u00c9 M\u00c2Y LANG THANG 2. M\u00d4 T\u1ea2 S\u00c2N KH\u1ea4U M\u00c2Y LANG THANG 3. C\u00c1C CH\u00cdNH S\u00c1CH C\u1ee6A M\u00c2Y LANG THANG 4. HOTLINE \u0110\u1eb6T V\u00c9 MYRA TR\u1ea6N &#8211; \u0110\u00c0 N\u1eb4NG 23.04 VERANDA, TP \u0110\u00c0 N\u1eb4NG MYRA TR\u1ea6N &amp; KM: [&hellip;]<\/p>","protected":false},"featured_media":841,"comment_status":"open","ping_status":"closed","template":"","meta":[],"product_cat":[31,2565,2410,49],"product_tag":[],"_links":{"self":[{"href":"https:\/\/liveshowdalat.vn\/en\/wp-json\/wp\/v2\/product\/897"}],"collection":[{"href":"https:\/\/liveshowdalat.vn\/en\/wp-json\/wp\/v2\/product"}],"about":[{"href":"https:\/\/liveshowdalat.vn\/en\/wp-json\/wp\/v2\/types\/product"}],"replies":[{"embeddable":true,"href":"https:\/\/liveshowdalat.vn\/en\/wp-json\/wp\/v2\/comments?post=897"}],"wp:featuredmedia":[{"embeddable":true,"href":"https:\/\/liveshowdalat.vn\/en\/wp-json\/wp\/v2\/media\/841"}],"wp:attachment":[{"href":"https:\/\/liveshowdalat.vn\/en\/wp-json\/wp\/v2\/media?parent=897"}],"wp:term":[{"taxonomy":"product_cat","embeddable":true,"href":"https:\/\/liveshowdalat.vn\/en\/wp-json\/wp\/v2\/product_cat?post=897"},{"taxonomy":"product_tag","embeddable":true,"href":"https:\/\/liveshowdalat.vn\/en\/wp-json\/wp\/v2\/product_tag?post=897"}],"curies":[{"name":"wp","href":"https:\/\/api.w.org\/{rel}","templated":true}]}}