{"id":725,"date":"2023-07-01T14:51:43","date_gmt":"2023-07-01T07:51:43","guid":{"rendered":"https:\/\/lululolashow.com\/?p=725"},"modified":"2024-11-09T11:25:41","modified_gmt":"2024-11-09T04:25:41","slug":"lich-dien-thang-07-2023-tai-lululola-da-lat","status":"publish","type":"product","link":"https:\/\/liveshowdalat.vn\/en\/lich-dien-thang-07-2023-tai-lululola-da-lat.html","title":{"rendered":"L\u1ecbch Di\u1ec5n Th\u00e1ng 07 &#8211; 2023 T\u1ea1i Lululola \u0110\u00e0 L\u1ea1t"},"content":{"rendered":"<nav class=\"vietrick-auto-toc\">\n<div class=\"box-title\">\n<h3 class=\"toc-title\" id=\"select-menu\">Danh m\u1ee5c ch\u00ednh<\/h3>\n<div><ion-icon name=\"chevron-up-outline\"><\/ion-icon><\/div>\n<\/div>\n<ul class=\"toc-list\">\n<li><a href='https:\/\/liveshowdalat.vn\/en#lich-dien-thang-07-2023-tai-lululola-da-lat' class='heading-h2 toc-link smooth-scroll'>L\u1ecbch Di\u1ec5n Th\u00e1ng 07 &#8211; 2023 T\u1ea1i Lululola \u0110\u00e0 L\u1ea1t<\/a>\n<li><a href='https:\/\/liveshowdalat.vn\/en#lien-he-book-ve' class='heading-h2 toc-link smooth-scroll'>Li\u00ean H\u1ec7 Book V\u00e9\u00a0<\/a><\/ul>\n<\/ul>\n<\/li>\n<\/ul>\n<\/nav>\n<h2 style=\"text-align: center;\" id=\"lich-dien-thang-07-2023-tai-lululola-da-lat\"><span style=\"color: #003300;\">L\u1ecbch Di\u1ec5n Th\u00e1ng 07 &#8211; 2023 T\u1ea1i Lululola \u0110\u00e0 L\u1ea1t<\/span><\/h2>\n<div class=\"x11i5rnm xat24cr x1mh8g0r x1vvkbs xdj266r x126k92a\">\n<div dir=\"auto\"><span class=\"x3nfvp2 x1j61x8r x1fcty0u xdj266r xhhsvwb xat24cr xgzva0m xxymvpz xlup9mm x1kky2od\"><img loading=\"lazy\" decoding=\"async\" src=\"https:\/\/static.xx.fbcdn.net\/images\/emoji.php\/v9\/t82\/1.5\/16\/1f397.png\" alt=\"\ud83c\udf97\" width=\"16\" height=\"16\" \/><\/span><span class=\"x3nfvp2 x1j61x8r x1fcty0u xdj266r xhhsvwb xat24cr xgzva0m xxymvpz xlup9mm x1kky2od\"><img loading=\"lazy\" decoding=\"async\" src=\"https:\/\/static.xx.fbcdn.net\/images\/emoji.php\/v9\/t82\/1.5\/16\/1f397.png\" alt=\"\ud83c\udf97\" width=\"16\" height=\"16\" \/><\/span>\u00a0Lululola Show \u0110\u00e0 L\u1ea1t \u2013 H\u01a1n c\u1ea3 \u00e2m nh\u1ea1c, kh\u00f4ng gian c\u1ef1c chill s\u1ebd gi\u00fap b\u1ea1n th\u0103ng hoa khi th\u01b0\u1edfng th\u1ee9c \u0111\u00eam nh\u1ea1c t\u1ea1i Lululola<\/div>\n<\/div>\n<div class=\"x11i5rnm xat24cr x1mh8g0r x1vvkbs xtlvy1s x126k92a\">\n<div dir=\"auto\"><span class=\"x3nfvp2 x1j61x8r x1fcty0u xdj266r xhhsvwb xat24cr xgzva0m xxymvpz xlup9mm x1kky2od\"><img loading=\"lazy\" decoding=\"async\" src=\"https:\/\/static.xx.fbcdn.net\/images\/emoji.php\/v9\/t7b\/1.5\/16\/2728.png\" alt=\"\u2728\" width=\"16\" height=\"16\" \/><\/span><span class=\"x3nfvp2 x1j61x8r x1fcty0u xdj266r xhhsvwb xat24cr xgzva0m xxymvpz xlup9mm x1kky2od\"><img loading=\"lazy\" decoding=\"async\" src=\"https:\/\/static.xx.fbcdn.net\/images\/emoji.php\/v9\/t7b\/1.5\/16\/2728.png\" alt=\"\u2728\" width=\"16\" height=\"16\" \/><\/span>\u00a0Ngo\u00e0i nh\u1eefng show nh\u1ea1c h\u00e0ng \u0111\u00eam, Lululola c\u00f2n l\u00e0 \u0111\u1ecba \u0111i\u1ec3m check-in v\u1edbi nh\u1eefng g\u00f3c \u201cs\u1ed1ng \u1ea3o\u201d si\u00eau hot t\u1ea1i \u0110\u00e0 L\u1ea1t, ph\u1ee5c v\u1ee5 \u0111\u1ed3 \u0103n u\u1ed1ng, L\u1ea9u v\u00e0 N\u01b0\u1edbng ngo\u00e0i tr\u1eddi hay nh\u1eefng bu\u1ed5i ti\u1ec7c \u1ea5m c\u00fang mang \u0111\u1eadm ch\u1ea5t \u0110\u00e0 L\u1ea1t v\u1edbi view nh\u00ecn ra thung l\u0169ng th\u00e0nh ph\u1ed1 v\u1ec1 \u0111\u00eam si\u00eau l\u00e3ng m\u1ea1n.<\/div>\n<p dir=\"auto\"><strong>\u0110\u1ecba ch\u1ec9: \u0110\u1ea7u \u0111\u00e8o Prenn, \u0110\u01b0\u1eddng 3\/4, Ph\u01b0\u1eddng 3, Th\u00e0nh ph\u1ed1 \u0110\u00e0 L\u1ea1t, L\u00e2m \u0110\u1ed3ng, Vi\u1ec7t Nam<\/strong><\/p>\n<p dir=\"auto\"><img loading=\"lazy\" decoding=\"async\" class=\"alignnone size-full wp-image-726\" src=\"https:\/\/lululolashow.com\/wp-content\/uploads\/2023\/07\/z4479112861349_4216226c4bd2ac8602105556ace3389c.jpg\" alt=\"\" width=\"1361\" height=\"2048\"><\/p>\n<div class=\"x11i5rnm xat24cr x1mh8g0r x1vvkbs xtlvy1s x126k92a\">\n<div dir=\"auto\"><span class=\"x3nfvp2 x1j61x8r x1fcty0u xdj266r xhhsvwb xat24cr xgzva0m xxymvpz xlup9mm x1kky2od\"><img loading=\"lazy\" decoding=\"async\" src=\"https:\/\/static.xx.fbcdn.net\/images\/emoji.php\/v9\/tb5\/1.5\/16\/1f5d3.png\" alt=\"\ud83d\uddd3\" width=\"16\" height=\"16\" \/><\/span> L\u1ecaCH SHOW CA S\u0128<\/div>\n<\/div>\n<div class=\"x11i5rnm xat24cr x1mh8g0r x1vvkbs xtlvy1s x126k92a\">\u00a0<\/div>\n<div class=\"x11i5rnm xat24cr x1mh8g0r x1vvkbs xtlvy1s x126k92a\">\n<div dir=\"auto\">\u00a0<\/div>\n<\/div>\n<div class=\"x11i5rnm xat24cr x1mh8g0r x1vvkbs xtlvy1s x126k92a\">\n<div dir=\"auto\"><span class=\"x3nfvp2 x1j61x8r x1fcty0u xdj266r xhhsvwb xat24cr xgzva0m xxymvpz xlup9mm x1kky2od\"><img loading=\"lazy\" decoding=\"async\" src=\"https:\/\/static.xx.fbcdn.net\/images\/emoji.php\/v9\/t86\/1.5\/16\/1f4cd.png\" alt=\"\ud83d\udccd\" width=\"16\" height=\"16\" \/><\/span>01\/07\/2023 I Lam Tr\u01b0\u1eddng \u2022 Ti\u00eau Ch\u00e2u Nh\u01b0 Qu\u1ef3nh FT. Ho\u00e0ng Nh\u00e3 Band &#8211; LululoLa Show | V\u00cc SAO S\u00c1NG<\/div>\n<div dir=\"auto\">Link booking:\u00a0<a href=\"https:\/\/lululolashow.com\/01-07-lam-truong-tieu-chau-nhu-quynh-ft-hoang-nha-band-vi-sao-sang.html\" rel=\"noopener\">https:\/\/lululolashow.com\/01-07-lam-truong-tieu-chau-nhu-quynh-ft-hoang-nha-band-vi-sao-sang.html<\/a><\/div>\n<\/div>\n<div class=\"x11i5rnm xat24cr x1mh8g0r x1vvkbs xtlvy1s x126k92a\">\n<div dir=\"auto\"><span class=\"x3nfvp2 x1j61x8r x1fcty0u xdj266r xhhsvwb xat24cr xgzva0m xxymvpz xlup9mm x1kky2od\"><img loading=\"lazy\" decoding=\"async\" src=\"https:\/\/static.xx.fbcdn.net\/images\/emoji.php\/v9\/t86\/1.5\/16\/1f4cd.png\" alt=\"\ud83d\udccd\" width=\"16\" height=\"16\" \/><\/span>02\/07\/2023 I Phan M\u1ea1nh Qu\u1ef3nh \u2022 Orange &#8211; LululoLa Show | CHUY\u1ebeN XE \u0110\u00c0 L\u1ea0T<\/div>\n<div dir=\"auto\">Link booking:\u00a0<a href=\"https:\/\/lululolashow.com\/02-07-phan-manh-quynh-orange-chuyen-xe-da-lat.html\" rel=\"noopener\">https:\/\/lululolashow.com\/02-07-phan-manh-quynh-orange-chuyen-xe-da-lat.html<\/a><\/div>\n<\/div>\n<div class=\"x11i5rnm xat24cr x1mh8g0r x1vvkbs xtlvy1s x126k92a\">\n<div dir=\"auto\"><span class=\"x3nfvp2 x1j61x8r x1fcty0u xdj266r xhhsvwb xat24cr xgzva0m xxymvpz xlup9mm x1kky2od\"><img loading=\"lazy\" decoding=\"async\" src=\"https:\/\/static.xx.fbcdn.net\/images\/emoji.php\/v9\/t86\/1.5\/16\/1f4cd.png\" alt=\"\ud83d\udccd\" width=\"16\" height=\"16\" \/><\/span>08\/07\/2023 I L\u00ea Hi\u1ebfu \u2022 Ph\u01b0\u01a1ng Linh &#8211; LululoLa Show | NG\u00c0Y MAI C\u01a0N GI\u00d3 L\u1ea0 S\u1ebc KH\u00c1C<\/div>\n<div dir=\"auto\">Link booking:\u00a0<a href=\"https:\/\/lululolashow.com\/08-07-le-hieu-phuong-linh-ngay-mai-con-gio-la-se-khac.html\" rel=\"noopener\">https:\/\/lululolashow.com\/08-07-le-hieu-phuong-linh-ngay-mai-con-gio-la-se-khac.html<\/a><\/div>\n<\/div>\n<div class=\"x11i5rnm xat24cr x1mh8g0r x1vvkbs xtlvy1s x126k92a\">\n<div dir=\"auto\"><span class=\"x3nfvp2 x1j61x8r x1fcty0u xdj266r xhhsvwb xat24cr xgzva0m xxymvpz xlup9mm x1kky2od\"><img loading=\"lazy\" decoding=\"async\" src=\"https:\/\/static.xx.fbcdn.net\/images\/emoji.php\/v9\/t86\/1.5\/16\/1f4cd.png\" alt=\"\ud83d\udccd\" width=\"16\" height=\"16\" \/><\/span>15\/07\/2023 I T\u0103ng Ph\u00fac &amp; Kh\u00e1ch m\u1eddi &#8211; LululoLa Show | H\u00c3Y N\u00d3I TA C\u00d2N Y\u00caU<\/div>\n<div dir=\"auto\">Link booking:\u00a0<a href=\"https:\/\/lululolashow.com\/15-07-tang-phuc-khach-moi-hay-noi-ta-con-yeu.html\" rel=\"noopener\">https:\/\/lululolashow.com\/15-07-tang-phuc-khach-moi-hay-noi-ta-con-yeu.html<\/a><\/div>\n<\/div>\n<div class=\"x11i5rnm xat24cr x1mh8g0r x1vvkbs xtlvy1s x126k92a\">\n<div dir=\"auto\"><span class=\"x3nfvp2 x1j61x8r x1fcty0u xdj266r xhhsvwb xat24cr xgzva0m xxymvpz xlup9mm x1kky2od\"><img loading=\"lazy\" decoding=\"async\" src=\"https:\/\/static.xx.fbcdn.net\/images\/emoji.php\/v9\/t86\/1.5\/16\/1f4cd.png\" alt=\"\ud83d\udccd\" width=\"16\" height=\"16\" \/><\/span>16\/07\/2023 I V\u0103n Mai H\u01b0\u01a1ng \u2022 Grey D &#8211; LululoLa Show | FAIRY VIBES Chapter: M\u01afA TH\u00c1NG S\u00c1U<\/div>\n<div dir=\"auto\">Link booking:\u00a0<a href=\"https:\/\/lululolashow.com\/16-07-van-mai-huong-grey-d-fairy-vibes-chapter-mua-thang-sau.html\" rel=\"noopener\">https:\/\/lululolashow.com\/16-07-van-mai-huong-grey-d-fairy-vibes-chapter-mua-thang-sau.html<\/a><\/div>\n<\/div>\n<div class=\"x11i5rnm xat24cr x1mh8g0r x1vvkbs xtlvy1s x126k92a\">\n<div dir=\"auto\"><span class=\"x3nfvp2 x1j61x8r x1fcty0u xdj266r xhhsvwb xat24cr xgzva0m xxymvpz xlup9mm x1kky2od\"><img loading=\"lazy\" decoding=\"async\" src=\"https:\/\/static.xx.fbcdn.net\/images\/emoji.php\/v9\/t86\/1.5\/16\/1f4cd.png\" alt=\"\ud83d\udccd\" width=\"16\" height=\"16\" \/><\/span>22\/07\/2023 I C\u1ea8M LY \u2022 LAM TR\u01af\u1edcNG \u2022 \u0110AN TR\u01af\u1edcNG T\u00ccNH KH\u00daC NGUY\u1ec4N NH\u1ea4T HUY &#8211; LululoLa Show | NG\u01af\u1edcI V\u1ec0 CU\u1ed0I PH\u1ed0<\/div>\n<div dir=\"auto\">Link booking:\u00a0<a href=\"https:\/\/lululolashow.com\/22-07-tinh-khuc-nguyen-nhat-huy-cam-ly-lam-truong-dan-truong-fairy-vibes-chapter-nguoi-ve-cuoi-pho.html\" rel=\"noopener\">https:\/\/lululolashow.com\/22-07-tinh-khuc-nguyen-nhat-huy-cam-ly-lam-truong-dan-truong-fairy-vibes-chapter-nguoi-ve-cuoi-pho.html<\/a><\/div>\n<\/div>\n<div class=\"x11i5rnm xat24cr x1mh8g0r x1vvkbs xtlvy1s x126k92a\">\n<div dir=\"auto\"><span class=\"x3nfvp2 x1j61x8r x1fcty0u xdj266r xhhsvwb xat24cr xgzva0m xxymvpz xlup9mm x1kky2od\"><img loading=\"lazy\" decoding=\"async\" src=\"https:\/\/static.xx.fbcdn.net\/images\/emoji.php\/v9\/t86\/1.5\/16\/1f4cd.png\" alt=\"\ud83d\udccd\" width=\"16\" height=\"16\" \/><\/span>29\/07\/2023 I Noo Ph\u01b0\u1edbc Th\u1ecbnh &#8211; LululoLa Show | FAIRY VIBES Chapter: THE LOVE OF UNIVERSE<\/div>\n<div dir=\"auto\">Link booking:\u00a0<a href=\"https:\/\/lululolashow.com\/29-07-noo-phuoc-thinh-fairy-vibes-chapter-the-love-of-universe.html\" rel=\"noopener\">https:\/\/lululolashow.com\/29-07-noo-phuoc-thinh-fairy-vibes-chapter-the-love-of-universe.html<\/a><\/div>\n<\/div>\n<div class=\"x11i5rnm xat24cr x1mh8g0r x1vvkbs xtlvy1s x126k92a\">\n<div dir=\"auto\"><span class=\"x3nfvp2 x1j61x8r x1fcty0u xdj266r xhhsvwb xat24cr xgzva0m xxymvpz xlup9mm x1kky2od\"><img loading=\"lazy\" decoding=\"async\" src=\"https:\/\/static.xx.fbcdn.net\/images\/emoji.php\/v9\/t86\/1.5\/16\/1f4cd.png\" alt=\"\ud83d\udccd\" width=\"16\" height=\"16\" \/><\/span>04\/08\/2023 I Ho\u00e0ng D\u0169ng \u2022 Th\u1ebf B\u1ea3o Ft. M\u00e0u N\u01b0\u1edbc Band &#8211; LululoLa Show | \u0110O\u1ea0N K\u1ebeT M\u1edaI<\/div>\n<div dir=\"auto\">Link booking:\u00a0<a href=\"https:\/\/lululolashow.com\/04-08-hoang-dung-ft-mau-nuoc-band-doan-ket-moi.html\" rel=\"noopener\">https:\/\/lululolashow.com\/04-08-hoang-dung-ft-mau-nuoc-band-doan-ket-moi.html<\/a><\/div>\n<\/div>\n<div class=\"x11i5rnm xat24cr x1mh8g0r x1vvkbs xtlvy1s x126k92a\">\n<div dir=\"auto\"><span class=\"x3nfvp2 x1j61x8r x1fcty0u xdj266r xhhsvwb xat24cr xgzva0m xxymvpz xlup9mm x1kky2od\"><img loading=\"lazy\" decoding=\"async\" src=\"https:\/\/static.xx.fbcdn.net\/images\/emoji.php\/v9\/t86\/1.5\/16\/1f4cd.png\" alt=\"\ud83d\udccd\" width=\"16\" height=\"16\" \/><\/span>05\/08\/2023 I \u01afng Ho\u00e0ng Ph\u00fac &amp; Kh\u00e1ch m\u1eddi &#8211; LululoLa Show | N\u1ebeU TA C\u00d2N Y\u00caU NHAU<\/div>\n<\/div>\n<div class=\"x11i5rnm xat24cr x1mh8g0r x1vvkbs xtlvy1s x126k92a\">\n<div dir=\"auto\"><span class=\"x3nfvp2 x1j61x8r x1fcty0u xdj266r xhhsvwb xat24cr xgzva0m xxymvpz xlup9mm x1kky2od\"><img loading=\"lazy\" decoding=\"async\" src=\"https:\/\/static.xx.fbcdn.net\/images\/emoji.php\/v9\/t86\/1.5\/16\/1f4cd.png\" alt=\"\ud83d\udccd\" width=\"16\" height=\"16\" \/><\/span>19\/08\/2023 I Uy\u00ean Linh \u2022 Mai Ti\u1ebfn D\u0169ng &#8211; LululoLa Show | FAIRY VIBES Chapter: CH\u1edc NG\u01af\u1edcI N\u01a0I \u1ea4Y<\/div>\n<div dir=\"auto\"><img loading=\"lazy\" decoding=\"async\" class=\"alignnone size-full wp-image-709\" src=\"https:\/\/lululolashow.com\/wp-content\/uploads\/2023\/07\/Hinh-anh-san-khau-Lululola-4.jpg\" alt=\"\" width=\"2048\" height=\"1365\"><\/div>\n<div dir=\"auto\">\n<div><span style=\"color: #003300;\"><strong>(*)Ghi ch\u00fa:<\/strong><\/span><br \/>\nCh\u1ed7 ng\u01b0\u1eddi l\u1edbn tr\u00ean 12 tu\u1ed5i \u0111\u01b0\u1ee3c t\u00ednh b\u1eb1ng 100% gi\u00e1 ph\u1ee5 thu.<br \/>\nCh\u1ed7 tr\u1ebb em t\u1eeb 6 \u0111\u1ebfn 12 tu\u1ed5i \u0111\u01b0\u1ee3c t\u00ednh b\u1eb1ng 50% gi\u00e1 ph\u1ee5 thu.<br \/>\nTr\u1ebb em d\u01b0\u1edbi 6 tu\u1ed5i \u0111\u01b0\u1ee3c mi\u1ec5n ph\u00ed (ng\u1ed3i c\u00f9ng ng\u01b0\u1eddi l\u1edbn v\u00e0 kh\u00f4ng c\u00f3 gh\u1ebf ri\u00eang)<br \/>\nQu\u00fd kh\u00e1ch vui l\u00f2ng thanh to\u00e1n chuy\u1ec3n kho\u1ea3n tr\u01b0\u1edbc 12h \u0111\u1ec3 gi\u1eef \u0111\u1eb7t ch\u1ed7.(t\u00ednh t\u1eeb th\u1eddi \u0111i\u1ec3m \u0111\u1eb7t ch\u1ed7)<br \/>\nC\u00e1c \u0110\u1eb7t ch\u1ed7 kh\u00f4ng th\u1ef1c hi\u1ec7n \u0111\u00fang v\u00e0 \u0111\u1ee7 c\u00e1c b\u01b0\u1edbc v\u00e0 \u0111\u1ea3m b\u1ea3o th\u1eddi gian theo quy \u0111\u1ecbnh s\u1ebd t\u1ef1 \u0111\u1ed3ng b\u1ecb h\u1ee7y m\u00e0 kh\u00f4ng c\u1ea7n th\u00f4ng b\u00e1o tr\u01b0\u1edbc.<\/div>\n<div>\u00a0<\/div>\n<div><span style=\"color: #003300;\"><strong>(*)\u0110\u1ec3 \u0111\u1ea3m b\u1ea3o ph\u00f2ng ch\u1ed1ng d\u1ecbch m\u00f9a covid 19, Lululola coffee+ xin th\u00f4ng b\u00e1o \u0111i\u1ec1u ki\u1ec7n tham gia show c\u1ee7a t\u1ea5t c\u1ea3 kh\u00e1ch h\u00e0ng nh\u01b0 sau:<\/strong><\/span><br \/>\n1. Qu\u00fd kh\u00e1ch vui l\u00f2ng s\u00e1t khu\u1ea9n tay, kh\u1ea9u trang \u0111\u1ec3 ph\u1ee5c v\u1ee5 kh\u00e1ch h\u00e0ng; \u0111o nhi\u1ec7t \u0111\u1ed9 t\u1ea1i c\u1ed5ng ra \u2013 v\u00e0o.<br \/>\n2. Checkin m\u00e3 QR b\u1eb1ng app PC Covid \u0111\u1ec3 truy v\u1ebft, y\u00eau c\u1ea7u m\u1ecdi ng\u01b0\u1eddi \u0111eo kh\u1ea9u trang th\u01b0\u1eddng xuy\u00ean.<\/div>\n<div>\u00a0<\/div>\n<div><span style=\"color: #003300;\"><strong>(*)Ch\u00ednh s\u00e1ch ho\u00e0n v\u00e9, hu\u1ef7 v\u00e9 v\u00e0 b\u1ea3o l\u01b0u.<\/strong><\/span><br \/>\n1. Hu\u1ef7 V\u00e9 v\u00e0 B\u1ea3o L\u01b0u V\u00e9:<br \/>\n\u2013 Y\u00eau c\u1ea7u hu\u1ef7 v\u00e9 v\u00e0 b\u1ea3o l\u01b0u tr\u01b0\u1edbc gi\u1edd show h\u01a1n 48h . Lululola b\u1ea3o l\u01b0u 70% gi\u00e1 tr\u1ecb v\u00e9.<br \/>\n\u2013 Y\u00eau c\u1ea7u hu\u1ef7 v\u00e9 v\u00e0 b\u1ea3o l\u01b0u tr\u01b0\u1edbc gi\u1edd show trong v\u00f2ng 12-48h. Lululola b\u1ea3o l\u01b0u 50% gi\u00e1 tr\u1ecb v\u00e9.<br \/>\n\u2013 Y\u00eau c\u1ea7u hu\u1ef7 v\u00e9 v\u00e0 b\u1ea3o l\u01b0u tr\u01b0\u1edbc gi\u1edd show d\u01b0\u1edbi 12h. Lululola kh\u00f4ng b\u1ea3o l\u01b0u v\u00e9.<br \/>\n<span style=\"color: #003300;\"><strong>* Gi\u00e1 tr\u1ecb b\u1ea3o l\u01b0u c\u00f3 th\u1eddi h\u1ea1n 90 ng\u00e0y cho nh\u1eefng show sau.<\/strong><\/span><br \/>\n2. Hu\u1ef7 V\u00e9 v\u00e0 Ho\u00e0n Ti\u1ec1n<br \/>\n\u2013 Y\u00eau c\u1ea7u hu\u1ef7 v\u00e9 v\u00e0 ho\u00e0n ti\u1ec1n tr\u01b0\u1edbc gi\u1edd show h\u01a1n 48h . Ho\u00e0n 50% gi\u00e1 Tr\u1ecb v\u00e9<br \/>\n\u2013 Y\u00eau c\u1ea7u hu\u1ef7 v\u00e9 v\u00e0 ho\u00e0n ti\u1ec1n tr\u01b0\u1edbc gi\u1edd show trong v\u00f2ng 12-48h. Ho\u00e0n 30% gi\u00e1 Tr\u1ecb v\u00e9<br \/>\n\u2013 Y\u00eau c\u1ea7u hu\u1ef7 v\u00e9 v\u00e0 ho\u00e0n ti\u1ec1n tr\u01b0\u1edbc gi\u1edd show d\u01b0\u1edbi 12h. Kh\u00f4ng ho\u00e0n ti\u1ec1n<\/div>\n<div><img loading=\"lazy\" decoding=\"async\" class=\"alignnone size-full wp-image-660\" src=\"https:\/\/lululolashow.com\/wp-content\/uploads\/2023\/06\/Thiet-ke-chua-co-ten.png\" alt=\"\" width=\"1080\" height=\"1080\"><\/div>\n<div>\n<article class=\"post-content\">\n<div class=\"anh_wtm_m\">\n<div class=\"mws_content\">\n<h2 id=\"lien-he-book-ve\"><span style=\"color: #003300;\"><strong>Li\u00ean H\u1ec7 Book V\u00e9\u00a0<\/strong><\/span><\/h2>\n<p><strong>Hotline\/Zalo: 0988 249 297<\/strong><\/p>\n<p>Fanpage booking:\u00a0<a href=\"https:\/\/www.facebook.com\/liveshowdalat\/\" target=\"_blank\" rel=\"noopener\">Lululola Coffee+<\/a><\/p>\n<p>Xem th\u00eam b\u00e0i vi\u1ebft kh\u00e1c t\u1ea1i:\u00a0<a href=\"https:\/\/dalatreview.vn\/ve-tham-quan\" target=\"_blank\" rel=\"noopener\">\u0110\u00e0 L\u1ea1t Review<\/a><\/p>\n<\/div>\n<\/div>\n<\/article>\n<div class=\"post-content xemthem\">Th\u1ebb:<a href=\"https:\/\/dalatreview.vn\/tag\/lululola-dat-ve-liveshow\" target=\"_blank\" rel=\"tag noopener\">Lululola \u0110\u1eb7t V\u00e9 Liveshow<\/a><\/div>\n<\/div>\n<\/div>\n<\/div>\n<\/div>","protected":false},"excerpt":{"rendered":"<p>Danh m\u1ee5c ch\u00ednh L\u1ecbch Di\u1ec5n Th\u00e1ng 07 &#8211; 2023 T\u1ea1i Lululola \u0110\u00e0 L\u1ea1t Li\u00ean H\u1ec7 Book V\u00e9\u00a0 L\u1ecbch Di\u1ec5n Th\u00e1ng 07 &#8211; 2023 T\u1ea1i Lululola \u0110\u00e0 L\u1ea1t \u00a0Lululola Show \u0110\u00e0 L\u1ea1t \u2013 H\u01a1n c\u1ea3 \u00e2m nh\u1ea1c, kh\u00f4ng gian c\u1ef1c chill s\u1ebd gi\u00fap b\u1ea1n th\u0103ng hoa khi th\u01b0\u1edfng th\u1ee9c \u0111\u00eam nh\u1ea1c t\u1ea1i Lululola \u00a0Ngo\u00e0i nh\u1eefng show [&hellip;]<\/p>","protected":false},"featured_media":44707,"comment_status":"open","ping_status":"closed","template":"","meta":[],"product_cat":[31,2558,50],"product_tag":[],"_links":{"self":[{"href":"https:\/\/liveshowdalat.vn\/en\/wp-json\/wp\/v2\/product\/725"}],"collection":[{"href":"https:\/\/liveshowdalat.vn\/en\/wp-json\/wp\/v2\/product"}],"about":[{"href":"https:\/\/liveshowdalat.vn\/en\/wp-json\/wp\/v2\/types\/product"}],"replies":[{"embeddable":true,"href":"https:\/\/liveshowdalat.vn\/en\/wp-json\/wp\/v2\/comments?post=725"}],"wp:featuredmedia":[{"embeddable":true,"href":"https:\/\/liveshowdalat.vn\/en\/wp-json\/wp\/v2\/media\/44707"}],"wp:attachment":[{"href":"https:\/\/liveshowdalat.vn\/en\/wp-json\/wp\/v2\/media?parent=725"}],"wp:term":[{"taxonomy":"product_cat","embeddable":true,"href":"https:\/\/liveshowdalat.vn\/en\/wp-json\/wp\/v2\/product_cat?post=725"},{"taxonomy":"product_tag","embeddable":true,"href":"https:\/\/liveshowdalat.vn\/en\/wp-json\/wp\/v2\/product_tag?post=725"}],"curies":[{"name":"wp","href":"https:\/\/api.w.org\/{rel}","templated":true}]}}