{"id":47324,"date":"2025-12-28T01:04:20","date_gmt":"2025-12-27T18:04:20","guid":{"rendered":"https:\/\/liveshowdalat.vn\/?post_type=product&#038;p=47324"},"modified":"2026-04-24T03:05:36","modified_gmt":"2026-04-23T20:05:36","slug":"the-moment-muse-phan-manh-quynh-j-ade-24-01","status":"publish","type":"product","link":"https:\/\/liveshowdalat.vn\/en\/the-moment-muse-phan-manh-quynh-j-ade-24-01.html","title":{"rendered":"PHAN M\u1ea0NH QU\u1ef2NH &#8211; J.ADE 24.01"},"content":{"rendered":"<nav class=\"vietrick-auto-toc\">\n<div class=\"box-title\">\n<h3 class=\"toc-title\" id=\"select-menu\">Danh m\u1ee5c ch\u00ednh<\/h3>\n<div><ion-icon name=\"chevron-up-outline\"><\/ion-icon><\/div>\n<\/div>\n<ul class=\"toc-list\">\n<li><a href='https:\/\/liveshowdalat.vn\/en#phan-manh-quynh-j-ade' class='heading-h2 toc-link smooth-scroll'>PHAN M\u1ea0NH QU\u1ef2NH &#8211; J.ADE<\/a>\n<li><a href='https:\/\/liveshowdalat.vn\/en#lien-he-book-ve' class='heading-h2 toc-link smooth-scroll'>Li\u00ean H\u1ec7 Book V\u00e9\u00a0<\/a><\/ul>\n<\/ul>\n<\/li>\n<\/ul>\n<\/nav>\n<h2 style=\"text-align: center\" id=\"phan-manh-quynh-j-ade\"><span style=\"color: #003300\"><strong><span style=\"font-size: 24pt\">PHAN M\u1ea0NH QU\u1ef2NH &#8211; J.ADE<\/span><\/strong><\/span><\/h2>\n<p style=\"text-align: center\"><span style=\"color: #003366;font-size: 18pt\"><strong>S\u00c2N KH\u1ea4U NGO\u00c0I TR\u1edcI<\/strong><\/span><\/p>\n<p style=\"text-align: center\"><span style=\"font-family: 'courier new', courier, monospace\"><span style=\"font-size: 14pt\"><strong>24\/01\/2026<\/strong><\/span><\/span><\/p>\n<p style=\"text-align: center\"><span style=\"font-size: 14pt;font-family: 'courier new', courier, monospace\"><strong>SHOW TIME 17:00<\/strong><\/span><\/p>\n<p style=\"text-align: center\"><span style=\"font-size: 24pt;font-family: arial, helvetica, sans-serif;color: #333333\"><strong>TH\u00d4NG TIN<\/strong><\/span><\/p>\n<table style=\"width: 95.3359%;border-collapse: collapse;border-color: #000000;height: 167px\" border=\"1\">\n<tbody>\n<tr style=\"height: 46px\">\n<td style=\"width: 48.1073%;height: 46px\"><span style=\"color: #000000;font-size: 14pt\"><b>\ud83d\udfe5 THE MUSE<\/b><\/span><\/td>\n<td style=\"width: 51.8927%;text-align: center;height: 46px\"><span style=\"color: #000000;font-size: 14pt\"><strong>1,850,000 VN\u0110<\/strong><\/span><\/td>\n<\/tr>\n<tr style=\"height: 23px\">\n<td style=\"width: 48.1073%;height: 38px\"><span style=\"color: #000000;font-size: 14pt\"><b>\ud83d\udfe7 THE MOMENT<\/b><\/span><\/td>\n<td style=\"width: 51.8927%;text-align: center;height: 38px\"><span style=\"color: #000000;font-size: 14pt\"><strong>1,400,000 VN\u0110<\/strong><\/span><\/td>\n<\/tr>\n<tr style=\"height: 23px\">\n<td style=\"width: 48.1073%;height: 41px\"><span style=\"font-size: 14pt\"><span style=\"color: #000000\"><b>\ud83d\udfe9 THE STAR<\/b><\/span><\/span><\/td>\n<td style=\"width: 51.8927%;text-align: center;height: 41px\"><span style=\"color: #000000;font-size: 14pt\"><strong>900,000 VN\u0110<\/strong><\/span><\/td>\n<\/tr>\n<tr style=\"height: 23px\">\n<td style=\"width: 48.1073%;height: 42px\"><span style=\"font-size: 14pt\"><span style=\"color: #000000\"><b>\ud83d\udfea THE LIGHT<\/b><\/span><\/span><\/td>\n<td style=\"width: 51.8927%;text-align: center;height: 42px\"><span style=\"color: #000000;font-size: 14pt\"><strong>650,000 VN\u0110<\/strong><\/span><\/td>\n<\/tr>\n<\/tbody>\n<\/table>\n<p><span style=\"font-size: 14pt\"><span style=\"color: #003300;font-size: 18pt\"><b><a href=\"https:\/\/liveshowdalat.vn\/wp-content\/uploads\/2025\/12\/The-Moment-Muse-Thang-1.jpg\"><img loading=\"lazy\" decoding=\"async\" class=\"alignnone size-full wp-image-47294\" src=\"https:\/\/liveshowdalat.vn\/wp-content\/uploads\/2025\/12\/The-Moment-Muse-Thang-1.jpg\" alt=\"The Moment Muse - Th\u00e1ng 1\" width=\"768\" height=\"1024\" srcset=\"https:\/\/liveshowdalat.vn\/wp-content\/uploads\/2025\/12\/The-Moment-Muse-Thang-1.jpg 768w, https:\/\/liveshowdalat.vn\/wp-content\/uploads\/2025\/12\/The-Moment-Muse-Thang-1-9x12.jpg 9w, https:\/\/liveshowdalat.vn\/wp-content\/uploads\/2025\/12\/The-Moment-Muse-Thang-1-600x800.jpg 600w\" sizes=\"(max-width: 768px) 100vw, 768px\" \/><\/a><\/b><\/span><\/span><\/p>\n<p><span style=\"font-size: 14pt\"><span style=\"color: #003300;font-size: 18pt\"><b>Quy \u0111\u1ecbnh khi mua v\u00e9:<\/b><b><br \/>\n<\/b><\/span><\/span><span style=\"font-size: 14pt\">\u2013 \u0110\u1ed9 tu\u1ed5i tham d\u1ef1: t\u1eeb 6 tu\u1ed5i tr\u1edf l\u00ean\u00a0<br \/>\n\u2013 Sau khi thanh to\u00e1n mua v\u00e9 th\u00e0nh c\u00f4ng, v\u00e9 \u0111\u00e3 mua kh\u00f4ng ho\u00e0n l\u1ea1i, thay \u0111\u1ed5i, ch\u1ec9nh s\u1eeda, n\u00e2ng h\u1ea1ng, gi\u1ea3m h\u1ea1ng trong b\u1ea5t k\u1ef3 tr\u01b0\u1eddng h\u1ee3p n\u00e0o.<\/span><br \/>\n<span style=\"font-size: 14pt\">\u2013 Qu\u00fd kh\u00e1ch vui l\u00f2ng b\u1ea3o qu\u1ea3n v\u00e9 c\u1ea9n th\u1eadn. Trong tr\u01b0\u1eddng h\u1ee3p kh\u00f4ng c\u00f3 \u0111\u00e1p \u1ee9ng \u0111\u1ee7 th\u00f4ng tin, BTC r\u1ea5t ti\u1ebfc kh\u00f4ng th\u1ec3 h\u1ed7 tr\u1ee3 kh\u00e1n gi\u1ea3 tham gia \u0111\u00eam di\u1ec5n.<\/span><br \/>\n<span style=\"font-size: 14pt\">***<\/span><br \/>\n<span style=\"font-size: 14pt\">\u2013 \u0110\u1ecba ch\u1ec9: <strong>S\u00c2N KH\u1ea4U NGO\u00c0I TR\u1edcI &#8211; 09 \u0110inh Ti\u00ean Ho\u00e0ng, P. Xu\u00e2n H\u01b0\u01a1ng, \u0110\u00e0 L\u1ea1t.<\/strong><\/span><br \/>\n<span style=\"font-size: 14pt\">\u2013 Qu\u00fd kh\u00e1ch vui l\u00f2ng xem k\u1ef9 s\u01a1 \u0111\u1ed3 m\u00f4 t\u1ea3 ch\u1ed7 ng\u1ed3i ngay b\u00ean d\u01b0\u1edbi \u0111\u1ec3 ch\u1ecdn gh\u1ebf ng\u1ed3i ph\u00f9 h\u1ee3p.<\/span><\/p>\n<p><span style=\"font-size: 18pt;color: #003300\"><b><a href=\"https:\/\/liveshowdalat.vn\/wp-content\/uploads\/2025\/12\/The-Moment-Muse.jpg\"><img loading=\"lazy\" decoding=\"async\" class=\"alignnone size-full wp-image-47290\" src=\"https:\/\/liveshowdalat.vn\/wp-content\/uploads\/2025\/12\/The-Moment-Muse.jpg\" alt=\"The Moment Muse - s\u01a1 \u0111\u1ed3 s\u00e2n kh\u1ea5u\" width=\"1920\" height=\"1920\" srcset=\"https:\/\/liveshowdalat.vn\/wp-content\/uploads\/2025\/12\/The-Moment-Muse.jpg 1920w, https:\/\/liveshowdalat.vn\/wp-content\/uploads\/2025\/12\/The-Moment-Muse-1024x1024.jpg 1024w, https:\/\/liveshowdalat.vn\/wp-content\/uploads\/2025\/12\/The-Moment-Muse-768x768.jpg 768w, https:\/\/liveshowdalat.vn\/wp-content\/uploads\/2025\/12\/The-Moment-Muse-1536x1536.jpg 1536w, https:\/\/liveshowdalat.vn\/wp-content\/uploads\/2025\/12\/The-Moment-Muse-12x12.jpg 12w, https:\/\/liveshowdalat.vn\/wp-content\/uploads\/2025\/12\/The-Moment-Muse-300x300.jpg 300w, https:\/\/liveshowdalat.vn\/wp-content\/uploads\/2025\/12\/The-Moment-Muse-600x600.jpg 600w, https:\/\/liveshowdalat.vn\/wp-content\/uploads\/2025\/12\/The-Moment-Muse-100x100.jpg 100w\" sizes=\"(max-width: 1920px) 100vw, 1920px\" \/><\/a>L\u01afU \u00dd<\/b><\/span><\/p>\n<p><span style=\"font-size: 14pt\">\u2013 Ch\u01b0\u01a1ng tr\u00ecnh kh\u00f4ng nh\u1eadn tr\u1ebb em d\u01b0\u1edbi 6 tu\u1ed5i v\u00e0o tham d\u1ef1.<\/span><\/p>\n<p><span style=\"font-size: 14pt\">\u2013 Vui l\u00f2ng \u0111\u1ec3 \u0111i\u1ec7n tho\u1ea1i v\u00e0 c\u00e1c thi\u1ebft b\u1ecb di \u0111\u1ed9ng \u1edf ch\u1ebf \u0111\u1ed9 y\u00ean l\u1eb7ng trong su\u1ed1t th\u1eddi gian di\u1ec5n ra Ch\u01b0\u01a1ng tr\u00ecnh. <\/span><\/p>\n<p><span style=\"font-size: 14pt\">\u2013 Kh\u00f4ng livestream d\u01b0\u1edbi b\u1ea5t k\u1ef3 h\u00ecnh th\u1ee9c n\u00e0o.<\/span><\/p>\n<p><span style=\"font-size: 18pt;color: #003300\"><strong>TH\u00d4NG TIN QUY \u0110\u1ecaNH KH\u00c1C<\/strong><\/span><\/p>\n<p><span style=\"font-size: 14pt\">&#8211; Kh\u00f4ng v\u1ee9t r\u00e1c b\u1eeba b\u00e3i, gi\u1eef g\u00ecn v\u1ec7 sinh chung. Kh\u00f4ng mang r\u00e1c th\u1ea3i nh\u1ef1a v\u00e0o khu v\u1ef1c t\u1ed5 ch\u1ee9c Ch\u01b0\u01a1ng tr\u00ecnh. <\/span><\/p>\n<p><span style=\"font-size: 14pt\">&#8211; Kh\u00f4ng \u0103n u\u1ed1ng trong khu v\u1ef1c \u0111\u1ecba \u0111i\u1ec3m t\u1ed5 ch\u1ee9c Ch\u01b0\u01a1ng tr\u00ecnh, ngo\u1ea1i tr\u1eeb u\u1ed1ng n\u01b0\u1edbc \u0111\u1ef1ng trong b\u00ecnh n\u01b0\u1edbc c\u00e1 nh\u00e2n ho\u1eb7c b\u00ecnh n\u01b0\u1edbc trong su\u1ed1t dung t\u00edch d\u01b0\u1edbi 350ml. <\/span><\/p>\n<p><span style=\"font-size: 14pt\">&#8211; Kh\u00f4ng s\u1eed d\u1ee5ng l\u1eeda trong su\u1ed1t th\u1eddi gian di\u1ec5n ra Ch\u01b0\u01a1ng tr\u00ecnh. <\/span><\/p>\n<p><span style=\"font-size: 14pt\">&#8211; Kh\u00f4ng g\u00e2y g\u1ed5, \u0111\u00e1nh nhau ho\u1eb7c th\u1ef1c hi\u1ec7n c\u00e1c h\u00e0nh vi g\u00e2y h\u1ea1i, g\u00e2y nguy hi\u1ec3m, \u0111e d\u1ecda b\u1ea5t c\u1ee9 c\u00e1 nh\u00e2n n\u00e0o, bao g\u1ed3m nh\u01b0ng kh\u00f4ng gi\u1edbi h\u1ea1n kh\u00e1n gi\u1ea3 v\u00e0 nh\u00e2n vi\u00ean c\u1ee7a Ban t\u1ed5 ch\u1ee9c. <\/span><\/p>\n<p><span style=\"font-size: 14pt\">&#8211; Kh\u00f4ng x\u00e2m ph\u1ea1m c\u00e1c khu v\u1ef1c h\u1ea1n ch\u1ebf m\u00e0 kh\u00f4ng c\u00f3 s\u1ef1 cho ph\u00e9p c\u1ee7a Ban t\u1ed5 ch\u1ee9c. <\/span><\/p>\n<p><span style=\"font-size: 14pt\">&#8211; Kh\u00f4ng g\u00e2y thi\u1ec7t h\u1ea1i, ph\u00e1 hu\u1ef7 v\u00e0\/ho\u1eb7c tr\u1ed9m c\u1eafp b\u1ea5t k\u00ec t\u00e0i s\u1ea3n n\u00e0o t\u1ea1i \u0111\u1ecba \u0111i\u1ec3m di\u1ec5n ra Ch\u01b0\u01a1ng tr\u00ecnh. <\/span><\/p>\n<p><span style=\"font-size: 14pt\">&#8211; Kh\u00f4ng \u0111em theo c\u00e1c v\u1eadt d\u1ee5ng kh\u00f4ng \u0111\u01b0\u1ee3c ph\u00e9p mang v\u00e0o Ch\u01b0\u01a1ng tr\u00ecnh. Trong m\u1ecdi tr\u01b0\u1eddng h\u1ee3p, quy\u1ebft \u0111\u1ecbnh c\u1ee7a Ban t\u1ed5 ch\u1ee9c l\u00e0 <strong>quy\u1ebft \u0111\u1ecbnh cu\u1ed1i c\u00f9ng<\/strong>. Ban t\u1ed5 ch\u1ee9c c\u00f3 quy\u1ec1n thu h\u1ed3i c\u00e1c v\u1eadt ph\u1ea9m trong danh m\u1ee5c b\u1ecb c\u1ea5m \u0111\u01b0\u1ee3c s\u1eed d\u1ee5ng, qu\u1ea3ng b\u00e1, b\u00e1n t\u1ea1i Ch\u01b0\u01a1ng tr\u00ecnh, m\u1eddi kh\u00e1n gi\u1ea3 c\u00f3 c\u00e1c h\u00e0nh \u0111\u1ed9ng tr\u00ean kh\u00f4ng ti\u1ebfp t\u1ee5c tham d\u1ef1 Ch\u01b0\u01a1ng tr\u00ecnh v\u00e0 kh\u00f4ng ho\u00e0n tr\u1ea3 l\u1ea1i v\u00e9.<\/span><\/p>\n<p><a href=\"https:\/\/liveshowdalat.vn\/wp-content\/uploads\/2025\/12\/The-Moment-Muse-San-Khau.jpg\"><img loading=\"lazy\" decoding=\"async\" class=\"alignnone size-full wp-image-47297\" src=\"https:\/\/liveshowdalat.vn\/wp-content\/uploads\/2025\/12\/The-Moment-Muse-San-Khau.jpg\" alt=\"\" width=\"2000\" height=\"1600\" srcset=\"https:\/\/liveshowdalat.vn\/wp-content\/uploads\/2025\/12\/The-Moment-Muse-San-Khau.jpg 2000w, https:\/\/liveshowdalat.vn\/wp-content\/uploads\/2025\/12\/The-Moment-Muse-San-Khau-1024x819.jpg 1024w, https:\/\/liveshowdalat.vn\/wp-content\/uploads\/2025\/12\/The-Moment-Muse-San-Khau-768x614.jpg 768w, https:\/\/liveshowdalat.vn\/wp-content\/uploads\/2025\/12\/The-Moment-Muse-San-Khau-1536x1229.jpg 1536w, https:\/\/liveshowdalat.vn\/wp-content\/uploads\/2025\/12\/The-Moment-Muse-San-Khau-15x12.jpg 15w, https:\/\/liveshowdalat.vn\/wp-content\/uploads\/2025\/12\/The-Moment-Muse-San-Khau-600x480.jpg 600w\" sizes=\"(max-width: 2000px) 100vw, 2000px\" \/><\/a> <a href=\"https:\/\/liveshowdalat.vn\/wp-content\/uploads\/2025\/12\/The-Moment-Muse-San-Khau-2.jpg\"><img loading=\"lazy\" decoding=\"async\" class=\"alignnone size-full wp-image-47295\" src=\"https:\/\/liveshowdalat.vn\/wp-content\/uploads\/2025\/12\/The-Moment-Muse-San-Khau-2.jpg\" alt=\"The Moment Muse - S\u00e2n Kh\u1ea5u (2)\" width=\"2000\" height=\"1600\" srcset=\"https:\/\/liveshowdalat.vn\/wp-content\/uploads\/2025\/12\/The-Moment-Muse-San-Khau-2.jpg 2000w, https:\/\/liveshowdalat.vn\/wp-content\/uploads\/2025\/12\/The-Moment-Muse-San-Khau-2-1024x819.jpg 1024w, https:\/\/liveshowdalat.vn\/wp-content\/uploads\/2025\/12\/The-Moment-Muse-San-Khau-2-768x614.jpg 768w, https:\/\/liveshowdalat.vn\/wp-content\/uploads\/2025\/12\/The-Moment-Muse-San-Khau-2-1536x1229.jpg 1536w, https:\/\/liveshowdalat.vn\/wp-content\/uploads\/2025\/12\/The-Moment-Muse-San-Khau-2-15x12.jpg 15w, https:\/\/liveshowdalat.vn\/wp-content\/uploads\/2025\/12\/The-Moment-Muse-San-Khau-2-600x480.jpg 600w\" sizes=\"(max-width: 2000px) 100vw, 2000px\" \/><\/a> <a href=\"https:\/\/liveshowdalat.vn\/wp-content\/uploads\/2025\/12\/The-Moment-Muse-San-Khau-1.jpg\"><img loading=\"lazy\" decoding=\"async\" class=\"alignnone size-full wp-image-47296\" src=\"https:\/\/liveshowdalat.vn\/wp-content\/uploads\/2025\/12\/The-Moment-Muse-San-Khau-1.jpg\" alt=\"\" width=\"2000\" height=\"1600\" srcset=\"https:\/\/liveshowdalat.vn\/wp-content\/uploads\/2025\/12\/The-Moment-Muse-San-Khau-1.jpg 2000w, https:\/\/liveshowdalat.vn\/wp-content\/uploads\/2025\/12\/The-Moment-Muse-San-Khau-1-1024x819.jpg 1024w, https:\/\/liveshowdalat.vn\/wp-content\/uploads\/2025\/12\/The-Moment-Muse-San-Khau-1-768x614.jpg 768w, https:\/\/liveshowdalat.vn\/wp-content\/uploads\/2025\/12\/The-Moment-Muse-San-Khau-1-1536x1229.jpg 1536w, https:\/\/liveshowdalat.vn\/wp-content\/uploads\/2025\/12\/The-Moment-Muse-San-Khau-1-15x12.jpg 15w, https:\/\/liveshowdalat.vn\/wp-content\/uploads\/2025\/12\/The-Moment-Muse-San-Khau-1-600x480.jpg 600w\" sizes=\"(max-width: 2000px) 100vw, 2000px\" \/><\/a><\/p>\n<h2 id=\"lien-he-book-ve\"><span style=\"color: #003300\"><b>Li\u00ean H\u1ec7 Book V\u00e9\u00a0<\/b><\/span><\/h2>\n<p><span style=\"font-size: 14pt;color: #000000\"><b>Hotline\/Zalo: <span style=\"color: #000000;font-size: 14pt\">0989 249 297<\/span><\/b><\/span><\/p>\n<p><span style=\"font-size: 14pt\">Fanpage booking:\u00a0<a href=\"https:\/\/www.facebook.com\/liveshowdalat\/\" target=\"_blank\" rel=\"noopener\">M\u00e2y Lang Thang<\/a><\/span><\/p>\n<p><span style=\"font-size: 14pt\">Xem th\u00eam b\u00e0i vi\u1ebft kh\u00e1c t\u1ea1i:\u00a0<a href=\"https:\/\/maylangthangshow.com\/\" target=\"_blank\" rel=\"noopener\">Cloud Wandered Show\u00a0<\/a><\/span><\/p>","protected":false},"excerpt":{"rendered":"<p><strong>The Moment Muse &#8211; Th\u00e1ng 1\/2026<\/strong><\/p>\n<p>S\u00c2N KH\u1ea4U NGO\u00c0I TR\u1edcI &#8211; 09 \u0110inh Ti\u00ean Ho\u00e0ng, P. Xu\u00e2n H\u01b0\u01a1ng, \u0110\u00e0 L\u1ea1t.<\/p>\n<p>&nbsp;<\/p>","protected":false},"featured_media":47294,"comment_status":"open","ping_status":"closed","template":"","meta":[],"product_cat":[2563,2410,31,49],"product_tag":[3306,3135,75],"_links":{"self":[{"href":"https:\/\/liveshowdalat.vn\/en\/wp-json\/wp\/v2\/product\/47324"}],"collection":[{"href":"https:\/\/liveshowdalat.vn\/en\/wp-json\/wp\/v2\/product"}],"about":[{"href":"https:\/\/liveshowdalat.vn\/en\/wp-json\/wp\/v2\/types\/product"}],"replies":[{"embeddable":true,"href":"https:\/\/liveshowdalat.vn\/en\/wp-json\/wp\/v2\/comments?post=47324"}],"wp:featuredmedia":[{"embeddable":true,"href":"https:\/\/liveshowdalat.vn\/en\/wp-json\/wp\/v2\/media\/47294"}],"wp:attachment":[{"href":"https:\/\/liveshowdalat.vn\/en\/wp-json\/wp\/v2\/media?parent=47324"}],"wp:term":[{"taxonomy":"product_cat","embeddable":true,"href":"https:\/\/liveshowdalat.vn\/en\/wp-json\/wp\/v2\/product_cat?post=47324"},{"taxonomy":"product_tag","embeddable":true,"href":"https:\/\/liveshowdalat.vn\/en\/wp-json\/wp\/v2\/product_tag?post=47324"}],"curies":[{"name":"wp","href":"https:\/\/api.w.org\/{rel}","templated":true}]}}