{"id":47160,"date":"2025-10-31T00:32:27","date_gmt":"2025-10-30T17:32:27","guid":{"rendered":"https:\/\/liveshowdalat.vn\/?post_type=product&#038;p=47160"},"modified":"2025-10-31T18:33:02","modified_gmt":"2025-10-31T11:33:02","slug":"may-lang-thang-ha-noi-neko-le-bb-tran-29-11","status":"publish","type":"product","link":"https:\/\/liveshowdalat.vn\/en\/may-lang-thang-ha-noi-neko-le-bb-tran-29-11.html","title":{"rendered":"NEKO L\u00ca &#8211; BB TR\u1ea6N 29.11"},"content":{"rendered":"<nav class=\"vietrick-auto-toc\">\n<div class=\"box-title\">\n<h3 class=\"toc-title\" id=\"select-menu\">Danh m\u1ee5c ch\u00ednh<\/h3>\n<div><ion-icon name=\"chevron-up-outline\"><\/ion-icon><\/div>\n<\/div>\n<ul class=\"toc-list\">\n<li><a href='https:\/\/liveshowdalat.vn\/en#neko-le-bb-tran' class='heading-h2 toc-link smooth-scroll'>NEKO L\u00ca &#8211; BB TR\u1ea6N<\/a><\/ul>\n<\/ul>\n<\/li>\n<\/ul>\n<\/nav>\n<h2 style=\"text-align: center\" id=\"neko-le-bb-tran\"><span style=\"color: #003300\"><strong><span style=\"font-size: 24pt\">NEKO L\u00ca &#8211; BB TR\u1ea6N<\/span><\/strong><\/span><\/h2>\n<p style=\"text-align: center\"><span style=\"color: #003366;font-size: 14pt\"><strong>CUNG XU\u00c2N, H\u00c0 N\u1ed8I<\/strong><\/span><\/p>\n<p style=\"text-align: center\"><span style=\"font-family: 'courier new', courier, monospace\"><span style=\"font-size: 14pt\"><strong><span style=\"vertical-align: inherit\"><span style=\"vertical-align: inherit\">29\/11\/2025<\/span><\/span><\/strong><\/span><\/span><\/p>\n<p style=\"text-align: center\"><span style=\"font-size: 14pt;font-family: 'courier new', courier, monospace\"><strong><span style=\"vertical-align: inherit\"><span style=\"vertical-align: inherit\">SHOWTIME 20:00<\/span><\/span><\/strong><\/span><\/p>\n<p style=\"text-align: center\"><span style=\"font-size: 24pt;font-family: arial, helvetica, sans-serif\"><strong>TH\u00d4NG TIN<\/strong><\/span><\/p>\n<table style=\"width: 99.0949%;border-collapse: collapse;border-color: #050000;border-style: solid;height: 220px\" border=\"1\">\n<tbody>\n<tr style=\"height: 38px\">\n<td style=\"width: 50%;height: 30px\"><span style=\"font-size: 12pt;color: #000000\"><strong>\u00a0PREMIUM <\/strong>\/ <strong>TH\u1ea2NH TH\u01a0I<\/strong><\/span><\/td>\n<td style=\"width: 50%;text-align: center;height: 30px\"><span style=\"color: #000000\"><strong><span style=\"font-family: helvetica, arial, sans-serif;font-size: 12pt\">1,950<\/span><\/strong><strong><span style=\"font-family: helvetica, arial, sans-serif;font-size: 12pt\">,000 VN\u0110<\/span><\/strong><\/span><\/td>\n<\/tr>\n<tr style=\"height: 38px\">\n<td style=\"width: 50%;height: 10px\"><span style=\"font-size: 12pt;color: #000000\"><strong>\u00a0VIP <\/strong>\/ <strong>B\u1ec0NH B\u1ed2NG<\/strong><\/span><\/td>\n<td style=\"width: 50%;text-align: center;height: 10px\"><span style=\"color: #000000\"><strong><span style=\"font-family: helvetica, arial, sans-serif;font-size: 12pt\">1,550,000 VN\u0110<\/span><\/strong><\/span><\/td>\n<\/tr>\n<tr style=\"height: 29px\">\n<td style=\"width: 50%;height: 29px\"><span style=\"font-size: 12pt;color: #000000\"><strong>\u00a0STANDARD 1<\/strong> \/ <strong>M\u01a0 M\u00c0NG<\/strong><\/span><\/td>\n<td style=\"width: 50%;text-align: center;height: 29px\"><span style=\"color: #000000\"><strong><span style=\"font-family: helvetica, arial, sans-serif;font-size: 12pt\">1,150,000 VN\u0110<\/span><\/strong><\/span><\/td>\n<\/tr>\n<tr style=\"height: 32px\">\n<td style=\"width: 50%;height: 32px\"><span style=\"font-size: 12pt;color: #000000\"><strong>\u00a0STANDARD 2 <\/strong>\/ <strong>NH\u1edeN NH\u01a0<\/strong><br \/>\n<\/span><\/td>\n<td style=\"width: 50%;text-align: center;height: 32px\"><span style=\"color: #000000\"><strong>850,000 VN\u0110<\/strong><\/span><\/td>\n<\/tr>\n<\/tbody>\n<\/table>\n<p><span style=\"font-size: 18pt;color: #003300\"><b><a href=\"https:\/\/liveshowdalat.vn\/wp-content\/uploads\/2025\/10\/May-Lang-Thang-Ha-Noi-Thang-112025.jpg\"><img loading=\"lazy\" decoding=\"async\" class=\"alignnone size-full wp-image-47151\" src=\"https:\/\/liveshowdalat.vn\/wp-content\/uploads\/2025\/10\/May-Lang-Thang-Ha-Noi-Thang-112025.jpg\" alt=\"May Lang Thang Ha Noi - Thang 11 2025\" width=\"1638\" height=\"2048\" srcset=\"https:\/\/liveshowdalat.vn\/wp-content\/uploads\/2025\/10\/May-Lang-Thang-Ha-Noi-Thang-112025.jpg 1638w, https:\/\/liveshowdalat.vn\/wp-content\/uploads\/2025\/10\/May-Lang-Thang-Ha-Noi-Thang-112025-819x1024.jpg 819w, https:\/\/liveshowdalat.vn\/wp-content\/uploads\/2025\/10\/May-Lang-Thang-Ha-Noi-Thang-112025-768x960.jpg 768w, https:\/\/liveshowdalat.vn\/wp-content\/uploads\/2025\/10\/May-Lang-Thang-Ha-Noi-Thang-112025-1229x1536.jpg 1229w, https:\/\/liveshowdalat.vn\/wp-content\/uploads\/2025\/10\/May-Lang-Thang-Ha-Noi-Thang-112025-10x12.jpg 10w, https:\/\/liveshowdalat.vn\/wp-content\/uploads\/2025\/10\/May-Lang-Thang-Ha-Noi-Thang-112025-600x750.jpg 600w\" sizes=\"(max-width: 1638px) 100vw, 1638px\" \/><\/a>Ch\u00ednh s\u00e1ch tr\u1ebb em b\u00ean M\u00e2y Lang Thang:<\/b><b><br \/>\n<\/b><\/span><span style=\"font-size: 14pt\">\u2013 B\u00e9<strong> d\u01b0\u1edbi 1m:<\/strong> kh\u00f4ng ph\u1ee5 thu n\u1ebfu ng\u1ed3i chung v\u1edbi ph\u1ee5 huynh<br \/>\n\u2013 B\u00e9 t\u1eeb <strong>1m \u0111\u1ebfn d\u01b0\u1edbi 1m2<\/strong>: gi\u1ea3m 30% ( c\u00f3 gh\u1ebf ri\u00eang ), ho\u00e0n ti\u1ec1n tr\u1ef1c ti\u1ebfp t\u1ea1i show.<\/span><br \/>\n<span style=\"font-size: 14pt\">\u2013 <strong>Tr\u00ean 1m2<\/strong>: v\u1eabn t\u00ednh v\u00e9 nh\u01b0 ng\u01b0\u1eddi l\u1edbn.<\/span><br \/>\n<span style=\"font-size: 14pt\">***<\/span><span style=\"font-family: 'courier new', courier, monospace\"><span style=\"font-size: 14pt\"><strong><br \/>\n<\/strong><\/span><\/span><span style=\"font-size: 14pt\">\u2013 \u0110\u1ecba ch\u1ec9: <strong>Trung t\u00e2m T\u1ed5 ch\u1ee9c S\u1ef1 ki\u1ec7n Cung Xu\u00e2n<\/strong>\u00a0&#8211; <strong>S\u00f4\u0301 01 Vo\u0303 Thi\u0323 Sa\u0301u, Ph\u01b0\u01a1\u0300ng Ba\u0323ch Mai, Tp Ha\u0300 N\u00f4\u0323i.<\/strong><\/span><\/p>\n<p><span style=\"font-size: 18pt;color: #003300\"><b><a href=\"https:\/\/liveshowdalat.vn\/wp-content\/uploads\/2025\/10\/Screenshot-2025-10-31-003808.png\"><img loading=\"lazy\" decoding=\"async\" class=\"alignnone size-full wp-image-47173\" src=\"https:\/\/liveshowdalat.vn\/wp-content\/uploads\/2025\/10\/Screenshot-2025-10-31-003808.png\" alt=\"\" width=\"846\" height=\"366\"><\/a>L\u01afU \u00dd<\/b><\/span><\/p>\n<p><span style=\"font-size: 14pt\">\u2013 BTC kh\u00f4ng h\u1ed7 tr\u1ee3 ho\u00e0n v\u00e9 d\u01b0\u1edbi m\u1ecdi h\u00ecnh th\u1ee9c<\/span><\/p>\n<p><span style=\"font-size: 14pt\">\u2013 Vui l\u00f2ng kh\u00f4ng mang \u0111\u1ed3 \u0103n n\u01b0\u1edbc u\u1ed1ng b\u00ean ngo\u00e0i v\u00e0o khu v\u1ef1c bi\u1ec3u di\u1ec5n<\/span><\/p>\n<p><span style=\"font-size: 14pt\">\u2013 Tr\u01b0\u1eddng h\u1ee3p h\u1ee7y v\u00e9 v\u00e0 b\u1ea3o l\u01b0u v\u00e9 c\u1ea7n th\u00f4ng b\u00e1o t\u1edbi BTC tr\u01b0\u1edbc 24 gi\u1edd, sau kho\u1ea3ng th\u1eddi gian tr\u00ean s\u1ebd kh\u00f4ng \u0111\u01b0\u1ee3c h\u1ed7 tr\u1ee3<\/span><\/p>\n<p><span style=\"font-size: 18pt;color: #003300\"><b><i>B\u1ea1n l\u01b0u \u00fd th\u00f4ng tin b\u1ea3o l\u01b0u sau:<\/i><\/b><\/span><\/p>\n<p><span style=\"font-size: 14pt\">\u2013 Th\u1eddi h\u1ea1n b\u1ea3o l\u01b0u l\u00e0 trong v\u00f2ng 6 th\u00e1ng, t\u00ednh theo ng\u00e0y x\u00e1c nh\u1eadn b\u1ea3o l\u01b0u.<\/span><\/p>\n<p><span style=\"font-size: 14pt\">\u2013 M\u00e2y s\u1ebd b\u1ea3o l\u01b0u s\u1ed1 ti\u1ec1n m\u00e0 kh\u00e1ch h\u00e0ng \u0111\u00e3 \u0111\u1eb7t ch\u1ed7.<\/span><\/p>\n<p><span style=\"font-size: 14pt\">\u2013 V\u1ecb tr\u00ed gh\u1ebf c\u1ee7a \u0111\u01a1n h\u00e0ng \u0111\u00e3 b\u1ea3o l\u01b0u, s\u1ebd \u0111\u01b0\u1ee3c m\u1edf b\u00e1n l\u1ea1i tr\u00ean website.<\/span><\/p>\n<p><span style=\"font-size: 14pt\">\u2013 Khi h\u1ed7 tr\u1ee3 \u0111\u1eb7t l\u1ea1i ch\u1ed7, v\u1edbi h\u1ea1ng gi\u00e1 cao h\u01a1n, qu\u00fd kh\u00e1ch vui l\u00f2ng b\u00f9 ph\u1ea7n ch\u00eanh l\u1ec7ch c\u00f2n thi\u1ebfu.<\/span><\/p>\n<p><span style=\"font-size: 14pt\">(Trong tr\u01b0\u1eddng h\u1ee3p h\u1ea1ng v\u00e9 th\u1ea5p s\u1ed1 ti\u1ec1n \u0111\u00e3 b\u1ea3o l\u01b0u, M\u00e2y kh\u00f4ng h\u1ed7 tr\u1ee3 ho\u00e0n ti\u1ec1n)<\/span><\/p>\n<p><span style=\"font-size: 14pt\">\u2013 \u00c1p d\u1ee5ng t\u1ea5t c\u1ea3 c\u00e1c chi nh\u00e1nh c\u1ee7a M\u00e2y Lang Thang.<\/span><\/p>\n<p><a href=\"https:\/\/liveshowdalat.vn\/wp-content\/uploads\/2025\/06\/Noi-dung-doan-van-ban-cua-ban.jpg\"><img loading=\"lazy\" decoding=\"async\" class=\"alignnone size-full wp-image-46424\" src=\"https:\/\/liveshowdalat.vn\/wp-content\/uploads\/2025\/06\/Noi-dung-doan-van-ban-cua-ban.jpg\" alt=\"May Lang Thang\" width=\"992\" height=\"2048\" srcset=\"https:\/\/liveshowdalat.vn\/wp-content\/uploads\/2025\/06\/Noi-dung-doan-van-ban-cua-ban.jpg 992w, https:\/\/liveshowdalat.vn\/wp-content\/uploads\/2025\/06\/Noi-dung-doan-van-ban-cua-ban-496x1024.jpg 496w, https:\/\/liveshowdalat.vn\/wp-content\/uploads\/2025\/06\/Noi-dung-doan-van-ban-cua-ban-768x1586.jpg 768w, https:\/\/liveshowdalat.vn\/wp-content\/uploads\/2025\/06\/Noi-dung-doan-van-ban-cua-ban-744x1536.jpg 744w, https:\/\/liveshowdalat.vn\/wp-content\/uploads\/2025\/06\/Noi-dung-doan-van-ban-cua-ban-6x12.jpg 6w, https:\/\/liveshowdalat.vn\/wp-content\/uploads\/2025\/06\/Noi-dung-doan-van-ban-cua-ban-600x1239.jpg 600w\" sizes=\"(max-width: 992px) 100vw, 992px\" \/><\/a><\/p>\n<p><a href=\"https:\/\/liveshowdalat.vn\/wp-content\/uploads\/2025\/10\/Cung-Xuan-Ha-Noi-1-scaled.jpg\"><img loading=\"lazy\" decoding=\"async\" class=\"alignnone size-full wp-image-47165\" src=\"https:\/\/liveshowdalat.vn\/wp-content\/uploads\/2025\/10\/Cung-Xuan-Ha-Noi-1-scaled.jpg\" alt=\"Cung Xu\u00e2n - H\u00e0 N\u1ed9i\" width=\"2560\" height=\"1560\" srcset=\"https:\/\/liveshowdalat.vn\/wp-content\/uploads\/2025\/10\/Cung-Xuan-Ha-Noi-1-scaled.jpg 2560w, https:\/\/liveshowdalat.vn\/wp-content\/uploads\/2025\/10\/Cung-Xuan-Ha-Noi-1-1024x624.jpg 1024w, https:\/\/liveshowdalat.vn\/wp-content\/uploads\/2025\/10\/Cung-Xuan-Ha-Noi-1-768x468.jpg 768w, https:\/\/liveshowdalat.vn\/wp-content\/uploads\/2025\/10\/Cung-Xuan-Ha-Noi-1-1536x936.jpg 1536w, https:\/\/liveshowdalat.vn\/wp-content\/uploads\/2025\/10\/Cung-Xuan-Ha-Noi-1-2048x1248.jpg 2048w, https:\/\/liveshowdalat.vn\/wp-content\/uploads\/2025\/10\/Cung-Xuan-Ha-Noi-1-18x12.jpg 18w, https:\/\/liveshowdalat.vn\/wp-content\/uploads\/2025\/10\/Cung-Xuan-Ha-Noi-1-600x366.jpg 600w\" sizes=\"(max-width: 2560px) 100vw, 2560px\" \/><\/a><a href=\"https:\/\/liveshowdalat.vn\/wp-content\/uploads\/2025\/10\/Cung-Xuan-Ha-Noi-scaled.jpg\"><img loading=\"lazy\" decoding=\"async\" class=\"alignnone size-full wp-image-47166\" src=\"https:\/\/liveshowdalat.vn\/wp-content\/uploads\/2025\/10\/Cung-Xuan-Ha-Noi-scaled.jpg\" alt=\"Cung Xu\u00e2n - H\u00e0 N\u1ed9i\" width=\"2560\" height=\"1560\" srcset=\"https:\/\/liveshowdalat.vn\/wp-content\/uploads\/2025\/10\/Cung-Xuan-Ha-Noi-scaled.jpg 2560w, https:\/\/liveshowdalat.vn\/wp-content\/uploads\/2025\/10\/Cung-Xuan-Ha-Noi-1024x624.jpg 1024w, https:\/\/liveshowdalat.vn\/wp-content\/uploads\/2025\/10\/Cung-Xuan-Ha-Noi-768x468.jpg 768w, https:\/\/liveshowdalat.vn\/wp-content\/uploads\/2025\/10\/Cung-Xuan-Ha-Noi-1536x936.jpg 1536w, https:\/\/liveshowdalat.vn\/wp-content\/uploads\/2025\/10\/Cung-Xuan-Ha-Noi-2048x1248.jpg 2048w, https:\/\/liveshowdalat.vn\/wp-content\/uploads\/2025\/10\/Cung-Xuan-Ha-Noi-18x12.jpg 18w, https:\/\/liveshowdalat.vn\/wp-content\/uploads\/2025\/10\/Cung-Xuan-Ha-Noi-600x366.jpg 600w\" sizes=\"(max-width: 2560px) 100vw, 2560px\" \/><\/a><\/p>\n<h2><span style=\"color: #003300\"><b>Li\u00ean H\u1ec7 Book V\u00e9\u00a0<br \/>\n<\/b><\/span><span style=\"font-family: arial, helvetica, sans-serif\"><span style=\"font-size: 14pt;color: #000000\"><b>Hotline\/Zalo:\u00a0<\/b><\/span><strong><span style=\"font-size: 14pt\">0988 249 297<br \/>\n<\/span><\/strong><\/span><span style=\"font-size: 14pt\">Fanpage booking:\u00a0<a href=\"https:\/\/www.facebook.com\/liveshowdalat\/\" target=\"_blank\" rel=\"noopener\">M\u00e2y Lang Thang<\/a><br \/>\n<\/span><span style=\"font-size: 14pt\">Xem th\u00eam b\u00e0i vi\u1ebft kh\u00e1c t\u1ea1i:\u00a0<a href=\"https:\/\/maylangthangshow.com\/\" rel=\"noopener\">Cloud Wandered Show\u00a0<\/a><\/span><\/h2>","protected":false},"excerpt":{"rendered":"<p><strong>M\u00e2y Lang Thang H\u00e0 N\u1ed9i<\/strong> &#8211;<strong> Th\u00e1ng 11\/2025<\/strong><\/p>\n<p><span style=\"font-size: 14pt\">Trung t\u00e2m T\u1ed5 ch\u1ee9c S\u1ef1 ki\u1ec7n Cung Xu\u00e2n\u00a0&#8211; S\u00f4\u0301 01 Vo\u0303 Thi\u0323 Sa\u0301u, Ph\u01b0\u01a1\u0300ng Ba\u0323ch Mai, Tp Ha\u0300 N\u00f4\u0323i.<\/span><\/p>","protected":false},"featured_media":47151,"comment_status":"open","ping_status":"closed","template":"","meta":[],"product_cat":[2415,31,49],"product_tag":[2980,2585,2664,3164,75,3284],"_links":{"self":[{"href":"https:\/\/liveshowdalat.vn\/en\/wp-json\/wp\/v2\/product\/47160"}],"collection":[{"href":"https:\/\/liveshowdalat.vn\/en\/wp-json\/wp\/v2\/product"}],"about":[{"href":"https:\/\/liveshowdalat.vn\/en\/wp-json\/wp\/v2\/types\/product"}],"replies":[{"embeddable":true,"href":"https:\/\/liveshowdalat.vn\/en\/wp-json\/wp\/v2\/comments?post=47160"}],"wp:featuredmedia":[{"embeddable":true,"href":"https:\/\/liveshowdalat.vn\/en\/wp-json\/wp\/v2\/media\/47151"}],"wp:attachment":[{"href":"https:\/\/liveshowdalat.vn\/en\/wp-json\/wp\/v2\/media?parent=47160"}],"wp:term":[{"taxonomy":"product_cat","embeddable":true,"href":"https:\/\/liveshowdalat.vn\/en\/wp-json\/wp\/v2\/product_cat?post=47160"},{"taxonomy":"product_tag","embeddable":true,"href":"https:\/\/liveshowdalat.vn\/en\/wp-json\/wp\/v2\/product_tag?post=47160"}],"curies":[{"name":"wp","href":"https:\/\/api.w.org\/{rel}","templated":true}]}}