{"id":47122,"date":"2025-10-24T05:28:01","date_gmt":"2025-10-23T22:28:01","guid":{"rendered":"https:\/\/liveshowdalat.vn\/?post_type=product&#038;p=47122"},"modified":"2025-11-05T11:58:54","modified_gmt":"2025-11-05T04:58:54","slug":"may-lang-thang-ha-noi-nha-concert-ha-noi-07-12","status":"publish","type":"product","link":"https:\/\/liveshowdalat.vn\/en\/may-lang-thang-ha-noi-nha-concert-ha-noi-07-12.html","title":{"rendered":"NH\u00c3 CONCERT &#8211; H\u00c0 N\u1ed8I 07.12"},"content":{"rendered":"<nav class=\"vietrick-auto-toc\">\n<div class=\"box-title\">\n<h3 class=\"toc-title\" id=\"select-menu\">Danh m\u1ee5c ch\u00ednh<\/h3>\n<div><ion-icon name=\"chevron-up-outline\"><\/ion-icon><\/div>\n<\/div>\n<ul class=\"toc-list\">\n<li><a href='https:\/\/liveshowdalat.vn\/en#lan-nha' class='heading-h2 toc-link smooth-scroll'>L\u00c2N NH\u00c3<\/a><\/ul>\n<\/ul>\n<\/li>\n<\/ul>\n<\/nav>\n<h2 style=\"text-align: center\" id=\"lan-nha\"><span style=\"color: #003300\"><strong><span style=\"font-size: 24pt\">L\u00c2N NH\u00c3<\/span><\/strong><\/span><\/h2>\n<p style=\"text-align: center\"><span style=\"color: #003366;font-size: 14pt\"><strong>CUNG H\u1eeeU NGH\u1eca VI\u1ec6T &#8211; X\u00d4<\/strong><\/span><\/p>\n<p style=\"text-align: center\"><span style=\"font-family: 'courier new', courier, monospace\"><span style=\"font-size: 14pt\"><strong><span style=\"vertical-align: inherit\"><span style=\"vertical-align: inherit\">07\/12\/2025<\/span><\/span><\/strong><\/span><\/span><\/p>\n<p style=\"text-align: center\"><span style=\"font-size: 14pt;font-family: 'courier new', courier, monospace\"><strong><span style=\"vertical-align: inherit\"><span style=\"vertical-align: inherit\">SHOWTIME 20:00<\/span><\/span><\/strong><\/span><\/p>\n<p style=\"text-align: center\"><span style=\"font-size: 24pt;font-family: arial, helvetica, sans-serif\"><strong>TH\u00d4NG TIN<\/strong><\/span><\/p>\n<table style=\"width: 100%;border-collapse: collapse;border-style: solid;border-color: #030000\" border=\"1\">\n<tbody>\n<tr>\n<td style=\"width: 60.0346%\"><span style=\"font-size: 14pt;color: #000000\"><strong>\u00a0PREMIUM \/ NH\u00c3<\/strong><\/span><\/td>\n<td style=\"width: 39.9654%;text-align: center\"><span style=\"color: #000000\"><strong><span style=\"font-size: 14pt\">5.900.000 VN\u0110<\/span><\/strong><\/span><\/td>\n<\/tr>\n<tr>\n<td style=\"width: 60.0346%\"><span style=\"font-size: 14pt;color: #000000\"><strong>\u00a0VIP \/ NHI\u00caN<\/strong><\/span><\/td>\n<td style=\"width: 39.9654%;text-align: center\"><span style=\"color: #000000\"><strong><span style=\"font-size: 14pt\">5.000.000 VN\u0110<\/span><\/strong><\/span><\/td>\n<\/tr>\n<tr>\n<td style=\"width: 60.0346%\"><span style=\"font-size: 14pt;color: #000000\"><strong>\u00a0STANDARD 1 \/ TH\u1edcI GIAN N\u00c0O PHAI D\u1ea4U<\/strong><\/span><\/td>\n<td style=\"width: 39.9654%;text-align: center\"><span style=\"color: #000000\"><strong><span style=\"font-size: 14pt\">4.200.000 VN\u0110<\/span><\/strong><\/span><\/td>\n<\/tr>\n<tr>\n<td style=\"width: 60.0346%\"><span style=\"font-size: 14pt;color: #000000\"><strong>\u00a0STANDARD 2 \/ TR\u01af\u1edaC KHI NG\u00c0Y MAI \u0110\u1ebeN<\/strong><\/span><\/td>\n<td style=\"width: 39.9654%;text-align: center\"><span style=\"color: #000000\"><strong><span style=\"font-size: 14pt\">3.400.000 VN\u0110<\/span><\/strong><\/span><\/td>\n<\/tr>\n<tr>\n<td style=\"width: 60.0346%\"><span style=\"font-size: 14pt;color: #000000\"><strong>\u00a0STANDARD 3 \/ M\u00c3I Y\u00caU M\u00ccNH EM<\/strong><\/span><\/td>\n<td style=\"width: 39.9654%;text-align: center\"><span style=\"color: #000000\"><strong><span style=\"font-size: 14pt\">2.500.000 VN\u0110<\/span><\/strong><\/span><\/td>\n<\/tr>\n<\/tbody>\n<\/table>\n<p><a href=\"https:\/\/liveshowdalat.vn\/wp-content\/uploads\/2025\/10\/Nha-Concert-May-Lang-Thang-Ha-Noi-.jpg\"><img loading=\"lazy\" decoding=\"async\" class=\"alignnone size-full wp-image-47129\" src=\"https:\/\/liveshowdalat.vn\/wp-content\/uploads\/2025\/10\/Nha-Concert-May-Lang-Thang-Ha-Noi-.jpg\" alt=\"Nh\u00e3 Concert - M\u00e2y Lang Thang H\u00e0 N\u1ed9i\" width=\"1638\" height=\"2048\" srcset=\"https:\/\/liveshowdalat.vn\/wp-content\/uploads\/2025\/10\/Nha-Concert-May-Lang-Thang-Ha-Noi-.jpg 1638w, https:\/\/liveshowdalat.vn\/wp-content\/uploads\/2025\/10\/Nha-Concert-May-Lang-Thang-Ha-Noi--819x1024.jpg 819w, https:\/\/liveshowdalat.vn\/wp-content\/uploads\/2025\/10\/Nha-Concert-May-Lang-Thang-Ha-Noi--768x960.jpg 768w, https:\/\/liveshowdalat.vn\/wp-content\/uploads\/2025\/10\/Nha-Concert-May-Lang-Thang-Ha-Noi--1229x1536.jpg 1229w, https:\/\/liveshowdalat.vn\/wp-content\/uploads\/2025\/10\/Nha-Concert-May-Lang-Thang-Ha-Noi--10x12.jpg 10w, https:\/\/liveshowdalat.vn\/wp-content\/uploads\/2025\/10\/Nha-Concert-May-Lang-Thang-Ha-Noi--600x750.jpg 600w\" sizes=\"(max-width: 1638px) 100vw, 1638px\" \/><\/a><\/p>\n<p><span style=\"color: #003300\"><strong><span style=\"font-size: 18pt\">Th\u00f4ng tin show di\u1ec5n<\/span><\/strong><\/span><\/p>\n<p><span style=\"font-size: 14pt\"><strong>&#8211; VUI L\u00d2NG \u0110EM THEO V\u00c9 GI\u1ea4Y \u0110\u1ec2 THAM GIA SHOW DI\u1ec4N. TR\u01af\u1edcNG H\u1ee2P M\u1ea4T V\u00c9 S\u1ebc KH\u00d4NG \u0110\u01af\u1ee2C GI\u1ea2I QUY\u1ebeT<\/strong><\/span><\/p>\n<p><span style=\"font-size: 14pt\"><strong>&#8211; Gi\u00e1 v\u00e9 \u0111\u00e3 bao g\u1ed3m VAT<\/strong><\/span><\/p>\n<p><span style=\"font-size: 14pt\">&#8211; V\u00e9 c\u1ee7a show NH\u00c3 CONCERT s\u1ebd <strong>kh\u00f4ng<\/strong>\u00a0h\u1ed7 tr\u1ee3 ho\u00e0n\/ \u0111\u1ed5i\/ tr\u1ea3 ho\u1eb7c b\u1ea3o l\u01b0u.<\/span><\/p>\n<p><span style=\"font-size: 14pt\">&#8211; M\u1ed7i gh\u1ebf ch\u1ec9 d\u00e0nh cho 01 ng\u01b0\u1eddi. Tr\u1ebb em d\u01b0\u1edbi 6 tu\u1ed5i kh\u00f4ng \u0111\u01b0\u1ee3c tham gia ch\u01b0\u01a1ng tr\u00ecnh, tr\u1ebb em t\u1eeb 6 tu\u1ed5i tr\u1edf l\u00ean gi\u00e1 v\u00e9 b\u1eb1ng 100% v\u00e9 ng\u01b0\u1eddi l\u1edbn.<\/span><\/p>\n<p><span style=\"font-size: 14pt\"><strong>&#8211; \u0110\u1ecba \u0111i\u1ec3m t\u1ed5 ch\u1ee9c thu\u1ed9c CUNG V\u0102N H\u00d3A H\u1eeeU NGH\u1eca VI\u1ec6T &#8211; X\u00d4 \u2013 91, Tr\u1ea7n H\u01b0ng \u0110\u1ea1o, Ph\u01b0\u1eddng C\u1eeda Nam, H\u00e0 N\u1ed9i.<\/strong>\u00a0Qu\u00fd kh\u00e1ch l\u01b0u \u00fd \u0111\u1ecba \u0111i\u1ec3m t\u1ed5 ch\u1ee9c \u0111\u1ec3 s\u1eafp x\u1ebfp th\u1eddi gian v\u00e0 ph\u01b0\u01a1ng ti\u1ec7n di chuy\u1ec3n ph\u00f9 h\u1ee3p.<\/span><\/p>\n<p><span style=\"font-size: 14pt\">&#8211; M\u00e2y s\u1ebd g\u1eedi v\u00e9 gi\u1ea5y \u0111\u1ebfn qu\u00fd kh\u00e1ch tr\u01b0\u1edbc ng\u00e0y 04\/12 (Th\u1eddi gian nh\u1eadn \u0111\u01b0\u1ee3c v\u00e9 s\u1ebd ph\u1ee5 thu\u1ed9c v\u00e0o \u0111i\u1ec1u ki\u1ec7n th\u1ef1c t\u1ebf v\u00e0 \u0111\u1ecba ch\u1ec9 m\u00e0 qu\u00fd kh\u00e1ch \u0111\u00e3 cung c\u1ea5p). Tr\u01b0\u1edbc khi g\u1eedi v\u00e9, BTC s\u1ebd th\u00f4ng b\u00e1o qua email \u0111\u00e3 \u0111\u0103ng k\u00fd.<\/span><\/p>\n<p><span style=\"font-size: 14pt\"><strong>&#8211; Qu\u00fd kh\u00e1ch vui l\u00f2ng \u0111i\u1ec1n th\u00f4ng tin nh\u1eadn v\u00e9 v\u00e0o \u00f4 b\u00ean d\u01b0\u1edbi khi \u0111\u1eb7t ch\u1ed7.<\/strong><\/span><\/p>\n<p><span style=\"font-size: 14pt\">&#8211; N\u1ebfu qu\u00fd kh\u00e1ch \u0111\u1eb7t v\u00e9 sau ng\u00e0y 04\/12, qu\u00fd kh\u00e1ch vui l\u00f2ng nh\u1eadn v\u00e9 gi\u1ea5y t\u1ea1i b\u00e0n check-in \u1edf show di\u1ec5n.<\/span><\/p>\n<p><span style=\"font-size: 14pt\">&#8211; C\u00e1c v\u1ecb tr\u00ed gh\u1ebf c\u00f3 k\u00fd t\u1ef1 b\u1eaft \u0111\u1ea7u b\u1eb1ng T2&#8230; (V\u00ed d\u1ee5: T2A.21, T2A.23) l\u00e0 nh\u1eefng h\u00e0ng thu\u1ed9c khu v\u1ef1c t\u1ea7ng 2.<\/span><\/p>\n<p><span style=\"font-size: 14pt\">&#8211; V\u00e9 kh\u00f4ng bao g\u1ed3m \u0111\u1ed3 \u0103n &amp; th\u1ee9c u\u1ed1ng. Do quy \u0111\u1ecbnh c\u1ee7a nh\u00e0 h\u00e1t, qu\u00fd kh\u00e1ch vui l\u00f2ng kh\u00f4ng mang \u0111\u1ed3 \u0103n th\u1ee9c u\u1ed1ng b\u00ean ngo\u00e0i v\u00e0o b\u00ean trong s\u00e2n kh\u1ea5u.<\/span><\/p>\n<p><span style=\"font-size: 14pt\">&#8211; QU\u00dd KH\u00c1CH VUI L\u00d2NG XEM K\u1ef8 S\u01a0 \u0110\u1ed2 M\u00d4 T\u1ea2 CH\u1ed6 NG\u1ed2I V\u00c0 H\u00ccNH \u1ea2NH S\u00c2N KH\u1ea4U NGAY B\u00caN D\u01af\u1edaI \u0110\u1ec2 CH\u1eccN GH\u1ebe NG\u1ed2I PH\u00d9 H\u1ee2P.<\/span><\/p>\n<p><span style=\"font-size: 18pt;color: #003300\"><a href=\"https:\/\/liveshowdalat.vn\/wp-content\/uploads\/2025\/10\/Nha-Concert-scaled.jpg\"><img loading=\"lazy\" decoding=\"async\" class=\"alignnone size-full wp-image-47130\" src=\"https:\/\/liveshowdalat.vn\/wp-content\/uploads\/2025\/10\/Nha-Concert-scaled.jpg\" alt=\"Nh\u00e3 Concert\" width=\"2560\" height=\"2560\" srcset=\"https:\/\/liveshowdalat.vn\/wp-content\/uploads\/2025\/10\/Nha-Concert-scaled.jpg 2560w, https:\/\/liveshowdalat.vn\/wp-content\/uploads\/2025\/10\/Nha-Concert-1024x1024.jpg 1024w, https:\/\/liveshowdalat.vn\/wp-content\/uploads\/2025\/10\/Nha-Concert-768x768.jpg 768w, https:\/\/liveshowdalat.vn\/wp-content\/uploads\/2025\/10\/Nha-Concert-1536x1536.jpg 1536w, https:\/\/liveshowdalat.vn\/wp-content\/uploads\/2025\/10\/Nha-Concert-2048x2048.jpg 2048w, https:\/\/liveshowdalat.vn\/wp-content\/uploads\/2025\/10\/Nha-Concert-12x12.jpg 12w, https:\/\/liveshowdalat.vn\/wp-content\/uploads\/2025\/10\/Nha-Concert-300x300.jpg 300w, https:\/\/liveshowdalat.vn\/wp-content\/uploads\/2025\/10\/Nha-Concert-600x600.jpg 600w, https:\/\/liveshowdalat.vn\/wp-content\/uploads\/2025\/10\/Nha-Concert-100x100.jpg 100w\" sizes=\"(max-width: 2560px) 100vw, 2560px\" \/><\/a><b><\/b><\/span><\/p>\n<p><a href=\"https:\/\/liveshowdalat.vn\/wp-content\/uploads\/2025\/10\/2_T_and_C_0abb5591d0.png\"><img loading=\"lazy\" decoding=\"async\" class=\"alignnone size-full wp-image-47131\" src=\"https:\/\/liveshowdalat.vn\/wp-content\/uploads\/2025\/10\/2_T_and_C_0abb5591d0.png\" alt=\"Nh\u00e3 Concert\" width=\"1612\" height=\"1610\" \/><\/a><\/p>\n<p><span style=\"color: #003300\"><strong><span style=\"font-size: 18pt\">S\u01a1 \u0110\u1ed3 V\u1ecb Tr\u00ed Th\u1ef1c T\u1ebf<\/span><\/strong><\/span><\/p>\n<p><a href=\"https:\/\/liveshowdalat.vn\/wp-content\/uploads\/2025\/10\/Cung-Huu-Nghi-Viet-Xo-Ha-Noi-scaled.jpg\"><img loading=\"lazy\" decoding=\"async\" class=\"alignnone size-full wp-image-47134\" src=\"https:\/\/liveshowdalat.vn\/wp-content\/uploads\/2025\/10\/Cung-Huu-Nghi-Viet-Xo-Ha-Noi-scaled.jpg\" alt=\"Cung H\u1eefu Ngh\u1ecb Vi\u1ec7t X\u00f4 - H\u00e0 N\u1ed9i\" width=\"2560\" height=\"1560\" srcset=\"https:\/\/liveshowdalat.vn\/wp-content\/uploads\/2025\/10\/Cung-Huu-Nghi-Viet-Xo-Ha-Noi-scaled.jpg 2560w, https:\/\/liveshowdalat.vn\/wp-content\/uploads\/2025\/10\/Cung-Huu-Nghi-Viet-Xo-Ha-Noi-1024x624.jpg 1024w, https:\/\/liveshowdalat.vn\/wp-content\/uploads\/2025\/10\/Cung-Huu-Nghi-Viet-Xo-Ha-Noi-768x468.jpg 768w, https:\/\/liveshowdalat.vn\/wp-content\/uploads\/2025\/10\/Cung-Huu-Nghi-Viet-Xo-Ha-Noi-1536x936.jpg 1536w, https:\/\/liveshowdalat.vn\/wp-content\/uploads\/2025\/10\/Cung-Huu-Nghi-Viet-Xo-Ha-Noi-2048x1248.jpg 2048w, https:\/\/liveshowdalat.vn\/wp-content\/uploads\/2025\/10\/Cung-Huu-Nghi-Viet-Xo-Ha-Noi-18x12.jpg 18w, https:\/\/liveshowdalat.vn\/wp-content\/uploads\/2025\/10\/Cung-Huu-Nghi-Viet-Xo-Ha-Noi-600x366.jpg 600w\" sizes=\"(max-width: 2560px) 100vw, 2560px\" \/><\/a><\/p>\n<h2><span style=\"color: #003300\"><b>Li\u00ean H\u1ec7 Book V\u00e9\u00a0<br \/>\n<\/b><\/span><span style=\"font-family: arial, helvetica, sans-serif\"><span style=\"font-size: 14pt;color: #000000\"><b>Hotline\/Zalo:\u00a0<\/b><\/span><strong><span style=\"font-size: 14pt\">0988 249 297<br \/>\n<\/span><\/strong><\/span><span style=\"font-size: 14pt\">Fanpage booking:\u00a0<a href=\"https:\/\/www.facebook.com\/liveshowdalat\/\" target=\"_blank\" rel=\"noopener\">M\u00e2y Lang Thang<\/a><br \/>\n<\/span><span style=\"font-size: 14pt\">Xem th\u00eam b\u00e0i vi\u1ebft kh\u00e1c t\u1ea1i:\u00a0<a href=\"https:\/\/maylangthangshow.com\/\" rel=\"noopener\">Cloud Wandered Show\u00a0<\/a><\/span><\/h2>","protected":false},"excerpt":{"rendered":"<p><strong>M\u00e2y Lang Thang H\u00e0 N\u1ed9i<\/strong> &#8211;<strong> Th\u00e1ng 12\/2025<\/strong><\/p>\n<p>CUNG H\u1eeeU NGH\u1eca VI\u1ec6T &#8211; X\u00d4 | 91 Tr\u1ea7n H\u01b0ng \u0110\u1ea1o, Ph\u01b0\u1eddng C\u1eeda Nam, H\u00e0 N\u1ed9i.<\/p>","protected":false},"featured_media":47129,"comment_status":"open","ping_status":"closed","template":"","meta":[],"product_cat":[2415,31,49],"product_tag":[3273,2653,2585,2664,75],"_links":{"self":[{"href":"https:\/\/liveshowdalat.vn\/en\/wp-json\/wp\/v2\/product\/47122"}],"collection":[{"href":"https:\/\/liveshowdalat.vn\/en\/wp-json\/wp\/v2\/product"}],"about":[{"href":"https:\/\/liveshowdalat.vn\/en\/wp-json\/wp\/v2\/types\/product"}],"replies":[{"embeddable":true,"href":"https:\/\/liveshowdalat.vn\/en\/wp-json\/wp\/v2\/comments?post=47122"}],"wp:featuredmedia":[{"embeddable":true,"href":"https:\/\/liveshowdalat.vn\/en\/wp-json\/wp\/v2\/media\/47129"}],"wp:attachment":[{"href":"https:\/\/liveshowdalat.vn\/en\/wp-json\/wp\/v2\/media?parent=47122"}],"wp:term":[{"taxonomy":"product_cat","embeddable":true,"href":"https:\/\/liveshowdalat.vn\/en\/wp-json\/wp\/v2\/product_cat?post=47122"},{"taxonomy":"product_tag","embeddable":true,"href":"https:\/\/liveshowdalat.vn\/en\/wp-json\/wp\/v2\/product_tag?post=47122"}],"curies":[{"name":"wp","href":"https:\/\/api.w.org\/{rel}","templated":true}]}}