{"id":47044,"date":"2025-10-02T08:28:59","date_gmt":"2025-10-02T01:28:59","guid":{"rendered":"https:\/\/liveshowdalat.vn\/?post_type=product&#038;p=47044"},"modified":"2025-10-07T15:27:09","modified_gmt":"2025-10-07T08:27:09","slug":"lululola-show-lich-dien-lululola-show-thang-11-2025","status":"publish","type":"product","link":"https:\/\/liveshowdalat.vn\/en\/lululola-show-lich-dien-lululola-show-thang-11-2025.html","title":{"rendered":"L\u1ecaCH DI\u1ec4N LULULOLA SHOW TH\u00c1NG 11\/2025"},"content":{"rendered":"<nav class=\"vietrick-auto-toc\">\n<div class=\"box-title\">\n<h3 class=\"toc-title\" id=\"select-menu\">Danh m\u1ee5c ch\u00ednh<\/h3>\n<div><ion-icon name=\"chevron-up-outline\"><\/ion-icon><\/div>\n<\/div>\n<ul class=\"toc-list\">\n<li><a href='https:\/\/liveshowdalat.vn\/en#lich-dien-lululola-show-thang-11-2025' class='heading-h2 toc-link smooth-scroll'>L\u1ecaCH DI\u1ec4N LULULOLA SHOW TH\u00c1NG 11\/2025<\/a>\n<li><a href='https:\/\/liveshowdalat.vn\/en#lien-he-book-ve' class='heading-h2 toc-link smooth-scroll'>Li\u00ean H\u1ec7 Book V\u00e9\u00a0<\/a><\/ul>\n<\/ul>\n<\/li>\n<\/ul>\n<\/nav>\n<h2 style=\"text-align: center\" id=\"lich-dien-lululola-show-thang-11-2025\"><strong><span style=\"font-size: 24pt;color: #800000\">L\u1ecaCH DI\u1ec4N LULULOLA SHOW TH\u00c1NG 11\/2025<\/span><\/strong><\/h2>\n<p><span style=\"font-size: 14pt\"><span style=\"font-family: georgia, palatino, serif\"><strong><em>Lululola Show<\/em><\/strong><\/span> &#8211; &#8220;H\u01a1n c\u1ea3 \u00e2m nh\u1ea1c&#8221;, mang \u0111\u1ebfn cho b\u1ea1n kh\u00f4ng gian l\u00e3ng m\u1ea1n, v\u1edbi view ho\u00e0ng h\u00f4n c\u1ef1c ph\u1ea9m c\u00f9ng nh\u1eefng ti\u1ebft m\u1ee5c liveband ch\u1ea5t l\u01b0\u1ee3ng.<\/span><\/p>\n<p data-start=\"268\" data-end=\"460\"><span style=\"font-size: 14pt\">Th\u00e1ng 11 v\u1ec1, mang theo h\u01a1i th\u1edf se l\u1ea1nh c\u1ee7a m\u00f9a \u0111\u00f4ng, len l\u1ecfi tr\u00ean t\u1eebng g\u00f3c nh\u1ecf s\u00e2n kh\u1ea5u Lululola Show.\u00a0<\/span><\/p>\n<p data-start=\"268\" data-end=\"460\"><span style=\"font-size: 14pt\">B\u1ea1n \u0111\u00e3 s\u1eb5n s\u00e0ng b\u01b0\u1edbc v\u00e0o kh\u00f4ng gian \u00e2m nh\u1ea1c \u0111\u1ea7y c\u1ea3m x\u00fac v\u00e0 l\u00e3ng m\u1ea1n c\u00f9ng <em><strong>L\u1ecbch di\u1ec5n Lululola Show th\u00e1ng 11\/2025<\/strong><\/em> n\u00e0y ch\u01b0a?<\/span><\/p>\n<p data-start=\"462\" data-end=\"728\"><span style=\"font-size: 14pt\">H\u00e3y g\u00e1c l\u1ea1i sau l\u01b0ng nh\u1eefng c\u0103ng th\u1eb3ng v\u00e0 b\u1ed9n b\u1ec1 c\u1ee7a c\u00f4ng vi\u1ec7c, \u0111\u1ec3 Lululola Show d\u1eabn l\u1ed1i b\u1ea1n b\u01b0\u1edbc v\u00e0o v\u0169 tr\u1ee5 \u00e2m nh\u1ea1c \u0111\u1ea7y c\u1ea3m x\u00fac, n\u01a1i t\u1eebng kho\u1ea3nh kh\u1eafc ch\u1ea1m \u0111\u1ebfn cao tr\u00e0o v\u00e0 s\u1ebd khi\u1ebfn tr\u00e1i tim b\u1ea1n v\u1ee1 \u00f2a trong ni\u1ec1m h\u1ea1nh ph\u00fac.<\/span><\/p>\n<p data-start=\"730\" data-end=\"1018\"><span style=\"font-size: 14pt\">V\u1edbi d\u00e0n band nh\u1ea1c chuy\u00ean nghi\u1ec7p, c\u00f9ng nh\u1eefng g\u01b0\u01a1ng m\u1eb7t c\u1ee7a c\u00e1c ca s\u0129 \u0111\u1ea7y th\u1ef1c l\u1ef1c. Lululola Show h\u1ee9a h\u1eb9n mang \u0111\u1ebfn cho ng\u01b0\u1eddi y\u00eau nh\u1ea1c nh\u1eefng gi\u00e2y ph\u00fat th\u01b0\u1edfng th\u1ee9c \u0111\u1eb3ng c\u1ea5p, th\u00f4ng qua nh\u1eefng b\u1ea3n h\u00f2a \u00e2m ph\u1ed1i kh\u00ed b\u00f9ng n\u1ed5, gi\u00fap b\u1ea1n n\u1ea1p l\u1ea1i n\u0103ng l\u01b0\u1ee3ng t\u00edch c\u1ef1c sau chu\u1ed7i ng\u00e0y d\u00e0i m\u1ec7t m\u1ecfi.<\/span><\/p>\n<p data-start=\"1020\" data-end=\"1201\"><span style=\"font-size: 14pt\">H\u00e3y c\u00f9ng Lululola Show l\u00ean chuy\u1ebfn t\u00e0u c\u1ea3m x\u00fac m\u1edbi mang t\u00ean <strong><em data-start=\"1083\" data-end=\"1108\">L\u1ecbch di\u1ec5n Lululola Show th\u00e1ng 11\/2025<\/em><\/strong>, \u0111\u1ec3 kh\u00e1m ph\u00e1 xem th\u00e1ng n\u00e0y s\u1ebd c\u00f3 nh\u1eefng \u0111\u00eam nh\u1ea1c \u0111\u1eb7c s\u1eafc v\u00e0 b\u1ea5t ng\u1edd n\u00e0o \u0111ang ch\u1edd b\u1ea1n nh\u00e9!<\/span><\/p>\n<p data-start=\"312\" data-end=\"664\"><a href=\"https:\/\/liveshowdalat.vn\/wp-content\/uploads\/2025\/10\/Lich-dien-Lululola-Show-thang-11-2025.jpg\"><img loading=\"lazy\" decoding=\"async\" class=\"alignnone size-full wp-image-47047\" src=\"https:\/\/liveshowdalat.vn\/wp-content\/uploads\/2025\/10\/Lich-dien-Lululola-Show-thang-11-2025.jpg\" alt=\"L\u1ecbch di\u1ec5n Lululola Show th\u00e1ng 11 - 2025\" width=\"1633\" height=\"2438\" srcset=\"https:\/\/liveshowdalat.vn\/wp-content\/uploads\/2025\/10\/Lich-dien-Lululola-Show-thang-11-2025.jpg 1633w, https:\/\/liveshowdalat.vn\/wp-content\/uploads\/2025\/10\/Lich-dien-Lululola-Show-thang-11-2025-686x1024.jpg 686w, https:\/\/liveshowdalat.vn\/wp-content\/uploads\/2025\/10\/Lich-dien-Lululola-Show-thang-11-2025-768x1147.jpg 768w, https:\/\/liveshowdalat.vn\/wp-content\/uploads\/2025\/10\/Lich-dien-Lululola-Show-thang-11-2025-1029x1536.jpg 1029w, https:\/\/liveshowdalat.vn\/wp-content\/uploads\/2025\/10\/Lich-dien-Lululola-Show-thang-11-2025-1372x2048.jpg 1372w, https:\/\/liveshowdalat.vn\/wp-content\/uploads\/2025\/10\/Lich-dien-Lululola-Show-thang-11-2025-8x12.jpg 8w, https:\/\/liveshowdalat.vn\/wp-content\/uploads\/2025\/10\/Lich-dien-Lululola-Show-thang-11-2025-600x896.jpg 600w\" sizes=\"(max-width: 1633px) 100vw, 1633px\" \/><\/a><\/p>\n<p style=\"text-align: center\"><span style=\"color: #003300;font-size: 24pt\"><strong>B\u1ea2N TIN D\u1ef0 B\u00c1O HO\u00c0NG H\u00d4N \u2666 LULULOLA SHOW \u2666 \u0110\u00c0 L\u1ea0T \u2666<\/strong><\/span><\/p>\n<p style=\"text-align: center\"><span style=\"color: #003366\"><strong>[UPDATING&#8230;]<\/strong><\/span><\/p>\n<p><span style=\"color: #003300\"><strong><span style=\"font-size: 18pt\">\u2666TH\u00c1NG 11\/2025<\/span><\/strong><\/span><\/p>\n<hr \/>\n<p><span style=\"font-size: 14pt\"><strong>\u03bf [01\/11\/2025] THE MEN \u2013 K\/M CHU TH\u00daY QU\u1ef2NH | C\u00d3 TH\u01af\u01a0NG AI TH\u00caM \u0110\u01af\u1ee2C \u0110\u00c2U<\/strong><\/span><\/p>\n<p><em><a href=\"https:\/\/liveshowdalat.vn\/en\/lululola-show-01-11-2025-the-men-k-m-chu-thuy-quynh-co-thuong-ai-them-duoc-dau.html\/\" target=\"_blank\" rel=\"noopener\">https:\/\/liveshowdalat.vn\/lululola-show-01-11-2025-the-men-k-m-chu-thuy-quynh-co-thuong-ai-them-duoc-dau.html<\/a><\/em><\/p>\n<p><span style=\"font-size: 14pt\"><strong>\u03bf [08\/11\/2025] HO\u00c0I L\u00c2M \u2013 K\/M THANH H\u1eb0NG \u2013 PH\u01af\u1ee2NG V\u0168 \u2013 LAN VY | MINI SHOW HO\u00c0I L\u00c2M \u2013 HOA N\u1ede KH\u00d4NG M\u00c0U<\/strong><\/span><\/p>\n<p><em><a href=\"https:\/\/liveshowdalat.vn\/en\/lululola-show-08-11-2025-hoai-lam-k-m-thanh-hang-phuong-vu-lan-vy-mini-show-hoai-lam-hoa-no-khong-mau.html\/\" target=\"_blank\" rel=\"noopener\">https:\/\/liveshowdalat.vn\/lululola-show-08-11-2025-hoai-lam-k-m-thanh-hang-phuong-vu-lan-vy-mini-show-hoai-lam-hoa-no-khong-mau.html<\/a><\/em><\/p>\n<p><span style=\"font-size: 14pt\"><strong>\u03bf [22\/11\/2025] HI\u1ec0N H\u1ed2 \u2013 KH\u1eaeC VI\u1ec6T | CH\u1ec8 ANH HI\u1ec2U EM<\/strong><\/span><\/p>\n<p><em><a href=\"https:\/\/liveshowdalat.vn\/en\/lululola-show-22-11-2025-hien-ho-khac-viet-chi-anh-hieu-em.html\/\" target=\"_blank\" rel=\"noopener\">https:\/\/liveshowdalat.vn\/lululola-show-22-11-2025-hien-ho-khac-viet-chi-anh-hieu-em.html<\/a><\/em><\/p>\n<div dir=\"auto\">\u2014\u2014\u2014\u2014\u2014\u2014\u2014\u2014\u2014\u2014\u2014\u2014\u2014\u2014\u2014\u2014\u2014<\/div>\n<div dir=\"auto\"><strong><span style=\"font-size: 14pt\">Lululola Show \u0110\u00e0 L\u1ea1t<\/span><\/strong><\/div>\n<div dir=\"auto\"><strong><span style=\"font-size: 14pt\">Add: \u0110\u1ea7u \u0111\u00e8o Prenn, \u0110\u01b0\u1eddng 3\/4, Ph\u01b0\u1eddng 3, Tp \u0110\u00e0 L\u1ea1t<\/span><\/strong><\/div>\n<div dir=\"auto\">L\u1ecaCH DI\u1ec4N LULULOLA SHOW TH\u00c1NG 11\/2025<a href=\"https:\/\/liveshowdalat.vn\/wp-content\/uploads\/2025\/09\/Lululola-Show-1-1.jpg\"><img loading=\"lazy\" decoding=\"async\" class=\"alignnone size-full wp-image-46896\" src=\"https:\/\/liveshowdalat.vn\/wp-content\/uploads\/2025\/09\/Lululola-Show-1-1.jpg\" alt=\"Lululola Show\" width=\"2048\" height=\"1365\" srcset=\"https:\/\/liveshowdalat.vn\/wp-content\/uploads\/2025\/09\/Lululola-Show-1-1.jpg 2048w, https:\/\/liveshowdalat.vn\/wp-content\/uploads\/2025\/09\/Lululola-Show-1-1-1024x683.jpg 1024w, https:\/\/liveshowdalat.vn\/wp-content\/uploads\/2025\/09\/Lululola-Show-1-1-768x512.jpg 768w, https:\/\/liveshowdalat.vn\/wp-content\/uploads\/2025\/09\/Lululola-Show-1-1-1536x1024.jpg 1536w, https:\/\/liveshowdalat.vn\/wp-content\/uploads\/2025\/09\/Lululola-Show-1-1-18x12.jpg 18w, https:\/\/liveshowdalat.vn\/wp-content\/uploads\/2025\/09\/Lululola-Show-1-1-600x400.jpg 600w\" sizes=\"(max-width: 2048px) 100vw, 2048px\" \/><\/a><\/div>\n<p><span style=\"font-size: 18pt;color: #800000\"><b>(*)Ghi ch\u00fa:<\/b><\/span><\/p>\n<p><span style=\"font-weight: 400;font-size: 14pt\">Ch\u1ed7 ng\u01b0\u1eddi l\u1edbn tr\u00ean 12 tu\u1ed5i \u0111\u01b0\u1ee3c t\u00ednh b\u1eb1ng 100% gi\u00e1 ph\u1ee5 thu.<\/span><\/p>\n<p><span style=\"font-weight: 400;font-size: 14pt\">Ch\u1ed7 tr\u1ebb em t\u1eeb 6 \u0111\u1ebfn 12 tu\u1ed5i \u0111\u01b0\u1ee3c t\u00ednh b\u1eb1ng 50% gi\u00e1 ph\u1ee5 thu.<\/span><\/p>\n<p><span style=\"font-weight: 400;font-size: 14pt\">Tr\u1ebb em d\u01b0\u1edbi 6 tu\u1ed5i \u0111\u01b0\u1ee3c mi\u1ec5n ph\u00ed (ng\u1ed3i c\u00f9ng ng\u01b0\u1eddi l\u1edbn v\u00e0 kh\u00f4ng c\u00f3 gh\u1ebf ri\u00eang)<\/span><\/p>\n<p><span style=\"font-weight: 400;font-size: 14pt\">Qu\u00fd kh\u00e1ch vui l\u00f2ng thanh to\u00e1n chuy\u1ec3n kho\u1ea3n tr\u01b0\u1edbc 12h \u0111\u1ec3 gi\u1eef \u0111\u1eb7t ch\u1ed7.(t\u00ednh t\u1eeb th\u1eddi \u0111i\u1ec3m \u0111\u1eb7t ch\u1ed7)<\/span><\/p>\n<p><span style=\"font-weight: 400;font-size: 14pt\">C\u00e1c \u0110\u1eb7t ch\u1ed7 kh\u00f4ng th\u1ef1c hi\u1ec7n \u0111\u00fang v\u00e0 \u0111\u1ee7 c\u00e1c b\u01b0\u1edbc v\u00e0 \u0111\u1ea3m b\u1ea3o th\u1eddi gian theo quy \u0111\u1ecbnh s\u1ebd t\u1ef1 \u0111\u1ed3ng b\u1ecb h\u1ee7y m\u00e0 kh\u00f4ng c\u1ea7n th\u00f4ng b\u00e1o tr\u01b0\u1edbc.<\/span><\/p>\n<p><span style=\"font-size: 18pt;color: #800000\"><b>(*)Ch\u00ednh s\u00e1ch ho\u00e0n v\u00e9, hu\u1ef7 v\u00e9 v\u00e0 b\u1ea3o l\u01b0u.<\/b><\/span><\/p>\n<p><strong><span style=\"font-size: 14pt\">1. Hu\u1ef7 V\u00e9 v\u00e0 B\u1ea3o L\u01b0u V\u00e9:<\/span><\/strong><\/p>\n<p><span style=\"font-weight: 400;font-size: 14pt\">\u2013 Y\u00eau c\u1ea7u hu\u1ef7 v\u00e9 v\u00e0 b\u1ea3o l\u01b0u tr\u01b0\u1edbc gi\u1edd show h\u01a1n 48h . Lululola b\u1ea3o l\u01b0u 70% gi\u00e1 tr\u1ecb v\u00e9.<\/span><\/p>\n<p><span style=\"font-weight: 400;font-size: 14pt\">\u2013 Y\u00eau c\u1ea7u hu\u1ef7 v\u00e9 v\u00e0 b\u1ea3o l\u01b0u tr\u01b0\u1edbc gi\u1edd show trong v\u00f2ng 12-48h. Lululola b\u1ea3o l\u01b0u 50% gi\u00e1 tr\u1ecb v\u00e9.<\/span><\/p>\n<p><span style=\"font-weight: 400;font-size: 14pt\">\u2013 Y\u00eau c\u1ea7u hu\u1ef7 v\u00e9 v\u00e0 b\u1ea3o l\u01b0u tr\u01b0\u1edbc gi\u1edd show d\u01b0\u1edbi 12h. Lululola kh\u00f4ng b\u1ea3o l\u01b0u v\u00e9.<\/span><\/p>\n<p><span style=\"font-size: 14pt;color: #003300\"><b>* Gi\u00e1 tr\u1ecb b\u1ea3o l\u01b0u c\u00f3 th\u1eddi h\u1ea1n 90 ng\u00e0y cho nh\u1eefng show sau.<\/b><\/span><\/p>\n<p><strong><span style=\"font-size: 14pt\">2. Hu\u1ef7 V\u00e9 v\u00e0 Ho\u00e0n Ti\u1ec1n<\/span><\/strong><\/p>\n<p><span style=\"font-weight: 400;font-size: 14pt\">\u2013 Y\u00eau c\u1ea7u hu\u1ef7 v\u00e9 v\u00e0 ho\u00e0n ti\u1ec1n tr\u01b0\u1edbc gi\u1edd show h\u01a1n 48h . Ho\u00e0n 50% gi\u00e1 Tr\u1ecb v\u00e9<\/span><\/p>\n<p><span style=\"font-weight: 400;font-size: 14pt\">\u2013 Y\u00eau c\u1ea7u hu\u1ef7 v\u00e9 v\u00e0 ho\u00e0n ti\u1ec1n tr\u01b0\u1edbc gi\u1edd show trong v\u00f2ng 12-48h. Ho\u00e0n 30% gi\u00e1 Tr\u1ecb v\u00e9<\/span><\/p>\n<p><span style=\"font-weight: 400;font-size: 14pt\">\u2013 Y\u00eau c\u1ea7u hu\u1ef7 v\u00e9 v\u00e0 ho\u00e0n ti\u1ec1n tr\u01b0\u1edbc gi\u1edd show d\u01b0\u1edbi 12h. Kh\u00f4ng ho\u00e0n ti\u1ec1n.<\/span><\/p>\n<h2 id=\"lien-he-book-ve\"><a href=\"https:\/\/liveshowdalat.vn\/wp-content\/uploads\/2025\/09\/Lululola-Show-3-scaled.jpg\"><img loading=\"lazy\" decoding=\"async\" class=\"alignnone size-full wp-image-46876\" src=\"https:\/\/liveshowdalat.vn\/wp-content\/uploads\/2025\/09\/Lululola-Show-3-scaled.jpg\" alt=\"Lululola Show\" width=\"2560\" height=\"1560\" srcset=\"https:\/\/liveshowdalat.vn\/wp-content\/uploads\/2025\/09\/Lululola-Show-3-scaled.jpg 2560w, https:\/\/liveshowdalat.vn\/wp-content\/uploads\/2025\/09\/Lululola-Show-3-1024x624.jpg 1024w, https:\/\/liveshowdalat.vn\/wp-content\/uploads\/2025\/09\/Lululola-Show-3-768x468.jpg 768w, https:\/\/liveshowdalat.vn\/wp-content\/uploads\/2025\/09\/Lululola-Show-3-1536x936.jpg 1536w, https:\/\/liveshowdalat.vn\/wp-content\/uploads\/2025\/09\/Lululola-Show-3-2048x1248.jpg 2048w, https:\/\/liveshowdalat.vn\/wp-content\/uploads\/2025\/09\/Lululola-Show-3-18x12.jpg 18w, https:\/\/liveshowdalat.vn\/wp-content\/uploads\/2025\/09\/Lululola-Show-3-600x366.jpg 600w\" sizes=\"(max-width: 2560px) 100vw, 2560px\" \/><\/a><a href=\"https:\/\/liveshowdalat.vn\/wp-content\/uploads\/2025\/09\/Lululola-Show-2-scaled.jpg\"><img loading=\"lazy\" decoding=\"async\" class=\"alignnone size-full wp-image-46877\" src=\"https:\/\/liveshowdalat.vn\/wp-content\/uploads\/2025\/09\/Lululola-Show-2-scaled.jpg\" alt=\"Lululola Show\" width=\"2560\" height=\"1560\" srcset=\"https:\/\/liveshowdalat.vn\/wp-content\/uploads\/2025\/09\/Lululola-Show-2-scaled.jpg 2560w, https:\/\/liveshowdalat.vn\/wp-content\/uploads\/2025\/09\/Lululola-Show-2-1024x624.jpg 1024w, https:\/\/liveshowdalat.vn\/wp-content\/uploads\/2025\/09\/Lululola-Show-2-768x468.jpg 768w, https:\/\/liveshowdalat.vn\/wp-content\/uploads\/2025\/09\/Lululola-Show-2-1536x936.jpg 1536w, https:\/\/liveshowdalat.vn\/wp-content\/uploads\/2025\/09\/Lululola-Show-2-2048x1248.jpg 2048w, https:\/\/liveshowdalat.vn\/wp-content\/uploads\/2025\/09\/Lululola-Show-2-18x12.jpg 18w, https:\/\/liveshowdalat.vn\/wp-content\/uploads\/2025\/09\/Lululola-Show-2-600x366.jpg 600w\" sizes=\"(max-width: 2560px) 100vw, 2560px\" \/><\/a><a href=\"https:\/\/liveshowdalat.vn\/wp-content\/uploads\/2025\/09\/Lululola-Show-1-scaled.jpg\"><img loading=\"lazy\" decoding=\"async\" class=\"alignnone size-full wp-image-46878\" src=\"https:\/\/liveshowdalat.vn\/wp-content\/uploads\/2025\/09\/Lululola-Show-1-scaled.jpg\" alt=\"Lululola Show\" width=\"2560\" height=\"1560\" srcset=\"https:\/\/liveshowdalat.vn\/wp-content\/uploads\/2025\/09\/Lululola-Show-1-scaled.jpg 2560w, https:\/\/liveshowdalat.vn\/wp-content\/uploads\/2025\/09\/Lululola-Show-1-1024x624.jpg 1024w, https:\/\/liveshowdalat.vn\/wp-content\/uploads\/2025\/09\/Lululola-Show-1-768x468.jpg 768w, https:\/\/liveshowdalat.vn\/wp-content\/uploads\/2025\/09\/Lululola-Show-1-1536x936.jpg 1536w, https:\/\/liveshowdalat.vn\/wp-content\/uploads\/2025\/09\/Lululola-Show-1-2048x1248.jpg 2048w, https:\/\/liveshowdalat.vn\/wp-content\/uploads\/2025\/09\/Lululola-Show-1-18x12.jpg 18w, https:\/\/liveshowdalat.vn\/wp-content\/uploads\/2025\/09\/Lululola-Show-1-600x366.jpg 600w\" sizes=\"(max-width: 2560px) 100vw, 2560px\" \/><\/a><span style=\"color: #800000\"><b>Li\u00ean H\u1ec7 Book V\u00e9\u00a0<\/b><\/span><\/h2>\n<p><em>L\u1ecaCH DI\u1ec4N LULULOLA SHOW TH\u00c1NG 11\/2025<\/em><\/p>\n<p><span style=\"color: #003300;font-size: 14pt\"><b>Hotline\/Zalo: 0988 249 297<\/b><\/span><\/p>\n<p><span style=\"font-size: 14pt\"><span style=\"font-weight: 400\">Fanpage booking: <\/span><a href=\"https:\/\/www.facebook.com\/liveshowdalat\/\" rel=\"noopener\"><span style=\"font-weight: 400\">Lululola Coffee+<\/span><\/a><\/span><\/p>\n<p><span style=\"font-size: 14pt\"><span style=\"font-weight: 400\">Xem th\u00eam b\u00e0i vi\u1ebft kh\u00e1c t\u1ea1i: <a href=\"https:\/\/lululolashow.com\/\" rel=\"noopener\">Lululola Show<\/a><\/span><\/span><\/p>","protected":false},"excerpt":{"rendered":"<p>L\u1ecbch di\u1ec5n Lululola Show th\u00e1ng 11\/2025<\/p>","protected":false},"featured_media":47047,"comment_status":"open","ping_status":"closed","template":"","meta":[],"product_cat":[2421,24,31],"product_tag":[2629,2746,2606],"_links":{"self":[{"href":"https:\/\/liveshowdalat.vn\/en\/wp-json\/wp\/v2\/product\/47044"}],"collection":[{"href":"https:\/\/liveshowdalat.vn\/en\/wp-json\/wp\/v2\/product"}],"about":[{"href":"https:\/\/liveshowdalat.vn\/en\/wp-json\/wp\/v2\/types\/product"}],"replies":[{"embeddable":true,"href":"https:\/\/liveshowdalat.vn\/en\/wp-json\/wp\/v2\/comments?post=47044"}],"wp:featuredmedia":[{"embeddable":true,"href":"https:\/\/liveshowdalat.vn\/en\/wp-json\/wp\/v2\/media\/47047"}],"wp:attachment":[{"href":"https:\/\/liveshowdalat.vn\/en\/wp-json\/wp\/v2\/media?parent=47044"}],"wp:term":[{"taxonomy":"product_cat","embeddable":true,"href":"https:\/\/liveshowdalat.vn\/en\/wp-json\/wp\/v2\/product_cat?post=47044"},{"taxonomy":"product_tag","embeddable":true,"href":"https:\/\/liveshowdalat.vn\/en\/wp-json\/wp\/v2\/product_tag?post=47044"}],"curies":[{"name":"wp","href":"https:\/\/api.w.org\/{rel}","templated":true}]}}