{"id":46964,"date":"2025-09-22T09:40:53","date_gmt":"2025-09-22T02:40:53","guid":{"rendered":"https:\/\/liveshowdalat.vn\/?post_type=product&#038;p=46964"},"modified":"2025-10-31T05:22:07","modified_gmt":"2025-10-30T22:22:07","slug":"lich-dien-may-lang-thang-thang-11-2025","status":"publish","type":"product","link":"https:\/\/liveshowdalat.vn\/en\/lich-dien-may-lang-thang-thang-11-2025.html","title":{"rendered":"L\u1ecaCH DI\u1ec4N M\u00c2Y LANG THANG TH\u00c1NG 11\/2025"},"content":{"rendered":"<nav class=\"vietrick-auto-toc\">\n<div class=\"box-title\">\n<h3 class=\"toc-title\" id=\"select-menu\">Danh m\u1ee5c ch\u00ednh<\/h3>\n<div><ion-icon name=\"chevron-up-outline\"><\/ion-icon><\/div>\n<\/div>\n<ul class=\"toc-list\">\n<li><a href='https:\/\/liveshowdalat.vn\/en#lich-dien-may-lang-thang-thang-11-2025' class='heading-h2 toc-link smooth-scroll'>L\u1ecaCH DI\u1ec4N M\u00c2Y LANG THANG TH\u00c1NG 11\/2025<\/a>\n<li><a href='https:\/\/liveshowdalat.vn\/en#lien-he-book-ve' class='heading-h2 toc-link smooth-scroll'>Li\u00ean H\u1ec7 Book V\u00e9\u00a0<\/a><\/ul>\n<\/ul>\n<\/li>\n<\/ul>\n<\/nav>\n<h2 style=\"text-align: center\" id=\"lich-dien-may-lang-thang-thang-11-2025\"><span style=\"color: #003300\"><strong><span style=\"font-size: 24pt\">L\u1ecaCH DI\u1ec4N M\u00c2Y LANG THANG TH\u00c1NG 11\/2025<\/span><\/strong><\/span><\/h2>\n<p style=\"text-align: center\"><span style=\"color: #333399\"><strong>[UPDATE LI\u00caN T\u1ee4C]<\/strong><\/span><\/p>\n<p><span style=\"font-size: 18pt;color: #000080\"><b>L\u1ecaCH DI\u1ec4N TR\u00caN M\u00c2Y TH\u00c1NG 11\/2025<\/b><\/span><\/p>\n<p><strong><em><span style=\"font-family: 'comic sans ms', sans-serif;font-size: 14pt;color: #333399\"><span style=\"font-family: georgia, palatino, serif\">Cloud Wandered Show <\/span><\/span><\/em><\/strong><em><span style=\"font-family: 'comic sans ms', sans-serif;font-size: 14pt;color: #333399\">&#8211; n\u01a1i<\/span><\/em><em><span style=\"font-family: 'comic sans ms', sans-serif;font-size: 14pt;color: #333399\"> \u00e2m nh\u1ea1c v\u00e0 c\u1ea3m x\u00fac h\u00f2a quy\u1ec7n, n\u01a1i m\u1ecdi kho\u1ea3nh kh\u1eafc h\u00f3a th\u00e0nh ng\u01b0ng \u0111\u1ecdng v\u1edbi th\u1eddi gian trong nh\u1eefng b\u1ea3n t\u00ecnh ca s\u00e2u l\u1eafng.<\/span><\/em><\/p>\n<p><span style=\"font-size: 14pt\">Nh\u1eefng l\u00e0n s\u01b0\u01a1ng l\u1ea1nh c\u1ee7a th\u00e1ng 11 \u0111\u00e3 kh\u1ebd \u00f9a v\u1ec1, ph\u1ee7 k\u00edn kh\u1eafp m\u1ecdi ng\u00f3c ng\u00e1ch tr\u00ean s\u00e2n kh\u1ea5u M\u00e2y Lang Thang.<\/span><\/p>\n<p><span style=\"font-size: 14pt\">M\u00f9a \u0111\u00f4ng v\u1ec1 nh\u01b0 m\u1ed9t l\u1eddi nh\u1eafc kh\u1ebd kh\u00e0ng m\u00e0 day d\u1ee9t, g\u1ecdi d\u1eady nh\u1eefng k\u00fd \u1ee9c ng\u1ee7 qu\u00ean t\u1eadn s\u00e2u trong tim. \u0110\u1ec3 ch\u00fang ta ch\u1eadm l\u1ea1i, l\u1eafng nghe c\u1ea3m x\u00fac x\u01b0a c\u0169 v\u00e0 nh\u1eefng k\u1ef7 ni\u1ec7m c\u00f2n dang d\u1edf.<\/span><\/p>\n<p><span style=\"font-size: 14pt\">Trong b\u1ea7u kh\u00f4ng kh\u00ed t\u0129nh l\u1eb7ng v\u00e0 \u00eam \u0111\u1ec1m \u1ea5y, \u00e2m nh\u1ea1c tr\u1edf th\u00e0nh chi\u1ebfc c\u1ea7u n\u1ed1i t\u00e2m h\u1ed3n v\u1edbi tr\u00e1i tim. T<\/span><span style=\"font-size: 14pt\">\u1eebng giai \u0111i\u1ec7u vang l\u00ean, nh\u1eb9 nh\u00e0ng nh\u01b0 m\u00f9a \u0111\u00f4ng v\u1eaby g\u1ecdi, tha thi\u1ebft m\u1eddi b\u1ea1n \u0111\u1eafm m\u00ecnh trong nh\u1eefng ph\u00fat gi\u00e2y th\u0103ng hoa c\u00f9ng \u00e2m nh\u1ea1c.<\/span><\/p>\n<p><span style=\"font-size: 14pt\">H\u00e3y c\u00f9ng d\u1ea1o quanh m\u1ed9t v\u00f2ng th\u00e1ng 11 v\u1edbi <strong>L\u1ecbch di\u1ec5n M\u00e2y Lang Thang th\u00e1ng 11\/2025<\/strong> \u0111\u1ec3 kh\u00e1m ph\u00e1 b\u1ea3n \u0111\u1ed3 \u00e2m nh\u1ea1c d\u00e0nh ri\u00eang cho b\u1ea1n v\u00e0o nh\u1eefng ng\u00e0y m\u00f9a \u0111\u00f4ng n\u00e0y nh\u00e9!<a href=\"https:\/\/liveshowdalat.vn\/wp-content\/uploads\/2025\/10\/Lich-dien-May-Lang-Thang-thang-11.jpg\"><img loading=\"lazy\" decoding=\"async\" class=\"alignnone size-full wp-image-47060\" src=\"https:\/\/liveshowdalat.vn\/wp-content\/uploads\/2025\/10\/Lich-dien-May-Lang-Thang-thang-11.jpg\" alt=\"L\u1ecbch di\u1ec5n M\u00e2y Lang Thang th\u00e1ng 11\" width=\"1140\" height=\"1425\" srcset=\"https:\/\/liveshowdalat.vn\/wp-content\/uploads\/2025\/10\/Lich-dien-May-Lang-Thang-thang-11.jpg 1140w, https:\/\/liveshowdalat.vn\/wp-content\/uploads\/2025\/10\/Lich-dien-May-Lang-Thang-thang-11-819x1024.jpg 819w, https:\/\/liveshowdalat.vn\/wp-content\/uploads\/2025\/10\/Lich-dien-May-Lang-Thang-thang-11-768x960.jpg 768w, https:\/\/liveshowdalat.vn\/wp-content\/uploads\/2025\/10\/Lich-dien-May-Lang-Thang-thang-11-10x12.jpg 10w, https:\/\/liveshowdalat.vn\/wp-content\/uploads\/2025\/10\/Lich-dien-May-Lang-Thang-thang-11-600x750.jpg 600w\" sizes=\"(max-width: 1140px) 100vw, 1140px\" \/><\/a><\/span><\/p>\n<p><strong><span style=\"font-family: 'book antiqua', palatino, serif;font-size: 14pt\"><span style=\"font-family: arial, helvetica, sans-serif;color: #003300\"><span style=\"font-size: 18pt\"><span style=\"font-family: arial, helvetica, sans-serif\">\u2665 <\/span>M\u00c2Y LANG THANG \u0110\u00c0 L\u1ea0T<\/span><\/span><\/span><\/strong><\/p>\n<p><span style=\"color: #000000;font-size: 14pt\">&#8211; <\/span><strong style=\"color: #000000;font-size: 14pt\">S\u00e2n kh\u1ea5u Chi\u1ec1u nh\u1ea1c tr\u00ean M\u00e2y<\/strong><span style=\"color: #000000;font-size: 14pt\"> &#8211; M\u00e2y in The Nest, 519 Th\u00f4n M\u0103ng Linh, Ph\u01b0\u1eddng Lang Biang, \u0110\u00e0 L\u1ea1t \u0399 Show Time 17:00 &#8211; 19:00<\/span><\/p>\n<p data-start=\"759\" data-end=\"830\"><span style=\"font-size: 14pt;color: #000000\">&#8211; <strong>S\u00e2n kh\u1ea5u \u0110\u00eam nh\u1ea1c tr\u00ean M\u00e2y<\/strong> &#8211; Thung L\u0169ng M\u00e2y, S\u1ed1 4, Tr\u1ea7n Quang Di\u1ec7u, Ph\u01b0\u1eddng Xu\u00e2n H\u01b0\u01a1ng, \u0110\u00e0 L\u1ea1t | Show Time 19:30 &#8211; 21:30<\/span><\/p>\n<hr \/>\n<p data-start=\"759\" data-end=\"830\"><span style=\"color: #333333\"><strong><span style=\"font-size: 14pt\"><span style=\"vertical-align: inherit\">\u2013 01.11 TRUNG QU\u00c2N \u2013 \u0110\u00c0 L\u1ea0T\u00a0<\/span><\/span><\/strong><\/span><\/p>\n<p><em><a href=\"https:\/\/liveshowdalat.vn\/en\/may-lang-thang-da-lat-trung-quan-da-lat-01-11.html\/\" target=\"_blank\" rel=\"noopener\">https:\/\/liveshowdalat.vn\/may-lang-thang-da-lat-trung-quan-da-lat-01-11.html<\/a><\/em><\/p>\n<p><span style=\"color: #333333\"><strong><span style=\"font-size: 14pt\"><span style=\"vertical-align: inherit\">\u2013 07.11 <\/span><\/span><\/strong><span style=\"font-size: 14pt\"><span style=\"vertical-align: inherit\"><strong>VICKY NHUNG \u2013 CHU TH\u00daY QU\u1ef2NH\u00a0<\/strong><\/span><\/span><\/span><\/p>\n<p><em><a href=\"https:\/\/liveshowdalat.vn\/en\/may-lang-thang-da-lat-vicky-nhung-chu-thuy-quynh-07-11.html\/\" target=\"_blank\" rel=\"noopener\">https:\/\/liveshowdalat.vn\/may-lang-thang-da-lat-vicky-nhung-chu-thuy-quynh-07-11.html<\/a><\/em><\/p>\n<p><span style=\"color: #333333\"><strong><span style=\"font-size: 14pt\"><span style=\"vertical-align: inherit\">\u2013 08.11 NEKO L\u00ca \u2013 \u0110\u00c0 L\u1ea0T\u00a0<\/span><\/span><\/strong><\/span><\/p>\n<p><em><a href=\"https:\/\/liveshowdalat.vn\/en\/may-lang-thang-da-lat-neko-le-08-11.html\/\" target=\"_blank\" rel=\"noopener\">https:\/\/liveshowdalat.vn\/may-lang-thang-da-lat-neko-le-08-11.html<\/a><\/em><\/p>\n<p><span style=\"color: #333333\"><strong><span style=\"font-size: 14pt\"><span style=\"vertical-align: inherit\">\u2013 08.11 V\u0102N MAI H\u01af\u01a0NG \u2013 \u0110\u00c0 L\u1ea0T<\/span><\/span><\/strong><\/span><\/p>\n<p><span style=\"font-size: 12pt\"><em><span style=\"color: #333333\"><span style=\"vertical-align: inherit\">\u00a0<a href=\"https:\/\/liveshowdalat.vn\/en\/may-lang-thang-da-lat-van-mai-huong-da-lat-08-11.html\/\" target=\"_blank\" rel=\"noopener\">https:\/\/liveshowdalat.vn\/may-lang-thang-da-lat-van-mai-huong-da-lat-08-11.html<\/a><\/span><\/span><\/em><\/span><\/p>\n<p><span style=\"color: #333333\"><strong><span style=\"font-size: 14pt\"><span style=\"vertical-align: inherit\">\u2013 14.11 NGUY\u1ec4N KI\u1ec0U OANH \u2013 CHU TH\u00daY QU\u1ef2NH\u00a0<\/span><\/span><\/strong><\/span><\/p>\n<p><em><a href=\"https:\/\/liveshowdalat.vn\/en\/may-lang-thang-da-lat-nguyen-kieu-oanh-chu-thuy-quynh-14-11.html\/\" target=\"_blank\" rel=\"noopener\">https:\/\/liveshowdalat.vn\/may-lang-thang-da-lat-nguyen-kieu-oanh-chu-thuy-quynh-14-11.html<\/a><\/em><\/p>\n<p><span style=\"color: #333333\"><strong><span style=\"font-size: 14pt\"><span style=\"vertical-align: inherit\">\u2013 14.11 T\u0102NG PH\u00daC \u2013 \u0110\u00c0 L\u1ea0T<\/span><\/span><\/strong><\/span><\/p>\n<p><em><a href=\"https:\/\/liveshowdalat.vn\/en\/may-lang-thang-da-lat-tang-phuc-14-11.html\/\" target=\"_blank\" rel=\"noopener\">https:\/\/liveshowdalat.vn\/may-lang-thang-da-lat-tang-phuc-14-11.html<\/a><\/em><\/p>\n<p><span style=\"color: #333333\"><strong><span style=\"font-size: 14pt\"><span style=\"vertical-align: inherit\">\u2013 15.11 H\u00c0 NHI \u2013 \u0110\u00c0 L\u1ea0T\u00a0<\/span><\/span><\/strong><\/span><\/p>\n<p><em><a href=\"https:\/\/liveshowdalat.vn\/en\/may-lang-thang-da-lat-ha-nhi-da-lat-15-11.html\/\" target=\"_blank\" rel=\"noopener\">https:\/\/liveshowdalat.vn\/may-lang-thang-da-lat-ha-nhi-da-lat-15-11.html<\/a><\/em><\/p>\n<p><span style=\"color: #333333\"><strong><span style=\"font-size: 14pt\"><span style=\"vertical-align: inherit\">\u2013 21.11 PH\u01af\u01a0NG LINH \u2013 \u0110\u00c0 L\u1ea0T\u00a0<\/span><\/span><\/strong><\/span><\/p>\n<p><em><a href=\"https:\/\/liveshowdalat.vn\/en\/may-lang-thang-da-lat-phuong-linh-da-lat-21-11.html\/\" target=\"_blank\" rel=\"noopener\">https:\/\/liveshowdalat.vn\/may-lang-thang-da-lat-phuong-linh-da-lat-21-11.html<\/a><\/em><\/p>\n<p><span style=\"color: #333333\"><strong><span style=\"font-size: 14pt\"><span style=\"vertical-align: inherit\">\u2013 22.11 B\u00d9I ANH TU\u1ea4N \u2013 \u0110\u00c0 L\u1ea0T\u00a0<\/span><\/span><\/strong><\/span><\/p>\n<p><em><a href=\"https:\/\/liveshowdalat.vn\/en\/may-lang-thang-da-lat-bui-anh-tuan-da-lat-22-11.html\/\" target=\"_blank\" rel=\"noopener\">https:\/\/liveshowdalat.vn\/may-lang-thang-da-lat-bui-anh-tuan-da-lat-22-11.html<\/a><\/em><\/p>\n<p><span style=\"color: #333333\"><strong><span style=\"font-size: 14pt\"><span style=\"vertical-align: inherit\">\u2013 28.11 L\u00ca HI\u1ebeU \u2013 NGUY\u1ec4N \u0110\u00ccNH TU\u1ea4N D\u0168NG\u00a0<\/span><\/span><\/strong><\/span><\/p>\n<p><em><a href=\"https:\/\/liveshowdalat.vn\/en\/may-lang-thang-da-lat-le-hieu-nguyen-dinh-tuan-dung-28-11.html\/\" target=\"_blank\" rel=\"noopener\">https:\/\/liveshowdalat.vn\/may-lang-thang-da-lat-le-hieu-nguyen-dinh-tuan-dung-28-11.html<\/a><\/em><\/p>\n<p><span style=\"color: #333333\"><strong><span style=\"font-size: 14pt\"><span style=\"vertical-align: inherit\">\u2013 29.11 V\u0168 C\u00c1T T\u01af\u1edcNG \u2013 \u0110\u00c0 L\u1ea0T\u00a0<\/span><\/span><\/strong><\/span><\/p>\n<p><em><a href=\"https:\/\/liveshowdalat.vn\/en\/may-lang-thang-da-lat-vu-cat-tuong-da-lat-29-11.html\/\" target=\"_blank\" rel=\"noopener\">https:\/\/liveshowdalat.vn\/may-lang-thang-da-lat-vu-cat-tuong-da-lat-29-11.html<\/a><\/em><\/p>\n<p><span style=\"font-size: 18pt\"><strong><span style=\"font-family: 'book antiqua', palatino, serif\"><span style=\"font-family: arial, helvetica, sans-serif;color: #003300\"><span style=\"font-family: arial, helvetica, sans-serif\">\u2665 <\/span>M\u00c2Y LANG THANG H\u00c0 N\u1ed8I <br \/>\n<\/span><\/span><\/strong><\/span><span style=\"font-size: 14pt;color: #000000\"><strong>Sol 8 Live Stage <\/strong>&#8211; S\u1ed1 8, Ph\u1ed1 Nguy\u1ec5n C\u00f4ng Hoan, Ph\u01b0\u1eddng Gi\u1ea3ng V\u00f5, TP H\u00e0 N\u1ed9i.<\/span><\/p>\n<hr \/>\n<p><span style=\"color: #333333\"><strong><span style=\"font-size: 14pt\"><span style=\"vertical-align: inherit\">\u2013 08.11 HO\u00c0NG D\u0168NG \u2013 L\u00c2M B\u1ea2O NG\u1eccC\u00a0<\/span><\/span><\/strong><\/span><\/p>\n<p><em><a href=\"https:\/\/liveshowdalat.vn\/en\/may-lang-thang-ha-noi-hoang-dung-lam-bao-ngoc-08-11.html\/\" target=\"_blank\" rel=\"noopener\">https:\/\/liveshowdalat.vn\/may-lang-thang-ha-noi-hoang-dung-lam-bao-ngoc-08-11.html<\/a><\/em><\/p>\n<p><span style=\"color: #333333\"><strong><span style=\"font-size: 14pt\"><span style=\"vertical-align: inherit\">\u2013 14.11 NGUY\u1ec4N \u0110\u00ccNH TU\u1ea4N D\u0168NG \u2013 H\u00c0 N\u1ed8I\u00a0<\/span><\/span><\/strong><\/span><\/p>\n<p><em><a href=\"https:\/\/liveshowdalat.vn\/en\/may-lang-thang-ha-noi-nguyen-dinh-tuan-dung-ha-noi-14-11.html\/\" target=\"_blank\" rel=\"noopener\">https:\/\/liveshowdalat.vn\/may-lang-thang-ha-noi-nguyen-dinh-tuan-dung-ha-noi-14-11.html<\/a><\/em><\/p>\n<p><span style=\"color: #333333\"><strong><span style=\"font-size: 14pt\"><span style=\"vertical-align: inherit\">\u2013 28.11 PH\u01af\u01a0NG LINH \u2013 H\u00c0 N\u1ed8I\u00a0<\/span><\/span><\/strong><\/span><\/p>\n<p><em><a href=\"https:\/\/liveshowdalat.vn\/en\/may-lang-thang-ha-noi-phuong-linh-ha-noi-28-11.html\/\" target=\"_blank\" rel=\"noopener\">https:\/\/liveshowdalat.vn\/may-lang-thang-ha-noi-phuong-linh-ha-noi-28-11.html<\/a><\/em><\/p>\n<p><span style=\"color: #333333\"><strong><span style=\"font-size: 14pt\"><span style=\"vertical-align: inherit\">\u2013 27.12 PHAN M\u1ea0NH QU\u1ef2NH \u2013 H\u00c0 N\u1ed8I\u00a0<\/span><\/span><\/strong><\/span><\/p>\n<p><em><a href=\"https:\/\/liveshowdalat.vn\/en\/may-lang-thang-ha-noi-phan-manh-quynh-ha-noi-27-12.html\/\" target=\"_blank\" rel=\"noopener\">https:\/\/liveshowdalat.vn\/may-lang-thang-ha-noi-phan-manh-quynh-ha-noi-27-12.html<\/a><\/em><\/p>\n<p><span style=\"color: #333333\"><strong><span style=\"font-size: 14pt\"><span style=\"vertical-align: inherit\">\u2013 29.11 NEKO L\u00ca \u2013 BB TR\u1ea6N\u00a0<\/span><\/span><\/strong><\/span><\/p>\n<p><em><a href=\"https:\/\/liveshowdalat.vn\/en\/may-lang-thang-ha-noi-neko-le-bb-tran-29-11.html\/\" target=\"_blank\" rel=\"noopener\">https:\/\/liveshowdalat.vn\/may-lang-thang-ha-noi-neko-le-bb-tran-29-11.html<\/a><\/em><\/p>\n<p><span style=\"font-size: 18pt\"><strong><span style=\"font-family: 'book antiqua', palatino, serif\"><span style=\"font-family: arial, helvetica, sans-serif;color: #003300\"><span style=\"font-family: arial, helvetica, sans-serif\">\u2665 <\/span>M\u00c2Y LANG THANG \u0110\u00c0 N\u1eb4NG<br \/>\n<\/span><\/span><\/strong><\/span><span style=\"color: #000000;font-size: 14pt\"><strong>VERANDA<\/strong> &#8211; Hi\u00ean Nh\u00e0 Veranda, ph\u00eda T\u00e2y C\u1ea7u Tr\u1ea7n Th\u1ecb L\u00fd, Ph\u01b0\u1eddng H\u00f2a C\u01b0\u1eddng, TP \u0110\u00e0 N\u1eb5ng.<\/span><\/p>\n<hr \/>\n<p><span style=\"color: #333333\"><strong><span style=\"font-size: 14pt\"><span style=\"vertical-align: inherit\">\u2013 06.12 NGUY\u1ec4N \u0110\u00ccNH TU\u1ea4N D\u0168NG \u2013 \u0110\u00c0 N\u1eb4NG\u00a0<\/span><\/span><\/strong><\/span><\/p>\n<p><em><a href=\"https:\/\/liveshowdalat.vn\/en\/may-lang-thang-da-nang-nguyen-dinh-tuan-dung-da-nang-06-12.html\/\" target=\"_blank\" rel=\"noopener\">https:\/\/liveshowdalat.vn\/may-lang-thang-da-nang-nguyen-dinh-tuan-dung-da-nang-06-12.html<\/a><\/em><\/p>\n<p><span style=\"font-size: 14pt\"><span style=\"color: #003300;font-size: 18pt\"><b>Ch\u00ednh s\u00e1ch tr\u1ebb em b\u00ean M\u00e2y Lang Thang:<\/b><b><br \/>\n<\/b><\/span><\/span><span style=\"font-size: 14pt\">\u2013 B\u00e9 d\u01b0\u1edbi 1m: Kh\u00f4ng ph\u1ee5 thu n\u1ebfu ng\u1ed3i chung v\u1edbi ph\u1ee5 huynh trong su\u1ed1t th\u1eddi gian di\u1ec5n ra show.<br \/>\n<\/span><span style=\"font-size: 14pt\">\u2013 B\u00e9 cao t\u1eeb 1m \u0111\u1ebfn d\u01b0\u1edbi 1m2: gi\u1ea3m 30% ( c\u00f3 gh\u1ebf ri\u00eang ), ho\u00e0n ti\u1ec1n tr\u1ef1c ti\u1ebfp t\u1ea1i show.<\/span><br \/>\n<span style=\"font-size: 14pt\">\u2013 Tr\u00ean 1m2 v\u1eabn t\u00ednh v\u00e9 nh\u01b0 ng\u01b0\u1eddi l\u1edbn.<\/span><\/p>\n<p><a href=\"https:\/\/liveshowdalat.vn\/wp-content\/uploads\/2025\/06\/Noi-dung-doan-van-ban-cua-ban.jpg\"><img loading=\"lazy\" decoding=\"async\" class=\"alignnone size-full wp-image-46424\" src=\"https:\/\/liveshowdalat.vn\/wp-content\/uploads\/2025\/06\/Noi-dung-doan-van-ban-cua-ban.jpg\" alt=\"Quy dinh May Lang Thang\" width=\"992\" height=\"2048\" srcset=\"https:\/\/liveshowdalat.vn\/wp-content\/uploads\/2025\/06\/Noi-dung-doan-van-ban-cua-ban.jpg 992w, https:\/\/liveshowdalat.vn\/wp-content\/uploads\/2025\/06\/Noi-dung-doan-van-ban-cua-ban-496x1024.jpg 496w, https:\/\/liveshowdalat.vn\/wp-content\/uploads\/2025\/06\/Noi-dung-doan-van-ban-cua-ban-768x1586.jpg 768w, https:\/\/liveshowdalat.vn\/wp-content\/uploads\/2025\/06\/Noi-dung-doan-van-ban-cua-ban-744x1536.jpg 744w, https:\/\/liveshowdalat.vn\/wp-content\/uploads\/2025\/06\/Noi-dung-doan-van-ban-cua-ban-6x12.jpg 6w, https:\/\/liveshowdalat.vn\/wp-content\/uploads\/2025\/06\/Noi-dung-doan-van-ban-cua-ban-600x1239.jpg 600w\" sizes=\"(max-width: 992px) 100vw, 992px\" \/><\/a><\/p>\n<p><span style=\"font-size: 18pt;color: #003300\"><b>L\u01afU \u00dd<\/b><\/span><\/p>\n<p><span style=\"font-size: 14pt\">\u2013 BTC kh\u00f4ng h\u1ed7 tr\u1ee3 ho\u00e0n v\u00e9 d\u01b0\u1edbi m\u1ecdi h\u00ecnh th\u1ee9c<\/span><\/p>\n<p><span style=\"font-size: 14pt\">\u2013 Vui l\u00f2ng kh\u00f4ng mang \u0111\u1ed3 \u0103n n\u01b0\u1edbc u\u1ed1ng b\u00ean ngo\u00e0i v\u00e0o khu v\u1ef1c bi\u1ec3u di\u1ec5n<\/span><\/p>\n<p><span style=\"font-size: 14pt\">\u2013 Tr\u01b0\u1eddng h\u1ee3p h\u1ee7y v\u00e9 v\u00e0 b\u1ea3o l\u01b0u v\u00e9 c\u1ea7n th\u00f4ng b\u00e1o t\u1edbi BTC tr\u01b0\u1edbc 24 gi\u1edd, sau kho\u1ea3ng th\u1eddi gian tr\u00ean s\u1ebd kh\u00f4ng \u0111\u01b0\u1ee3c h\u1ed7 tr\u1ee3<\/span><\/p>\n<p><span style=\"font-size: 18pt;color: #003300\"><b><i>B\u1ea1n l\u01b0u \u00fd th\u00f4ng tin b\u1ea3o l\u01b0u sau:<\/i><\/b><\/span><\/p>\n<p><span style=\"font-size: 14pt\">\u2013 Th\u1eddi h\u1ea1n b\u1ea3o l\u01b0u l\u00e0 trong v\u00f2ng 6 th\u00e1ng, t\u00ednh theo ng\u00e0y x\u00e1c nh\u1eadn b\u1ea3o l\u01b0u.<\/span><\/p>\n<p><span style=\"font-size: 14pt\">\u2013 M\u00e2y s\u1ebd b\u1ea3o l\u01b0u s\u1ed1 ti\u1ec1n m\u00e0 kh\u00e1ch h\u00e0ng \u0111\u00e3 \u0111\u1eb7t ch\u1ed7.<\/span><\/p>\n<p><span style=\"font-size: 14pt\">\u2013 V\u1ecb tr\u00ed gh\u1ebf c\u1ee7a \u0111\u01a1n h\u00e0ng \u0111\u00e3 b\u1ea3o l\u01b0u, s\u1ebd \u0111\u01b0\u1ee3c m\u1edf b\u00e1n l\u1ea1i tr\u00ean website cho c\u00e1c show di\u1ec5n s\u1eafp t\u1edbi.<\/span><\/p>\n<p><span style=\"font-size: 14pt\">\u2013 Khi h\u1ed7 tr\u1ee3 \u0111\u1eb7t l\u1ea1i ch\u1ed7, v\u1edbi h\u1ea1ng gi\u00e1 cao h\u01a1n, qu\u00fd kh\u00e1ch vui l\u00f2ng b\u00f9 ph\u1ea7n ch\u00eanh l\u1ec7ch c\u00f2n thi\u1ebfu.<\/span><\/p>\n<p><span style=\"font-size: 14pt\">(Trong tr\u01b0\u1eddng h\u1ee3p h\u1ea1ng v\u00e9 th\u1ea5p s\u1ed1 ti\u1ec1n \u0111\u00e3 b\u1ea3o l\u01b0u, M\u00e2y kh\u00f4ng h\u1ed7 tr\u1ee3 ho\u00e0n ti\u1ec1n)<\/span><\/p>\n<p><span style=\"font-size: 14pt\">\u2013 \u00c1p d\u1ee5ng t\u1ea5t c\u1ea3 c\u00e1c chi nh\u00e1nh c\u1ee7a M\u00e2y Lang Thang.<\/span><\/p>\n<p><a href=\"https:\/\/liveshowdalat.vn\/wp-content\/uploads\/2024\/07\/San-Khau-Chieu-Nhac-Tren-May-Da-Lat-1.jpg\"><img loading=\"lazy\" decoding=\"async\" class=\"alignnone size-full wp-image-43216\" src=\"https:\/\/liveshowdalat.vn\/wp-content\/uploads\/2024\/07\/San-Khau-Chieu-Nhac-Tren-May-Da-Lat-1.jpg\" alt=\"M\u00e2y In The Nest - \u0110\u00e0 L\u1ea1t\" width=\"1800\" height=\"1200\" srcset=\"https:\/\/liveshowdalat.vn\/wp-content\/uploads\/2024\/07\/San-Khau-Chieu-Nhac-Tren-May-Da-Lat-1.jpg 1800w, https:\/\/liveshowdalat.vn\/wp-content\/uploads\/2024\/07\/San-Khau-Chieu-Nhac-Tren-May-Da-Lat-1-1024x683.jpg 1024w, https:\/\/liveshowdalat.vn\/wp-content\/uploads\/2024\/07\/San-Khau-Chieu-Nhac-Tren-May-Da-Lat-1-768x512.jpg 768w, https:\/\/liveshowdalat.vn\/wp-content\/uploads\/2024\/07\/San-Khau-Chieu-Nhac-Tren-May-Da-Lat-1-1536x1024.jpg 1536w, https:\/\/liveshowdalat.vn\/wp-content\/uploads\/2024\/07\/San-Khau-Chieu-Nhac-Tren-May-Da-Lat-1-600x400.jpg 600w\" sizes=\"(max-width: 1800px) 100vw, 1800px\" \/><\/a><a href=\"https:\/\/liveshowdalat.vn\/wp-content\/uploads\/2024\/03\/may-da-nang.jpg\"><img loading=\"lazy\" decoding=\"async\" class=\"alignnone size-full wp-image-3486\" src=\"https:\/\/liveshowdalat.vn\/wp-content\/uploads\/2024\/03\/may-da-nang.jpg\" alt=\"Veranda \u0110\u00e0 N\u1eb5ng\" width=\"2000\" height=\"1600\" srcset=\"https:\/\/liveshowdalat.vn\/wp-content\/uploads\/2024\/03\/may-da-nang.jpg 2000w, https:\/\/liveshowdalat.vn\/wp-content\/uploads\/2024\/03\/may-da-nang-300x240.jpg 300w, https:\/\/liveshowdalat.vn\/wp-content\/uploads\/2024\/03\/may-da-nang-1024x819.jpg 1024w, https:\/\/liveshowdalat.vn\/wp-content\/uploads\/2024\/03\/may-da-nang-768x614.jpg 768w, https:\/\/liveshowdalat.vn\/wp-content\/uploads\/2024\/03\/may-da-nang-1536x1229.jpg 1536w, https:\/\/liveshowdalat.vn\/wp-content\/uploads\/2024\/03\/may-da-nang-600x480.jpg 600w\" sizes=\"(max-width: 2000px) 100vw, 2000px\" \/><\/a><a href=\"https:\/\/liveshowdalat.vn\/wp-content\/uploads\/2024\/07\/SOL-8-STAGE-Ha-Noi-1.jpg\"><img loading=\"lazy\" decoding=\"async\" class=\"alignnone size-full wp-image-43245\" src=\"https:\/\/liveshowdalat.vn\/wp-content\/uploads\/2024\/07\/SOL-8-STAGE-Ha-Noi-1.jpg\" alt=\"SOL 8 STAGE - H\u00e0 N\u1ed9i\" width=\"1800\" height=\"1200\" srcset=\"https:\/\/liveshowdalat.vn\/wp-content\/uploads\/2024\/07\/SOL-8-STAGE-Ha-Noi-1.jpg 1800w, https:\/\/liveshowdalat.vn\/wp-content\/uploads\/2024\/07\/SOL-8-STAGE-Ha-Noi-1-1024x683.jpg 1024w, https:\/\/liveshowdalat.vn\/wp-content\/uploads\/2024\/07\/SOL-8-STAGE-Ha-Noi-1-768x512.jpg 768w, https:\/\/liveshowdalat.vn\/wp-content\/uploads\/2024\/07\/SOL-8-STAGE-Ha-Noi-1-1536x1024.jpg 1536w, https:\/\/liveshowdalat.vn\/wp-content\/uploads\/2024\/07\/SOL-8-STAGE-Ha-Noi-1-600x400.jpg 600w\" sizes=\"(max-width: 1800px) 100vw, 1800px\" \/><\/a><\/p>\n<h2 id=\"lien-he-book-ve\"><span style=\"color: #003300\"><b>Li\u00ean H\u1ec7 Book V\u00e9\u00a0<\/b><\/span><\/h2>\n<p><em>L\u1ecaCH DI\u1ec4N M\u00c2Y LANG THANG TH\u00c1NG 11\/2025<\/em><\/p>\n<p><span style=\"font-family: arial, helvetica, sans-serif\"><span style=\"font-size: 14pt;color: #000000\"><b>Hotline\/Zalo:\u00a0<\/b><\/span><strong><span style=\"font-size: 14pt\">0988 249 297<\/span><\/strong><\/span><\/p>\n<p><span style=\"font-size: 14pt\">Fanpage booking:\u00a0<a href=\"https:\/\/www.facebook.com\/liveshowdalat\/\" target=\"_blank\" rel=\"noopener\">M\u00e2y Lang Thang<\/a><\/span><\/p>\n<p><span style=\"font-size: 14pt\">Xem th\u00eam b\u00e0i vi\u1ebft kh\u00e1c t\u1ea1i:\u00a0<a href=\"https:\/\/maylangthangshow.com\/\" rel=\"noopener\">Cloud Wandered Show<\/a><\/span><\/p>","protected":false},"excerpt":{"rendered":"<p>L\u1ecbch di\u1ec5n M\u00e2y Lang Thang th\u00e1ng 11\/2025<\/p>\n<p>L\u1ecbch di\u1ec5n M\u00e2y Lang Thang th\u00e1ng 12\/2025<\/p>","protected":false},"featured_media":47060,"comment_status":"open","ping_status":"closed","template":"","meta":[],"product_cat":[2420,24,31],"product_tag":[2684,3234,3244,2064],"_links":{"self":[{"href":"https:\/\/liveshowdalat.vn\/en\/wp-json\/wp\/v2\/product\/46964"}],"collection":[{"href":"https:\/\/liveshowdalat.vn\/en\/wp-json\/wp\/v2\/product"}],"about":[{"href":"https:\/\/liveshowdalat.vn\/en\/wp-json\/wp\/v2\/types\/product"}],"replies":[{"embeddable":true,"href":"https:\/\/liveshowdalat.vn\/en\/wp-json\/wp\/v2\/comments?post=46964"}],"wp:featuredmedia":[{"embeddable":true,"href":"https:\/\/liveshowdalat.vn\/en\/wp-json\/wp\/v2\/media\/47060"}],"wp:attachment":[{"href":"https:\/\/liveshowdalat.vn\/en\/wp-json\/wp\/v2\/media?parent=46964"}],"wp:term":[{"taxonomy":"product_cat","embeddable":true,"href":"https:\/\/liveshowdalat.vn\/en\/wp-json\/wp\/v2\/product_cat?post=46964"},{"taxonomy":"product_tag","embeddable":true,"href":"https:\/\/liveshowdalat.vn\/en\/wp-json\/wp\/v2\/product_tag?post=46964"}],"curies":[{"name":"wp","href":"https:\/\/api.w.org\/{rel}","templated":true}]}}