{"id":46912,"date":"2025-09-17T12:46:26","date_gmt":"2025-09-17T05:46:26","guid":{"rendered":"https:\/\/liveshowdalat.vn\/?post_type=product&#038;p=46912"},"modified":"2025-09-17T12:53:36","modified_gmt":"2025-09-17T05:53:36","slug":"lululola-show-20-09-2025-minishow-vicky-nhung-chu-thuy-quynh","status":"publish","type":"product","link":"https:\/\/liveshowdalat.vn\/en\/lululola-show-20-09-2025-minishow-vicky-nhung-chu-thuy-quynh.html","title":{"rendered":"[20\/09\/2025] MINISHOW VICKY NHUNG &#8211; CHU TH\u00daY QU\u1ef2NH | NG\u00c0Y M\u01afA \u1ea4Y"},"content":{"rendered":"<nav class=\"vietrick-auto-toc\">\n<div class=\"box-title\">\n<h3 class=\"toc-title\" id=\"select-menu\">Danh m\u1ee5c ch\u00ednh<\/h3>\n<div><ion-icon name=\"chevron-up-outline\"><\/ion-icon><\/div>\n<\/div>\n<ul class=\"toc-list\"><\/ul>\n<li><a href='https:\/\/liveshowdalat.vn\/en#vicky-nhung-chu-thuy-quynh-ngay-mua-ay' class='heading-h1 toc-link smooth-scroll'>VICKY NHUNG &#8211; CHU TH\u00daY QU\u1ef2NH | NG\u00c0Y M\u01afA \u1ea4Y<\/a><\/ul>\n<\/li>\n<\/ul>\n<\/nav>\n<h1 style=\"text-align: center\" id=\"vicky-nhung-chu-thuy-quynh-ngay-mua-ay\"><strong><span style=\"color: #800000\">VICKY NHUNG &#8211; CHU TH\u00daY QU\u1ef2NH | NG\u00c0Y M\u01afA \u1ea4Y<\/span><\/strong><\/h1>\n<p><a href=\"https:\/\/liveshowdalat.vn\/wp-content\/uploads\/2025\/09\/Lululola-Show-thang-9.jpg\"><img loading=\"lazy\" decoding=\"async\" class=\"alignnone size-full wp-image-46918\" src=\"https:\/\/liveshowdalat.vn\/wp-content\/uploads\/2025\/09\/Lululola-Show-thang-9.jpg\" alt=\"Lululola Show - th\u00e1ng 9\" width=\"1040\" height=\"1300\" srcset=\"https:\/\/liveshowdalat.vn\/wp-content\/uploads\/2025\/09\/Lululola-Show-thang-9.jpg 1040w, https:\/\/liveshowdalat.vn\/wp-content\/uploads\/2025\/09\/Lululola-Show-thang-9-819x1024.jpg 819w, https:\/\/liveshowdalat.vn\/wp-content\/uploads\/2025\/09\/Lululola-Show-thang-9-768x960.jpg 768w, https:\/\/liveshowdalat.vn\/wp-content\/uploads\/2025\/09\/Lululola-Show-thang-9-10x12.jpg 10w, https:\/\/liveshowdalat.vn\/wp-content\/uploads\/2025\/09\/Lululola-Show-thang-9-600x750.jpg 600w\" sizes=\"(max-width: 1040px) 100vw, 1040px\" \/><\/a><\/p>\n<p><span style=\"font-size: 24pt;color: #993300\"><strong>Ng\u00e0y di\u1ec5n: 20.09.2025<\/strong><\/span><\/p>\n<p><span style=\"font-size: 14pt\"><strong>CHECK IN T\u1eea:<\/strong> 17:00<\/span><\/p>\n<p><span style=\"font-size: 14pt\"><strong>KHUNG GI\u1edc DI\u1ec4N:\u00a0<\/strong> 17:30 \u2013 19:30<\/span><\/p>\n<p><span style=\"font-size: 14pt;font-family: georgia, palatino, serif\"><em>Lululola Show \u0110\u00e0 L\u1ea1t \u2013 H\u01a1n c\u1ea3 \u00e2m nh\u1ea1c, kh\u00f4ng gian c\u1ef1c chill s\u1ebd gi\u00fap b\u1ea1n th\u0103ng hoa khi th\u01b0\u1edfng th\u1ee9c \u0111\u00eam nh\u1ea1c t\u1ea1i Lululola<\/em><\/span><\/p>\n<p><span style=\"font-size: 14pt\">Ngo\u00e0i nh\u1eefng show nh\u1ea1c h\u00e0ng \u0111\u00eam, Lululola c\u00f2n l\u00e0 \u0111\u1ecba \u0111i\u1ec3m check-in v\u1edbi nh\u1eefng g\u00f3c \u201cs\u1ed1ng \u1ea3o\u201d si\u00eau hot t\u1ea1i \u0110\u00e0 L\u1ea1t, ph\u1ee5c v\u1ee5 \u0111\u1ed3 \u0103n u\u1ed1ng, L\u1ea9u v\u00e0 N\u01b0\u1edbng ngo\u00e0i tr\u1eddi hay nh\u1eefng bu\u1ed5i ti\u1ec7c \u1ea5m c\u00fang mang \u0111\u1eadm ch\u1ea5t \u0110\u00e0 L\u1ea1t v\u1edbi view nh\u00ecn ra thung l\u0169ng th\u00e0nh ph\u1ed1 v\u1ec1 \u0111\u00eam si\u00eau l\u00e3ng m\u1ea1n.<\/span><\/p>\n<p><a href=\"https:\/\/liveshowdalat.vn\/wp-content\/uploads\/2025\/09\/Lululola-Show-3-1.jpg\"><img loading=\"lazy\" decoding=\"async\" class=\"alignnone size-full wp-image-46894\" src=\"https:\/\/liveshowdalat.vn\/wp-content\/uploads\/2025\/09\/Lululola-Show-3-1.jpg\" alt=\"Lululola Show\" width=\"2048\" height=\"1366\" srcset=\"https:\/\/liveshowdalat.vn\/wp-content\/uploads\/2025\/09\/Lululola-Show-3-1.jpg 2048w, https:\/\/liveshowdalat.vn\/wp-content\/uploads\/2025\/09\/Lululola-Show-3-1-1024x683.jpg 1024w, https:\/\/liveshowdalat.vn\/wp-content\/uploads\/2025\/09\/Lululola-Show-3-1-768x512.jpg 768w, https:\/\/liveshowdalat.vn\/wp-content\/uploads\/2025\/09\/Lululola-Show-3-1-1536x1025.jpg 1536w, https:\/\/liveshowdalat.vn\/wp-content\/uploads\/2025\/09\/Lululola-Show-3-1-18x12.jpg 18w, https:\/\/liveshowdalat.vn\/wp-content\/uploads\/2025\/09\/Lululola-Show-3-1-600x400.jpg 600w\" sizes=\"(max-width: 2048px) 100vw, 2048px\" \/><\/a><\/p>\n<p><span style=\"font-size: 18pt;color: #003300\"><b>GI\u00c1 V\u00c9: Gi\u00e1 \u0111\u00e3 bao g\u1ed3m \u0111\u1ed3 u\u1ed1ng.<\/b><\/span><\/p>\n<p><span style=\"font-size: 18pt\"><span style=\"color: #993300\"><strong>\u2234VVIP &#8211; HO\u00c0NG H\u00d4N:<\/strong><\/span><strong> 1.220K <\/strong><\/span><\/p>\n<p><span style=\"font-size: 18pt\"><strong><span style=\"color: #993300\">\u2234VIP &#8211; CHI\u1ec0U T\u00c0:<\/span> 1.020K <\/strong><\/span><\/p>\n<p><span style=\"font-size: 18pt\"><strong><span style=\"color: #993300\">\u2234CH\u1ea0NG V\u1ea0NG:<\/span> 860K <\/strong><\/span><\/p>\n<p><span style=\"font-size: 18pt\"><strong><span style=\"color: #993300\">\u2234CH\u1eacP CHO\u1ea0NG:<\/span> 660K <\/strong><\/span><\/p>\n<p><span style=\"font-size: 18pt\"><strong><span style=\"color: #993300\">\u2234NH\u00c1 NHEM:<\/span> 460K<\/strong><\/span><\/p>\n<p><img loading=\"lazy\" decoding=\"async\" class=\"size-full wp-image-45252 aligncenter\" src=\"https:\/\/liveshowdalat.vn\/wp-content\/uploads\/2024\/12\/So-do-LULULOLA-SHOW.jpg\" alt=\"S\u01a1 \u0111\u1ed3 LULULOLA SHOW\" width=\"2560\" height=\"1810\" srcset=\"https:\/\/liveshowdalat.vn\/wp-content\/uploads\/2024\/12\/So-do-LULULOLA-SHOW.jpg 2560w, https:\/\/liveshowdalat.vn\/wp-content\/uploads\/2024\/12\/So-do-LULULOLA-SHOW-1024x724.jpg 1024w, https:\/\/liveshowdalat.vn\/wp-content\/uploads\/2024\/12\/So-do-LULULOLA-SHOW-768x543.jpg 768w, https:\/\/liveshowdalat.vn\/wp-content\/uploads\/2024\/12\/So-do-LULULOLA-SHOW-1536x1086.jpg 1536w, https:\/\/liveshowdalat.vn\/wp-content\/uploads\/2024\/12\/So-do-LULULOLA-SHOW-2048x1448.jpg 2048w, https:\/\/liveshowdalat.vn\/wp-content\/uploads\/2024\/12\/So-do-LULULOLA-SHOW-600x424.jpg 600w\" sizes=\"(max-width: 2560px) 100vw, 2560px\" \/><\/p>\n<p><span style=\"font-size: 18pt;color: #800000\"><b>(*)Ghi ch\u00fa:<\/b><\/span><\/p>\n<p><span style=\"font-size: 14pt\">Ch\u1ed7 ng\u01b0\u1eddi l\u1edbn tr\u00ean 12 tu\u1ed5i \u0111\u01b0\u1ee3c t\u00ednh b\u1eb1ng 100% gi\u00e1 ph\u1ee5 thu.<\/span><\/p>\n<p><span style=\"font-size: 14pt\">Ch\u1ed7 tr\u1ebb em t\u1eeb 6 \u0111\u1ebfn 12 tu\u1ed5i \u0111\u01b0\u1ee3c t\u00ednh b\u1eb1ng 50% gi\u00e1 ph\u1ee5 thu.<\/span><\/p>\n<p><span style=\"font-size: 14pt\">Tr\u1ebb em d\u01b0\u1edbi 6 tu\u1ed5i \u0111\u01b0\u1ee3c mi\u1ec5n ph\u00ed (ng\u1ed3i c\u00f9ng ng\u01b0\u1eddi l\u1edbn v\u00e0 kh\u00f4ng c\u00f3 gh\u1ebf ri\u00eang).<\/span><\/p>\n<p><span style=\"font-size: 14pt\">Qu\u00fd kh\u00e1ch vui l\u00f2ng thanh to\u00e1n chuy\u1ec3n kho\u1ea3n tr\u01b0\u1edbc 12h \u0111\u1ec3 gi\u1eef \u0111\u1eb7t ch\u1ed7 (t\u00ednh t\u1eeb th\u1eddi \u0111i\u1ec3m \u0111\u1eb7t ch\u1ed7).<\/span><\/p>\n<p><span style=\"font-size: 14pt\">Gi\u00e1 v\u00e9 ni\u00eam y\u1ebft ch\u01b0a bao g\u1ed3m 8% VAT.<\/span><\/p>\n<p>&nbsp;<\/p>\n<p><span style=\"font-size: 18pt;color: #800000\"><b>(*)Ch\u00ednh s\u00e1ch ho\u00e0n v\u00e9, hu\u1ef7 v\u00e9 v\u00e0 b\u1ea3o l\u01b0u.<\/b><\/span><\/p>\n<p><span style=\"font-size: 14pt;color: #003300\"><strong>1. Hu\u1ef7 V\u00e9 v\u00e0 B\u1ea3o L\u01b0u V\u00e9:<\/strong><\/span><\/p>\n<p><span style=\"font-size: 14pt\">\u2013 Y\u00eau c\u1ea7u hu\u1ef7 v\u00e9 v\u00e0 b\u1ea3o l\u01b0u tr\u01b0\u1edbc gi\u1edd show h\u01a1n 48h . Lululola b\u1ea3o l\u01b0u 70% gi\u00e1 tr\u1ecb v\u00e9.<\/span><\/p>\n<p><span style=\"font-size: 14pt\">\u2013 Y\u00eau c\u1ea7u hu\u1ef7 v\u00e9 v\u00e0 b\u1ea3o l\u01b0u tr\u01b0\u1edbc gi\u1edd show trong v\u00f2ng 12-48h. Lululola b\u1ea3o l\u01b0u 50% gi\u00e1 tr\u1ecb v\u00e9.<\/span><\/p>\n<p><span style=\"font-size: 14pt\">\u2013 Y\u00eau c\u1ea7u hu\u1ef7 v\u00e9 v\u00e0 b\u1ea3o l\u01b0u tr\u01b0\u1edbc gi\u1edd show d\u01b0\u1edbi 12h. Lululola kh\u00f4ng b\u1ea3o l\u01b0u v\u00e9.<\/span><\/p>\n<p><em><span style=\"font-size: 14pt\"><b>* Gi\u00e1 tr\u1ecb b\u1ea3o l\u01b0u c\u00f3 th\u1eddi h\u1ea1n 90 ng\u00e0y cho nh\u1eefng show sau.<\/b><\/span><\/em><\/p>\n<p><span style=\"font-size: 14pt;color: #003300\"><strong>2. Hu\u1ef7 V\u00e9 v\u00e0 Ho\u00e0n Ti\u1ec1n<\/strong><\/span><\/p>\n<p><span style=\"font-size: 14pt\">\u2013 Y\u00eau c\u1ea7u hu\u1ef7 v\u00e9 v\u00e0 ho\u00e0n ti\u1ec1n tr\u01b0\u1edbc gi\u1edd show h\u01a1n 48h . Ho\u00e0n 50% gi\u00e1 Tr\u1ecb v\u00e9<\/span><\/p>\n<p><span style=\"font-size: 14pt\">\u2013 Y\u00eau c\u1ea7u hu\u1ef7 v\u00e9 v\u00e0 ho\u00e0n ti\u1ec1n tr\u01b0\u1edbc gi\u1edd show trong v\u00f2ng 12-48h. Ho\u00e0n 30% gi\u00e1 Tr\u1ecb v\u00e9<\/span><\/p>\n<p><span style=\"font-size: 14pt\">\u2013 Y\u00eau c\u1ea7u hu\u1ef7 v\u00e9 v\u00e0 ho\u00e0n ti\u1ec1n tr\u01b0\u1edbc gi\u1edd show d\u01b0\u1edbi 12h. Kh\u00f4ng ho\u00e0n ti\u1ec1n.<\/span><\/p>\n<p><a href=\"https:\/\/liveshowdalat.vn\/wp-content\/uploads\/2025\/09\/Lululola-Show-3-scaled.jpg\"><img loading=\"lazy\" decoding=\"async\" class=\"alignnone size-full wp-image-46876\" src=\"https:\/\/liveshowdalat.vn\/wp-content\/uploads\/2025\/09\/Lululola-Show-3-scaled.jpg\" alt=\"Lululola Show \" width=\"2560\" height=\"1560\" srcset=\"https:\/\/liveshowdalat.vn\/wp-content\/uploads\/2025\/09\/Lululola-Show-3-scaled.jpg 2560w, https:\/\/liveshowdalat.vn\/wp-content\/uploads\/2025\/09\/Lululola-Show-3-1024x624.jpg 1024w, https:\/\/liveshowdalat.vn\/wp-content\/uploads\/2025\/09\/Lululola-Show-3-768x468.jpg 768w, https:\/\/liveshowdalat.vn\/wp-content\/uploads\/2025\/09\/Lululola-Show-3-1536x936.jpg 1536w, https:\/\/liveshowdalat.vn\/wp-content\/uploads\/2025\/09\/Lululola-Show-3-2048x1248.jpg 2048w, https:\/\/liveshowdalat.vn\/wp-content\/uploads\/2025\/09\/Lululola-Show-3-18x12.jpg 18w, https:\/\/liveshowdalat.vn\/wp-content\/uploads\/2025\/09\/Lululola-Show-3-600x366.jpg 600w\" sizes=\"(max-width: 2560px) 100vw, 2560px\" \/><\/a><a href=\"https:\/\/liveshowdalat.vn\/wp-content\/uploads\/2025\/09\/Lululola-Show-2-scaled.jpg\"><img loading=\"lazy\" decoding=\"async\" class=\"alignnone size-full wp-image-46877\" src=\"https:\/\/liveshowdalat.vn\/wp-content\/uploads\/2025\/09\/Lululola-Show-2-scaled.jpg\" alt=\"\" width=\"2560\" height=\"1560\" srcset=\"https:\/\/liveshowdalat.vn\/wp-content\/uploads\/2025\/09\/Lululola-Show-2-scaled.jpg 2560w, https:\/\/liveshowdalat.vn\/wp-content\/uploads\/2025\/09\/Lululola-Show-2-1024x624.jpg 1024w, https:\/\/liveshowdalat.vn\/wp-content\/uploads\/2025\/09\/Lululola-Show-2-768x468.jpg 768w, https:\/\/liveshowdalat.vn\/wp-content\/uploads\/2025\/09\/Lululola-Show-2-1536x936.jpg 1536w, https:\/\/liveshowdalat.vn\/wp-content\/uploads\/2025\/09\/Lululola-Show-2-2048x1248.jpg 2048w, https:\/\/liveshowdalat.vn\/wp-content\/uploads\/2025\/09\/Lululola-Show-2-18x12.jpg 18w, https:\/\/liveshowdalat.vn\/wp-content\/uploads\/2025\/09\/Lululola-Show-2-600x366.jpg 600w\" sizes=\"(max-width: 2560px) 100vw, 2560px\" \/><\/a><a href=\"https:\/\/liveshowdalat.vn\/wp-content\/uploads\/2025\/09\/Lululola-Show-1-scaled.jpg\"><img loading=\"lazy\" decoding=\"async\" class=\"alignnone size-full wp-image-46878\" src=\"https:\/\/liveshowdalat.vn\/wp-content\/uploads\/2025\/09\/Lululola-Show-1-scaled.jpg\" alt=\"Lululola Show \" width=\"2560\" height=\"1560\" srcset=\"https:\/\/liveshowdalat.vn\/wp-content\/uploads\/2025\/09\/Lululola-Show-1-scaled.jpg 2560w, https:\/\/liveshowdalat.vn\/wp-content\/uploads\/2025\/09\/Lululola-Show-1-1024x624.jpg 1024w, https:\/\/liveshowdalat.vn\/wp-content\/uploads\/2025\/09\/Lululola-Show-1-768x468.jpg 768w, https:\/\/liveshowdalat.vn\/wp-content\/uploads\/2025\/09\/Lululola-Show-1-1536x936.jpg 1536w, https:\/\/liveshowdalat.vn\/wp-content\/uploads\/2025\/09\/Lululola-Show-1-2048x1248.jpg 2048w, https:\/\/liveshowdalat.vn\/wp-content\/uploads\/2025\/09\/Lululola-Show-1-18x12.jpg 18w, https:\/\/liveshowdalat.vn\/wp-content\/uploads\/2025\/09\/Lululola-Show-1-600x366.jpg 600w\" sizes=\"(max-width: 2560px) 100vw, 2560px\" \/><\/a><span style=\"color: #800000;font-size: 24pt\"><b>Li\u00ean H\u1ec7 Book V\u00e9\u00a0<\/b><\/span><\/p>\n<p><span style=\"font-size: 14pt\"><strong>Hotline\/Zalo:\u00a0<span style=\"font-family: arial, helvetica, sans-serif;color: #003300\">0988 249 297<\/span><\/strong><\/span><\/p>\n<p><span style=\"font-size: 14pt;font-family: arial, helvetica, sans-serif\">Fanpage booking:\u00a0<a href=\"https:\/\/www.facebook.com\/liveshowdalat\/\" target=\"_blank\" rel=\"noopener\">Lululola Coffee+<\/a><\/span><\/p>\n<p><span style=\"font-size: 14pt\">Xem th\u00eam b\u00e0i vi\u1ebft kh\u00e1c t\u1ea1i: <a href=\"https:\/\/liveshowdalat.vn\/en\/lululola-show\/\" target=\"_blank\" rel=\"noopener\">Lululola Show<\/a><\/span><\/p>","protected":false},"excerpt":{"rendered":"<p>Lululola Show \u0110\u00e0 L\u1ea1t &#8211; Th\u00e1ng 09\/2025<\/p>","protected":false},"featured_media":46918,"comment_status":"open","ping_status":"closed","template":"","meta":[],"product_cat":[31,2560,50],"product_tag":[3232,2606,3229,2990,2671],"_links":{"self":[{"href":"https:\/\/liveshowdalat.vn\/en\/wp-json\/wp\/v2\/product\/46912"}],"collection":[{"href":"https:\/\/liveshowdalat.vn\/en\/wp-json\/wp\/v2\/product"}],"about":[{"href":"https:\/\/liveshowdalat.vn\/en\/wp-json\/wp\/v2\/types\/product"}],"replies":[{"embeddable":true,"href":"https:\/\/liveshowdalat.vn\/en\/wp-json\/wp\/v2\/comments?post=46912"}],"wp:featuredmedia":[{"embeddable":true,"href":"https:\/\/liveshowdalat.vn\/en\/wp-json\/wp\/v2\/media\/46918"}],"wp:attachment":[{"href":"https:\/\/liveshowdalat.vn\/en\/wp-json\/wp\/v2\/media?parent=46912"}],"wp:term":[{"taxonomy":"product_cat","embeddable":true,"href":"https:\/\/liveshowdalat.vn\/en\/wp-json\/wp\/v2\/product_cat?post=46912"},{"taxonomy":"product_tag","embeddable":true,"href":"https:\/\/liveshowdalat.vn\/en\/wp-json\/wp\/v2\/product_tag?post=46912"}],"curies":[{"name":"wp","href":"https:\/\/api.w.org\/{rel}","templated":true}]}}