{"id":46839,"date":"2025-09-10T10:38:57","date_gmt":"2025-09-10T03:38:57","guid":{"rendered":"https:\/\/liveshowdalat.vn\/?post_type=product&#038;p=46839"},"modified":"2025-09-23T12:19:35","modified_gmt":"2025-09-23T05:19:35","slug":"may-lang-thang-da-nang-phuong-linh-da-nang-25-10","status":"publish","type":"product","link":"https:\/\/liveshowdalat.vn\/en\/may-lang-thang-da-nang-phuong-linh-da-nang-25-10.html","title":{"rendered":"PH\u01af\u01a0NG LINH &#8211; \u0110\u00c0 N\u1eb4NG 25.10"},"content":{"rendered":"<nav class=\"vietrick-auto-toc\">\n<div class=\"box-title\">\n<h3 class=\"toc-title\" id=\"select-menu\">Danh m\u1ee5c ch\u00ednh<\/h3>\n<div><ion-icon name=\"chevron-up-outline\"><\/ion-icon><\/div>\n<\/div>\n<ul class=\"toc-list\">\n<li><a href='https:\/\/liveshowdalat.vn\/en#phuong-linh' class='heading-h2 toc-link smooth-scroll'>PH\u01af\u01a0NG LINH<\/a>\n<li><a href='https:\/\/liveshowdalat.vn\/en#lien-he-book-ve' class='heading-h2 toc-link smooth-scroll'>Li\u00ean H\u1ec7 Book V\u00e9\u00a0<\/a><\/ul>\n<\/ul>\n<\/li>\n<\/ul>\n<\/nav>\n<h2 style=\"text-align: center\" id=\"phuong-linh\"><strong><span style=\"color: #003300\"><span style=\"font-size: 32px\">PH\u01af\u01a0NG LINH<\/span><\/span><\/strong><\/h2>\n<p style=\"text-align: center\"><span style=\"color: #003366;font-size: 18pt\"><strong>HI\u00caN NH\u00c0 VERANDA, TP. \u0110\u00c0 N\u1eb4NG<\/strong><\/span><\/p>\n<p style=\"text-align: center\"><span style=\"font-family: 'courier new', courier, monospace\"><span style=\"font-size: 14pt\"><strong>25\/10\/2025<\/strong><\/span><\/span><\/p>\n<p style=\"text-align: center\"><span style=\"font-size: 14pt;font-family: 'courier new', courier, monospace\"><strong>SHOW TIME 20:00<\/strong><\/span><\/p>\n<p style=\"text-align: center\"><span style=\"font-size: 24pt;font-family: arial, helvetica, sans-serif;color: #333333\"><strong>TH\u00d4NG TIN<\/strong><\/span><\/p>\n<table style=\"width: 99.2945%;border-collapse: collapse;border-style: solid;border-color: #000000;height: 323px\" border=\"1\">\n<tbody>\n<tr style=\"height: 78px\">\n<td style=\"width: 50%;height: 78px\"><span style=\"font-size: 12pt\"><strong>\u00a0PREMIUM<\/strong> \/<strong> TH\u1ea2NH TH\u01a0I<br \/>\n<\/strong>\u00a0 Bao g\u1ed3m tr\u00e1i c\u00e2y, b\u00e1nh ng\u1ecdt v\u00e0 1 ph\u1ea7n bia ho\u1eb7c n\u01b0\u1edbc<\/span><\/td>\n<td style=\"width: 50%;text-align: center;height: 78px\"><strong><span style=\"font-family: helvetica, arial, sans-serif;font-size: 12pt\">1,650,000 VN\u0110<\/span><\/strong><\/td>\n<\/tr>\n<tr style=\"height: 62px\">\n<td style=\"width: 50%;height: 62px\"><span style=\"font-size: 12pt\"><strong>\u00a0VIP <\/strong>\/<strong> B\u1ec0NH B\u1ed2NG<br \/>\n<\/strong>\u00a0 Bao g\u1ed3m 1 ph\u1ea7n bia ho\u1eb7c n\u01b0\u1edbc<\/span><\/td>\n<td style=\"width: 50%;text-align: center;height: 62px\"><strong><span style=\"font-family: helvetica, arial, sans-serif;font-size: 12pt\">1,350,000 VN\u0110<\/span><\/strong><\/td>\n<\/tr>\n<tr style=\"height: 70px\">\n<td style=\"width: 50%;height: 70px\"><span style=\"font-size: 12pt\"><strong>\u00a0STANDARD 1<\/strong> \/<strong> M\u01a0 M\u00c0NG<br \/>\n<\/strong>\u00a0 Bao g\u1ed3m 1 ph\u1ea7n n\u01b0\u1edbc<\/span><\/td>\n<td style=\"width: 50%;text-align: center;height: 70px\"><strong><span style=\"font-family: helvetica, arial, sans-serif;font-size: 12pt\">1,000,000 VN\u0110<\/span><\/strong><\/td>\n<\/tr>\n<tr style=\"height: 57px\">\n<td style=\"width: 50%;height: 57px\"><span style=\"font-size: 12pt\"><strong>\u00a0STANDARD 2 <\/strong>\/<strong> NH\u1edeN NH\u01a0<\/strong><\/span><\/td>\n<td style=\"width: 50%;text-align: center;height: 57px\"><strong><span style=\"font-family: helvetica, arial, sans-serif;font-size: 12pt\">850,000 VN\u0110<\/span><\/strong><\/td>\n<\/tr>\n<tr style=\"height: 56px\">\n<td style=\"width: 50%;height: 56px\"><span style=\"font-size: 12pt\"><strong>\u00a0STANDARD 3<\/strong> \/<strong> L\u1eecNG L\u01a0<\/strong><\/span><\/td>\n<td style=\"width: 50%;text-align: center;height: 56px\"><strong><span style=\"font-family: helvetica, arial, sans-serif;font-size: 12pt\">600,000 VN\u0110<\/span><\/strong><\/td>\n<\/tr>\n<\/tbody>\n<\/table>\n<p><span style=\"font-size: 14pt\"><span style=\"color: #003300;font-size: 18pt\"><b><a href=\"https:\/\/liveshowdalat.vn\/wp-content\/uploads\/2025\/09\/May-Lang-Thang-Da-Nang-Thang-10.jpg\"><img loading=\"lazy\" decoding=\"async\" class=\"alignnone size-full wp-image-46833\" src=\"https:\/\/liveshowdalat.vn\/wp-content\/uploads\/2025\/09\/May-Lang-Thang-Da-Nang-Thang-10.jpg\" alt=\"May Lang Thang Da Nang - Thang 10\" width=\"1638\" height=\"2048\" srcset=\"https:\/\/liveshowdalat.vn\/wp-content\/uploads\/2025\/09\/May-Lang-Thang-Da-Nang-Thang-10.jpg 1638w, https:\/\/liveshowdalat.vn\/wp-content\/uploads\/2025\/09\/May-Lang-Thang-Da-Nang-Thang-10-819x1024.jpg 819w, https:\/\/liveshowdalat.vn\/wp-content\/uploads\/2025\/09\/May-Lang-Thang-Da-Nang-Thang-10-768x960.jpg 768w, https:\/\/liveshowdalat.vn\/wp-content\/uploads\/2025\/09\/May-Lang-Thang-Da-Nang-Thang-10-1229x1536.jpg 1229w, https:\/\/liveshowdalat.vn\/wp-content\/uploads\/2025\/09\/May-Lang-Thang-Da-Nang-Thang-10-10x12.jpg 10w, https:\/\/liveshowdalat.vn\/wp-content\/uploads\/2025\/09\/May-Lang-Thang-Da-Nang-Thang-10-600x750.jpg 600w\" sizes=\"(max-width: 1638px) 100vw, 1638px\" \/><\/a>Ch\u00ednh s\u00e1ch tr\u1ebb em b\u00ean M\u00e2y Lang Thang:<\/b><b><br \/>\n<\/b><\/span><\/span><span style=\"font-size: 14pt\">\u2013 B\u00e9<strong> d\u01b0\u1edbi 1m:<\/strong> kh\u00f4ng ph\u1ee5 thu n\u1ebfu ng\u1ed3i chung v\u1edbi ph\u1ee5 huynh<br \/>\n\u2013 B\u00e9 t\u1eeb <strong>1m \u0111\u1ebfn d\u01b0\u1edbi 1m2<\/strong>: gi\u1ea3m 30% ( c\u00f3 gh\u1ebf ri\u00eang ), ho\u00e0n ti\u1ec1n tr\u1ef1c ti\u1ebfp t\u1ea1i show.<\/span><br \/>\n<span style=\"font-size: 14pt\">\u2013 <strong>Tr\u00ean 1m2<\/strong>: v\u1eabn t\u00ednh v\u00e9 nh\u01b0 ng\u01b0\u1eddi l\u1edbn.<\/span><br \/>\n<span style=\"font-size: 14pt\">***<\/span><br \/>\n<span style=\"font-size: 14pt\">\u2013 \u0110\u1ecba ch\u1ec9: <strong>VERANDA \u0110\u00c0 N\u1eb4NG &#8211; <em>Hi\u00ean Nh\u00e0 Veranda, ph\u00eda T\u00e2y C\u1ea7u Tr\u1ea7n Th\u1ecb L\u00fd, Ph\u01b0\u1eddng H\u00f2a C\u01b0\u1eddng, TP. \u0110\u00e0 N\u1eb5ng.<\/em><\/strong><\/span><br \/>\n<span style=\"font-size: 14pt\">\u2013 Qu\u00fd kh\u00e1ch l\u01b0u \u00fd t\u1ed5 ch\u1ee9c \u0111\u1ecba \u0111i\u1ec3m \u0111\u1ec3 s\u1eafp x\u1ebfp th\u1eddi gian v\u00e0 ph\u01b0\u01a1ng ti\u1ec7n di chuy\u1ec3n ph\u00f9 h\u1ee3p.<br \/>\n<\/span><\/p>\n<p><a href=\"https:\/\/liveshowdalat.vn\/wp-content\/uploads\/2025\/01\/Veranda-Da-Nang-May-Lang-Thang-Da-Nang.jpg\"><img loading=\"lazy\" decoding=\"async\" class=\"alignnone size-full wp-image-45513\" src=\"https:\/\/liveshowdalat.vn\/wp-content\/uploads\/2025\/01\/Veranda-Da-Nang-May-Lang-Thang-Da-Nang.jpg\" alt=\"Veranda \u0110\u00e0 N\u1eb5ng - M\u00e2y Lang Thang \u0110\u00e0 N\u1eb5ng\" width=\"1448\" height=\"2048\" srcset=\"https:\/\/liveshowdalat.vn\/wp-content\/uploads\/2025\/01\/Veranda-Da-Nang-May-Lang-Thang-Da-Nang.jpg 1448w, https:\/\/liveshowdalat.vn\/wp-content\/uploads\/2025\/01\/Veranda-Da-Nang-May-Lang-Thang-Da-Nang-724x1024.jpg 724w, https:\/\/liveshowdalat.vn\/wp-content\/uploads\/2025\/01\/Veranda-Da-Nang-May-Lang-Thang-Da-Nang-768x1086.jpg 768w, https:\/\/liveshowdalat.vn\/wp-content\/uploads\/2025\/01\/Veranda-Da-Nang-May-Lang-Thang-Da-Nang-1086x1536.jpg 1086w, https:\/\/liveshowdalat.vn\/wp-content\/uploads\/2025\/01\/Veranda-Da-Nang-May-Lang-Thang-Da-Nang-600x849.jpg 600w\" sizes=\"(max-width: 1448px) 100vw, 1448px\" \/><\/a><\/p>\n<p><span style=\"font-size: 18pt;color: #003300\"><b>L\u01afU \u00dd<\/b><\/span><\/p>\n<p><span style=\"font-size: 14pt\">\u2013 BTC kh\u00f4ng h\u1ed7 tr\u1ee3 ho\u00e0n v\u00e9 d\u01b0\u1edbi m\u1ecdi h\u00ecnh th\u1ee9c<\/span><\/p>\n<p><span style=\"font-size: 14pt\">\u2013 Vui l\u00f2ng kh\u00f4ng mang \u0111\u1ed3 \u0103n n\u01b0\u1edbc u\u1ed1ng b\u00ean ngo\u00e0i v\u00e0o khu v\u1ef1c bi\u1ec3u di\u1ec5n<\/span><\/p>\n<p><span style=\"font-size: 14pt\">\u2013 Tr\u01b0\u1eddng h\u1ee3p h\u1ee7y v\u00e9 v\u00e0 b\u1ea3o l\u01b0u v\u00e9 c\u1ea7n th\u00f4ng b\u00e1o t\u1edbi BTC tr\u01b0\u1edbc 24 gi\u1edd, sau kho\u1ea3ng th\u1eddi gian tr\u00ean s\u1ebd kh\u00f4ng \u0111\u01b0\u1ee3c h\u1ed7 tr\u1ee3<\/span><\/p>\n<p><span style=\"font-size: 18pt;color: #003300\"><b><i>B\u1ea1n l\u01b0u \u00fd th\u00f4ng tin b\u1ea3o l\u01b0u sau:<\/i><\/b><\/span><\/p>\n<p><span style=\"font-size: 14pt\">\u2013 Th\u1eddi h\u1ea1n b\u1ea3o l\u01b0u l\u00e0 trong v\u00f2ng 6 th\u00e1ng, t\u00ednh theo ng\u00e0y x\u00e1c nh\u1eadn b\u1ea3o l\u01b0u.<\/span><\/p>\n<p><span style=\"font-size: 14pt\">\u2013 M\u00e2y s\u1ebd b\u1ea3o l\u01b0u s\u1ed1 ti\u1ec1n m\u00e0 kh\u00e1ch h\u00e0ng \u0111\u00e3 \u0111\u1eb7t ch\u1ed7.<\/span><\/p>\n<p><span style=\"font-size: 14pt\">\u2013 V\u1ecb tr\u00ed gh\u1ebf c\u1ee7a \u0111\u01a1n h\u00e0ng \u0111\u00e3 b\u1ea3o l\u01b0u, s\u1ebd \u0111\u01b0\u1ee3c m\u1edf b\u00e1n l\u1ea1i tr\u00ean website.<\/span><\/p>\n<p><span style=\"font-size: 14pt\">\u2013 Khi h\u1ed7 tr\u1ee3 \u0111\u1eb7t l\u1ea1i ch\u1ed7, v\u1edbi h\u1ea1ng gi\u00e1 cao h\u01a1n, qu\u00fd kh\u00e1ch vui l\u00f2ng b\u00f9 ph\u1ea7n ch\u00eanh l\u1ec7ch c\u00f2n thi\u1ebfu.<\/span><\/p>\n<p><span style=\"font-size: 14pt\">(Trong tr\u01b0\u1eddng h\u1ee3p h\u1ea1ng v\u00e9 th\u1ea5p s\u1ed1 ti\u1ec1n \u0111\u00e3 b\u1ea3o l\u01b0u, M\u00e2y kh\u00f4ng h\u1ed7 tr\u1ee3 ho\u00e0n ti\u1ec1n)<\/span><\/p>\n<p><span style=\"font-size: 14pt\">\u2013 \u00c1p d\u1ee5ng t\u1ea5t c\u1ea3 c\u00e1c chi nh\u00e1nh c\u1ee7a M\u00e2y Lang Thang.<\/span><\/p>\n<p><a href=\"https:\/\/liveshowdalat.vn\/wp-content\/uploads\/2025\/06\/Noi-dung-doan-van-ban-cua-ban.jpg\"><img loading=\"lazy\" decoding=\"async\" class=\"alignnone size-full wp-image-46424\" src=\"https:\/\/liveshowdalat.vn\/wp-content\/uploads\/2025\/06\/Noi-dung-doan-van-ban-cua-ban.jpg\" alt=\"May Lang Thang\" width=\"992\" height=\"2048\" srcset=\"https:\/\/liveshowdalat.vn\/wp-content\/uploads\/2025\/06\/Noi-dung-doan-van-ban-cua-ban.jpg 992w, https:\/\/liveshowdalat.vn\/wp-content\/uploads\/2025\/06\/Noi-dung-doan-van-ban-cua-ban-496x1024.jpg 496w, https:\/\/liveshowdalat.vn\/wp-content\/uploads\/2025\/06\/Noi-dung-doan-van-ban-cua-ban-768x1586.jpg 768w, https:\/\/liveshowdalat.vn\/wp-content\/uploads\/2025\/06\/Noi-dung-doan-van-ban-cua-ban-744x1536.jpg 744w, https:\/\/liveshowdalat.vn\/wp-content\/uploads\/2025\/06\/Noi-dung-doan-van-ban-cua-ban-6x12.jpg 6w, https:\/\/liveshowdalat.vn\/wp-content\/uploads\/2025\/06\/Noi-dung-doan-van-ban-cua-ban-600x1239.jpg 600w\" sizes=\"(max-width: 992px) 100vw, 992px\" \/><\/a><\/p>\n<p><a href=\"https:\/\/liveshowdalat.vn\/wp-content\/uploads\/2024\/10\/VERANDA-DA-NANG-Q.-Hai-Chau.jpg\"><img loading=\"lazy\" decoding=\"async\" class=\"alignnone size-full wp-image-44203\" src=\"https:\/\/liveshowdalat.vn\/wp-content\/uploads\/2024\/10\/VERANDA-DA-NANG-Q.-Hai-Chau.jpg\" alt=\"VERANDA \u0110\u00c0 N\u1eb4NG\" width=\"1800\" height=\"1200\" srcset=\"https:\/\/liveshowdalat.vn\/wp-content\/uploads\/2024\/10\/VERANDA-DA-NANG-Q.-Hai-Chau.jpg 1800w, https:\/\/liveshowdalat.vn\/wp-content\/uploads\/2024\/10\/VERANDA-DA-NANG-Q.-Hai-Chau-1024x683.jpg 1024w, https:\/\/liveshowdalat.vn\/wp-content\/uploads\/2024\/10\/VERANDA-DA-NANG-Q.-Hai-Chau-768x512.jpg 768w, https:\/\/liveshowdalat.vn\/wp-content\/uploads\/2024\/10\/VERANDA-DA-NANG-Q.-Hai-Chau-1536x1024.jpg 1536w, https:\/\/liveshowdalat.vn\/wp-content\/uploads\/2024\/10\/VERANDA-DA-NANG-Q.-Hai-Chau-600x400.jpg 600w\" sizes=\"(max-width: 1800px) 100vw, 1800px\" \/><\/a><a href=\"https:\/\/liveshowdalat.vn\/wp-content\/uploads\/2024\/03\/may-da-nang.jpg\"><img loading=\"lazy\" decoding=\"async\" class=\"alignnone size-full wp-image-3486\" src=\"https:\/\/liveshowdalat.vn\/wp-content\/uploads\/2024\/03\/may-da-nang.jpg\" alt=\"Veranda \u0110\u00e0 N\u1eb5ng\" width=\"2000\" height=\"1600\" srcset=\"https:\/\/liveshowdalat.vn\/wp-content\/uploads\/2024\/03\/may-da-nang.jpg 2000w, https:\/\/liveshowdalat.vn\/wp-content\/uploads\/2024\/03\/may-da-nang-300x240.jpg 300w, https:\/\/liveshowdalat.vn\/wp-content\/uploads\/2024\/03\/may-da-nang-1024x819.jpg 1024w, https:\/\/liveshowdalat.vn\/wp-content\/uploads\/2024\/03\/may-da-nang-768x614.jpg 768w, https:\/\/liveshowdalat.vn\/wp-content\/uploads\/2024\/03\/may-da-nang-1536x1229.jpg 1536w, https:\/\/liveshowdalat.vn\/wp-content\/uploads\/2024\/03\/may-da-nang-600x480.jpg 600w\" sizes=\"(max-width: 2000px) 100vw, 2000px\" \/><\/a><a href=\"https:\/\/liveshowdalat.vn\/wp-content\/uploads\/2024\/02\/MAY-LANG-THANG-DA-NANG-1.jpg\"><img loading=\"lazy\" decoding=\"async\" class=\"alignnone size-full wp-image-3000\" src=\"https:\/\/liveshowdalat.vn\/wp-content\/uploads\/2024\/02\/MAY-LANG-THANG-DA-NANG-1.jpg\" alt=\"M\u00c2Y LANG THANG\" width=\"2000\" height=\"1600\" srcset=\"https:\/\/liveshowdalat.vn\/wp-content\/uploads\/2024\/02\/MAY-LANG-THANG-DA-NANG-1.jpg 2000w, https:\/\/liveshowdalat.vn\/wp-content\/uploads\/2024\/02\/MAY-LANG-THANG-DA-NANG-1-300x240.jpg 300w, https:\/\/liveshowdalat.vn\/wp-content\/uploads\/2024\/02\/MAY-LANG-THANG-DA-NANG-1-1024x819.jpg 1024w, https:\/\/liveshowdalat.vn\/wp-content\/uploads\/2024\/02\/MAY-LANG-THANG-DA-NANG-1-768x614.jpg 768w, https:\/\/liveshowdalat.vn\/wp-content\/uploads\/2024\/02\/MAY-LANG-THANG-DA-NANG-1-1536x1229.jpg 1536w, https:\/\/liveshowdalat.vn\/wp-content\/uploads\/2024\/02\/MAY-LANG-THANG-DA-NANG-1-600x480.jpg 600w\" sizes=\"(max-width: 2000px) 100vw, 2000px\" \/><\/a><\/p>\n<h2 id=\"lien-he-book-ve\"><span style=\"color: #003300\"><b>Li\u00ean H\u1ec7 Book V\u00e9\u00a0<\/b><\/span><\/h2>\n<p><span style=\"font-size: 14pt;color: #000000\"><b>Hotline\/Zalo:\u00a0<\/b><\/span><span style=\"font-size: 14pt\"><strong>0988 249 297<\/strong><\/span><\/p>\n<p><span style=\"font-size: 14pt\">Fanpage booking:\u00a0<a href=\"https:\/\/www.facebook.com\/liveshowdalat\/\" target=\"_blank\" rel=\"noopener\">M\u00e2y Lang Thang<\/a><\/span><\/p>\n<p><span style=\"font-size: 14pt\">Xem th\u00eam b\u00e0i vi\u1ebft kh\u00e1c t\u1ea1i:\u00a0<a href=\"https:\/\/maylangthangshow.com\/\" rel=\"noopener\">Cloud Wandered Show\u00a0<\/a><\/span><\/p>","protected":false},"excerpt":{"rendered":"<p><strong>M\u00e2y Lang Thang \u0110\u00e0 N\u1eb5ng &#8211; th\u00e1ng 10\/2025<\/strong><\/p>","protected":false},"featured_media":46833,"comment_status":"open","ping_status":"closed","template":"","meta":[],"product_cat":[2411,31,49],"product_tag":[2759,2596,75,2758],"_links":{"self":[{"href":"https:\/\/liveshowdalat.vn\/en\/wp-json\/wp\/v2\/product\/46839"}],"collection":[{"href":"https:\/\/liveshowdalat.vn\/en\/wp-json\/wp\/v2\/product"}],"about":[{"href":"https:\/\/liveshowdalat.vn\/en\/wp-json\/wp\/v2\/types\/product"}],"replies":[{"embeddable":true,"href":"https:\/\/liveshowdalat.vn\/en\/wp-json\/wp\/v2\/comments?post=46839"}],"wp:featuredmedia":[{"embeddable":true,"href":"https:\/\/liveshowdalat.vn\/en\/wp-json\/wp\/v2\/media\/46833"}],"wp:attachment":[{"href":"https:\/\/liveshowdalat.vn\/en\/wp-json\/wp\/v2\/media?parent=46839"}],"wp:term":[{"taxonomy":"product_cat","embeddable":true,"href":"https:\/\/liveshowdalat.vn\/en\/wp-json\/wp\/v2\/product_cat?post=46839"},{"taxonomy":"product_tag","embeddable":true,"href":"https:\/\/liveshowdalat.vn\/en\/wp-json\/wp\/v2\/product_tag?post=46839"}],"curies":[{"name":"wp","href":"https:\/\/api.w.org\/{rel}","templated":true}]}}