{"id":468,"date":"2022-11-30T17:00:09","date_gmt":"2022-11-30T10:00:09","guid":{"rendered":"https:\/\/maylangthangshow.com\/?p=468"},"modified":"2024-07-13T21:05:48","modified_gmt":"2024-07-13T14:05:48","slug":"tuan-ngoc-duc-huy-31-12-sai-gon-livestage","status":"publish","type":"product","link":"https:\/\/liveshowdalat.vn\/en\/tuan-ngoc-duc-huy-31-12-sai-gon-livestage.html","title":{"rendered":"TU\u1ea4N NG\u1eccC &#8211; \u0110\u1ee8C HUY 31.12 &#8211; S\u00c0I G\u00d2N LIVESTAGE"},"content":{"rendered":"<nav class=\"vietrick-auto-toc\">\n<div class=\"box-title\">\n<h3 class=\"toc-title\" id=\"select-menu\">Danh m\u1ee5c ch\u00ednh<\/h3>\n<div><ion-icon name=\"chevron-up-outline\"><\/ion-icon><\/div>\n<\/div>\n<ul class=\"toc-list\">\n<li><a href='https:\/\/liveshowdalat.vn\/en#tuan-ngoc-duc-huy-31-12' class='heading-h2 toc-link smooth-scroll'>TU\u1ea4N NG\u1eccC &#8211; \u0110\u1ee8C HUY 31.12<\/a>\n<ul>\n<li><a href='https:\/\/liveshowdalat.vn\/en#dem-nhac-new-years-eve' class='heading-h3 toc-link smooth-scroll'>\u0110\u00caM NH\u1ea0C NEW YEAR&#8217;S EVE<\/a><\/ul>\n<li><a href='https:\/\/liveshowdalat.vn\/en#1-thong-tin-dat-ve-may-lang-thang' class='heading-h2 toc-link smooth-scroll'>1. TH\u00d4NG TIN \u0110\u1eb6T V\u00c9 M\u00c2Y LANG THANG<\/a>\n<li><a href='https:\/\/liveshowdalat.vn\/en#2-mo-ta-san-khau-may-lang-thang' class='heading-h2 toc-link smooth-scroll'>2. M\u00d4 T\u1ea2 S\u00c2N KH\u1ea4U M\u00c2Y LANG THANG<\/a>\n<li><a href='https:\/\/liveshowdalat.vn\/en#3-cac-chinh-sach-cua-may-lang-thang' class='heading-h2 toc-link smooth-scroll'>3. C\u00c1C CH\u00cdNH S\u00c1CH C\u1ee6A M\u00c2Y LANG THANG<\/a>\n<li><a href='https:\/\/liveshowdalat.vn\/en#4-hotline-dat-ve' class='heading-h2 toc-link smooth-scroll'>4. HOTLINE \u0110\u1eb6T V\u00c9<\/a><\/ul>\n<\/ul>\n<\/li>\n<\/ul>\n<\/nav>\n<h2 style=\"text-align: center;\" id=\"tuan-ngoc-duc-huy-31-12\"><span style=\"color: #003300;\"><strong>TU\u1ea4N NG\u1eccC &#8211; \u0110\u1ee8C HUY 31.12<\/strong><\/span><\/h2>\n<h3 style=\"text-align: center;\" id=\"dem-nhac-new-years-eve\"><strong style=\"color: #003300; font-size: 18.72px;\">\u0110\u00caM NH\u1ea0C NEW YEAR&#8217;S EVE<\/strong><\/h3>\n<h4 style=\"text-align: center;\" id=\"may-saigon-livestage\"><strong style=\"color: #003300; font-size: 16px;\">M\u00c2Y SAIGON LIVESTAGE<\/strong><\/h4>\n<p style=\"text-align: center;\">TU\u1ea4N NG\u1eccC &#8211; \u0110\u1ee8C HUY<\/p>\n<p style=\"text-align: center;\">31.12.2022<\/p>\n<p style=\"text-align: center;\">T\u1eeb 20g30 \u0111\u1ebfn 23g00<\/p>\n<p style=\"text-align: center;\"><a href=\"https:\/\/maylangthangshow.com\/?p=468&amp;preview=true\" rel=\"noopener\"><img loading=\"lazy\" decoding=\"async\" class=\"alignnone wp-image-471 size-full\" src=\"https:\/\/liveshowdalat.vn\/wp-content\/uploads\/2022\/11\/MAY-LANG-THANG-31.12-SAI-GON-.jpg\" alt=\"TU\u1ea4N NG\u1eccC - \u0110\u1ee8C HUY 31.12\" width=\"480\" height=\"600\" srcset=\"https:\/\/liveshowdalat.vn\/wp-content\/uploads\/2022\/11\/MAY-LANG-THANG-31.12-SAI-GON-.jpg 480w, https:\/\/liveshowdalat.vn\/wp-content\/uploads\/2022\/11\/MAY-LANG-THANG-31.12-SAI-GON--240x300.jpg 240w\" sizes=\"(max-width: 480px) 100vw, 480px\" \/><\/a><\/p>\n<h2 id=\"1-thong-tin-dat-ve-may-lang-thang\"><span style=\"color: #003300;\">1. TH\u00d4NG TIN \u0110\u1eb6T V\u00c9 M\u00c2Y LANG THANG<\/span><\/h2>\n<p style=\"text-align: left;\"><span style=\"font-family: tahoma, arial, helvetica, sans-serif;\">\u2013 PREMIUM\/ ON CLOUD 9: 3.200.000 VN\u0110<\/span><\/p>\n<p><span style=\"font-family: tahoma, arial, helvetica, sans-serif;\">\u2013 VIP\/ B\u1ec0NH B\u1ed2NG: 2.500.000 VN\u0110<\/span><\/p>\n<p><span style=\"font-family: tahoma, arial, helvetica, sans-serif;\">\u2013 STANDARD 1\/ TH\u1ea2NH TH\u01a0I: 1.500.000 VN\u0110<\/span><\/p>\n<p><span style=\"font-family: tahoma, arial, helvetica, sans-serif;\">\u2013 STANDARD 2\/ NH\u1edeN NH\u01a0: 900.000 VN\u0110<\/span><\/p>\n<h2 id=\"2-mo-ta-san-khau-may-lang-thang\"><span style=\"color: #003300;\">2. M\u00d4 T\u1ea2 S\u00c2N KH\u1ea4U M\u00c2Y LANG THANG<\/span><\/h2>\n<p>\u2013 \u0110\u1ecba ch\u1ec9: 99 Nguy\u1ec5n Th\u1ecb Minh Khai, ph\u01b0\u1eddng B\u1ebfn Th\u00e0nh, Qu\u1eadn 1, Th\u00e0nh ph\u1ed1 H\u1ed3 Ch\u00ed Minh<\/p>\n<p>\u2013 \u0110\u1ecba \u0111i\u1ec3m t\u1ed5 ch\u1ee9c thu\u1ed9c T\u1ea7ng 15, T\u00f2a nh\u00e0 Lapen Asset, s\u1ed1 99 Nguy\u1ec5n Th\u1ecb Minh Khai, Qu\u1eadn 1, qu\u00fd kh\u00e1ch l\u01b0u \u00fd \u0111\u1ecba \u0111i\u1ec3m t\u1ed5 ch\u1ee9c d\u1ec3 s\u1eafp x\u1ebfp th\u1eddi gian v\u00e0 ph\u01b0\u01a1ng ti\u1ec7n di chuy\u1ec3n ph\u00f9 h\u1ee3p.<\/p>\n<p>\u2013 M\u00e2y S\u00e0i G\u00f2n Live Stage c\u00f3 ph\u1ee5c v\u1ee5 \u0111\u1ed3 \u0103n v\u00e0 th\u1ee9c u\u1ed1ng, qu\u00fd kh\u00e1ch vui l\u00f2ng kh\u00f4ng mang theo \u0111\u1ed3 \u0103n v\u00e0 th\u1ee9c u\u1ed1ng b\u00ean ngo\u00e0i v\u00e0o<\/p>\n<p>\u2013 H\u00ecnh \u1ea3nh s\u00e2n kh\u1ea5u<\/p>\n<p><a href=\"https:\/\/maylangthangshow.com\/?p=468&amp;preview=true\" rel=\"noopener\"><img loading=\"lazy\" decoding=\"async\" class=\"aligncenter wp-image-399 size-full\" src=\"https:\/\/liveshowdalat.vn\/wp-content\/uploads\/2022\/11\/SAN-KHAU-MLT-SAI-GON-1-1.jpg\" alt=\"TU\u1ea4N NG\u1eccC - \u0110\u1ee8C HUY 31.12\" width=\"1200\" height=\"900\" \/><\/a><\/p>\n<p><a href=\"https:\/\/maylangthangshow.com\/?p=468&amp;preview=true\" rel=\"noopener\"><img loading=\"lazy\" decoding=\"async\" class=\"aligncenter wp-image-400 size-full\" src=\"https:\/\/liveshowdalat.vn\/wp-content\/uploads\/2022\/11\/SAN-KHAU-MLT-SAI-GON-2.jpg\" alt=\"TU\u1ea4N NG\u1eccC - \u0110\u1ee8C HUY 31.12\" width=\"1200\" height=\"900\" \/><\/a><\/p>\n<p>\u2013 S\u01a1 \u0111\u1ed3 ch\u1ed7 ng\u1ed3i<\/p>\n<p><a href=\"https:\/\/maylangthangshow.com\/?p=468&amp;preview=true\" rel=\"noopener\"><img loading=\"lazy\" decoding=\"async\" class=\"aligncenter wp-image-381 size-full\" src=\"https:\/\/liveshowdalat.vn\/wp-content\/uploads\/2022\/11\/SO-DO-SK-MLT-SAI-GON-2.jpg\" alt=\"TU\u1ea4N NG\u1eccC - \u0110\u1ee8C HUY 31.12\" width=\"424\" height=\"600\" srcset=\"https:\/\/liveshowdalat.vn\/wp-content\/uploads\/2022\/11\/SO-DO-SK-MLT-SAI-GON-2.jpg 424w, https:\/\/liveshowdalat.vn\/wp-content\/uploads\/2022\/11\/SO-DO-SK-MLT-SAI-GON-2-212x300.jpg 212w\" sizes=\"(max-width: 424px) 100vw, 424px\" \/><\/a><\/p>\n<h2 id=\"3-cac-chinh-sach-cua-may-lang-thang\"><span style=\"color: #003300;\">3. C\u00c1C CH\u00cdNH S\u00c1CH C\u1ee6A M\u00c2Y LANG THANG<\/span><\/h2>\n<p><strong>B\u1ea1n l\u01b0u \u00fd th\u00f4ng tin b\u1ea3o l\u01b0u sau gi\u00fap M\u00e2y Lang Thang:<\/strong><br \/>\n&#8211; Th\u1eddi h\u1ea1n b\u1ea3o l\u01b0u l\u00e0 trong v\u00f2ng m\u1ed9t n\u0103m t\u00ednh theo ng\u00e0y x\u00e1c nh\u1eadn b\u1ea3o l\u01b0u.<br \/>\n&#8211; B\u1ea3o l\u01b0u ch\u1ec9 c\u00f3 hi\u1ec7u l\u1ef1c c\u00f9ng khu v\u1ef1c \u0111\u00e3 \u0111\u1eb7t<br \/>\n&#8211; M\u00e2y Lang Thang ch\u1ec9 h\u1ed7 tr\u1ee3 b\u1ea3o l\u01b0u c\u00f9ng h\u1ea1ng gi\u00e1, v\u1edbi gi\u00e1 v\u00e9 cao h\u01a1n (vui l\u00f2ng b\u00f9 ph\u1ea7n ch\u00eanh l\u1ec7ch gi\u00fap M\u00e2y). Trong tr\u01b0\u1eddng h\u1ee3p h\u1ea1ng v\u00e9 th\u1ea5p s\u1ed1 ti\u1ec1n \u0111\u00e3 b\u1ea3o l\u01b0u, M\u00e2y kh\u00f4ng h\u1ed7 tr\u1ee3 ho\u00e0n ti\u1ec1n \u1ea1.<\/p>\n<h2 id=\"4-hotline-dat-ve\"><span style=\"color: #003300;\">4. HOTLINE \u0110\u1eb6T V\u00c9<\/span><\/h2>\n<p>\ud83d\udcde Hotline t\u01b0 v\u1ea5n: 0986 978 394<\/p>\n<p>Fanpage booking: <a href=\"https:\/\/www.facebook.com\/liveshowdalat\/\" target=\"_blank\" rel=\"noopener\">M\u00e2y Lang Thang<\/a><\/p>\n<p>Xem th\u00eam b\u00e0i vi\u1ebft kh\u00e1c t\u1ea1i: <a href=\"https:\/\/maylangthangshow.com\/\" rel=\"noopener\">Cloud Wandered Show\u00a0<\/a><\/p>","protected":false},"excerpt":{"rendered":"<p>Danh m\u1ee5c ch\u00ednh TU\u1ea4N NG\u1eccC &#8211; \u0110\u1ee8C HUY 31.12 \u0110\u00caM NH\u1ea0C NEW YEAR&#8217;S EVE 1. TH\u00d4NG TIN \u0110\u1eb6T V\u00c9 M\u00c2Y LANG THANG 2. M\u00d4 T\u1ea2 S\u00c2N KH\u1ea4U M\u00c2Y LANG THANG 3. C\u00c1C CH\u00cdNH S\u00c1CH C\u1ee6A M\u00c2Y LANG THANG 4. HOTLINE \u0110\u1eb6T V\u00c9 TU\u1ea4N NG\u1eccC &#8211; \u0110\u1ee8C HUY 31.12 \u0110\u00caM NH\u1ea0C NEW YEAR&#8217;S EVE M\u00c2Y SAIGON [&hellip;]<\/p>","protected":false},"featured_media":471,"comment_status":"open","ping_status":"closed","template":"","meta":[],"product_cat":[2500,31,49],"product_tag":[],"_links":{"self":[{"href":"https:\/\/liveshowdalat.vn\/en\/wp-json\/wp\/v2\/product\/468"}],"collection":[{"href":"https:\/\/liveshowdalat.vn\/en\/wp-json\/wp\/v2\/product"}],"about":[{"href":"https:\/\/liveshowdalat.vn\/en\/wp-json\/wp\/v2\/types\/product"}],"replies":[{"embeddable":true,"href":"https:\/\/liveshowdalat.vn\/en\/wp-json\/wp\/v2\/comments?post=468"}],"wp:featuredmedia":[{"embeddable":true,"href":"https:\/\/liveshowdalat.vn\/en\/wp-json\/wp\/v2\/media\/471"}],"wp:attachment":[{"href":"https:\/\/liveshowdalat.vn\/en\/wp-json\/wp\/v2\/media?parent=468"}],"wp:term":[{"taxonomy":"product_cat","embeddable":true,"href":"https:\/\/liveshowdalat.vn\/en\/wp-json\/wp\/v2\/product_cat?post=468"},{"taxonomy":"product_tag","embeddable":true,"href":"https:\/\/liveshowdalat.vn\/en\/wp-json\/wp\/v2\/product_tag?post=468"}],"curies":[{"name":"wp","href":"https:\/\/api.w.org\/{rel}","templated":true}]}}