{"id":46724,"date":"2025-08-04T09:53:27","date_gmt":"2025-08-04T02:53:27","guid":{"rendered":"https:\/\/liveshowdalat.vn\/?post_type=product&#038;p=46724"},"modified":"2025-09-03T21:40:19","modified_gmt":"2025-09-03T14:40:19","slug":"lich-dien-may-lang-thang-da-lat-thang-8-2025","status":"publish","type":"product","link":"https:\/\/liveshowdalat.vn\/en\/lich-dien-may-lang-thang-da-lat-thang-8-2025.html","title":{"rendered":"L\u1ecaCH DI\u1ec4N M\u00c2Y LANG THANG \u0110\u00c0 L\u1ea0T TH\u00c1NG 08 &#8211; 09\/2025"},"content":{"rendered":"<nav class=\"vietrick-auto-toc\">\n<div class=\"box-title\">\n<h3 class=\"toc-title\" id=\"select-menu\">Danh m\u1ee5c ch\u00ednh<\/h3>\n<div><ion-icon name=\"chevron-up-outline\"><\/ion-icon><\/div>\n<\/div>\n<ul class=\"toc-list\">\n<li><a href='https:\/\/liveshowdalat.vn\/en#lich-dien-may-lang-thang-da-lat-thang-08-2025' class='heading-h2 toc-link smooth-scroll'>L\u1ecaCH DI\u1ec4N M\u00c2Y LANG THANG \u0110\u00c0 L\u1ea0T TH\u00c1NG 08\/2025<\/a>\n<li><a href='https:\/\/liveshowdalat.vn\/en#lien-he-book-ve' class='heading-h2 toc-link smooth-scroll'>Li\u00ean H\u1ec7 Book V\u00e9\u00a0<\/a><\/ul>\n<\/ul>\n<\/li>\n<\/ul>\n<\/nav>\n<h2 style=\"text-align: center\" id=\"lich-dien-may-lang-thang-da-lat-thang-08-2025\"><span style=\"color: #003300\"><strong><span style=\"font-size: 24pt\">L\u1ecaCH DI\u1ec4N M\u00c2Y LANG THANG \u0110\u00c0 L\u1ea0T TH\u00c1NG 08\/2025<\/span><\/strong><\/span><\/h2>\n<p style=\"text-align: center\"><span style=\"color: #333399\"><strong>[UPDATE LI\u00caN T\u1ee4C]<\/strong><\/span><\/p>\n<p><span style=\"font-size: 18pt;color: #000080\"><b>L\u1ecaCH DI\u1ec4N TR\u00caN M\u00c2Y TH\u00c1NG 08 &#8211; 09\/2025<\/b><\/span><\/p>\n<p><strong><em><span style=\"font-family: 'comic sans ms', sans-serif;font-size: 14pt;color: #333399\"><span style=\"font-family: georgia, palatino, serif\">Cloud Wandered Show <\/span><\/span><\/em><\/strong><em><span style=\"font-family: 'comic sans ms', sans-serif;font-size: 14pt;color: #333399\">&#8211; n\u01a1i<\/span><\/em><em><span style=\"font-family: 'comic sans ms', sans-serif;font-size: 14pt;color: #333399\"> \u00e2m nh\u1ea1c v\u00e0 c\u1ea3m x\u00fac h\u00f2a quy\u1ec7n, n\u01a1i m\u1ecdi kho\u1ea3nh kh\u1eafc h\u00f3a th\u00e0nh ng\u01b0ng \u0111\u1ecdng v\u1edbi th\u1eddi gian trong nh\u1eefng b\u1ea3n t\u00ecnh ca s\u00e2u l\u1eafng.<\/span><\/em><a href=\"https:\/\/liveshowdalat.vn\/wp-content\/uploads\/2025\/07\/Lich-dien-May-Lang-Thang-Da-Lat-thang-8-92025.jpg\"><br \/>\n<img loading=\"lazy\" decoding=\"async\" class=\"aligncenter wp-image-46718 size-full\" src=\"https:\/\/liveshowdalat.vn\/wp-content\/uploads\/2025\/07\/Lich-dien-May-Lang-Thang-Da-Lat-thang-8-92025.jpg\" alt=\"Lich dien May Lang Thang Da Lat thang 8 - 92025\" width=\"512\" height=\"640\" srcset=\"https:\/\/liveshowdalat.vn\/wp-content\/uploads\/2025\/07\/Lich-dien-May-Lang-Thang-Da-Lat-thang-8-92025.jpg 512w, https:\/\/liveshowdalat.vn\/wp-content\/uploads\/2025\/07\/Lich-dien-May-Lang-Thang-Da-Lat-thang-8-92025-10x12.jpg 10w\" sizes=\"(max-width: 512px) 100vw, 512px\" \/><\/a><\/p>\n<p><span style=\"color: #003300\"><strong><span style=\"font-size: 18pt\">\u2665 M\u00c2Y LANG THANG \u0110\u00c0 L\u1ea0T<br \/>\n<\/span><\/strong><\/span><span style=\"font-size: 14pt\">&#8211; <strong>S\u00e2n kh\u1ea5u Chi\u1ec1u nh\u1ea1c tr\u00ean M\u00e2y<\/strong> &#8211; M\u00e2y in The Nest, 519 Th\u00f4n M\u0103ng Linh, Ph\u01b0\u1eddng Lang Biang, \u0110\u00e0 L\u1ea1t \u0399 Show Time 17:00 &#8211; 19:00<br \/>\n<\/span><span style=\"font-size: 14pt\">&#8211; <strong>S\u00e2n kh\u1ea5u \u0110\u00eam nh\u1ea1c tr\u00ean M\u00e2y<\/strong> &#8211; Thung L\u0169ng M\u00e2y, S\u1ed1 4, Tr\u1ea7n Quang Di\u1ec7u, Ph\u01b0\u1eddng Xu\u00e2n H\u01b0\u01a1ng, \u0110\u00e0 L\u1ea1t | Show Time 19:30 &#8211; 21:30<br \/>\n<\/span><\/p>\n<hr \/>\n<p><span style=\"font-size: 14pt;color: #003366\"><strong>TH\u00c1NG 8<\/strong><\/span><\/p>\n<p><span style=\"color: #333333\"><strong><span style=\"font-size: 14pt\"><span style=\"vertical-align: inherit\"><span style=\"vertical-align: inherit\">\u2013 08.08 V\u0102N MAI H\u01af\u01a0NG\u00a0<\/span><\/span><\/span><\/strong><\/span><\/p>\n<p><em><a href=\"https:\/\/liveshowdalat.vn\/en\/may-lang-thang-da-lat-uot-long-van-mai-huong-08-08.html\/\" target=\"_blank\" rel=\"noopener\">https:\/\/liveshowdalat.vn\/may-lang-thang-da-lat-uot-long-van-mai-huong-08-08.html<\/a><\/em><\/p>\n<p><span style=\"color: #333333\"><strong><span style=\"font-size: 14pt\"><span style=\"vertical-align: inherit\">\u2013 09.08 TH\u00d9Y CHI &#8211; MAI TI\u1ebeN D\u0168NG<\/span><\/span><\/strong><\/span><\/p>\n<p><em><a href=\"https:\/\/liveshowdalat.vn\/en\/may-lang-thang-thuy-chi-mai-tien-dung-09-08.html\/\" target=\"_blank\" rel=\"noopener\">https:\/\/liveshowdalat.vn\/may-lang-thang-thuy-chi-mai-tien-dung-09-08.html<\/a><\/em><\/p>\n<p><span style=\"color: #333333\"><strong><span style=\"font-size: 14pt\"><span style=\"vertical-align: inherit\">\u2013 15.08 H\u00c0 NHI\u00a0<\/span><\/span><\/strong><\/span><\/p>\n<p><em><a href=\"https:\/\/liveshowdalat.vn\/en\/may-lang-thang-ha-nhi-da-lat-15-08.html\/\" target=\"_blank\" rel=\"noopener\">https:\/\/liveshowdalat.vn\/may-lang-thang-ha-nhi-da-lat-15-08.html<\/a><\/em><\/p>\n<p><span style=\"color: #333333\"><strong><span style=\"font-size: 14pt\"><span style=\"vertical-align: inherit\">\u2013 16.08 L\u1ec6 QUY\u00caN &amp; KM: NGUY\u1ec4N \u0110\u00ccNH TU\u1ea4N D\u0168NG<\/span><\/span><\/strong><\/span><\/p>\n<p><em><a href=\"https:\/\/liveshowdalat.vn\/en\/may-lang-thang-le-quyen-16-08.html\/\" target=\"_blank\" rel=\"noopener\">https:\/\/liveshowdalat.vn\/may-lang-thang-le-quyen-16-08.html<\/a><\/em><\/p>\n<p><span style=\"color: #333333\"><strong><span style=\"font-size: 14pt\"><span style=\"vertical-align: inherit\">\u2013 19.09 H\u00c0 NHI \u2013 \u0110\u00c0 L\u1ea0T\u00a0<\/span><\/span><\/strong><\/span><\/p>\n<p><em><a href=\"https:\/\/liveshowdalat.vn\/en\/may-lang-thang-da-lat-ha-nhi-da-lat-19-09.html\/\" target=\"_blank\" rel=\"noopener\">https:\/\/liveshowdalat.vn\/may-lang-thang-da-lat-ha-nhi-da-lat-19-09.html<\/a><\/em><\/p>\n<p><span style=\"color: #333333\"><strong><span style=\"font-size: 14pt\"><span style=\"vertical-align: inherit\">\u2013 22.08 L\u00c2N NH\u00c3<\/span><\/span><\/strong><\/span><\/p>\n<p><em><a href=\"https:\/\/liveshowdalat.vn\/en\/may-lang-thang-lan-nha-da-lat-22-08.html\/\" target=\"_blank\" rel=\"noopener\">https:\/\/liveshowdalat.vn\/may-lang-thang-lan-nha-da-lat-22-08.html<\/a><\/em><\/p>\n<p><span style=\"color: #333333\"><strong><span style=\"font-size: 14pt\"><span style=\"vertical-align: inherit\">\u2013 23.08 NGUY\u00caN H\u00c0 &#8211; D\u01af\u01a0NG EDWARD<\/span><\/span><\/strong><\/span><\/p>\n<p><em><a href=\"https:\/\/liveshowdalat.vn\/en\/may-lang-thang-da-lat-nguyen-ha-duong-edward-23-08.html\/\" target=\"_blank\" rel=\"noopener\">https:\/\/liveshowdalat.vn\/may-lang-thang-da-lat-nguyen-ha-duong-edward-23-08.html<\/a><\/em><\/p>\n<p><span style=\"color: #333333\"><strong><span style=\"font-size: 14pt\"><span style=\"vertical-align: inherit\">\u2013 30.08 UY\u00caN LINH &#8211; HO\u00c0NG H\u1ea2I<\/span><\/span><\/strong><\/span><\/p>\n<p><em><a href=\"https:\/\/liveshowdalat.vn\/en\/may-lang-thang-uyen-linh-hoang-hai-30-08.html\/\" target=\"_blank\" rel=\"noopener\">https:\/\/liveshowdalat.vn\/may-lang-thang-uyen-linh-hoang-hai-30-08.html<\/a><\/em><\/p>\n<p><span style=\"color: #333333\"><strong><span style=\"font-size: 14pt\"><span style=\"vertical-align: inherit\">\u2013 31.08 L\u00ca HI\u1ebeU &#8211; TU\u1ea4N H\u01afNG<\/span><\/span><\/strong><\/span><\/p>\n<p><em><a href=\"https:\/\/liveshowdalat.vn\/en\/may-lang-thang-le-hieu-tuan-hung-31-08.html\/\" target=\"_blank\" rel=\"noopener\">https:\/\/liveshowdalat.vn\/may-lang-thang-le-hieu-tuan-hung-31-08.html<\/a><\/em><\/p>\n<p><span style=\"color: #003366\"><strong><span style=\"font-size: 14pt\">TH\u00c1NG 9<\/span><\/strong><\/span><\/p>\n<p><span style=\"color: #333333\"><strong><span style=\"font-size: 14pt\"><span style=\"vertical-align: inherit\">\u2013 01.09 TRUNG QU\u00c2N<\/span><\/span><\/strong><\/span><\/p>\n<p><em><a href=\"https:\/\/liveshowdalat.vn\/en\/may-lang-thang-da-lat-trung-quan-da-lat-01-09.html\/\" target=\"_blank\" rel=\"noopener\">https:\/\/liveshowdalat.vn\/may-lang-thang-da-lat-trung-quan-da-lat-01-09.html<\/a><\/em><\/p>\n<p><span style=\"color: #333333\"><strong><span style=\"font-size: 14pt\"><span style=\"vertical-align: inherit\">\u2013 06.09 QUANG VINH &#8211; L\u01af\u01a0NG B\u00cdCH H\u1eeeU<\/span><\/span><\/strong><\/span><\/p>\n<p><em><a href=\"https:\/\/liveshowdalat.vn\/en\/may-lang-thang-da-lat-quang-vinh-luong-bich-huu-06-09.html\/\" target=\"_blank\" rel=\"noopener\">https:\/\/liveshowdalat.vn\/may-lang-thang-da-lat-quang-vinh-luong-bich-huu-06-09.html<\/a><\/em><\/p>\n<p><span style=\"color: #333333\"><strong><span style=\"font-size: 14pt\"><span style=\"vertical-align: inherit\">\u2013 13.09 QU\u1ed0C THI\u00caN\u00a0<\/span><\/span><\/strong><\/span><\/p>\n<p><em><a href=\"https:\/\/liveshowdalat.vn\/en\/may-lang-thang-quoc-thien-da-lat-13-09.html\/\" target=\"_blank\" rel=\"noopener\">https:\/\/liveshowdalat.vn\/may-lang-thang-quoc-thien-da-lat-13-09.html<\/a><\/em><\/p>\n<p><span style=\"color: #333333\"><strong><span style=\"font-size: 14pt\"><span style=\"vertical-align: inherit\">\u2013 20.09 HO\u00c0NG H\u1ea2I &#8211; D\u01af\u01a0NG EDWARD<\/span><\/span><\/strong><\/span><\/p>\n<p><em><a href=\"https:\/\/liveshowdalat.vn\/en\/may-lang-thang-hoang-hai-duong-edward-20-09.html\/\" target=\"_blank\" rel=\"noopener\">https:\/\/liveshowdalat.vn\/may-lang-thang-hoang-hai-duong-edward-20-09.html<\/a><\/em><\/p>\n<p><span style=\"color: #333333\"><strong><span style=\"font-size: 14pt\"><span style=\"vertical-align: inherit\">\u2013 26.09 T\u0102NG PH\u00daC<\/span><\/span><\/strong><\/span><\/p>\n<p><em><a href=\"https:\/\/liveshowdalat.vn\/en\/may-lang-thang-da-lat-tang-phuc-da-lat-26-09.html\/\" target=\"_blank\" rel=\"noopener\">https:\/\/liveshowdalat.vn\/may-lang-thang-da-lat-tang-phuc-da-lat-26-09.html<\/a><\/em><\/p>\n<p><span style=\"color: #333333\"><strong><span style=\"font-size: 14pt\"><span style=\"vertical-align: inherit\">\u2013 27.09 V\u0168 C\u00c1T T\u01af\u1edcNG<\/span><\/span><\/strong><\/span><\/p>\n<p><em><a href=\"https:\/\/liveshowdalat.vn\/en\/may-lang-thang-vu-cat-tuong-da-lat-27-09.html\/\" target=\"_blank\" rel=\"noopener\">https:\/\/liveshowdalat.vn\/may-lang-thang-vu-cat-tuong-da-lat-27-09.html<\/a><\/em><\/p>\n<p><span style=\"color: #333333\"><strong><span style=\"font-size: 14pt\"><span style=\"vertical-align: inherit\">\u2013\u00a0 27.09 M\u1edcI BU\u1ed2N SANG CH\u01a0I<\/span><\/span><\/strong><\/span><\/p>\n<p><em><a href=\"https:\/\/liveshowdalat.vn\/en\/may-lang-thang-da-lat-moi-buon-sang-choi-27-09.html\/\" target=\"_blank\" rel=\"noopener\">https:\/\/liveshowdalat.vn\/may-lang-thang-da-lat-moi-buon-sang-choi-27-09.html<\/a><\/em><\/p>\n<p><span style=\"font-size: 14pt\"><span style=\"color: #003300;font-size: 18pt\"><b>Ch\u00ednh s\u00e1ch tr\u1ebb em b\u00ean M\u00e2y Lang Thang:<\/b><b><br \/>\n<\/b><\/span><\/span><span style=\"font-size: 14pt\">\u2013 B\u00e9 d\u01b0\u1edbi 1m: Kh\u00f4ng ph\u1ee5 thu n\u1ebfu ng\u1ed3i chung v\u1edbi ph\u1ee5 huynh trong su\u1ed1t th\u1eddi gian di\u1ec5n ra show.<br \/>\n<\/span><span style=\"font-size: 14pt\">\u2013 B\u00e9 cao t\u1eeb 1m \u0111\u1ebfn d\u01b0\u1edbi 1m2: gi\u1ea3m 30% ( c\u00f3 gh\u1ebf ri\u00eang ), ho\u00e0n ti\u1ec1n tr\u1ef1c ti\u1ebfp t\u1ea1i show.<\/span><br \/>\n<span style=\"font-size: 14pt\">\u2013 Tr\u00ean 1m2 v\u1eabn t\u00ednh v\u00e9 nh\u01b0 ng\u01b0\u1eddi l\u1edbn.<\/span><\/p>\n<p><a href=\"https:\/\/liveshowdalat.vn\/wp-content\/uploads\/2025\/06\/Noi-dung-doan-van-ban-cua-ban.jpg\"><img loading=\"lazy\" decoding=\"async\" class=\"alignnone size-full wp-image-46424\" src=\"https:\/\/liveshowdalat.vn\/wp-content\/uploads\/2025\/06\/Noi-dung-doan-van-ban-cua-ban.jpg\" alt=\"Quy dinh May Lang Thang\" width=\"992\" height=\"2048\" srcset=\"https:\/\/liveshowdalat.vn\/wp-content\/uploads\/2025\/06\/Noi-dung-doan-van-ban-cua-ban.jpg 992w, https:\/\/liveshowdalat.vn\/wp-content\/uploads\/2025\/06\/Noi-dung-doan-van-ban-cua-ban-496x1024.jpg 496w, https:\/\/liveshowdalat.vn\/wp-content\/uploads\/2025\/06\/Noi-dung-doan-van-ban-cua-ban-768x1586.jpg 768w, https:\/\/liveshowdalat.vn\/wp-content\/uploads\/2025\/06\/Noi-dung-doan-van-ban-cua-ban-744x1536.jpg 744w, https:\/\/liveshowdalat.vn\/wp-content\/uploads\/2025\/06\/Noi-dung-doan-van-ban-cua-ban-6x12.jpg 6w, https:\/\/liveshowdalat.vn\/wp-content\/uploads\/2025\/06\/Noi-dung-doan-van-ban-cua-ban-600x1239.jpg 600w\" sizes=\"(max-width: 992px) 100vw, 992px\" \/><\/a><\/p>\n<p><span style=\"font-size: 18pt;color: #003300\"><b>L\u01afU \u00dd<\/b><\/span><\/p>\n<p><span style=\"font-size: 14pt\">\u2013 BTC kh\u00f4ng h\u1ed7 tr\u1ee3 ho\u00e0n v\u00e9 d\u01b0\u1edbi m\u1ecdi h\u00ecnh th\u1ee9c<\/span><\/p>\n<p><span style=\"font-size: 14pt\">\u2013 Vui l\u00f2ng kh\u00f4ng mang \u0111\u1ed3 \u0103n n\u01b0\u1edbc u\u1ed1ng b\u00ean ngo\u00e0i v\u00e0o khu v\u1ef1c bi\u1ec3u di\u1ec5n<\/span><\/p>\n<p><span style=\"font-size: 14pt\">\u2013 Tr\u01b0\u1eddng h\u1ee3p h\u1ee7y v\u00e9 v\u00e0 b\u1ea3o l\u01b0u v\u00e9 c\u1ea7n th\u00f4ng b\u00e1o t\u1edbi BTC tr\u01b0\u1edbc 24 gi\u1edd, sau kho\u1ea3ng th\u1eddi gian tr\u00ean s\u1ebd kh\u00f4ng \u0111\u01b0\u1ee3c h\u1ed7 tr\u1ee3<\/span><\/p>\n<p><span style=\"font-size: 18pt;color: #003300\"><b><i>B\u1ea1n l\u01b0u \u00fd th\u00f4ng tin b\u1ea3o l\u01b0u sau:<\/i><\/b><\/span><\/p>\n<p><span style=\"font-size: 14pt\">\u2013 Th\u1eddi h\u1ea1n b\u1ea3o l\u01b0u l\u00e0 trong v\u00f2ng 6 th\u00e1ng, t\u00ednh theo ng\u00e0y x\u00e1c nh\u1eadn b\u1ea3o l\u01b0u.<\/span><\/p>\n<p><span style=\"font-size: 14pt\">\u2013 M\u00e2y s\u1ebd b\u1ea3o l\u01b0u s\u1ed1 ti\u1ec1n m\u00e0 kh\u00e1ch h\u00e0ng \u0111\u00e3 \u0111\u1eb7t ch\u1ed7.<\/span><\/p>\n<p><span style=\"font-size: 14pt\">\u2013 V\u1ecb tr\u00ed gh\u1ebf c\u1ee7a \u0111\u01a1n h\u00e0ng \u0111\u00e3 b\u1ea3o l\u01b0u, s\u1ebd \u0111\u01b0\u1ee3c m\u1edf b\u00e1n l\u1ea1i tr\u00ean website cho c\u00e1c show di\u1ec5n s\u1eafp t\u1edbi.<\/span><\/p>\n<p><span style=\"font-size: 14pt\">\u2013 Khi h\u1ed7 tr\u1ee3 \u0111\u1eb7t l\u1ea1i ch\u1ed7, v\u1edbi h\u1ea1ng gi\u00e1 cao h\u01a1n, qu\u00fd kh\u00e1ch vui l\u00f2ng b\u00f9 ph\u1ea7n ch\u00eanh l\u1ec7ch c\u00f2n thi\u1ebfu.<\/span><\/p>\n<p><span style=\"font-size: 14pt\">(Trong tr\u01b0\u1eddng h\u1ee3p h\u1ea1ng v\u00e9 th\u1ea5p s\u1ed1 ti\u1ec1n \u0111\u00e3 b\u1ea3o l\u01b0u, M\u00e2y kh\u00f4ng h\u1ed7 tr\u1ee3 ho\u00e0n ti\u1ec1n)<\/span><\/p>\n<p><span style=\"font-size: 14pt\">\u2013 \u00c1p d\u1ee5ng t\u1ea5t c\u1ea3 c\u00e1c chi nh\u00e1nh c\u1ee7a M\u00e2y Lang Thang.<\/span><\/p>\n<p><a href=\"https:\/\/liveshowdalat.vn\/wp-content\/uploads\/2024\/05\/Thung-Lung-May-2.jpg\"><img loading=\"lazy\" decoding=\"async\" class=\"alignnone size-full wp-image-4137\" src=\"https:\/\/liveshowdalat.vn\/wp-content\/uploads\/2024\/05\/Thung-Lung-May-2.jpg\" alt=\"Thung L\u0169ng M\u00e2y \u0110\u00e0 L\u1ea1t\" width=\"2000\" height=\"1600\" srcset=\"https:\/\/liveshowdalat.vn\/wp-content\/uploads\/2024\/05\/Thung-Lung-May-2.jpg 2000w, https:\/\/liveshowdalat.vn\/wp-content\/uploads\/2024\/05\/Thung-Lung-May-2-300x240.jpg 300w, https:\/\/liveshowdalat.vn\/wp-content\/uploads\/2024\/05\/Thung-Lung-May-2-1024x819.jpg 1024w, https:\/\/liveshowdalat.vn\/wp-content\/uploads\/2024\/05\/Thung-Lung-May-2-768x614.jpg 768w, https:\/\/liveshowdalat.vn\/wp-content\/uploads\/2024\/05\/Thung-Lung-May-2-1536x1229.jpg 1536w, https:\/\/liveshowdalat.vn\/wp-content\/uploads\/2024\/05\/Thung-Lung-May-2-600x480.jpg 600w\" sizes=\"(max-width: 2000px) 100vw, 2000px\" \/><\/a><a href=\"https:\/\/liveshowdalat.vn\/wp-content\/uploads\/2024\/03\/san-khau-may-in-the-nest-2.jpg\"><img loading=\"lazy\" decoding=\"async\" class=\"alignnone size-full wp-image-3491\" src=\"https:\/\/liveshowdalat.vn\/wp-content\/uploads\/2024\/03\/san-khau-may-in-the-nest-2.jpg\" alt=\"s\u00e2n kh\u1ea5u m\u00e2y in the nest\" width=\"2000\" height=\"1600\" srcset=\"https:\/\/liveshowdalat.vn\/wp-content\/uploads\/2024\/03\/san-khau-may-in-the-nest-2.jpg 2000w, https:\/\/liveshowdalat.vn\/wp-content\/uploads\/2024\/03\/san-khau-may-in-the-nest-2-300x240.jpg 300w, https:\/\/liveshowdalat.vn\/wp-content\/uploads\/2024\/03\/san-khau-may-in-the-nest-2-1024x819.jpg 1024w, https:\/\/liveshowdalat.vn\/wp-content\/uploads\/2024\/03\/san-khau-may-in-the-nest-2-768x614.jpg 768w, https:\/\/liveshowdalat.vn\/wp-content\/uploads\/2024\/03\/san-khau-may-in-the-nest-2-1536x1229.jpg 1536w, https:\/\/liveshowdalat.vn\/wp-content\/uploads\/2024\/03\/san-khau-may-in-the-nest-2-600x480.jpg 600w\" sizes=\"(max-width: 2000px) 100vw, 2000px\" \/><\/a><a href=\"https:\/\/liveshowdalat.vn\/wp-content\/uploads\/2025\/02\/MAY-LANG-THANG-THUNG-LUNG-MAY.jpg\"><img loading=\"lazy\" decoding=\"async\" class=\"alignnone size-full wp-image-45630\" src=\"https:\/\/liveshowdalat.vn\/wp-content\/uploads\/2025\/02\/MAY-LANG-THANG-THUNG-LUNG-MAY.jpg\" alt=\"MAY LANG THANG - THUNG LUNG MAY\" width=\"1800\" height=\"1200\" srcset=\"https:\/\/liveshowdalat.vn\/wp-content\/uploads\/2025\/02\/MAY-LANG-THANG-THUNG-LUNG-MAY.jpg 1800w, https:\/\/liveshowdalat.vn\/wp-content\/uploads\/2025\/02\/MAY-LANG-THANG-THUNG-LUNG-MAY-1024x683.jpg 1024w, https:\/\/liveshowdalat.vn\/wp-content\/uploads\/2025\/02\/MAY-LANG-THANG-THUNG-LUNG-MAY-768x512.jpg 768w, https:\/\/liveshowdalat.vn\/wp-content\/uploads\/2025\/02\/MAY-LANG-THANG-THUNG-LUNG-MAY-1536x1024.jpg 1536w, https:\/\/liveshowdalat.vn\/wp-content\/uploads\/2025\/02\/MAY-LANG-THANG-THUNG-LUNG-MAY-600x400.jpg 600w\" sizes=\"(max-width: 1800px) 100vw, 1800px\" \/><\/a><\/p>\n<h2 id=\"lien-he-book-ve\"><span style=\"color: #003300\"><b>Li\u00ean H\u1ec7 Book V\u00e9\u00a0<\/b><\/span><\/h2>\n<p><em>L\u1ecaCH DI\u1ec4N M\u00c2Y LANG THANG TH\u00c1NG 08 &#8211; 09\/2025<\/em><\/p>\n<p><span style=\"font-family: arial, helvetica, sans-serif\"><span style=\"font-size: 14pt;color: #000000\"><b>Hotline\/Zalo:\u00a0<\/b><\/span><strong><span style=\"font-size: 14pt\">0988 249 297<\/span><\/strong><\/span><\/p>\n<p><span style=\"font-size: 14pt\">Fanpage booking:\u00a0<a href=\"https:\/\/www.facebook.com\/liveshowdalat\/\" target=\"_blank\" rel=\"noopener\">M\u00e2y Lang Thang<\/a><\/span><\/p>\n<p><span style=\"font-size: 14pt\">Xem th\u00eam b\u00e0i vi\u1ebft kh\u00e1c t\u1ea1i:\u00a0<a href=\"https:\/\/maylangthangshow.com\/\" rel=\"noopener\">Cloud Wandered Show<\/a><\/span><\/p>","protected":false},"excerpt":{"rendered":"<p>L\u1ecbch di\u1ec5n M\u00e2y Lang Thang th\u00e1ng 8 &#8211; 9\/2025<\/p>","protected":false},"featured_media":46718,"comment_status":"open","ping_status":"closed","template":"","meta":[],"product_cat":[2420,24,31],"product_tag":[2684,3192,2685,2064],"_links":{"self":[{"href":"https:\/\/liveshowdalat.vn\/en\/wp-json\/wp\/v2\/product\/46724"}],"collection":[{"href":"https:\/\/liveshowdalat.vn\/en\/wp-json\/wp\/v2\/product"}],"about":[{"href":"https:\/\/liveshowdalat.vn\/en\/wp-json\/wp\/v2\/types\/product"}],"replies":[{"embeddable":true,"href":"https:\/\/liveshowdalat.vn\/en\/wp-json\/wp\/v2\/comments?post=46724"}],"wp:featuredmedia":[{"embeddable":true,"href":"https:\/\/liveshowdalat.vn\/en\/wp-json\/wp\/v2\/media\/46718"}],"wp:attachment":[{"href":"https:\/\/liveshowdalat.vn\/en\/wp-json\/wp\/v2\/media?parent=46724"}],"wp:term":[{"taxonomy":"product_cat","embeddable":true,"href":"https:\/\/liveshowdalat.vn\/en\/wp-json\/wp\/v2\/product_cat?post=46724"},{"taxonomy":"product_tag","embeddable":true,"href":"https:\/\/liveshowdalat.vn\/en\/wp-json\/wp\/v2\/product_tag?post=46724"}],"curies":[{"name":"wp","href":"https:\/\/api.w.org\/{rel}","templated":true}]}}