{"id":46686,"date":"2025-07-27T08:23:34","date_gmt":"2025-07-27T01:23:34","guid":{"rendered":"https:\/\/liveshowdalat.vn\/?post_type=product&#038;p=46686"},"modified":"2025-08-04T07:48:11","modified_gmt":"2025-08-04T00:48:11","slug":"lich-dien-may-lang-thang-thang-8-2025","status":"publish","type":"product","link":"https:\/\/liveshowdalat.vn\/en\/lich-dien-may-lang-thang-thang-8-2025.html","title":{"rendered":"L\u1ecaCH DI\u1ec4N M\u00c2Y LANG THANG TH\u00c1NG 8\/2025"},"content":{"rendered":"<nav class=\"vietrick-auto-toc\">\n<div class=\"box-title\">\n<h3 class=\"toc-title\" id=\"select-menu\">Danh m\u1ee5c ch\u00ednh<\/h3>\n<div><ion-icon name=\"chevron-up-outline\"><\/ion-icon><\/div>\n<\/div>\n<ul class=\"toc-list\">\n<li><a href='https:\/\/liveshowdalat.vn\/en#lich-dien-may-lang-thang-thang-08-2025' class='heading-h2 toc-link smooth-scroll'>L\u1ecaCH DI\u1ec4N M\u00c2Y LANG THANG TH\u00c1NG 08\/2025<\/a>\n<li><a href='https:\/\/liveshowdalat.vn\/en#lien-he-book-ve' class='heading-h2 toc-link smooth-scroll'>Li\u00ean H\u1ec7 Book V\u00e9\u00a0<\/a><\/ul>\n<\/ul>\n<\/li>\n<\/ul>\n<\/nav>\n<h2 style=\"text-align: center\" id=\"lich-dien-may-lang-thang-thang-08-2025\"><span style=\"color: #003300\"><strong><span style=\"font-size: 24pt\">L\u1ecaCH DI\u1ec4N M\u00c2Y LANG THANG TH\u00c1NG 08\/2025<\/span><\/strong><\/span><\/h2>\n<p style=\"text-align: center\"><span style=\"color: #333399\"><strong>[UPDATE LI\u00caN T\u1ee4C]<\/strong><\/span><\/p>\n<p><span style=\"font-size: 18pt;color: #000080\"><b>L\u1ecaCH DI\u1ec4N TR\u00caN M\u00c2Y TH\u00c1NG 08\/2025<\/b><\/span><\/p>\n<p><strong><em><span style=\"font-family: 'comic sans ms', sans-serif;font-size: 14pt;color: #333399\"><span style=\"font-family: georgia, palatino, serif\">Cloud Wandered Show <\/span><\/span><\/em><\/strong><em><span style=\"font-family: 'comic sans ms', sans-serif;font-size: 14pt;color: #333399\">&#8211; n\u01a1i<\/span><\/em><em><span style=\"font-family: 'comic sans ms', sans-serif;font-size: 14pt;color: #333399\"> \u00e2m nh\u1ea1c v\u00e0 c\u1ea3m x\u00fac h\u00f2a quy\u1ec7n, n\u01a1i m\u1ecdi kho\u1ea3nh kh\u1eafc h\u00f3a th\u00e0nh ng\u01b0ng \u0111\u1ecdng v\u1edbi th\u1eddi gian trong nh\u1eefng b\u1ea3n t\u00ecnh ca s\u00e2u l\u1eafng.<\/span><\/em><\/p>\n<p><span style=\"font-size: 14pt\">Th\u00e1ng 8 gh\u00e9 v\u1ec1 c\u00f9ng nh\u1eefng c\u01a1n m\u01b0a b\u1ea5t ch\u1ee3t, mang theo l\u00e0n gi\u00f3 se l\u1ea1nh kh\u1ebd ch\u1ea1m vai. <\/span><\/p>\n<p><span style=\"font-size: 14pt\">Gi\u1eefa kho\u1ea3nh kh\u1eafc giao m\u00f9a \u1ea5y, c\u00f2n g\u00ec tuy\u1ec7t h\u01a1n khi l\u00f2ng m\u00ecnh \u0111\u01b0\u1ee3c l\u1eafng nghe nh\u1eefng giai \u0111i\u1ec7u \u00eam \u00e1i, th\u1ea3 h\u1ed3n c\u00f9ng c\u1ea3m x\u00fac d\u00e2ng tr\u00e0o trong t\u1eebng c\u00e2u h\u00e1t. M\u00e2y Lang Thang \u0111\u00e3 tr\u1edf l\u1ea1i, mang \u0111\u1ebfn nh\u1eefng gi\u1ecdng ca \u0111\u1ea7y n\u1ed9i l\u1ef1c v\u00e0 n\u1ed3ng n\u00e0n c\u1ea3m x\u00fac \u2013 nh\u01b0 l\u1eddi th\u00ec th\u1ea7m, nh\u01b0 ng\u1ecdn l\u1eeda s\u01b0\u1edfi \u1ea5m tr\u00e1i tim b\u1ea1n. <\/span><\/p>\n<p><span style=\"font-size: 14pt\">H\u00e3y c\u00f9ng M\u00e2y kh\u00e1m ph\u00e1 &#8220;th\u1ef1c \u0111\u01a1n \u00e2m nh\u1ea1c&#8221; nh\u00e0 M\u00e2y c\u00f3 g\u00ec d\u00e0nh cho b\u1ea1n nh\u00e9!<\/span><\/p>\n<p><a href=\"https:\/\/liveshowdalat.vn\/wp-content\/uploads\/2025\/07\/Lich-dien-May-Lang-Thang-thang-82025.jpg\"><img loading=\"lazy\" decoding=\"async\" class=\"size-full wp-image-46717 aligncenter\" src=\"https:\/\/liveshowdalat.vn\/wp-content\/uploads\/2025\/07\/Lich-dien-May-Lang-Thang-thang-82025.jpg\" alt=\"L\u1ecbch di\u1ec5n M\u00e2y Lang Thang th\u00e1ng 8-2025\" width=\"600\" height=\"600\" srcset=\"https:\/\/liveshowdalat.vn\/wp-content\/uploads\/2025\/07\/Lich-dien-May-Lang-Thang-thang-82025.jpg 600w, https:\/\/liveshowdalat.vn\/wp-content\/uploads\/2025\/07\/Lich-dien-May-Lang-Thang-thang-82025-12x12.jpg 12w, https:\/\/liveshowdalat.vn\/wp-content\/uploads\/2025\/07\/Lich-dien-May-Lang-Thang-thang-82025-300x300.jpg 300w, https:\/\/liveshowdalat.vn\/wp-content\/uploads\/2025\/07\/Lich-dien-May-Lang-Thang-thang-82025-100x100.jpg 100w\" sizes=\"(max-width: 600px) 100vw, 600px\" \/><\/a><\/p>\n<p><strong><span style=\"font-family: 'book antiqua', palatino, serif;font-size: 14pt\"><span style=\"font-family: arial, helvetica, sans-serif;color: #003300\"><span style=\"font-size: 18pt\"><span style=\"font-family: arial, helvetica, sans-serif\">\u2665 <\/span>M\u00c2Y LANG THANG \u0110\u00c0 L\u1ea0T<\/span><\/span><\/span><\/strong><\/p>\n<p><span style=\"font-size: 14pt;color: #000000\">&#8211; <strong>S\u00e2n kh\u1ea5u Chi\u1ec1u nh\u1ea1c tr\u00ean M\u00e2y<\/strong> &#8211; M\u00e2y in The Nest, 519 Th\u00f4n M\u0103ng Linh, Ph\u01b0\u1eddng Lang Biang, \u0110\u00e0 L\u1ea1t \u0399 Show Time 17:00 &#8211; 19:00<\/span><\/p>\n<p><span style=\"font-size: 14pt;color: #000000\">&#8211; <strong>S\u00e2n kh\u1ea5u \u0110\u00eam nh\u1ea1c tr\u00ean M\u00e2y<\/strong> &#8211; Thung L\u0169ng M\u00e2y, S\u1ed1 4, Tr\u1ea7n Quang Di\u1ec7u, Ph\u01b0\u1eddng Xu\u00e2n H\u01b0\u01a1ng, \u0110\u00e0 L\u1ea1t | Show Time 19:30 &#8211; 21:30<\/span><\/p>\n<hr \/>\n<p><span style=\"color: #333333\"><strong><span style=\"font-size: 14pt\"><span style=\"vertical-align: inherit\"><span style=\"vertical-align: inherit\">\u2013 08.08 V\u0102N MAI H\u01af\u01a0NG\u00a0<\/span><\/span><\/span><\/strong><\/span><\/p>\n<p><em><a href=\"https:\/\/liveshowdalat.vn\/en\/may-lang-thang-da-lat-uot-long-van-mai-huong-08-08.html\/\" target=\"_blank\" rel=\"noopener\">https:\/\/liveshowdalat.vn\/may-lang-thang-da-lat-uot-long-van-mai-huong-08-08.html<\/a><\/em><\/p>\n<p><span style=\"color: #333333\"><strong><span style=\"font-size: 14pt\"><span style=\"vertical-align: inherit\">\u2013 09.08 TH\u00d9Y CHI &#8211; MAI TI\u1ebeN D\u0168NG<\/span><\/span><\/strong><\/span><\/p>\n<p><em><a href=\"https:\/\/liveshowdalat.vn\/en\/may-lang-thang-thuy-chi-mai-tien-dung-09-08.html\/\" target=\"_blank\" rel=\"noopener\">https:\/\/liveshowdalat.vn\/may-lang-thang-thuy-chi-mai-tien-dung-09-08.html<\/a><\/em><\/p>\n<p><span style=\"color: #333333\"><strong><span style=\"font-size: 14pt\"><span style=\"vertical-align: inherit\">\u2013 15.08 H\u00c0 NHI\u00a0<\/span><\/span><\/strong><\/span><\/p>\n<p><em><a href=\"https:\/\/liveshowdalat.vn\/en\/may-lang-thang-ha-nhi-da-lat-15-08.html\/\" target=\"_blank\" rel=\"noopener\">https:\/\/liveshowdalat.vn\/may-lang-thang-ha-nhi-da-lat-15-08.html<\/a><\/em><\/p>\n<p><span style=\"color: #333333\"><strong><span style=\"font-size: 14pt\"><span style=\"vertical-align: inherit\">\u2013 16.08 L\u1ec6 QUY\u00caN &amp; KM: NGUY\u1ec4N \u0110\u00ccNH TU\u1ea4N D\u0168NG<\/span><\/span><\/strong><\/span><\/p>\n<p><em><a href=\"https:\/\/liveshowdalat.vn\/en\/may-lang-thang-le-quyen-16-08.html\/\" target=\"_blank\" rel=\"noopener\">https:\/\/liveshowdalat.vn\/may-lang-thang-le-quyen-16-08.html<\/a><\/em><\/p>\n<p><span style=\"color: #333333\"><strong><span style=\"font-size: 14pt\"><span style=\"vertical-align: inherit\">\u2013 22.08 L\u00c2N NH\u00c3<\/span><\/span><\/strong><\/span><\/p>\n<p><em><a href=\"https:\/\/liveshowdalat.vn\/en\/may-lang-thang-lan-nha-da-lat-22-08.html\/\" target=\"_blank\" rel=\"noopener\">https:\/\/liveshowdalat.vn\/may-lang-thang-lan-nha-da-lat-22-08.html<\/a><\/em><\/p>\n<p><span style=\"color: #333333\"><strong><span style=\"font-size: 14pt\"><span style=\"vertical-align: inherit\">\u2013 23.08 NGUY\u00caN H\u00c0 &#8211; D\u01af\u01a0NG EDWARD<\/span><\/span><\/strong><\/span><\/p>\n<p><em><a href=\"https:\/\/liveshowdalat.vn\/en\/may-lang-thang-da-lat-nguyen-ha-duong-edward-23-08.html\/\" target=\"_blank\" rel=\"noopener\">https:\/\/liveshowdalat.vn\/may-lang-thang-da-lat-nguyen-ha-duong-edward-23-08.html<\/a><\/em><\/p>\n<p><span style=\"color: #333333\"><strong><span style=\"font-size: 14pt\"><span style=\"vertical-align: inherit\">\u2013 30.08 UY\u00caN LINH &#8211; HO\u00c0NG H\u1ea2I<\/span><\/span><\/strong><\/span><\/p>\n<p><em><a href=\"https:\/\/liveshowdalat.vn\/en\/may-lang-thang-uyen-linh-hoang-hai-30-08.html\/\" target=\"_blank\" rel=\"noopener\">https:\/\/liveshowdalat.vn\/may-lang-thang-uyen-linh-hoang-hai-30-08.html<\/a><\/em><\/p>\n<p><span style=\"color: #333333\"><strong><span style=\"font-size: 14pt\"><span style=\"vertical-align: inherit\">\u2013 31.08 L\u00ca HI\u1ebeU &#8211; TU\u1ea4N H\u01afNG<\/span><\/span><\/strong><\/span><\/p>\n<p><em><a href=\"https:\/\/liveshowdalat.vn\/en\/may-lang-thang-le-hieu-tuan-hung-31-08.html\/\" target=\"_blank\" rel=\"noopener\">https:\/\/liveshowdalat.vn\/may-lang-thang-le-hieu-tuan-hung-31-08.html<\/a><\/em><\/p>\n<p><span style=\"font-size: 18pt\"><strong><span style=\"font-family: 'book antiqua', palatino, serif\"><span style=\"font-family: arial, helvetica, sans-serif;color: #003300\"><span style=\"font-family: arial, helvetica, sans-serif\">\u2665 <\/span>M\u00c2Y LANG THANG H\u00c0 N\u1ed8I <\/span><\/span><\/strong><\/span><\/p>\n<p><span style=\"font-size: 14pt;color: #000000\"><strong>Sol 8 Live Stage <\/strong>&#8211; S\u1ed1 8, Ph\u1ed1 Nguy\u1ec5n C\u00f4ng Hoan, Ph\u01b0\u1eddng Gi\u1ea3ng V\u00f5, TP H\u00e0 N\u1ed9i.<\/span><\/p>\n<hr \/>\n<p><span style=\"color: #333333\"><strong><span style=\"font-size: 14pt\"><span style=\"vertical-align: inherit\"><span style=\"vertical-align: inherit\">\u2013 22.08 TRUNG QU\u00c2N<\/span><\/span><\/span><\/strong><\/span><\/p>\n<p><em><a href=\"https:\/\/liveshowdalat.vn\/en\/may-lang-thang-trung-quan-ha-noi-22-08.html\/\" target=\"_blank\" rel=\"noopener\">https:\/\/liveshowdalat.vn\/may-lang-thang-trung-quan-ha-noi-22-08.html<\/a><\/em><\/p>\n<p><span style=\"font-size: 18pt\"><strong><span style=\"font-family: 'book antiqua', palatino, serif\"><span style=\"font-family: arial, helvetica, sans-serif;color: #003300\"><span style=\"font-family: arial, helvetica, sans-serif\">\u2665 <\/span>M\u00c2Y LANG THANG H\u1ea2I PH\u00d2NG<\/span><\/span><\/strong><\/span><\/p>\n<p><span style=\"color: #000000;font-size: 14pt\"><strong>THE OPERA<\/strong> &#8211; L\u00f4 18A L\u00ea H\u1ed3ng Phong, T\u1ed5 d\u00e2n ph\u1ed1 Ki\u1ec1u S\u01a1n, Ph\u01b0\u1eddng \u0110\u1eb1ng L\u00e2m, Qu\u1eadn H\u1ea3i An, H\u1ea3i Ph\u00f2ng.<\/span><\/p>\n<hr \/>\n<p><span style=\"color: #333333\"><strong><span style=\"font-size: 14pt\"><span style=\"vertical-align: inherit\">\u2013 16.08 T\u0102NG PH\u00daC\u00a0<br \/>\n<\/span><\/span><\/strong><span style=\"font-size: 12pt\"><em><span style=\"vertical-align: inherit\"><a href=\"https:\/\/liveshowdalat.vn\/en\/may-lang-thang-hai-phong-tang-phuc-hai-phong-16-08.html\/\" target=\"_blank\" rel=\"noopener\">https:\/\/liveshowdalat.vn\/may-lang-thang-hai-phong-tang-phuc-hai-phong-16-08.html<\/a><\/span><\/em><\/span><strong><span style=\"font-size: 14pt\"><span style=\"vertical-align: inherit\"><br \/>\n<\/span><\/span><\/strong><\/span><\/p>\n<p><span style=\"color: #333333\"><strong><span style=\"font-size: 14pt\"><span style=\"vertical-align: inherit\">\u2013 23.08 PHAN M\u1ea0NH QU\u1ef2NH\u00a0<\/span><\/span><\/strong><\/span><\/p>\n<p><em><a href=\"https:\/\/liveshowdalat.vn\/en\/may-lang-thang-phan-manh-quynh-hai-phong-23-08.html\/\" target=\"_blank\" rel=\"noopener\">https:\/\/liveshowdalat.vn\/may-lang-thang-phan-manh-quynh-hai-phong-23-08.html<\/a><\/em><\/p>\n<p><span style=\"font-size: 14pt\"><span style=\"color: #003300;font-size: 18pt\"><b>Ch\u00ednh s\u00e1ch tr\u1ebb em b\u00ean M\u00e2y Lang Thang:<\/b><b><br \/>\n<\/b><\/span><\/span><span style=\"font-size: 14pt\">\u2013 B\u00e9 d\u01b0\u1edbi 1m: Kh\u00f4ng ph\u1ee5 thu n\u1ebfu ng\u1ed3i chung v\u1edbi ph\u1ee5 huynh trong su\u1ed1t th\u1eddi gian di\u1ec5n ra show.<br \/>\n<\/span><span style=\"font-size: 14pt\">\u2013 B\u00e9 cao t\u1eeb 1m \u0111\u1ebfn d\u01b0\u1edbi 1m2: gi\u1ea3m 30% ( c\u00f3 gh\u1ebf ri\u00eang ), ho\u00e0n ti\u1ec1n tr\u1ef1c ti\u1ebfp t\u1ea1i show.<\/span><br \/>\n<span style=\"font-size: 14pt\">\u2013 Tr\u00ean 1m2 v\u1eabn t\u00ednh v\u00e9 nh\u01b0 ng\u01b0\u1eddi l\u1edbn.<\/span><\/p>\n<p><a href=\"https:\/\/liveshowdalat.vn\/wp-content\/uploads\/2025\/06\/Noi-dung-doan-van-ban-cua-ban.jpg\"><img loading=\"lazy\" decoding=\"async\" class=\"alignnone size-full wp-image-46424\" src=\"https:\/\/liveshowdalat.vn\/wp-content\/uploads\/2025\/06\/Noi-dung-doan-van-ban-cua-ban.jpg\" alt=\"Quy dinh May Lang Thang\" width=\"992\" height=\"2048\" srcset=\"https:\/\/liveshowdalat.vn\/wp-content\/uploads\/2025\/06\/Noi-dung-doan-van-ban-cua-ban.jpg 992w, https:\/\/liveshowdalat.vn\/wp-content\/uploads\/2025\/06\/Noi-dung-doan-van-ban-cua-ban-496x1024.jpg 496w, https:\/\/liveshowdalat.vn\/wp-content\/uploads\/2025\/06\/Noi-dung-doan-van-ban-cua-ban-768x1586.jpg 768w, https:\/\/liveshowdalat.vn\/wp-content\/uploads\/2025\/06\/Noi-dung-doan-van-ban-cua-ban-744x1536.jpg 744w, https:\/\/liveshowdalat.vn\/wp-content\/uploads\/2025\/06\/Noi-dung-doan-van-ban-cua-ban-6x12.jpg 6w, https:\/\/liveshowdalat.vn\/wp-content\/uploads\/2025\/06\/Noi-dung-doan-van-ban-cua-ban-600x1239.jpg 600w\" sizes=\"(max-width: 992px) 100vw, 992px\" \/><\/a><\/p>\n<p><span style=\"font-size: 18pt;color: #003300\"><b>L\u01afU \u00dd<\/b><\/span><\/p>\n<p><span style=\"font-size: 14pt\">\u2013 BTC kh\u00f4ng h\u1ed7 tr\u1ee3 ho\u00e0n v\u00e9 d\u01b0\u1edbi m\u1ecdi h\u00ecnh th\u1ee9c<\/span><\/p>\n<p><span style=\"font-size: 14pt\">\u2013 Vui l\u00f2ng kh\u00f4ng mang \u0111\u1ed3 \u0103n n\u01b0\u1edbc u\u1ed1ng b\u00ean ngo\u00e0i v\u00e0o khu v\u1ef1c bi\u1ec3u di\u1ec5n<\/span><\/p>\n<p><span style=\"font-size: 14pt\">\u2013 Tr\u01b0\u1eddng h\u1ee3p h\u1ee7y v\u00e9 v\u00e0 b\u1ea3o l\u01b0u v\u00e9 c\u1ea7n th\u00f4ng b\u00e1o t\u1edbi BTC tr\u01b0\u1edbc 24 gi\u1edd, sau kho\u1ea3ng th\u1eddi gian tr\u00ean s\u1ebd kh\u00f4ng \u0111\u01b0\u1ee3c h\u1ed7 tr\u1ee3<\/span><\/p>\n<p><span style=\"font-size: 18pt;color: #003300\"><b><i>B\u1ea1n l\u01b0u \u00fd th\u00f4ng tin b\u1ea3o l\u01b0u sau:<\/i><\/b><\/span><\/p>\n<p><span style=\"font-size: 14pt\">\u2013 Th\u1eddi h\u1ea1n b\u1ea3o l\u01b0u l\u00e0 trong v\u00f2ng 6 th\u00e1ng, t\u00ednh theo ng\u00e0y x\u00e1c nh\u1eadn b\u1ea3o l\u01b0u.<\/span><\/p>\n<p><span style=\"font-size: 14pt\">\u2013 M\u00e2y s\u1ebd b\u1ea3o l\u01b0u s\u1ed1 ti\u1ec1n m\u00e0 kh\u00e1ch h\u00e0ng \u0111\u00e3 \u0111\u1eb7t ch\u1ed7.<\/span><\/p>\n<p><span style=\"font-size: 14pt\">\u2013 V\u1ecb tr\u00ed gh\u1ebf c\u1ee7a \u0111\u01a1n h\u00e0ng \u0111\u00e3 b\u1ea3o l\u01b0u, s\u1ebd \u0111\u01b0\u1ee3c m\u1edf b\u00e1n l\u1ea1i tr\u00ean website cho c\u00e1c show di\u1ec5n s\u1eafp t\u1edbi.<\/span><\/p>\n<p><span style=\"font-size: 14pt\">\u2013 Khi h\u1ed7 tr\u1ee3 \u0111\u1eb7t l\u1ea1i ch\u1ed7, v\u1edbi h\u1ea1ng gi\u00e1 cao h\u01a1n, qu\u00fd kh\u00e1ch vui l\u00f2ng b\u00f9 ph\u1ea7n ch\u00eanh l\u1ec7ch c\u00f2n thi\u1ebfu.<\/span><\/p>\n<p><span style=\"font-size: 14pt\">(Trong tr\u01b0\u1eddng h\u1ee3p h\u1ea1ng v\u00e9 th\u1ea5p s\u1ed1 ti\u1ec1n \u0111\u00e3 b\u1ea3o l\u01b0u, M\u00e2y kh\u00f4ng h\u1ed7 tr\u1ee3 ho\u00e0n ti\u1ec1n)<\/span><\/p>\n<p><span style=\"font-size: 14pt\">\u2013 \u00c1p d\u1ee5ng t\u1ea5t c\u1ea3 c\u00e1c chi nh\u00e1nh c\u1ee7a M\u00e2y Lang Thang.<\/span><\/p>\n<p><a href=\"https:\/\/liveshowdalat.vn\/wp-content\/uploads\/2024\/07\/San-Khau-Chieu-Nhac-Tren-May-Da-Lat-1.jpg\"><img loading=\"lazy\" decoding=\"async\" class=\"alignnone size-full wp-image-43216\" src=\"https:\/\/liveshowdalat.vn\/wp-content\/uploads\/2024\/07\/San-Khau-Chieu-Nhac-Tren-May-Da-Lat-1.jpg\" alt=\"M\u00e2y In The Nest - \u0110\u00e0 L\u1ea1t\" width=\"1800\" height=\"1200\" srcset=\"https:\/\/liveshowdalat.vn\/wp-content\/uploads\/2024\/07\/San-Khau-Chieu-Nhac-Tren-May-Da-Lat-1.jpg 1800w, https:\/\/liveshowdalat.vn\/wp-content\/uploads\/2024\/07\/San-Khau-Chieu-Nhac-Tren-May-Da-Lat-1-1024x683.jpg 1024w, https:\/\/liveshowdalat.vn\/wp-content\/uploads\/2024\/07\/San-Khau-Chieu-Nhac-Tren-May-Da-Lat-1-768x512.jpg 768w, https:\/\/liveshowdalat.vn\/wp-content\/uploads\/2024\/07\/San-Khau-Chieu-Nhac-Tren-May-Da-Lat-1-1536x1024.jpg 1536w, https:\/\/liveshowdalat.vn\/wp-content\/uploads\/2024\/07\/San-Khau-Chieu-Nhac-Tren-May-Da-Lat-1-600x400.jpg 600w\" sizes=\"(max-width: 1800px) 100vw, 1800px\" \/><\/a><a href=\"https:\/\/liveshowdalat.vn\/wp-content\/uploads\/2024\/03\/may-da-nang.jpg\"><img loading=\"lazy\" decoding=\"async\" class=\"alignnone size-full wp-image-3486\" src=\"https:\/\/liveshowdalat.vn\/wp-content\/uploads\/2024\/03\/may-da-nang.jpg\" alt=\"Veranda \u0110\u00e0 N\u1eb5ng\" width=\"2000\" height=\"1600\" srcset=\"https:\/\/liveshowdalat.vn\/wp-content\/uploads\/2024\/03\/may-da-nang.jpg 2000w, https:\/\/liveshowdalat.vn\/wp-content\/uploads\/2024\/03\/may-da-nang-300x240.jpg 300w, https:\/\/liveshowdalat.vn\/wp-content\/uploads\/2024\/03\/may-da-nang-1024x819.jpg 1024w, https:\/\/liveshowdalat.vn\/wp-content\/uploads\/2024\/03\/may-da-nang-768x614.jpg 768w, https:\/\/liveshowdalat.vn\/wp-content\/uploads\/2024\/03\/may-da-nang-1536x1229.jpg 1536w, https:\/\/liveshowdalat.vn\/wp-content\/uploads\/2024\/03\/may-da-nang-600x480.jpg 600w\" sizes=\"(max-width: 2000px) 100vw, 2000px\" \/><\/a><a href=\"https:\/\/liveshowdalat.vn\/wp-content\/uploads\/2024\/07\/SOL-8-STAGE-Ha-Noi-1.jpg\"><img loading=\"lazy\" decoding=\"async\" class=\"alignnone size-full wp-image-43245\" src=\"https:\/\/liveshowdalat.vn\/wp-content\/uploads\/2024\/07\/SOL-8-STAGE-Ha-Noi-1.jpg\" alt=\"SOL 8 STAGE - H\u00e0 N\u1ed9i\" width=\"1800\" height=\"1200\" srcset=\"https:\/\/liveshowdalat.vn\/wp-content\/uploads\/2024\/07\/SOL-8-STAGE-Ha-Noi-1.jpg 1800w, https:\/\/liveshowdalat.vn\/wp-content\/uploads\/2024\/07\/SOL-8-STAGE-Ha-Noi-1-1024x683.jpg 1024w, https:\/\/liveshowdalat.vn\/wp-content\/uploads\/2024\/07\/SOL-8-STAGE-Ha-Noi-1-768x512.jpg 768w, https:\/\/liveshowdalat.vn\/wp-content\/uploads\/2024\/07\/SOL-8-STAGE-Ha-Noi-1-1536x1024.jpg 1536w, https:\/\/liveshowdalat.vn\/wp-content\/uploads\/2024\/07\/SOL-8-STAGE-Ha-Noi-1-600x400.jpg 600w\" sizes=\"(max-width: 1800px) 100vw, 1800px\" \/><\/a><\/p>\n<h2 id=\"lien-he-book-ve\"><span style=\"color: #003300\"><b>Li\u00ean H\u1ec7 Book V\u00e9\u00a0<\/b><\/span><\/h2>\n<p><em>L\u1ecaCH DI\u1ec4N M\u00c2Y LANG THANG TH\u00c1NG 08\/2025<\/em><\/p>\n<p><span style=\"font-family: arial, helvetica, sans-serif\"><span style=\"font-size: 14pt;color: #000000\"><b>Hotline\/Zalo:\u00a0<\/b><\/span><strong><span style=\"font-size: 14pt\">0988 249 297<\/span><\/strong><\/span><\/p>\n<p><span style=\"font-size: 14pt\">Fanpage booking:\u00a0<a href=\"https:\/\/www.facebook.com\/liveshowdalat\/\" target=\"_blank\" rel=\"noopener\">M\u00e2y Lang Thang<\/a><\/span><\/p>\n<p><span style=\"font-size: 14pt\">Xem th\u00eam b\u00e0i vi\u1ebft kh\u00e1c t\u1ea1i:\u00a0<a href=\"https:\/\/maylangthangshow.com\/\" rel=\"noopener\">Cloud Wandered Show<\/a><\/span><\/p>","protected":false},"excerpt":{"rendered":"<p>L\u1ecbch di\u1ec5n M\u00e2y Lang Thang th\u00e1ng 8\/2025<\/p>","protected":false},"featured_media":46717,"comment_status":"open","ping_status":"closed","template":"","meta":[],"product_cat":[2420,24,31],"product_tag":[2684,3150,2064],"_links":{"self":[{"href":"https:\/\/liveshowdalat.vn\/en\/wp-json\/wp\/v2\/product\/46686"}],"collection":[{"href":"https:\/\/liveshowdalat.vn\/en\/wp-json\/wp\/v2\/product"}],"about":[{"href":"https:\/\/liveshowdalat.vn\/en\/wp-json\/wp\/v2\/types\/product"}],"replies":[{"embeddable":true,"href":"https:\/\/liveshowdalat.vn\/en\/wp-json\/wp\/v2\/comments?post=46686"}],"wp:featuredmedia":[{"embeddable":true,"href":"https:\/\/liveshowdalat.vn\/en\/wp-json\/wp\/v2\/media\/46717"}],"wp:attachment":[{"href":"https:\/\/liveshowdalat.vn\/en\/wp-json\/wp\/v2\/media?parent=46686"}],"wp:term":[{"taxonomy":"product_cat","embeddable":true,"href":"https:\/\/liveshowdalat.vn\/en\/wp-json\/wp\/v2\/product_cat?post=46686"},{"taxonomy":"product_tag","embeddable":true,"href":"https:\/\/liveshowdalat.vn\/en\/wp-json\/wp\/v2\/product_tag?post=46686"}],"curies":[{"name":"wp","href":"https:\/\/api.w.org\/{rel}","templated":true}]}}