{"id":46364,"date":"2025-06-14T11:57:51","date_gmt":"2025-06-14T04:57:51","guid":{"rendered":"https:\/\/liveshowdalat.vn\/?post_type=product&#038;p=46364"},"modified":"2025-06-15T13:31:28","modified_gmt":"2025-06-15T06:31:28","slug":"may-lang-thang-trung-quan-da-lat-19-07","status":"publish","type":"product","link":"https:\/\/liveshowdalat.vn\/en\/may-lang-thang-trung-quan-da-lat-19-07.html","title":{"rendered":"TRUNG QU\u00c2N \u2013 \u0110\u00c0 L\u1ea0T 19.07"},"content":{"rendered":"<nav class=\"vietrick-auto-toc\">\n<div class=\"box-title\">\n<h3 class=\"toc-title\" id=\"select-menu\">Danh m\u1ee5c ch\u00ednh<\/h3>\n<div><ion-icon name=\"chevron-up-outline\"><\/ion-icon><\/div>\n<\/div>\n<ul class=\"toc-list\">\n<li><a href='https:\/\/liveshowdalat.vn\/en#trung-quan-da-lat' class='heading-h2 toc-link smooth-scroll'>TRUNG QU\u00c2N \u2013 \u0110\u00c0 L\u1ea0T<\/a>\n<li><a href='https:\/\/liveshowdalat.vn\/en#lien-he-book-ve' class='heading-h2 toc-link smooth-scroll'>Li\u00ean H\u1ec7 Book V\u00e9\u00a0<\/a><\/ul>\n<\/ul>\n<\/li>\n<\/ul>\n<\/nav>\n<h2 style=\"text-align: center\" id=\"trung-quan-da-lat\"><span style=\"font-size: 24pt;color: #003300\"><strong>TRUNG QU\u00c2N \u2013 \u0110\u00c0 L\u1ea0T<\/strong><\/span><\/h2>\n<p style=\"text-align: center\"><span style=\"color: #003366;font-size: 18pt\"><strong>M\u00c2Y IN THE NEST<\/strong><\/span><\/p>\n<p style=\"text-align: center\"><span style=\"font-family: 'courier new', courier, monospace\"><span style=\"font-size: 14pt\"><strong>19<\/strong><\/span><\/span><span style=\"font-family: 'courier new', courier, monospace\"><span style=\"font-size: 14pt\"><strong>\/07\/2025<\/strong><\/span><\/span><\/p>\n<p style=\"text-align: center\"><span style=\"font-size: 14pt;font-family: 'courier new', courier, monospace\"><strong>SHOW TIME 17:00<\/strong><\/span><\/p>\n<p style=\"text-align: center\"><span style=\"font-size: 24pt;font-family: arial, helvetica, sans-serif;color: #333333\"><strong>TH\u00d4NG TIN<\/strong><\/span><\/p>\n<table style=\"width: 100.518%;border-collapse: collapse;border-style: solid;border-color: #000000;height: 130px\" border=\"1\">\n<tbody>\n<tr style=\"height: 18px\">\n<td style=\"width: 50%;height: 34px\"><span style=\"font-size: 12pt;color: #000000\"><strong>\u00a0PREMIUM<\/strong>\/<strong>TH\u1ea2NH TH\u01a0I<br \/>\n<\/strong><\/span><em><span style=\"font-size: 12pt\">\u00a0 Bao g\u1ed3m 1 ph\u1ea7n n\u01b0\u1edbc<\/span><\/em><\/td>\n<td style=\"width: 50%;height: 34px;text-align: center\"><strong><span style=\"color: #000000\">1,525,000 VN\u0110<\/span><\/strong><\/td>\n<\/tr>\n<tr style=\"height: 24px\">\n<td style=\"width: 50%;height: 20px\"><span style=\"font-size: 12pt;color: #000000\"><strong>\u00a0VIP<\/strong>\/<strong>B\u1ec0NH B\u1ed2NG<br \/>\n<\/strong><em><span style=\"font-size: 12pt\">\u00a0Bao g\u1ed3m 1 ph\u1ea7n n\u01b0\u1edbc<\/span><\/em><\/span><\/td>\n<td style=\"width: 50%;height: 20px;text-align: center\"><strong><span style=\"color: #000000\">1,225,000 VN\u0110<\/span><\/strong><\/td>\n<\/tr>\n<tr style=\"height: 24px\">\n<td style=\"width: 50%;height: 37px\"><span style=\"font-size: 12pt;color: #000000\"><strong>\u00a0STANDARD 1<\/strong>\/<strong>M\u01a0 M\u00c0NG<\/strong><\/span><\/td>\n<td style=\"width: 50%;height: 37px;text-align: center\"><strong><span style=\"color: #000000\">875,000 VN\u0110<\/span><\/strong><\/td>\n<\/tr>\n<tr style=\"height: 24px\">\n<td style=\"width: 50%;height: 39px\"><span style=\"font-size: 12pt;color: #000000\"><strong>\u00a0STANDARD 2<\/strong>\/<strong>NH\u1edeN NH\u01a0<\/strong><\/span><\/td>\n<td style=\"width: 50%;height: 39px;text-align: center\"><strong><span style=\"color: #000000\">675,000 VN\u0110<\/span><\/strong><\/td>\n<\/tr>\n<\/tbody>\n<\/table>\n<p><a href=\"https:\/\/liveshowdalat.vn\/wp-content\/uploads\/2025\/06\/May-Lang-Thang-Da-Lat-Thang-7-2.jpg\"><img loading=\"lazy\" decoding=\"async\" class=\"alignnone size-full wp-image-46442\" src=\"https:\/\/liveshowdalat.vn\/wp-content\/uploads\/2025\/06\/May-Lang-Thang-Da-Lat-Thang-7-2.jpg\" alt=\"May Lang Thang Da Lat - Thang 7 (2)\" width=\"1638\" height=\"2048\" srcset=\"https:\/\/liveshowdalat.vn\/wp-content\/uploads\/2025\/06\/May-Lang-Thang-Da-Lat-Thang-7-2.jpg 1638w, https:\/\/liveshowdalat.vn\/wp-content\/uploads\/2025\/06\/May-Lang-Thang-Da-Lat-Thang-7-2-819x1024.jpg 819w, https:\/\/liveshowdalat.vn\/wp-content\/uploads\/2025\/06\/May-Lang-Thang-Da-Lat-Thang-7-2-768x960.jpg 768w, https:\/\/liveshowdalat.vn\/wp-content\/uploads\/2025\/06\/May-Lang-Thang-Da-Lat-Thang-7-2-1229x1536.jpg 1229w, https:\/\/liveshowdalat.vn\/wp-content\/uploads\/2025\/06\/May-Lang-Thang-Da-Lat-Thang-7-2-10x12.jpg 10w, https:\/\/liveshowdalat.vn\/wp-content\/uploads\/2025\/06\/May-Lang-Thang-Da-Lat-Thang-7-2-600x750.jpg 600w\" sizes=\"(max-width: 1638px) 100vw, 1638px\" \/><\/a><\/p>\n<p><b style=\"color: #003300;font-size: 18pt\">Ch\u00ednh s\u00e1ch tr\u1ebb em b\u00ean M\u00e2y Lang Thang:<\/b><\/p>\n<p><span style=\"font-size: 14pt\">\u2013 B\u00e9<strong> d\u01b0\u1edbi 1m:<\/strong> kh\u00f4ng ph\u1ee5 thu n\u1ebfu ng\u1ed3i chung v\u1edbi ph\u1ee5 huynh<br \/>\n\u2013 B\u00e9 t\u1eeb <strong>1m \u0111\u1ebfn d\u01b0\u1edbi 1m2<\/strong>: gi\u1ea3m 30% ( c\u00f3 gh\u1ebf ri\u00eang ), ho\u00e0n ti\u1ec1n tr\u1ef1c ti\u1ebfp t\u1ea1i show.<\/span><br \/>\n<span style=\"font-size: 14pt\">\u2013 <strong>Tr\u00ean 1m2<\/strong>: v\u1eabn t\u00ednh v\u00e9 nh\u01b0 ng\u01b0\u1eddi l\u1edbn.<\/span><br \/>\n<span style=\"font-size: 14pt\">***<\/span><br \/>\n<span style=\"font-size: 14pt\">\u2013 \u0110\u1ecba ch\u1ec9: <strong>M\u00c2Y IN THE NEST &#8211; <em>519 Th\u00f4n M\u0103ng Lin, Ph\u01b0\u1eddng 7, TP. \u0110\u00e0 L\u1ea1t.<\/em><\/strong><\/span><br \/>\n<span style=\"font-size: 14pt\">\u2013 \u0110\u1ecba \u0111i\u1ec3m t\u1ed5 ch\u1ee9c thu\u1ed9c <em>The Nest Dalat<\/em> c\u00e1ch trung t\u00e2m th\u00e0nh ph\u1ed1 12km, qu\u00fd kh\u00e1ch l\u01b0u \u00fd t\u1ed5 ch\u1ee9c \u0111\u1ecba \u0111i\u1ec3m \u0111\u1ec3 s\u1eafp x\u1ebfp th\u1eddi gian v\u00e0 ph\u01b0\u01a1ng ti\u1ec7n di chuy\u1ec3n ph\u00f9 h\u1ee3p.<br \/>\n<\/span><span style=\"font-size: 14pt\">\u2013 BTC c\u00f3 h\u1ed7 tr\u1ee3 xe trung chuy\u1ec3n mi\u1ec5n ph\u00ed (\u0111\u00f3n &#8211; tr\u1ea3 kh\u00e1ch t\u1ea1i: S\u1ed1 4, Tr\u1ea7n Quang Di\u1ec7u, P.10, TP \u0110\u00e0 L\u1ea1t), qu\u00fd kh\u00e1ch c\u00f3 nhu c\u1ea7u vui l\u00f2ng li\u00ean h\u1ec7 nh\u00e2n vi\u00ean t\u01b0 v\u1ea5n \u0111\u1ec3 \u0111\u01b0\u1ee3c \u0111\u0103ng k\u00fd.<\/span><\/p>\n<p><a href=\"https:\/\/liveshowdalat.vn\/wp-content\/uploads\/2024\/11\/May-In-The-Nest.jpg\"><img loading=\"lazy\" decoding=\"async\" class=\"size-full wp-image-45230 aligncenter\" src=\"https:\/\/liveshowdalat.vn\/wp-content\/uploads\/2024\/11\/May-In-The-Nest.jpg\" alt=\"M\u00e2y In The Nest - Chi\u1ec1u Nh\u1ea1c Tr\u00ean M\u00e2y\" width=\"2048\" height=\"1380\" srcset=\"https:\/\/liveshowdalat.vn\/wp-content\/uploads\/2024\/11\/May-In-The-Nest.jpg 2048w, https:\/\/liveshowdalat.vn\/wp-content\/uploads\/2024\/11\/May-In-The-Nest-1024x690.jpg 1024w, https:\/\/liveshowdalat.vn\/wp-content\/uploads\/2024\/11\/May-In-The-Nest-768x518.jpg 768w, https:\/\/liveshowdalat.vn\/wp-content\/uploads\/2024\/11\/May-In-The-Nest-1536x1035.jpg 1536w, https:\/\/liveshowdalat.vn\/wp-content\/uploads\/2024\/11\/May-In-The-Nest-600x404.jpg 600w\" sizes=\"(max-width: 2048px) 100vw, 2048px\" \/><\/a><\/p>\n<p><span style=\"font-size: 18pt;color: #003300\"><b>L\u01afU \u00dd<\/b><\/span><\/p>\n<p><span style=\"font-size: 14pt\">\u2013 BTC kh\u00f4ng h\u1ed7 tr\u1ee3 ho\u00e0n v\u00e9 d\u01b0\u1edbi m\u1ecdi h\u00ecnh th\u1ee9c<\/span><\/p>\n<p><span style=\"font-size: 14pt\">\u2013 Vui l\u00f2ng kh\u00f4ng mang \u0111\u1ed3 \u0103n n\u01b0\u1edbc u\u1ed1ng b\u00ean ngo\u00e0i v\u00e0o khu v\u1ef1c bi\u1ec3u di\u1ec5n<\/span><\/p>\n<p><span style=\"font-size: 14pt\">\u2013 Tr\u01b0\u1eddng h\u1ee3p h\u1ee7y v\u00e9 v\u00e0 b\u1ea3o l\u01b0u v\u00e9 c\u1ea7n th\u00f4ng b\u00e1o t\u1edbi BTC tr\u01b0\u1edbc 24 gi\u1edd, sau kho\u1ea3ng th\u1eddi gian tr\u00ean s\u1ebd kh\u00f4ng \u0111\u01b0\u1ee3c h\u1ed7 tr\u1ee3<\/span><\/p>\n<p><span style=\"font-size: 18pt;color: #003300\"><b><i>B\u1ea1n l\u01b0u \u00fd th\u00f4ng tin b\u1ea3o l\u01b0u sau:<\/i><\/b><\/span><\/p>\n<p><span style=\"font-size: 14pt\">\u2013 Th\u1eddi h\u1ea1n b\u1ea3o l\u01b0u l\u00e0 trong v\u00f2ng 6 th\u00e1ng, t\u00ednh theo ng\u00e0y x\u00e1c nh\u1eadn b\u1ea3o l\u01b0u.<\/span><\/p>\n<p><span style=\"font-size: 14pt\">\u2013 M\u00e2y s\u1ebd b\u1ea3o l\u01b0u s\u1ed1 ti\u1ec1n m\u00e0 kh\u00e1ch h\u00e0ng \u0111\u00e3 \u0111\u1eb7t ch\u1ed7.<\/span><\/p>\n<p><span style=\"font-size: 14pt\">\u2013 V\u1ecb tr\u00ed gh\u1ebf c\u1ee7a \u0111\u01a1n h\u00e0ng \u0111\u00e3 b\u1ea3o l\u01b0u, s\u1ebd \u0111\u01b0\u1ee3c m\u1edf b\u00e1n l\u1ea1i tr\u00ean website.<\/span><\/p>\n<p><span style=\"font-size: 14pt\">\u2013 Khi h\u1ed7 tr\u1ee3 \u0111\u1eb7t l\u1ea1i ch\u1ed7, v\u1edbi h\u1ea1ng gi\u00e1 cao h\u01a1n, qu\u00fd kh\u00e1ch vui l\u00f2ng b\u00f9 ph\u1ea7n ch\u00eanh l\u1ec7ch c\u00f2n thi\u1ebfu.<\/span><\/p>\n<p><span style=\"font-size: 14pt\">(Trong tr\u01b0\u1eddng h\u1ee3p h\u1ea1ng v\u00e9 th\u1ea5p s\u1ed1 ti\u1ec1n \u0111\u00e3 b\u1ea3o l\u01b0u, M\u00e2y kh\u00f4ng h\u1ed7 tr\u1ee3 ho\u00e0n ti\u1ec1n)<\/span><\/p>\n<p><span style=\"font-size: 14pt\">\u2013 \u00c1p d\u1ee5ng t\u1ea5t c\u1ea3 c\u00e1c chi nh\u00e1nh c\u1ee7a M\u00e2y Lang Thang.<\/span><\/p>\n<p><a href=\"https:\/\/liveshowdalat.vn\/wp-content\/uploads\/2025\/06\/Noi-dung-doan-van-ban-cua-ban.jpg\"><img loading=\"lazy\" decoding=\"async\" class=\"alignnone size-full wp-image-46424\" src=\"https:\/\/liveshowdalat.vn\/wp-content\/uploads\/2025\/06\/Noi-dung-doan-van-ban-cua-ban.jpg\" alt=\"May Lang Thang\" width=\"992\" height=\"2048\" srcset=\"https:\/\/liveshowdalat.vn\/wp-content\/uploads\/2025\/06\/Noi-dung-doan-van-ban-cua-ban.jpg 992w, https:\/\/liveshowdalat.vn\/wp-content\/uploads\/2025\/06\/Noi-dung-doan-van-ban-cua-ban-496x1024.jpg 496w, https:\/\/liveshowdalat.vn\/wp-content\/uploads\/2025\/06\/Noi-dung-doan-van-ban-cua-ban-768x1586.jpg 768w, https:\/\/liveshowdalat.vn\/wp-content\/uploads\/2025\/06\/Noi-dung-doan-van-ban-cua-ban-744x1536.jpg 744w, https:\/\/liveshowdalat.vn\/wp-content\/uploads\/2025\/06\/Noi-dung-doan-van-ban-cua-ban-6x12.jpg 6w, https:\/\/liveshowdalat.vn\/wp-content\/uploads\/2025\/06\/Noi-dung-doan-van-ban-cua-ban-600x1239.jpg 600w\" sizes=\"(max-width: 992px) 100vw, 992px\" \/><\/a><\/p>\n<p><img loading=\"lazy\" decoding=\"async\" class=\"aligncenter wp-image-3497 size-full\" src=\"https:\/\/liveshowdalat.vn\/wp-content\/uploads\/2024\/03\/san-khau-may-in-the-nest-1-1.jpg\" alt=\"s\u00e2n kh\u1ea5u m\u00e2y in the nest\" width=\"2000\" height=\"1600\" srcset=\"https:\/\/liveshowdalat.vn\/wp-content\/uploads\/2024\/03\/san-khau-may-in-the-nest-1-1.jpg 2000w, https:\/\/liveshowdalat.vn\/wp-content\/uploads\/2024\/03\/san-khau-may-in-the-nest-1-1-300x240.jpg 300w, https:\/\/liveshowdalat.vn\/wp-content\/uploads\/2024\/03\/san-khau-may-in-the-nest-1-1-1024x819.jpg 1024w, https:\/\/liveshowdalat.vn\/wp-content\/uploads\/2024\/03\/san-khau-may-in-the-nest-1-1-768x614.jpg 768w, https:\/\/liveshowdalat.vn\/wp-content\/uploads\/2024\/03\/san-khau-may-in-the-nest-1-1-1536x1229.jpg 1536w, https:\/\/liveshowdalat.vn\/wp-content\/uploads\/2024\/03\/san-khau-may-in-the-nest-1-1-600x480.jpg 600w\" sizes=\"(max-width: 2000px) 100vw, 2000px\" \/> <img loading=\"lazy\" decoding=\"async\" class=\"aligncenter wp-image-2149 size-full\" src=\"https:\/\/liveshowdalat.vn\/wp-content\/uploads\/2023\/11\/may-lang-thang.jpg\" alt=\"m\u00e2y in the nest\" width=\"2000\" height=\"1600\" srcset=\"https:\/\/liveshowdalat.vn\/wp-content\/uploads\/2023\/11\/may-lang-thang.jpg 2000w, https:\/\/liveshowdalat.vn\/wp-content\/uploads\/2023\/11\/may-lang-thang-300x240.jpg 300w, https:\/\/liveshowdalat.vn\/wp-content\/uploads\/2023\/11\/may-lang-thang-1024x819.jpg 1024w, https:\/\/liveshowdalat.vn\/wp-content\/uploads\/2023\/11\/may-lang-thang-768x614.jpg 768w, https:\/\/liveshowdalat.vn\/wp-content\/uploads\/2023\/11\/may-lang-thang-1536x1229.jpg 1536w, https:\/\/liveshowdalat.vn\/wp-content\/uploads\/2023\/11\/may-lang-thang-600x480.jpg 600w\" sizes=\"(max-width: 2000px) 100vw, 2000px\" \/> <img loading=\"lazy\" decoding=\"async\" class=\"aligncenter wp-image-3491 size-full\" src=\"https:\/\/liveshowdalat.vn\/wp-content\/uploads\/2024\/03\/san-khau-may-in-the-nest-2.jpg\" alt=\"s\u00e2n kh\u1ea5u m\u00e2y in the nest\" width=\"2000\" height=\"1600\" srcset=\"https:\/\/liveshowdalat.vn\/wp-content\/uploads\/2024\/03\/san-khau-may-in-the-nest-2.jpg 2000w, https:\/\/liveshowdalat.vn\/wp-content\/uploads\/2024\/03\/san-khau-may-in-the-nest-2-300x240.jpg 300w, https:\/\/liveshowdalat.vn\/wp-content\/uploads\/2024\/03\/san-khau-may-in-the-nest-2-1024x819.jpg 1024w, https:\/\/liveshowdalat.vn\/wp-content\/uploads\/2024\/03\/san-khau-may-in-the-nest-2-768x614.jpg 768w, https:\/\/liveshowdalat.vn\/wp-content\/uploads\/2024\/03\/san-khau-may-in-the-nest-2-1536x1229.jpg 1536w, https:\/\/liveshowdalat.vn\/wp-content\/uploads\/2024\/03\/san-khau-may-in-the-nest-2-600x480.jpg 600w\" sizes=\"(max-width: 2000px) 100vw, 2000px\" \/><\/p>\n<h2 id=\"lien-he-book-ve\"><span style=\"color: #003300\"><b>Li\u00ean H\u1ec7 Book V\u00e9\u00a0<\/b><\/span><\/h2>\n<p><span style=\"font-size: 14pt;color: #000000\"><b>Hotline\/Zalo:\u00a0<\/b><\/span><span style=\"font-size: 14pt\"><strong>0988 249 297<\/strong><\/span><\/p>\n<p><span style=\"font-size: 14pt\">Fanpage booking:\u00a0<a href=\"https:\/\/www.facebook.com\/liveshowdalat\/\" target=\"_blank\" rel=\"noopener\">M\u00e2y Lang Thang<\/a><\/span><\/p>\n<p><span style=\"font-size: 14pt\">Xem th\u00eam b\u00e0i vi\u1ebft kh\u00e1c t\u1ea1i:\u00a0<a href=\"https:\/\/maylangthangshow.com\/\" rel=\"noopener\">Cloud Wandered Show\u00a0<\/a><\/span><\/p>","protected":false},"excerpt":{"rendered":"<p>Danh m\u1ee5c ch\u00ednh TRUNG QU\u00c2N \u2013 \u0110\u00c0 L\u1ea0T Li\u00ean H\u1ec7 Book V\u00e9\u00a0 TRUNG QU\u00c2N \u2013 \u0110\u00c0 L\u1ea0T M\u00c2Y IN THE NEST 19\/07\/2025 SHOW TIME 17:00 TH\u00d4NG TIN \u00a0PREMIUM\/TH\u1ea2NH TH\u01a0I \u00a0 Bao g\u1ed3m 1 ph\u1ea7n n\u01b0\u1edbc 1,525,000 VN\u0110 \u00a0VIP\/B\u1ec0NH B\u1ed2NG \u00a0Bao g\u1ed3m 1 ph\u1ea7n n\u01b0\u1edbc 1,225,000 VN\u0110 \u00a0STANDARD 1\/M\u01a0 M\u00c0NG 875,000 VN\u0110 \u00a0STANDARD 2\/NH\u1edeN NH\u01a0 675,000 [&hellip;]<\/p>","protected":false},"featured_media":46442,"comment_status":"open","ping_status":"closed","template":"","meta":[],"product_cat":[31,2569,49],"product_tag":[],"_links":{"self":[{"href":"https:\/\/liveshowdalat.vn\/en\/wp-json\/wp\/v2\/product\/46364"}],"collection":[{"href":"https:\/\/liveshowdalat.vn\/en\/wp-json\/wp\/v2\/product"}],"about":[{"href":"https:\/\/liveshowdalat.vn\/en\/wp-json\/wp\/v2\/types\/product"}],"replies":[{"embeddable":true,"href":"https:\/\/liveshowdalat.vn\/en\/wp-json\/wp\/v2\/comments?post=46364"}],"wp:featuredmedia":[{"embeddable":true,"href":"https:\/\/liveshowdalat.vn\/en\/wp-json\/wp\/v2\/media\/46442"}],"wp:attachment":[{"href":"https:\/\/liveshowdalat.vn\/en\/wp-json\/wp\/v2\/media?parent=46364"}],"wp:term":[{"taxonomy":"product_cat","embeddable":true,"href":"https:\/\/liveshowdalat.vn\/en\/wp-json\/wp\/v2\/product_cat?post=46364"},{"taxonomy":"product_tag","embeddable":true,"href":"https:\/\/liveshowdalat.vn\/en\/wp-json\/wp\/v2\/product_tag?post=46364"}],"curies":[{"name":"wp","href":"https:\/\/api.w.org\/{rel}","templated":true}]}}