{"id":46199,"date":"2025-04-10T09:41:55","date_gmt":"2025-04-10T02:41:55","guid":{"rendered":"https:\/\/liveshowdalat.vn\/?post_type=product&#038;p=46199"},"modified":"2025-05-29T13:15:35","modified_gmt":"2025-05-29T06:15:35","slug":"may-lang-thang-trung-quan-phan-thiet-31-05","status":"publish","type":"product","link":"https:\/\/liveshowdalat.vn\/en\/may-lang-thang-trung-quan-phan-thiet-31-05.html","title":{"rendered":"CENTRAL MILITARY \u2013 PHAN THIET 31.05"},"content":{"rendered":"<nav class=\"vietrick-auto-toc\">\n<div class=\"box-title\">\n<h3 class=\"toc-title\" id=\"select-menu\">Danh m\u1ee5c ch\u00ednh<\/h3>\n<div><ion-icon name=\"chevron-up-outline\"><\/ion-icon><\/div>\n<\/div>\n<ul class=\"toc-list\">\n<li><a href='https:\/\/liveshowdalat.vn\/en#trung-quan' class='heading-h2 toc-link smooth-scroll'>TRUNG QU\u00c2N<\/a><\/ul>\n<\/ul>\n<\/li>\n<\/ul>\n<\/nav>\n<h2 style=\"text-align: center\" id=\"trung-quan\"><span style=\"color: #003300\"><strong><span style=\"font-size: 24pt\">TRUNG QU\u00c2N<\/span><\/strong><\/span><\/h2>\n<p style=\"text-align: center\"><span style=\"color: #003366;font-size: 14pt\"><strong>L\u00c0NG CH\u00c0I X\u01afA, TP. PHAN THI\u1ebeT<\/strong><\/span><\/p>\n<p style=\"text-align: center\"><span style=\"font-family: 'courier new', courier, monospace\"><span style=\"font-size: 14pt\"><strong><span style=\"vertical-align: inherit\">31\/05\/2025<\/span><\/strong><\/span><\/span><\/p>\n<p style=\"text-align: center\"><span style=\"font-size: 14pt;font-family: 'courier new', courier, monospace\"><strong><span style=\"vertical-align: inherit\">SHOWTIME 20:00<\/span><\/strong><\/span><\/p>\n<p style=\"text-align: center\"><span style=\"font-size: 24pt;font-family: arial, helvetica, sans-serif\"><strong>TH\u00d4NG TIN<\/strong><\/span><\/p>\n<table style=\"width: 99.4669%;border-collapse: collapse;border-style: solid;border-color: #878484;height: 199px\" border=\"1\">\n<tbody>\n<tr style=\"height: 23px\">\n<td style=\"width: 50.7722%;height: 23px\"><strong><span style=\"color: #000000\">\u00a0PREMIUM \/ TH\u1ea2NH TH\u01a0I<\/span><\/strong><\/td>\n<td style=\"width: 49.2278%;height: 23px;text-align: center\"><strong><span style=\"color: #000000\">1,425,000 VN\u0110<\/span><\/strong><\/td>\n<\/tr>\n<tr style=\"height: 23px\">\n<td style=\"width: 50.7722%;height: 23px\"><strong><span style=\"color: #000000\">\u00a0VIP \/ B\u1ec0NH B\u1ed2NG<\/span><\/strong><\/td>\n<td style=\"width: 49.2278%;height: 23px;text-align: center\"><strong><span style=\"color: #000000\">1,125,000 VN\u0110<\/span><\/strong><\/td>\n<\/tr>\n<tr style=\"height: 23px\">\n<td style=\"width: 50.7722%;height: 23px\"><strong><span style=\"color: #000000\">\u00a0STANDARD 1 \/ M\u01a0 M\u00c0NG<\/span><\/strong><\/td>\n<td style=\"width: 49.2278%;height: 23px;text-align: center\"><strong><span style=\"color: #000000\">975,000 VN\u0110<\/span><\/strong><\/td>\n<\/tr>\n<tr style=\"height: 23px\">\n<td style=\"width: 50.7722%;height: 23px\"><strong><span style=\"color: #000000\">\u00a0STANDARD 2 \/ NH\u1edeN NH\u01a0<\/span><\/strong><\/td>\n<td style=\"width: 49.2278%;height: 23px;text-align: center\"><strong><span style=\"color: #000000\">675,000 VN\u0110<\/span><\/strong><\/td>\n<\/tr>\n<tr style=\"height: 23px\">\n<td style=\"width: 50.7722%;height: 23px\"><strong><span style=\"color: #000000\">\u00a0STANDARD 3 \/ L\u1eecNG L\u01a0<\/span><\/strong><\/td>\n<td style=\"width: 49.2278%;height: 23px;text-align: center\"><strong><span style=\"color: #000000\">475,000 VN\u0110<\/span><\/strong><\/td>\n<\/tr>\n<\/tbody>\n<\/table>\n<p><a href=\"https:\/\/liveshowdalat.vn\/wp-content\/uploads\/2025\/03\/May-Lang-Thang-Phan-Thiet-Thang-5.jpg\"><img loading=\"lazy\" decoding=\"async\" class=\"alignnone size-full wp-image-46189\" src=\"https:\/\/liveshowdalat.vn\/wp-content\/uploads\/2025\/03\/May-Lang-Thang-Phan-Thiet-Thang-5.jpg\" alt=\"May Lang Thang Phan Thiet- Thang 5\" width=\"1638\" height=\"2048\" srcset=\"https:\/\/liveshowdalat.vn\/wp-content\/uploads\/2025\/03\/May-Lang-Thang-Phan-Thiet-Thang-5.jpg 1638w, https:\/\/liveshowdalat.vn\/wp-content\/uploads\/2025\/03\/May-Lang-Thang-Phan-Thiet-Thang-5-819x1024.jpg 819w, https:\/\/liveshowdalat.vn\/wp-content\/uploads\/2025\/03\/May-Lang-Thang-Phan-Thiet-Thang-5-768x960.jpg 768w, https:\/\/liveshowdalat.vn\/wp-content\/uploads\/2025\/03\/May-Lang-Thang-Phan-Thiet-Thang-5-1229x1536.jpg 1229w, https:\/\/liveshowdalat.vn\/wp-content\/uploads\/2025\/03\/May-Lang-Thang-Phan-Thiet-Thang-5-600x750.jpg 600w\" sizes=\"(max-width: 1638px) 100vw, 1638px\" \/><\/a><\/p>\n<p><span style=\"font-size: 18pt;color: #003300\"><b>Ch\u00ednh s\u00e1ch tr\u1ebb em b\u00ean M\u00e2y Lang Thang:<\/b><b><br \/>\n<\/b><\/span><span style=\"font-size: 14pt\">\u2013 B\u00e9<strong> d\u01b0\u1edbi 1m:<\/strong> kh\u00f4ng ph\u1ee5 thu n\u1ebfu ng\u1ed3i chung v\u1edbi ph\u1ee5 huynh<br \/>\n\u2013 B\u00e9 t\u1eeb <strong>1m \u0111\u1ebfn d\u01b0\u1edbi 1m2<\/strong>: gi\u1ea3m 30% ( c\u00f3 gh\u1ebf ri\u00eang ), ho\u00e0n ti\u1ec1n tr\u1ef1c ti\u1ebfp t\u1ea1i show.<\/span><br \/>\n<span style=\"font-size: 14pt\">\u2013 <strong>Tr\u00ean 1m2<\/strong>: v\u1eabn t\u00ednh v\u00e9 nh\u01b0 ng\u01b0\u1eddi l\u1edbn.<\/span><br \/>\n<span style=\"font-size: 14pt\">***<\/span><span style=\"font-family: 'courier new', courier, monospace\"><span style=\"font-size: 14pt\"><strong><br \/>\n<\/strong><\/span><\/span><span style=\"font-size: 14pt\">\u2013 \u0110\u1ecba ch\u1ec9: <strong><em>NH\u00c0 H\u00c1T L\u00c0NG CH\u00c0I X\u01afA<\/em> &#8211; 360 Nguy\u1ec5n Th\u00f4ng, Ph\u00fa H\u00e0i, Phan Thi\u1ebft.<\/strong><br \/>\n\u2013 Qu\u00fd kh\u00e1ch vui l\u00f2ng li\u00ean h\u1ec7 nh\u00e2n vi\u00ean t\u01b0 v\u1ea5n qua th\u00f4ng tin li\u00ean h\u1ec7 ph\u00eda d\u01b0\u1edbi \u0111\u1ec3 \u0111\u01b0\u1ee3c h\u1ed7 tr\u1ee3 l\u1ef1a ch\u1ecdn gh\u1ebf ng\u1ed3i tr\u1ef1c ti\u1ebfp.<br \/>\n<\/span><\/p>\n<p><a href=\"https:\/\/liveshowdalat.vn\/wp-content\/uploads\/2025\/04\/Nha-hat-lang-chai-xua-Phan-Thie.jpg\"><img loading=\"lazy\" decoding=\"async\" class=\"alignnone size-full wp-image-46200\" src=\"https:\/\/liveshowdalat.vn\/wp-content\/uploads\/2025\/04\/Nha-hat-lang-chai-xua-Phan-Thie.jpg\" alt=\"Nh\u00e0 h\u00e1t l\u00e0ng ch\u00e0i x\u01b0a - Phan Thi\u1ebft\" width=\"700\" height=\"394\" srcset=\"https:\/\/liveshowdalat.vn\/wp-content\/uploads\/2025\/04\/Nha-hat-lang-chai-xua-Phan-Thie.jpg 700w, https:\/\/liveshowdalat.vn\/wp-content\/uploads\/2025\/04\/Nha-hat-lang-chai-xua-Phan-Thie-600x338.jpg 600w\" sizes=\"(max-width: 700px) 100vw, 700px\" \/><\/a><\/p>\n<p><span style=\"font-size: 18pt;color: #003300\"><b>L\u01afU \u00dd<\/b><\/span><\/p>\n<p><span style=\"font-size: 14pt\">\u2013 BTC kh\u00f4ng h\u1ed7 tr\u1ee3 ho\u00e0n v\u00e9 d\u01b0\u1edbi m\u1ecdi h\u00ecnh th\u1ee9c<\/span><\/p>\n<p><span style=\"font-size: 14pt\">\u2013 Vui l\u00f2ng kh\u00f4ng mang \u0111\u1ed3 \u0103n n\u01b0\u1edbc u\u1ed1ng b\u00ean ngo\u00e0i v\u00e0o khu v\u1ef1c bi\u1ec3u di\u1ec5n<\/span><\/p>\n<p><span style=\"font-size: 14pt\">\u2013 Tr\u01b0\u1eddng h\u1ee3p h\u1ee7y v\u00e9 v\u00e0 b\u1ea3o l\u01b0u v\u00e9 c\u1ea7n th\u00f4ng b\u00e1o t\u1edbi BTC tr\u01b0\u1edbc 24 gi\u1edd, sau kho\u1ea3ng th\u1eddi gian tr\u00ean s\u1ebd kh\u00f4ng \u0111\u01b0\u1ee3c h\u1ed7 tr\u1ee3<\/span><\/p>\n<p><span style=\"font-size: 18pt;color: #003300\"><b><i>B\u1ea1n l\u01b0u \u00fd th\u00f4ng tin b\u1ea3o l\u01b0u sau:<\/i><\/b><\/span><\/p>\n<p><span style=\"font-size: 14pt\">\u2013 Th\u1eddi h\u1ea1n b\u1ea3o l\u01b0u l\u00e0 trong v\u00f2ng 6 th\u00e1ng, t\u00ednh theo ng\u00e0y x\u00e1c nh\u1eadn b\u1ea3o l\u01b0u.<\/span><\/p>\n<p><span style=\"font-size: 14pt\">\u2013 M\u00e2y s\u1ebd b\u1ea3o l\u01b0u s\u1ed1 ti\u1ec1n m\u00e0 kh\u00e1ch h\u00e0ng \u0111\u00e3 \u0111\u1eb7t ch\u1ed7.<\/span><\/p>\n<p><span style=\"font-size: 14pt\">\u2013 V\u1ecb tr\u00ed gh\u1ebf c\u1ee7a \u0111\u01a1n h\u00e0ng \u0111\u00e3 b\u1ea3o l\u01b0u, s\u1ebd \u0111\u01b0\u1ee3c m\u1edf b\u00e1n l\u1ea1i tr\u00ean website.<\/span><\/p>\n<p><span style=\"font-size: 14pt\">\u2013 Khi h\u1ed7 tr\u1ee3 \u0111\u1eb7t l\u1ea1i ch\u1ed7, v\u1edbi h\u1ea1ng gi\u00e1 cao h\u01a1n, qu\u00fd kh\u00e1ch vui l\u00f2ng b\u00f9 ph\u1ea7n ch\u00eanh l\u1ec7ch c\u00f2n thi\u1ebfu.<\/span><\/p>\n<p><span style=\"font-size: 14pt\">(Trong tr\u01b0\u1eddng h\u1ee3p h\u1ea1ng v\u00e9 th\u1ea5p s\u1ed1 ti\u1ec1n \u0111\u00e3 b\u1ea3o l\u01b0u, M\u00e2y kh\u00f4ng h\u1ed7 tr\u1ee3 ho\u00e0n ti\u1ec1n)<\/span><\/p>\n<p><span style=\"font-size: 14pt\">\u2013 \u00c1p d\u1ee5ng t\u1ea5t c\u1ea3 c\u00e1c chi nh\u00e1nh c\u1ee7a M\u00e2y Lang Thang.<\/span><\/p>\n<p><a href=\"https:\/\/liveshowdalat.vn\/wp-content\/uploads\/2025\/04\/Nha-hat-lang-chai-xua-Phan-Thiet-1.jpg\"><img loading=\"lazy\" decoding=\"async\" class=\"alignnone size-full wp-image-46201\" src=\"https:\/\/liveshowdalat.vn\/wp-content\/uploads\/2025\/04\/Nha-hat-lang-chai-xua-Phan-Thiet-1.jpg\" alt=\"Nh\u00e0 h\u00e1t l\u00e0ng ch\u00e0i x\u01b0a - Phan Thi\u1ebft \" width=\"700\" height=\"394\" srcset=\"https:\/\/liveshowdalat.vn\/wp-content\/uploads\/2025\/04\/Nha-hat-lang-chai-xua-Phan-Thiet-1.jpg 700w, https:\/\/liveshowdalat.vn\/wp-content\/uploads\/2025\/04\/Nha-hat-lang-chai-xua-Phan-Thiet-1-600x338.jpg 600w\" sizes=\"(max-width: 700px) 100vw, 700px\" \/><\/a><\/p>\n<h2><span style=\"color: #003300\"><b>Li\u00ean H\u1ec7 Book V\u00e9\u00a0<br \/>\n<\/b><\/span><span style=\"font-family: arial, helvetica, sans-serif\"><span style=\"font-size: 14pt;color: #000000\"><b>Hotline\/Zalo:\u00a0<\/b><\/span><strong><span style=\"font-size: 14pt\">0988 249 297<br \/>\n<\/span><\/strong><\/span><span style=\"font-size: 14pt\">Fanpage booking:\u00a0<a href=\"https:\/\/www.facebook.com\/liveshowdalat\/\" target=\"_blank\" rel=\"noopener\">M\u00e2y Lang Thang<\/a><br \/>\n<\/span><span style=\"font-size: 14pt\">Xem th\u00eam b\u00e0i vi\u1ebft kh\u00e1c t\u1ea1i:\u00a0<a href=\"https:\/\/maylangthangshow.com\/\" rel=\"noopener\">Cloud Wandered Show\u00a0<\/a><\/span><\/h2>","protected":false},"excerpt":{"rendered":"<p>M\u00e2y Lang Thang Phan Thi\u1ebft &#8211; Th\u00e1ng 05\/2025<\/p>","protected":false},"featured_media":46189,"comment_status":"open","ping_status":"closed","template":"","meta":[],"product_cat":[3110,31,49],"product_tag":[3113,3114,2668],"_links":{"self":[{"href":"https:\/\/liveshowdalat.vn\/en\/wp-json\/wp\/v2\/product\/46199"}],"collection":[{"href":"https:\/\/liveshowdalat.vn\/en\/wp-json\/wp\/v2\/product"}],"about":[{"href":"https:\/\/liveshowdalat.vn\/en\/wp-json\/wp\/v2\/types\/product"}],"replies":[{"embeddable":true,"href":"https:\/\/liveshowdalat.vn\/en\/wp-json\/wp\/v2\/comments?post=46199"}],"wp:featuredmedia":[{"embeddable":true,"href":"https:\/\/liveshowdalat.vn\/en\/wp-json\/wp\/v2\/media\/46189"}],"wp:attachment":[{"href":"https:\/\/liveshowdalat.vn\/en\/wp-json\/wp\/v2\/media?parent=46199"}],"wp:term":[{"taxonomy":"product_cat","embeddable":true,"href":"https:\/\/liveshowdalat.vn\/en\/wp-json\/wp\/v2\/product_cat?post=46199"},{"taxonomy":"product_tag","embeddable":true,"href":"https:\/\/liveshowdalat.vn\/en\/wp-json\/wp\/v2\/product_tag?post=46199"}],"curies":[{"name":"wp","href":"https:\/\/api.w.org\/{rel}","templated":true}]}}