{"id":4610,"date":"2024-06-18T11:07:07","date_gmt":"2024-06-18T04:07:07","guid":{"rendered":"https:\/\/maylangthangshow.com\/?p=4610"},"modified":"2025-01-16T13:42:16","modified_gmt":"2025-01-16T06:42:16","slug":"lich-dien-may-lang-thang-thanh-hoa-thang-8-2024","status":"publish","type":"product","link":"https:\/\/liveshowdalat.vn\/en\/lich-dien-may-lang-thang-thanh-hoa-thang-8-2024.html","title":{"rendered":"L\u1ecaCH DI\u1ec4N M\u00c2Y LANG THANG THANH H\u00d3A TH\u00c1NG 8\/2024"},"content":{"rendered":"<nav class=\"vietrick-auto-toc\">\n<div class=\"box-title\">\n<h3 class=\"toc-title\" id=\"select-menu\">Danh m\u1ee5c ch\u00ednh<\/h3>\n<div><ion-icon name=\"chevron-up-outline\"><\/ion-icon><\/div>\n<\/div>\n<ul class=\"toc-list\">\n<li><a href='https:\/\/liveshowdalat.vn\/en#lich-dien-may-lang-thang-thanh-hoa-thang-8-2024' class='heading-h2 toc-link smooth-scroll'>L\u1ecaCH DI\u1ec4N M\u00c2Y LANG THANG THANH H\u00d3A TH\u00c1NG 8\/2024<\/a>\n<li><a href='https:\/\/liveshowdalat.vn\/en#lien-he-book-ve' class='heading-h2 toc-link smooth-scroll'>Li\u00ean H\u1ec7 Book V\u00e9\u00a0<\/a><\/ul>\n<\/ul>\n<\/li>\n<\/ul>\n<\/nav>\n<h2 style=\"text-align: center;\" id=\"lich-dien-may-lang-thang-thanh-hoa-thang-8-2024\"><span style=\"font-size: 24pt; color: #003300;\">L\u1ecaCH DI\u1ec4N M\u00c2Y LANG THANG THANH H\u00d3A TH\u00c1NG 8\/2024<\/span><\/h2>\n<p><span style=\"font-size: 18pt; color: #000080;\"><b>L\u1ecaCH DI\u1ec4N TR\u00caN M\u00c2Y LANG THANG THANH H\u00d3A TH\u00c1NG 8<\/b><\/span><\/p>\n<p><span style=\"color: #003366;\"><strong><em><span style=\"font-size: 14pt; font-family: 'comic sans ms', sans-serif;\">M\u00f9a h\u00e8 \u0111\u00e3 r\u1ed9n r\u00e0ng tr\u00ean m\u1ecdi show di\u1ec5n c\u1ee7a M\u00e2y Lang Thang v\u00e0o th\u00e1ng 8 n\u00e0y. B\u1ea1n c\u00f3 t\u00f2 m\u00f2 play list h\u00e8 c\u1ee7a M\u00e2y c\u00f3 g\u00ec hay kh\u00f4ng?<\/span><\/em><\/strong><\/span><\/p>\n<p><span style=\"color: #003366;\"><strong><em><span style=\"font-size: 14pt; font-family: 'comic sans ms', sans-serif;\">Kh\u00f4ng gian \u00e2m nh\u1ea1c s\u00f4i \u0111\u1ed9ng c\u1ee7a ng\u00e0y h\u00e8 r\u1ef1c r\u1ee1 hay ch\u00fat l\u1eafng \u0111\u1ecdng c\u1ee7a kh\u00f4ng kh\u00ed se se khi \u0111\u00eam v\u1ec1?<\/span><\/em><\/strong><\/span><\/p>\n<p><span style=\"color: #003366;\"><strong><em><span style=\"font-size: 14pt; font-family: 'comic sans ms', sans-serif;\">B\u1ea1n \u0111\u00e3<\/span> <span style=\"font-size: 14pt; font-family: 'comic sans ms', sans-serif;\">s\u1eb5n s\u00e0ng cho nh\u1eefng tr\u1ea3i nghi\u1ec7m \u00e2m nh\u1ea1c m\u00e3n nh\u00e3n, n\u01a1i m\u00e0 tr\u00e1i tim c\u1ee7a m\u1ed7i kh\u00e1n gi\u1ea3 s\u1ebd \u0111\u01b0\u1ee3c rung l\u00ean b\u1edfi nh\u1eefng ti\u1ebft t\u1ea5u v\u00e0 c\u1ea3m x\u00fac ch\u00e2n th\u1ef1c c\u1ee7a M\u00e2y ch\u01b0a !!??<\/span><\/em><\/strong><\/span><\/p>\n<p><span style=\"color: #003366;\"><strong><em><span style=\"font-size: 14pt; font-family: 'comic sans ms', sans-serif;\">\u0110\u1ec3 bi\u1ebft r\u00f5 h\u01a1n M\u00e2y Lang Thang s\u1ebd mang \u0111\u1ebfn cho b\u1ea1n \u0111i\u1ec1u g\u00ec, m\u1eddi b\u1ea1n h\u00e3y c\u00f9ng tham kh\u1ea3o l\u1ecbch di\u1ec5n c\u1ee7a M\u00e2y v\u00e0o th\u00e1ng 8 n\u00e0y nh\u00e9 !!!<\/span><\/em><\/strong><\/span><\/p>\n<p><span style=\"color: #000000; font-family: arial, helvetica, sans-serif;\"><span style=\"font-size: 14pt;\"><span style=\"font-family: arial, helvetica, sans-serif; font-size: 14pt;\">\u2665 <\/span>H\u00e3y c\u1eadp nh\u1eadt l\u1ecbch tr\u00ecnh v\u00e0 \u0111\u1eebng b\u1ecf l\u1ee1 c\u01a1 h\u1ed9i th\u01b0\u1edfng th\u1ee9c nh\u1eefng show di\u1ec5n tuy\u1ec7t v\u1eddi t\u1ea1i M\u00e2y Lang Thang Thanh H\u00f3a b\u1ea1n nha !<\/span><\/span><\/p>\n<p><img loading=\"lazy\" decoding=\"async\" class=\"size-full wp-image-4607 aligncenter\" src=\"https:\/\/liveshowdalat.vn\/wp-content\/uploads\/2024\/06\/Lich-dien-May-Lang-Thang-thang-8-9-.jpg\" alt=\"L\u1ecbch di\u1ec5n M\u00e2y Lang Thang th\u00e1ng 8 - 9\" width=\"1638\" height=\"1638\" srcset=\"https:\/\/liveshowdalat.vn\/wp-content\/uploads\/2024\/06\/Lich-dien-May-Lang-Thang-thang-8-9-.jpg 1638w, https:\/\/liveshowdalat.vn\/wp-content\/uploads\/2024\/06\/Lich-dien-May-Lang-Thang-thang-8-9--300x300.jpg 300w, https:\/\/liveshowdalat.vn\/wp-content\/uploads\/2024\/06\/Lich-dien-May-Lang-Thang-thang-8-9--1024x1024.jpg 1024w, https:\/\/liveshowdalat.vn\/wp-content\/uploads\/2024\/06\/Lich-dien-May-Lang-Thang-thang-8-9--150x150.jpg 150w, https:\/\/liveshowdalat.vn\/wp-content\/uploads\/2024\/06\/Lich-dien-May-Lang-Thang-thang-8-9--768x768.jpg 768w, https:\/\/liveshowdalat.vn\/wp-content\/uploads\/2024\/06\/Lich-dien-May-Lang-Thang-thang-8-9--1536x1536.jpg 1536w, https:\/\/liveshowdalat.vn\/wp-content\/uploads\/2024\/06\/Lich-dien-May-Lang-Thang-thang-8-9--600x600.jpg 600w, https:\/\/liveshowdalat.vn\/wp-content\/uploads\/2024\/06\/Lich-dien-May-Lang-Thang-thang-8-9--100x100.jpg 100w\" sizes=\"(max-width: 1638px) 100vw, 1638px\" \/><\/p>\n<p><span style=\"font-size: 18pt;\"><strong><span style=\"font-family: 'book antiqua', palatino, serif;\"><span style=\"font-family: arial, helvetica, sans-serif; color: #003300;\"><span style=\"font-family: arial, helvetica, sans-serif;\">\u2665 <\/span>M\u00c2Y LANG THANG THANH H\u00d3A<\/span><\/span><\/strong><\/span><\/p>\n<p><span style=\"font-size: 14pt;\"><strong><span style=\"font-family: 'book antiqua', palatino, serif;\"><span style=\"font-family: arial, helvetica, sans-serif; color: #003300;\"><span style=\"color: #000000;\">\u2022 LA MONTE \u2013 <\/span><\/span><\/span><\/strong><span style=\"font-family: 'book antiqua', palatino, serif;\"><span style=\"font-family: arial, helvetica, sans-serif; color: #003300;\"><span style=\"color: #000000;\">80 \u0110\u01b0\u1eddng B\u00e0 Tri\u1ec7u, Ph\u01b0\u1eddng Tr\u01b0\u1eddng Thi, TP. Thanh H\u00f3a, T\u1ec9nh Thanh H\u00f3a.<\/span><\/span><\/span><\/span><\/p>\n<p><span style=\"font-size: 14pt;\"><strong><span style=\"font-family: 'book antiqua', palatino, serif;\"><span style=\"font-family: arial, helvetica, sans-serif; color: #003300;\"><span style=\"color: #000000;\">\u2022 <\/span><\/span><\/span><span style=\"color: #000000;\">TRUNG T\u00c2M H\u1ed8I NGH\u1eca TH\u00c0NH PH\u1ed0 THANH H\u00d3A \u2013<\/span> <\/strong><span style=\"color: #000000;\">\u0110\u1ea1i L\u1ed9 Nguy\u1ec5n Ho\u00e0ng, Ph\u01b0\u1eddng \u0110\u00f4ng H\u1ea3i, TP. Thanh H\u00f3a.<\/span><\/span><\/p>\n<hr \/>\n<p><span style=\"color: #000000;\"><strong><span style=\"font-size: 14pt;\">\u2013 25.08: L\u00ca HI\u1ebeU \u2013 L\u00c2N NH\u00c3<\/span><\/strong><\/span><\/p>\n<p><a href=\"https:\/\/maylangthangshow.com\/le-hieu-lan-nha-thanh-hoa-25-08.html\" rel=\"noopener\">https:\/\/maylangthangshow.com\/le-hieu-lan-nha-thanh-hoa-25-08.html<\/a><\/p>\n<p><span style=\"color: #000000;\"><strong><span style=\"font-size: 14pt;\">\u2013 14.09: PHAN M\u1ea0NH QU\u1ef2NH<\/span><\/strong><\/span><\/p>\n<p><span style=\"color: #000000;\"><a style=\"color: #000000;\" href=\"https:\/\/maylangthangshow.com\/phan-manh-quynh-thanh-hoa-14-09.html\" rel=\"noopener\">https:\/\/maylangthangshow.com\/phan-manh-quynh-thanh-hoa-14-09.html<\/a><\/span><\/p>\n<p><span style=\"font-size: 18pt; color: #003300;\"><b>Ch\u00ednh s\u00e1ch tr\u1ebb em b\u00ean M\u00e2y Lang Thang:<\/b><b><br \/>\n<\/b><\/span><span style=\"font-size: 14pt;\">\u2013 B\u00e9 d\u01b0\u1edbi 1m2 gi\u1ea3m 30% ( c\u00f3 gh\u1ebf ri\u00eang ), ho\u00e0n ti\u1ec1n tr\u1ef1c ti\u1ebfp t\u1ea1i show<\/span><br \/>\n<span style=\"font-size: 14pt;\">\u2013 Tr\u00ean 1m2 v\u1eabn t\u00ednh v\u00e9 nh\u01b0 ng\u01b0\u1eddi l\u1edbn.<\/span><\/p>\n<p><span style=\"font-size: 14pt;\">***<\/span><br \/>\n<span style=\"font-size: 14pt;\">\u2013 Qu\u00fd kh\u00e1ch l\u01b0u \u00fd \u0111\u1ecba \u0111i\u1ec3m t\u1ed5 ch\u1ee9c \u0111\u1ec3 s\u1eafp x\u1ebfp th\u1eddi gian v\u00e0 ph\u01b0\u01a1ng ti\u1ec7n di chuy\u1ec3n ph\u00f9 h\u1ee3p.<\/span><\/p>\n<p><img loading=\"lazy\" decoding=\"async\" class=\"size-full wp-image-4588 aligncenter\" src=\"https:\/\/liveshowdalat.vn\/wp-content\/uploads\/2024\/06\/LA-MONTE-THANH-HOA.jpg\" alt=\"LA MONTE THANH H\u00d3A\" width=\"2048\" height=\"1462\" srcset=\"https:\/\/liveshowdalat.vn\/wp-content\/uploads\/2024\/06\/LA-MONTE-THANH-HOA.jpg 2048w, https:\/\/liveshowdalat.vn\/wp-content\/uploads\/2024\/06\/LA-MONTE-THANH-HOA-300x214.jpg 300w, https:\/\/liveshowdalat.vn\/wp-content\/uploads\/2024\/06\/LA-MONTE-THANH-HOA-1024x731.jpg 1024w, https:\/\/liveshowdalat.vn\/wp-content\/uploads\/2024\/06\/LA-MONTE-THANH-HOA-768x548.jpg 768w, https:\/\/liveshowdalat.vn\/wp-content\/uploads\/2024\/06\/LA-MONTE-THANH-HOA-1536x1097.jpg 1536w, https:\/\/liveshowdalat.vn\/wp-content\/uploads\/2024\/06\/LA-MONTE-THANH-HOA-600x428.jpg 600w\" sizes=\"(max-width: 2048px) 100vw, 2048px\" \/><\/p>\n<p><span style=\"font-size: 18pt; color: #003300;\"><b>L\u01afU \u00dd<\/b><\/span><\/p>\n<p><span style=\"font-size: 14pt;\">\u2013 BTC kh\u00f4ng h\u1ed7 tr\u1ee3 ho\u00e0n v\u00e9 d\u01b0\u1edbi m\u1ecdi h\u00ecnh th\u1ee9c<\/span><\/p>\n<p><span style=\"font-size: 14pt;\">\u2013 Vui l\u00f2ng kh\u00f4ng mang \u0111\u1ed3 \u0103n n\u01b0\u1edbc u\u1ed1ng b\u00ean ngo\u00e0i v\u00e0o khu v\u1ef1c bi\u1ec3u di\u1ec5n<\/span><\/p>\n<p><span style=\"font-size: 14pt;\">\u2013 Tr\u01b0\u1eddng h\u1ee3p h\u1ee7y v\u00e9 v\u00e0 b\u1ea3o l\u01b0u v\u00e9 c\u1ea7n th\u00f4ng b\u00e1o t\u1edbi BTC tr\u01b0\u1edbc 24 gi\u1edd, sau kho\u1ea3ng th\u1eddi gian tr\u00ean s\u1ebd kh\u00f4ng \u0111\u01b0\u1ee3c h\u1ed7 tr\u1ee3<\/span><\/p>\n<p><span style=\"font-size: 18pt; color: #003300;\"><b><i>B\u1ea1n l\u01b0u \u00fd th\u00f4ng tin b\u1ea3o l\u01b0u sau:<\/i><\/b><\/span><\/p>\n<p><span style=\"font-size: 14pt;\">\u2013 Th\u1eddi h\u1ea1n b\u1ea3o l\u01b0u l\u00e0 trong v\u00f2ng m\u1ed9t n\u0103m t\u00ednh theo ng\u00e0y x\u00e1c nh\u1eadn b\u1ea3o l\u01b0u.<\/span><\/p>\n<p><span style=\"font-size: 14pt;\">\u2013 B\u1ea3o l\u01b0u ch\u1ec9 c\u00f3 hi\u1ec7u l\u1ef1c c\u00f9ng khu v\u1ef1c \u0111\u00e3 \u0111\u1eb7t<\/span><\/p>\n<p><span style=\"font-size: 14pt;\">\u2013 M\u00e2y ch\u1ec9 h\u1ed7 tr\u1ee3 b\u1ea3o l\u01b0u c\u00f9ng h\u1ea1ng gi\u00e1, v\u1edbi gi\u00e1 v\u00e9 cao h\u01a1n (vui l\u00f2ng b\u00f9 ph\u1ea7n ch\u00eanh l\u1ec7ch gi\u00fap M\u00e2y).<\/span><\/p>\n<p><span style=\"font-size: 14pt;\">\u2013\u00a0 Trong tr\u01b0\u1eddng h\u1ee3p h\u1ea1ng v\u00e9 th\u1ea5p s\u1ed1 ti\u1ec1n \u0111\u00e3 b\u1ea3o l\u01b0u, M\u00e2y kh\u00f4ng h\u1ed7 tr\u1ee3 ho\u00e0n ti\u1ec1n.<\/span><\/p>\n<p><img loading=\"lazy\" decoding=\"async\" class=\"size-full wp-image-4588 aligncenter\" src=\"https:\/\/liveshowdalat.vn\/wp-content\/uploads\/2024\/06\/LA-MONTE-THANH-HOA.jpg\" alt=\"LA MONTE THANH H\u00d3A\" width=\"2048\" height=\"1462\" srcset=\"https:\/\/liveshowdalat.vn\/wp-content\/uploads\/2024\/06\/LA-MONTE-THANH-HOA.jpg 2048w, https:\/\/liveshowdalat.vn\/wp-content\/uploads\/2024\/06\/LA-MONTE-THANH-HOA-300x214.jpg 300w, https:\/\/liveshowdalat.vn\/wp-content\/uploads\/2024\/06\/LA-MONTE-THANH-HOA-1024x731.jpg 1024w, https:\/\/liveshowdalat.vn\/wp-content\/uploads\/2024\/06\/LA-MONTE-THANH-HOA-768x548.jpg 768w, https:\/\/liveshowdalat.vn\/wp-content\/uploads\/2024\/06\/LA-MONTE-THANH-HOA-1536x1097.jpg 1536w, https:\/\/liveshowdalat.vn\/wp-content\/uploads\/2024\/06\/LA-MONTE-THANH-HOA-600x428.jpg 600w\" sizes=\"(max-width: 2048px) 100vw, 2048px\" \/><\/p>\n<h2 id=\"lien-he-book-ve\"><span style=\"color: #003300;\"><b>Li\u00ean H\u1ec7 Book V\u00e9\u00a0<\/b><\/span><\/h2>\n<p><span style=\"font-family: arial, helvetica, sans-serif;\"><span style=\"font-size: 14pt; color: #000000;\"><b>Hotline\/Zalo:\u00a0<\/b><\/span><strong><span style=\"font-size: 14pt;\">0988 249 297<\/span><\/strong><\/span><\/p>\n<p><span style=\"font-size: 14pt;\">Fanpage booking:\u00a0<a href=\"https:\/\/www.facebook.com\/liveshowdalat\/\" target=\"_blank\" rel=\"noopener\">M\u00e2y Lang Thang<\/a><\/span><\/p>\n<p><span style=\"font-size: 14pt;\">Xem th\u00eam b\u00e0i vi\u1ebft kh\u00e1c t\u1ea1i:\u00a0<a href=\"https:\/\/maylangthangshow.com\/\" rel=\"noopener\">Cloud Wandered Show\u00a0<\/a><\/span><\/p>","protected":false},"excerpt":{"rendered":"<p>Danh m\u1ee5c ch\u00ednh L\u1ecaCH DI\u1ec4N M\u00c2Y LANG THANG THANH H\u00d3A TH\u00c1NG 8\/2024 Li\u00ean H\u1ec7 Book V\u00e9\u00a0 L\u1ecaCH DI\u1ec4N M\u00c2Y LANG THANG THANH H\u00d3A TH\u00c1NG 8\/2024 L\u1ecaCH DI\u1ec4N TR\u00caN M\u00c2Y LANG THANG THANH H\u00d3A TH\u00c1NG 8 M\u00f9a h\u00e8 \u0111\u00e3 r\u1ed9n r\u00e0ng tr\u00ean m\u1ecdi show di\u1ec5n c\u1ee7a M\u00e2y Lang Thang v\u00e0o th\u00e1ng 8 n\u00e0y. B\u1ea1n c\u00f3 t\u00f2 [&hellip;]<\/p>","protected":false},"featured_media":4607,"comment_status":"open","ping_status":"closed","template":"","meta":[],"product_cat":[2420,2427,31],"product_tag":[75],"_links":{"self":[{"href":"https:\/\/liveshowdalat.vn\/en\/wp-json\/wp\/v2\/product\/4610"}],"collection":[{"href":"https:\/\/liveshowdalat.vn\/en\/wp-json\/wp\/v2\/product"}],"about":[{"href":"https:\/\/liveshowdalat.vn\/en\/wp-json\/wp\/v2\/types\/product"}],"replies":[{"embeddable":true,"href":"https:\/\/liveshowdalat.vn\/en\/wp-json\/wp\/v2\/comments?post=4610"}],"wp:featuredmedia":[{"embeddable":true,"href":"https:\/\/liveshowdalat.vn\/en\/wp-json\/wp\/v2\/media\/4607"}],"wp:attachment":[{"href":"https:\/\/liveshowdalat.vn\/en\/wp-json\/wp\/v2\/media?parent=4610"}],"wp:term":[{"taxonomy":"product_cat","embeddable":true,"href":"https:\/\/liveshowdalat.vn\/en\/wp-json\/wp\/v2\/product_cat?post=4610"},{"taxonomy":"product_tag","embeddable":true,"href":"https:\/\/liveshowdalat.vn\/en\/wp-json\/wp\/v2\/product_tag?post=4610"}],"curies":[{"name":"wp","href":"https:\/\/api.w.org\/{rel}","templated":true}]}}