{"id":45867,"date":"2025-02-26T18:54:18","date_gmt":"2025-02-26T11:54:18","guid":{"rendered":"https:\/\/liveshowdalat.vn\/?post_type=product&#038;p=45867"},"modified":"2025-03-23T10:48:26","modified_gmt":"2025-03-23T03:48:26","slug":"may-lang-thang-tong-hop-lich-dien-may-lang-thang-thang-04-2025","status":"publish","type":"product","link":"https:\/\/liveshowdalat.vn\/en\/may-lang-thang-tong-hop-lich-dien-may-lang-thang-thang-04-2025.html","title":{"rendered":"[T\u1ed4NG H\u1ee2P] L\u1ecaCH DI\u1ec4N M\u00c2Y LANG THANG TH\u00c1NG 04\/2025"},"content":{"rendered":"<nav class=\"vietrick-auto-toc\">\n<div class=\"box-title\">\n<h3 class=\"toc-title\" id=\"select-menu\">Danh m\u1ee5c ch\u00ednh<\/h3>\n<div><ion-icon name=\"chevron-up-outline\"><\/ion-icon><\/div>\n<\/div>\n<ul class=\"toc-list\">\n<li><a href='https:\/\/liveshowdalat.vn\/en#lich-dien-may-lang-thang-thang-04-2025' class='heading-h2 toc-link smooth-scroll'>L\u1ecaCH DI\u1ec4N M\u00c2Y LANG THANG TH\u00c1NG 04\/2025<\/a>\n<li><a href='https:\/\/liveshowdalat.vn\/en#lien-he-book-ve' class='heading-h2 toc-link smooth-scroll'>Li\u00ean H\u1ec7 Book V\u00e9\u00a0<\/a><\/ul>\n<\/ul>\n<\/li>\n<\/ul>\n<\/nav>\n<h2 style=\"text-align: center\" id=\"lich-dien-may-lang-thang-thang-04-2025\"><span style=\"color: #003300\"><strong><span style=\"font-size: 24pt\">L\u1ecaCH DI\u1ec4N M\u00c2Y LANG THANG TH\u00c1NG 04\/2025<\/span><\/strong><\/span><\/h2>\n<p style=\"text-align: center\"><span style=\"color: #333399\"><strong>[UPDATE LI\u00caN T\u1ee4C]<\/strong><\/span><\/p>\n<p><span style=\"font-size: 18pt;color: #000080\"><b>L\u1ecaCH DI\u1ec4N TR\u00caN M\u00c2Y TH\u00c1NG 04\/2025<\/b><\/span><\/p>\n<p><strong><em><span style=\"font-family: 'comic sans ms', sans-serif;font-size: 14pt;color: #333399\"><span style=\"font-family: georgia, palatino, serif\">Cloud Wandered Show <\/span><\/span><\/em><\/strong><em><span style=\"font-family: 'comic sans ms', sans-serif;font-size: 14pt;color: #333399\">&#8211; n\u01a1i<\/span><\/em><em><span style=\"font-family: 'comic sans ms', sans-serif;font-size: 14pt;color: #333399\"> \u00e2m nh\u1ea1c v\u00e0 c\u1ea3m x\u00fac h\u00f2a quy\u1ec7n, n\u01a1i m\u1ecdi kho\u1ea3nh kh\u1eafc h\u00f3a th\u00e0nh ng\u01b0ng \u0111\u1ecdng v\u1edbi th\u1eddi gian trong nh\u1eefng b\u1ea3n t\u00ecnh ca s\u00e2u l\u1eafng.<\/span><\/em><\/p>\n<p data-start=\"172\" data-end=\"304\"><span style=\"font-size: 14pt\">Th\u00e1ng 4 gh\u00e9 th\u0103m, mang theo nh\u1eefng tia n\u1eafng \u1ea5m \u00e1p v\u00e0 b\u1ea7u kh\u00f4ng kh\u00ed r\u1ed9n r\u00e0ng c\u1ee7a nh\u1eefng \u0111\u00eam nh\u1ea1c tr\u00e0n \u0111\u1ea7y c\u1ea3m x\u00fac t\u1ea1i M\u00e2y Lang Thang.<\/span><\/p>\n<p data-start=\"306\" data-end=\"516\"><span style=\"font-size: 14pt\">M\u1ed9t b\u1eefa ti\u1ec7c \u00e2m nh\u1ea1c h\u1ea5p d\u1eabn, th\u00fa v\u1ecb v\u00e0 \u0111\u00e1ng mong ch\u1edd \u0111ang \u0111\u1ee3i b\u1ea1n trong <em><strong>L\u1ecbch di\u1ec5n M\u00e2y Lang Thang th\u00e1ng 4\/202<\/strong><strong>5<\/strong>!<\/em> B\u1ea1n \u0111\u00e3 s\u1eb5n s\u00e0ng \u0111\u1ec3 \u0111\u00f3n nh\u1eadn nh\u1eefng thanh \u00e2m ch\u1ea1m \u0111\u1ebfn tr\u00e1i tim v\u00e0 th\u0103ng hoa c\u00f9ng M\u00e2y ch\u01b0a?<\/span><\/p>\n<p data-start=\"518\" data-end=\"907\"><span style=\"font-size: 14pt\">\u0110\u1eb7c bi\u1ec7t, th\u00e1ng n\u00e0y, M\u00e2y kh\u00f4ng ch\u1ec9 ch\u00e0o \u0111\u00f3n nh\u1eefng gi\u1ecdng ca th\u00e2n thu\u1ed9c nh\u01b0 H\u00e0 Nhi, Ph\u01b0\u01a1ng Linh, V\u0169 C\u00e1t T\u01b0\u1eddng, T\u0103ng Ph\u00fac, Trung Qu\u00e2n, L\u00e2n Nh\u00e3,&#8230; m\u00e0 c\u00f2n c\u00f3 s\u1ef1 g\u00f3p m\u1eb7t c\u1ee7a nh\u1eefng c\u00e1i t\u00ean m\u1edbi t\u1ea1i M\u00e2y nh\u01b0 Jun Ph\u1ea1m, B\u00f9i Anh Tu\u1ea5n.<\/span><\/p>\n<p data-start=\"518\" data-end=\"907\"><span style=\"font-size: 14pt\">T\u1ea5t c\u1ea3 h\u1ee9a h\u1eb9n s\u1ebd mang \u0111\u1ebfn nh\u1eefng l\u00e0n gi\u00f3 m\u1edbi trong c\u1ea3m x\u00fac, h\u00f2a quy\u1ec7n c\u00f9ng nh\u1eefng thanh \u00e2m ho\u00e0i ni\u1ec7m, t\u1ea1o n\u00ean nh\u1eefng kho\u1ea3nh kh\u1eafc \u0111\u00e1ng nh\u1edb m\u00e0 b\u1ea1n kh\u00f4ng th\u1ec3 b\u1ecf l\u1ee1.<\/span><\/p>\n<p data-start=\"909\" data-end=\"1064\"><span style=\"font-size: 14pt\">M\u1ed9t h\u00e0nh tr\u00ecnh c\u1ea3m x\u00fac \u0111\u1ea7y th\u0103ng hoa \u0111ang ch\u1edd \u0111\u00f3n b\u1ea1n \u2013 h\u00e3y \u0111\u1ebfn v\u1edbi M\u00e2y Lang Thang \u0111\u1ec3 t\u1eadn h\u01b0\u1edfng nh\u1eefng kho\u1ea3nh kh\u1eafc b\u00f9ng n\u1ed5 v\u00e0 th\u1ea3 h\u1ed3n v\u00e0o \u00e2m nh\u1ea1c nh\u00e9!<\/span><\/p>\n<p data-start=\"909\" data-end=\"1064\"><span style=\"font-size: 14pt\">N\u00e0o h\u00e3y nhanh tay check <em><strong>L\u1ecbch di\u1ec5n M\u00e2y Lang Thang th\u00e1ng 4\/2025<\/strong><\/em> c\u00f9ng ch\u00fang m\u00ecnh!<\/span><\/p>\n<p><a href=\"https:\/\/liveshowdalat.vn\/wp-content\/uploads\/2025\/02\/Lich-dien-May-Lang-Thang-thang-32025.jpg\"><img loading=\"lazy\" decoding=\"async\" class=\"alignnone size-full wp-image-45832\" src=\"https:\/\/liveshowdalat.vn\/wp-content\/uploads\/2025\/02\/Lich-dien-May-Lang-Thang-thang-32025.jpg\" alt=\"Lich dien May Lang Thang thang 3 2025\" width=\"2457\" height=\"2457\" srcset=\"https:\/\/liveshowdalat.vn\/wp-content\/uploads\/2025\/02\/Lich-dien-May-Lang-Thang-thang-32025.jpg 2457w, https:\/\/liveshowdalat.vn\/wp-content\/uploads\/2025\/02\/Lich-dien-May-Lang-Thang-thang-32025-1024x1024.jpg 1024w, https:\/\/liveshowdalat.vn\/wp-content\/uploads\/2025\/02\/Lich-dien-May-Lang-Thang-thang-32025-768x768.jpg 768w, https:\/\/liveshowdalat.vn\/wp-content\/uploads\/2025\/02\/Lich-dien-May-Lang-Thang-thang-32025-1536x1536.jpg 1536w, https:\/\/liveshowdalat.vn\/wp-content\/uploads\/2025\/02\/Lich-dien-May-Lang-Thang-thang-32025-2048x2048.jpg 2048w, https:\/\/liveshowdalat.vn\/wp-content\/uploads\/2025\/02\/Lich-dien-May-Lang-Thang-thang-32025-300x300.jpg 300w, https:\/\/liveshowdalat.vn\/wp-content\/uploads\/2025\/02\/Lich-dien-May-Lang-Thang-thang-32025-600x600.jpg 600w, https:\/\/liveshowdalat.vn\/wp-content\/uploads\/2025\/02\/Lich-dien-May-Lang-Thang-thang-32025-100x100.jpg 100w\" sizes=\"(max-width: 2457px) 100vw, 2457px\" \/><\/a><\/p>\n<p><strong><span style=\"font-family: 'book antiqua', palatino, serif;font-size: 14pt\"><span style=\"font-family: arial, helvetica, sans-serif;color: #003300\"><span style=\"font-size: 18pt\"><span style=\"font-family: arial, helvetica, sans-serif\">\u2665 <\/span>M\u00c2Y LANG THANG \u0110\u00c0 L\u1ea0T<\/span><\/span><\/span><\/strong><\/p>\n<p><span style=\"font-size: 14pt\">&#8211; <strong>S\u00e2n kh\u1ea5u Chi\u1ec1u nh\u1ea1c tr\u00ean M\u00e2y<\/strong> &#8211; M\u00e2y in The Nest, 519 Th\u00f4n M\u0103ng Linh, Ph\u01b0\u1eddng 7, TP. \u0110\u00e0 L\u1ea1t \u0399 Show Time 17:00 &#8211; 19:00<\/span><\/p>\n<p><span style=\"font-size: 14pt\">&#8211; <strong>S\u00e2n kh\u1ea5u \u0110\u00eam nh\u1ea1c tr\u00ean M\u00e2y<\/strong> &#8211; Thung L\u0169ng M\u00e2y, S\u1ed1 4, Tr\u1ea7n Quang Di\u1ec7u, Ph\u01b0\u1eddng 10, TP. \u0110\u00e0 L\u1ea1t | Show Time 19:30 &#8211; 21:30<\/span><\/p>\n<hr \/>\n<p><strong><span style=\"font-size: 14pt\"><span style=\"color: #000000\">\u2013 05.04 V\u0168 C\u00c1T T\u01af\u1edcNG &#8211; \u0110\u00c0 L\u1ea0T\u00a0<\/span><\/span><\/strong><\/p>\n<p><em><a href=\"https:\/\/liveshowdalat.vn\/en\/may-lang-thang-vu-cat-tuong-da-lat-05-04.html\/\" target=\"_blank\" rel=\"noopener\">https:\/\/liveshowdalat.vn\/may-lang-thang-vu-cat-tuong-da-lat-05-04.html<\/a><\/em><\/p>\n<p><strong><span style=\"font-size: 14pt\"><span style=\"color: #000000\">\u2013 06.04 JUN PH\u1ea0M \u2013 \u0110\u00c0 L\u1ea0T\u00a0<\/span><\/span><\/strong><\/p>\n<p><em><a href=\"https:\/\/liveshowdalat.vn\/en\/may-lang-thang-jun-pham-da-lat-06-04.html\/\" target=\"_blank\" rel=\"noopener\">https:\/\/liveshowdalat.vn\/may-lang-thang-jun-pham-da-lat-06-04.html<\/a><\/em><\/p>\n<p><strong><span style=\"font-size: 14pt\"><span style=\"color: #000000\">\u2013 11.04 PH\u01af\u01a0NG LINH \u2013 \u0110\u00c0 L\u1ea0T\u00a0<\/span><\/span><\/strong><\/p>\n<p><em><a href=\"https:\/\/liveshowdalat.vn\/en\/may-lang-thang-phuong-linh-da-lat-11-04.html\/\" target=\"_blank\" rel=\"noopener\">https:\/\/liveshowdalat.vn\/may-lang-thang-phuong-linh-da-lat-11-04.html<\/a><\/em><\/p>\n<p><strong><span style=\"font-size: 14pt\"><span style=\"color: #000000\">\u2013 12.04 H\u00c0 NHI \u2013 \u0110\u00c0 L\u1ea0T\u00a0<\/span><\/span><\/strong><\/p>\n<p><em><a href=\"https:\/\/liveshowdalat.vn\/en\/may-lang-thang-ha-nhi-da-lat-12-04.html\/\" target=\"_blank\" rel=\"noopener\">https:\/\/liveshowdalat.vn\/may-lang-thang-ha-nhi-da-lat-12-04.html<\/a><\/em><\/p>\n<p><strong><span style=\"font-size: 14pt\"><span style=\"color: #000000\">\u2013 18.04 TH\u00d9Y CHI \u2013 NG\u1eccC LINH \u2013 \u0110\u00c0 L\u1ea0T\u00a0<\/span><\/span><\/strong><\/p>\n<p><em><a href=\"https:\/\/liveshowdalat.vn\/en\/may-lang-thang-thuy-chi-ngoc-linh-da-lat-18-04.html\/\" target=\"_blank\" rel=\"noopener\">https:\/\/liveshowdalat.vn\/may-lang-thang-thuy-chi-ngoc-linh-da-lat-18-04.html<\/a><\/em><\/p>\n<p><strong><span style=\"font-size: 14pt\"><span style=\"color: #000000\">\u2013 19.04 UY\u00caN LINH \u2013 \u0110\u00c0 L\u1ea0T\u00a0<\/span><\/span><\/strong><\/p>\n<p><em><a href=\"https:\/\/liveshowdalat.vn\/en\/may-lang-thang-uyen-linh-da-lat-19-04.html\/\" target=\"_blank\" rel=\"noopener\">https:\/\/liveshowdalat.vn\/may-lang-thang-uyen-linh-da-lat-19-04.html<\/a><\/em><\/p>\n<p><strong><span style=\"font-size: 14pt\"><span style=\"color: #000000\">\u2013 25.04 B\u00d9I LAN H\u01af\u01a0NG \u2013 \u0110\u00c0 L\u1ea0T\u00a0<\/span><\/span><\/strong><\/p>\n<p><em><a href=\"https:\/\/liveshowdalat.vn\/en\/may-lang-thang-bui-lan-huong-da-lat-25-04.html\/\" target=\"_blank\" rel=\"noopener\">https:\/\/liveshowdalat.vn\/may-lang-thang-bui-lan-huong-da-lat-25-04.html<\/a><\/em><\/p>\n<p><strong><span style=\"font-size: 14pt\"><span style=\"color: #000000\">\u2013 26.04 PH\u1ea0M KH\u00c1NH H\u01afNG \u2013 T\u0102NG PH\u00daC\u00a0<\/span><\/span><\/strong><\/p>\n<p><em><a href=\"https:\/\/liveshowdalat.vn\/en\/may-lang-thang-pham-khanh-hung-tang-phuc-26-04.html\/\" target=\"_blank\" rel=\"noopener\">https:\/\/liveshowdalat.vn\/may-lang-thang-pham-khanh-hung-tang-phuc-26-04.html<\/a><\/em><\/p>\n<p><strong><span style=\"font-size: 14pt\"><span style=\"color: #000000\">\u2013 30.04 TRUNG QU\u00c2N \u2013 B\u00d9I ANH TU\u1ea4N\u00a0<\/span><\/span><\/strong><\/p>\n<p><em><a href=\"https:\/\/liveshowdalat.vn\/en\/may-lang-thang-trung-quan-bui-anh-tuan-30-04.html\/\" target=\"_blank\" rel=\"noopener\">https:\/\/liveshowdalat.vn\/may-lang-thang-trung-quan-bui-anh-tuan-30-04.html<\/a><\/em><\/p>\n<p><span style=\"font-size: 18pt\"><strong><span style=\"font-family: 'book antiqua', palatino, serif\"><span style=\"font-family: arial, helvetica, sans-serif;color: #003300\"><span style=\"font-family: arial, helvetica, sans-serif\">\u2665 <\/span>M\u00c2Y LANG THANG \u0110\u00c0 N\u1eb4NG<span style=\"color: #000000\"> \u0399 <em><span style=\"font-size: 18pt;color: #333333\">VERANDA \u0110\u00c0 N\u1eb4NG &#8211; B\u1edd T\u00e2y C\u1ea7u Tr\u1ea7n Th\u1ecb L\u00fd (\u0111\u01b0\u1eddng B\u1ea1ch \u0110\u1eb1ng n\u1ed1i d\u00e0i), Ho\u00e0n C\u01b0\u1eddng B\u1eafc, Qu\u1eadn H\u1ea3i Ch\u00e2u, TP. \u0110\u00e0 N\u1eb5ng.<\/span><\/em><\/span><\/span><\/span><\/strong><\/span><\/p>\n<hr \/>\n<p><strong><span style=\"font-size: 14pt\"><span style=\"color: #000000\">\u2013 06.04 V\u0168 C\u00c1T T\u01af\u1edcNG \u2013 \u0110\u00c0 N\u1eb4NG\u00a0<\/span><\/span><\/strong><\/p>\n<p><em><a href=\"https:\/\/liveshowdalat.vn\/en\/may-lang-thang-vu-cat-tuong-da-nang-06-04.html\/\" target=\"_blank\" rel=\"noopener\">https:\/\/liveshowdalat.vn\/may-lang-thang-vu-cat-tuong-da-nang-06-04.html<\/a><\/em><\/p>\n<p><strong><span style=\"font-size: 14pt\"><span style=\"color: #000000\">\u2013 <\/span><\/span><\/strong><strong><span style=\"font-size: 14pt\"><span style=\"color: #000000\">12.04 JUN PH\u1ea0M \u2013 \u0110\u00c0 N\u1eb4NG\u00a0<\/span><\/span><\/strong><\/p>\n<p><em><a href=\"https:\/\/liveshowdalat.vn\/en\/may-lang-thang-jun-pham-da-nang-12-04.html\/\" target=\"_blank\" rel=\"noopener\">https:\/\/liveshowdalat.vn\/may-lang-thang-jun-pham-da-nang-12-04.html<\/a><\/em><\/p>\n<p><strong><span style=\"font-size: 14pt\"><span style=\"color: #000000\">\u2013 18.04 B\u00d9I ANH TU\u1ea4N \u2013 \u0110\u00c0 N\u1eb4NG\u00a0<\/span><\/span><\/strong><\/p>\n<p><em><a href=\"https:\/\/liveshowdalat.vn\/en\/may-lang-thang-bui-anh-tuan-da-nang-18-04.html\/\" target=\"_blank\" rel=\"noopener\">https:\/\/liveshowdalat.vn\/may-lang-thang-bui-anh-tuan-da-nang-18-04.html<\/a><\/em><\/p>\n<p><strong><span style=\"font-size: 14pt\"><span style=\"color: #000000\">\u2013 01.05 PH\u01af\u01a0NG LINH \u2013 \u0110\u00c0 N\u1eb4NG\u00a0<\/span><\/span><\/strong><\/p>\n<p><em><a href=\"https:\/\/liveshowdalat.vn\/en\/may-lang-thang-phuong-linh-da-nang-01-05.html\/\" target=\"_blank\" rel=\"noopener\">https:\/\/liveshowdalat.vn\/may-lang-thang-phuong-linh-da-nang-01-05.html<\/a><\/em><\/p>\n<p><span style=\"font-size: 18pt\"><strong><span style=\"font-family: 'book antiqua', palatino, serif\"><span style=\"font-family: arial, helvetica, sans-serif;color: #003300\"><span style=\"font-family: arial, helvetica, sans-serif\">\u2665 <\/span>M\u00c2Y LANG THANG HU\u1ebe <span style=\"color: #000000\">\u0399 <span style=\"color: #333333\"><em><span style=\"font-size: 18pt\">NH\u00c0 H\u00c1T S\u00d4NG H\u01af\u01a0NG &#8211; S\u1ed1 1 L\u00ea L\u1ee3i, V\u0129nh Ninh, Hu\u1ebf, Th\u1eeba Thi\u00ean Hu\u1ebf.<\/span><\/em><\/span><\/span><\/span><\/span><\/strong><\/span><\/p>\n<p><strong><span style=\"font-size: 14pt\"><span style=\"color: #000000\">\u2013 05.04 H\u00c0 NHI \u2013 HU\u1ebe\u00a0<\/span><\/span><\/strong><\/p>\n<p><em><a href=\"https:\/\/liveshowdalat.vn\/en\/may-lang-thang-hue-ha-nhi-hue-05-04.html\/\" target=\"_blank\" rel=\"noopener\">https:\/\/liveshowdalat.vn\/may-lang-thang-hue-ha-nhi-hue-05-04.html<\/a><\/em><\/p>\n<p><strong><span style=\"font-size: 14pt\"><span style=\"color: #000000\">\u2013\u00a019.04 L\u00c2N NH\u00c3 \u2013 HU\u1ebe\u00a0<\/span><\/span><\/strong><\/p>\n<p><em><a href=\"https:\/\/liveshowdalat.vn\/en\/may-lang-thang-lan-nha-hue-19-04.html\/\" target=\"_blank\" rel=\"noopener\">https:\/\/liveshowdalat.vn\/may-lang-thang-lan-nha-hue-19-04.html<\/a><\/em><\/p>\n<p><span style=\"font-size: 18pt\"><strong><span style=\"font-family: 'book antiqua', palatino, serif\"><span style=\"font-family: arial, helvetica, sans-serif;color: #003300\"><span style=\"font-family: arial, helvetica, sans-serif\">\u2665 <\/span>M\u00c2Y LANG THANG H\u00c0 N\u1ed8I <span style=\"color: #000000\">\u0399 <\/span><\/span><\/span><span style=\"color: #333333\"><em>SOL 8 &#8211; LIVE STAGE (S\u1ed1 8, Ph\u1ed1 Nguy\u1ec5n C\u00f4ng Hoan, Gi\u1ea3ng V\u00f5, Ba \u0110\u00ecnh, H\u00e0 N\u1ed9i).<\/em><\/span><\/strong><\/span><\/p>\n<hr \/>\n<p><strong><span style=\"font-size: 14pt\"><span style=\"color: #000000\">\u2013 04.04 JUN PH\u1ea0M \u2013 H\u00c0 N\u1ed8I\u00a0<\/span><\/span><\/strong><\/p>\n<p><em><a href=\"https:\/\/liveshowdalat.vn\/en\/may-lang-thang-jun-pham-ha-noi-04-04.html\/\" target=\"_blank\" rel=\"noopener\">https:\/\/liveshowdalat.vn\/may-lang-thang-jun-pham-ha-noi-04-04.html<\/a><\/em><\/p>\n<p><strong><span style=\"font-size: 14pt\"><span style=\"color: #000000\">\u2013 05.04 PH\u01af\u01a0NG LINH \u2013 H\u00c0 N\u1ed8I\u00a0<\/span><\/span><\/strong><\/p>\n<p><em><a href=\"https:\/\/liveshowdalat.vn\/en\/may-lang-thang-ha-noi-phuong-linh-05-04.html\/\" target=\"_blank\" rel=\"noopener\">https:\/\/liveshowdalat.vn\/may-lang-thang-ha-noi-phuong-linh-05<\/a><\/em><em><a href=\"https:\/\/liveshowdalat.vn\/en\/may-lang-thang-ha-noi-phuong-linh-05-04.html\/\" target=\"_blank\" rel=\"noopener\">-04.html<\/a><\/em><\/p>\n<p><strong><span style=\"font-size: 14pt\"><span style=\"color: #000000\">\u2013 L\u00ca HI\u1ebeU \u2013 VICKY NHUNG 12.04<\/span><\/span><\/strong><\/p>\n<p><em><a href=\"https:\/\/liveshowdalat.vn\/en\/may-lang-thang-ha-noi-le-hieu-vicky-nhung-12-04.html\/\" target=\"_blank\" rel=\"noopener\">https:\/\/liveshowdalat.vn\/may-lang-thang-ha-noi-le-hieu-vicky-nhung-12-04.html<\/a><\/em><\/p>\n<p><span style=\"font-size: 18pt\"><strong><span style=\"font-family: 'book antiqua', palatino, serif\"><span style=\"font-family: arial, helvetica, sans-serif;color: #003300\"><span style=\"font-family: arial, helvetica, sans-serif\">\u2665 <\/span>M\u00c2Y LANG THANG VINH <span style=\"color: #000000\">\u0399<span style=\"font-size: 18pt;color: #333333\"> NH\u00c0 V\u0102N H\u00d3A LAO \u0110\u1ed8NG &#8211; S\u1ed1 6 L\u00ea Mao, Th\u00e0nh ph\u1ed1 Vinh, Ngh\u1ec7 An.<\/span><\/span><\/span><\/span><\/strong><\/span><\/p>\n<p><span style=\"font-size: 14pt\"><strong><span style=\"color: #000000\">\u2013 06.04 TRUNG QU\u00c2N \u2013 VINH\u00a0<\/span><\/strong><\/span><\/p>\n<p><em><a href=\"https:\/\/liveshowdalat.vn\/en\/may-lang-thang-trung-quan-vinh-06-04.html\/\" target=\"_blank\" rel=\"noopener\">https:\/\/liveshowdalat.vn\/may-lang-thang-trung-quan-vinh-06-04.html<\/a><\/em><\/p>\n<p><span style=\"font-size: 18pt\"><strong><span style=\"font-family: 'book antiqua', palatino, serif\"><span style=\"font-family: arial, helvetica, sans-serif;color: #003300\"><span style=\"font-family: arial, helvetica, sans-serif\">\u2665 <\/span>M\u00c2Y LANG THANG H\u1ea2I PH\u00d2NG <span style=\"color: #000000\">\u0399 <span style=\"font-size: 18pt\">THE OPERA &#8211; S\u1ed1 18A L\u00ea H\u1ed3ng Phong, Ki\u1ec1u S\u01a1n, Ph\u01b0\u1eddng \u0110\u0103ng L\u00e2m, Qu\u1eadn H\u1ea3i An, H\u1ea3i Ph\u00f2ng.<\/span><\/span><\/span><\/span><\/strong><\/span><\/p>\n<p><span style=\"font-size: 14pt\"><strong><span style=\"color: #000000\">\u2013 05.04 L\u00c2N NH\u00c3 \u2013 H\u1ea2I PH\u00d2NG\u00a0<\/span><\/strong><\/span><\/p>\n<p><em><a href=\"https:\/\/liveshowdalat.vn\/en\/may-lang-thang-lan-nha-hai-phong-05-04.html\/\" target=\"_blank\" rel=\"noopener\">https:\/\/liveshowdalat.vn\/may-lang-thang-lan-nha-hai-phong-05-04.html<\/a><\/em><\/p>\n<p><span style=\"font-size: 14pt\"><span style=\"color: #003300;font-size: 18pt\"><b>Ch\u00ednh s\u00e1ch tr\u1ebb em b\u00ean M\u00e2y Lang Thang:<\/b><b><br \/>\n<\/b><\/span><\/span><span style=\"font-size: 14pt\">\u2013 B\u00e9 d\u01b0\u1edbi 1m: Kh\u00f4ng ph\u1ee5 thu n\u1ebfu ng\u1ed3i chung v\u1edbi ph\u1ee5 huynh trong su\u1ed1t th\u1eddi gian di\u1ec5n ra show.<br \/>\n<\/span><span style=\"font-size: 14pt\">\u2013 B\u00e9 cao t\u1eeb 1m \u0111\u1ebfn d\u01b0\u1edbi 1m2: gi\u1ea3m 30% ( c\u00f3 gh\u1ebf ri\u00eang ), ho\u00e0n ti\u1ec1n tr\u1ef1c ti\u1ebfp t\u1ea1i show.<\/span><br \/>\n<span style=\"font-size: 14pt\">\u2013 Tr\u00ean 1m2 v\u1eabn t\u00ednh v\u00e9 nh\u01b0 ng\u01b0\u1eddi l\u1edbn.<\/span><\/p>\n<p><a href=\"https:\/\/liveshowdalat.vn\/wp-content\/uploads\/2024\/11\/May-In-The-Nest.jpg\"><img loading=\"lazy\" decoding=\"async\" class=\"alignnone size-full wp-image-45230\" src=\"https:\/\/liveshowdalat.vn\/wp-content\/uploads\/2024\/11\/May-In-The-Nest.jpg\" alt=\"M\u00e2y In The Nest - Chi\u1ec1u Nh\u1ea1c Tr\u00ean M\u00e2y\" width=\"2048\" height=\"1380\" srcset=\"https:\/\/liveshowdalat.vn\/wp-content\/uploads\/2024\/11\/May-In-The-Nest.jpg 2048w, https:\/\/liveshowdalat.vn\/wp-content\/uploads\/2024\/11\/May-In-The-Nest-1024x690.jpg 1024w, https:\/\/liveshowdalat.vn\/wp-content\/uploads\/2024\/11\/May-In-The-Nest-768x518.jpg 768w, https:\/\/liveshowdalat.vn\/wp-content\/uploads\/2024\/11\/May-In-The-Nest-1536x1035.jpg 1536w, https:\/\/liveshowdalat.vn\/wp-content\/uploads\/2024\/11\/May-In-The-Nest-600x404.jpg 600w\" sizes=\"(max-width: 2048px) 100vw, 2048px\" \/><\/a><\/p>\n<p><span style=\"font-size: 18pt;color: #003300\"><b>L\u01afU \u00dd<\/b><\/span><\/p>\n<p><span style=\"font-size: 14pt\">\u2013 BTC kh\u00f4ng h\u1ed7 tr\u1ee3 ho\u00e0n v\u00e9 d\u01b0\u1edbi m\u1ecdi h\u00ecnh th\u1ee9c<\/span><\/p>\n<p><span style=\"font-size: 14pt\">\u2013 Vui l\u00f2ng kh\u00f4ng mang \u0111\u1ed3 \u0103n n\u01b0\u1edbc u\u1ed1ng b\u00ean ngo\u00e0i v\u00e0o khu v\u1ef1c bi\u1ec3u di\u1ec5n<\/span><\/p>\n<p><span style=\"font-size: 14pt\">\u2013 Tr\u01b0\u1eddng h\u1ee3p h\u1ee7y v\u00e9 v\u00e0 b\u1ea3o l\u01b0u v\u00e9 c\u1ea7n th\u00f4ng b\u00e1o t\u1edbi BTC tr\u01b0\u1edbc 24 gi\u1edd, sau kho\u1ea3ng th\u1eddi gian tr\u00ean s\u1ebd kh\u00f4ng \u0111\u01b0\u1ee3c h\u1ed7 tr\u1ee3<\/span><\/p>\n<p><span style=\"font-size: 18pt;color: #003300\"><b><i>B\u1ea1n l\u01b0u \u00fd th\u00f4ng tin b\u1ea3o l\u01b0u sau:<\/i><\/b><\/span><\/p>\n<p><span style=\"font-size: 14pt\">\u2013 Th\u1eddi h\u1ea1n b\u1ea3o l\u01b0u l\u00e0 trong v\u00f2ng 6 th\u00e1ng, t\u00ednh theo ng\u00e0y x\u00e1c nh\u1eadn b\u1ea3o l\u01b0u.<\/span><\/p>\n<p><span style=\"font-size: 14pt\">\u2013 M\u00e2y s\u1ebd b\u1ea3o l\u01b0u s\u1ed1 ti\u1ec1n m\u00e0 kh\u00e1ch h\u00e0ng \u0111\u00e3 \u0111\u1eb7t ch\u1ed7.<\/span><\/p>\n<p><span style=\"font-size: 14pt\">\u2013 V\u1ecb tr\u00ed gh\u1ebf c\u1ee7a \u0111\u01a1n h\u00e0ng \u0111\u00e3 b\u1ea3o l\u01b0u, s\u1ebd \u0111\u01b0\u1ee3c m\u1edf b\u00e1n l\u1ea1i tr\u00ean website cho c\u00e1c show di\u1ec5n s\u1eafp t\u1edbi.<\/span><\/p>\n<p><span style=\"font-size: 14pt\">\u2013 Khi h\u1ed7 tr\u1ee3 \u0111\u1eb7t l\u1ea1i ch\u1ed7, v\u1edbi h\u1ea1ng gi\u00e1 cao h\u01a1n, qu\u00fd kh\u00e1ch vui l\u00f2ng b\u00f9 ph\u1ea7n ch\u00eanh l\u1ec7ch c\u00f2n thi\u1ebfu.<\/span><\/p>\n<p><span style=\"font-size: 14pt\">(Trong tr\u01b0\u1eddng h\u1ee3p h\u1ea1ng v\u00e9 th\u1ea5p s\u1ed1 ti\u1ec1n \u0111\u00e3 b\u1ea3o l\u01b0u, M\u00e2y kh\u00f4ng h\u1ed7 tr\u1ee3 ho\u00e0n ti\u1ec1n)<\/span><\/p>\n<p><span style=\"font-size: 14pt\">\u2013 \u00c1p d\u1ee5ng t\u1ea5t c\u1ea3 c\u00e1c chi nh\u00e1nh c\u1ee7a M\u00e2y Lang Thang.<\/span><\/p>\n<p><a href=\"https:\/\/liveshowdalat.vn\/wp-content\/uploads\/2024\/07\/San-Khau-Chieu-Nhac-Tren-May-Da-Lat-1.jpg\"><img loading=\"lazy\" decoding=\"async\" class=\"alignnone size-full wp-image-43216\" src=\"https:\/\/liveshowdalat.vn\/wp-content\/uploads\/2024\/07\/San-Khau-Chieu-Nhac-Tren-May-Da-Lat-1.jpg\" alt=\"M\u00e2y In The Nest - \u0110\u00e0 L\u1ea1t\" width=\"1800\" height=\"1200\" srcset=\"https:\/\/liveshowdalat.vn\/wp-content\/uploads\/2024\/07\/San-Khau-Chieu-Nhac-Tren-May-Da-Lat-1.jpg 1800w, https:\/\/liveshowdalat.vn\/wp-content\/uploads\/2024\/07\/San-Khau-Chieu-Nhac-Tren-May-Da-Lat-1-1024x683.jpg 1024w, https:\/\/liveshowdalat.vn\/wp-content\/uploads\/2024\/07\/San-Khau-Chieu-Nhac-Tren-May-Da-Lat-1-768x512.jpg 768w, https:\/\/liveshowdalat.vn\/wp-content\/uploads\/2024\/07\/San-Khau-Chieu-Nhac-Tren-May-Da-Lat-1-1536x1024.jpg 1536w, https:\/\/liveshowdalat.vn\/wp-content\/uploads\/2024\/07\/San-Khau-Chieu-Nhac-Tren-May-Da-Lat-1-600x400.jpg 600w\" sizes=\"(max-width: 1800px) 100vw, 1800px\" \/><\/a><\/p>\n<p><a href=\"https:\/\/liveshowdalat.vn\/wp-content\/uploads\/2024\/05\/Thung-Lung-May-2.jpg\"><img loading=\"lazy\" decoding=\"async\" class=\"size-full wp-image-4137 alignnone\" src=\"https:\/\/liveshowdalat.vn\/wp-content\/uploads\/2024\/05\/Thung-Lung-May-2.jpg\" alt=\"Thung L\u0169ng M\u00e2y \u0110\u00e0 L\u1ea1t\" width=\"2000\" height=\"1600\" srcset=\"https:\/\/liveshowdalat.vn\/wp-content\/uploads\/2024\/05\/Thung-Lung-May-2.jpg 2000w, https:\/\/liveshowdalat.vn\/wp-content\/uploads\/2024\/05\/Thung-Lung-May-2-300x240.jpg 300w, https:\/\/liveshowdalat.vn\/wp-content\/uploads\/2024\/05\/Thung-Lung-May-2-1024x819.jpg 1024w, https:\/\/liveshowdalat.vn\/wp-content\/uploads\/2024\/05\/Thung-Lung-May-2-768x614.jpg 768w, https:\/\/liveshowdalat.vn\/wp-content\/uploads\/2024\/05\/Thung-Lung-May-2-1536x1229.jpg 1536w, https:\/\/liveshowdalat.vn\/wp-content\/uploads\/2024\/05\/Thung-Lung-May-2-600x480.jpg 600w\" sizes=\"(max-width: 2000px) 100vw, 2000px\" \/><\/a><\/p>\n<p><a href=\"https:\/\/liveshowdalat.vn\/wp-content\/uploads\/2024\/07\/SOL-8-STAGE-Ha-Noi-1.jpg\"><img loading=\"lazy\" decoding=\"async\" class=\"alignnone size-full wp-image-43245\" src=\"https:\/\/liveshowdalat.vn\/wp-content\/uploads\/2024\/07\/SOL-8-STAGE-Ha-Noi-1.jpg\" alt=\"SOL 8 STAGE - H\u00e0 N\u1ed9i\" width=\"1800\" height=\"1200\" srcset=\"https:\/\/liveshowdalat.vn\/wp-content\/uploads\/2024\/07\/SOL-8-STAGE-Ha-Noi-1.jpg 1800w, https:\/\/liveshowdalat.vn\/wp-content\/uploads\/2024\/07\/SOL-8-STAGE-Ha-Noi-1-1024x683.jpg 1024w, https:\/\/liveshowdalat.vn\/wp-content\/uploads\/2024\/07\/SOL-8-STAGE-Ha-Noi-1-768x512.jpg 768w, https:\/\/liveshowdalat.vn\/wp-content\/uploads\/2024\/07\/SOL-8-STAGE-Ha-Noi-1-1536x1024.jpg 1536w, https:\/\/liveshowdalat.vn\/wp-content\/uploads\/2024\/07\/SOL-8-STAGE-Ha-Noi-1-600x400.jpg 600w\" sizes=\"(max-width: 1800px) 100vw, 1800px\" \/><\/a><\/p>\n<h2 id=\"lien-he-book-ve\"><span style=\"color: #003300\"><b>Li\u00ean H\u1ec7 Book V\u00e9\u00a0<\/b><\/span><\/h2>\n<p><em>L\u1ecaCH DI\u1ec4N M\u00c2Y LANG THANG TH\u00c1NG 04\/2025<\/em><\/p>\n<p><span style=\"font-family: arial, helvetica, sans-serif\"><span style=\"font-size: 14pt;color: #000000\"><b>Hotline\/Zalo:\u00a0<\/b><\/span><strong><span style=\"font-size: 14pt\">0988 249 297<\/span><\/strong><\/span><\/p>\n<p><span style=\"font-size: 14pt\">Fanpage booking:\u00a0<a href=\"https:\/\/www.facebook.com\/liveshowdalat\/\" target=\"_blank\" rel=\"noopener\">M\u00e2y Lang Thang<\/a><\/span><\/p>\n<p><span style=\"font-size: 14pt\">Xem th\u00eam b\u00e0i vi\u1ebft kh\u00e1c t\u1ea1i:\u00a0<a href=\"https:\/\/maylangthangshow.com\/\" rel=\"noopener\">Cloud Wandered Show<\/a><\/span><\/p>","protected":false},"excerpt":{"rendered":"<p>L\u1ecbch di\u1ec5n M\u00e2y Lang Thang th\u00e1ng 4\/2025 (T\u1ed5ng h\u1ee3p)<\/p>","protected":false},"featured_media":45832,"comment_status":"open","ping_status":"closed","template":"","meta":[],"product_cat":[2420,31],"product_tag":[2684,3048,2064],"_links":{"self":[{"href":"https:\/\/liveshowdalat.vn\/en\/wp-json\/wp\/v2\/product\/45867"}],"collection":[{"href":"https:\/\/liveshowdalat.vn\/en\/wp-json\/wp\/v2\/product"}],"about":[{"href":"https:\/\/liveshowdalat.vn\/en\/wp-json\/wp\/v2\/types\/product"}],"replies":[{"embeddable":true,"href":"https:\/\/liveshowdalat.vn\/en\/wp-json\/wp\/v2\/comments?post=45867"}],"wp:featuredmedia":[{"embeddable":true,"href":"https:\/\/liveshowdalat.vn\/en\/wp-json\/wp\/v2\/media\/45832"}],"wp:attachment":[{"href":"https:\/\/liveshowdalat.vn\/en\/wp-json\/wp\/v2\/media?parent=45867"}],"wp:term":[{"taxonomy":"product_cat","embeddable":true,"href":"https:\/\/liveshowdalat.vn\/en\/wp-json\/wp\/v2\/product_cat?post=45867"},{"taxonomy":"product_tag","embeddable":true,"href":"https:\/\/liveshowdalat.vn\/en\/wp-json\/wp\/v2\/product_tag?post=45867"}],"curies":[{"name":"wp","href":"https:\/\/api.w.org\/{rel}","templated":true}]}}