{"id":45865,"date":"2025-02-26T18:50:28","date_gmt":"2025-02-26T11:50:28","guid":{"rendered":"https:\/\/liveshowdalat.vn\/?post_type=product&#038;p=45865"},"modified":"2025-03-10T17:23:18","modified_gmt":"2025-03-10T10:23:18","slug":"may-lang-thang-lich-dien-may-lang-thang-da-lat-thang-04-2025","status":"publish","type":"product","link":"https:\/\/liveshowdalat.vn\/en\/may-lang-thang-lich-dien-may-lang-thang-da-lat-thang-04-2025.html","title":{"rendered":"L\u1ecaCH DI\u1ec4N M\u00c2Y LANG THANG \u0110\u00c0 L\u1ea0T TH\u00c1NG 04\/2025"},"content":{"rendered":"<nav class=\"vietrick-auto-toc\">\n<div class=\"box-title\">\n<h3 class=\"toc-title\" id=\"select-menu\">Danh m\u1ee5c ch\u00ednh<\/h3>\n<div><ion-icon name=\"chevron-up-outline\"><\/ion-icon><\/div>\n<\/div>\n<ul class=\"toc-list\">\n<li><a href='https:\/\/liveshowdalat.vn\/en#lich-dien-may-lang-thang-da-lat' class='heading-h2 toc-link smooth-scroll'>L\u1ecaCH DI\u1ec4N M\u00c2Y LANG THANG \u0110\u00c0 L\u1ea0T\u00a0<\/a>\n<li><a href='https:\/\/liveshowdalat.vn\/en#lien-he-book-ve' class='heading-h2 toc-link smooth-scroll'>Li\u00ean H\u1ec7 Book V\u00e9\u00a0<\/a><\/ul>\n<\/ul>\n<\/li>\n<\/ul>\n<\/nav>\n<h2 style=\"text-align: center\" id=\"lich-dien-may-lang-thang-da-lat\"><span style=\"color: #003300\"><strong><span style=\"font-size: 24pt\">L\u1ecaCH DI\u1ec4N M\u00c2Y LANG THANG \u0110\u00c0 L\u1ea0T\u00a0<\/span><\/strong><\/span><\/h2>\n<p style=\"text-align: center\"><strong>[UPDATING&#8230;]<\/strong><\/p>\n<p style=\"text-align: left\"><span style=\"font-size: 18pt;color: #000080\"><b>L\u1ecaCH DI\u1ec4N M\u00c2Y LANG THANG \u0110\u00c0 L\u1ea0T 04\/2025<\/b><\/span><\/p>\n<p style=\"text-align: left\"><strong><em><span style=\"font-family: 'comic sans ms', sans-serif;font-size: 14pt;color: #333399\"><span style=\"font-family: georgia, palatino, serif\">Cloud Wandered Show <\/span><\/span><\/em><\/strong><em><span style=\"font-family: 'comic sans ms', sans-serif;font-size: 14pt;color: #333399\">&#8211; n\u01a1i<\/span><\/em><em><span style=\"font-family: 'comic sans ms', sans-serif;font-size: 14pt;color: #333399\"> \u00e2m nh\u1ea1c v\u00e0 c\u1ea3m x\u00fac h\u00f2a quy\u1ec7n, n\u01a1i m\u1ecdi kho\u1ea3nh kh\u1eafc h\u00f3a th\u00e0nh ng\u01b0ng \u0111\u1ecdng v\u1edbi th\u1eddi gian trong nh\u1eefng b\u1ea3n t\u00ecnh ca s\u00e2u l\u1eafng.<\/span><\/em><\/p>\n<p data-start=\"409\" data-end=\"550\">B\u1ea1n \u0111\u00e3 s\u1eb5n s\u00e0ng cho nh\u1eefng \u0111\u00eam nh\u1ea1c \u0111ong \u0111\u1ea7y c\u1ea3m x\u00fac, nh\u1eefng giai \u0111i\u1ec7u ch\u1ea1m \u0111\u1ebfn tr\u00e1i tim gi\u1eefa kh\u00f4ng gian n\u00ean th\u01a1 c\u1ee7a M\u00e2y Lang Thang \u0110\u00e0 L\u1ea1t!??<\/p>\n<p data-start=\"552\" data-end=\"761\">H\u00e3y c\u00f9ng kh\u00e1m ph\u00e1 <strong data-start=\"570\" data-end=\"618\">L\u1ecbch di\u1ec5n M\u00e2y Lang Thang \u0110\u00e0 L\u1ea1t th\u00e1ng 4\/2025<\/strong>, n\u01a1i h\u1ed9i t\u1ee5 nh\u1eefng gi\u1ecdng ca \u0111\u1ea7y c\u1ea3m x\u00fac \u0111\u01b0a ng\u01b0\u1eddi nghe th\u0103ng hoa tr\u00ean t\u1eebng giai \u0111i\u1ec7u, s\u1ebd mang \u0111\u1ebfn m\u1ed9t b\u1eefa ti\u1ec7c \u00e2m nh\u1ea1c \u0111\u1ea7y s\u1eafc m\u00e0u d\u00e0nh ri\u00eang cho b\u1ea1n!<\/p>\n<p data-start=\"763\" data-end=\"840\" data-is-last-node=\"\" data-is-only-node=\"\"><strong data-start=\"766\" data-end=\"840\" data-is-last-node=\"\">H\u00e3y nhanh tay check L\u1ecbch di\u1ec5n M\u00e2y Lang Thang \u0110\u00e0 L\u1ea1t th\u00e1ng 4\/2025 ngay nh\u00e9!<\/strong><\/p>\n<p style=\"text-align: left\"><a href=\"https:\/\/liveshowdalat.vn\/wp-content\/uploads\/2025\/02\/Lich-dien-May-Lang-Thang-Da-Lat.jpg\"><img loading=\"lazy\" decoding=\"async\" class=\"wp-image-45833 alignnone\" src=\"https:\/\/liveshowdalat.vn\/wp-content\/uploads\/2025\/02\/Lich-dien-May-Lang-Thang-Da-Lat.jpg\" alt=\"Lich dien May Lang Thang Da Lat\" width=\"787\" height=\"983\" \/><\/a><\/p>\n<p style=\"text-align: left\"><strong><span style=\"font-family: 'book antiqua', palatino, serif;font-size: 14pt\"><span style=\"font-family: arial, helvetica, sans-serif;color: #003300\"><span style=\"font-size: 18pt\"><span style=\"font-family: arial, helvetica, sans-serif\">\u2665 <\/span>M\u00c2Y LANG THANG \u0110\u00c0 L\u1ea0T<\/span><\/span><\/span><\/strong><\/p>\n<p style=\"text-align: left\"><span style=\"font-size: 14pt\">&#8211; <strong>S\u00e2n kh\u1ea5u Chi\u1ec1u nh\u1ea1c tr\u00ean M\u00e2y<\/strong> &#8211; M\u00e2y in The Nest, 519 Th\u00f4n M\u0103ng Linh, Ph\u01b0\u1eddng 7, TP. \u0110\u00e0 L\u1ea1t \u0399 Show Time 17:00 &#8211; 19:00<\/span><\/p>\n<p style=\"text-align: left\"><span style=\"font-size: 14pt\">&#8211; <strong>S\u00e2n kh\u1ea5u \u0110\u00eam nh\u1ea1c tr\u00ean M\u00e2y<\/strong> &#8211; Thung L\u0169ng M\u00e2y, S\u1ed1 4, Tr\u1ea7n Quang Di\u1ec7u, Ph\u01b0\u1eddng 10, TP. \u0110\u00e0 L\u1ea1t | Show Time 19:30 &#8211; 21:30<\/span><\/p>\n<hr \/>\n<p><strong><span style=\"font-size: 14pt\"><span style=\"color: #000000\">\u2013 05.04 V\u0168 C\u00c1T T\u01af\u1edcNG &#8211; \u0110\u00c0 L\u1ea0T\u00a0<\/span><\/span><\/strong><\/p>\n<p><em><a href=\"https:\/\/liveshowdalat.vn\/en\/may-lang-thang-vu-cat-tuong-da-lat-05-04.html\/\" target=\"_blank\" rel=\"noopener\">https:\/\/liveshowdalat.vn\/may-lang-thang-vu-cat-tuong-da-lat-05-04.html<\/a><\/em><\/p>\n<p><strong><span style=\"font-size: 14pt\"><span style=\"color: #000000\">\u2013 06.04 JUN PH\u1ea0M \u2013 \u0110\u00c0 L\u1ea0T\u00a0<\/span><\/span><\/strong><\/p>\n<p><em><a href=\"https:\/\/liveshowdalat.vn\/en\/may-lang-thang-jun-pham-da-lat-06-04.html\/\" target=\"_blank\" rel=\"noopener\">https:\/\/liveshowdalat.vn\/may-lang-thang-jun-pham-da-lat-06-04.html<\/a><\/em><\/p>\n<p><strong><span style=\"font-size: 14pt\"><span style=\"color: #000000\">\u2013 11.04 PH\u01af\u01a0NG LINH \u2013 \u0110\u00c0 L\u1ea0T\u00a0<\/span><\/span><\/strong><\/p>\n<p><em><a href=\"https:\/\/liveshowdalat.vn\/en\/may-lang-thang-phuong-linh-da-lat-11-04.html\/\" target=\"_blank\" rel=\"noopener\">https:\/\/liveshowdalat.vn\/may-lang-thang-phuong-linh-da-lat-11-04.html<\/a><\/em><\/p>\n<p><strong><span style=\"font-size: 14pt\"><span style=\"color: #000000\">\u2013 12.04 H\u00c0 NHI \u2013 \u0110\u00c0 L\u1ea0T\u00a0<\/span><\/span><\/strong><\/p>\n<p><em><a href=\"https:\/\/liveshowdalat.vn\/en\/may-lang-thang-ha-nhi-da-lat-12-04.html\/\" target=\"_blank\" rel=\"noopener\">https:\/\/liveshowdalat.vn\/may-lang-thang-ha-nhi-da-lat-12-04.html<\/a><\/em><\/p>\n<p><strong><span style=\"font-size: 14pt\"><span style=\"color: #000000\">\u2013 18.04 TH\u00d9Y CHI \u2013 NG\u1eccC LINH \u2013 \u0110\u00c0 L\u1ea0T\u00a0<\/span><\/span><\/strong><\/p>\n<p><em><a href=\"https:\/\/liveshowdalat.vn\/en\/may-lang-thang-thuy-chi-ngoc-linh-da-lat-18-04.html\/\" target=\"_blank\" rel=\"noopener\">https:\/\/liveshowdalat.vn\/may-lang-thang-thuy-chi-ngoc-linh-da-lat-18-04.html<\/a><\/em><\/p>\n<p><strong><span style=\"font-size: 14pt\"><span style=\"color: #000000\">\u2013 19.04 UY\u00caN LINH \u2013 \u0110\u00c0 L\u1ea0T\u00a0<\/span><\/span><\/strong><\/p>\n<p><em><a href=\"https:\/\/liveshowdalat.vn\/en\/may-lang-thang-uyen-linh-da-lat-19-04.html\/\" target=\"_blank\" rel=\"noopener\">https:\/\/liveshowdalat.vn\/may-lang-thang-uyen-linh-da-lat-19-04.html<\/a><\/em><\/p>\n<p><strong><span style=\"font-size: 14pt\"><span style=\"color: #000000\">\u2013 26.04 PH\u1ea0M KH\u00c1NH H\u01afNG \u2013 T\u0102NG PH\u00daC\u00a0<\/span><\/span><\/strong><\/p>\n<p><em><a href=\"https:\/\/liveshowdalat.vn\/en\/may-lang-thang-pham-khanh-hung-tang-phuc-26-04.html\/\" target=\"_blank\" rel=\"noopener\">https:\/\/liveshowdalat.vn\/may-lang-thang-pham-khanh-hung-tang-phuc-26-04.html<\/a><\/em><\/p>\n<p style=\"text-align: justify\"><a href=\"https:\/\/liveshowdalat.vn\/wp-content\/uploads\/2024\/11\/May-In-The-Nest.jpg\"><img loading=\"lazy\" decoding=\"async\" class=\"alignnone size-full wp-image-45230\" src=\"https:\/\/liveshowdalat.vn\/wp-content\/uploads\/2024\/11\/May-In-The-Nest.jpg\" alt=\"M\u00e2y In The Nest - Chi\u1ec1u Nh\u1ea1c Tr\u00ean M\u00e2y\" width=\"2048\" height=\"1380\" srcset=\"https:\/\/liveshowdalat.vn\/wp-content\/uploads\/2024\/11\/May-In-The-Nest.jpg 2048w, https:\/\/liveshowdalat.vn\/wp-content\/uploads\/2024\/11\/May-In-The-Nest-1024x690.jpg 1024w, https:\/\/liveshowdalat.vn\/wp-content\/uploads\/2024\/11\/May-In-The-Nest-768x518.jpg 768w, https:\/\/liveshowdalat.vn\/wp-content\/uploads\/2024\/11\/May-In-The-Nest-1536x1035.jpg 1536w, https:\/\/liveshowdalat.vn\/wp-content\/uploads\/2024\/11\/May-In-The-Nest-600x404.jpg 600w\" sizes=\"(max-width: 2048px) 100vw, 2048px\" \/><\/a><\/p>\n<p style=\"text-align: left\"><span style=\"font-size: 18pt;color: #003300\"><b>L\u01afU \u00dd<\/b><\/span><\/p>\n<p style=\"text-align: left\"><span style=\"font-size: 14pt\">\u2013 BTC kh\u00f4ng h\u1ed7 tr\u1ee3 ho\u00e0n v\u00e9 d\u01b0\u1edbi m\u1ecdi h\u00ecnh th\u1ee9c<\/span><\/p>\n<p style=\"text-align: left\"><span style=\"font-size: 14pt\">\u2013 Vui l\u00f2ng kh\u00f4ng mang \u0111\u1ed3 \u0103n n\u01b0\u1edbc u\u1ed1ng b\u00ean ngo\u00e0i v\u00e0o khu v\u1ef1c bi\u1ec3u di\u1ec5n<\/span><\/p>\n<p style=\"text-align: left\"><span style=\"font-size: 14pt\">\u2013 Tr\u01b0\u1eddng h\u1ee3p h\u1ee7y v\u00e9 v\u00e0 b\u1ea3o l\u01b0u v\u00e9 c\u1ea7n th\u00f4ng b\u00e1o t\u1edbi BTC tr\u01b0\u1edbc 24 gi\u1edd, sau kho\u1ea3ng th\u1eddi gian tr\u00ean s\u1ebd kh\u00f4ng \u0111\u01b0\u1ee3c h\u1ed7 tr\u1ee3<\/span><\/p>\n<p style=\"text-align: left\"><span style=\"font-size: 18pt;color: #003300\"><b><i>B\u1ea1n l\u01b0u \u00fd th\u00f4ng tin b\u1ea3o l\u01b0u sau:<\/i><\/b><\/span><\/p>\n<p style=\"text-align: left\"><span style=\"font-size: 14pt\">\u2013 Th\u1eddi h\u1ea1n b\u1ea3o l\u01b0u l\u00e0 trong v\u00f2ng 6 th\u00e1ng, t\u00ednh theo ng\u00e0y x\u00e1c nh\u1eadn b\u1ea3o l\u01b0u.<\/span><\/p>\n<p style=\"text-align: left\"><span style=\"font-size: 14pt\">\u2013 M\u00e2y s\u1ebd b\u1ea3o l\u01b0u s\u1ed1 ti\u1ec1n m\u00e0 kh\u00e1ch h\u00e0ng \u0111\u00e3 \u0111\u1eb7t ch\u1ed7.<\/span><\/p>\n<p style=\"text-align: left\"><span style=\"font-size: 14pt\">\u2013 V\u1ecb tr\u00ed gh\u1ebf c\u1ee7a \u0111\u01a1n h\u00e0ng \u0111\u00e3 b\u1ea3o l\u01b0u, s\u1ebd \u0111\u01b0\u1ee3c m\u1edf b\u00e1n l\u1ea1i tr\u00ean website cho c\u00e1c show di\u1ec5n s\u1eafp t\u1edbi.<\/span><\/p>\n<p style=\"text-align: left\"><span style=\"font-size: 14pt\">\u2013 Khi h\u1ed7 tr\u1ee3 \u0111\u1eb7t l\u1ea1i ch\u1ed7, v\u1edbi h\u1ea1ng gi\u00e1 cao h\u01a1n, qu\u00fd kh\u00e1ch vui l\u00f2ng b\u00f9 ph\u1ea7n ch\u00eanh l\u1ec7ch c\u00f2n thi\u1ebfu.<\/span><\/p>\n<p style=\"text-align: left\"><span style=\"font-size: 14pt\">(Trong tr\u01b0\u1eddng h\u1ee3p h\u1ea1ng v\u00e9 th\u1ea5p s\u1ed1 ti\u1ec1n \u0111\u00e3 b\u1ea3o l\u01b0u, M\u00e2y kh\u00f4ng h\u1ed7 tr\u1ee3 ho\u00e0n ti\u1ec1n)<\/span><\/p>\n<p style=\"text-align: left\"><span style=\"font-size: 14pt\">\u2013 \u00c1p d\u1ee5ng t\u1ea5t c\u1ea3 c\u00e1c chi nh\u00e1nh c\u1ee7a M\u00e2y Lang Thang.<\/span><\/p>\n<p style=\"text-align: justify\"><a href=\"https:\/\/liveshowdalat.vn\/wp-content\/uploads\/2023\/11\/may-lang-thang.jpg\"><img loading=\"lazy\" decoding=\"async\" class=\"alignnone size-full wp-image-2149\" src=\"https:\/\/liveshowdalat.vn\/wp-content\/uploads\/2023\/11\/may-lang-thang.jpg\" alt=\"m\u00e2y in the nest\" width=\"2000\" height=\"1600\" srcset=\"https:\/\/liveshowdalat.vn\/wp-content\/uploads\/2023\/11\/may-lang-thang.jpg 2000w, https:\/\/liveshowdalat.vn\/wp-content\/uploads\/2023\/11\/may-lang-thang-300x240.jpg 300w, https:\/\/liveshowdalat.vn\/wp-content\/uploads\/2023\/11\/may-lang-thang-1024x819.jpg 1024w, https:\/\/liveshowdalat.vn\/wp-content\/uploads\/2023\/11\/may-lang-thang-768x614.jpg 768w, https:\/\/liveshowdalat.vn\/wp-content\/uploads\/2023\/11\/may-lang-thang-1536x1229.jpg 1536w, https:\/\/liveshowdalat.vn\/wp-content\/uploads\/2023\/11\/may-lang-thang-600x480.jpg 600w\" sizes=\"(max-width: 2000px) 100vw, 2000px\" \/><\/a> <a href=\"https:\/\/liveshowdalat.vn\/wp-content\/uploads\/2025\/02\/MAY-LANG-THANG-THUNG-LUNG-MAY.jpg\"><img loading=\"lazy\" decoding=\"async\" class=\"alignnone size-full wp-image-45630\" src=\"https:\/\/liveshowdalat.vn\/wp-content\/uploads\/2025\/02\/MAY-LANG-THANG-THUNG-LUNG-MAY.jpg\" alt=\"MAY LANG THANG - THUNG LUNG MAY\" width=\"1800\" height=\"1200\" srcset=\"https:\/\/liveshowdalat.vn\/wp-content\/uploads\/2025\/02\/MAY-LANG-THANG-THUNG-LUNG-MAY.jpg 1800w, https:\/\/liveshowdalat.vn\/wp-content\/uploads\/2025\/02\/MAY-LANG-THANG-THUNG-LUNG-MAY-1024x683.jpg 1024w, https:\/\/liveshowdalat.vn\/wp-content\/uploads\/2025\/02\/MAY-LANG-THANG-THUNG-LUNG-MAY-768x512.jpg 768w, https:\/\/liveshowdalat.vn\/wp-content\/uploads\/2025\/02\/MAY-LANG-THANG-THUNG-LUNG-MAY-1536x1024.jpg 1536w, https:\/\/liveshowdalat.vn\/wp-content\/uploads\/2025\/02\/MAY-LANG-THANG-THUNG-LUNG-MAY-600x400.jpg 600w\" sizes=\"(max-width: 1800px) 100vw, 1800px\" \/><\/a><a href=\"https:\/\/liveshowdalat.vn\/wp-content\/uploads\/2024\/03\/san-khau-may-in-the-nest-2.jpg\"><img loading=\"lazy\" decoding=\"async\" class=\"alignnone size-full wp-image-3491\" src=\"https:\/\/liveshowdalat.vn\/wp-content\/uploads\/2024\/03\/san-khau-may-in-the-nest-2.jpg\" alt=\"s\u00e2n kh\u1ea5u m\u00e2y in the nest\" width=\"2000\" height=\"1600\" srcset=\"https:\/\/liveshowdalat.vn\/wp-content\/uploads\/2024\/03\/san-khau-may-in-the-nest-2.jpg 2000w, https:\/\/liveshowdalat.vn\/wp-content\/uploads\/2024\/03\/san-khau-may-in-the-nest-2-300x240.jpg 300w, https:\/\/liveshowdalat.vn\/wp-content\/uploads\/2024\/03\/san-khau-may-in-the-nest-2-1024x819.jpg 1024w, https:\/\/liveshowdalat.vn\/wp-content\/uploads\/2024\/03\/san-khau-may-in-the-nest-2-768x614.jpg 768w, https:\/\/liveshowdalat.vn\/wp-content\/uploads\/2024\/03\/san-khau-may-in-the-nest-2-1536x1229.jpg 1536w, https:\/\/liveshowdalat.vn\/wp-content\/uploads\/2024\/03\/san-khau-may-in-the-nest-2-600x480.jpg 600w\" sizes=\"(max-width: 2000px) 100vw, 2000px\" \/><\/a><\/p>\n<h2 style=\"text-align: left\" id=\"lien-he-book-ve\"><span style=\"color: #003300\"><b>Li\u00ean H\u1ec7 Book V\u00e9\u00a0<\/b><\/span><\/h2>\n<p style=\"text-align: left\"><em>L\u1ecaCH DI\u1ec4N M\u00c2Y LANG THANG \u0110\u00c0 L\u1ea0T TH\u00c1NG 04\/2025<\/em><\/p>\n<p style=\"text-align: left\"><span style=\"font-family: arial, helvetica, sans-serif\"><span style=\"font-size: 14pt;color: #000000\"><b>Hotline\/Zalo:\u00a0<\/b><\/span><strong><span style=\"font-size: 14pt\">0988 249 297<\/span><\/strong><\/span><\/p>\n<p style=\"text-align: left\"><span style=\"font-size: 14pt\">Fanpage booking:\u00a0<a href=\"https:\/\/www.facebook.com\/liveshowdalat\/\" target=\"_blank\" rel=\"noopener\">M\u00e2y Lang Thang<\/a><\/span><\/p>\n<p style=\"text-align: left\"><span style=\"font-size: 14pt\">Xem th\u00eam b\u00e0i vi\u1ebft kh\u00e1c t\u1ea1i:\u00a0<a href=\"https:\/\/maylangthangshow.com\/\" rel=\"noopener\">Cloud Wandered Show<\/a><\/span><\/p>","protected":false},"excerpt":{"rendered":"<p><strong>L\u1ecbch di\u1ec5n M\u00e2y Lang Thang \u0110\u00e0 L\u1ea1t<\/strong> <strong>th\u00e1ng 4\/2025<\/strong><\/p>","protected":false},"featured_media":45833,"comment_status":"open","ping_status":"closed","template":"","meta":[],"product_cat":[2420,31],"product_tag":[2688,3046,2064],"_links":{"self":[{"href":"https:\/\/liveshowdalat.vn\/en\/wp-json\/wp\/v2\/product\/45865"}],"collection":[{"href":"https:\/\/liveshowdalat.vn\/en\/wp-json\/wp\/v2\/product"}],"about":[{"href":"https:\/\/liveshowdalat.vn\/en\/wp-json\/wp\/v2\/types\/product"}],"replies":[{"embeddable":true,"href":"https:\/\/liveshowdalat.vn\/en\/wp-json\/wp\/v2\/comments?post=45865"}],"wp:featuredmedia":[{"embeddable":true,"href":"https:\/\/liveshowdalat.vn\/en\/wp-json\/wp\/v2\/media\/45833"}],"wp:attachment":[{"href":"https:\/\/liveshowdalat.vn\/en\/wp-json\/wp\/v2\/media?parent=45865"}],"wp:term":[{"taxonomy":"product_cat","embeddable":true,"href":"https:\/\/liveshowdalat.vn\/en\/wp-json\/wp\/v2\/product_cat?post=45865"},{"taxonomy":"product_tag","embeddable":true,"href":"https:\/\/liveshowdalat.vn\/en\/wp-json\/wp\/v2\/product_tag?post=45865"}],"curies":[{"name":"wp","href":"https:\/\/api.w.org\/{rel}","templated":true}]}}