{"id":45782,"date":"2025-02-19T10:06:48","date_gmt":"2025-02-19T03:06:48","guid":{"rendered":"https:\/\/liveshowdalat.vn\/?post_type=product&#038;p=45782"},"modified":"2025-02-25T21:15:16","modified_gmt":"2025-02-25T14:15:16","slug":"may-lang-thang-lan-nha-hue-19-04","status":"publish","type":"product","link":"https:\/\/liveshowdalat.vn\/en\/may-lang-thang-lan-nha-hue-19-04.html","title":{"rendered":"L\u00c2N NH\u00c3 &#8211;  HU\u1ebe 19.04"},"content":{"rendered":"<nav class=\"vietrick-auto-toc\">\n<div class=\"box-title\">\n<h3 class=\"toc-title\" id=\"select-menu\">Danh m\u1ee5c ch\u00ednh<\/h3>\n<div><ion-icon name=\"chevron-up-outline\"><\/ion-icon><\/div>\n<\/div>\n<ul class=\"toc-list\">\n<li><a href='https:\/\/liveshowdalat.vn\/en#lan-nha' class='heading-h2 toc-link smooth-scroll'>L\u00c2N NH\u00c3<\/a>\n<li><a href='https:\/\/liveshowdalat.vn\/en#lien-he-book-ve' class='heading-h2 toc-link smooth-scroll'>Li\u00ean H\u1ec7 Book V\u00e9\u00a0<\/a><\/ul>\n<\/ul>\n<\/li>\n<\/ul>\n<\/nav>\n<h2 style=\"text-align: center\" id=\"lan-nha\"><span style=\"font-size: 24pt;color: #003300\"><strong>L\u00c2N NH\u00c3<\/strong><\/span><\/h2>\n<p style=\"text-align: center\"><span style=\"color: #003366;font-size: 18pt\"><strong>NH\u00c0 H\u00c1T S\u00d4NG H\u01af\u01a0NG, HU\u1ebe<\/strong><\/span><\/p>\n<p style=\"text-align: center\"><span style=\"font-family: 'courier new', courier, monospace\"><span style=\"font-size: 14pt\"><strong>19\/04\/2025<\/strong><\/span><\/span><\/p>\n<p style=\"text-align: center\"><span style=\"font-size: 14pt;font-family: 'courier new', courier, monospace\"><strong>SHOW TIME 20:00<\/strong><\/span><\/p>\n<p style=\"text-align: center\"><span style=\"font-size: 24pt;font-family: arial, helvetica, sans-serif;color: #333333\"><strong>TH\u00d4NG TIN<\/strong><\/span><\/p>\n<table style=\"width: 100.046%;border-collapse: collapse;border-style: solid;border-color: #000000;height: 287px\" border=\"1\">\n<tbody>\n<tr style=\"height: 24px\">\n<td style=\"width: 50%;height: 24px\"><span style=\"font-size: 12pt;color: #000000\"><strong>\u00a0PREMIUM<\/strong>\/<strong>TH\u1ea2NH TH\u01a0I<\/strong><\/span><\/td>\n<td style=\"width: 50%;height: 24px;text-align: center\"><span style=\"color: #000000\"><strong>1,525,000 VN\u0110<\/strong><\/span><\/td>\n<\/tr>\n<tr style=\"height: 24px\">\n<td style=\"width: 50%;height: 24px\"><span style=\"font-size: 12pt;color: #000000\"><strong>\u00a0VIP<\/strong>\/<strong>B\u1ec0NH B\u1ed2NG<\/strong><\/span><\/td>\n<td style=\"width: 50%;height: 24px;text-align: center\"><span style=\"color: #000000\"><strong>1,225,000 VN\u0110<\/strong><\/span><\/td>\n<\/tr>\n<tr style=\"height: 24px\">\n<td style=\"width: 50%;height: 24px\"><span style=\"font-size: 12pt;color: #000000\"><strong>\u00a0STANDARD 1<\/strong>\/<strong>M\u01a0 M\u00c0NG<\/strong><\/span><\/td>\n<td style=\"width: 50%;height: 24px;text-align: center\"><span style=\"color: #000000\"><strong>975,000 VN\u0110<\/strong><\/span><\/td>\n<\/tr>\n<tr style=\"height: 24px\">\n<td style=\"width: 50%;height: 24px\"><span style=\"font-size: 12pt;color: #000000\"><strong>\u00a0STANDARD 2<\/strong>\/<strong>NH\u1edeN NH\u01a0<\/strong><\/span><\/td>\n<td style=\"width: 50%;height: 24px;text-align: center\"><span style=\"color: #000000\"><strong>675,000 VN\u0110<\/strong><\/span><\/td>\n<\/tr>\n<tr style=\"height: 24px\">\n<td style=\"width: 50%;height: 24px\"><span style=\"font-size: 12pt;color: #000000\"><strong>\u00a0STANDARD 3\/L\u1eecNG L\u01a0<\/strong><\/span><\/td>\n<td style=\"width: 50%;height: 24px;text-align: center\"><span style=\"color: #000000\"><strong>475,000 VN\u0110<\/strong><\/span><\/td>\n<\/tr>\n<\/tbody>\n<\/table>\n<p><span style=\"font-size: 14pt\"><span style=\"color: #003300;font-size: 18pt\"><b><a href=\"https:\/\/liveshowdalat.vn\/wp-content\/uploads\/2025\/02\/May-Lang-Thang-Hue-Thang-4.jpg\"><img loading=\"lazy\" decoding=\"async\" class=\"alignnone size-full wp-image-45770\" src=\"https:\/\/liveshowdalat.vn\/wp-content\/uploads\/2025\/02\/May-Lang-Thang-Hue-Thang-4.jpg\" alt=\"May Lang Thang Hue - Thang 4\" width=\"1638\" height=\"2048\" srcset=\"https:\/\/liveshowdalat.vn\/wp-content\/uploads\/2025\/02\/May-Lang-Thang-Hue-Thang-4.jpg 1638w, https:\/\/liveshowdalat.vn\/wp-content\/uploads\/2025\/02\/May-Lang-Thang-Hue-Thang-4-819x1024.jpg 819w, https:\/\/liveshowdalat.vn\/wp-content\/uploads\/2025\/02\/May-Lang-Thang-Hue-Thang-4-768x960.jpg 768w, https:\/\/liveshowdalat.vn\/wp-content\/uploads\/2025\/02\/May-Lang-Thang-Hue-Thang-4-1229x1536.jpg 1229w, https:\/\/liveshowdalat.vn\/wp-content\/uploads\/2025\/02\/May-Lang-Thang-Hue-Thang-4-600x750.jpg 600w\" sizes=\"(max-width: 1638px) 100vw, 1638px\" \/><\/a>Ch\u00ednh s\u00e1ch tr\u1ebb em b\u00ean M\u00e2y Lang Thang:<\/b><b><br \/>\n<\/b><\/span><\/span><span style=\"font-size: 14pt\">\u2013 B\u00e9<strong> d\u01b0\u1edbi 1m:<\/strong> kh\u00f4ng ph\u1ee5 thu n\u1ebfu ng\u1ed3i chung v\u1edbi ph\u1ee5 huynh<br \/>\n\u2013 B\u00e9 <strong>1m \u0111\u1ebfn d\u01b0\u1edbi 1m2<\/strong>: gi\u1ea3m 30% ( c\u00f3 gh\u1ebf ri\u00eang ), ho\u00e0n ti\u1ec1n tr\u1ef1c ti\u1ebfp t\u1ea1i show.<\/span><br \/>\n<span style=\"font-size: 14pt\">\u2013 <strong>Tr\u00ean 1m2<\/strong>: v\u1eabn t\u00ednh v\u00e9 nh\u01b0 ng\u01b0\u1eddi l\u1edbn.<\/span><br \/>\n<span style=\"font-size: 14pt\">***<\/span><br \/>\n<span style=\"font-size: 14pt\">\u2013 \u0110\u1ecba ch\u1ec9: <strong>Nh\u00e0 h\u00e1t S\u00f4ng H\u01b0\u01a1ng &#8211; S\u1ed1 1 L\u00ea L\u1ee3i, V\u0129nh Ninh, Hu\u1ebf, Th\u1eeba Thi\u00ean Hu\u1ebf.<\/strong><\/span><span style=\"font-size: 14pt\"><br \/>\n<\/span><span style=\"font-size: 14pt\">\u2013 Qu\u00fd kh\u00e1ch vui l\u00f2ng li\u00ean h\u1ec7 nh\u00e2n vi\u00ean theo th\u00f4ng tin ph\u00eda d\u01b0\u1edbi \u0111\u1ec3 \u0111\u01b0\u1ee3c t\u01b0 v\u1ea5n tr\u1ef1c ti\u1ebfp.<\/span><\/p>\n<p><a href=\"https:\/\/liveshowdalat.vn\/wp-content\/uploads\/2025\/02\/So-do-cho-ngoi-Nha-Hat-Song-Huong-Hue.jpg\"><img loading=\"lazy\" decoding=\"async\" class=\"alignnone size-full wp-image-45780\" src=\"https:\/\/liveshowdalat.vn\/wp-content\/uploads\/2025\/02\/So-do-cho-ngoi-Nha-Hat-Song-Huong-Hue.jpg\" alt=\"Nha Hat Song Huong Hue\" width=\"1590\" height=\"2048\" srcset=\"https:\/\/liveshowdalat.vn\/wp-content\/uploads\/2025\/02\/So-do-cho-ngoi-Nha-Hat-Song-Huong-Hue.jpg 1590w, https:\/\/liveshowdalat.vn\/wp-content\/uploads\/2025\/02\/So-do-cho-ngoi-Nha-Hat-Song-Huong-Hue-795x1024.jpg 795w, https:\/\/liveshowdalat.vn\/wp-content\/uploads\/2025\/02\/So-do-cho-ngoi-Nha-Hat-Song-Huong-Hue-768x989.jpg 768w, https:\/\/liveshowdalat.vn\/wp-content\/uploads\/2025\/02\/So-do-cho-ngoi-Nha-Hat-Song-Huong-Hue-1193x1536.jpg 1193w, https:\/\/liveshowdalat.vn\/wp-content\/uploads\/2025\/02\/So-do-cho-ngoi-Nha-Hat-Song-Huong-Hue-600x773.jpg 600w\" sizes=\"(max-width: 1590px) 100vw, 1590px\" \/><\/a><\/p>\n<p><span style=\"font-size: 18pt;color: #003300\"><b>L\u01afU \u00dd<\/b><\/span><\/p>\n<p><span style=\"font-size: 14pt\">\u2013 BTC kh\u00f4ng h\u1ed7 tr\u1ee3 ho\u00e0n v\u00e9 d\u01b0\u1edbi m\u1ecdi h\u00ecnh th\u1ee9c<\/span><\/p>\n<p><span style=\"font-size: 14pt\">\u2013 Vui l\u00f2ng kh\u00f4ng mang \u0111\u1ed3 \u0103n n\u01b0\u1edbc u\u1ed1ng b\u00ean ngo\u00e0i v\u00e0o khu v\u1ef1c bi\u1ec3u di\u1ec5n<\/span><\/p>\n<p><span style=\"font-size: 14pt\">\u2013 Tr\u01b0\u1eddng h\u1ee3p h\u1ee7y v\u00e9 v\u00e0 b\u1ea3o l\u01b0u v\u00e9 c\u1ea7n th\u00f4ng b\u00e1o t\u1edbi BTC tr\u01b0\u1edbc 24 gi\u1edd, sau kho\u1ea3ng th\u1eddi gian tr\u00ean s\u1ebd kh\u00f4ng \u0111\u01b0\u1ee3c h\u1ed7 tr\u1ee3<\/span><\/p>\n<p><span style=\"font-size: 18pt;color: #003300\"><b><i>B\u1ea1n l\u01b0u \u00fd th\u00f4ng tin b\u1ea3o l\u01b0u sau:<\/i><\/b><\/span><\/p>\n<p><span style=\"font-size: 14pt\">\u2013 Th\u1eddi h\u1ea1n b\u1ea3o l\u01b0u l\u00e0 trong v\u00f2ng 6 th\u00e1ng, t\u00ednh theo ng\u00e0y x\u00e1c nh\u1eadn b\u1ea3o l\u01b0u.<\/span><\/p>\n<p><span style=\"font-size: 14pt\">\u2013 M\u00e2y s\u1ebd b\u1ea3o l\u01b0u s\u1ed1 ti\u1ec1n m\u00e0 kh\u00e1ch h\u00e0ng \u0111\u00e3 \u0111\u1eb7t ch\u1ed7.<\/span><\/p>\n<p><span style=\"font-size: 14pt\">\u2013 V\u1ecb tr\u00ed gh\u1ebf c\u1ee7a \u0111\u01a1n h\u00e0ng \u0111\u00e3 b\u1ea3o l\u01b0u, s\u1ebd \u0111\u01b0\u1ee3c m\u1edf b\u00e1n l\u1ea1i tr\u00ean website.<\/span><\/p>\n<p><span style=\"font-size: 14pt\">\u2013 Khi h\u1ed7 tr\u1ee3 \u0111\u1eb7t l\u1ea1i ch\u1ed7, v\u1edbi h\u1ea1ng gi\u00e1 cao h\u01a1n, qu\u00fd kh\u00e1ch vui l\u00f2ng b\u00f9 ph\u1ea7n ch\u00eanh l\u1ec7ch c\u00f2n thi\u1ebfu.<\/span><\/p>\n<p><span style=\"font-size: 14pt\">(Trong tr\u01b0\u1eddng h\u1ee3p h\u1ea1ng v\u00e9 th\u1ea5p s\u1ed1 ti\u1ec1n \u0111\u00e3 b\u1ea3o l\u01b0u, M\u00e2y kh\u00f4ng h\u1ed7 tr\u1ee3 ho\u00e0n ti\u1ec1n)<\/span><\/p>\n<p><span style=\"font-size: 14pt\">\u2013 \u00c1p d\u1ee5ng t\u1ea5t c\u1ea3 c\u00e1c chi nh\u00e1nh c\u1ee7a M\u00e2y Lang Thang.<\/span><\/p>\n<p><a href=\"https:\/\/liveshowdalat.vn\/wp-content\/uploads\/2025\/02\/Nha-hat-Song-Huong-Hue.jpg\"><img loading=\"lazy\" decoding=\"async\" class=\"aligncenter wp-image-45777 size-full\" src=\"https:\/\/liveshowdalat.vn\/wp-content\/uploads\/2025\/02\/Nha-hat-Song-Huong-Hue.jpg\" alt=\"Nha hat Song Huong - Hue\" width=\"645\" height=\"362\" srcset=\"https:\/\/liveshowdalat.vn\/wp-content\/uploads\/2025\/02\/Nha-hat-Song-Huong-Hue.jpg 645w, https:\/\/liveshowdalat.vn\/wp-content\/uploads\/2025\/02\/Nha-hat-Song-Huong-Hue-600x337.jpg 600w\" sizes=\"(max-width: 645px) 100vw, 645px\" \/><\/a> <a href=\"https:\/\/liveshowdalat.vn\/wp-content\/uploads\/2025\/02\/Nha-Hat-Song-Huong-tai-Hue.jpg\"><img loading=\"lazy\" decoding=\"async\" class=\"size-full wp-image-45778 aligncenter\" src=\"https:\/\/liveshowdalat.vn\/wp-content\/uploads\/2025\/02\/Nha-Hat-Song-Huong-tai-Hue.jpg\" alt=\"Nha hat Song Huong - Hue\" width=\"645\" height=\"364\" srcset=\"https:\/\/liveshowdalat.vn\/wp-content\/uploads\/2025\/02\/Nha-Hat-Song-Huong-tai-Hue.jpg 645w, https:\/\/liveshowdalat.vn\/wp-content\/uploads\/2025\/02\/Nha-Hat-Song-Huong-tai-Hue-600x339.jpg 600w\" sizes=\"(max-width: 645px) 100vw, 645px\" \/><\/a> <a href=\"https:\/\/liveshowdalat.vn\/wp-content\/uploads\/2025\/02\/So-do-cho-ngoi-Nha-Hat-Song-Huong.jpg\"><img loading=\"lazy\" decoding=\"async\" class=\"alignnone size-full wp-image-45779\" src=\"https:\/\/liveshowdalat.vn\/wp-content\/uploads\/2025\/02\/So-do-cho-ngoi-Nha-Hat-Song-Huong.jpg\" alt=\"Nha hat Song Huong - Hue\" width=\"960\" height=\"720\" srcset=\"https:\/\/liveshowdalat.vn\/wp-content\/uploads\/2025\/02\/So-do-cho-ngoi-Nha-Hat-Song-Huong.jpg 960w, https:\/\/liveshowdalat.vn\/wp-content\/uploads\/2025\/02\/So-do-cho-ngoi-Nha-Hat-Song-Huong-768x576.jpg 768w, https:\/\/liveshowdalat.vn\/wp-content\/uploads\/2025\/02\/So-do-cho-ngoi-Nha-Hat-Song-Huong-600x450.jpg 600w\" sizes=\"(max-width: 960px) 100vw, 960px\" \/><\/a><\/p>\n<h2 id=\"lien-he-book-ve\"><span style=\"color: #003300\"><b>Li\u00ean H\u1ec7 Book V\u00e9\u00a0<\/b><\/span><\/h2>\n<p><span style=\"font-size: 14pt;color: #000000\"><b>Hotline\/Zalo:\u00a0<\/b><\/span><span style=\"font-size: 14pt\"><strong>0988 249 297<\/strong><\/span><\/p>\n<p><span style=\"font-size: 14pt\">Fanpage booking:\u00a0<a href=\"https:\/\/www.facebook.com\/liveshowdalat\/\" target=\"_blank\" rel=\"noopener\">M\u00e2y Lang Thang<\/a><\/span><\/p>\n<p><span style=\"font-size: 14pt\">Xem th\u00eam b\u00e0i vi\u1ebft kh\u00e1c t\u1ea1i:\u00a0<a href=\"https:\/\/maylangthangshow.com\/\" rel=\"noopener\">Cloud Wandered Show\u00a0<\/a><\/span><\/p>","protected":false},"excerpt":{"rendered":"<p><strong>M\u00e2y Lang Thang Hu\u1ebf &#8211; th\u00e1ng 04\/2025<\/strong><\/p>","protected":false},"featured_media":45770,"comment_status":"open","ping_status":"closed","template":"","meta":[],"product_cat":[2412,31,49],"product_tag":[2653,2784,75],"_links":{"self":[{"href":"https:\/\/liveshowdalat.vn\/en\/wp-json\/wp\/v2\/product\/45782"}],"collection":[{"href":"https:\/\/liveshowdalat.vn\/en\/wp-json\/wp\/v2\/product"}],"about":[{"href":"https:\/\/liveshowdalat.vn\/en\/wp-json\/wp\/v2\/types\/product"}],"replies":[{"embeddable":true,"href":"https:\/\/liveshowdalat.vn\/en\/wp-json\/wp\/v2\/comments?post=45782"}],"wp:featuredmedia":[{"embeddable":true,"href":"https:\/\/liveshowdalat.vn\/en\/wp-json\/wp\/v2\/media\/45770"}],"wp:attachment":[{"href":"https:\/\/liveshowdalat.vn\/en\/wp-json\/wp\/v2\/media?parent=45782"}],"wp:term":[{"taxonomy":"product_cat","embeddable":true,"href":"https:\/\/liveshowdalat.vn\/en\/wp-json\/wp\/v2\/product_cat?post=45782"},{"taxonomy":"product_tag","embeddable":true,"href":"https:\/\/liveshowdalat.vn\/en\/wp-json\/wp\/v2\/product_tag?post=45782"}],"curies":[{"name":"wp","href":"https:\/\/api.w.org\/{rel}","templated":true}]}}