{"id":45272,"date":"2024-12-04T03:26:08","date_gmt":"2024-12-03T20:26:08","guid":{"rendered":"https:\/\/liveshowdalat.vn\/?post_type=product&#038;p=45272"},"modified":"2025-02-05T13:55:54","modified_gmt":"2025-02-05T06:55:54","slug":"lich-dien-lululola-show-thang-02-2025","status":"publish","type":"product","link":"https:\/\/liveshowdalat.vn\/en\/lich-dien-lululola-show-thang-02-2025.html","title":{"rendered":"L\u1ecaCH DI\u1ec4N LULULOLA SHOW TH\u00c1NG 02\/2025"},"content":{"rendered":"<nav class=\"vietrick-auto-toc\">\n<div class=\"box-title\">\n<h3 class=\"toc-title\" id=\"select-menu\">Danh m\u1ee5c ch\u00ednh<\/h3>\n<div><ion-icon name=\"chevron-up-outline\"><\/ion-icon><\/div>\n<\/div>\n<ul class=\"toc-list\">\n<li><a href='https:\/\/liveshowdalat.vn\/en#lich-dien-lululola-show-thang-02-2025' class='heading-h2 toc-link smooth-scroll'>L\u1ecaCH DI\u1ec4N LULULOLA SHOW TH\u00c1NG 02\/2025<\/a>\n<li><a href='https:\/\/liveshowdalat.vn\/en#lien-he-book-ve' class='heading-h2 toc-link smooth-scroll'>Li\u00ean H\u1ec7 Book V\u00e9\u00a0<\/a><\/ul>\n<\/ul>\n<\/li>\n<\/ul>\n<\/nav>\n<h2 style=\"text-align: center\" id=\"lich-dien-lululola-show-thang-02-2025\"><strong><span style=\"font-size: 24pt;color: #800000\">L\u1ecaCH DI\u1ec4N LULULOLA SHOW TH\u00c1NG 02\/2025<\/span><\/strong><\/h2>\n<p><span style=\"font-size: 14pt\"><span style=\"font-family: georgia, palatino, serif\"><strong><em>Lululola Show<\/em><\/strong><\/span> &#8211; &#8220;H\u01a1n c\u1ea3 \u00e2m nh\u1ea1c&#8221;, mang \u0111\u1ebfn cho b\u1ea1n kh\u00f4ng gian l\u00e3ng m\u1ea1n, v\u1edbi view ho\u00e0ng h\u00f4n c\u1ef1c ph\u1ea9m c\u00f9ng nh\u1eefng ti\u1ebft m\u1ee5c liveband ch\u1ea5t l\u01b0\u1ee3ng. S\u1ebd bi\u1ebfn t\u1eebng kho\u1ea3nh kh\u1eafc c\u1ee7a b\u1ea1n tr\u1edf th\u00e0nh nh\u1eefng gi\u00e2y ph\u00fat kh\u00f4ng th\u1ec3 qu\u00ean, khi th\u01b0\u1edfng nh\u1ea1c t\u1ea1i Lululola.<\/span><\/p>\n<p><span style=\"font-size: 14pt;color: #333333\">B\u1ea1n h\u00e3y nhanh tay check ngay <em><span style=\"font-family: georgia, palatino, serif\"><strong>L\u1ecbch di\u1ec5n Lululola th\u00e1ng 02\/2025<\/strong><\/span><\/em>, \u0111\u1ec3 s\u1edbm c\u00f3 c\u01a1 h\u1ed9i g\u1eb7p g\u1ee1 nh\u1eefng ngh\u1ec7 s\u0129 n\u1ed5i ti\u1ebfng v\u00e0 t\u1eadn h\u01b0\u1edfng kho\u1ea3ng th\u1eddi gian tuy\u1ec7t v\u1eddi !!<\/span><\/p>\n<p><span style=\"font-size: 14pt;color: #333333\">M\u1eddi b\u1ea1n c\u00f9ng tham kh\u1ea3o l\u1ecbch ngay ph\u00eda d\u01b0\u1edbi nh\u00e9!<\/span><\/p>\n<p><a href=\"https:\/\/liveshowdalat.vn\/wp-content\/uploads\/2025\/02\/Lich-dien-Lululola-Show-.jpg\"><img loading=\"lazy\" decoding=\"async\" class=\"alignnone size-full wp-image-45610\" src=\"https:\/\/liveshowdalat.vn\/wp-content\/uploads\/2025\/02\/Lich-dien-Lululola-Show-.jpg\" alt=\"L\u1ecbch di\u1ec5n Lululola Show 2025\" width=\"1373\" height=\"2048\" srcset=\"https:\/\/liveshowdalat.vn\/wp-content\/uploads\/2025\/02\/Lich-dien-Lululola-Show-.jpg 1373w, https:\/\/liveshowdalat.vn\/wp-content\/uploads\/2025\/02\/Lich-dien-Lululola-Show--687x1024.jpg 687w, https:\/\/liveshowdalat.vn\/wp-content\/uploads\/2025\/02\/Lich-dien-Lululola-Show--768x1146.jpg 768w, https:\/\/liveshowdalat.vn\/wp-content\/uploads\/2025\/02\/Lich-dien-Lululola-Show--1030x1536.jpg 1030w, https:\/\/liveshowdalat.vn\/wp-content\/uploads\/2025\/02\/Lich-dien-Lululola-Show--600x895.jpg 600w\" sizes=\"(max-width: 1373px) 100vw, 1373px\" \/><\/a><\/p>\n<p style=\"text-align: center\"><span style=\"color: #003300;font-size: 24pt\"><strong>B\u1ea2N TIN D\u1ef0 B\u00c1O HO\u00c0NG H\u00d4N \u2666 LULULOLA SHOW \u2666 \u0110\u00c0 L\u1ea0T \u2666<\/strong><\/span><\/p>\n<p style=\"text-align: center\"><span style=\"color: #003366\"><strong>[UPDATE LI\u00caN T\u1ee4C]<\/strong><\/span><\/p>\n<p><span style=\"color: #003300\"><strong><span style=\"font-size: 18pt\">\u2666TH\u00c1NG 02\/2025<\/span><\/strong><\/span><\/p>\n<hr \/>\n<p><strong><span style=\"font-size: 14pt;color: #000000\">\u03bf 01\/02\/2025 | TRUNG QU\u00c2N &#8211; LululoLa Show | T\u1ed0T CHO C\u1ea2 HAI\u00a0<\/span><\/strong><\/p>\n<p><em><a href=\"https:\/\/liveshowdalat.vn\/en\/lululola-show-01-02-2025-trung-quan-tot-cho-ca-hai.html\/\" target=\"_blank\" rel=\"noopener\">https:\/\/liveshowdalat.vn\/lululola-show-01-02-2025-trung-quan-tot-cho-ca-hai.html<\/a><br \/>\n<\/em><\/p>\n<p><strong><span style=\"font-size: 14pt;color: #000000\">\u03bf 02\/02\/2025 | H\u01af\u01a0NG TR\u00c0M &#8211; LululoLa Show | CHO EM G\u1ea6N ANH TH\u00caM CH\u00daT N\u1eeeA<\/span><\/strong><span style=\"color: #800000\"><br \/>\n<\/span><\/p>\n<p><em><a href=\"https:\/\/liveshowdalat.vn\/en\/lululola-show-02-02-2025-huong-tram-cho-em-gan-anh-them-chut-nua.html\/\" target=\"_blank\" rel=\"noopener\">https:\/\/liveshowdalat.vn\/lululola-show-02-02-2025-huong-tram-cho-em-gan-anh-them-chut-nua.html<\/a><\/em><\/p>\n<p><strong><span style=\"font-size: 14pt;color: #000000\">\u03bf 03\/02\/2025 | MAI TI\u1ebeN D\u0168NG \u2013 L\u01af\u01a0NG B\u00cdCH H\u1eeeU &#8211; LululoLa Show | CH\u1eb2NG AI Y\u00caU TH\u01af\u01a0NG NH\u01af NG\u00c0Y \u0110\u1ea6U<\/span><\/strong><span style=\"color: #800000\"><br \/>\n<\/span><\/p>\n<p><em><a href=\"https:\/\/liveshowdalat.vn\/en\/lululola-show-03-02-2025-mai-tien-dung-luong-bich-huu-chang-ai-yeu-thuong-nhu-ngay-dau.html\/\" target=\"_blank\" rel=\"noopener\">https:\/\/liveshowdalat.vn\/lululola-show-03-02-2025-mai-tien-dung-luong-bich-huu-chang-ai-yeu-thuong-nhu-ngay-dau.html<\/a><\/em><\/p>\n<p><strong><span style=\"font-size: 14pt;color: #000000\">\u03bf 07\/02\/2025 | VICKY NHUNG \u2013 PHAN DUY ANH &#8211; LululoLa Show | \u0110\u00c0 L\u1ea0T C\u1ee6A CH\u00daNG TA<\/span><\/strong><\/p>\n<p><em><a href=\"https:\/\/liveshowdalat.vn\/en\/lululola-show-07-02-2025-vicky-nhung-phan-duy-anh-da-lat-cua-chung-ta.html\/\" target=\"_blank\" rel=\"noopener\">https:\/\/liveshowdalat.vn\/lululola-show-07-02-2025-vicky-nhung-phan-duy-anh-da-lat-cua-chung-ta.html<\/a><\/em><\/p>\n<p><strong><span style=\"font-size: 14pt;color: #000000\">\u03bf 08\/02\/2025 | PH\u01af\u01a0NG LINH \u2013 L\u00ca HI\u1ebeU &#8211; LululoLa Show | \u0110\u00caM C\u00d4 \u0110\u01a0N<\/span><\/strong><\/p>\n<p><em><a href=\"https:\/\/liveshowdalat.vn\/en\/lululola-show-08-02-2025-phuong-linh-le-hieu-dem-co-don.html\/\" target=\"_blank\" rel=\"noopener\">https:\/\/liveshowdalat.vn\/lululola-show-08-02-2025-phuong-linh-le-hieu-dem-co-don.html<\/a><\/em><\/p>\n<p><strong><span style=\"font-size: 14pt;color: #000000\">\u03bf 14\/02\/2025 | T\u0102NG PH\u00daC &#8211; LululoLa Show | EM C\u00d2N NH\u1eda ANH KH\u00d4NG<\/span><\/strong><\/p>\n<p><span style=\"color: #800080\"><em><a style=\"color: #800080\" href=\"https:\/\/liveshowdalat.vn\/en\/lululola-show-14-02-2025-tang-phuc-em-con-nho-anh-khong.html\/\" target=\"_blank\" rel=\"noopener\">https:\/\/liveshowdalat.vn\/lululola-show-14-02-2025-tang-phuc-em-con-nho-anh-khong.html<\/a><\/em><\/span><\/p>\n<p><strong><span style=\"font-size: 14pt;color: #000000\">\u03bf 15\/02\/2025 | QU\u1ed0C THI\u00caN &#8211; KM PH\u01af\u1ee2NG V\u0168 &#8211; LululoLa Show | R\u1ed2I MAI TH\u1ee8C GI\u1ea4C<\/span><\/strong><\/p>\n<p><em><a href=\"https:\/\/liveshowdalat.vn\/en\/lululola-show-15-02-2025-quoc-thien-km-phuong-vu-roi-mai-thuc-giac.html\/\" target=\"_blank\" rel=\"noopener\">https:\/\/liveshowdalat.vn\/lululola-show-15-02-2025-quoc-thien-km-phuong-vu-roi-mai-thuc-giac.html<\/a><\/em><\/p>\n<p><strong><span style=\"font-size: 14pt;color: #000000\">\u03bf 21\/02\/2025 | \u00a0V\u0102N MAI H\u01af\u01a0NG &#8211; LululoLa Show | MAI \u0110\u00c2Y EM TH\u01af\u01a0NG M\u1ed8T CH\u00c0NG TRAI<\/span><\/strong><\/p>\n<p><em><a href=\"https:\/\/liveshowdalat.vn\/en\/lululola-show-21-02-2025-van-mai-huong-mai-day-em-thuong-mot-chang-trai.html\/\" target=\"_blank\" rel=\"noopener\">https:\/\/liveshowdalat.vn\/lululola-show-21-02-2025-van-mai-huong-mai-day-em-thuong-mot-chang-trai.html<\/a><\/em><\/p>\n<p><strong><span style=\"font-size: 14pt;color: #000000\">\u03bf 22\/02\/2025 | V\u0168 C\u00c1T T\u01af\u1edcNG &#8211; LululoLa Show | C\u00d4 G\u00c1I NG\u00c0Y H\u00d4M QUA<\/span><\/strong><\/p>\n<p><em><a href=\"https:\/\/liveshowdalat.vn\/en\/lululola-show-22-02-2025-vu-cat-tuong-co-gai-ngay-hom-qua.html\/\" target=\"_blank\" rel=\"noopener\">https:\/\/liveshowdalat.vn\/lululola-show-22-02-2025-vu-cat-tuong-co-gai-ngay-hom-qua.html<\/a><\/em><\/p>\n<p><strong><span style=\"font-size: 14pt;color: #000000\">\u03bf 28\/02\/2025 | \u00a0H\u00c0 NHI \u2013 MAI TI\u1ebeN D\u0168NG &#8211; LululoLa Show | \u0110\u1eeaNG K\u00c9O \u0110\u00d4I CH\u00c2N EM L\u1ea0I<\/span><\/strong><\/p>\n<p><em><a href=\"https:\/\/liveshowdalat.vn\/en\/lululola-show-28-02-2025-ha-nhi-mai-tien-dung-dung-keo-doi-chan-em-lai.html\/\" target=\"_blank\" rel=\"noopener\">https:\/\/liveshowdalat.vn\/lululola-show-28-02-2025-ha-nhi-mai-tien-dung-dung-keo-doi-chan-em-lai.html<\/a><\/em><\/p>\n<div dir=\"auto\">\u2014\u2014\u2014\u2014\u2014\u2014\u2014\u2014\u2014\u2014\u2014\u2014\u2014\u2014\u2014\u2014\u2014<\/div>\n<div dir=\"auto\"><strong><span style=\"font-size: 14pt\">Lululola Show \u0110\u00e0 L\u1ea1t<\/span><\/strong><\/div>\n<div dir=\"auto\"><strong><span style=\"font-size: 14pt\">Add: \u0110\u1ea7u \u0111\u00e8o Prenn, \u0110\u01b0\u1eddng 3\/4, Ph\u01b0\u1eddng 3, Tp \u0110\u00e0 L\u1ea1t<\/span><\/strong><\/div>\n<div dir=\"auto\">L\u1ecaCH DI\u1ec4N LULULOLA SHOW TH\u00c1NG 02\/2025<\/div>\n<div dir=\"auto\"><img loading=\"lazy\" decoding=\"async\" class=\"size-full wp-image-44331 aligncenter\" src=\"https:\/\/liveshowdalat.vn\/wp-content\/uploads\/2024\/10\/438222737_745486067737351_4789493544977373019_n.jpg\" alt=\"Lululola Show\" width=\"2048\" height=\"1366\" srcset=\"https:\/\/liveshowdalat.vn\/wp-content\/uploads\/2024\/10\/438222737_745486067737351_4789493544977373019_n.jpg 2048w, https:\/\/liveshowdalat.vn\/wp-content\/uploads\/2024\/10\/438222737_745486067737351_4789493544977373019_n-1024x683.jpg 1024w, https:\/\/liveshowdalat.vn\/wp-content\/uploads\/2024\/10\/438222737_745486067737351_4789493544977373019_n-768x512.jpg 768w, https:\/\/liveshowdalat.vn\/wp-content\/uploads\/2024\/10\/438222737_745486067737351_4789493544977373019_n-1536x1025.jpg 1536w, https:\/\/liveshowdalat.vn\/wp-content\/uploads\/2024\/10\/438222737_745486067737351_4789493544977373019_n-600x400.jpg 600w\" sizes=\"(max-width: 2048px) 100vw, 2048px\" \/><\/div>\n<p><span style=\"font-size: 18pt;color: #800000\"><b>(*)Ghi ch\u00fa:<\/b><\/span><\/p>\n<p><span style=\"font-weight: 400;font-size: 14pt\">Ch\u1ed7 ng\u01b0\u1eddi l\u1edbn tr\u00ean 12 tu\u1ed5i \u0111\u01b0\u1ee3c t\u00ednh b\u1eb1ng 100% gi\u00e1 ph\u1ee5 thu.<\/span><\/p>\n<p><span style=\"font-weight: 400;font-size: 14pt\">Ch\u1ed7 tr\u1ebb em t\u1eeb 6 \u0111\u1ebfn 12 tu\u1ed5i \u0111\u01b0\u1ee3c t\u00ednh b\u1eb1ng 50% gi\u00e1 ph\u1ee5 thu.<\/span><\/p>\n<p><span style=\"font-weight: 400;font-size: 14pt\">Tr\u1ebb em d\u01b0\u1edbi 6 tu\u1ed5i \u0111\u01b0\u1ee3c mi\u1ec5n ph\u00ed (ng\u1ed3i c\u00f9ng ng\u01b0\u1eddi l\u1edbn v\u00e0 kh\u00f4ng c\u00f3 gh\u1ebf ri\u00eang)<\/span><\/p>\n<p><span style=\"font-weight: 400;font-size: 14pt\">Qu\u00fd kh\u00e1ch vui l\u00f2ng thanh to\u00e1n chuy\u1ec3n kho\u1ea3n tr\u01b0\u1edbc 12h \u0111\u1ec3 gi\u1eef \u0111\u1eb7t ch\u1ed7.(t\u00ednh t\u1eeb th\u1eddi \u0111i\u1ec3m \u0111\u1eb7t ch\u1ed7)<\/span><\/p>\n<p><span style=\"font-weight: 400;font-size: 14pt\">C\u00e1c \u0110\u1eb7t ch\u1ed7 kh\u00f4ng th\u1ef1c hi\u1ec7n \u0111\u00fang v\u00e0 \u0111\u1ee7 c\u00e1c b\u01b0\u1edbc v\u00e0 \u0111\u1ea3m b\u1ea3o th\u1eddi gian theo quy \u0111\u1ecbnh s\u1ebd t\u1ef1 \u0111\u1ed3ng b\u1ecb h\u1ee7y m\u00e0 kh\u00f4ng c\u1ea7n th\u00f4ng b\u00e1o tr\u01b0\u1edbc.<\/span><\/p>\n<p><span style=\"font-size: 18pt;color: #800000\"><b>(*)Ch\u00ednh s\u00e1ch ho\u00e0n v\u00e9, hu\u1ef7 v\u00e9 v\u00e0 b\u1ea3o l\u01b0u.<\/b><\/span><\/p>\n<p><strong><span style=\"font-size: 14pt\">1. Hu\u1ef7 V\u00e9 v\u00e0 B\u1ea3o L\u01b0u V\u00e9:<\/span><\/strong><\/p>\n<p><span style=\"font-weight: 400;font-size: 14pt\">\u2013 Y\u00eau c\u1ea7u hu\u1ef7 v\u00e9 v\u00e0 b\u1ea3o l\u01b0u tr\u01b0\u1edbc gi\u1edd show h\u01a1n 48h . Lululola b\u1ea3o l\u01b0u 70% gi\u00e1 tr\u1ecb v\u00e9.<\/span><\/p>\n<p><span style=\"font-weight: 400;font-size: 14pt\">\u2013 Y\u00eau c\u1ea7u hu\u1ef7 v\u00e9 v\u00e0 b\u1ea3o l\u01b0u tr\u01b0\u1edbc gi\u1edd show trong v\u00f2ng 12-48h. Lululola b\u1ea3o l\u01b0u 50% gi\u00e1 tr\u1ecb v\u00e9.<\/span><\/p>\n<p><span style=\"font-weight: 400;font-size: 14pt\">\u2013 Y\u00eau c\u1ea7u hu\u1ef7 v\u00e9 v\u00e0 b\u1ea3o l\u01b0u tr\u01b0\u1edbc gi\u1edd show d\u01b0\u1edbi 12h. Lululola kh\u00f4ng b\u1ea3o l\u01b0u v\u00e9.<\/span><\/p>\n<p><span style=\"font-size: 14pt;color: #003300\"><b>* Gi\u00e1 tr\u1ecb b\u1ea3o l\u01b0u c\u00f3 th\u1eddi h\u1ea1n 90 ng\u00e0y cho nh\u1eefng show sau.<\/b><\/span><\/p>\n<p><strong><span style=\"font-size: 14pt\">2. Hu\u1ef7 V\u00e9 v\u00e0 Ho\u00e0n Ti\u1ec1n<\/span><\/strong><\/p>\n<p><span style=\"font-weight: 400;font-size: 14pt\">\u2013 Y\u00eau c\u1ea7u hu\u1ef7 v\u00e9 v\u00e0 ho\u00e0n ti\u1ec1n tr\u01b0\u1edbc gi\u1edd show h\u01a1n 48h . Ho\u00e0n 50% gi\u00e1 Tr\u1ecb v\u00e9<\/span><\/p>\n<p><span style=\"font-weight: 400;font-size: 14pt\">\u2013 Y\u00eau c\u1ea7u hu\u1ef7 v\u00e9 v\u00e0 ho\u00e0n ti\u1ec1n tr\u01b0\u1edbc gi\u1edd show trong v\u00f2ng 12-48h. Ho\u00e0n 30% gi\u00e1 Tr\u1ecb v\u00e9<\/span><\/p>\n<p><span style=\"font-weight: 400;font-size: 14pt\">\u2013 Y\u00eau c\u1ea7u hu\u1ef7 v\u00e9 v\u00e0 ho\u00e0n ti\u1ec1n tr\u01b0\u1edbc gi\u1edd show d\u01b0\u1edbi 12h. Kh\u00f4ng ho\u00e0n ti\u1ec1n.<\/span><\/p>\n<p><img loading=\"lazy\" decoding=\"async\" class=\"size-full wp-image-44592\" src=\"https:\/\/liveshowdalat.vn\/wp-content\/uploads\/2024\/04\/Lululola-Show-2.jpg\" alt=\"\" width=\"2000\" height=\"1600\" srcset=\"https:\/\/liveshowdalat.vn\/wp-content\/uploads\/2024\/04\/Lululola-Show-2.jpg 2000w, https:\/\/liveshowdalat.vn\/wp-content\/uploads\/2024\/04\/Lululola-Show-2-1024x819.jpg 1024w, https:\/\/liveshowdalat.vn\/wp-content\/uploads\/2024\/04\/Lululola-Show-2-768x614.jpg 768w, https:\/\/liveshowdalat.vn\/wp-content\/uploads\/2024\/04\/Lululola-Show-2-1536x1229.jpg 1536w, https:\/\/liveshowdalat.vn\/wp-content\/uploads\/2024\/04\/Lululola-Show-2-600x480.jpg 600w\" sizes=\"(max-width: 2000px) 100vw, 2000px\" \/><\/p>\n<p><img loading=\"lazy\" decoding=\"async\" class=\"size-full wp-image-44590\" src=\"https:\/\/liveshowdalat.vn\/wp-content\/uploads\/2024\/04\/Lululola-Show-3.jpg\" alt=\"\" width=\"2000\" height=\"1600\" srcset=\"https:\/\/liveshowdalat.vn\/wp-content\/uploads\/2024\/04\/Lululola-Show-3.jpg 2000w, https:\/\/liveshowdalat.vn\/wp-content\/uploads\/2024\/04\/Lululola-Show-3-1024x819.jpg 1024w, https:\/\/liveshowdalat.vn\/wp-content\/uploads\/2024\/04\/Lululola-Show-3-768x614.jpg 768w, https:\/\/liveshowdalat.vn\/wp-content\/uploads\/2024\/04\/Lululola-Show-3-1536x1229.jpg 1536w, https:\/\/liveshowdalat.vn\/wp-content\/uploads\/2024\/04\/Lululola-Show-3-600x480.jpg 600w\" sizes=\"(max-width: 2000px) 100vw, 2000px\" \/><\/p>\n<p><img loading=\"lazy\" decoding=\"async\" class=\"size-full wp-image-44593\" src=\"https:\/\/liveshowdalat.vn\/wp-content\/uploads\/2024\/04\/Lululola-Show-4.jpg\" alt=\"\" width=\"2000\" height=\"1600\" srcset=\"https:\/\/liveshowdalat.vn\/wp-content\/uploads\/2024\/04\/Lululola-Show-4.jpg 2000w, https:\/\/liveshowdalat.vn\/wp-content\/uploads\/2024\/04\/Lululola-Show-4-1024x819.jpg 1024w, https:\/\/liveshowdalat.vn\/wp-content\/uploads\/2024\/04\/Lululola-Show-4-768x614.jpg 768w, https:\/\/liveshowdalat.vn\/wp-content\/uploads\/2024\/04\/Lululola-Show-4-1536x1229.jpg 1536w, https:\/\/liveshowdalat.vn\/wp-content\/uploads\/2024\/04\/Lululola-Show-4-600x480.jpg 600w\" sizes=\"(max-width: 2000px) 100vw, 2000px\" \/><\/p>\n<h2 id=\"lien-he-book-ve\"><span style=\"color: #800000\"><b>Li\u00ean H\u1ec7 Book V\u00e9\u00a0<\/b><\/span><\/h2>\n<p><span style=\"color: #003300;font-size: 14pt\"><b>Hotline\/Zalo: 0988 249 297<\/b><\/span><\/p>\n<p><span style=\"font-size: 14pt\"><span style=\"font-weight: 400\">Fanpage booking: <\/span><a href=\"https:\/\/www.facebook.com\/liveshowdalat\/\" rel=\"noopener\"><span style=\"font-weight: 400\">Lululola Coffee+<\/span><\/a><\/span><\/p>\n<p><span style=\"font-size: 14pt\"><span style=\"font-weight: 400\">Xem th\u00eam b\u00e0i vi\u1ebft kh\u00e1c t\u1ea1i: <a href=\"https:\/\/lululolashow.com\/\" rel=\"noopener\">Lululola Show<\/a><\/span><\/span><\/p>\n<p>&nbsp;<\/p>","protected":false},"excerpt":{"rendered":"<p><strong>L\u1ecbch di\u1ec5n LULULOLA SHOW TH\u00c1NG 2\/2025<\/strong><\/p>","protected":false},"featured_media":45610,"comment_status":"open","ping_status":"closed","template":"","meta":[],"product_cat":[2421,31],"product_tag":[2629,3007,2606],"_links":{"self":[{"href":"https:\/\/liveshowdalat.vn\/en\/wp-json\/wp\/v2\/product\/45272"}],"collection":[{"href":"https:\/\/liveshowdalat.vn\/en\/wp-json\/wp\/v2\/product"}],"about":[{"href":"https:\/\/liveshowdalat.vn\/en\/wp-json\/wp\/v2\/types\/product"}],"replies":[{"embeddable":true,"href":"https:\/\/liveshowdalat.vn\/en\/wp-json\/wp\/v2\/comments?post=45272"}],"wp:featuredmedia":[{"embeddable":true,"href":"https:\/\/liveshowdalat.vn\/en\/wp-json\/wp\/v2\/media\/45610"}],"wp:attachment":[{"href":"https:\/\/liveshowdalat.vn\/en\/wp-json\/wp\/v2\/media?parent=45272"}],"wp:term":[{"taxonomy":"product_cat","embeddable":true,"href":"https:\/\/liveshowdalat.vn\/en\/wp-json\/wp\/v2\/product_cat?post=45272"},{"taxonomy":"product_tag","embeddable":true,"href":"https:\/\/liveshowdalat.vn\/en\/wp-json\/wp\/v2\/product_tag?post=45272"}],"curies":[{"name":"wp","href":"https:\/\/api.w.org\/{rel}","templated":true}]}}