{"id":45266,"date":"2024-12-02T11:38:43","date_gmt":"2024-12-02T04:38:43","guid":{"rendered":"https:\/\/liveshowdalat.vn\/?post_type=product&#038;p=45266"},"modified":"2024-12-21T21:31:33","modified_gmt":"2024-12-21T14:31:33","slug":"lich-dien-may-lang-thang-thang-01-2025","status":"publish","type":"product","link":"https:\/\/liveshowdalat.vn\/en\/lich-dien-may-lang-thang-thang-01-2025.html","title":{"rendered":"[T\u1ed4NG H\u1ee2P] L\u1ecaCH DI\u1ec4N M\u00c2Y LANG THANG TH\u00c1NG 01\/2025"},"content":{"rendered":"<nav class=\"vietrick-auto-toc\">\n<div class=\"box-title\">\n<h3 class=\"toc-title\" id=\"select-menu\">Danh m\u1ee5c ch\u00ednh<\/h3>\n<div><ion-icon name=\"chevron-up-outline\"><\/ion-icon><\/div>\n<\/div>\n<ul class=\"toc-list\">\n<li><a href='https:\/\/liveshowdalat.vn\/en#lich-dien-may-lang-thang-thang-01-2025' class='heading-h2 toc-link smooth-scroll'>L\u1ecaCH DI\u1ec4N M\u00c2Y LANG THANG TH\u00c1NG 01\/2025<\/a>\n<li><a href='https:\/\/liveshowdalat.vn\/en#lien-he-book-ve' class='heading-h2 toc-link smooth-scroll'>Li\u00ean H\u1ec7 Book V\u00e9\u00a0<\/a><\/ul>\n<\/ul>\n<\/li>\n<\/ul>\n<\/nav>\n<h2 style=\"text-align: center\" id=\"lich-dien-may-lang-thang-thang-01-2025\"><span style=\"color: #003300\"><strong><span style=\"font-size: 24pt\">L\u1ecaCH DI\u1ec4N M\u00c2Y LANG THANG TH\u00c1NG 01\/2025<\/span><\/strong><\/span><\/h2>\n<p style=\"text-align: center\"><span style=\"color: #333399\"><strong>[UPDATE LI\u00caN T\u1ee4C]<\/strong><\/span><\/p>\n<p><span style=\"font-size: 18pt;color: #000080\"><b>L\u1ecaCH DI\u1ec4N TR\u00caN M\u00c2Y TH\u00c1NG 01\/2025<\/b><\/span><\/p>\n<p><strong><em><span style=\"font-family: 'comic sans ms', sans-serif;font-size: 14pt;color: #333399\"><span style=\"font-family: georgia, palatino, serif\">Cloud Wandered Show<\/span><\/span><\/em><\/strong><em><span style=\"font-family: 'comic sans ms', sans-serif;font-size: 14pt;color: #333399\">&#8211; n\u01a1i<\/span><\/em><em><span style=\"font-family: 'comic sans ms', sans-serif;font-size: 14pt;color: #333399\"> \u00e2m nh\u1ea1c v\u00e0 c\u1ea3m x\u00fac h\u00f2a quy\u1ec7n, n\u01a1i m\u1ecdi kho\u1ea3nh kh\u1eafc h\u00f3a th\u00e0nh ng\u01b0ng \u0111\u1ecdng v\u1edbi th\u1eddi gian trong nh\u1eefng b\u1ea3n t\u00ecnh ca s\u00e2u l\u1eafng.<\/span><\/em><\/p>\n<p><span style=\"font-family: arial, helvetica, sans-serif;font-size: 14pt\"><b>Ch\u00e0o n\u0103m m\u1edbi c\u00f9ng nh\u1eefng liveshow b\u00f9ng n\u1ed5 t\u1ea1i M\u00e2y Lang Thang v\u00e0o th\u00e1ng 1 n\u00e0y!!<\/b><\/span><\/p>\n<p><b><\/b><span style=\"font-family: arial, helvetica, sans-serif;font-size: 14pt\">M\u1ed9t n\u0103m m\u1edbi l\u1ea1i \u0111\u1ebfn v\u00e0 M\u00e2y Lang Thang v\u1eabn ti\u1ebfp t\u1ee5c con \u0111\u01b0\u1eddng mang \u00e2m nh\u1ea1c \u0111i kh\u1eafp m\u1ecdi ng\u00f3c ng\u00e1ch trong l\u00f2ng ng\u01b0\u1eddi y\u00eau nh\u1ea1c. <\/span><\/p>\n<p><span style=\"font-family: arial, helvetica, sans-serif;font-size: 14pt\">B\u1ea1n \u0111\u00e3 s\u1eb5n s\u00e0ng cho nh\u1eefng kho\u1ea3nh kh\u1eafc say \u0111\u1eafm, nh\u1eefng gi\u00e2y ph\u00fat th\u0103ng hoa v\u00e0 c\u1ea3 h\u00e0nh tr\u00ecnh kh\u00e1m ph\u00e1 \u0111\u1ea7y m\u1edbi m\u1ebb c\u00f9ng \u00e2m nh\u1ea1c c\u1ee7a M\u00e2y Lang Thang !??<\/span><\/p>\n<p><span style=\"font-size: 14pt;color: #000000\">N\u1ebfu v\u1eabn c\u00f2n t\u00f2 m\u00f2 &#8220;th\u1ef1c \u0111\u01a1n&#8221; cho t\u00e2m h\u1ed3n th\u00e1ng 1 n\u00e0y c\u00f3 g\u00ec, th\u00ec h\u00e3y nhanh tay check ngay <strong>L\u1ecbch di\u1ec5n M\u00e2y Lang Thang th\u00e1ng 01\/2025<\/strong> nh\u00e9<\/span><\/p>\n<p><span style=\"font-family: arial, helvetica, sans-serif;font-size: 14pt\"> \u2665 <\/span><span style=\"font-size: 14pt;color: #000000;font-family: arial, helvetica, sans-serif\">H\u00e3y c\u1eadp nh\u1eadt l\u1ecbch tr\u00ecnh v\u00e0 \u0111\u1eebng b\u1ecf l\u1ee1 c\u01a1 h\u1ed9i th\u01b0\u1edfng th\u1ee9c nh\u1eefng show di\u1ec5n tuy\u1ec7t v\u1eddi t\u1ea1i M\u00e2y Lang Thang b\u1ea1n nha !<\/span><\/p>\n<p><img loading=\"lazy\" decoding=\"async\" class=\"aligncenter wp-image-45268 size-full\" src=\"https:\/\/liveshowdalat.vn\/wp-content\/uploads\/2024\/12\/Lich-dien-May-Lang-Thang-thang-1.jpg\" alt=\"L\u1ecbch di\u1ec5n M\u00e2y Lang Thang th\u00e1ng 1L\u1ecaCH DI\u1ec4N M\u00c2Y LANG THANG TH\u00c1NG 01\/2025\" width=\"1638\" height=\"1638\" srcset=\"https:\/\/liveshowdalat.vn\/wp-content\/uploads\/2024\/12\/Lich-dien-May-Lang-Thang-thang-1.jpg 1638w, https:\/\/liveshowdalat.vn\/wp-content\/uploads\/2024\/12\/Lich-dien-May-Lang-Thang-thang-1-1024x1024.jpg 1024w, https:\/\/liveshowdalat.vn\/wp-content\/uploads\/2024\/12\/Lich-dien-May-Lang-Thang-thang-1-768x768.jpg 768w, https:\/\/liveshowdalat.vn\/wp-content\/uploads\/2024\/12\/Lich-dien-May-Lang-Thang-thang-1-1536x1536.jpg 1536w, https:\/\/liveshowdalat.vn\/wp-content\/uploads\/2024\/12\/Lich-dien-May-Lang-Thang-thang-1-300x300.jpg 300w, https:\/\/liveshowdalat.vn\/wp-content\/uploads\/2024\/12\/Lich-dien-May-Lang-Thang-thang-1-600x600.jpg 600w, https:\/\/liveshowdalat.vn\/wp-content\/uploads\/2024\/12\/Lich-dien-May-Lang-Thang-thang-1-100x100.jpg 100w\" sizes=\"(max-width: 1638px) 100vw, 1638px\" \/><\/p>\n<p><strong><span style=\"font-family: 'book antiqua', palatino, serif;font-size: 14pt\"><span style=\"font-family: arial, helvetica, sans-serif;color: #003300\"><span style=\"font-size: 18pt\"><span style=\"font-family: arial, helvetica, sans-serif\">\u2665 <\/span>M\u00c2Y LANG THANG \u0110\u00c0 L\u1ea0T<\/span><\/span><\/span><\/strong><\/p>\n<p><span style=\"font-size: 14pt\">&#8211; <strong>S\u00e2n kh\u1ea5u Chi\u1ec1u nh\u1ea1c tr\u00ean M\u00e2y<\/strong> &#8211; M\u00e2y in The Nest, 519 Th\u00f4n M\u0103ng Linh, Ph\u01b0\u1eddng 7, TP. \u0110\u00e0 L\u1ea1t \u0399 Show Time 17:00 &#8211; 19:00<\/span><\/p>\n<p><span style=\"font-size: 14pt\">&#8211; <strong>S\u00e2n kh\u1ea5u \u0110\u00eam nh\u1ea1c tr\u00ean M\u00e2y<\/strong> &#8211; Thung L\u0169ng M\u00e2y, S\u1ed1 4, Tr\u1ea7n Quang Di\u1ec7u, Ph\u01b0\u1eddng 10, TP. \u0110\u00e0 L\u1ea1t | Show Time 19:30 &#8211; 21:30<\/span><\/p>\n<hr \/>\n<p><strong><span style=\"font-size: 14pt\"><span style=\"color: #000000\">\u2013 03.01 H\u00c0 NHI\u00a0<\/span><\/span><\/strong><\/p>\n<p><span style=\"color: #003366\"><em><a href=\"https:\/\/liveshowdalat.vn\/en\/may-lang-thang-ha-nhi-03-01.html\/\">https:\/\/liveshowdalat.vn\/may-lang-thang-ha-nhi-03-01.html<\/a><\/em><br \/>\n<\/span><\/p>\n<p><strong><span style=\"font-size: 14pt\"><span style=\"color: #000000\">\u2013 04.01 L\u00ca HI\u1ebeU \u2013 \u0110\u0102NG KH\u00d4I\u00a0<\/span><\/span><\/strong><\/p>\n<p><span style=\"color: #000080\"><em><a href=\"https:\/\/liveshowdalat.vn\/en\/may-lang-thang-le-hieu-dang-khoi-04-01.html\/\">https:\/\/liveshowdalat.vn\/may-lang-thang-le-hieu-dang-khoi-04-01.html<\/a><br \/>\n<\/em><\/span><\/p>\n<p><strong><span style=\"font-size: 14pt\"><span style=\"color: #000000\">\u2013 10.01 CH\u1eca \u0110\u1eb8P L\u00caN M\u00c2Y\u00a0<\/span><\/span><\/strong><\/p>\n<p><em><a href=\"https:\/\/liveshowdalat.vn\/en\/may-lang-thang-minh-tuyet-pham-quynh-anh-10-01.html\/\">https:\/\/liveshowdalat.vn\/may-lang-thang-minh-tuyet-pham-quynh-anh-10-01.html<\/a><\/em><\/p>\n<p><strong><span style=\"font-size: 14pt\"><span style=\"color: #000000\">\u2013 11.01 M\u1ef8 LINH \u2013 UY\u00caN LINH\u00a0<\/span><\/span><\/strong><\/p>\n<p><em><a href=\"https:\/\/liveshowdalat.vn\/en\/may-lang-thang-uyen-linh-11-01.html\/\">https:\/\/liveshowdalat.vn\/may-lang-thang-uyen-linh-11-01.html<\/a><\/em><\/p>\n<p><strong><span style=\"font-size: 14pt\"><span style=\"color: #000000\"> \u2013 31.01 QU\u1ed0C THI\u00caN\u00a0<\/span><\/span><\/strong><\/p>\n<p><span style=\"color: #000080\"><em><a href=\"https:\/\/liveshowdalat.vn\/en\/may-lang-thang-quoc-thien-31-01.html\/\">https:\/\/liveshowdalat.vn\/may-lang-thang-quoc-thien-31-01.html<\/a><\/em><\/span><\/p>\n<p><strong><span style=\"font-size: 14pt\"><span style=\"color: #000000\">\u2013 31.01 H\u1ed2 V\u0102N C\u01af\u1edcNG \u2013 \u0110\u00c0 L\u1ea0T\u00a0<\/span><\/span><\/strong><\/p>\n<p><em><a href=\"https:\/\/liveshowdalat.vn\/en\/may-lang-thang-ho-van-cuong-da-lat-31-01.html\/\">https:\/\/liveshowdalat.vn\/may-lang-thang-ho-van-cuong-da-lat-31-01.html<\/a><\/em><\/p>\n<p><span style=\"font-size: 18pt\"><strong><span style=\"font-family: 'book antiqua', palatino, serif\"><span style=\"font-family: arial, helvetica, sans-serif;color: #003300\"><span style=\"font-family: arial, helvetica, sans-serif\">\u2665 <\/span>M\u00c2Y LANG THANG H\u00c0 N\u1ed8I <span style=\"color: #000000\">\u0399 <\/span><\/span><\/span><em><span style=\"color: #000000\">SOL 8 &#8211; LIVE STAGE (S\u1ed1 8, Ph\u1ed1 Nguy\u1ec5n C\u00f4ng Hoan, Gi\u1ea3ng V\u00f5, Ba \u0110\u00ecnh, H\u00e0 N\u1ed9i).<\/span><\/em><\/strong><\/span><\/p>\n<hr \/>\n<p><span style=\"font-size: 14pt\"><strong><span style=\"color: #000000\">\u2013 04.01\u00a0M\u00c2Y CONCERT #2 \u2013 THE DUETS\u00a0<\/span><\/strong><\/span><\/p>\n<p><span style=\"text-decoration: underline;color: #000080\"><em><a href=\"https:\/\/liveshowdalat.vn\/en\/may-concert-2-the-duets-04-01.html\/\">https:\/\/liveshowdalat.vn\/may-concert-2-the-duets-04-01.html<\/a><\/em><br \/>\n<\/span><\/p>\n<p><span style=\"font-size: 14pt\"><strong><span style=\"color: #000000\">\u2013 11.01 B\u00d9I ANH TU\u1ea4N \u2013 H\u00c0 N\u1ed8I\u00a0<\/span><\/strong><\/span><\/p>\n<p><em><a href=\"https:\/\/liveshowdalat.vn\/en\/bui-anh-tuan-11-01.html\/\">https:\/\/liveshowdalat.vn\/bui-anh-tuan-11-01.html<\/a><\/em><\/p>\n<p><span style=\"font-size: 14pt\"><strong><span style=\"color: #000000\">\u2013 25.01 THANH DUY\u00a0<\/span><\/strong><\/span><\/p>\n<p><em><a href=\"https:\/\/liveshowdalat.vn\/en\/may-lang-thang-thanh-duy-25-01.html\/\">https:\/\/liveshowdalat.vn\/may-lang-thang-thanh-duy-25-01.html<\/a><\/em><\/p>\n<p><span style=\"font-size: 14pt\"><strong><span style=\"color: #000000\">\u2013 01.02 QU\u1ed0C THI\u00caN \u2013 H\u00c0 N\u1ed8I\u00a0<\/span><\/strong><\/span><\/p>\n<p><em><a href=\"https:\/\/liveshowdalat.vn\/en\/quoc-thien-ha-noi-01-02.html\/\">https:\/\/liveshowdalat.vn\/quoc-thien-ha-noi-01-02.html<\/a><\/em><\/p>\n<p><span style=\"font-size: 14pt\"><strong><span style=\"color: #000000\">\u2013 02.02 H\u1ed2 V\u0102N C\u01af\u1edcNG \u2013 H\u00c0 N\u1ed8I\u00a0<\/span><\/strong><\/span><\/p>\n<p><em><a href=\"https:\/\/liveshowdalat.vn\/en\/may-lang-thang-ho-van-cuong-ha-noi-02-02.html\/\">https:\/\/liveshowdalat.vn\/may-lang-thang-ho-van-cuong-ha-noi-02-02.html<\/a><\/em><\/p>\n<p><span style=\"font-size: 14pt\"><span style=\"color: #003300;font-size: 18pt\"><b>Ch\u00ednh s\u00e1ch tr\u1ebb em b\u00ean M\u00e2y Lang Thang:<\/b><b><br \/>\n<\/b><\/span><\/span><span style=\"font-size: 14pt\">\u2013 B\u00e9 d\u01b0\u1edbi 1m: Kh\u00f4ng ph\u1ee5 thu n\u1ebfu ng\u1ed3i chung v\u1edbi ph\u1ee5 huynh trong su\u1ed1t th\u1eddi gian di\u1ec5n ra show.<br \/>\n<\/span><span style=\"font-size: 14pt\">\u2013 B\u00e9 cao t\u1eeb 1m \u0111\u1ebfn d\u01b0\u1edbi 1m2: gi\u1ea3m 30% ( c\u00f3 gh\u1ebf ri\u00eang ), ho\u00e0n ti\u1ec1n tr\u1ef1c ti\u1ebfp t\u1ea1i show.<\/span><br \/>\n<span style=\"font-size: 14pt\">\u2013 Tr\u00ean 1m2 v\u1eabn t\u00ednh v\u00e9 nh\u01b0 ng\u01b0\u1eddi l\u1edbn.<\/span><\/p>\n<p><img loading=\"lazy\" decoding=\"async\" class=\"size-full wp-image-45230 aligncenter\" src=\"https:\/\/liveshowdalat.vn\/wp-content\/uploads\/2024\/11\/May-In-The-Nest.jpg\" alt=\"M\u00e2y In The Nest - Chi\u1ec1u Nh\u1ea1c Tr\u00ean M\u00e2y\" width=\"2048\" height=\"1380\" srcset=\"https:\/\/liveshowdalat.vn\/wp-content\/uploads\/2024\/11\/May-In-The-Nest.jpg 2048w, https:\/\/liveshowdalat.vn\/wp-content\/uploads\/2024\/11\/May-In-The-Nest-1024x690.jpg 1024w, https:\/\/liveshowdalat.vn\/wp-content\/uploads\/2024\/11\/May-In-The-Nest-768x518.jpg 768w, https:\/\/liveshowdalat.vn\/wp-content\/uploads\/2024\/11\/May-In-The-Nest-1536x1035.jpg 1536w, https:\/\/liveshowdalat.vn\/wp-content\/uploads\/2024\/11\/May-In-The-Nest-600x404.jpg 600w\" sizes=\"(max-width: 2048px) 100vw, 2048px\" \/><\/p>\n<p><span style=\"font-size: 18pt;color: #003300\"><b>L\u01afU \u00dd<\/b><\/span><\/p>\n<p><span style=\"font-size: 14pt\">\u2013 BTC kh\u00f4ng h\u1ed7 tr\u1ee3 ho\u00e0n v\u00e9 d\u01b0\u1edbi m\u1ecdi h\u00ecnh th\u1ee9c<\/span><\/p>\n<p><span style=\"font-size: 14pt\">\u2013 Vui l\u00f2ng kh\u00f4ng mang \u0111\u1ed3 \u0103n n\u01b0\u1edbc u\u1ed1ng b\u00ean ngo\u00e0i v\u00e0o khu v\u1ef1c bi\u1ec3u di\u1ec5n<\/span><\/p>\n<p><span style=\"font-size: 14pt\">\u2013 Tr\u01b0\u1eddng h\u1ee3p h\u1ee7y v\u00e9 v\u00e0 b\u1ea3o l\u01b0u v\u00e9 c\u1ea7n th\u00f4ng b\u00e1o t\u1edbi BTC tr\u01b0\u1edbc 24 gi\u1edd, sau kho\u1ea3ng th\u1eddi gian tr\u00ean s\u1ebd kh\u00f4ng \u0111\u01b0\u1ee3c h\u1ed7 tr\u1ee3<\/span><\/p>\n<p><span style=\"font-size: 18pt;color: #003300\"><b><i>B\u1ea1n l\u01b0u \u00fd th\u00f4ng tin b\u1ea3o l\u01b0u sau:<\/i><\/b><\/span><\/p>\n<p><span style=\"font-size: 14pt\">\u2013 Th\u1eddi h\u1ea1n b\u1ea3o l\u01b0u l\u00e0 trong v\u00f2ng 6 th\u00e1ng, t\u00ednh theo ng\u00e0y x\u00e1c nh\u1eadn b\u1ea3o l\u01b0u.<\/span><\/p>\n<p><span style=\"font-size: 14pt\">\u2013 M\u00e2y s\u1ebd b\u1ea3o l\u01b0u s\u1ed1 ti\u1ec1n m\u00e0 kh\u00e1ch h\u00e0ng \u0111\u00e3 \u0111\u1eb7t ch\u1ed7.<\/span><\/p>\n<p><span style=\"font-size: 14pt\">\u2013 V\u1ecb tr\u00ed gh\u1ebf c\u1ee7a \u0111\u01a1n h\u00e0ng \u0111\u00e3 b\u1ea3o l\u01b0u, s\u1ebd \u0111\u01b0\u1ee3c m\u1edf b\u00e1n l\u1ea1i tr\u00ean website cho c\u00e1c show di\u1ec5n s\u1eafp t\u1edbi.<\/span><\/p>\n<p><span style=\"font-size: 14pt\">\u2013 Khi h\u1ed7 tr\u1ee3 \u0111\u1eb7t l\u1ea1i ch\u1ed7, v\u1edbi h\u1ea1ng gi\u00e1 cao h\u01a1n, qu\u00fd kh\u00e1ch vui l\u00f2ng b\u00f9 ph\u1ea7n ch\u00eanh l\u1ec7ch c\u00f2n thi\u1ebfu.<\/span><\/p>\n<p><span style=\"font-size: 14pt\">(Trong tr\u01b0\u1eddng h\u1ee3p h\u1ea1ng v\u00e9 th\u1ea5p s\u1ed1 ti\u1ec1n \u0111\u00e3 b\u1ea3o l\u01b0u, M\u00e2y kh\u00f4ng h\u1ed7 tr\u1ee3 ho\u00e0n ti\u1ec1n)<\/span><\/p>\n<p><span style=\"font-size: 14pt\">\u2013 \u00c1p d\u1ee5ng t\u1ea5t c\u1ea3 c\u00e1c chi nh\u00e1nh c\u1ee7a M\u00e2y Lang Thang.<\/span><\/p>\n<p><img loading=\"lazy\" decoding=\"async\" class=\"aligncenter wp-image-3034 size-full\" src=\"https:\/\/liveshowdalat.vn\/wp-content\/uploads\/2024\/02\/may-da-lat-1.jpg\" alt=\"M\u00e2y Lang Thang - m\u00e2y in the nest\" width=\"2000\" height=\"1600\" srcset=\"https:\/\/liveshowdalat.vn\/wp-content\/uploads\/2024\/02\/may-da-lat-1.jpg 2000w, https:\/\/liveshowdalat.vn\/wp-content\/uploads\/2024\/02\/may-da-lat-1-300x240.jpg 300w, https:\/\/liveshowdalat.vn\/wp-content\/uploads\/2024\/02\/may-da-lat-1-1024x819.jpg 1024w, https:\/\/liveshowdalat.vn\/wp-content\/uploads\/2024\/02\/may-da-lat-1-768x614.jpg 768w, https:\/\/liveshowdalat.vn\/wp-content\/uploads\/2024\/02\/may-da-lat-1-1536x1229.jpg 1536w, https:\/\/liveshowdalat.vn\/wp-content\/uploads\/2024\/02\/may-da-lat-1-600x480.jpg 600w\" sizes=\"(max-width: 2000px) 100vw, 2000px\" \/><img loading=\"lazy\" decoding=\"async\" class=\"aligncenter wp-image-43245 size-medium\" src=\"https:\/\/liveshowdalat.vn\/wp-content\/uploads\/2024\/07\/SOL-8-STAGE-Ha-Noi-1-1024x683.jpg\" alt=\"SOL 8 STAGE - H\u00e0 N\u1ed9i\" width=\"1024\" height=\"683\" srcset=\"https:\/\/liveshowdalat.vn\/wp-content\/uploads\/2024\/07\/SOL-8-STAGE-Ha-Noi-1-1024x683.jpg 1024w, https:\/\/liveshowdalat.vn\/wp-content\/uploads\/2024\/07\/SOL-8-STAGE-Ha-Noi-1-768x512.jpg 768w, https:\/\/liveshowdalat.vn\/wp-content\/uploads\/2024\/07\/SOL-8-STAGE-Ha-Noi-1-1536x1024.jpg 1536w, https:\/\/liveshowdalat.vn\/wp-content\/uploads\/2024\/07\/SOL-8-STAGE-Ha-Noi-1-600x400.jpg 600w, https:\/\/liveshowdalat.vn\/wp-content\/uploads\/2024\/07\/SOL-8-STAGE-Ha-Noi-1.jpg 1800w\" sizes=\"(max-width: 1024px) 100vw, 1024px\" \/><img loading=\"lazy\" decoding=\"async\" class=\"aligncenter wp-image-4137 size-full\" src=\"https:\/\/liveshowdalat.vn\/wp-content\/uploads\/2024\/05\/Thung-Lung-May-2.jpg\" alt=\"Thung L\u0169ng M\u00e2y \u0110\u00e0 L\u1ea1t\" width=\"2000\" height=\"1600\" srcset=\"https:\/\/liveshowdalat.vn\/wp-content\/uploads\/2024\/05\/Thung-Lung-May-2.jpg 2000w, https:\/\/liveshowdalat.vn\/wp-content\/uploads\/2024\/05\/Thung-Lung-May-2-300x240.jpg 300w, https:\/\/liveshowdalat.vn\/wp-content\/uploads\/2024\/05\/Thung-Lung-May-2-1024x819.jpg 1024w, https:\/\/liveshowdalat.vn\/wp-content\/uploads\/2024\/05\/Thung-Lung-May-2-768x614.jpg 768w, https:\/\/liveshowdalat.vn\/wp-content\/uploads\/2024\/05\/Thung-Lung-May-2-1536x1229.jpg 1536w, https:\/\/liveshowdalat.vn\/wp-content\/uploads\/2024\/05\/Thung-Lung-May-2-600x480.jpg 600w\" sizes=\"(max-width: 2000px) 100vw, 2000px\" \/><\/p>\n<h2 id=\"lien-he-book-ve\"><span style=\"color: #003300\"><b>Li\u00ean H\u1ec7 Book V\u00e9\u00a0<\/b><\/span><\/h2>\n<p>L\u1ecaCH DI\u1ec4N M\u00c2Y LANG THANG TH\u00c1NG 01\/2025<\/p>\n<p><span style=\"font-family: arial, helvetica, sans-serif\"><span style=\"font-size: 14pt;color: #000000\"><b>Hotline\/Zalo:\u00a0<\/b><\/span><strong><span style=\"font-size: 14pt\">0988 249 297<\/span><\/strong><\/span><\/p>\n<p><span style=\"font-size: 14pt\">Fanpage booking:\u00a0<a href=\"https:\/\/www.facebook.com\/liveshowdalat\/\" target=\"_blank\" rel=\"noopener\">M\u00e2y Lang Thang<\/a><\/span><\/p>\n<p><span style=\"font-size: 14pt\">Xem th\u00eam b\u00e0i vi\u1ebft kh\u00e1c t\u1ea1i:\u00a0<a href=\"https:\/\/maylangthangshow.com\/\" rel=\"noopener\">Cloud Wandered Show<\/a><\/span><\/p>\n<p>&nbsp;<\/p>\n<p>&nbsp;<\/p>","protected":false},"excerpt":{"rendered":"<p>L\u1ecbch di\u1ec5n M\u00e2y Lang Thang th\u00e1ng 01\/2025<\/p>","protected":false},"featured_media":45268,"comment_status":"open","ping_status":"closed","template":"","meta":[],"product_cat":[2420,31],"product_tag":[2684],"_links":{"self":[{"href":"https:\/\/liveshowdalat.vn\/en\/wp-json\/wp\/v2\/product\/45266"}],"collection":[{"href":"https:\/\/liveshowdalat.vn\/en\/wp-json\/wp\/v2\/product"}],"about":[{"href":"https:\/\/liveshowdalat.vn\/en\/wp-json\/wp\/v2\/types\/product"}],"replies":[{"embeddable":true,"href":"https:\/\/liveshowdalat.vn\/en\/wp-json\/wp\/v2\/comments?post=45266"}],"wp:featuredmedia":[{"embeddable":true,"href":"https:\/\/liveshowdalat.vn\/en\/wp-json\/wp\/v2\/media\/45268"}],"wp:attachment":[{"href":"https:\/\/liveshowdalat.vn\/en\/wp-json\/wp\/v2\/media?parent=45266"}],"wp:term":[{"taxonomy":"product_cat","embeddable":true,"href":"https:\/\/liveshowdalat.vn\/en\/wp-json\/wp\/v2\/product_cat?post=45266"},{"taxonomy":"product_tag","embeddable":true,"href":"https:\/\/liveshowdalat.vn\/en\/wp-json\/wp\/v2\/product_tag?post=45266"}],"curies":[{"name":"wp","href":"https:\/\/api.w.org\/{rel}","templated":true}]}}