{"id":45169,"date":"2024-11-23T18:22:44","date_gmt":"2024-11-23T11:22:44","guid":{"rendered":"https:\/\/liveshowdalat.vn\/?post_type=product&#038;p=45169"},"modified":"2025-05-23T06:38:51","modified_gmt":"2025-05-22T23:38:51","slug":"may-lang-thang-hai-phong-quoc-thien-02-02-sao-chep","status":"publish","type":"product","link":"https:\/\/liveshowdalat.vn\/en\/may-lang-thang-hai-phong-quoc-thien-02-02-sao-chep.html","title":{"rendered":"QU\u1ed0C THI\u00caN &#8211; H\u1ea2I PH\u00d2NG 02.02"},"content":{"rendered":"<nav class=\"vietrick-auto-toc\">\n<div class=\"box-title\">\n<h3 class=\"toc-title\" id=\"select-menu\">Danh m\u1ee5c ch\u00ednh<\/h3>\n<div><ion-icon name=\"chevron-up-outline\"><\/ion-icon><\/div>\n<\/div>\n<ul class=\"toc-list\">\n<li><a href='https:\/\/liveshowdalat.vn\/en#quoc-thien-hai-phong' class='heading-h2 toc-link smooth-scroll'>QU\u1ed0C THI\u00caN &#8211; H\u1ea2I PH\u00d2NG<\/a>\n<li><a href='https:\/\/liveshowdalat.vn\/en#lien-he-book-ve' class='heading-h2 toc-link smooth-scroll'>Li\u00ean H\u1ec7 Book V\u00e9\u00a0<\/a><\/ul>\n<\/ul>\n<\/li>\n<\/ul>\n<\/nav>\n<h2 style=\"text-align: center;\" id=\"quoc-thien-hai-phong\"><span style=\"font-size: 24pt; color: #003300;\"><strong>QU\u1ed0C THI\u00caN &#8211; H\u1ea2I PH\u00d2NG<\/strong><\/span><\/h2>\n<p style=\"text-align: center;\"><span style=\"color: #003366; font-size: 18pt;\"><strong>CUNG VHL\u0110 H\u1eeeU NGH\u1eca VI\u1ec6T TI\u1ec6P, TP. H\u1ea2I PH\u00d2NG<\/strong><\/span><\/p>\n<p style=\"text-align: center;\"><span style=\"font-family: 'courier new', courier, monospace;\"><span style=\"font-size: 14pt;\"><strong>02\/02\/2025<\/strong><\/span><\/span><\/p>\n<p style=\"text-align: center;\"><span style=\"color: #ff0000; font-size: 14pt; font-family: 'trebuchet ms', geneva, sans-serif;\"><strong>M\u00f9ng 5 T\u1ebft<\/strong><\/span><\/p>\n<p style=\"text-align: center;\"><span style=\"font-size: 14pt; font-family: 'courier new', courier, monospace;\"><strong>SHOW TIME 20:00<\/strong><\/span><\/p>\n<p style=\"text-align: center;\"><span style=\"font-size: 24pt; font-family: arial, helvetica, sans-serif; color: #333333;\"><strong>TH\u00d4NG TIN<\/strong><\/span><\/p>\n<table style=\"width: 100%; border-collapse: collapse; border-style: solid; border-color: #000000; height: 357px;\" border=\"1\">\n<tbody>\n<tr style=\"height: 56px;\">\n<td style=\"width: 50%; text-align: justify; height: 56px;\">\n<p><span style=\"font-size: 14pt;\"><strong>\u00a0PREMIUM \/ TH\u1ea2NH TH\u01a0I<\/strong><\/span><\/p>\n<\/td>\n<td style=\"width: 50%; text-align: center; height: 56px;\"><span style=\"font-family: helvetica, arial, sans-serif; font-size: 14pt;\">1,810,000 VN\u0110<\/span><\/td>\n<\/tr>\n<tr style=\"height: 56px;\">\n<td style=\"width: 50%; text-align: justify; height: 56px;\">\n<p><span style=\"font-size: 14pt;\"><strong>\u00a0VIP \/ B\u1ec0NH B\u1ed2NG<\/strong><\/span><\/p>\n<\/td>\n<td style=\"width: 50%; text-align: center; height: 56px;\"><span style=\"font-family: helvetica, arial, sans-serif; font-size: 14pt;\">1,510,000 VN\u0110<\/span><\/td>\n<\/tr>\n<tr style=\"height: 56px;\">\n<td style=\"width: 50%; text-align: justify; height: 38px;\">\n<p><span style=\"font-size: 14pt;\"><strong>\u00a0STANDARD 1 \/ M\u01a0 M\u00c0NG<\/strong><\/span><\/p>\n<\/td>\n<td style=\"width: 50%; text-align: center; height: 38px;\"><span style=\"font-family: helvetica, arial, sans-serif; font-size: 14pt;\">1,210,000 VN\u0110<\/span><\/td>\n<\/tr>\n<tr style=\"height: 96px;\">\n<td style=\"width: 50%; text-align: justify; height: 49px;\">\n<p><span style=\"font-size: 14pt;\"><strong>\u00a0STANDARD 2 \/ NH\u1edeN NH\u01a0<\/strong><\/span><\/p>\n<\/td>\n<td style=\"width: 50%; text-align: center; height: 49px;\"><span style=\"font-family: helvetica, arial, sans-serif; font-size: 14pt;\">960,000 VN\u0110<\/span><\/td>\n<\/tr>\n<tr style=\"height: 59px;\">\n<td style=\"width: 50%; text-align: justify; height: 59px;\">\n<p><span style=\"font-size: 14pt;\"><strong>\u00a0STANDARD 3 \/ L\u1eecNG L\u01a0<\/strong><\/span><\/p>\n<\/td>\n<td style=\"width: 50%; text-align: center; height: 59px;\"><span style=\"font-family: helvetica, arial, sans-serif; font-size: 14pt;\">760,000 VN\u0110<\/span><\/td>\n<\/tr>\n<tr style=\"height: 99px;\">\n<td style=\"width: 50%; text-align: justify; height: 99px;\">\n<p><span style=\"font-size: 14pt;\"><strong>\u00a0STANDARD 4 \/ TH\u1ea8N TH\u01a0<\/strong><\/span><\/p>\n<p>(Khu v\u1ef1c h\u1ea1n ch\u1ebf t\u1ea7m nh\u00ecn)<\/p>\n<\/td>\n<td style=\"width: 50%; text-align: center; height: 99px;\"><span style=\"font-family: helvetica, arial, sans-serif; font-size: 14pt;\">560,000 VN\u0110<\/span><\/td>\n<\/tr>\n<\/tbody>\n<\/table>\n<p><img loading=\"lazy\" decoding=\"async\" class=\"size-full wp-image-45138 aligncenter\" src=\"https:\/\/liveshowdalat.vn\/wp-content\/uploads\/2024\/11\/May-Lang-Thang-Thang-2-1.jpg\" alt=\"M\u00e2y Lang Thang H\u1ea3i Ph\u00f2ng - Th\u00e1ng 2 \" width=\"1638\" height=\"2048\" srcset=\"https:\/\/liveshowdalat.vn\/wp-content\/uploads\/2024\/11\/May-Lang-Thang-Thang-2-1.jpg 1638w, https:\/\/liveshowdalat.vn\/wp-content\/uploads\/2024\/11\/May-Lang-Thang-Thang-2-1-819x1024.jpg 819w, https:\/\/liveshowdalat.vn\/wp-content\/uploads\/2024\/11\/May-Lang-Thang-Thang-2-1-768x960.jpg 768w, https:\/\/liveshowdalat.vn\/wp-content\/uploads\/2024\/11\/May-Lang-Thang-Thang-2-1-1229x1536.jpg 1229w, https:\/\/liveshowdalat.vn\/wp-content\/uploads\/2024\/11\/May-Lang-Thang-Thang-2-1-600x750.jpg 600w\" sizes=\"(max-width: 1638px) 100vw, 1638px\" \/><\/p>\n<p><span style=\"font-size: 14pt;\"><span style=\"color: #003300; font-size: 18pt;\"><b>Ch\u00ednh s\u00e1ch tr\u1ebb em b\u00ean M\u00e2y Lang Thang:<\/b><b><br \/>\n<\/b><\/span><\/span><span style=\"font-size: 14pt;\">\u2013 B\u00e9<strong> d\u01b0\u1edbi 1m:<\/strong> kh\u00f4ng ph\u1ee5 thu n\u1ebfu ng\u1ed3i chung v\u1edbi ph\u1ee5 huynh<br \/>\n\u2013 B\u00e9 t\u1eeb <strong>1m \u0111\u1ebfn d\u01b0\u1edbi 1m2<\/strong>: gi\u1ea3m 30% ( c\u00f3 gh\u1ebf ri\u00eang ), ho\u00e0n ti\u1ec1n tr\u1ef1c ti\u1ebfp t\u1ea1i show.<\/span><br \/>\n<span style=\"font-size: 14pt;\">\u2013 <strong>Tr\u00ean 1m2<\/strong>: v\u1eabn t\u00ednh v\u00e9 nh\u01b0 ng\u01b0\u1eddi l\u1edbn.<\/span><br \/>\n<span style=\"font-size: 14pt;\">***<\/span><br \/>\n<span style=\"font-size: 14pt;\">\u2013 \u0110\u1ecba ch\u1ec9: <strong>CUNG V\u0102N H\u00d3A H\u1eeeU NGH\u1eca VI\u1ec6T TI\u1ec6P &#8211; 53 L\u1ea1ch Tray, Ng\u00f4 Quy\u1ec1n, H\u1ea3i Ph\u00f2ng.<\/strong><\/span><br \/>\n<span style=\"font-size: 14pt;\">\u2013 Qu\u00fd kh\u00e1ch l\u01b0u \u00fd \u0111\u1ecba \u0111i\u1ec3m t\u1ed5 ch\u1ee9c \u0111\u1ec3 s\u1eafp x\u1ebfp th\u1eddi gian v\u00e0 ph\u01b0\u01a1ng ti\u1ec7n di chuy\u1ec3n ph\u00f9 h\u1ee3p.<\/span><\/p>\n<p><img loading=\"lazy\" decoding=\"async\" class=\"size-full wp-image-45136 aligncenter\" src=\"https:\/\/liveshowdalat.vn\/wp-content\/uploads\/2024\/11\/LIVESHOWDALAT.VN_.jpg\" alt=\"M\u00e2y Lang Thang H\u1ea3i Ph\u00f2ng - Th\u00e1ng 2\" width=\"2048\" height=\"1462\" srcset=\"https:\/\/liveshowdalat.vn\/wp-content\/uploads\/2024\/11\/LIVESHOWDALAT.VN_.jpg 2048w, https:\/\/liveshowdalat.vn\/wp-content\/uploads\/2024\/11\/LIVESHOWDALAT.VN_-1024x731.jpg 1024w, https:\/\/liveshowdalat.vn\/wp-content\/uploads\/2024\/11\/LIVESHOWDALAT.VN_-768x548.jpg 768w, https:\/\/liveshowdalat.vn\/wp-content\/uploads\/2024\/11\/LIVESHOWDALAT.VN_-1536x1097.jpg 1536w, https:\/\/liveshowdalat.vn\/wp-content\/uploads\/2024\/11\/LIVESHOWDALAT.VN_-600x428.jpg 600w\" sizes=\"(max-width: 2048px) 100vw, 2048px\" \/><\/p>\n<p><span style=\"font-size: 18pt; color: #003300;\"><b>L\u01afU \u00dd<\/b><\/span><\/p>\n<p><span style=\"font-size: 14pt;\">\u2013 BTC kh\u00f4ng h\u1ed7 tr\u1ee3 ho\u00e0n v\u00e9 d\u01b0\u1edbi m\u1ecdi h\u00ecnh th\u1ee9c<\/span><\/p>\n<p><span style=\"font-size: 14pt;\">\u2013 Vui l\u00f2ng kh\u00f4ng mang \u0111\u1ed3 \u0103n n\u01b0\u1edbc u\u1ed1ng b\u00ean ngo\u00e0i v\u00e0o khu v\u1ef1c bi\u1ec3u di\u1ec5n<\/span><\/p>\n<p><span style=\"font-size: 14pt;\">\u2013 Tr\u01b0\u1eddng h\u1ee3p h\u1ee7y v\u00e9 v\u00e0 b\u1ea3o l\u01b0u v\u00e9 c\u1ea7n th\u00f4ng b\u00e1o t\u1edbi BTC tr\u01b0\u1edbc 24 gi\u1edd, sau kho\u1ea3ng th\u1eddi gian tr\u00ean s\u1ebd kh\u00f4ng \u0111\u01b0\u1ee3c h\u1ed7 tr\u1ee3<\/span><\/p>\n<p><span style=\"font-size: 18pt; color: #003300;\"><b><i>B\u1ea1n l\u01b0u \u00fd th\u00f4ng tin b\u1ea3o l\u01b0u sau:<\/i><\/b><\/span><\/p>\n<p><span style=\"font-size: 14pt;\">\u2013 Th\u1eddi h\u1ea1n b\u1ea3o l\u01b0u l\u00e0 trong v\u00f2ng 6 th\u00e1ng, t\u00ednh theo ng\u00e0y x\u00e1c nh\u1eadn b\u1ea3o l\u01b0u.<\/span><\/p>\n<p><span style=\"font-size: 14pt;\">\u2013 M\u00e2y s\u1ebd b\u1ea3o l\u01b0u s\u1ed1 ti\u1ec1n m\u00e0 kh\u00e1ch h\u00e0ng \u0111\u00e3 \u0111\u1eb7t ch\u1ed7.<\/span><\/p>\n<p><span style=\"font-size: 14pt;\">\u2013 V\u1ecb tr\u00ed gh\u1ebf c\u1ee7a \u0111\u01a1n h\u00e0ng \u0111\u00e3 b\u1ea3o l\u01b0u, s\u1ebd \u0111\u01b0\u1ee3c m\u1edf b\u00e1n l\u1ea1i tr\u00ean website.<\/span><\/p>\n<p><span style=\"font-size: 14pt;\">\u2013 Khi h\u1ed7 tr\u1ee3 \u0111\u1eb7t l\u1ea1i ch\u1ed7, v\u1edbi h\u1ea1ng gi\u00e1 cao h\u01a1n, qu\u00fd kh\u00e1ch vui l\u00f2ng b\u00f9 ph\u1ea7n ch\u00eanh l\u1ec7ch c\u00f2n thi\u1ebfu.<\/span><\/p>\n<p><span style=\"font-size: 14pt;\">(Trong tr\u01b0\u1eddng h\u1ee3p h\u1ea1ng v\u00e9 th\u1ea5p s\u1ed1 ti\u1ec1n \u0111\u00e3 b\u1ea3o l\u01b0u, M\u00e2y kh\u00f4ng h\u1ed7 tr\u1ee3 ho\u00e0n ti\u1ec1n)<\/span><\/p>\n<p><span style=\"font-size: 14pt;\">\u2013 \u00c1p d\u1ee5ng t\u1ea5t c\u1ea3 c\u00e1c chi nh\u00e1nh c\u1ee7a M\u00e2y Lang Thang.<\/span><\/p>\n<p>&nbsp;<\/p>\n<p><img loading=\"lazy\" decoding=\"async\" class=\"size-full wp-image-45136 aligncenter\" src=\"https:\/\/liveshowdalat.vn\/wp-content\/uploads\/2024\/11\/LIVESHOWDALAT.VN_.jpg\" alt=\"M\u00e2y Lang Thang H\u1ea3i Ph\u00f2ng - Th\u00e1ng 2\" width=\"2048\" height=\"1462\" srcset=\"https:\/\/liveshowdalat.vn\/wp-content\/uploads\/2024\/11\/LIVESHOWDALAT.VN_.jpg 2048w, https:\/\/liveshowdalat.vn\/wp-content\/uploads\/2024\/11\/LIVESHOWDALAT.VN_-1024x731.jpg 1024w, https:\/\/liveshowdalat.vn\/wp-content\/uploads\/2024\/11\/LIVESHOWDALAT.VN_-768x548.jpg 768w, https:\/\/liveshowdalat.vn\/wp-content\/uploads\/2024\/11\/LIVESHOWDALAT.VN_-1536x1097.jpg 1536w, https:\/\/liveshowdalat.vn\/wp-content\/uploads\/2024\/11\/LIVESHOWDALAT.VN_-600x428.jpg 600w\" sizes=\"(max-width: 2048px) 100vw, 2048px\" \/><\/p>\n<h2 id=\"lien-he-book-ve\"><span style=\"color: #003300;\"><b>Li\u00ean H\u1ec7 Book V\u00e9\u00a0<\/b><\/span><\/h2>\n<p><span style=\"font-size: 14pt; color: #000000;\"><b>Hotline\/Zalo:\u00a0<\/b><\/span><span style=\"font-size: 14pt;\"><strong>0988 249 297<\/strong><\/span><\/p>\n<p><span style=\"font-size: 14pt;\">Fanpage booking:\u00a0<a href=\"https:\/\/www.facebook.com\/liveshowdalat\/\" target=\"_blank\" rel=\"noopener\">M\u00e2y Lang Thang<\/a><\/span><\/p>\n<p><span style=\"font-size: 14pt;\">Xem th\u00eam b\u00e0i vi\u1ebft kh\u00e1c t\u1ea1i:\u00a0<a href=\"https:\/\/maylangthangshow.com\/\" rel=\"noopener\">Cloud Wandered Show\u00a0<\/a><\/span><\/p>","protected":false},"excerpt":{"rendered":"<p>M\u00e2y Lang Thang H\u1ea3i Ph\u00f2ng &#8211; th\u00e1ng 02<\/p>","protected":false},"featured_media":45138,"comment_status":"open","ping_status":"closed","template":"","meta":[],"product_cat":[2564,2410,2426,31,49],"product_tag":[2933,2665,2781,75],"_links":{"self":[{"href":"https:\/\/liveshowdalat.vn\/en\/wp-json\/wp\/v2\/product\/45169"}],"collection":[{"href":"https:\/\/liveshowdalat.vn\/en\/wp-json\/wp\/v2\/product"}],"about":[{"href":"https:\/\/liveshowdalat.vn\/en\/wp-json\/wp\/v2\/types\/product"}],"replies":[{"embeddable":true,"href":"https:\/\/liveshowdalat.vn\/en\/wp-json\/wp\/v2\/comments?post=45169"}],"wp:featuredmedia":[{"embeddable":true,"href":"https:\/\/liveshowdalat.vn\/en\/wp-json\/wp\/v2\/media\/45138"}],"wp:attachment":[{"href":"https:\/\/liveshowdalat.vn\/en\/wp-json\/wp\/v2\/media?parent=45169"}],"wp:term":[{"taxonomy":"product_cat","embeddable":true,"href":"https:\/\/liveshowdalat.vn\/en\/wp-json\/wp\/v2\/product_cat?post=45169"},{"taxonomy":"product_tag","embeddable":true,"href":"https:\/\/liveshowdalat.vn\/en\/wp-json\/wp\/v2\/product_tag?post=45169"}],"curies":[{"name":"wp","href":"https:\/\/api.w.org\/{rel}","templated":true}]}}