{"id":44966,"date":"2024-11-16T04:47:01","date_gmt":"2024-11-15T21:47:01","guid":{"rendered":"https:\/\/liveshowdalat.vn\/?post_type=product&#038;p=44966"},"modified":"2024-11-16T05:35:09","modified_gmt":"2024-11-15T22:35:09","slug":"may-concert-2-the-duets-04-01","status":"publish","type":"product","link":"https:\/\/liveshowdalat.vn\/en\/may-concert-2-the-duets-04-01.html","title":{"rendered":"M\u00c2Y CONCERT #2 &#8211; THE DUETS 04.01"},"content":{"rendered":"<nav class=\"vietrick-auto-toc\">\n<div class=\"box-title\">\n<h3 class=\"toc-title\" id=\"select-menu\">Danh m\u1ee5c ch\u00ednh<\/h3>\n<div><ion-icon name=\"chevron-up-outline\"><\/ion-icon><\/div>\n<\/div>\n<ul class=\"toc-list\">\n<li><a href='https:\/\/liveshowdalat.vn\/en#may-concert-2-the-duets' class='heading-h2 toc-link smooth-scroll'>M\u00c2Y CONCERT #2 &#8211; THE DUETS<\/a>\n<li><a href='https:\/\/liveshowdalat.vn\/en#khanh-ha-to-chan-phong-quoc-thien-phuong-linh-lan-nha-uyen-linh' class='heading-h2 toc-link smooth-scroll'>KH\u00c1NH H\u00c0 &#8211; T\u00d4 CH\u1ea4N PHONG &#8211; QU\u1ed0C THI\u00caN &#8211; PH\u01af\u01a0NG LINH &#8211; L\u00c2N NH\u00c3 &#8211; UY\u00caN LINH<\/a>\n<li><a href='https:\/\/liveshowdalat.vn\/en#lien-he-book-ve' class='heading-h2 toc-link smooth-scroll'>Li\u00ean H\u1ec7 Book V\u00e9\u00a0<\/a><\/ul>\n<\/ul>\n<\/li>\n<\/ul>\n<\/nav>\n<h2 style=\"text-align: center\" id=\"may-concert-2-the-duets\"><strong><span style=\"font-size: 24pt;color: #000080\">M\u00c2Y CONCERT #2 &#8211; THE DUETS<\/span><\/strong><\/h2>\n<h2 style=\"text-align: center\" id=\"khanh-ha-to-chan-phong-quoc-thien-phuong-linh-lan-nha-uyen-linh\"><span style=\"color: #003300\"><strong><span style=\"font-size: 24pt\">KH\u00c1NH H\u00c0 &#8211; T\u00d4 CH\u1ea4N PHONG &#8211; QU\u1ed0C THI\u00caN &#8211; PH\u01af\u01a0NG LINH &#8211; L\u00c2N NH\u00c3 &#8211; UY\u00caN LINH<\/span><\/strong><\/span><\/h2>\n<p style=\"text-align: center\"><span style=\"font-size: 18pt\"><strong><span style=\"color: #003366\">TRUNG T\u00c2M H\u1ed8I NGH\u1eca QU\u1ed0C GIA<\/span><\/strong><\/span><\/p>\n<p style=\"text-align: center\"><span style=\"font-family: 'courier new', courier, monospace\"><span style=\"font-size: 14pt\"><strong>04\/01\/2025<\/strong><\/span><\/span><\/p>\n<p style=\"text-align: center\"><span style=\"font-size: 14pt;font-family: 'courier new', courier, monospace\"><strong>SHOW TIME 20:00<\/strong><\/span><\/p>\n<p style=\"text-align: center\"><span style=\"font-size: 24pt;font-family: arial, helvetica, sans-serif\"><strong>TH\u00d4NG TIN<\/strong><\/span><\/p>\n<table style=\"height: 411px;width: 100%;border-collapse: collapse;border-style: solid;border-color: #000000\" border=\"1\">\n<tbody>\n<tr style=\"height: 56px\">\n<td style=\"width: 50%;text-align: justify;height: 56px\">\n<p><span style=\"font-size: 18pt\"><strong>\u00a0DIAMOND<\/strong><\/span><\/p>\n<\/td>\n<td style=\"width: 50%;text-align: center;height: 56px\"><span style=\"font-family: helvetica, arial, sans-serif;font-size: 14pt\">4,550,000 VN\u0110<\/span><\/td>\n<\/tr>\n<tr style=\"height: 56px\">\n<td style=\"width: 50%;text-align: justify;height: 56px\">\n<p><span style=\"font-size: 18pt\"><strong>\u00a0PLATINUM<\/strong><\/span><\/p>\n<\/td>\n<td style=\"width: 50%;text-align: center;height: 56px\"><span style=\"font-family: helvetica, arial, sans-serif;font-size: 14pt\">3,850,000 VN\u0110<\/span><\/td>\n<\/tr>\n<tr style=\"height: 56px\">\n<td style=\"width: 50%;text-align: justify;height: 27px\">\n<p><span style=\"font-size: 18pt\"><strong>\u00a0GOLD<\/strong><\/span><\/p>\n<\/td>\n<td style=\"width: 50%;text-align: center;height: 27px\"><span style=\"font-family: helvetica, arial, sans-serif;font-size: 14pt\">3,550,000 VN\u0110<\/span><\/td>\n<\/tr>\n<tr style=\"height: 59px\">\n<td style=\"width: 50%;text-align: justify;height: 59px\">\n<p><span style=\"font-size: 18pt\"><strong>\u00a0LANG THANG<\/strong><\/span><\/p>\n<\/td>\n<td style=\"width: 50%;text-align: center;height: 59px\"><span style=\"font-family: helvetica, arial, sans-serif;font-size: 14pt\">2,850,000 VN\u0110<\/span><\/td>\n<\/tr>\n<tr style=\"height: 49px\">\n<td style=\"width: 50%;text-align: justify;height: 30px\">\n<p><span style=\"font-size: 18pt\"><strong>\u00a0B\u1ed2NG B\u1ec0NH<\/strong><\/span><\/p>\n<\/td>\n<td style=\"width: 50%;text-align: center;height: 30px\"><span style=\"font-family: helvetica, arial, sans-serif;font-size: 14pt\">2,350,000 VN\u0110<\/span><\/td>\n<\/tr>\n<tr style=\"height: 49px\">\n<td style=\"width: 50%;text-align: justify;height: 49px\">\n<p><span style=\"font-size: 18pt\"><strong>\u00a0TH\u1ea2NH TH\u01a0I<\/strong><\/span><\/p>\n<\/td>\n<td style=\"width: 50%;text-align: center;height: 49px\"><span style=\"font-family: helvetica, arial, sans-serif;font-size: 14pt\">1,850,000 VN\u0110<\/span><\/td>\n<\/tr>\n<tr style=\"height: 45px\">\n<td style=\"width: 50%;text-align: justify;height: 45px\">\n<p><span style=\"font-size: 18pt\"><strong>\u00a0M\u01a0 M\u00c0NG<\/strong><\/span><\/p>\n<\/td>\n<td style=\"width: 50%;text-align: center;height: 45px\"><span style=\"font-family: helvetica, arial, sans-serif;font-size: 14pt\">1,550,000 VN\u0110<\/span><\/td>\n<\/tr>\n<tr style=\"height: 87px\">\n<td style=\"width: 50%;text-align: justify;height: 42px\">\n<p><span style=\"font-size: 18pt\"><strong>\u00a0NH\u1edeN NH\u01a0<\/strong><\/span><\/p>\n<p><em><span style=\"font-size: 12pt\">(Khu v\u1ef1c thu\u1ed9c t\u1ea7ng 2)<\/span><\/em><\/p>\n<\/td>\n<td style=\"width: 50%;text-align: center;height: 42px\"><span style=\"font-family: helvetica, arial, sans-serif;font-size: 14pt\">1,250,000 VN\u0110<\/span><\/td>\n<\/tr>\n<tr style=\"height: 85px\">\n<td style=\"width: 50%;text-align: justify;height: 47px\">\n<p><span style=\"font-size: 18pt\"><strong>\u00a0L\u1eecNG L\u01a0<\/strong><\/span><\/p>\n<p><em><span style=\"font-size: 12pt\">(Khu v\u1ef1c thu\u1ed9c t\u1ea7ng 2)<\/span><\/em><\/p>\n<\/td>\n<td style=\"width: 50%;text-align: center;height: 47px\"><span style=\"font-family: helvetica, arial, sans-serif;font-size: 14pt\">950,000 VN\u0110<\/span><\/td>\n<\/tr>\n<\/tbody>\n<\/table>\n<p><img loading=\"lazy\" decoding=\"async\" class=\"size-medium wp-image-44948 aligncenter\" src=\"https:\/\/liveshowdalat.vn\/wp-content\/uploads\/2024\/11\/May-Lang-Thang-Thang-1-819x1024.jpg\" alt=\"M\u00e2y Lang Thang - Th\u00e1ng 1\" width=\"819\" height=\"1024\" srcset=\"https:\/\/liveshowdalat.vn\/wp-content\/uploads\/2024\/11\/May-Lang-Thang-Thang-1-819x1024.jpg 819w, https:\/\/liveshowdalat.vn\/wp-content\/uploads\/2024\/11\/May-Lang-Thang-Thang-1-768x960.jpg 768w, https:\/\/liveshowdalat.vn\/wp-content\/uploads\/2024\/11\/May-Lang-Thang-Thang-1-1229x1536.jpg 1229w, https:\/\/liveshowdalat.vn\/wp-content\/uploads\/2024\/11\/May-Lang-Thang-Thang-1-600x750.jpg 600w, https:\/\/liveshowdalat.vn\/wp-content\/uploads\/2024\/11\/May-Lang-Thang-Thang-1.jpg 1638w\" sizes=\"(max-width: 819px) 100vw, 819px\" \/><\/p>\n<p><span style=\"font-size: 14pt\"><span style=\"color: #003300;font-size: 18pt\"><b>Ch\u00ednh s\u00e1ch tr\u1ebb em c\u1ee7a show Concert t\u1ea1i M\u00e2y Lang Thang:<\/b><b><br \/>\n<\/b><\/span><\/span><span style=\"font-size: 14pt\">\u2013 M\u1ed7i gh\u1ebf ch\u1ec9 d\u00e0nh cho 1 ng\u01b0\u1eddi. B\u00e9 d\u01b0\u1edbi 6 tu\u1ed5i kh\u00f4ng \u0111\u01b0\u1ee3c tham gia show.\u00a0<\/span><br \/>\n<span style=\"font-size: 14pt\">\u2013 Tr\u1ebb t\u1eeb 6 tu\u1ed5i tr\u1edf l\u00ean v\u1eabn t\u00ednh v\u00e9 nh\u01b0 ng\u01b0\u1eddi l\u1edbn.<\/span><br \/>\n<span style=\"font-size: 14pt\">***<\/span><br \/>\n<span style=\"font-size: 14pt\">\u2013 \u0110\u1ecba ch\u1ec9: <strong>TRUNG T\u00c2M H\u1ed8I NGH\u1eca QU\u1ed0C GIA &#8211; S\u1ed1 01, \u0110\u1ea1i L\u1ed9 Th\u0103ng Long, M\u1ec5 Tr\u00ec, Nam T\u1eeb Li\u00eam, H\u00e0 N\u1ed9i.<\/strong><br \/>\n\u2013 Qu\u00fd kh\u00e1ch vui l\u00f2ng xem k\u1ef9 s\u01a1 \u0111\u1ed3 m\u00f4 t\u1ea3 ch\u1ed7 ng\u1ed3i ngay b\u00ean d\u01b0\u1edbi v\u00e0 h\u00ecnh \u1ea3nh s\u00e2n kh\u1ea5u th\u1eadt \u0111\u1ec3 ch\u1ecdn gh\u1ebf ng\u1ed3i ph\u00f9 h\u1ee3p.<\/span><\/p>\n<p><img loading=\"lazy\" decoding=\"async\" class=\"size-medium wp-image-44967 aligncenter\" src=\"https:\/\/liveshowdalat.vn\/wp-content\/uploads\/2024\/11\/TRUNG-TAM-HOI-NGHI-QUOC-GIA-1024x1024.jpg\" alt=\"TRUNG T\u00c2M H\u1ed8I NGH\u1eca QU\u1ed0C GIA\" width=\"1024\" height=\"1024\" srcset=\"https:\/\/liveshowdalat.vn\/wp-content\/uploads\/2024\/11\/TRUNG-TAM-HOI-NGHI-QUOC-GIA-1024x1024.jpg 1024w, https:\/\/liveshowdalat.vn\/wp-content\/uploads\/2024\/11\/TRUNG-TAM-HOI-NGHI-QUOC-GIA-768x768.jpg 768w, https:\/\/liveshowdalat.vn\/wp-content\/uploads\/2024\/11\/TRUNG-TAM-HOI-NGHI-QUOC-GIA-300x300.jpg 300w, https:\/\/liveshowdalat.vn\/wp-content\/uploads\/2024\/11\/TRUNG-TAM-HOI-NGHI-QUOC-GIA-600x600.jpg 600w, https:\/\/liveshowdalat.vn\/wp-content\/uploads\/2024\/11\/TRUNG-TAM-HOI-NGHI-QUOC-GIA-100x100.jpg 100w, https:\/\/liveshowdalat.vn\/wp-content\/uploads\/2024\/11\/TRUNG-TAM-HOI-NGHI-QUOC-GIA.jpg 1080w\" sizes=\"(max-width: 1024px) 100vw, 1024px\" \/><\/p>\n<p><span style=\"font-size: 18pt;color: #003300\"><b>L\u01afU \u00dd<\/b><\/span><\/p>\n<p><span style=\"font-size: 14pt\">\u2013 BTC kh\u00f4ng h\u1ed7 tr\u1ee3 ho\u00e0n v\u00e9\/ \u0111\u1ed5i\/ tr\u1ea3 ho\u1eb7c b\u1ea3o l\u01b0u d\u01b0\u1edbi m\u1ecdi h\u00ecnh th\u1ee9c<\/span><\/p>\n<p><span style=\"font-size: 14pt\">\u2013 Vui l\u00f2ng kh\u00f4ng mang \u0111\u1ed3 \u0103n n\u01b0\u1edbc u\u1ed1ng b\u00ean ngo\u00e0i v\u00e0o khu v\u1ef1c bi\u1ec3u di\u1ec5n. Gi\u00e1 v\u00e9 kh\u00f4ng bao g\u1ed3m \u0111\u1ed3 \u0103n &amp; n\u01b0\u1edbc u\u1ed1ng.<\/span><\/p>\n<p><span style=\"font-size: 18pt;color: #003300\"><b><i>B\u1ea1n l\u01b0u \u00fd th\u00f4ng tin b\u1ea3o l\u01b0u nh\u01b0 sau:<\/i><\/b><\/span><\/p>\n<p><span style=\"font-size: 14pt\">\u2013 V\u00e9 c\u1ee7a show M\u00c2Y LANG THANG CONCERT IN HANOI s\u1ebd <strong>kh\u00f4ng h\u1ed7 tr\u1ee3<\/strong> ho\u00e0n\/ \u0111\u1ed5i\/ tr\u1ea3 ho\u1eb7c b\u1ea3o l\u01b0u.<\/span><\/p>\n<p><span style=\"font-size: 14pt\">\u2013 \u00c1p d\u1ee5ng ch\u1ec9 trong show di\u1ec5n Concert l\u1ea7n n\u00e0y c\u1ee7a M\u00e2y Lang Thang.<\/span><\/p>\n<p><img loading=\"lazy\" decoding=\"async\" class=\"size-medium wp-image-44970 aligncenter\" src=\"https:\/\/liveshowdalat.vn\/wp-content\/uploads\/2024\/11\/WWV03551-Enhanced-NR-scaled-1-1024x683.jpg\" alt=\"\" width=\"1024\" height=\"683\" srcset=\"https:\/\/liveshowdalat.vn\/wp-content\/uploads\/2024\/11\/WWV03551-Enhanced-NR-scaled-1-1024x683.jpg 1024w, https:\/\/liveshowdalat.vn\/wp-content\/uploads\/2024\/11\/WWV03551-Enhanced-NR-scaled-1-768x512.jpg 768w, https:\/\/liveshowdalat.vn\/wp-content\/uploads\/2024\/11\/WWV03551-Enhanced-NR-scaled-1-1536x1024.jpg 1536w, https:\/\/liveshowdalat.vn\/wp-content\/uploads\/2024\/11\/WWV03551-Enhanced-NR-scaled-1-2048x1366.jpg 2048w, https:\/\/liveshowdalat.vn\/wp-content\/uploads\/2024\/11\/WWV03551-Enhanced-NR-scaled-1-600x400.jpg 600w\" sizes=\"(max-width: 1024px) 100vw, 1024px\" \/> <img loading=\"lazy\" decoding=\"async\" class=\"size-medium wp-image-44969 aligncenter\" src=\"https:\/\/liveshowdalat.vn\/wp-content\/uploads\/2024\/11\/NUI_4598-2-scaled-1-1024x684.jpg\" alt=\"\" width=\"1024\" height=\"684\" srcset=\"https:\/\/liveshowdalat.vn\/wp-content\/uploads\/2024\/11\/NUI_4598-2-scaled-1-1024x684.jpg 1024w, https:\/\/liveshowdalat.vn\/wp-content\/uploads\/2024\/11\/NUI_4598-2-scaled-1-768x513.jpg 768w, https:\/\/liveshowdalat.vn\/wp-content\/uploads\/2024\/11\/NUI_4598-2-scaled-1-1536x1025.jpg 1536w, https:\/\/liveshowdalat.vn\/wp-content\/uploads\/2024\/11\/NUI_4598-2-scaled-1-2048x1367.jpg 2048w, https:\/\/liveshowdalat.vn\/wp-content\/uploads\/2024\/11\/NUI_4598-2-scaled-1-600x401.jpg 600w\" sizes=\"(max-width: 1024px) 100vw, 1024px\" \/> <img loading=\"lazy\" decoding=\"async\" class=\"size-medium wp-image-44968 aligncenter\" src=\"https:\/\/liveshowdalat.vn\/wp-content\/uploads\/2024\/11\/WWV04572-scaled-1-1024x683.jpg\" alt=\"\" width=\"1024\" height=\"683\" srcset=\"https:\/\/liveshowdalat.vn\/wp-content\/uploads\/2024\/11\/WWV04572-scaled-1-1024x683.jpg 1024w, https:\/\/liveshowdalat.vn\/wp-content\/uploads\/2024\/11\/WWV04572-scaled-1-768x512.jpg 768w, https:\/\/liveshowdalat.vn\/wp-content\/uploads\/2024\/11\/WWV04572-scaled-1-1536x1024.jpg 1536w, https:\/\/liveshowdalat.vn\/wp-content\/uploads\/2024\/11\/WWV04572-scaled-1-2048x1366.jpg 2048w, https:\/\/liveshowdalat.vn\/wp-content\/uploads\/2024\/11\/WWV04572-scaled-1-600x400.jpg 600w\" sizes=\"(max-width: 1024px) 100vw, 1024px\" \/> <img loading=\"lazy\" decoding=\"async\" class=\"size-full wp-image-44971 aligncenter\" src=\"https:\/\/liveshowdalat.vn\/wp-content\/uploads\/2024\/11\/img20170315142051253-1024x687-1.jpg\" alt=\"\" width=\"1024\" height=\"687\" srcset=\"https:\/\/liveshowdalat.vn\/wp-content\/uploads\/2024\/11\/img20170315142051253-1024x687-1.jpg 1024w, https:\/\/liveshowdalat.vn\/wp-content\/uploads\/2024\/11\/img20170315142051253-1024x687-1-768x515.jpg 768w, https:\/\/liveshowdalat.vn\/wp-content\/uploads\/2024\/11\/img20170315142051253-1024x687-1-600x403.jpg 600w\" sizes=\"(max-width: 1024px) 100vw, 1024px\" \/><\/p>\n<h2 id=\"lien-he-book-ve\"><span style=\"color: #003300\"><b>Li\u00ean H\u1ec7 Book V\u00e9\u00a0<\/b><\/span><\/h2>\n<p><span style=\"font-size: 14pt;color: #000000\"><b>Hotline\/Zalo:\u00a0<\/b><\/span><span style=\"font-size: 14pt\"><strong>0988 249 297<\/strong><\/span><\/p>\n<p><span style=\"font-size: 14pt\">Fanpage booking:\u00a0<a href=\"https:\/\/www.facebook.com\/liveshowdalat\/\" target=\"_blank\" rel=\"noopener\">M\u00e2y Lang Thang<\/a><\/span><\/p>\n<p><span style=\"font-size: 14pt\">Xem th\u00eam b\u00e0i vi\u1ebft kh\u00e1c t\u1ea1i:\u00a0<a href=\"https:\/\/maylangthangshow.com\/\" rel=\"noopener\">Cloud Wandered Show\u00a0<\/a><\/span><\/p>","protected":false},"excerpt":{"rendered":"<p>Danh m\u1ee5c ch\u00ednh M\u00c2Y CONCERT #2 &#8211; THE DUETS KH\u00c1NH H\u00c0 &#8211; T\u00d4 CH\u1ea4N PHONG &#8211; QU\u1ed0C THI\u00caN &#8211; PH\u01af\u01a0NG LINH &#8211; L\u00c2N NH\u00c3 &#8211; UY\u00caN LINH Li\u00ean H\u1ec7 Book V\u00e9\u00a0 M\u00c2Y CONCERT #2 &#8211; THE DUETS KH\u00c1NH H\u00c0 &#8211; T\u00d4 CH\u1ea4N PHONG &#8211; QU\u1ed0C THI\u00caN &#8211; PH\u01af\u01a0NG LINH &#8211; L\u00c2N NH\u00c3 &#8211; UY\u00caN LINH [&hellip;]<\/p>","protected":false},"featured_media":44948,"comment_status":"open","ping_status":"closed","template":"","meta":[],"product_cat":[2415,31,49],"product_tag":[2771,2653,2585,2596,2781,2918,2919,2764],"_links":{"self":[{"href":"https:\/\/liveshowdalat.vn\/en\/wp-json\/wp\/v2\/product\/44966"}],"collection":[{"href":"https:\/\/liveshowdalat.vn\/en\/wp-json\/wp\/v2\/product"}],"about":[{"href":"https:\/\/liveshowdalat.vn\/en\/wp-json\/wp\/v2\/types\/product"}],"replies":[{"embeddable":true,"href":"https:\/\/liveshowdalat.vn\/en\/wp-json\/wp\/v2\/comments?post=44966"}],"wp:featuredmedia":[{"embeddable":true,"href":"https:\/\/liveshowdalat.vn\/en\/wp-json\/wp\/v2\/media\/44948"}],"wp:attachment":[{"href":"https:\/\/liveshowdalat.vn\/en\/wp-json\/wp\/v2\/media?parent=44966"}],"wp:term":[{"taxonomy":"product_cat","embeddable":true,"href":"https:\/\/liveshowdalat.vn\/en\/wp-json\/wp\/v2\/product_cat?post=44966"},{"taxonomy":"product_tag","embeddable":true,"href":"https:\/\/liveshowdalat.vn\/en\/wp-json\/wp\/v2\/product_tag?post=44966"}],"curies":[{"name":"wp","href":"https:\/\/api.w.org\/{rel}","templated":true}]}}