{"id":44920,"date":"2024-11-12T10:06:32","date_gmt":"2024-11-12T03:06:32","guid":{"rendered":"https:\/\/liveshowdalat.vn\/?post_type=product&#038;p=44920"},"modified":"2024-11-19T22:36:08","modified_gmt":"2024-11-19T15:36:08","slug":"lich-dien-lululola-thang-11-2024","status":"publish","type":"product","link":"https:\/\/liveshowdalat.vn\/en\/lich-dien-lululola-thang-11-2024.html","title":{"rendered":"L\u1ecaCH DI\u1ec4N LULULOLA TH\u00c1NG 11\/2024"},"content":{"rendered":"<nav class=\"vietrick-auto-toc\">\n<div class=\"box-title\">\n<h3 class=\"toc-title\" id=\"select-menu\">Danh m\u1ee5c ch\u00ednh<\/h3>\n<div><ion-icon name=\"chevron-up-outline\"><\/ion-icon><\/div>\n<\/div>\n<ul class=\"toc-list\">\n<li><a href='https:\/\/liveshowdalat.vn\/en#lich-dien-lululola-thang-11-2024' class='heading-h2 toc-link smooth-scroll'>L\u1ecaCH DI\u1ec4N LULULOLA TH\u00c1NG 11\/2024<\/a>\n<li><a href='https:\/\/liveshowdalat.vn\/en#lien-he-book-ve' class='heading-h2 toc-link smooth-scroll'>Li\u00ean H\u1ec7 Book V\u00e9\u00a0<\/a><\/ul>\n<\/ul>\n<\/li>\n<\/ul>\n<\/nav>\n<h2 style=\"text-align: center\" id=\"lich-dien-lululola-thang-11-2024\"><span style=\"font-size: 24pt;color: #800000\"><b>L\u1ecaCH DI\u1ec4N <\/b><\/span><span style=\"font-size: 24pt;color: #800000\"><b>LULULOLA <\/b><\/span><span style=\"font-size: 24pt;color: #800000\"><b>TH\u00c1NG 11\/2024<\/b><\/span><\/h2>\n<p><span style=\"font-size: 14pt;color: #333333\"><em><span style=\"font-family: georgia, palatino, serif\"><strong>Lululola Show<\/strong><\/span><\/em> &#8211; H\u01a1n c\u1ea3 \u00e2m nh\u1ea1c, kh\u00f4ng gian mang d\u1ea5u \u1ea5n r\u1ea5t ri\u00eang m\u1ed7i n\u01a1i m\u00e0 Lululola \u0111\u1ebfn s\u1ebd gi\u00fap b\u1ea1n c\u00f3 nh\u1eefng tr\u1ea3i nghi\u1ec7m \u00e2m nh\u1ea1c \u0111\u1eb7c bi\u1ec7t khi th\u01b0\u1edfng th\u1ee9c nh\u1eefng \u0111\u00eam nh\u1ea1c t\u1ea1i Lululola.<\/span><\/p>\n<p><span style=\"font-size: 14pt\">C\u00f9ng Lululola Show ch\u00e0o \u0111\u00f3n th\u00e1ng 11 v\u1edbi nh\u1eefng show di\u1ec5n kh\u00f4ng th\u1ec3 n\u00e0o th\u0103ng hoa h\u01a1n n\u1eefa. V\u1edbi nh\u1eefng ca s\u0129 th\u1ef1c l\u1ef1c c\u00f9ng band nh\u1ea1c tr\u00e0n \u0111\u1ea7y c\u1ea3m x\u00fac. H\u1ee9a h\u1eb9n s\u1ebd mang b\u1ea1n \u0111\u1ebfn v\u1edbi kh\u00f4ng gian \u00e2m nh\u1ea1c \u0111a s\u1eafc m\u00e0u. N\u01a1i m\u1ecdi c\u1ea3m x\u00fac \u0111\u01b0\u1ee3c n\u00e2ng niu v\u00e0 \u0111\u1ea9y l\u00ean cao tr\u00e0o!<\/span><\/p>\n<p><span style=\"font-size: 14pt;color: #333333\">B\u1ea1n h\u00e3y nhanh tay check ngay <em><span style=\"font-family: georgia, palatino, serif\"><strong>L\u1ecbch di\u1ec5n Lululola th\u00e1ng 11\/2024 <\/strong><\/span><\/em>n\u00e0y, \u0111\u1ec3 s\u1edbm c\u00f3 c\u01a1 h\u1ed9i g\u1eb7p g\u1ee1 nh\u1eefng ngh\u1ec7 s\u0129 n\u1ed5i ti\u1ebfng v\u00e0 t\u1eadn h\u01b0\u1edfng kho\u1ea3ng th\u1eddi gian tuy\u1ec7t v\u1eddi c\u00f9ng \u00e2m nh\u1ea1c. <\/span><\/p>\n<p><span style=\"font-size: 14pt;color: #333333\">M\u1eddi b\u1ea1n c\u00f9ng tham kh\u1ea3o l\u1ecbch ngay ph\u00eda d\u01b0\u1edbi nh\u00e9!<\/span><\/p>\n<p><img loading=\"lazy\" decoding=\"async\" class=\"size-medium wp-image-45010 aligncenter\" src=\"https:\/\/liveshowdalat.vn\/wp-content\/uploads\/2024\/11\/LICH-DIEN-LULULOLA-687x1024.jpg\" alt=\"L\u1ecaCH DI\u1ec4N LULULOLA\" width=\"687\" height=\"1024\" srcset=\"https:\/\/liveshowdalat.vn\/wp-content\/uploads\/2024\/11\/LICH-DIEN-LULULOLA-687x1024.jpg 687w, https:\/\/liveshowdalat.vn\/wp-content\/uploads\/2024\/11\/LICH-DIEN-LULULOLA-768x1146.jpg 768w, https:\/\/liveshowdalat.vn\/wp-content\/uploads\/2024\/11\/LICH-DIEN-LULULOLA-1030x1536.jpg 1030w, https:\/\/liveshowdalat.vn\/wp-content\/uploads\/2024\/11\/LICH-DIEN-LULULOLA-600x895.jpg 600w, https:\/\/liveshowdalat.vn\/wp-content\/uploads\/2024\/11\/LICH-DIEN-LULULOLA.jpg 1373w\" sizes=\"(max-width: 687px) 100vw, 687px\" \/><\/p>\n<hr \/>\n<p style=\"text-align: center\"><span style=\"color: #003300;font-size: 24pt\"><strong>B\u1ea2N TIN D\u1ef0 B\u00c1O HO\u00c0NG H\u00d4N \u2666 LULULOLA SHOW \u2666 \u0110\u00c0 L\u1ea0T \u2666<\/strong><\/span><\/p>\n<p style=\"text-align: center\"><span style=\"color: #003366\"><strong>[UPDATE LI\u00caN T\u1ee4C]<\/strong><\/span><\/p>\n<p><span style=\"color: #003300\"><strong><span style=\"font-size: 18pt\">\u2666TH\u00c1NG 11\/2024<\/span><\/strong><\/span><\/p>\n<hr \/>\n<p><span style=\"font-size: 14pt;color: #000000\">\u03bf 02\/11\/2024 | Trung Qu\u00e2n &#8211; LululoLa Show | BU\u1ed2N KH\u00d4NG TH\u1ec2 BU\u00d4NG<\/span><\/p>\n<p><em><a href=\"https:\/\/liveshowdalat.vn\/en\/trung-quan-buon-khong-the-buong-02-11-lululola.html\/\">https:\/\/liveshowdalat.vn\/trung-quan-buon-khong-the-buong-02-11-lululola.html<\/a><\/em><\/p>\n<p><span style=\"font-size: 14pt;color: #000000\">\u03bf 09\/11\/2024 | Anh T\u00fa \u2022 Ly Ly &#8211; LululoLa Show | \u0110\u00d3A H\u1ed2NG CH\u01a0I V\u01a0I<\/span><\/p>\n<p><em><a href=\"https:\/\/liveshowdalat.vn\/en\/lululola-show-anh-tu-ly-ly-doa-hong-choi-voi-09-11.html\/\">https:\/\/liveshowdalat.vn\/lululola-show-anh-tu-ly-ly-doa-hong-choi-voi-09-11.html<\/a><\/em><\/p>\n<p><span style=\"font-size: 14pt;color: #000000\">\u03bf 16\/11\/2024 | V\u0103n Mai H\u01b0\u01a1ng \u2022 Jaysonlei &#8211; LululoLa Show | C\u1ea6U V\u1ed2NG L\u1ea4P L\u00c1NH<\/span><\/p>\n<p><em><a href=\"https:\/\/liveshowdalat.vn\/en\/lululola-show-van-mai-huong-jaysonlei-cau-vong-lap-lanh-16-11.html\/\">https:\/\/liveshowdalat.vn\/lululola-show-van-mai-huong-jaysonlei-cau-vong-lap-lanh-16-11.html<\/a><\/em><\/p>\n<p><span style=\"font-size: 14pt;color: #000000\">\u03bf 23\/11\/2024 | Ho\u00e0ng H\u1ea3i \u2022 L\u01b0\u01a1ng B\u00edch H\u1eefu &#8211; LululoLa Show | \u0110\u00c3 SAI T\u1eea L\u00daC \u0110\u1ea6U<\/span><\/p>\n<p><em><a href=\"https:\/\/liveshowdalat.vn\/en\/lululola-hoang-hai-luong-bich-huu-da-sai-tu-luc-dau-23-11.html\/\">https:\/\/liveshowdalat.vn\/lululola-hoang-hai-luong-bich-huu-da-sai-tu-luc-dau-23-11.html<\/a><\/em><\/p>\n<p><span style=\"font-size: 14pt;color: #000000\">\u03bf 30\/11\/2024 | Th\u00f9y Chi \u2022 Mai Ti\u1ebfn D\u0169ng &#8211; LululoLa Show | Y\u00caU TH\u01af\u01a0NG MONG MANH<\/span><\/p>\n<p><em><a href=\"https:\/\/liveshowdalat.vn\/en\/lululola-show-thuy-chi-mai-tien-dung-yeu-thuong-mong-manh-30-11.html\/\">https:\/\/liveshowdalat.vn\/lululola-show-thuy-chi-mai-tien-dung-yeu-thuong-mong-manh-30-11.html<\/a><\/em><\/p>\n<div dir=\"auto\">\u2014\u2014\u2014\u2014\u2014\u2014\u2014\u2014\u2014\u2014\u2014\u2014\u2014\u2014\u2014\u2014\u2014<\/div>\n<div dir=\"auto\"><strong><span style=\"font-size: 14pt\">Lululola Show \u0110\u00e0 L\u1ea1t<\/span><\/strong><\/div>\n<div dir=\"auto\"><strong><span style=\"font-size: 14pt\">Add: \u0110\u1ea7u \u0111\u00e8o Prenn, \u0110\u01b0\u1eddng 3\/4, Ph\u01b0\u1eddng 3, Tp \u0110\u00e0 L\u1ea1t<\/span><\/strong><\/div>\n<div dir=\"auto\"><img loading=\"lazy\" decoding=\"async\" class=\"alignnone size-medium wp-image-44331\" src=\"https:\/\/liveshowdalat.vn\/wp-content\/uploads\/2024\/10\/438222737_745486067737351_4789493544977373019_n-1024x683.jpg\" alt=\"Lululola Show\" width=\"1024\" height=\"683\" srcset=\"https:\/\/liveshowdalat.vn\/wp-content\/uploads\/2024\/10\/438222737_745486067737351_4789493544977373019_n-1024x683.jpg 1024w, https:\/\/liveshowdalat.vn\/wp-content\/uploads\/2024\/10\/438222737_745486067737351_4789493544977373019_n-768x512.jpg 768w, https:\/\/liveshowdalat.vn\/wp-content\/uploads\/2024\/10\/438222737_745486067737351_4789493544977373019_n-1536x1025.jpg 1536w, https:\/\/liveshowdalat.vn\/wp-content\/uploads\/2024\/10\/438222737_745486067737351_4789493544977373019_n-600x400.jpg 600w, https:\/\/liveshowdalat.vn\/wp-content\/uploads\/2024\/10\/438222737_745486067737351_4789493544977373019_n.jpg 2048w\" sizes=\"(max-width: 1024px) 100vw, 1024px\" \/><\/div>\n<div dir=\"auto\">\n<p><span style=\"font-size: 18pt;color: #800000\"><b>(*)Ghi ch\u00fa:<\/b><\/span><\/p>\n<p><span style=\"font-weight: 400;font-size: 14pt\">Ch\u1ed7 ng\u01b0\u1eddi l\u1edbn tr\u00ean 12 tu\u1ed5i \u0111\u01b0\u1ee3c t\u00ednh b\u1eb1ng 100% gi\u00e1 ph\u1ee5 thu.<\/span><\/p>\n<p><span style=\"font-weight: 400;font-size: 14pt\">Ch\u1ed7 tr\u1ebb em t\u1eeb 6 \u0111\u1ebfn 12 tu\u1ed5i \u0111\u01b0\u1ee3c t\u00ednh b\u1eb1ng 50% gi\u00e1 ph\u1ee5 thu.<\/span><\/p>\n<p><span style=\"font-weight: 400;font-size: 14pt\">Tr\u1ebb em d\u01b0\u1edbi 6 tu\u1ed5i \u0111\u01b0\u1ee3c mi\u1ec5n ph\u00ed (ng\u1ed3i c\u00f9ng ng\u01b0\u1eddi l\u1edbn v\u00e0 kh\u00f4ng c\u00f3 gh\u1ebf ri\u00eang)<\/span><\/p>\n<p><span style=\"font-weight: 400;font-size: 14pt\">Qu\u00fd kh\u00e1ch vui l\u00f2ng thanh to\u00e1n chuy\u1ec3n kho\u1ea3n tr\u01b0\u1edbc 12h \u0111\u1ec3 gi\u1eef \u0111\u1eb7t ch\u1ed7.(t\u00ednh t\u1eeb th\u1eddi \u0111i\u1ec3m \u0111\u1eb7t ch\u1ed7)<\/span><\/p>\n<p><span style=\"font-weight: 400;font-size: 14pt\">C\u00e1c \u0110\u1eb7t ch\u1ed7 kh\u00f4ng th\u1ef1c hi\u1ec7n \u0111\u00fang v\u00e0 \u0111\u1ee7 c\u00e1c b\u01b0\u1edbc v\u00e0 \u0111\u1ea3m b\u1ea3o th\u1eddi gian theo quy \u0111\u1ecbnh s\u1ebd t\u1ef1 \u0111\u1ed3ng b\u1ecb h\u1ee7y m\u00e0 kh\u00f4ng c\u1ea7n th\u00f4ng b\u00e1o tr\u01b0\u1edbc.<\/span><\/p>\n<p><span style=\"font-size: 18pt;color: #800000\"><b>(*)Ch\u00ednh s\u00e1ch ho\u00e0n v\u00e9, hu\u1ef7 v\u00e9 v\u00e0 b\u1ea3o l\u01b0u.<\/b><\/span><\/p>\n<p><strong><span style=\"font-size: 14pt\">1. Hu\u1ef7 V\u00e9 v\u00e0 B\u1ea3o L\u01b0u V\u00e9:<\/span><\/strong><\/p>\n<p><span style=\"font-weight: 400;font-size: 14pt\">\u2013 Y\u00eau c\u1ea7u hu\u1ef7 v\u00e9 v\u00e0 b\u1ea3o l\u01b0u tr\u01b0\u1edbc gi\u1edd show h\u01a1n 48h . Lululola b\u1ea3o l\u01b0u 70% gi\u00e1 tr\u1ecb v\u00e9.<\/span><\/p>\n<p><span style=\"font-weight: 400;font-size: 14pt\">\u2013 Y\u00eau c\u1ea7u hu\u1ef7 v\u00e9 v\u00e0 b\u1ea3o l\u01b0u tr\u01b0\u1edbc gi\u1edd show trong v\u00f2ng 12-48h. Lululola b\u1ea3o l\u01b0u 50% gi\u00e1 tr\u1ecb v\u00e9.<\/span><\/p>\n<p><span style=\"font-weight: 400;font-size: 14pt\">\u2013 Y\u00eau c\u1ea7u hu\u1ef7 v\u00e9 v\u00e0 b\u1ea3o l\u01b0u tr\u01b0\u1edbc gi\u1edd show d\u01b0\u1edbi 12h. Lululola kh\u00f4ng b\u1ea3o l\u01b0u v\u00e9.<\/span><\/p>\n<p><span style=\"font-size: 14pt;color: #003300\"><b>* Gi\u00e1 tr\u1ecb b\u1ea3o l\u01b0u c\u00f3 th\u1eddi h\u1ea1n 90 ng\u00e0y cho nh\u1eefng show sau.<\/b><\/span><\/p>\n<p><strong><span style=\"font-size: 14pt\">2. Hu\u1ef7 V\u00e9 v\u00e0 Ho\u00e0n Ti\u1ec1n<\/span><\/strong><\/p>\n<p><span style=\"font-weight: 400;font-size: 14pt\">\u2013 Y\u00eau c\u1ea7u hu\u1ef7 v\u00e9 v\u00e0 ho\u00e0n ti\u1ec1n tr\u01b0\u1edbc gi\u1edd show h\u01a1n 48h . Ho\u00e0n 50% gi\u00e1 Tr\u1ecb v\u00e9<\/span><\/p>\n<p><span style=\"font-weight: 400;font-size: 14pt\">\u2013 Y\u00eau c\u1ea7u hu\u1ef7 v\u00e9 v\u00e0 ho\u00e0n ti\u1ec1n tr\u01b0\u1edbc gi\u1edd show trong v\u00f2ng 12-48h. Ho\u00e0n 30% gi\u00e1 Tr\u1ecb v\u00e9<\/span><\/p>\n<p><span style=\"font-weight: 400;font-size: 14pt\">\u2013 Y\u00eau c\u1ea7u hu\u1ef7 v\u00e9 v\u00e0 ho\u00e0n ti\u1ec1n tr\u01b0\u1edbc gi\u1edd show d\u01b0\u1edbi 12h. Kh\u00f4ng ho\u00e0n ti\u1ec1n.<\/span><\/p>\n<p><img loading=\"lazy\" decoding=\"async\" class=\"size-medium wp-image-44592\" src=\"https:\/\/liveshowdalat.vn\/wp-content\/uploads\/2024\/04\/Lululola-Show-2-1024x819.jpg\" alt=\"\" width=\"1024\" height=\"819\" srcset=\"https:\/\/liveshowdalat.vn\/wp-content\/uploads\/2024\/04\/Lululola-Show-2-1024x819.jpg 1024w, https:\/\/liveshowdalat.vn\/wp-content\/uploads\/2024\/04\/Lululola-Show-2-768x614.jpg 768w, https:\/\/liveshowdalat.vn\/wp-content\/uploads\/2024\/04\/Lululola-Show-2-1536x1229.jpg 1536w, https:\/\/liveshowdalat.vn\/wp-content\/uploads\/2024\/04\/Lululola-Show-2-600x480.jpg 600w, https:\/\/liveshowdalat.vn\/wp-content\/uploads\/2024\/04\/Lululola-Show-2.jpg 2000w\" sizes=\"(max-width: 1024px) 100vw, 1024px\" \/><img loading=\"lazy\" decoding=\"async\" class=\"size-medium wp-image-44590\" src=\"https:\/\/liveshowdalat.vn\/wp-content\/uploads\/2024\/04\/Lululola-Show-3-1024x819.jpg\" alt=\"\" width=\"1024\" height=\"819\" srcset=\"https:\/\/liveshowdalat.vn\/wp-content\/uploads\/2024\/04\/Lululola-Show-3-1024x819.jpg 1024w, https:\/\/liveshowdalat.vn\/wp-content\/uploads\/2024\/04\/Lululola-Show-3-768x614.jpg 768w, https:\/\/liveshowdalat.vn\/wp-content\/uploads\/2024\/04\/Lululola-Show-3-1536x1229.jpg 1536w, https:\/\/liveshowdalat.vn\/wp-content\/uploads\/2024\/04\/Lululola-Show-3-600x480.jpg 600w, https:\/\/liveshowdalat.vn\/wp-content\/uploads\/2024\/04\/Lululola-Show-3.jpg 2000w\" sizes=\"(max-width: 1024px) 100vw, 1024px\" \/><img loading=\"lazy\" decoding=\"async\" class=\"size-medium wp-image-44593\" src=\"https:\/\/liveshowdalat.vn\/wp-content\/uploads\/2024\/04\/Lululola-Show-4-1024x819.jpg\" alt=\"\" width=\"1024\" height=\"819\" srcset=\"https:\/\/liveshowdalat.vn\/wp-content\/uploads\/2024\/04\/Lululola-Show-4-1024x819.jpg 1024w, https:\/\/liveshowdalat.vn\/wp-content\/uploads\/2024\/04\/Lululola-Show-4-768x614.jpg 768w, https:\/\/liveshowdalat.vn\/wp-content\/uploads\/2024\/04\/Lululola-Show-4-1536x1229.jpg 1536w, https:\/\/liveshowdalat.vn\/wp-content\/uploads\/2024\/04\/Lululola-Show-4-600x480.jpg 600w, https:\/\/liveshowdalat.vn\/wp-content\/uploads\/2024\/04\/Lululola-Show-4.jpg 2000w\" sizes=\"(max-width: 1024px) 100vw, 1024px\" \/><\/p>\n<h2 id=\"lien-he-book-ve\"><span style=\"color: #800000\"><b>Li\u00ean H\u1ec7 Book V\u00e9\u00a0<\/b><\/span><\/h2>\n<p><span style=\"color: #003300;font-size: 14pt\"><b>Hotline\/Zalo: 0988 249 297<\/b><\/span><\/p>\n<p><span style=\"font-size: 14pt\"><span style=\"font-weight: 400\">Fanpage booking: <\/span><a href=\"https:\/\/www.facebook.com\/liveshowdalat\/\" rel=\"noopener\"><span style=\"font-weight: 400\">Lululola Coffee+<\/span><\/a><\/span><\/p>\n<p><span style=\"font-size: 14pt\"><span style=\"font-weight: 400\">Xem th\u00eam b\u00e0i vi\u1ebft kh\u00e1c t\u1ea1i: <a href=\"https:\/\/lululolashow.com\/\" rel=\"noopener\">Lululola Show<\/a><\/span><\/span><\/p>\n<\/div>\n<div dir=\"auto\">\u00a0<\/div>","protected":false},"excerpt":{"rendered":"<p>L\u1ecbch di\u1ec5n Lululola Show \u0110\u00e0 L\u1ea1t th\u00e1ng 11\/2024<\/p>","protected":false},"featured_media":45010,"comment_status":"open","ping_status":"closed","template":"","meta":[],"product_cat":[31,2421],"product_tag":[],"_links":{"self":[{"href":"https:\/\/liveshowdalat.vn\/en\/wp-json\/wp\/v2\/product\/44920"}],"collection":[{"href":"https:\/\/liveshowdalat.vn\/en\/wp-json\/wp\/v2\/product"}],"about":[{"href":"https:\/\/liveshowdalat.vn\/en\/wp-json\/wp\/v2\/types\/product"}],"replies":[{"embeddable":true,"href":"https:\/\/liveshowdalat.vn\/en\/wp-json\/wp\/v2\/comments?post=44920"}],"wp:featuredmedia":[{"embeddable":true,"href":"https:\/\/liveshowdalat.vn\/en\/wp-json\/wp\/v2\/media\/45010"}],"wp:attachment":[{"href":"https:\/\/liveshowdalat.vn\/en\/wp-json\/wp\/v2\/media?parent=44920"}],"wp:term":[{"taxonomy":"product_cat","embeddable":true,"href":"https:\/\/liveshowdalat.vn\/en\/wp-json\/wp\/v2\/product_cat?post=44920"},{"taxonomy":"product_tag","embeddable":true,"href":"https:\/\/liveshowdalat.vn\/en\/wp-json\/wp\/v2\/product_tag?post=44920"}],"curies":[{"name":"wp","href":"https:\/\/api.w.org\/{rel}","templated":true}]}}