{"id":44549,"date":"2024-01-03T14:39:09","date_gmt":"2024-01-03T07:39:09","guid":{"rendered":"https:\/\/lululolashow.com\/?p=1286"},"modified":"2024-11-08T11:05:23","modified_gmt":"2024-11-08T04:05:23","slug":"lich-dien-thang-01-2024-02-2024-tai-lululola-da-lat","status":"publish","type":"product","link":"https:\/\/liveshowdalat.vn\/en\/lich-dien-thang-01-2024-02-2024-tai-lululola-da-lat.html","title":{"rendered":"L\u1ecaCH DI\u1ec4N TH\u00c1NG 01\/2024 &#038; 02\/2024 T\u1ea0I LULULOLA \u0110\u00c0 L\u1ea0T"},"content":{"rendered":"<nav class=\"vietrick-auto-toc\">\n<div class=\"box-title\">\n<h3 class=\"toc-title\" id=\"select-menu\">Danh m\u1ee5c ch\u00ednh<\/h3>\n<div><ion-icon name=\"chevron-up-outline\"><\/ion-icon><\/div>\n<\/div>\n<ul class=\"toc-list\">\n<li><a href='https:\/\/liveshowdalat.vn\/en#lich-dien-thang-0102-2024-lululola-da-lat' class='heading-h2 toc-link smooth-scroll'>L\u1ecaCH DI\u1ec4N TH\u00c1NG 01&amp;02\/2024 LULULOLA \u0110\u00c0 L\u1ea0T<\/a>\n<li><a href='https:\/\/liveshowdalat.vn\/en#lien-he-book-ve' class='heading-h2 toc-link smooth-scroll'>Li\u00ean H\u1ec7 Book V\u00e9\u00a0<\/a><\/ul>\n<\/ul>\n<\/li>\n<\/ul>\n<\/nav>\n<h2 style=\"text-align: center;\" id=\"lich-dien-thang-0102-2024-lululola-da-lat\"><span style=\"font-size: 24pt; color: #800000;\"><b>L\u1ecaCH DI\u1ec4N TH\u00c1NG 01&amp;02\/2024 LULULOLA \u0110\u00c0 <\/b>L\u1ea0T<\/span><\/h2>\n<p style=\"text-align: center;\"><span style=\"color: #003300;\"><strong><span style=\"font-size: 18pt;\">B\u1ea2N TIN D\u1ef0 B\u00c1O HO\u00c0NG H\u00d4N \u2666 LULULOLA SHOW \u2666 \u0110\u00c0 L\u1ea0T \u2666<\/span><\/strong><\/span><\/p>\n<p style=\"text-align: center;\"><span style=\"color: #003300;\"><strong><span style=\"font-size: 18pt;\">Th\u00e1ng 01&amp;02\/2024<\/span><\/strong><\/span><\/p>\n<p><span style=\"font-weight: 400; font-size: 18pt; font-family: georgia, palatino, serif;\"><em>\u2665 Lululola Show \u0110\u00e0 L\u1ea1t \u2013 H\u01a1n c\u1ea3 \u00e2m nh\u1ea1c, kh\u00f4ng gian c\u1ef1c chill s\u1ebd gi\u00fap b\u1ea1n th\u0103ng hoa khi th\u01b0\u1edfng th\u1ee9c \u0111\u00eam nh\u1ea1c t\u1ea1i Lululola \u2665<\/em><\/span><\/p>\n<p><span style=\"font-weight: 400; font-size: 14pt;\">Ngo\u00e0i nh\u1eefng show nh\u1ea1c h\u00e0ng \u0111\u00eam, Lululola c\u00f2n l\u00e0 \u0111\u1ecba \u0111i\u1ec3m check-in v\u1edbi nh\u1eefng g\u00f3c \u201cs\u1ed1ng \u1ea3o\u201d si\u00eau hot t\u1ea1i \u0110\u00e0 L\u1ea1t, ph\u1ee5c v\u1ee5 \u0111\u1ed3 \u0103n u\u1ed1ng, L\u1ea9u v\u00e0 N\u01b0\u1edbng ngo\u00e0i tr\u1eddi hay nh\u1eefng bu\u1ed5i ti\u1ec7c \u1ea5m c\u00fang mang \u0111\u1eadm ch\u1ea5t \u0110\u00e0 L\u1ea1t v\u1edbi view nh\u00ecn ra thung l\u0169ng th\u00e0nh ph\u1ed1 v\u1ec1 \u0111\u00eam si\u00eau l\u00e3ng m\u1ea1n.<\/span><\/p>\n<p><img loading=\"lazy\" decoding=\"async\" class=\"size-full wp-image-1282 aligncenter\" src=\"https:\/\/lululolashow.com\/wp-content\/uploads\/2023\/11\/lululola-show-3.jpg\" alt=\"lululola show\" width=\"1361\" height=\"2048\" \/><strong style=\"color: #800000; font-size: 18pt;\">L\u1ecaCH SHOW CA S\u0128<\/strong><\/p>\n<p><span style=\"color: #003300;\"><strong><span style=\"font-size: 18pt;\">\u2666TH\u00c1NG 01\/2024<\/span><\/strong><\/span><\/p>\n<hr \/>\n<p><span style=\"font-size: 14pt;\"><span style=\"color: #000080;\"><strong>\u03bf<\/strong><\/span>\u00a006\/01\/2024 I PRIVATE EVENT<\/span><\/p>\n<p><span style=\"font-size: 14pt;\"><strong><span style=\"color: #000080;\">\u03bf<\/span> <\/strong>07\/01\/2024 I <a href=\"https:\/\/lululolashow.com\/myra-tran-bo-gau-hoang-hai-tinh-yeu-da-sai-tu-luc-dau-07-01.html\" rel=\"noopener\">Myra Tr\u1ea7n \u2022 B\u1ed1 G\u1ea5u Ho\u00e0ng H\u1ea3i<\/a> &#8211; LululoLa Show | T\u00ccNH Y\u00caU \u0110\u00c3 SAI T\u1eea L\u00daC \u0110\u1ea6U<\/span><\/p>\n<p><span style=\"font-size: 14pt;\"><strong><span style=\"color: #000080;\">\u03bf<\/span> <\/strong>13\/01\/2024 I <a href=\"https:\/\/lululolashow.com\/lan-nha-ca-mot-troi-thuong-nho-14-01.html\" rel=\"noopener\">L\u00e2n Nh\u00e3 \u2022 B\u00f9i Lan H\u01b0\u01a1ng<\/a> &#8211; LululoLa Show | CH\u1ec8 C\u00d2N M\u00ccNH ANH SAU GI\u00d4NG B\u00c3O<\/span><\/p>\n<p><span style=\"font-size: 14pt;\"><strong><span style=\"color: #000080;\">\u03bf<\/span> <\/strong>20\/01\/2024 I <a href=\"https:\/\/lululolashow.com\/thuy-chi-hon-em-cho-nao-20-01-2024.html\" rel=\"noopener\">Th\u00f9y Chi \u2022 Mai Ti\u1ebfn D\u0169ng<\/a> &#8211; LululoLa Show | H\u01a0N EM CH\u1ed6 N\u00c0O<\/span><\/p>\n<p><span style=\"font-size: 14pt;\"><strong><span style=\"color: #000080;\">\u03bf<\/span> <\/strong>21\/01\/2024 I <a href=\"https:\/\/lululolashow.com\/hong-ngoc-bao-anh-21-01-2024.html\" rel=\"noopener\">H\u1ed3ng Ng\u1ecdc \u2022 B\u1ea3o Anh<\/a> &#8211; LululoLa Show | T\u1eeaNG L\u00c0 V\u00d9NG TR\u1edcI B\u00ccNH Y\u00caN<\/span><\/p>\n<p><span style=\"font-size: 14pt;\"><strong><span style=\"color: #000080;\">\u03bf<\/span> <\/strong>27\/01\/2024 I <a href=\"https:\/\/lululolashow.com\/ha-nhi-doi-mi-hoen-vi-nguoi-yeu-cu-27-01-2024.html\" rel=\"noopener\">H\u00e0 Nhi<\/a> &#8211; LululoLa Show | \u0110\u00d4I MI HOEN V\u00cc NG\u01af\u1edcI Y\u00caU C\u0168<\/span><\/p>\n<p><span style=\"color: #003300;\"><strong><span style=\"font-size: 18pt;\">\u2666TH\u00c1NG 02\/2024<\/span><\/strong><\/span><\/p>\n<hr \/>\n<p><span style=\"font-size: 14pt;\"><span style=\"color: #000080;\"><strong>\u03bf <\/strong><\/span>M\u00f9ng 3 T\u1ebft \u2022 12\/02\/2024 | <a href=\"https:\/\/lululolashow.com\/quoc-thien-lam-bao-ngoc-12-02-2024.html\" rel=\"noopener\">Qu\u1ed1c Thi\u00ean \u2022 L\u00e2m B\u1ea3o Ng\u1ecdc<\/a> &#8211; LululoLa Show<\/span><\/p>\n<p><span style=\"font-size: 14pt;\"><span style=\"color: #000080;\"><strong>\u03bf <\/strong><\/span>M\u00f9ng 4 T\u1ebft \u2022 13\/02\/2024 | <a href=\"https:\/\/lululolashow.com\/myra-tran-hoang-hai-13-02.html\" rel=\"noopener\">Myra Tr\u1ea7n \u2022 Ho\u00e0ng H\u1ea3i<\/a> &#8211; LululoLa Show<\/span><\/p>\n<p><span style=\"font-size: 14pt;\"><span style=\"color: #000080;\"><strong>\u03bf <\/strong><\/span>M\u00f9ng 5 T\u1ebft \u2022 14\/02\/2024 | <a href=\"https:\/\/lululolashow.com\/tang-phuc-14-02-2024.html\" rel=\"noopener\">T\u0103ng Ph\u00fac<\/a> &#8211; LululoLa Show<\/span><\/p>\n<p><span style=\"font-size: 14pt;\"><span style=\"color: #000080;\"><strong>\u03bf <\/strong><\/span>M\u00f9ng 7 T\u1ebft \u2022 16\/02\/2024 | <a href=\"https:\/\/lululolashow.com\/mai-tien-dung-vicky-nhung-16-02.html\" rel=\"noopener\">Mai Ti\u1ebfn D\u0169ng \u2022 Vicky Nhung<\/a> &#8211; LululoLa Show<\/span><\/p>\n<p><span style=\"font-size: 14pt;\"><span style=\"color: #000080;\"><strong>\u03bf <\/strong><\/span>M\u00f9ng 8 T\u1ebft \u2022 17\/02\/2024 | <a href=\"https:\/\/lululolashow.com\/van-mai-huong-17-02-2024.html\" rel=\"noopener\">V\u0103n Mai H\u01b0\u01a1ng<\/a> &#8211; LululoLa Show<\/span><\/p>\n<div dir=\"auto\">\u2014\u2014\u2014\u2014\u2014\u2014\u2014\u2014\u2014\u2014\u2014\u2014\u2014\u2014\u2014\u2014\u2014<\/div>\n<div dir=\"auto\"><strong><span style=\"font-size: 14pt;\">Lululola Show \u0110\u00e0 L\u1ea1t<\/span><\/strong><\/div>\n<div dir=\"auto\"><strong><span style=\"font-size: 14pt;\">Add: \u0110\u1ea7u \u0111\u00e8o Prenn, \u0110\u01b0\u1eddng 3\/4, Ph\u01b0\u1eddng 3, Tp \u0110\u00e0 L\u1ea1t<\/span><\/strong><\/div>\n<div dir=\"auto\"><img loading=\"lazy\" decoding=\"async\" class=\"size-full wp-image-1176 aligncenter\" src=\"https:\/\/lululolashow.com\/wp-content\/uploads\/2023\/12\/Lululola-.jpg\" alt=\"Lululola\" width=\"2000\" height=\"1600\" \/><\/div>\n<div dir=\"auto\">\n<p><span style=\"font-size: 18pt; color: #800000;\"><b>(*)Ghi ch\u00fa:<\/b><\/span><\/p>\n<p><span style=\"font-weight: 400; font-size: 14pt;\">Ch\u1ed7 ng\u01b0\u1eddi l\u1edbn tr\u00ean 12 tu\u1ed5i \u0111\u01b0\u1ee3c t\u00ednh b\u1eb1ng 100% gi\u00e1 ph\u1ee5 thu.<\/span><\/p>\n<p><span style=\"font-weight: 400; font-size: 14pt;\">Ch\u1ed7 tr\u1ebb em t\u1eeb 6 \u0111\u1ebfn 12 tu\u1ed5i \u0111\u01b0\u1ee3c t\u00ednh b\u1eb1ng 50% gi\u00e1 ph\u1ee5 thu.<\/span><\/p>\n<p><span style=\"font-weight: 400; font-size: 14pt;\">Tr\u1ebb em d\u01b0\u1edbi 6 tu\u1ed5i \u0111\u01b0\u1ee3c mi\u1ec5n ph\u00ed (ng\u1ed3i c\u00f9ng ng\u01b0\u1eddi l\u1edbn v\u00e0 kh\u00f4ng c\u00f3 gh\u1ebf ri\u00eang)<\/span><\/p>\n<p><span style=\"font-weight: 400; font-size: 14pt;\">Qu\u00fd kh\u00e1ch vui l\u00f2ng thanh to\u00e1n chuy\u1ec3n kho\u1ea3n tr\u01b0\u1edbc 12h \u0111\u1ec3 gi\u1eef \u0111\u1eb7t ch\u1ed7.(t\u00ednh t\u1eeb th\u1eddi \u0111i\u1ec3m \u0111\u1eb7t ch\u1ed7)<\/span><\/p>\n<p><span style=\"font-weight: 400; font-size: 14pt;\">C\u00e1c \u0110\u1eb7t ch\u1ed7 kh\u00f4ng th\u1ef1c hi\u1ec7n \u0111\u00fang v\u00e0 \u0111\u1ee7 c\u00e1c b\u01b0\u1edbc v\u00e0 \u0111\u1ea3m b\u1ea3o th\u1eddi gian theo quy \u0111\u1ecbnh s\u1ebd t\u1ef1 \u0111\u1ed3ng b\u1ecb h\u1ee7y m\u00e0 kh\u00f4ng c\u1ea7n th\u00f4ng b\u00e1o tr\u01b0\u1edbc.<\/span><\/p>\n<p><span style=\"color: #003300; font-size: 14pt;\"><b>(*)\u0110\u1ec3 \u0111\u1ea3m b\u1ea3o ph\u00f2ng ch\u1ed1ng d\u1ecbch m\u00f9a covid 19, Lululola coffee+ xin th\u00f4ng b\u00e1o \u0111i\u1ec1u ki\u1ec7n tham gia show c\u1ee7a t\u1ea5t c\u1ea3 kh\u00e1ch h\u00e0ng nh\u01b0 sau:<\/b><\/span><\/p>\n<ol>\n<li><span style=\"font-weight: 400; font-size: 14pt;\"> Qu\u00fd kh\u00e1ch vui l\u00f2ng s\u00e1t khu\u1ea9n tay, kh\u1ea9u trang \u0111\u1ec3 ph\u1ee5c v\u1ee5 kh\u00e1ch h\u00e0ng; \u0111o nhi\u1ec7t \u0111\u1ed9 t\u1ea1i c\u1ed5ng ra \u2013 v\u00e0o.<\/span><\/li>\n<li><span style=\"font-weight: 400; font-size: 14pt;\"> Checkin m\u00e3 QR b\u1eb1ng app PC Covid \u0111\u1ec3 truy v\u1ebft, y\u00eau c\u1ea7u m\u1ecdi ng\u01b0\u1eddi \u0111eo kh\u1ea9u trang th\u01b0\u1eddng xuy\u00ean.<\/span><\/li>\n<\/ol>\n<p><span style=\"font-size: 18pt; color: #800000;\"><b>(*)Ch\u00ednh s\u00e1ch ho\u00e0n v\u00e9, hu\u1ef7 v\u00e9 v\u00e0 b\u1ea3o l\u01b0u.<\/b><\/span><\/p>\n<p><strong><span style=\"font-size: 14pt;\">1. Hu\u1ef7 V\u00e9 v\u00e0 B\u1ea3o L\u01b0u V\u00e9:<\/span><\/strong><\/p>\n<p><span style=\"font-weight: 400; font-size: 14pt;\">\u2013 Y\u00eau c\u1ea7u hu\u1ef7 v\u00e9 v\u00e0 b\u1ea3o l\u01b0u tr\u01b0\u1edbc gi\u1edd show h\u01a1n 48h . Lululola b\u1ea3o l\u01b0u 70% gi\u00e1 tr\u1ecb v\u00e9.<\/span><\/p>\n<p><span style=\"font-weight: 400; font-size: 14pt;\">\u2013 Y\u00eau c\u1ea7u hu\u1ef7 v\u00e9 v\u00e0 b\u1ea3o l\u01b0u tr\u01b0\u1edbc gi\u1edd show trong v\u00f2ng 12-48h. Lululola b\u1ea3o l\u01b0u 50% gi\u00e1 tr\u1ecb v\u00e9.<\/span><\/p>\n<p><span style=\"font-weight: 400; font-size: 14pt;\">\u2013 Y\u00eau c\u1ea7u hu\u1ef7 v\u00e9 v\u00e0 b\u1ea3o l\u01b0u tr\u01b0\u1edbc gi\u1edd show d\u01b0\u1edbi 12h. Lululola kh\u00f4ng b\u1ea3o l\u01b0u v\u00e9.<\/span><\/p>\n<p><span style=\"font-size: 14pt; color: #003300;\"><b>* Gi\u00e1 tr\u1ecb b\u1ea3o l\u01b0u c\u00f3 th\u1eddi h\u1ea1n 90 ng\u00e0y cho nh\u1eefng show sau.<\/b><\/span><\/p>\n<p><strong><span style=\"font-size: 14pt;\">2. Hu\u1ef7 V\u00e9 v\u00e0 Ho\u00e0n Ti\u1ec1n<\/span><\/strong><\/p>\n<p><span style=\"font-weight: 400; font-size: 14pt;\">\u2013 Y\u00eau c\u1ea7u hu\u1ef7 v\u00e9 v\u00e0 ho\u00e0n ti\u1ec1n tr\u01b0\u1edbc gi\u1edd show h\u01a1n 48h . Ho\u00e0n 50% gi\u00e1 Tr\u1ecb v\u00e9<\/span><\/p>\n<p><span style=\"font-weight: 400; font-size: 14pt;\">\u2013 Y\u00eau c\u1ea7u hu\u1ef7 v\u00e9 v\u00e0 ho\u00e0n ti\u1ec1n tr\u01b0\u1edbc gi\u1edd show trong v\u00f2ng 12-48h. Ho\u00e0n 30% gi\u00e1 Tr\u1ecb v\u00e9<\/span><\/p>\n<p><span style=\"font-weight: 400; font-size: 14pt;\">\u2013 Y\u00eau c\u1ea7u hu\u1ef7 v\u00e9 v\u00e0 ho\u00e0n ti\u1ec1n tr\u01b0\u1edbc gi\u1edd show d\u01b0\u1edbi 12h. Kh\u00f4ng ho\u00e0n ti\u1ec1n<\/span><\/p>\n<p><img loading=\"lazy\" decoding=\"async\" class=\"size-full wp-image-948 aligncenter\" src=\"https:\/\/lululolashow.com\/wp-content\/uploads\/2023\/11\/362915042_600453882240571_4024823871509459429_n.jpg\" alt=\"Lululola Show\" width=\"1080\" height=\"720\" \/><\/p>\n<p><img loading=\"lazy\" decoding=\"async\" class=\"size-full wp-image-708 aligncenter\" src=\"https:\/\/lululolashow.com\/wp-content\/uploads\/2023\/07\/Hinh-anh-san-khau-Lululola-3.jpg\" alt=\"Lululola\" width=\"2048\" height=\"1365\" \/><\/p>\n<p><img loading=\"lazy\" decoding=\"async\" class=\"size-full wp-image-658 aligncenter\" src=\"https:\/\/lululolashow.com\/wp-content\/uploads\/2023\/06\/Lululola-15.jpg\" alt=\"\" width=\"2048\" height=\"1365\"><\/p>\n<h2 id=\"lien-he-book-ve\"><span style=\"color: #800000;\"><b>Li\u00ean H\u1ec7 Book V\u00e9\u00a0<\/b><\/span><\/h2>\n<p><span style=\"color: #003300; font-size: 14pt;\"><b>Hotline\/Zalo: 0988 249 297<\/b><\/span><\/p>\n<p><span style=\"font-size: 14pt;\"><span style=\"font-weight: 400;\">Fanpage booking: <\/span><a href=\"https:\/\/www.facebook.com\/liveshowdalat\/\" rel=\"noopener\"><span style=\"font-weight: 400;\">Lululola Coffee+<\/span><\/a><\/span><\/p>\n<p><span style=\"font-size: 14pt;\"><span style=\"font-weight: 400;\">Xem th\u00eam b\u00e0i vi\u1ebft kh\u00e1c t\u1ea1i: <a href=\"https:\/\/lululolashow.com\/\" rel=\"noopener\">Lululola Show<\/a><\/span><\/span><\/p>\n<\/div>","protected":false},"excerpt":{"rendered":"<p>Danh m\u1ee5c ch\u00ednh L\u1ecaCH DI\u1ec4N TH\u00c1NG 01&amp;02\/2024 LULULOLA \u0110\u00c0 L\u1ea0T Li\u00ean H\u1ec7 Book V\u00e9\u00a0 L\u1ecaCH DI\u1ec4N TH\u00c1NG 01&amp;02\/2024 LULULOLA \u0110\u00c0 L\u1ea0T B\u1ea2N TIN D\u1ef0 B\u00c1O HO\u00c0NG H\u00d4N \u2666 LULULOLA SHOW \u2666 \u0110\u00c0 L\u1ea0T \u2666 Th\u00e1ng 01&amp;02\/2024 \u2665 Lululola Show \u0110\u00e0 L\u1ea1t \u2013 H\u01a1n c\u1ea3 \u00e2m nh\u1ea1c, kh\u00f4ng gian c\u1ef1c chill s\u1ebd gi\u00fap b\u1ea1n th\u0103ng hoa [&hellip;]<\/p>","protected":false},"featured_media":1282,"comment_status":"open","ping_status":"closed","template":"","meta":[],"product_cat":[31,2553,50],"product_tag":[],"_links":{"self":[{"href":"https:\/\/liveshowdalat.vn\/en\/wp-json\/wp\/v2\/product\/44549"}],"collection":[{"href":"https:\/\/liveshowdalat.vn\/en\/wp-json\/wp\/v2\/product"}],"about":[{"href":"https:\/\/liveshowdalat.vn\/en\/wp-json\/wp\/v2\/types\/product"}],"replies":[{"embeddable":true,"href":"https:\/\/liveshowdalat.vn\/en\/wp-json\/wp\/v2\/comments?post=44549"}],"wp:featuredmedia":[{"embeddable":true,"href":"https:\/\/liveshowdalat.vn\/en\/wp-json\/wp\/v2\/media\/1282"}],"wp:attachment":[{"href":"https:\/\/liveshowdalat.vn\/en\/wp-json\/wp\/v2\/media?parent=44549"}],"wp:term":[{"taxonomy":"product_cat","embeddable":true,"href":"https:\/\/liveshowdalat.vn\/en\/wp-json\/wp\/v2\/product_cat?post=44549"},{"taxonomy":"product_tag","embeddable":true,"href":"https:\/\/liveshowdalat.vn\/en\/wp-json\/wp\/v2\/product_tag?post=44549"}],"curies":[{"name":"wp","href":"https:\/\/api.w.org\/{rel}","templated":true}]}}