{"id":44542,"date":"2023-11-02T23:01:08","date_gmt":"2023-11-02T16:01:08","guid":{"rendered":"https:\/\/lululolashow.com\/?p=979"},"modified":"2024-11-08T12:15:33","modified_gmt":"2024-11-08T05:15:33","slug":"thai-dinh-thinh-suy-chuyen-rang-pho-khong-em-08-12","status":"publish","type":"product","link":"https:\/\/liveshowdalat.vn\/en\/thai-dinh-thinh-suy-chuyen-rang-pho-khong-em-08-12.html","title":{"rendered":"TH\u00c1I \u0110INH &#8211; TH\u1ecaNH SUY | CHUY\u1ec6N R\u1eb0NG PH\u1ed0 KH\u00d4NG EM 08.12"},"content":{"rendered":"<nav class=\"vietrick-auto-toc\">\n<div class=\"box-title\">\n<h3 class=\"toc-title\" id=\"select-menu\">Danh m\u1ee5c ch\u00ednh<\/h3>\n<div><ion-icon name=\"chevron-up-outline\"><\/ion-icon><\/div>\n<\/div>\n<ul class=\"toc-list\">\n<li><a href='https:\/\/liveshowdalat.vn\/en#thai-dinh-thinh-suy-chuyen-rang-pho-khong-em-08-12' class='heading-h2 toc-link smooth-scroll'>TH\u00c1I \u0110INH &#8211; TH\u1ecaNH SUY | CHUY\u1ec6N R\u1eb0NG PH\u1ed0 KH\u00d4NG EM 08.12<\/a>\n<li><a href='https:\/\/liveshowdalat.vn\/en#lien-he-book-ve' class='heading-h2 toc-link smooth-scroll'>Li\u00ean H\u1ec7 Book V\u00e9\u00a0<\/a><\/ul>\n<\/ul>\n<\/li>\n<\/ul>\n<\/nav>\n<h2 style=\"text-align: center;\" id=\"thai-dinh-thinh-suy-chuyen-rang-pho-khong-em-08-12\"><span style=\"font-size: 24pt; color: #800000;\">TH\u00c1I \u0110INH &#8211; TH\u1ecaNH SUY | CHUY\u1ec6N R\u1eb0NG PH\u1ed0 KH\u00d4NG EM 08.12<\/span><\/h2>\n<p><img loading=\"lazy\" decoding=\"async\" class=\"size-full wp-image-985 aligncenter\" src=\"https:\/\/lululolashow.com\/wp-content\/uploads\/2023\/11\/Thai-Dinh-Thinh-Suy-scaled.jpg\" alt=\"Th\u00e1i \u0110inh Th\u1ecbnh Suy\" width=\"2560\" height=\"1808\" \/><\/p>\n<p><span style=\"font-size: 18pt;\"><b>Ng\u00e0y di\u1ec5n: 08.12.2023<\/b><span style=\"font-weight: 400;\">\ud83c\udf97\ufe0f\u2728<\/span><\/span><\/p>\n<p><span style=\"font-size: 14pt;\"><b>CHECK IN T\u1eea:<\/b><span style=\"font-weight: 400;\"> 16:00<\/span><\/span><\/p>\n<p><span style=\"font-size: 14pt;\"><b>KHUNG GI\u1edc DI\u1ec4N:<\/b> <span style=\"font-weight: 400;\">\u00a017:15 &#8211; 19:15<\/span><\/span><\/p>\n<p><span style=\"font-weight: 400; font-size: 14pt;\"> <span style=\"font-size: 18pt;\"><span style=\"font-weight: 400;\">\ud83c\udf97\ufe0f<\/span><\/span><span style=\"font-size: 18pt;\"><span style=\"font-weight: 400;\">\ud83c\udf97\ufe0f<\/span><\/span>Lululola Show \u0110\u00e0 L\u1ea1t \u2013 H\u01a1n c\u1ea3 \u00e2m nh\u1ea1c, kh\u00f4ng gian c\u1ef1c chill s\u1ebd gi\u00fap b\u1ea1n th\u0103ng hoa khi th\u01b0\u1edfng th\u1ee9c \u0111\u00eam nh\u1ea1c t\u1ea1i Lululola<\/span><\/p>\n<p><span style=\"font-weight: 400; font-size: 14pt;\"> <span style=\"font-size: 18pt;\"><span style=\"font-weight: 400;\">\u2728<\/span><\/span><span style=\"font-size: 18pt;\"><span style=\"font-weight: 400;\">\u2728<\/span><\/span>Ngo\u00e0i nh\u1eefng show nh\u1ea1c h\u00e0ng \u0111\u00eam, Lululola c\u00f2n l\u00e0 \u0111\u1ecba \u0111i\u1ec3m check-in v\u1edbi nh\u1eefng g\u00f3c \u201cs\u1ed1ng \u1ea3o\u201d si\u00eau hot t\u1ea1i \u0110\u00e0 L\u1ea1t, ph\u1ee5c v\u1ee5 \u0111\u1ed3 \u0103n u\u1ed1ng, L\u1ea9u v\u00e0 N\u01b0\u1edbng ngo\u00e0i tr\u1eddi hay nh\u1eefng bu\u1ed5i ti\u1ec7c \u1ea5m c\u00fang mang \u0111\u1eadm ch\u1ea5t \u0110\u00e0 L\u1ea1t v\u1edbi view nh\u00ecn ra thung l\u0169ng th\u00e0nh ph\u1ed1 v\u1ec1 \u0111\u00eam si\u00eau l\u00e3ng m\u1ea1n<\/span><\/p>\n<p><img loading=\"lazy\" decoding=\"async\" class=\"size-full wp-image-980 aligncenter\" src=\"https:\/\/lululolashow.com\/wp-content\/uploads\/2023\/11\/LULULOLA-SHOW-scaled.jpg\" alt=\"Lululola Show\" width=\"2560\" height=\"1808\" \/><\/p>\n<p><span style=\"font-size: 18pt; color: #003300;\"><b>GI\u00c1 V\u00c9: Gi\u00e1 \u0111\u00e3 bao g\u1ed3m \u0111\u1ed3 u\u1ed1ng.<\/b><\/span><\/p>\n<p><span style=\"font-size: 14pt;\"><b>\ud83c\udfb5 \ud83c\udfb6 \ud83c\udfbc <\/b><span style=\"font-size: 18pt; color: #800000;\"><b>B\u1ea2N TIN D\u1ef0 B\u00c1O<\/b><\/span><b> \ud83c\udfbc \ud83c\udfb6\ud83c\udfb5<\/b><\/span><\/p>\n<p><span style=\"font-size: 14pt;\"><b>\ud83c\udf05 HO\u00c0NG H\u00d4N: 1.100K<\/b><\/span><\/p>\n<p><span style=\"font-size: 14pt;\"><b>\ud83c\udf05 CHI\u1ec0U T\u00c0: 900K<\/b><\/span><\/p>\n<p><span style=\"font-size: 14pt;\"><b>\ud83c\udf05 CH\u1ea0NG V\u1ea0NG: 650K<\/b><\/span><\/p>\n<p><span style=\"font-size: 14pt;\"><b>\ud83c\udf05 CH\u1eacP CHO\u1ea0NG: 450K<\/b><\/span><\/p>\n<p><span style=\"font-size: 14pt;\"><b>\ud83c\udf05 NH\u00c1 NHEM: 350K<\/b><\/span><\/p>\n<p><img loading=\"lazy\" decoding=\"async\" class=\"size-full wp-image-774 aligncenter\" src=\"https:\/\/lululolashow.com\/wp-content\/uploads\/2023\/08\/So-do-cho-ngoi.jpg\" alt=\"h\u00f2a minzy - lululola\" width=\"2048\" height=\"1448\" \/><\/p>\n<p><span style=\"font-size: 18pt; color: #800000;\"><b>(*)Ghi ch\u00fa:<\/b><\/span><\/p>\n<p><span style=\"font-weight: 400; font-size: 14pt;\">Ch\u1ed7 ng\u01b0\u1eddi l\u1edbn tr\u00ean 12 tu\u1ed5i \u0111\u01b0\u1ee3c t\u00ednh b\u1eb1ng 100% gi\u00e1 ph\u1ee5 thu.<\/span><\/p>\n<p><span style=\"font-weight: 400; font-size: 14pt;\">Ch\u1ed7 tr\u1ebb em t\u1eeb 6 \u0111\u1ebfn 12 tu\u1ed5i \u0111\u01b0\u1ee3c t\u00ednh b\u1eb1ng 50% gi\u00e1 ph\u1ee5 thu.<\/span><\/p>\n<p><span style=\"font-weight: 400; font-size: 14pt;\">Tr\u1ebb em d\u01b0\u1edbi 6 tu\u1ed5i \u0111\u01b0\u1ee3c mi\u1ec5n ph\u00ed (ng\u1ed3i c\u00f9ng ng\u01b0\u1eddi l\u1edbn v\u00e0 kh\u00f4ng c\u00f3 gh\u1ebf ri\u00eang)<\/span><\/p>\n<p><span style=\"font-weight: 400; font-size: 14pt;\">Qu\u00fd kh\u00e1ch vui l\u00f2ng thanh to\u00e1n chuy\u1ec3n kho\u1ea3n tr\u01b0\u1edbc 12h \u0111\u1ec3 gi\u1eef \u0111\u1eb7t ch\u1ed7.(t\u00ednh t\u1eeb th\u1eddi \u0111i\u1ec3m \u0111\u1eb7t ch\u1ed7)<\/span><\/p>\n<p><span style=\"font-weight: 400; font-size: 14pt;\">C\u00e1c \u0110\u1eb7t ch\u1ed7 kh\u00f4ng th\u1ef1c hi\u1ec7n \u0111\u00fang v\u00e0 \u0111\u1ee7 c\u00e1c b\u01b0\u1edbc v\u00e0 \u0111\u1ea3m b\u1ea3o th\u1eddi gian theo quy \u0111\u1ecbnh s\u1ebd t\u1ef1 \u0111\u1ed3ng b\u1ecb h\u1ee7y m\u00e0 kh\u00f4ng c\u1ea7n th\u00f4ng b\u00e1o tr\u01b0\u1edbc.<\/span><\/p>\n<p><span style=\"font-weight: 400;\">\u00a0<\/span><\/p>\n<p><span style=\"font-size: 14pt; color: #003300;\"><b>(*)\u0110\u1ec3 \u0111\u1ea3m b\u1ea3o ph\u00f2ng ch\u1ed1ng d\u1ecbch m\u00f9a covid 19, Lululola coffee+ xin th\u00f4ng b\u00e1o \u0111i\u1ec1u ki\u1ec7n tham gia show c\u1ee7a t\u1ea5t c\u1ea3 kh\u00e1ch h\u00e0ng nh\u01b0 sau:<\/b><\/span><\/p>\n<p><span style=\"font-size: 14pt;\">1. Qu\u00fd kh\u00e1ch vui l\u00f2ng s\u00e1t khu\u1ea9n tay, kh\u1ea9u trang \u0111\u1ec3 ph\u1ee5c v\u1ee5 kh\u00e1ch h\u00e0ng; \u0111o nhi\u1ec7t \u0111\u1ed9 t\u1ea1i c\u1ed5ng ra \u2013 v\u00e0o.<\/span><\/p>\n<p><span style=\"font-size: 14pt;\">2. Checkin m\u00e3 QR b\u1eb1ng app PC Covid \u0111\u1ec3 truy v\u1ebft, y\u00eau c\u1ea7u m\u1ecdi ng\u01b0\u1eddi \u0111eo kh\u1ea9u trang th\u01b0\u1eddng xuy\u00ean.<\/span><\/p>\n<p><span style=\"font-weight: 400;\">\u00a0<\/span><\/p>\n<p><span style=\"font-size: 18pt; color: #800000;\"><b>(*)Ch\u00ednh s\u00e1ch ho\u00e0n v\u00e9, hu\u1ef7 v\u00e9 v\u00e0 b\u1ea3o l\u01b0u.<\/b><\/span><\/p>\n<p><strong><span style=\"font-size: 18pt;\">1. Hu\u1ef7 V\u00e9 v\u00e0 B\u1ea3o L\u01b0u V\u00e9:<\/span><\/strong><\/p>\n<p><span style=\"font-weight: 400; font-size: 14pt;\">\u2013 Y\u00eau c\u1ea7u hu\u1ef7 v\u00e9 v\u00e0 b\u1ea3o l\u01b0u tr\u01b0\u1edbc gi\u1edd show h\u01a1n 48h . Lululola b\u1ea3o l\u01b0u 70% gi\u00e1 tr\u1ecb v\u00e9.<\/span><\/p>\n<p><span style=\"font-weight: 400; font-size: 14pt;\">\u2013 Y\u00eau c\u1ea7u hu\u1ef7 v\u00e9 v\u00e0 b\u1ea3o l\u01b0u tr\u01b0\u1edbc gi\u1edd show trong v\u00f2ng 12-48h. Lululola b\u1ea3o l\u01b0u 50% gi\u00e1 tr\u1ecb v\u00e9.<\/span><\/p>\n<p><span style=\"font-weight: 400; font-size: 14pt;\">\u2013 Y\u00eau c\u1ea7u hu\u1ef7 v\u00e9 v\u00e0 b\u1ea3o l\u01b0u tr\u01b0\u1edbc gi\u1edd show d\u01b0\u1edbi 12h. Lululola kh\u00f4ng b\u1ea3o l\u01b0u v\u00e9.<\/span><\/p>\n<p><span style=\"font-size: 14pt; color: #003300;\"><b>* Gi\u00e1 tr\u1ecb b\u1ea3o l\u01b0u c\u00f3 th\u1eddi h\u1ea1n 90 ng\u00e0y cho nh\u1eefng show sau.<\/b><\/span><\/p>\n<p><strong><span style=\"font-size: 18pt;\">2. Hu\u1ef7 V\u00e9 v\u00e0 Ho\u00e0n Ti\u1ec1n<\/span><\/strong><\/p>\n<p><span style=\"font-weight: 400; font-size: 14pt;\">\u2013 Y\u00eau c\u1ea7u hu\u1ef7 v\u00e9 v\u00e0 ho\u00e0n ti\u1ec1n tr\u01b0\u1edbc gi\u1edd show h\u01a1n 48h . Ho\u00e0n 50% gi\u00e1 Tr\u1ecb v\u00e9<\/span><\/p>\n<p><span style=\"font-weight: 400; font-size: 14pt;\">\u2013 Y\u00eau c\u1ea7u hu\u1ef7 v\u00e9 v\u00e0 ho\u00e0n ti\u1ec1n tr\u01b0\u1edbc gi\u1edd show trong v\u00f2ng 12-48h. Ho\u00e0n 30% gi\u00e1 Tr\u1ecb v\u00e9<\/span><\/p>\n<p><span style=\"font-weight: 400; font-size: 14pt;\">\u2013 Y\u00eau c\u1ea7u hu\u1ef7 v\u00e9 v\u00e0 ho\u00e0n ti\u1ec1n tr\u01b0\u1edbc gi\u1edd show d\u01b0\u1edbi 12h. Kh\u00f4ng ho\u00e0n ti\u1ec1n<\/span><\/p>\n<p><img loading=\"lazy\" decoding=\"async\" class=\"size-full wp-image-984 aligncenter\" src=\"https:\/\/lululolashow.com\/wp-content\/uploads\/2023\/11\/362917697_600444602241499_2865281045891927405_n.jpg\" alt=\"Lululola Show\" width=\"2048\" height=\"1365\" \/><\/p>\n<p><img loading=\"lazy\" decoding=\"async\" class=\"size-full wp-image-982 aligncenter\" src=\"https:\/\/lululolashow.com\/wp-content\/uploads\/2023\/11\/362980175_600444765574816_6385163970601945326_n.jpg\" alt=\"Lululola Show\" width=\"2048\" height=\"1536\" \/><\/p>\n<p><img loading=\"lazy\" decoding=\"async\" class=\"size-full wp-image-942 aligncenter\" src=\"https:\/\/lululolashow.com\/wp-content\/uploads\/2023\/11\/lululola-show-1-scaled.jpg\" alt=\"lululola show\" width=\"2560\" height=\"1808\" \/><\/p>\n<h2 id=\"lien-he-book-ve\"><span style=\"color: #800000;\"><b>Li\u00ean H\u1ec7 Book V\u00e9\u00a0<\/b><\/span><\/h2>\n<p><span style=\"color: #003300;\"><strong><span style=\"font-size: 14pt;\">Hotline\/Zalo: 0988 249 297<\/span><\/strong><\/span><\/p>\n<p><span style=\"font-size: 14pt;\"><span style=\"font-weight: 400;\">Fanpage booking: <\/span><a href=\"https:\/\/www.facebook.com\/liveshowdalat\/\" rel=\"noopener\"><span style=\"font-weight: 400;\">Lululola Coffee+<\/span><\/a><\/span><\/p>\n<p><span style=\"font-size: 14pt;\"><span style=\"font-weight: 400;\">Xem th\u00eam b\u00e0i vi\u1ebft kh\u00e1c t\u1ea1i: <\/span><a href=\"https:\/\/dalatreview.vn\/ve-tham-quan\" rel=\"noopener\"><span style=\"font-weight: 400;\">\u0110\u00e0 L\u1ea1t Review<\/span><\/a><\/span><\/p>\n<p><span style=\"font-size: 14pt;\"><span style=\"font-weight: 400;\">Th\u1ebb:<\/span><a href=\"https:\/\/dalatreview.vn\/tag\/lululola-dat-ve-liveshow\" rel=\"noopener\"><span style=\"font-weight: 400;\">Lululola \u0110\u1eb7t V\u00e9 Liveshow<\/span><\/a><\/span><\/p>","protected":false},"excerpt":{"rendered":"<p>Danh m\u1ee5c ch\u00ednh TH\u00c1I \u0110INH &#8211; TH\u1ecaNH SUY | CHUY\u1ec6N R\u1eb0NG PH\u1ed0 KH\u00d4NG EM 08.12 Li\u00ean H\u1ec7 Book V\u00e9\u00a0 TH\u00c1I \u0110INH &#8211; TH\u1ecaNH SUY | CHUY\u1ec6N R\u1eb0NG PH\u1ed0 KH\u00d4NG EM 08.12 Ng\u00e0y di\u1ec5n: 08.12.2023\ud83c\udf97\ufe0f\u2728 CHECK IN T\u1eea: 16:00 KHUNG GI\u1edc DI\u1ec4N: \u00a017:15 &#8211; 19:15 \ud83c\udf97\ufe0f\ud83c\udf97\ufe0fLululola Show \u0110\u00e0 L\u1ea1t \u2013 H\u01a1n c\u1ea3 \u00e2m nh\u1ea1c, kh\u00f4ng gian [&hellip;]<\/p>","protected":false},"featured_media":985,"comment_status":"open","ping_status":"closed","template":"","meta":[],"product_cat":[31,2562,50],"product_tag":[],"_links":{"self":[{"href":"https:\/\/liveshowdalat.vn\/en\/wp-json\/wp\/v2\/product\/44542"}],"collection":[{"href":"https:\/\/liveshowdalat.vn\/en\/wp-json\/wp\/v2\/product"}],"about":[{"href":"https:\/\/liveshowdalat.vn\/en\/wp-json\/wp\/v2\/types\/product"}],"replies":[{"embeddable":true,"href":"https:\/\/liveshowdalat.vn\/en\/wp-json\/wp\/v2\/comments?post=44542"}],"wp:featuredmedia":[{"embeddable":true,"href":"https:\/\/liveshowdalat.vn\/en\/wp-json\/wp\/v2\/media\/985"}],"wp:attachment":[{"href":"https:\/\/liveshowdalat.vn\/en\/wp-json\/wp\/v2\/media?parent=44542"}],"wp:term":[{"taxonomy":"product_cat","embeddable":true,"href":"https:\/\/liveshowdalat.vn\/en\/wp-json\/wp\/v2\/product_cat?post=44542"},{"taxonomy":"product_tag","embeddable":true,"href":"https:\/\/liveshowdalat.vn\/en\/wp-json\/wp\/v2\/product_tag?post=44542"}],"curies":[{"name":"wp","href":"https:\/\/api.w.org\/{rel}","templated":true}]}}