{"id":44511,"date":"2022-12-21T10:40:04","date_gmt":"2022-12-21T03:40:04","guid":{"rendered":"https:\/\/lululolashow.com\/?p=256"},"modified":"2024-11-09T13:40:13","modified_gmt":"2024-11-09T06:40:13","slug":"countdown-to-new-year-2023","status":"publish","type":"product","link":"https:\/\/liveshowdalat.vn\/en\/countdown-to-new-year-2023.html","title":{"rendered":"COUNTDOWN TO NEW YEAR 2023"},"content":{"rendered":"<nav class=\"vietrick-auto-toc\">\n<div class=\"box-title\">\n<h3 class=\"toc-title\" id=\"select-menu\">Danh m\u1ee5c ch\u00ednh<\/h3>\n<div><ion-icon name=\"chevron-up-outline\"><\/ion-icon><\/div>\n<\/div>\n<ul class=\"toc-list\">\n<li><a href='https:\/\/liveshowdalat.vn\/en#countdown-to-new-year-2023-dem-nguoc-den-nam-moi-2023' class='heading-h2 toc-link smooth-scroll'>COUNTDOWN TO NEW YEAR 2023 &#8211; \u0110\u1ebfm Ng\u01b0\u1ee3c \u0110\u1ebfn N\u0103m M\u1edbi 2023<\/a>\n<li><a href='https:\/\/liveshowdalat.vn\/en#lien-he-book-ve' class='heading-h2 toc-link smooth-scroll'>Li\u00ean H\u1ec7 Book V\u00e9\u00a0<\/a><\/ul>\n<\/ul>\n<\/li>\n<\/ul>\n<\/nav>\n<h2 style=\"text-align: center;\" id=\"countdown-to-new-year-2023-dem-nguoc-den-nam-moi-2023\"><span style=\"color: #003300;\">COUNTDOWN TO NEW YEAR 2023 &#8211; \u0110\u1ebfm Ng\u01b0\u1ee3c \u0110\u1ebfn N\u0103m M\u1edbi 2023<\/span><\/h2>\n<p><span style=\"font-size: 14pt;\">Ng\u00e0y di\u1ec5n: 31\/12\/2022 \u0111\u1ebfn 01\/01\/2023\u00a0<\/span><\/p>\n<p><span style=\"font-size: 14pt;\">Th\u1eddi gian: 21:00 31\/12\/2022 \u0111\u1ebfn n\u1eeda \u0111\u00eam 00:00 01\/01\/2023<\/span><\/p>\n<p><span style=\"font-size: 14pt;\">Checkin t\u1eeb: 20:00 31\/12\/2022<\/span><\/p>\n<div>\n<div><span style=\"font-size: 14pt;\">\u0110\u1ecba ch\u1ec9: \u0110\u01b0\u1eddng 3\/4, Ph\u01b0\u1eddng 3, Th\u00e0nh ph\u1ed1 \u0110\u00e0 L\u1ea1t, L\u00e2m \u0110\u1ed3ng, Vi\u1ec7t Nam<\/span><\/div>\n<div>\u00a0<\/div>\n<\/div>\n<div>\n<div>\n<div dir=\"auto\"><img loading=\"lazy\" decoding=\"async\" src=\"https:\/\/static.xx.fbcdn.net\/images\/emoji.php\/v9\/t82\/1.5\/16\/1f397.png\" alt=\"\ud83c\udf97\" width=\"16\" height=\"16\" \/><img loading=\"lazy\" decoding=\"async\" src=\"https:\/\/static.xx.fbcdn.net\/images\/emoji.php\/v9\/t82\/1.5\/16\/1f397.png\" alt=\"\ud83c\udf97\" width=\"16\" height=\"16\" \/>\u00a0Lululola Show \u0110\u00e0 L\u1ea1t \u2013 H\u01a1n c\u1ea3 \u00e2m nh\u1ea1c, kh\u00f4ng gian c\u1ef1c chill s\u1ebd gi\u00fap b\u1ea1n th\u0103ng hoa khi th\u01b0\u1edfng th\u1ee9c \u0111\u00eam nh\u1ea1c t\u1ea1i Lululola<\/div>\n<\/div>\n<div>\n<div dir=\"auto\"><img loading=\"lazy\" decoding=\"async\" src=\"https:\/\/static.xx.fbcdn.net\/images\/emoji.php\/v9\/t7b\/1.5\/16\/2728.png\" alt=\"\u2728\" width=\"16\" height=\"16\" \/><img loading=\"lazy\" decoding=\"async\" src=\"https:\/\/static.xx.fbcdn.net\/images\/emoji.php\/v9\/t7b\/1.5\/16\/2728.png\" alt=\"\u2728\" width=\"16\" height=\"16\" \/>\u00a0Ngo\u00e0i nh\u1eefng show nh\u1ea1c h\u00e0ng \u0111\u00eam, Lululola c\u00f2n l\u00e0 \u0111\u1ecba \u0111i\u1ec3m check-in v\u1edbi nh\u1eefng g\u00f3c \u201cs\u1ed1ng \u1ea3o\u201d si\u00eau hot t\u1ea1i \u0110\u00e0 L\u1ea1t, ph\u1ee5c v\u1ee5 \u0111\u1ed3 \u0103n u\u1ed1ng, L\u1ea9u v\u00e0 N\u01b0\u1edbng ngo\u00e0i tr\u1eddi hay nh\u1eefng bu\u1ed5i ti\u1ec7c \u1ea5m c\u00fang mang \u0111\u1eadm ch\u1ea5t \u0110\u00e0 L\u1ea1t v\u1edbi view nh\u00ecn ra thung l\u0169ng th\u00e0nh ph\u1ed1 v\u1ec1 \u0111\u00eam si\u00eau l\u00e3ng m\u1ea1n.<\/div>\n<\/div>\n<\/div>\n<p><img loading=\"lazy\" decoding=\"async\" class=\"alignnone wp-image-257\" src=\"https:\/\/lululolashow.com\/wp-content\/uploads\/2022\/12\/72964e10-62e5-4cb1-9fc6-0834ffe865c2_IMG_20221220_152049-scaled-e1671592811176.jpg\" alt=\"\" width=\"470\" height=\"609\"><\/p>\n<p><span style=\"font-size: 14pt;\"><strong>Buffet t\u1ed1i s\u1ebd di\u1ec5n ra t\u1eeb 20:00 ng\u00e0y 31\/12. Lululola h\u1ee9a h\u1eb9n \u0111\u00e2y s\u1ebd l\u00e0 1 b\u1eefa ti\u1ec7c c\u1ef1c ch\u1ea5t v\u00e0 l\u00f4i cu\u1ed1n bao g\u1ed3m: <\/strong><\/span><\/p>\n<ul>\n<li><span style=\"font-size: 14pt;\"><strong> Nh\u1ea1c s\u1ed1ng Acoustic<\/strong><\/span><\/li>\n<li><span style=\"font-size: 14pt;\"><strong>\u00a0B\u1eefa t\u1ed1i BBQ <\/strong><\/span><\/li>\n<li><span style=\"font-size: 14pt;\"><strong>\u00a0\u0110\u1ed3 u\u1ed1ng <\/strong><\/span><\/li>\n<li><span style=\"font-size: 14pt;\"><strong>\u00a0B\u1eafn ph\u00e1o hoa\u00a0<\/strong><\/span><\/li>\n<\/ul>\n<p><span style=\"font-size: 14pt;\"><strong>Buffet t\u1ed1i t\u1ea1i Lululola Coffee++ c\u00f3 c\u00e1c m\u1ee9c gi\u00e1 nh\u01b0 sau:\u00a0<\/strong><\/span><\/p>\n<ul>\n<li><span style=\"font-size: 14pt;\"><strong>Tr\u1ebb em: 200.000 VND\/kh\u00e1ch ( 6-12 tu\u1ed5i )<\/strong><\/span><\/li>\n<li><span style=\"font-size: 14pt;\"><strong>Ng\u01b0\u1eddi l\u1edbn: 400.000 VND\/kh\u00e1ch<\/strong><\/span><\/li>\n<\/ul>\n<p><img loading=\"lazy\" decoding=\"async\" class=\"alignnone wp-image-267\" src=\"https:\/\/lululolashow.com\/wp-content\/uploads\/2022\/12\/Lululola-scaled.jpg\" alt=\"\" width=\"838\" height=\"628\"><\/p>\n<article class=\"post-content\">\n<div class=\"anh_wtm_m\">\n<div class=\"mws_content\">\n<h2 id=\"lien-he-book-ve\"><strong><span style=\"color: #003300;\">Li\u00ean H\u1ec7 Book V\u00e9<\/span>\u00a0<\/strong><\/h2>\n<p>Hotline\/Zalo: 0988 249 297<\/p>\n<p>Fanpage booking:\u00a0<a href=\"https:\/\/www.facebook.com\/liveshowdalat\/\" target=\"_blank\" rel=\"noopener\">Lululola Coffee+<\/a><\/p>\n<p>Xem th\u00eam b\u00e0i vi\u1ebft kh\u00e1c t\u1ea1i:\u00a0<a href=\"https:\/\/dalatreview.vn\/ve-tham-quan\" target=\"_blank\" rel=\"noopener\">\u0110\u00e0 L\u1ea1t Review<\/a><\/p>\n<\/div>\n<\/div>\n<\/article>\n<div class=\"post-content xemthem\">Th\u1ebb:<a href=\"https:\/\/dalatreview.vn\/tag\/lululola-dat-ve-liveshow\" target=\"_blank\" rel=\"tag noopener\">Lululola \u0110\u1eb7t V\u00e9 Liveshow<\/a><\/div>\n<div>\u00a0<\/div>\n<div><img loading=\"lazy\" decoding=\"async\" class=\"alignnone wp-image-72\" src=\"https:\/\/lululolashow.com\/wp-content\/uploads\/2022\/11\/Lululola-16-scaled.jpg\" alt=\"Lululola\" width=\"680\" height=\"510\" \/><\/div>","protected":false},"excerpt":{"rendered":"<p>Danh m\u1ee5c ch\u00ednh COUNTDOWN TO NEW YEAR 2023 &#8211; \u0110\u1ebfm Ng\u01b0\u1ee3c \u0110\u1ebfn N\u0103m M\u1edbi 2023 Li\u00ean H\u1ec7 Book V\u00e9\u00a0 COUNTDOWN TO NEW YEAR 2023 &#8211; \u0110\u1ebfm Ng\u01b0\u1ee3c \u0110\u1ebfn N\u0103m M\u1edbi 2023 Ng\u00e0y di\u1ec5n: 31\/12\/2022 \u0111\u1ebfn 01\/01\/2023\u00a0 Th\u1eddi gian: 21:00 31\/12\/2022 \u0111\u1ebfn n\u1eeda \u0111\u00eam 00:00 01\/01\/2023 Checkin t\u1eeb: 20:00 31\/12\/2022 \u0110\u1ecba ch\u1ec9: \u0110\u01b0\u1eddng 3\/4, Ph\u01b0\u1eddng 3, [&hellip;]<\/p>","protected":false},"featured_media":44875,"comment_status":"open","ping_status":"closed","template":"","meta":[],"product_cat":[31,2552,50],"product_tag":[],"_links":{"self":[{"href":"https:\/\/liveshowdalat.vn\/en\/wp-json\/wp\/v2\/product\/44511"}],"collection":[{"href":"https:\/\/liveshowdalat.vn\/en\/wp-json\/wp\/v2\/product"}],"about":[{"href":"https:\/\/liveshowdalat.vn\/en\/wp-json\/wp\/v2\/types\/product"}],"replies":[{"embeddable":true,"href":"https:\/\/liveshowdalat.vn\/en\/wp-json\/wp\/v2\/comments?post=44511"}],"wp:featuredmedia":[{"embeddable":true,"href":"https:\/\/liveshowdalat.vn\/en\/wp-json\/wp\/v2\/media\/44875"}],"wp:attachment":[{"href":"https:\/\/liveshowdalat.vn\/en\/wp-json\/wp\/v2\/media?parent=44511"}],"wp:term":[{"taxonomy":"product_cat","embeddable":true,"href":"https:\/\/liveshowdalat.vn\/en\/wp-json\/wp\/v2\/product_cat?post=44511"},{"taxonomy":"product_tag","embeddable":true,"href":"https:\/\/liveshowdalat.vn\/en\/wp-json\/wp\/v2\/product_tag?post=44511"}],"curies":[{"name":"wp","href":"https:\/\/api.w.org\/{rel}","templated":true}]}}