{"id":44507,"date":"2022-11-23T15:27:17","date_gmt":"2022-11-23T08:27:17","guid":{"rendered":"https:\/\/lululolashow.com\/?p=170"},"modified":"2024-11-08T12:29:46","modified_gmt":"2024-11-08T05:29:46","slug":"lich-dien-thang-12-2022-tai-lululola-da-lat","status":"publish","type":"product","link":"https:\/\/liveshowdalat.vn\/en\/lich-dien-thang-12-2022-tai-lululola-da-lat.html","title":{"rendered":"L\u1ecbch Di\u1ec5n Th\u00e1ng 12\/2022 T\u1ea1i Lululola \u0110\u00e0 L\u1ea1t"},"content":{"rendered":"<nav class=\"vietrick-auto-toc\">\n<div class=\"box-title\">\n<h3 class=\"toc-title\" id=\"select-menu\">Danh m\u1ee5c ch\u00ednh<\/h3>\n<div><ion-icon name=\"chevron-up-outline\"><\/ion-icon><\/div>\n<\/div>\n<ul class=\"toc-list\">\n<li><a href='https:\/\/liveshowdalat.vn\/en#lich-dien-thang-12-2022-tai-lululola-da-lat' class='heading-h2 toc-link smooth-scroll'>L\u1ecbch Di\u1ec5n Th\u00e1ng 12\/2022 T\u1ea1i Lululola \u0110\u00e0 L\u1ea1t<\/a>\n<li><a href='https:\/\/liveshowdalat.vn\/en#lien-he-book-ve' class='heading-h2 toc-link smooth-scroll'>Li\u00ean H\u1ec7 Book V\u00e9\u00a0<\/a><\/ul>\n<\/ul>\n<\/li>\n<\/ul>\n<\/nav>\n<h2 style=\"text-align: center;\" id=\"lich-dien-thang-12-2022-tai-lululola-da-lat\"><span style=\"color: #003300;\">L\u1ecbch Di\u1ec5n Th\u00e1ng 12\/2022 T\u1ea1i Lululola \u0110\u00e0 L\u1ea1t<\/span><\/h2>\n<div class=\"x11i5rnm xat24cr x1mh8g0r x1vvkbs xdj266r x126k92a\">\n<div dir=\"auto\"><span class=\"x3nfvp2 x1j61x8r x1fcty0u xdj266r xhhsvwb xat24cr xgzva0m xxymvpz xlup9mm x1kky2od\"><img loading=\"lazy\" decoding=\"async\" src=\"https:\/\/static.xx.fbcdn.net\/images\/emoji.php\/v9\/t82\/1.5\/16\/1f397.png\" alt=\"\ud83c\udf97\" width=\"16\" height=\"16\" \/><\/span><span class=\"x3nfvp2 x1j61x8r x1fcty0u xdj266r xhhsvwb xat24cr xgzva0m xxymvpz xlup9mm x1kky2od\"><img loading=\"lazy\" decoding=\"async\" src=\"https:\/\/static.xx.fbcdn.net\/images\/emoji.php\/v9\/t82\/1.5\/16\/1f397.png\" alt=\"\ud83c\udf97\" width=\"16\" height=\"16\" \/><\/span> Lululola Show \u0110\u00e0 L\u1ea1t &#8211; H\u01a1n c\u1ea3 \u00e2m nh\u1ea1c, kh\u00f4ng gian c\u1ef1c chill s\u1ebd gi\u00fap b\u1ea1n th\u0103ng hoa khi th\u01b0\u1edfng th\u1ee9c \u0111\u00eam nh\u1ea1c t\u1ea1i Lululola<\/div>\n<\/div>\n<div class=\"x11i5rnm xat24cr x1mh8g0r x1vvkbs xtlvy1s x126k92a\">\n<div dir=\"auto\"><span class=\"x3nfvp2 x1j61x8r x1fcty0u xdj266r xhhsvwb xat24cr xgzva0m xxymvpz xlup9mm x1kky2od\"><img loading=\"lazy\" decoding=\"async\" src=\"https:\/\/static.xx.fbcdn.net\/images\/emoji.php\/v9\/t7b\/1.5\/16\/2728.png\" alt=\"\u2728\" width=\"16\" height=\"16\" \/><\/span><span class=\"x3nfvp2 x1j61x8r x1fcty0u xdj266r xhhsvwb xat24cr xgzva0m xxymvpz xlup9mm x1kky2od\"><img loading=\"lazy\" decoding=\"async\" src=\"https:\/\/static.xx.fbcdn.net\/images\/emoji.php\/v9\/t7b\/1.5\/16\/2728.png\" alt=\"\u2728\" width=\"16\" height=\"16\" \/><\/span> Ngo\u00e0i nh\u1eefng show nh\u1ea1c h\u00e0ng \u0111\u00eam, Lululola c\u00f2n l\u00e0 \u0111\u1ecba \u0111i\u1ec3m check-in v\u1edbi nh\u1eefng g\u00f3c &#8220;s\u1ed1ng \u1ea3o&#8221; si\u00eau hot t\u1ea1i \u0110\u00e0 L\u1ea1t, ph\u1ee5c v\u1ee5 \u0111\u1ed3 \u0103n u\u1ed1ng, L\u1ea9u v\u00e0 N\u01b0\u1edbng ngo\u00e0i tr\u1eddi hay nh\u1eefng bu\u1ed5i ti\u1ec7c \u1ea5m c\u00fang mang \u0111\u1eadm ch\u1ea5t \u0110\u00e0 L\u1ea1t v\u1edbi view nh\u00ecn ra thung l\u0169ng th\u00e0nh ph\u1ed1 v\u1ec1 \u0111\u00eam si\u00eau l\u00e3ng m\u1ea1n.<\/div>\n<p dir=\"auto\"><strong>\u0110\u1ecba ch\u1ec9: \u0110\u01b0\u1eddng 3\/4, Ph\u01b0\u1eddng 3, Th\u00e0nh ph\u1ed1 \u0110\u00e0 L\u1ea1t, L\u00e2m \u0110\u1ed3ng, Vi\u1ec7t Nam<\/strong><\/p>\n<\/div>\n<div class=\"x11i5rnm xat24cr x1mh8g0r x1vvkbs xtlvy1s x126k92a\">\n<div dir=\"auto\"><span style=\"font-size: 14pt; color: #003300;\"><strong><span class=\"x3nfvp2 x1j61x8r x1fcty0u xdj266r xhhsvwb xat24cr xgzva0m xxymvpz xlup9mm x1kky2od\"><img loading=\"lazy\" decoding=\"async\" src=\"https:\/\/static.xx.fbcdn.net\/images\/emoji.php\/v9\/tb5\/1.5\/16\/1f5d3.png\" alt=\"\ud83d\uddd3\" width=\"16\" height=\"16\" \/><\/span> L\u1ecaCH SHOW CA S\u0128 TH\u00c1NG 12<\/strong><\/span><\/div>\n<\/div>\n<div class=\"x11i5rnm xat24cr x1mh8g0r x1vvkbs xtlvy1s x126k92a\">\u00a0<\/div>\n<div class=\"x11i5rnm xat24cr x1mh8g0r x1vvkbs xtlvy1s x126k92a\">\n<div dir=\"auto\">\u00a0<\/div>\n<\/div>\n<div class=\"x11i5rnm xat24cr x1mh8g0r x1vvkbs xtlvy1s x126k92a\">\n<div dir=\"auto\"><span class=\"x3nfvp2 x1j61x8r x1fcty0u xdj266r xhhsvwb xat24cr xgzva0m xxymvpz xlup9mm x1kky2od\"><img loading=\"lazy\" decoding=\"async\" src=\"https:\/\/static.xx.fbcdn.net\/images\/emoji.php\/v9\/t86\/1.5\/16\/1f4cd.png\" alt=\"\ud83d\udccd\" width=\"16\" height=\"16\" \/><\/span>03\/12\/2022 I V\u0169 C\u00e1t T\u01b0\u1eddng &#8211; LululoLa Show | PHI H\u00c0NH GIA C\u00d4 \u0110\u01a0N<\/div>\n<div dir=\"auto\">Link booking:<a href=\"https:\/\/lululolashow.com\/3-12-vu-cat-tuong-phi-hanh-gia-co-don.html\" rel=\"noopener\">https:\/\/lululolashow.com\/3-12-vu-cat-tuong-phi-hanh-gia-co-don.html<\/a><\/div>\n<\/div>\n<div class=\"x11i5rnm xat24cr x1mh8g0r x1vvkbs xtlvy1s x126k92a\">\n<div dir=\"auto\"><span class=\"x3nfvp2 x1j61x8r x1fcty0u xdj266r xhhsvwb xat24cr xgzva0m xxymvpz xlup9mm x1kky2od\"><img loading=\"lazy\" decoding=\"async\" src=\"https:\/\/static.xx.fbcdn.net\/images\/emoji.php\/v9\/t86\/1.5\/16\/1f4cd.png\" alt=\"\ud83d\udccd\" width=\"16\" height=\"16\" \/><\/span>04\/12\/2022 I L\u00ea Hi\u1ebfu \u2022 Th\u1ea3o Trang &#8211; LululoLa Show | H\u1eb8N V\u1edaI C\u00d4 \u0110\u01a0N<\/div>\n<div dir=\"auto\">Link booking:<a href=\"https:\/\/lululolashow.com\/4-12-le-hieu-thao-trang-co-hen-voi-co-don.html\" rel=\"noopener\">https:\/\/lululolashow.com\/4-12-le-hieu-thao-trang-co-hen-voi-co-don.html<\/a><\/div>\n<\/div>\n<div class=\"x11i5rnm xat24cr x1mh8g0r x1vvkbs xtlvy1s x126k92a\">\n<div dir=\"auto\"><span class=\"x3nfvp2 x1j61x8r x1fcty0u xdj266r xhhsvwb xat24cr xgzva0m xxymvpz xlup9mm x1kky2od\"><img loading=\"lazy\" decoding=\"async\" src=\"https:\/\/static.xx.fbcdn.net\/images\/emoji.php\/v9\/t86\/1.5\/16\/1f4cd.png\" alt=\"\ud83d\udccd\" width=\"16\" height=\"16\" \/><\/span>09\/12\/2022 I Nam Em \u2022 B\u1ea1ch C\u00f4ng Khanh &#8211; LululoLa Show | PH\u01af\u01a0NG XA<\/div>\n<div dir=\"auto\">Link booking:\u00a0<a href=\"https:\/\/lululolashow.com\/9-12-nam-em-bach-cong-khanh-phuong-xa.html\" rel=\"noopener\">https:\/\/lululolashow.com\/9-12-nam-em-bach-cong-khanh-phuong-xa.html<\/a><\/div>\n<\/div>\n<div class=\"x11i5rnm xat24cr x1mh8g0r x1vvkbs xtlvy1s x126k92a\">\n<div dir=\"auto\"><span class=\"x3nfvp2 x1j61x8r x1fcty0u xdj266r xhhsvwb xat24cr xgzva0m xxymvpz xlup9mm x1kky2od\"><img loading=\"lazy\" decoding=\"async\" src=\"https:\/\/static.xx.fbcdn.net\/images\/emoji.php\/v9\/t86\/1.5\/16\/1f4cd.png\" alt=\"\ud83d\udccd\" width=\"16\" height=\"16\" \/><\/span>11\/12\/2022 I D\u01b0\u01a1ng Edward \u2022 Hari Won &#8211; LululoLa Show | RUNG \u0110\u1ed8NG<\/div>\n<div dir=\"auto\">Link booking:\u00a0<a href=\"https:\/\/lululolashow.com\/11-12-duong-edward-hari-won-rung-dong.html\" rel=\"noopener\">https:\/\/lululolashow.com\/11-12-duong-edward-hari-won-rung-dong.html<\/a><\/div>\n<\/div>\n<div class=\"x11i5rnm xat24cr x1mh8g0r x1vvkbs xtlvy1s x126k92a\">\n<div dir=\"auto\"><span class=\"x3nfvp2 x1j61x8r x1fcty0u xdj266r xhhsvwb xat24cr xgzva0m xxymvpz xlup9mm x1kky2od\"><img loading=\"lazy\" decoding=\"async\" src=\"https:\/\/static.xx.fbcdn.net\/images\/emoji.php\/v9\/t86\/1.5\/16\/1f4cd.png\" alt=\"\ud83d\udccd\" width=\"16\" height=\"16\" \/><\/span>16\/12\/2022 I H\u1eb1ng BingBong \u2022 Yanbi \u2022 Mr.T &#8211; LululoLa Show | THU CU\u1ed0I<\/div>\n<div dir=\"auto\">Link booking:\u00a0<a href=\"https:\/\/lululolashow.com\/16-12-hang-bingbong-yanbi-mr-t-thu-cuoi.html\" rel=\"noopener\">https:\/\/lululolashow.com\/16-12-hang-bingbong-yanbi-mr-t-thu-cuoi.html<\/a><\/div>\n<\/div>\n<div class=\"x11i5rnm xat24cr x1mh8g0r x1vvkbs xtlvy1s x126k92a\">\n<div dir=\"auto\"><span class=\"x3nfvp2 x1j61x8r x1fcty0u xdj266r xhhsvwb xat24cr xgzva0m xxymvpz xlup9mm x1kky2od\"><img loading=\"lazy\" decoding=\"async\" src=\"https:\/\/static.xx.fbcdn.net\/images\/emoji.php\/v9\/t86\/1.5\/16\/1f4cd.png\" alt=\"\ud83d\udccd\" width=\"16\" height=\"16\" \/><\/span>17\/12\/2022 I Th\u00f9y Chi \u2022 Mai Ti\u1ebfn D\u0169ng &#8211; LululoLa Show | GIAI \u0110I\u1ec6U T\u00ccNH Y\u00caU<\/div>\n<div dir=\"auto\">Link booking:\u00a0<a href=\"https:\/\/lululolashow.com\/17-12-thuy-chi-mai-tien-dung-giai-dieu-tinh-yeu.html\" rel=\"noopener\">https:\/\/lululolashow.com\/17-12-thuy-chi-mai-tien-dung-giai-dieu-tinh-yeu.html<\/a><\/div>\n<\/div>\n<div class=\"x11i5rnm xat24cr x1mh8g0r x1vvkbs xtlvy1s x126k92a\">\n<div dir=\"auto\"><span class=\"x3nfvp2 x1j61x8r x1fcty0u xdj266r xhhsvwb xat24cr xgzva0m xxymvpz xlup9mm x1kky2od\"><img loading=\"lazy\" decoding=\"async\" src=\"https:\/\/static.xx.fbcdn.net\/images\/emoji.php\/v9\/t86\/1.5\/16\/1f4cd.png\" alt=\"\ud83d\udccd\" width=\"16\" height=\"16\" \/><\/span>18\/12\/2022 I V\u0103n Mai H\u01b0\u01a1ng \u2022 Myra Tr\u1ea7n \u2022 Ki\u1ec1u Oanh \u2022 Qu\u00e2n Lee &#8211; LululoLa Show | M\u1ed8T NG\u00c0N N\u1ed6I \u0110AU<\/div>\n<div dir=\"auto\">Link booking:\u00a0<a href=\"https:\/\/lululolashow.com\/18-12-van-mai-huong-myra-tran-kieu-oanh-quan-lee-mot-ngan-noi-dau.html\" rel=\"noopener\">https:\/\/lululolashow.com\/18-12-van-mai-huong-myra-tran-kieu-oanh-quan-lee-mot-ngan-noi-dau.html<\/a><\/div>\n<\/div>\n<div class=\"x11i5rnm xat24cr x1mh8g0r x1vvkbs xtlvy1s x126k92a\">\n<div dir=\"auto\"><span class=\"x3nfvp2 x1j61x8r x1fcty0u xdj266r xhhsvwb xat24cr xgzva0m xxymvpz xlup9mm x1kky2od\"><img loading=\"lazy\" decoding=\"async\" src=\"https:\/\/static.xx.fbcdn.net\/images\/emoji.php\/v9\/t86\/1.5\/16\/1f4cd.png\" alt=\"\ud83d\udccd\" width=\"16\" height=\"16\" \/><\/span>23\/12\/2022 I Trung Qu\u00e2n &amp; Kh\u00e1ch m\u1eddi &#8211; LululoLa Show | D\u1eeaNG L\u1ea0I V\u1eaaN K\u1ecaP L\u00daC<\/div>\n<div dir=\"auto\">Link booking:\u00a0<a href=\"https:\/\/lululolashow.com\/23-12-trung-quan-khach-moi-dung-lai-van-kip-luc.html\" rel=\"noopener\">https:\/\/lululolashow.com\/23-12-trung-quan-khach-moi-dung-lai-van-kip-luc.html<\/a><\/div>\n<\/div>\n<div class=\"x11i5rnm xat24cr x1mh8g0r x1vvkbs xtlvy1s x126k92a\">\n<div dir=\"auto\"><span class=\"x3nfvp2 x1j61x8r x1fcty0u xdj266r xhhsvwb xat24cr xgzva0m xxymvpz xlup9mm x1kky2od\"><img loading=\"lazy\" decoding=\"async\" src=\"https:\/\/static.xx.fbcdn.net\/images\/emoji.php\/v9\/t86\/1.5\/16\/1f4cd.png\" alt=\"\ud83d\udccd\" width=\"16\" height=\"16\" \/><\/span>24\/12\/2022 I V\u00f5 H\u1ea1 Tr\u00e2m \u2022 Qu\u1ed1c Thi\u00ean &#8211; LululoLa Show | NG\u00c0Y CH\u01afA GI\u00d4NG B\u00c3O<\/div>\n<div dir=\"auto\">Link booking:\u00a0<a href=\"https:\/\/lululolashow.com\/24-12-vo-ha-tram-quoc-thien-ngay-chua-giong-bao.html\" rel=\"noopener\">https:\/\/lululolashow.com\/24-12-vo-ha-tram-quoc-thien-ngay-chua-giong-bao.html<\/a><\/div>\n<\/div>\n<div class=\"x11i5rnm xat24cr x1mh8g0r x1vvkbs xtlvy1s x126k92a\">\n<div dir=\"auto\"><span class=\"x3nfvp2 x1j61x8r x1fcty0u xdj266r xhhsvwb xat24cr xgzva0m xxymvpz xlup9mm x1kky2od\"><img loading=\"lazy\" decoding=\"async\" src=\"https:\/\/static.xx.fbcdn.net\/images\/emoji.php\/v9\/t86\/1.5\/16\/1f4cd.png\" alt=\"\ud83d\udccd\" width=\"16\" height=\"16\" \/><\/span>25\/12\/2022 I \u01afng Ho\u00e0ng Ph\u00fac \u2022 Vicky Nhung &#8211; LululoLa Show | CH\u1ea0M<\/div>\n<div dir=\"auto\">Link booking:\u00a0<a href=\"https:\/\/lululolashow.com\/25-12-ung-hoang-phuc-vicky-nhung-cham.html\" rel=\"noopener\">https:\/\/lululolashow.com\/25-12-ung-hoang-phuc-vicky-nhung-cham.html<\/a><\/div>\n<\/div>\n<div class=\"x11i5rnm xat24cr x1mh8g0r x1vvkbs xtlvy1s x126k92a\">\n<div dir=\"auto\"><span class=\"x3nfvp2 x1j61x8r x1fcty0u xdj266r xhhsvwb xat24cr xgzva0m xxymvpz xlup9mm x1kky2od\"><img loading=\"lazy\" decoding=\"async\" src=\"https:\/\/static.xx.fbcdn.net\/images\/emoji.php\/v9\/t86\/1.5\/16\/1f4cd.png\" alt=\"\ud83d\udccd\" width=\"16\" height=\"16\" \/><\/span>30\/12\/2022 I Tr\u1ecbnh Th\u0103ng B\u00ecnh \u2022 \u00c1i Ph\u01b0\u01a1ng &#8211; LululoLa Show | V\u1ee0 TAN<\/div>\n<div dir=\"auto\">Link booking:\u00a0<a href=\"https:\/\/lululolashow.com\/30-12-trinh-thang-binh-ai-phuong-vo-tan.html\" rel=\"noopener\">https:\/\/lululolashow.com\/30-12-trinh-thang-binh-ai-phuong-vo-tan.html<\/a><\/div>\n<\/div>\n<div class=\"x11i5rnm xat24cr x1mh8g0r x1vvkbs xtlvy1s x126k92a\">\n<div dir=\"auto\"><span class=\"x3nfvp2 x1j61x8r x1fcty0u xdj266r xhhsvwb xat24cr xgzva0m xxymvpz xlup9mm x1kky2od\"><img loading=\"lazy\" decoding=\"async\" src=\"https:\/\/static.xx.fbcdn.net\/images\/emoji.php\/v9\/t86\/1.5\/16\/1f4cd.png\" alt=\"\ud83d\udccd\" width=\"16\" height=\"16\" \/><\/span>31\/12\/2022 I Ho\u00e0i L\u00e2m \u2022 B\u1ea1ch C\u00f4ng Khanh &#8211; LululoLa Show | NH\u01af PH\u00daT BAN \u0110\u1ea6U<\/div>\n<div dir=\"auto\">Link booking:\u00a0<a href=\"https:\/\/lululolashow.com\/31-12-hoai-lam-bach-cong-khanh-nhu-nhung-phut-ban-dau.html\" rel=\"noopener\">https:\/\/lululolashow.com\/31-12-hoai-lam-bach-cong-khanh-nhu-nhung-phut-ban-dau.html<\/a><\/div>\n<div dir=\"auto\">\u00a0<\/div>\n<\/div>\n<div dir=\"auto\"><img loading=\"lazy\" decoding=\"async\" class=\"alignnone wp-image-226\" src=\"https:\/\/lululolashow.com\/wp-content\/uploads\/2022\/11\/z3934830674617_6e50aab6093b3b3b49aaf1240bdc5ff3.jpg\" alt=\"\" width=\"653\" height=\"924\"><\/div>\n<article class=\"post-content\">\n<div class=\"anh_wtm_m\">\n<div class=\"mws_content\">\n<h2 id=\"lien-he-book-ve\"><span style=\"color: #003300;\"><strong>Li\u00ean H\u1ec7 Book V\u00e9\u00a0<\/strong><\/span><\/h2>\n<p><strong>Hotline\/Zalo: 0988 249 297<\/strong><\/p>\n<p>Fanpage booking:\u00a0<a href=\"https:\/\/www.facebook.com\/liveshowdalat\/\" target=\"_blank\" rel=\"noopener\">Lululola Coffee+<\/a><\/p>\n<p>Xem th\u00eam b\u00e0i vi\u1ebft kh\u00e1c t\u1ea1i:\u00a0<a href=\"https:\/\/dalatreview.vn\/ve-tham-quan\" target=\"_blank\" rel=\"noopener\">\u0110\u00e0 L\u1ea1t Review<\/a><\/p>\n<\/div>\n<\/div>\n<\/article>\n<div class=\"post-content xemthem\">Th\u1ebb:<a href=\"https:\/\/dalatreview.vn\/tag\/lululola-dat-ve-liveshow\" target=\"_blank\" rel=\"tag noopener\">Lululola \u0110\u1eb7t V\u00e9 Liveshow<\/a><\/div>\n<div>\u00a0<\/div>\n<div><img loading=\"lazy\" decoding=\"async\" class=\"alignnone size-full wp-image-72\" src=\"https:\/\/lululolashow.com\/wp-content\/uploads\/2022\/11\/Lululola-16-scaled.jpg\" alt=\"Lululola\" width=\"2560\" height=\"1920\" \/><\/div>","protected":false},"excerpt":{"rendered":"<p>Danh m\u1ee5c ch\u00ednh L\u1ecbch Di\u1ec5n Th\u00e1ng 12\/2022 T\u1ea1i Lululola \u0110\u00e0 L\u1ea1t Li\u00ean H\u1ec7 Book V\u00e9\u00a0 L\u1ecbch Di\u1ec5n Th\u00e1ng 12\/2022 T\u1ea1i Lululola \u0110\u00e0 L\u1ea1t Lululola Show \u0110\u00e0 L\u1ea1t &#8211; H\u01a1n c\u1ea3 \u00e2m nh\u1ea1c, kh\u00f4ng gian c\u1ef1c chill s\u1ebd gi\u00fap b\u1ea1n th\u0103ng hoa khi th\u01b0\u1edfng th\u1ee9c \u0111\u00eam nh\u1ea1c t\u1ea1i Lululola Ngo\u00e0i nh\u1eefng show nh\u1ea1c h\u00e0ng \u0111\u00eam, Lululola [&hellip;]<\/p>","protected":false},"featured_media":44689,"comment_status":"open","ping_status":"closed","template":"","meta":[],"product_cat":[31,2421],"product_tag":[],"_links":{"self":[{"href":"https:\/\/liveshowdalat.vn\/en\/wp-json\/wp\/v2\/product\/44507"}],"collection":[{"href":"https:\/\/liveshowdalat.vn\/en\/wp-json\/wp\/v2\/product"}],"about":[{"href":"https:\/\/liveshowdalat.vn\/en\/wp-json\/wp\/v2\/types\/product"}],"replies":[{"embeddable":true,"href":"https:\/\/liveshowdalat.vn\/en\/wp-json\/wp\/v2\/comments?post=44507"}],"wp:featuredmedia":[{"embeddable":true,"href":"https:\/\/liveshowdalat.vn\/en\/wp-json\/wp\/v2\/media\/44689"}],"wp:attachment":[{"href":"https:\/\/liveshowdalat.vn\/en\/wp-json\/wp\/v2\/media?parent=44507"}],"wp:term":[{"taxonomy":"product_cat","embeddable":true,"href":"https:\/\/liveshowdalat.vn\/en\/wp-json\/wp\/v2\/product_cat?post=44507"},{"taxonomy":"product_tag","embeddable":true,"href":"https:\/\/liveshowdalat.vn\/en\/wp-json\/wp\/v2\/product_tag?post=44507"}],"curies":[{"name":"wp","href":"https:\/\/api.w.org\/{rel}","templated":true}]}}