{"id":4449,"date":"2024-05-30T22:35:32","date_gmt":"2024-05-30T15:35:32","guid":{"rendered":"https:\/\/maylangthangshow.com\/?p=4449"},"modified":"2025-05-28T06:01:24","modified_gmt":"2025-05-27T23:01:24","slug":"may-lang-thang-concert-in-hanoi","status":"publish","type":"product","link":"https:\/\/liveshowdalat.vn\/en\/may-lang-thang-concert-in-hanoi.html","title":{"rendered":"M\u00c2Y LANG THANG CONCERT IN HANOI 27.07"},"content":{"rendered":"<nav class=\"vietrick-auto-toc\">\n<div class=\"box-title\">\n<h3 class=\"toc-title\" id=\"select-menu\">Danh m\u1ee5c ch\u00ednh<\/h3>\n<div><ion-icon name=\"chevron-up-outline\"><\/ion-icon><\/div>\n<\/div>\n<ul class=\"toc-list\">\n<li><a href='https:\/\/liveshowdalat.vn\/en#may-lang-thang-concert-in-hanoi' class='heading-h2 toc-link smooth-scroll'>M\u00c2Y LANG THANG CONCERT IN HANOI<\/a>\n<li><a href='https:\/\/liveshowdalat.vn\/en#lien-he-book-ve' class='heading-h2 toc-link smooth-scroll'>Li\u00ean H\u1ec7 Book V\u00e9\u00a0<\/a><\/ul>\n<\/ul>\n<\/li>\n<\/ul>\n<\/nav>\n<h2 style=\"text-align: center;\" id=\"may-lang-thang-concert-in-hanoi\"><span style=\"font-size: 24pt; color: #003300;\"><strong>M\u00c2Y LANG THANG CONCERT IN HANOI<\/strong><\/span><\/h2>\n<p style=\"text-align: center;\"><span style=\"font-size: 18pt;\"><strong><span style=\"color: #003366;\">TRUNG T\u00c2M H\u1ed8I NGH\u1eca QU\u1ed0C GIA<\/span><\/strong><\/span><\/p>\n<p><img loading=\"lazy\" decoding=\"async\" class=\"size-full wp-image-4454 aligncenter\" src=\"https:\/\/liveshowdalat.vn\/wp-content\/uploads\/2024\/05\/Screenshot-2024-05-30-223006-1.png\" alt=\"M\u00e2y Lang Thang\" width=\"615\" height=\"592\" \/><\/p>\n<p><img loading=\"lazy\" decoding=\"async\" class=\"aligncenter wp-image-4423 size-large\" src=\"https:\/\/liveshowdalat.vn\/wp-content\/uploads\/2024\/05\/May-Lang-Thang-Ha-Noi-Thang-7-819x1024.jpg\" alt=\"M\u00e2y Lang Thang - H\u00e0 N\u1ed9i - Th\u00e1ng 7\" width=\"819\" height=\"1024\" srcset=\"https:\/\/liveshowdalat.vn\/wp-content\/uploads\/2024\/05\/May-Lang-Thang-Ha-Noi-Thang-7-819x1024.jpg 819w, https:\/\/liveshowdalat.vn\/wp-content\/uploads\/2024\/05\/May-Lang-Thang-Ha-Noi-Thang-7-240x300.jpg 240w, https:\/\/liveshowdalat.vn\/wp-content\/uploads\/2024\/05\/May-Lang-Thang-Ha-Noi-Thang-7-768x960.jpg 768w, https:\/\/liveshowdalat.vn\/wp-content\/uploads\/2024\/05\/May-Lang-Thang-Ha-Noi-Thang-7-600x750.jpg 600w, https:\/\/liveshowdalat.vn\/wp-content\/uploads\/2024\/05\/May-Lang-Thang-Ha-Noi-Thang-7.jpg 1080w\" sizes=\"(max-width: 819px) 100vw, 819px\" \/><\/p>\n<p style=\"text-align: left;\"><span style=\"font-size: 18pt; color: #003300;\"><b>Ch\u00ednh s\u00e1ch tr\u1ebb em b\u00ean M\u00e2y Lang Thang:<\/b><b><br \/>\n<\/b><\/span><span style=\"font-size: 14pt;\">\u2013 \u0110\u1ed1i v\u1edbi tr\u1ebb em d\u01b0\u1edbi 1m2 ph\u1ee5 thu 70% (30% ho\u00e0n t\u1ea1i qu\u1ea7y check-in).<\/span><br \/>\n<span style=\"font-size: 14pt;\">***<\/span><br \/>\n<span style=\"font-size: 14pt;\">\u2013 \u0110\u1ecba ch\u1ec9: <strong>TRUNG T\u00c2M H\u1ed8I NGH\u1eca QU\u1ed0C GIA &#8211; S\u1ed1 01, \u0110\u1ea1i L\u1ed9 Th\u0103ng Long, M\u1ec5 Tr\u00ec, Nam T\u1eeb Li\u00eam, H\u00e0 N\u1ed9i.<\/strong><\/span><br \/>\n<span style=\"font-size: 14pt;\">\u2013 Qu\u00fd kh\u00e1ch vui l\u00f2ng xem k\u1ef9 s\u01a1 \u0111\u1ed3 m\u00f4 t\u1ea3 ch\u1ed7 ng\u1ed3i ngay b\u00ean d\u01b0\u1edbi v\u00e0 h\u00ecnh \u1ea3nh s\u00e2n kh\u1ea5u th\u1eadt \u0111\u1ec3 ch\u1ecdn gh\u1ebf ng\u1ed3i ph\u00f9 h\u1ee3p.<\/span><\/p>\n<p><img loading=\"lazy\" decoding=\"async\" class=\"size-full wp-image-4450 aligncenter\" src=\"https:\/\/liveshowdalat.vn\/wp-content\/uploads\/2024\/05\/So-do-TRUNG-TAM-HOI-NGHI-QUOC-GIA-1.jpg\" alt=\"S\u01a1 \u0111\u1ed3 TRUNG T\u00c2M H\u1ed8I NGH\u1eca QU\u1ed0C GIA\" width=\"2048\" height=\"2048\" srcset=\"https:\/\/liveshowdalat.vn\/wp-content\/uploads\/2024\/05\/So-do-TRUNG-TAM-HOI-NGHI-QUOC-GIA-1.jpg 2048w, https:\/\/liveshowdalat.vn\/wp-content\/uploads\/2024\/05\/So-do-TRUNG-TAM-HOI-NGHI-QUOC-GIA-1-300x300.jpg 300w, https:\/\/liveshowdalat.vn\/wp-content\/uploads\/2024\/05\/So-do-TRUNG-TAM-HOI-NGHI-QUOC-GIA-1-1024x1024.jpg 1024w, https:\/\/liveshowdalat.vn\/wp-content\/uploads\/2024\/05\/So-do-TRUNG-TAM-HOI-NGHI-QUOC-GIA-1-150x150.jpg 150w, https:\/\/liveshowdalat.vn\/wp-content\/uploads\/2024\/05\/So-do-TRUNG-TAM-HOI-NGHI-QUOC-GIA-1-768x768.jpg 768w, https:\/\/liveshowdalat.vn\/wp-content\/uploads\/2024\/05\/So-do-TRUNG-TAM-HOI-NGHI-QUOC-GIA-1-1536x1536.jpg 1536w, https:\/\/liveshowdalat.vn\/wp-content\/uploads\/2024\/05\/So-do-TRUNG-TAM-HOI-NGHI-QUOC-GIA-1-600x600.jpg 600w, https:\/\/liveshowdalat.vn\/wp-content\/uploads\/2024\/05\/So-do-TRUNG-TAM-HOI-NGHI-QUOC-GIA-1-100x100.jpg 100w\" sizes=\"(max-width: 2048px) 100vw, 2048px\" \/><\/p>\n<p><span style=\"font-size: 18pt; color: #003300;\"><b>L\u01afU \u00dd<\/b><\/span><\/p>\n<p><span style=\"font-size: 14pt;\">\u2013 BTC kh\u00f4ng h\u1ed7 tr\u1ee3 ho\u00e0n v\u00e9 d\u01b0\u1edbi m\u1ecdi h\u00ecnh th\u1ee9c<\/span><\/p>\n<p><span style=\"font-size: 14pt;\">\u2013 Vui l\u00f2ng kh\u00f4ng mang \u0111\u1ed3 \u0103n n\u01b0\u1edbc u\u1ed1ng b\u00ean ngo\u00e0i v\u00e0o khu v\u1ef1c bi\u1ec3u di\u1ec5n<\/span><\/p>\n<p><span style=\"font-size: 14pt;\">\u2013 Tr\u01b0\u1eddng h\u1ee3p h\u1ee7y v\u00e9 v\u00e0 b\u1ea3o l\u01b0u v\u00e9 c\u1ea7n th\u00f4ng b\u00e1o t\u1edbi BTC tr\u01b0\u1edbc 24 gi\u1edd, sau kho\u1ea3ng th\u1eddi gian tr\u00ean s\u1ebd kh\u00f4ng \u0111\u01b0\u1ee3c h\u1ed7 tr\u1ee3<\/span><\/p>\n<p><span style=\"font-size: 18pt; color: #003300;\"><b><i>B\u1ea1n l\u01b0u \u00fd th\u00f4ng tin b\u1ea3o l\u01b0u sau:<\/i><\/b><\/span><\/p>\n<p><span style=\"font-size: 14pt;\">\u2013 Th\u1eddi h\u1ea1n b\u1ea3o l\u01b0u l\u00e0 trong v\u00f2ng m\u1ed9t n\u0103m t\u00ednh theo ng\u00e0y x\u00e1c nh\u1eadn b\u1ea3o l\u01b0u.<\/span><\/p>\n<p><span style=\"font-size: 14pt;\">\u2013 B\u1ea3o l\u01b0u ch\u1ec9 c\u00f3 hi\u1ec7u l\u1ef1c c\u00f9ng khu v\u1ef1c \u0111\u00e3 \u0111\u1eb7t<\/span><\/p>\n<p><span style=\"font-size: 14pt;\">\u2013 M\u00e2y ch\u1ec9 h\u1ed7 tr\u1ee3 b\u1ea3o l\u01b0u c\u00f9ng h\u1ea1ng gi\u00e1, v\u1edbi gi\u00e1 v\u00e9 cao h\u01a1n (vui l\u00f2ng b\u00f9 ph\u1ea7n ch\u00eanh l\u1ec7ch gi\u00fap M\u00e2y).<\/span><\/p>\n<p><span style=\"font-size: 14pt;\">Trong tr\u01b0\u1eddng h\u1ee3p h\u1ea1ng v\u00e9 th\u1ea5p s\u1ed1 ti\u1ec1n \u0111\u00e3 b\u1ea3o l\u01b0u, M\u00e2y kh\u00f4ng h\u1ed7 tr\u1ee3 ho\u00e0n ti\u1ec1n.<\/span><\/p>\n<p><img loading=\"lazy\" decoding=\"async\" class=\"size-full wp-image-4450 aligncenter\" src=\"https:\/\/liveshowdalat.vn\/wp-content\/uploads\/2024\/05\/So-do-TRUNG-TAM-HOI-NGHI-QUOC-GIA-1.jpg\" alt=\"S\u01a1 \u0111\u1ed3 TRUNG T\u00c2M H\u1ed8I NGH\u1eca QU\u1ed0C GIA\" width=\"2048\" height=\"2048\" srcset=\"https:\/\/liveshowdalat.vn\/wp-content\/uploads\/2024\/05\/So-do-TRUNG-TAM-HOI-NGHI-QUOC-GIA-1.jpg 2048w, https:\/\/liveshowdalat.vn\/wp-content\/uploads\/2024\/05\/So-do-TRUNG-TAM-HOI-NGHI-QUOC-GIA-1-300x300.jpg 300w, https:\/\/liveshowdalat.vn\/wp-content\/uploads\/2024\/05\/So-do-TRUNG-TAM-HOI-NGHI-QUOC-GIA-1-1024x1024.jpg 1024w, https:\/\/liveshowdalat.vn\/wp-content\/uploads\/2024\/05\/So-do-TRUNG-TAM-HOI-NGHI-QUOC-GIA-1-150x150.jpg 150w, https:\/\/liveshowdalat.vn\/wp-content\/uploads\/2024\/05\/So-do-TRUNG-TAM-HOI-NGHI-QUOC-GIA-1-768x768.jpg 768w, https:\/\/liveshowdalat.vn\/wp-content\/uploads\/2024\/05\/So-do-TRUNG-TAM-HOI-NGHI-QUOC-GIA-1-1536x1536.jpg 1536w, https:\/\/liveshowdalat.vn\/wp-content\/uploads\/2024\/05\/So-do-TRUNG-TAM-HOI-NGHI-QUOC-GIA-1-600x600.jpg 600w, https:\/\/liveshowdalat.vn\/wp-content\/uploads\/2024\/05\/So-do-TRUNG-TAM-HOI-NGHI-QUOC-GIA-1-100x100.jpg 100w\" sizes=\"(max-width: 2048px) 100vw, 2048px\" \/><\/p>\n<h2 id=\"lien-he-book-ve\"><span style=\"color: #003300;\"><b>Li\u00ean H\u1ec7 Book V\u00e9\u00a0<\/b><\/span><\/h2>\n<p><span style=\"font-family: arial, helvetica, sans-serif;\"><span style=\"font-size: 14pt; color: #000000;\"><b>Hotline\/Zalo:\u00a0<\/b><\/span><strong><span style=\"font-size: 14pt;\">0988 249 297<\/span><\/strong><\/span><\/p>\n<p><span style=\"font-size: 14pt;\">Fanpage booking:\u00a0<a href=\"https:\/\/www.facebook.com\/liveshowdalat\/\" target=\"_blank\" rel=\"noopener\">M\u00e2y Lang Thang<\/a><\/span><\/p>\n<p><span style=\"font-size: 14pt;\">Xem th\u00eam b\u00e0i vi\u1ebft kh\u00e1c t\u1ea1i:\u00a0<a href=\"https:\/\/maylangthangshow.com\/\" rel=\"noopener\">Cloud Wandered Show\u00a0<\/a><\/span><\/p>","protected":false},"excerpt":{"rendered":"<p>Danh m\u1ee5c ch\u00ednh M\u00c2Y LANG THANG CONCERT IN HANOI Li\u00ean H\u1ec7 Book V\u00e9\u00a0 M\u00c2Y LANG THANG CONCERT IN HANOI TRUNG T\u00c2M H\u1ed8I NGH\u1eca QU\u1ed0C GIA Ch\u00ednh s\u00e1ch tr\u1ebb em b\u00ean M\u00e2y Lang Thang: \u2013 \u0110\u1ed1i v\u1edbi tr\u1ebb em d\u01b0\u1edbi 1m2 ph\u1ee5 thu 70% (30% ho\u00e0n t\u1ea1i qu\u1ea7y check-in). *** \u2013 \u0110\u1ecba ch\u1ec9: TRUNG T\u00c2M H\u1ed8I [&hellip;]<\/p>","protected":false},"featured_media":4423,"comment_status":"open","ping_status":"closed","template":"","meta":[],"product_cat":[2415,31],"product_tag":[75],"_links":{"self":[{"href":"https:\/\/liveshowdalat.vn\/en\/wp-json\/wp\/v2\/product\/4449"}],"collection":[{"href":"https:\/\/liveshowdalat.vn\/en\/wp-json\/wp\/v2\/product"}],"about":[{"href":"https:\/\/liveshowdalat.vn\/en\/wp-json\/wp\/v2\/types\/product"}],"replies":[{"embeddable":true,"href":"https:\/\/liveshowdalat.vn\/en\/wp-json\/wp\/v2\/comments?post=4449"}],"wp:featuredmedia":[{"embeddable":true,"href":"https:\/\/liveshowdalat.vn\/en\/wp-json\/wp\/v2\/media\/4423"}],"wp:attachment":[{"href":"https:\/\/liveshowdalat.vn\/en\/wp-json\/wp\/v2\/media?parent=4449"}],"wp:term":[{"taxonomy":"product_cat","embeddable":true,"href":"https:\/\/liveshowdalat.vn\/en\/wp-json\/wp\/v2\/product_cat?post=4449"},{"taxonomy":"product_tag","embeddable":true,"href":"https:\/\/liveshowdalat.vn\/en\/wp-json\/wp\/v2\/product_tag?post=4449"}],"curies":[{"name":"wp","href":"https:\/\/api.w.org\/{rel}","templated":true}]}}