{"id":44466,"date":"2024-11-11T07:00:22","date_gmt":"2024-11-11T00:00:22","guid":{"rendered":"https:\/\/liveshowdalat.vn\/?post_type=product&#038;p=44466"},"modified":"2024-12-02T11:37:45","modified_gmt":"2024-12-02T04:37:45","slug":"tong-hop-lich-dien-may-lang-thang-thang-12-2024","status":"publish","type":"product","link":"https:\/\/liveshowdalat.vn\/en\/tong-hop-lich-dien-may-lang-thang-thang-12-2024.html","title":{"rendered":"[T\u1ed4NG H\u1ee2P] L\u1ecaCH DI\u1ec4N M\u00c2Y LANG THANG TH\u00c1NG 12\/2024"},"content":{"rendered":"<nav class=\"vietrick-auto-toc\">\n<div class=\"box-title\">\n<h3 class=\"toc-title\" id=\"select-menu\">Danh m\u1ee5c ch\u00ednh<\/h3>\n<div><ion-icon name=\"chevron-up-outline\"><\/ion-icon><\/div>\n<\/div>\n<ul class=\"toc-list\">\n<li><a href='https:\/\/liveshowdalat.vn\/en#lich-dien-may-lang-thang-thang-12-2024' class='heading-h2 toc-link smooth-scroll'>L\u1ecaCH DI\u1ec4N M\u00c2Y LANG THANG TH\u00c1NG 12\/2024<\/a>\n<li><a href='https:\/\/liveshowdalat.vn\/en#lien-he-book-ve' class='heading-h2 toc-link smooth-scroll'>Li\u00ean H\u1ec7 Book V\u00e9\u00a0<\/a><\/ul>\n<\/ul>\n<\/li>\n<\/ul>\n<\/nav>\n<h2 style=\"text-align: center\" id=\"lich-dien-may-lang-thang-thang-12-2024\"><span style=\"color: #003300\"><strong><span style=\"font-size: 24pt\">L\u1ecaCH DI\u1ec4N M\u00c2Y LANG THANG TH\u00c1NG 12\/2024<\/span><\/strong><\/span><\/h2>\n<p style=\"text-align: center\"><span style=\"color: #333399\"><strong>[UPDATE LI\u00caN T\u1ee4C]<\/strong><\/span><\/p>\n<p><span style=\"font-size: 18pt;color: #000080\"><b>L\u1ecaCH DI\u1ec4N TR\u00caN M\u00c2Y TH\u00c1NG 12\/2024<\/b><\/span><\/p>\n<p><strong><em><span style=\"font-family: 'comic sans ms', sans-serif;font-size: 14pt;color: #333399\"><span style=\"font-family: georgia, palatino, serif\">Cloud Wandered Show<\/span><\/span><\/em><\/strong><em><span style=\"font-family: 'comic sans ms', sans-serif;font-size: 14pt;color: #333399\">&#8211; n\u01a1i<\/span><\/em><em><span style=\"font-family: 'comic sans ms', sans-serif;font-size: 14pt;color: #333399\"> \u00e2m nh\u1ea1c v\u00e0 c\u1ea3m x\u00fac h\u00f2a quy\u1ec7n, n\u01a1i m\u1ecdi kho\u1ea3nh kh\u1eafc h\u00f3a th\u00e0nh ng\u01b0ng \u0111\u1ecdng th\u1eddi gian v\u1edbi nh\u1eefng b\u1ea3n t\u00ecnh ca s\u00e2u l\u1eafng.<\/span><\/em><\/p>\n<p><span style=\"font-size: 14pt\">Th\u00e1ng 12 \u0111\u00e3 g\u00f5 c\u1eeda, mang theo nh\u1eefng \u0111\u1ee3t gi\u00f3 se l\u1ea1nh v\u00e0 h\u01b0\u01a1ng v\u1ecb cu\u1ed1i n\u0103m len l\u1ecfi tr\u00ean t\u1eebng g\u00f3c ph\u1ed1 c\u1ee7a \u0110\u00e0 L\u1ea1t, v\u00e0 c\u0169ng l\u00e0 l\u00fac M\u00e2y Lang Thang s\u1eb5n s\u00e0ng th\u1eafp s\u00e1ng \u0111\u00eam \u0111\u00f4ng b\u1eb1ng nh\u1eefng giai \u0111i\u1ec7u \u1ea5m \u00e1p.\u00a0<\/span><\/p>\n<p><span style=\"font-size: 14pt\">C\u00f2n g\u00ec tuy\u1ec7t v\u1eddi h\u01a1n khi \u0111\u01b0\u1ee3c \u0111\u1eafm ch\u00ecm trong kh\u00f4ng gian \u00e2m nh\u1ea1c \u0111\u1ea7y ch\u1ea5t th\u01a1 gi\u1eefa ti\u1ebft tr\u1eddi l\u1ea1nh gi\u00e1? <\/span><\/p>\n<p><span style=\"font-size: 14pt\">H\u00e3y c\u00f9ng kh\u00e1m ph\u00e1 l\u1ecbch tr\u00ecnh m\u1edbi nh\u1ea5t v\u00e0 chu\u1ea9n b\u1ecb cho nh\u1eefng tr\u1ea3i nghi\u1ec7m \u0111\u00e1ng nh\u1edb c\u00f9ng M\u00e2y Lang Thang b\u1ea1n nh\u00e9!<\/span><\/p>\n<p><span style=\"font-size: 14pt\"><strong>Ch\u00e0o \u0111\u00f3n th\u00e1ng 12 c\u00f9ng M\u00e2y Lang Thang v\u1edbi nh\u1eefng liveshow kh\u00f4ng th\u1ec3 b\u1ecf l\u1ee1!<\/strong><\/span><\/p>\n<p><span style=\"color: #000000;font-family: arial, helvetica, sans-serif\"><span style=\"font-size: 14pt\"><span style=\"font-family: arial, helvetica, sans-serif;font-size: 14pt\">\u2665 <\/span>H\u00e3y c\u1eadp nh\u1eadt l\u1ecbch tr\u00ecnh v\u00e0 \u0111\u1eebng b\u1ecf l\u1ee1 c\u01a1 h\u1ed9i th\u01b0\u1edfng th\u1ee9c nh\u1eefng show di\u1ec5n tuy\u1ec7t v\u1eddi t\u1ea1i M\u00e2y Lang Thang b\u1ea1n nha !<\/span><\/span><\/p>\n<p><img loading=\"lazy\" decoding=\"async\" class=\"size-medium wp-image-45012 aligncenter\" src=\"https:\/\/liveshowdalat.vn\/wp-content\/uploads\/2024\/11\/Lich-dien-May-Lang-Thang-1-1024x1024.jpg\" alt=\"L\u1ecbch di\u1ec5n M\u00e2y Lang Thang (1)\" width=\"1024\" height=\"1024\" srcset=\"https:\/\/liveshowdalat.vn\/wp-content\/uploads\/2024\/11\/Lich-dien-May-Lang-Thang-1-1024x1024.jpg 1024w, https:\/\/liveshowdalat.vn\/wp-content\/uploads\/2024\/11\/Lich-dien-May-Lang-Thang-1-768x768.jpg 768w, https:\/\/liveshowdalat.vn\/wp-content\/uploads\/2024\/11\/Lich-dien-May-Lang-Thang-1-1536x1536.jpg 1536w, https:\/\/liveshowdalat.vn\/wp-content\/uploads\/2024\/11\/Lich-dien-May-Lang-Thang-1-300x300.jpg 300w, https:\/\/liveshowdalat.vn\/wp-content\/uploads\/2024\/11\/Lich-dien-May-Lang-Thang-1-600x600.jpg 600w, https:\/\/liveshowdalat.vn\/wp-content\/uploads\/2024\/11\/Lich-dien-May-Lang-Thang-1-100x100.jpg 100w, https:\/\/liveshowdalat.vn\/wp-content\/uploads\/2024\/11\/Lich-dien-May-Lang-Thang-1.jpg 1638w\" sizes=\"(max-width: 1024px) 100vw, 1024px\" \/><\/p>\n<p><strong><span style=\"font-family: 'book antiqua', palatino, serif;font-size: 14pt\"><span style=\"font-family: arial, helvetica, sans-serif;color: #003300\"><span style=\"font-size: 18pt\"><span style=\"font-family: arial, helvetica, sans-serif\">\u2665 <\/span>M\u00c2Y LANG THANG \u0110\u00c0 L\u1ea0T<\/span><\/span><\/span><\/strong><\/p>\n<p><span style=\"font-size: 14pt\">&#8211; <strong>S\u00e2n kh\u1ea5u Chi\u1ec1u nh\u1ea1c tr\u00ean M\u00e2y<\/strong> &#8211; M\u00e2y in The Nest, 519 Th\u00f4n M\u0103ng Linh, Ph\u01b0\u1eddng 7, TP. \u0110\u00e0 L\u1ea1t \u0399 Show Time 17:00 &#8211; 19:00<\/span><\/p>\n<p><span style=\"font-size: 14pt\">&#8211; <strong>S\u00e2n kh\u1ea5u \u0110\u00eam nh\u1ea1c tr\u00ean M\u00e2y<\/strong> &#8211; Thung L\u0169ng M\u00e2y, S\u1ed1 4, Tr\u1ea7n Quang Di\u1ec7u, Ph\u01b0\u1eddng 10, TP. \u0110\u00e0 L\u1ea1t | Show Time 19:30 &#8211; 21:30<\/span><\/p>\n<hr \/>\n<p><strong><span style=\"font-size: 14pt\"><span style=\"color: #000000\">\u2013 06.12 H\u00c0 NHI<\/span><\/span><\/strong><\/p>\n<p><span style=\"color: #003366\"><em><a style=\"color: #003366\" href=\"https:\/\/liveshowdalat.vn\/en\/may-lang-thang-ha-nhi-06-12.html\/\">https:\/\/liveshowdalat.vn\/may-lang-thang-ha-nhi-06-12.html<\/a><\/em><\/span><\/p>\n<p><strong><span style=\"font-size: 14pt\"><span style=\"color: #000000\">\u2013 07.12 V\u0102N MAI H\u01af\u01a0NG &amp; KH\u00c1CH M\u1edcI: JAYSONLEI<\/span><\/span><\/strong><\/p>\n<p><span style=\"color: #000080\"><em><span style=\"text-decoration: underline\"><a style=\"color: #000080;text-decoration: underline\" href=\"https:\/\/liveshowdalat.vn\/en\/may-lang-thang-van-mai-huong-07-12.html\/\">https:\/\/liveshowdalat.vn\/may-lang-thang-van-mai-huong-07-12.html<\/a><\/span><\/em><\/span><\/p>\n<p><strong><span style=\"font-size: 14pt\"><span style=\"color: #000000\">\u2013 14.12 ANH T\u00da &#8220;Voi B\u1ea3n \u0110\u00f4n&#8221;<\/span><\/span><\/strong><\/p>\n<p><span style=\"color: #000080\"><em><span style=\"text-decoration: underline\"><a style=\"color: #000080;text-decoration: underline\" href=\"https:\/\/liveshowdalat.vn\/en\/may-lang-thang-anh-tu-voi-ban-don-14-12.html\/\">https:\/\/liveshowdalat.vn\/may-lang-thang-anh-tu-voi-ban-don-14-12.html<\/a><\/span><\/em><\/span><\/p>\n<p><strong><span style=\"font-size: 14pt\"><span style=\"color: #000000\">\u2013 14.12 TH\u00d9Y DUNG<\/span><\/span><\/strong><\/p>\n<p><em><a href=\"https:\/\/liveshowdalat.vn\/en\/thuy-dung-14-12.html\/\">https:\/\/liveshowdalat.vn\/thuy-dung-14-12.html<\/a><\/em><\/p>\n<p><strong><span style=\"font-size: 14pt\"><span style=\"color: #000000\">\u2013 15.12 UY\u00caN LINH &#8220;The Vocalist in Dalat&#8221;<\/span><\/span><\/strong><\/p>\n<p><em><a href=\"https:\/\/liveshowdalat.vn\/en\/may-lang-thang-the-vocalist-in-dalat-15-12.html\/\">https:\/\/liveshowdalat.vn\/may-lang-thang-the-vocalist-in-dalat-15-12.html<\/a><\/em><\/p>\n<p><strong><span style=\"font-size: 14pt\"><span style=\"color: #000000\">\u2013 20.12 V\u0168 C\u00c1T T\u01af\u1edcNG<\/span><\/span><\/strong><\/p>\n<p><span style=\"text-decoration: underline;color: #000080\"><em><a style=\"color: #000080;text-decoration: underline\" href=\"https:\/\/liveshowdalat.vn\/en\/vu-cat-tuong-20-12.html\/\">https:\/\/liveshowdalat.vn\/vu-cat-tuong-20-12.html<\/a><\/em><\/span><\/p>\n<p><strong><span style=\"font-size: 14pt\"><span style=\"color: #000000\">\u2013 21.12 B\u00d9I C\u00d4NG NAM<\/span><\/span><\/strong><\/p>\n<p><em><a href=\"https:\/\/liveshowdalat.vn\/en\/may-lang-thang-bui-cong-nam-21-12.html\/\">https:\/\/liveshowdalat.vn\/may-lang-thang-bui-cong-nam-21-12.html<\/a><\/em><\/p>\n<p><strong><span style=\"font-size: 14pt\"><span style=\"color: #000000\">\u2013 22.12 PH\u01af\u01a0NG LINH<\/span><\/span><\/strong><\/p>\n<p><span style=\"text-decoration: underline;color: #000080\"><em><a style=\"color: #000080;text-decoration: underline\" href=\"https:\/\/liveshowdalat.vn\/en\/may-lang-thang-phuong-linh-22-12.html\/\">https:\/\/liveshowdalat.vn\/may-lang-thang-phuong-linh-22-12.html<\/a><\/em><\/span><\/p>\n<p><strong><span style=\"font-size: 14pt\"><span style=\"color: #000000\">\u2013 27.12 KH\u00c1NH H\u00c0 &#8211; T\u00d4 CH\u1ea4N PHONG &#8220;Gi\u00e1ng sinh cho t\u00ecnh nh\u00e2n&#8221;\u00a0<\/span><\/span><\/strong><\/p>\n<p><span style=\"text-decoration: underline;color: #000080\"><em><a style=\"color: #000080;text-decoration: underline\" href=\"https:\/\/liveshowdalat.vn\/en\/may-lang-thang-khanh-ha-to-chan-phong-27-12.html\/\">https:\/\/liveshowdalat.vn\/may-lang-thang-khanh-ha-to-chan-phong-27-12.html<\/a><\/em><\/span><\/p>\n<p><strong><span style=\"font-size: 14pt\"><span style=\"color: #000000\">\u2013 28.12 H\u01af\u01a0NG TR\u00c0M<\/span><\/span><\/strong><\/p>\n<p><span style=\"text-decoration: underline;color: #000080\"><em><a style=\"color: #000080;text-decoration: underline\" href=\"https:\/\/liveshowdalat.vn\/en\/huong-tram-28-12.html\/\">https:\/\/liveshowdalat.vn\/huong-tram-28-12.html<\/a><\/em><\/span><\/p>\n<p><strong><span style=\"font-size: 14pt\"><span style=\"color: #000000\">\u2013 29.12 TRUNG QU\u00c2N<\/span><\/span><\/strong><\/p>\n<p><span style=\"text-decoration: underline;color: #000080\"><em><a style=\"color: #000080;text-decoration: underline\" href=\"https:\/\/liveshowdalat.vn\/en\/may-lang-thang-trung-quan-29-12.html\/\">https:\/\/liveshowdalat.vn\/may-lang-thang-trung-quan-29-12.html<\/a><\/em><\/span><\/p>\n<p><strong><span style=\"font-size: 14pt\"><span style=\"color: #000000\">\u2013 31.12 L\u00c2N NH\u00c3\u00a0<\/span><\/span><\/strong><\/p>\n<p><span style=\"text-decoration: underline;color: #000080\"><em><a style=\"color: #000080;text-decoration: underline\" href=\"https:\/\/liveshowdalat.vn\/en\/lan-nha-31-12.html\/\">https:\/\/liveshowdalat.vn\/lan-nha-31-12.html<\/a><\/em><\/span><\/p>\n<p><span style=\"font-size: 18pt\"><strong><span style=\"font-family: 'book antiqua', palatino, serif\"><span style=\"font-family: arial, helvetica, sans-serif;color: #003300\"><span style=\"font-family: arial, helvetica, sans-serif\">\u2665 <\/span>M\u00c2Y LANG THANG H\u00c0 N\u1ed8I <span style=\"color: #000000\">\u0399 <\/span><\/span><\/span><em><span style=\"color: #000000\">SOL 8 &#8211; LIVE STAGE (S\u1ed1 8, Ph\u1ed1 Nguy\u1ec5n C\u00f4ng Hoan, Gi\u1ea3ng V\u00f5, Ba \u0110\u00ecnh, H\u00e0 N\u1ed9i).<\/span><\/em><\/strong><\/span><\/p>\n<hr \/>\n<p><span style=\"font-size: 14pt\"><strong><span style=\"color: #000000\">\u2013\u00a0 07.12 PH\u01af\u01a0NG LINH &amp; KH\u00c1CH M\u1edcI: QU\u1ed0C TU\u1ea4N<\/span><\/strong><\/span><\/p>\n<p><span style=\"text-decoration: underline;color: #000080\"><em><a style=\"color: #000080;text-decoration: underline\" href=\"https:\/\/liveshowdalat.vn\/en\/phuong-linh-07-12.html\/\">https:\/\/liveshowdalat.vn\/phuong-linh-07-12.html<\/a><\/em><\/span><\/p>\n<p><span style=\"font-size: 14pt\"><strong><span style=\"color: #000000\">\u2013 15.12 QU\u1ed0C THI\u00caN \u2013 H\u00c0 N\u1ed8I\u00a0<\/span><\/strong><\/span><\/p>\n<p><em><a href=\"https:\/\/liveshowdalat.vn\/en\/may-lang-thang-quoc-thien-ha-noi-15-12.html\/\">https:\/\/liveshowdalat.vn\/may-lang-thang-quoc-thien-ha-noi-15-12.html<\/a><\/em><\/p>\n<p><span style=\"font-size: 14pt\"><strong><span style=\"color: #000000\">\u2013 19.12 TRUNG QU\u00c2N<\/span><\/strong><\/span><\/p>\n<p><span style=\"text-decoration: underline;color: #000080\"><em><a style=\"color: #000080;text-decoration: underline\" href=\"https:\/\/liveshowdalat.vn\/en\/may-lang-thang-trung-quan-19-12.html\/\">https:\/\/liveshowdalat.vn\/may-lang-thang-trung-quan-19-12.html<\/a><\/em><\/span><\/p>\n<p><span style=\"font-size: 14pt\"><strong><span style=\"color: #000000\">\u2013 29.12 H\u00c0 NHI\u00a0<\/span><\/strong><\/span><\/p>\n<p><em><a href=\"https:\/\/liveshowdalat.vn\/en\/may-lang-thang-ha-noi-ha-nhi-29-12.html\/\">https:\/\/liveshowdalat.vn\/may-lang-thang-ha-noi-ha-nhi-29-12.html<\/a><\/em><\/p>\n<p><span style=\"font-size: 14pt\"><strong><span style=\"color: #000000\">\u2013 01.02 QU\u1ed0C THI\u00caN \u2013 H\u00c0 N\u1ed8I\u00a0<\/span><\/strong><\/span><\/p>\n<p><em><a href=\"https:\/\/liveshowdalat.vn\/en\/quoc-thien-ha-noi-01-02.html\/\">https:\/\/liveshowdalat.vn\/quoc-thien-ha-noi-01-02.html<\/a><\/em><\/p>\n<p><span style=\"font-size: 18pt\"><strong><span style=\"font-family: 'book antiqua', palatino, serif\"><span style=\"font-family: arial, helvetica, sans-serif;color: #003300\"><span style=\"font-family: arial, helvetica, sans-serif\">\u2665 <\/span>M\u00c2Y LANG THANG HU\u1ebe<span style=\"color: #000000\"> \u0399 NH\u00c0 H\u00c1T S\u00d4NG H\u01af\u01a0NG (<\/span><\/span><\/span><span style=\"color: #000000\"><em><span style=\"font-family: 'book antiqua', palatino, serif\"><span style=\"font-family: arial, helvetica, sans-serif\">S\u1ed1 1 L\u00ea L\u1ee3i, V\u0129nh Ninh, Hu\u1ebf, Th\u1eeba Thi\u00ean Hu\u1ebf)<\/span><\/span><\/em><\/span><\/strong><\/span><\/p>\n<p><span style=\"font-size: 14pt\"><strong><span style=\"color: #000000\">\u2013 21.12 TRUNG QU\u00c2N<\/span><\/strong><\/span><\/p>\n<p><span style=\"text-decoration: underline;color: #000080\"><em><a style=\"color: #000080;text-decoration: underline\" href=\"https:\/\/liveshowdalat.vn\/en\/may-lang-thang-trung-quan-hue-21-12.html\/\">https:\/\/liveshowdalat.vn\/may-lang-thang-trung-quan-hue-21-12.html<\/a><\/em><\/span><\/p>\n<p><span style=\"font-size: 18pt\"><strong><span style=\"font-family: 'book antiqua', palatino, serif\"><span style=\"font-family: arial, helvetica, sans-serif;color: #003300\"><span style=\"font-family: arial, helvetica, sans-serif\">\u2665 <\/span>M\u00c2Y LANG THANG \u0110\u00c0 N\u1eb4NG<span style=\"color: #000000\"> \u0399 <span style=\"font-size: 18pt\">VERANDA &#8211; Ph\u00eda T\u00e2y C\u00e0u Tr\u1ea7n Th\u1ecb L\u00fd, P. H\u00f2a C\u01b0\u1eddng B\u1eafc, Qu\u1eadn H\u1ea3i Ch\u00e2u, TP \u0110\u00e0 N\u1eb5ng.<\/span><\/span><\/span><\/span><\/strong><\/span><\/p>\n<p><span style=\"font-size: 14pt\"><strong><span style=\"color: #000000\">\u2013 28.12 QU\u1ed0C THI\u00caN<\/span><\/strong><\/span><\/p>\n<p><a href=\"https:\/\/liveshowdalat.vn\/en\/may-lang-thang-quoc-thien-28-12.html\/\">https:\/\/liveshowdalat.vn\/may-lang-thang-quoc-thien-28-12.html<\/a><\/p>\n<p><span style=\"font-size: 14pt\"><span style=\"color: #003300;font-size: 18pt\"><b>Ch\u00ednh s\u00e1ch tr\u1ebb em b\u00ean M\u00e2y Lang Thang:<\/b><b><br \/>\n<\/b><\/span><\/span><span style=\"font-size: 14pt\">\u2013 B\u00e9 d\u01b0\u1edbi 1m: Kh\u00f4ng ph\u1ee5 thu n\u1ebfu ng\u1ed3i chung v\u1edbi ph\u1ee5 huynh trong su\u1ed1t th\u1eddi gian di\u1ec5n ra show.<br \/>\n<\/span><span style=\"font-size: 14pt\">\u2013 B\u00e9 cao t\u1eeb 1m \u0111\u1ebfn d\u01b0\u1edbi 1m2: gi\u1ea3m 30% ( c\u00f3 gh\u1ebf ri\u00eang ), ho\u00e0n ti\u1ec1n tr\u1ef1c ti\u1ebfp t\u1ea1i show.<\/span><br \/>\n<span style=\"font-size: 14pt\">\u2013 Tr\u00ean 1m2 v\u1eabn t\u00ednh v\u00e9 nh\u01b0 ng\u01b0\u1eddi l\u1edbn.<\/span><\/p>\n<p><img loading=\"lazy\" decoding=\"async\" class=\"aligncenter wp-image-2044 size-full\" src=\"https:\/\/liveshowdalat.vn\/wp-content\/uploads\/2023\/11\/z4761080474588_1398bc24a52545a097f4052e30c410c8-1.jpg\" alt=\"m\u00e2y in the nest\" width=\"1280\" height=\"904\" srcset=\"https:\/\/liveshowdalat.vn\/wp-content\/uploads\/2023\/11\/z4761080474588_1398bc24a52545a097f4052e30c410c8-1.jpg 1280w, https:\/\/liveshowdalat.vn\/wp-content\/uploads\/2023\/11\/z4761080474588_1398bc24a52545a097f4052e30c410c8-1-300x212.jpg 300w, https:\/\/liveshowdalat.vn\/wp-content\/uploads\/2023\/11\/z4761080474588_1398bc24a52545a097f4052e30c410c8-1-1024x723.jpg 1024w, https:\/\/liveshowdalat.vn\/wp-content\/uploads\/2023\/11\/z4761080474588_1398bc24a52545a097f4052e30c410c8-1-768x542.jpg 768w, https:\/\/liveshowdalat.vn\/wp-content\/uploads\/2023\/11\/z4761080474588_1398bc24a52545a097f4052e30c410c8-1-600x424.jpg 600w\" sizes=\"(max-width: 1280px) 100vw, 1280px\" \/><\/p>\n<p><span style=\"font-size: 18pt;color: #003300\"><b>L\u01afU \u00dd<\/b><\/span><\/p>\n<p><span style=\"font-size: 14pt\">\u2013 BTC kh\u00f4ng h\u1ed7 tr\u1ee3 ho\u00e0n v\u00e9 d\u01b0\u1edbi m\u1ecdi h\u00ecnh th\u1ee9c<\/span><\/p>\n<p><span style=\"font-size: 14pt\">\u2013 Vui l\u00f2ng kh\u00f4ng mang \u0111\u1ed3 \u0103n n\u01b0\u1edbc u\u1ed1ng b\u00ean ngo\u00e0i v\u00e0o khu v\u1ef1c bi\u1ec3u di\u1ec5n<\/span><\/p>\n<p><span style=\"font-size: 14pt\">\u2013 Tr\u01b0\u1eddng h\u1ee3p h\u1ee7y v\u00e9 v\u00e0 b\u1ea3o l\u01b0u v\u00e9 c\u1ea7n th\u00f4ng b\u00e1o t\u1edbi BTC tr\u01b0\u1edbc 24 gi\u1edd, sau kho\u1ea3ng th\u1eddi gian tr\u00ean s\u1ebd kh\u00f4ng \u0111\u01b0\u1ee3c h\u1ed7 tr\u1ee3<\/span><\/p>\n<p><span style=\"font-size: 18pt;color: #003300\"><b><i>B\u1ea1n l\u01b0u \u00fd th\u00f4ng tin b\u1ea3o l\u01b0u sau:<\/i><\/b><\/span><\/p>\n<p><span style=\"font-size: 14pt\">\u2013 Th\u1eddi h\u1ea1n b\u1ea3o l\u01b0u l\u00e0 trong v\u00f2ng 6 th\u00e1ng, t\u00ednh theo ng\u00e0y x\u00e1c nh\u1eadn b\u1ea3o l\u01b0u.<\/span><\/p>\n<p><span style=\"font-size: 14pt\">\u2013 M\u00e2y s\u1ebd b\u1ea3o l\u01b0u s\u1ed1 ti\u1ec1n m\u00e0 kh\u00e1ch h\u00e0ng \u0111\u00e3 \u0111\u1eb7t ch\u1ed7.<\/span><\/p>\n<p><span style=\"font-size: 14pt\">\u2013 V\u1ecb tr\u00ed gh\u1ebf c\u1ee7a \u0111\u01a1n h\u00e0ng \u0111\u00e3 b\u1ea3o l\u01b0u, s\u1ebd \u0111\u01b0\u1ee3c m\u1edf b\u00e1n l\u1ea1i tr\u00ean website cho c\u00e1c show di\u1ec5n s\u1eafp t\u1edbi.<\/span><\/p>\n<p><span style=\"font-size: 14pt\">\u2013 Khi h\u1ed7 tr\u1ee3 \u0111\u1eb7t l\u1ea1i ch\u1ed7, v\u1edbi h\u1ea1ng gi\u00e1 cao h\u01a1n, qu\u00fd kh\u00e1ch vui l\u00f2ng b\u00f9 ph\u1ea7n ch\u00eanh l\u1ec7ch c\u00f2n thi\u1ebfu.<\/span><\/p>\n<p><span style=\"font-size: 14pt\">(Trong tr\u01b0\u1eddng h\u1ee3p h\u1ea1ng v\u00e9 th\u1ea5p s\u1ed1 ti\u1ec1n \u0111\u00e3 b\u1ea3o l\u01b0u, M\u00e2y kh\u00f4ng h\u1ed7 tr\u1ee3 ho\u00e0n ti\u1ec1n)<\/span><\/p>\n<p><span style=\"font-size: 14pt\">\u2013 \u00c1p d\u1ee5ng t\u1ea5t c\u1ea3 c\u00e1c chi nh\u00e1nh c\u1ee7a M\u00e2y Lang Thang.<\/span><\/p>\n<p><img loading=\"lazy\" decoding=\"async\" class=\"aligncenter wp-image-3034 size-full\" src=\"https:\/\/liveshowdalat.vn\/wp-content\/uploads\/2024\/02\/may-da-lat-1.jpg\" alt=\"M\u00e2y Lang Thang - m\u00e2y in the nest\" width=\"2000\" height=\"1600\" srcset=\"https:\/\/liveshowdalat.vn\/wp-content\/uploads\/2024\/02\/may-da-lat-1.jpg 2000w, https:\/\/liveshowdalat.vn\/wp-content\/uploads\/2024\/02\/may-da-lat-1-300x240.jpg 300w, https:\/\/liveshowdalat.vn\/wp-content\/uploads\/2024\/02\/may-da-lat-1-1024x819.jpg 1024w, https:\/\/liveshowdalat.vn\/wp-content\/uploads\/2024\/02\/may-da-lat-1-768x614.jpg 768w, https:\/\/liveshowdalat.vn\/wp-content\/uploads\/2024\/02\/may-da-lat-1-1536x1229.jpg 1536w, https:\/\/liveshowdalat.vn\/wp-content\/uploads\/2024\/02\/may-da-lat-1-600x480.jpg 600w\" sizes=\"(max-width: 2000px) 100vw, 2000px\" \/><img loading=\"lazy\" decoding=\"async\" class=\"aligncenter wp-image-43245 size-medium\" src=\"https:\/\/liveshowdalat.vn\/wp-content\/uploads\/2024\/07\/SOL-8-STAGE-Ha-Noi-1-1024x683.jpg\" alt=\"SOL 8 STAGE - H\u00e0 N\u1ed9i\" width=\"1024\" height=\"683\" srcset=\"https:\/\/liveshowdalat.vn\/wp-content\/uploads\/2024\/07\/SOL-8-STAGE-Ha-Noi-1-1024x683.jpg 1024w, https:\/\/liveshowdalat.vn\/wp-content\/uploads\/2024\/07\/SOL-8-STAGE-Ha-Noi-1-768x512.jpg 768w, https:\/\/liveshowdalat.vn\/wp-content\/uploads\/2024\/07\/SOL-8-STAGE-Ha-Noi-1-1536x1024.jpg 1536w, https:\/\/liveshowdalat.vn\/wp-content\/uploads\/2024\/07\/SOL-8-STAGE-Ha-Noi-1-600x400.jpg 600w, https:\/\/liveshowdalat.vn\/wp-content\/uploads\/2024\/07\/SOL-8-STAGE-Ha-Noi-1.jpg 1800w\" sizes=\"(max-width: 1024px) 100vw, 1024px\" \/><img loading=\"lazy\" decoding=\"async\" class=\"aligncenter wp-image-4137 size-full\" src=\"https:\/\/liveshowdalat.vn\/wp-content\/uploads\/2024\/05\/Thung-Lung-May-2.jpg\" alt=\"Thung L\u0169ng M\u00e2y \u0110\u00e0 L\u1ea1t\" width=\"2000\" height=\"1600\" srcset=\"https:\/\/liveshowdalat.vn\/wp-content\/uploads\/2024\/05\/Thung-Lung-May-2.jpg 2000w, https:\/\/liveshowdalat.vn\/wp-content\/uploads\/2024\/05\/Thung-Lung-May-2-300x240.jpg 300w, https:\/\/liveshowdalat.vn\/wp-content\/uploads\/2024\/05\/Thung-Lung-May-2-1024x819.jpg 1024w, https:\/\/liveshowdalat.vn\/wp-content\/uploads\/2024\/05\/Thung-Lung-May-2-768x614.jpg 768w, https:\/\/liveshowdalat.vn\/wp-content\/uploads\/2024\/05\/Thung-Lung-May-2-1536x1229.jpg 1536w, https:\/\/liveshowdalat.vn\/wp-content\/uploads\/2024\/05\/Thung-Lung-May-2-600x480.jpg 600w\" sizes=\"(max-width: 2000px) 100vw, 2000px\" \/><\/p>\n<h2 id=\"lien-he-book-ve\"><span style=\"color: #003300\"><b>Li\u00ean H\u1ec7 Book V\u00e9\u00a0<\/b><\/span><\/h2>\n<p><span style=\"font-family: arial, helvetica, sans-serif\"><span style=\"font-size: 14pt;color: #000000\"><b>Hotline\/Zalo:\u00a0<\/b><\/span><strong><span style=\"font-size: 14pt\">0988 249 297<\/span><\/strong><\/span><\/p>\n<p><span style=\"font-size: 14pt\">Fanpage booking:\u00a0<a href=\"https:\/\/www.facebook.com\/liveshowdalat\/\" target=\"_blank\" rel=\"noopener\">M\u00e2y Lang Thang<\/a><\/span><\/p>\n<p><span style=\"font-size: 14pt\">Xem th\u00eam b\u00e0i vi\u1ebft kh\u00e1c t\u1ea1i:\u00a0<a href=\"https:\/\/maylangthangshow.com\/\" rel=\"noopener\">Cloud Wandered Show<\/a><\/span><\/p>\n<p>&nbsp;<\/p>\n<p>&nbsp;<\/p>","protected":false},"excerpt":{"rendered":"<p>L\u1ecbch di\u1ec5n M\u00e2y Lang Thang th\u00e1ng 12\/2024<\/p>","protected":false},"featured_media":45012,"comment_status":"open","ping_status":"closed","template":"","meta":[],"product_cat":[2420,31],"product_tag":[2684,75],"_links":{"self":[{"href":"https:\/\/liveshowdalat.vn\/en\/wp-json\/wp\/v2\/product\/44466"}],"collection":[{"href":"https:\/\/liveshowdalat.vn\/en\/wp-json\/wp\/v2\/product"}],"about":[{"href":"https:\/\/liveshowdalat.vn\/en\/wp-json\/wp\/v2\/types\/product"}],"replies":[{"embeddable":true,"href":"https:\/\/liveshowdalat.vn\/en\/wp-json\/wp\/v2\/comments?post=44466"}],"wp:featuredmedia":[{"embeddable":true,"href":"https:\/\/liveshowdalat.vn\/en\/wp-json\/wp\/v2\/media\/45012"}],"wp:attachment":[{"href":"https:\/\/liveshowdalat.vn\/en\/wp-json\/wp\/v2\/media?parent=44466"}],"wp:term":[{"taxonomy":"product_cat","embeddable":true,"href":"https:\/\/liveshowdalat.vn\/en\/wp-json\/wp\/v2\/product_cat?post=44466"},{"taxonomy":"product_tag","embeddable":true,"href":"https:\/\/liveshowdalat.vn\/en\/wp-json\/wp\/v2\/product_tag?post=44466"}],"curies":[{"name":"wp","href":"https:\/\/api.w.org\/{rel}","templated":true}]}}