{"id":44179,"date":"2024-11-12T04:00:50","date_gmt":"2024-11-11T21:00:50","guid":{"rendered":"https:\/\/liveshowdalat.vn\/?post_type=product&#038;p=44179"},"modified":"2025-01-16T13:40:40","modified_gmt":"2025-01-16T06:40:40","slug":"trung-quan-29-11","status":"publish","type":"product","link":"https:\/\/liveshowdalat.vn\/en\/trung-quan-29-11.html","title":{"rendered":"TRUNG QU\u00c2N 29.11"},"content":{"rendered":"<nav class=\"vietrick-auto-toc\">\n<div class=\"box-title\">\n<h3 class=\"toc-title\" id=\"select-menu\">Danh m\u1ee5c ch\u00ednh<\/h3>\n<div><ion-icon name=\"chevron-up-outline\"><\/ion-icon><\/div>\n<\/div>\n<ul class=\"toc-list\">\n<li><a href='https:\/\/liveshowdalat.vn\/en#trung-quan' class='heading-h2 toc-link smooth-scroll'>TRUNG QU\u00c2N<\/a>\n<li><a href='https:\/\/liveshowdalat.vn\/en#lien-he-book-ve' class='heading-h2 toc-link smooth-scroll'>Li\u00ean H\u1ec7 Book V\u00e9\u00a0<\/a><\/ul>\n<\/ul>\n<\/li>\n<\/ul>\n<\/nav>\n<h2 style=\"text-align: center\" id=\"trung-quan\"><span style=\"color: #003300\"><strong><span style=\"font-size: 24pt\">TRUNG QU\u00c2N<\/span><\/strong><\/span><\/h2>\n<p style=\"text-align: center\"><span style=\"color: #003366;font-size: 18pt\"><strong>THUNG L\u0168NG M\u00c2Y<\/strong><\/span><\/p>\n<p style=\"text-align: center\"><span style=\"font-family: 'courier new', courier, monospace\"><span style=\"font-size: 14pt\"><strong>29\/11\/2024<\/strong><\/span><\/span><\/p>\n<p style=\"text-align: center\"><span style=\"font-size: 14pt;font-family: 'courier new', courier, monospace\"><strong>SHOW TIME 17:00<\/strong><\/span><\/p>\n<p style=\"text-align: center\"><span style=\"font-size: 24pt;font-family: arial, helvetica, sans-serif;color: #333333\"><strong>TH\u00d4NG TIN<\/strong><\/span><\/p>\n<table style=\"width: 100%;border-collapse: collapse;border-style: solid;border-color: #000000;height: 224px\" border=\"1\">\n<tbody>\n<tr style=\"height: 56px\">\n<td style=\"width: 50%;text-align: justify;height: 49px\">\n<p><span style=\"font-size: 14pt\"><strong>\u00a0PREMIUM \/ TH\u1ea2NH TH\u01a0I<\/strong><\/span><\/p>\n<p style=\"text-align: left\"><span style=\"font-size: 12pt\">\u00a0 \u00a0 Bao g\u1ed3m 1 ph\u1ea7n n\u01b0\u1edbc<\/span><\/p>\n<\/td>\n<td style=\"width: 50%;text-align: center;height: 49px\"><span style=\"font-family: helvetica, arial, sans-serif;font-size: 14pt\">1,510,000 VN\u0110<\/span><\/td>\n<\/tr>\n<tr style=\"height: 56px\">\n<td style=\"width: 50%;text-align: justify;height: 56px\">\n<p><span style=\"font-size: 14pt\"><strong>\u00a0VIP \/ B\u1ec0NH B\u1ed2NG<\/strong><\/span><\/p>\n<p><span style=\"font-size: 12pt\">\u00a0Bao g\u1ed3m 1 ph\u1ea7n n\u01b0\u1edbc<\/span><\/p>\n<\/td>\n<td style=\"width: 50%;text-align: center;height: 56px\"><span style=\"font-family: helvetica, arial, sans-serif;font-size: 14pt\">1,210,000 VN\u0110<\/span><\/td>\n<\/tr>\n<tr style=\"height: 56px\">\n<td style=\"width: 50%;text-align: justify;height: 56px\">\n<p><span style=\"font-size: 14pt\"><strong>\u00a0STANDARD 1 \/ M\u01a0 M\u00c0NG<\/strong><\/span><\/p>\n<\/td>\n<td style=\"width: 50%;text-align: center;height: 56px\"><span style=\"font-family: helvetica, arial, sans-serif;font-size: 14pt\">860,000 VN\u0110<\/span><\/td>\n<\/tr>\n<tr style=\"height: 96px\">\n<td style=\"width: 50%;text-align: justify;height: 63px\">\n<p><span style=\"font-size: 14pt\"><strong>\u00a0STANDARD 2 \/ NH\u1edeN NH\u01a0<\/strong><\/span><\/p>\n<\/td>\n<td style=\"width: 50%;text-align: center;height: 63px\"><span style=\"font-family: helvetica, arial, sans-serif;font-size: 14pt\">660,000 VN\u0110<\/span><\/td>\n<\/tr>\n<\/tbody>\n<\/table>\n<p><img loading=\"lazy\" decoding=\"async\" class=\"size-full wp-image-44173 aligncenter\" src=\"https:\/\/liveshowdalat.vn\/wp-content\/uploads\/2024\/10\/May-Lang-Thang-Thang-11-7.jpg\" alt=\"\" width=\"640\" height=\"800\" srcset=\"https:\/\/liveshowdalat.vn\/wp-content\/uploads\/2024\/10\/May-Lang-Thang-Thang-11-7.jpg 640w, https:\/\/liveshowdalat.vn\/wp-content\/uploads\/2024\/10\/May-Lang-Thang-Thang-11-7-600x750.jpg 600w\" sizes=\"(max-width: 640px) 100vw, 640px\" \/><\/p>\n<p><span style=\"font-size: 14pt\"><span style=\"color: #003300;font-size: 18pt\"><b>Ch\u00ednh s\u00e1ch tr\u1ebb em b\u00ean M\u00e2y Lang Thang:<\/b><b><br \/>\n<\/b><\/span><\/span><span style=\"font-size: 14pt\">\u2013 B\u00e9<strong> d\u01b0\u1edbi 1m:<\/strong> kh\u00f4ng ph\u1ee5 thu n\u1ebfu ng\u1ed3i chung v\u1edbi ph\u1ee5 huynh.<br \/>\n\u2013 B\u00e9 t\u1eeb <strong>1m \u0111\u1ebfn d\u01b0\u1edbi 1m2<\/strong>: gi\u1ea3m 30% ( c\u00f3 gh\u1ebf ri\u00eang ), ho\u00e0n ti\u1ec1n tr\u1ef1c ti\u1ebfp t\u1ea1i show.<\/span><br \/>\n<span style=\"font-size: 14pt\">\u2013 <strong>Tr\u00ean 1m2<\/strong>: v\u1eabn t\u00ednh v\u00e9 nh\u01b0 ng\u01b0\u1eddi l\u1edbn.<\/span><br \/>\n<span style=\"font-size: 14pt\">***<\/span><br \/>\n<span style=\"font-size: 14pt\">\u2013 \u0110\u1ecba ch\u1ec9: <strong>THUNG L\u0168NG M\u00c2Y, 4 &#8211; Tr\u1ea7n Quang Di\u1ec7u, Ph\u01b0\u1eddng 10, TP. \u0110\u00e0 L\u1ea1t<\/strong><\/span><br \/>\n<span style=\"font-size: 14pt\">\u2013 Qu\u00fd kh\u00e1ch l\u01b0u \u00fd t\u1ed5 ch\u1ee9c \u0111\u1ecba \u0111i\u1ec3m \u0111\u1ec3 s\u1eafp x\u1ebfp th\u1eddi gian v\u00e0 ph\u01b0\u01a1ng ti\u1ec7n di chuy\u1ec3n ph\u00f9 h\u1ee3p.<\/span><\/p>\n<p><img loading=\"lazy\" decoding=\"async\" class=\"aligncenter wp-image-3332 size-full\" src=\"https:\/\/liveshowdalat.vn\/wp-content\/uploads\/2024\/01\/THUNG-LUNG-MAY-1.jpg\" alt=\"s\u01a1 \u0111\u1ed3 THUNG L\u0168NG M\u00c2Y\" width=\"768\" height=\"730\" srcset=\"https:\/\/liveshowdalat.vn\/wp-content\/uploads\/2024\/01\/THUNG-LUNG-MAY-1.jpg 768w, https:\/\/liveshowdalat.vn\/wp-content\/uploads\/2024\/01\/THUNG-LUNG-MAY-1-300x285.jpg 300w, https:\/\/liveshowdalat.vn\/wp-content\/uploads\/2024\/01\/THUNG-LUNG-MAY-1-600x570.jpg 600w\" sizes=\"(max-width: 768px) 100vw, 768px\" \/><\/p>\n<p><span style=\"font-size: 18pt;color: #003300\"><b>L\u01afU \u00dd<\/b><\/span><\/p>\n<p><span style=\"font-size: 14pt\">\u2013 BTC kh\u00f4ng h\u1ed7 tr\u1ee3 ho\u00e0n v\u00e9 d\u01b0\u1edbi m\u1ecdi h\u00ecnh th\u1ee9c<\/span><\/p>\n<p><span style=\"font-size: 14pt\">\u2013 Vui l\u00f2ng kh\u00f4ng mang \u0111\u1ed3 \u0103n n\u01b0\u1edbc u\u1ed1ng b\u00ean ngo\u00e0i v\u00e0o khu v\u1ef1c bi\u1ec3u di\u1ec5n<\/span><\/p>\n<p><span style=\"font-size: 14pt\">\u2013 Tr\u01b0\u1eddng h\u1ee3p h\u1ee7y v\u00e9 v\u00e0 b\u1ea3o l\u01b0u v\u00e9 c\u1ea7n th\u00f4ng b\u00e1o t\u1edbi BTC tr\u01b0\u1edbc 24 gi\u1edd, sau kho\u1ea3ng th\u1eddi gian tr\u00ean s\u1ebd kh\u00f4ng \u0111\u01b0\u1ee3c h\u1ed7 tr\u1ee3<\/span><\/p>\n<p><span style=\"font-size: 18pt;color: #003300\"><b><i>B\u1ea1n l\u01b0u \u00fd th\u00f4ng tin b\u1ea3o l\u01b0u sau:<\/i><\/b><\/span><\/p>\n<p><span style=\"font-size: 14pt\">\u2013 Th\u1eddi h\u1ea1n b\u1ea3o l\u01b0u l\u00e0 trong v\u00f2ng 6 th\u00e1ng, t\u00ednh theo ng\u00e0y x\u00e1c nh\u1eadn b\u1ea3o l\u01b0u.<\/span><\/p>\n<p><span style=\"font-size: 14pt\">\u2013 M\u00e2y s\u1ebd b\u1ea3o l\u01b0u s\u1ed1 ti\u1ec1n m\u00e0 kh\u00e1ch h\u00e0ng \u0111\u00e3 \u0111\u1eb7t ch\u1ed7.<\/span><\/p>\n<p><span style=\"font-size: 14pt\">\u2013 V\u1ecb tr\u00ed gh\u1ebf c\u1ee7a \u0111\u01a1n h\u00e0ng \u0111\u00e3 b\u1ea3o l\u01b0u, s\u1ebd \u0111\u01b0\u1ee3c m\u1edf b\u00e1n l\u1ea1i tr\u00ean website.<\/span><\/p>\n<p><span style=\"font-size: 14pt\">\u2013 Khi h\u1ed7 tr\u1ee3 \u0111\u1eb7t l\u1ea1i ch\u1ed7, v\u1edbi h\u1ea1ng gi\u00e1 cao h\u01a1n, qu\u00fd kh\u00e1ch vui l\u00f2ng b\u00f9 ph\u1ea7n ch\u00eanh l\u1ec7ch c\u00f2n thi\u1ebfu.<\/span><\/p>\n<p><span style=\"font-size: 14pt\">(Trong tr\u01b0\u1eddng h\u1ee3p h\u1ea1ng v\u00e9 th\u1ea5p s\u1ed1 ti\u1ec1n \u0111\u00e3 b\u1ea3o l\u01b0u, M\u00e2y kh\u00f4ng h\u1ed7 tr\u1ee3 ho\u00e0n ti\u1ec1n)<\/span><\/p>\n<p><span style=\"font-size: 14pt\">\u2013 \u00c1p d\u1ee5ng t\u1ea5t c\u1ea3 c\u00e1c chi nh\u00e1nh c\u1ee7a M\u00e2y Lang Thang.<\/span><\/p>\n<p><img loading=\"lazy\" decoding=\"async\" class=\"aligncenter wp-image-4136 size-full\" src=\"https:\/\/liveshowdalat.vn\/wp-content\/uploads\/2024\/05\/Thung-Lung-May-1-1.jpg\" alt=\"Thung L\u0169ng M\u00e2y \u0110\u00e0 L\u1ea1t\" width=\"2000\" height=\"1600\" srcset=\"https:\/\/liveshowdalat.vn\/wp-content\/uploads\/2024\/05\/Thung-Lung-May-1-1.jpg 2000w, https:\/\/liveshowdalat.vn\/wp-content\/uploads\/2024\/05\/Thung-Lung-May-1-1-300x240.jpg 300w, https:\/\/liveshowdalat.vn\/wp-content\/uploads\/2024\/05\/Thung-Lung-May-1-1-1024x819.jpg 1024w, https:\/\/liveshowdalat.vn\/wp-content\/uploads\/2024\/05\/Thung-Lung-May-1-1-768x614.jpg 768w, https:\/\/liveshowdalat.vn\/wp-content\/uploads\/2024\/05\/Thung-Lung-May-1-1-1536x1229.jpg 1536w, https:\/\/liveshowdalat.vn\/wp-content\/uploads\/2024\/05\/Thung-Lung-May-1-1-600x480.jpg 600w\" sizes=\"(max-width: 2000px) 100vw, 2000px\" \/> <img loading=\"lazy\" decoding=\"async\" class=\"aligncenter wp-image-4137 size-full\" src=\"https:\/\/liveshowdalat.vn\/wp-content\/uploads\/2024\/05\/Thung-Lung-May-2.jpg\" alt=\"Thung L\u0169ng M\u00e2y \u0110\u00e0 L\u1ea1t\" width=\"2000\" height=\"1600\" srcset=\"https:\/\/liveshowdalat.vn\/wp-content\/uploads\/2024\/05\/Thung-Lung-May-2.jpg 2000w, https:\/\/liveshowdalat.vn\/wp-content\/uploads\/2024\/05\/Thung-Lung-May-2-300x240.jpg 300w, https:\/\/liveshowdalat.vn\/wp-content\/uploads\/2024\/05\/Thung-Lung-May-2-1024x819.jpg 1024w, https:\/\/liveshowdalat.vn\/wp-content\/uploads\/2024\/05\/Thung-Lung-May-2-768x614.jpg 768w, https:\/\/liveshowdalat.vn\/wp-content\/uploads\/2024\/05\/Thung-Lung-May-2-1536x1229.jpg 1536w, https:\/\/liveshowdalat.vn\/wp-content\/uploads\/2024\/05\/Thung-Lung-May-2-600x480.jpg 600w\" sizes=\"(max-width: 2000px) 100vw, 2000px\" \/> <img loading=\"lazy\" decoding=\"async\" class=\"size-medium wp-image-43271 aligncenter\" src=\"https:\/\/liveshowdalat.vn\/wp-content\/uploads\/2024\/07\/San-Khau-Thung-Lung-May-Da-Lat-2-1024x683.jpg\" alt=\"\" width=\"1024\" height=\"683\" srcset=\"https:\/\/liveshowdalat.vn\/wp-content\/uploads\/2024\/07\/San-Khau-Thung-Lung-May-Da-Lat-2-1024x683.jpg 1024w, https:\/\/liveshowdalat.vn\/wp-content\/uploads\/2024\/07\/San-Khau-Thung-Lung-May-Da-Lat-2-768x512.jpg 768w, https:\/\/liveshowdalat.vn\/wp-content\/uploads\/2024\/07\/San-Khau-Thung-Lung-May-Da-Lat-2-1536x1024.jpg 1536w, https:\/\/liveshowdalat.vn\/wp-content\/uploads\/2024\/07\/San-Khau-Thung-Lung-May-Da-Lat-2-600x400.jpg 600w, https:\/\/liveshowdalat.vn\/wp-content\/uploads\/2024\/07\/San-Khau-Thung-Lung-May-Da-Lat-2.jpg 1800w\" sizes=\"(max-width: 1024px) 100vw, 1024px\" \/><\/p>\n<h2 id=\"lien-he-book-ve\"><span style=\"color: #003300\"><b>Li\u00ean H\u1ec7 Book V\u00e9\u00a0<\/b><\/span><\/h2>\n<p><span style=\"font-size: 14pt;color: #000000\"><b>Hotline\/Zalo:\u00a0<\/b><\/span><span style=\"font-size: 14pt\"><strong>0988 249 297<\/strong><\/span><\/p>\n<p><span style=\"font-size: 14pt\">Fanpage booking:\u00a0<a href=\"https:\/\/www.facebook.com\/liveshowdalat\/\" target=\"_blank\" rel=\"noopener\">M\u00e2y Lang Thang<\/a><\/span><\/p>\n<p><span style=\"font-size: 14pt\">Xem th\u00eam b\u00e0i vi\u1ebft kh\u00e1c t\u1ea1i:\u00a0<a href=\"https:\/\/maylangthangshow.com\/\" rel=\"noopener\">Cloud Wandered Show\u00a0<\/a><\/span><\/p>","protected":false},"excerpt":{"rendered":"<p>M\u00e2y Lang Thang \u0110\u00e0 L\u1ea1t &#8211; Show di\u1ec5n Trung Qu\u00e2n 29.11 \u0111\u01b0\u1ee3c t\u1ed5 ch\u1ee9c t\u1ea1i Thung L\u0169ng M\u00e2y, TP \u0110\u00e0 L\u1ea1t. B\u1ea1n h\u00e3y nhanh tay \u0111\u1eb7t v\u00e9 \u0111\u1ec3 \u0111\u01b0\u1ee3c th\u01b0\u1edfng th\u1ee9c \u00e2m nh\u1ea1c tr\u1ecdn v\u1eb9n c\u00f9ng th\u1ea7n t\u01b0\u1ee3ng m\u00ecnh y\u00eau th\u00edch nh\u00e9!<\/p>","protected":false},"featured_media":44173,"comment_status":"open","ping_status":"closed","template":"","meta":[],"product_cat":[2573,2410,31,49],"product_tag":[2580,75,2590,2668],"_links":{"self":[{"href":"https:\/\/liveshowdalat.vn\/en\/wp-json\/wp\/v2\/product\/44179"}],"collection":[{"href":"https:\/\/liveshowdalat.vn\/en\/wp-json\/wp\/v2\/product"}],"about":[{"href":"https:\/\/liveshowdalat.vn\/en\/wp-json\/wp\/v2\/types\/product"}],"replies":[{"embeddable":true,"href":"https:\/\/liveshowdalat.vn\/en\/wp-json\/wp\/v2\/comments?post=44179"}],"wp:featuredmedia":[{"embeddable":true,"href":"https:\/\/liveshowdalat.vn\/en\/wp-json\/wp\/v2\/media\/44173"}],"wp:attachment":[{"href":"https:\/\/liveshowdalat.vn\/en\/wp-json\/wp\/v2\/media?parent=44179"}],"wp:term":[{"taxonomy":"product_cat","embeddable":true,"href":"https:\/\/liveshowdalat.vn\/en\/wp-json\/wp\/v2\/product_cat?post=44179"},{"taxonomy":"product_tag","embeddable":true,"href":"https:\/\/liveshowdalat.vn\/en\/wp-json\/wp\/v2\/product_tag?post=44179"}],"curies":[{"name":"wp","href":"https:\/\/api.w.org\/{rel}","templated":true}]}}