{"id":44063,"date":"2024-10-01T14:09:27","date_gmt":"2024-10-01T07:09:27","guid":{"rendered":"https:\/\/liveshowdalat.vn\/?post_type=product&#038;p=44063"},"modified":"2025-05-24T10:06:29","modified_gmt":"2025-05-24T03:06:29","slug":"lich-dien-may-lang-thang-ha-noi-thang-10-2024","status":"publish","type":"product","link":"https:\/\/liveshowdalat.vn\/en\/lich-dien-may-lang-thang-ha-noi-thang-10-2024.html","title":{"rendered":"L\u1ecaCH DI\u1ec4N M\u00c2Y LANG THANG H\u00c0 N\u1ed8I TH\u00c1NG 10\/2024"},"content":{"rendered":"<nav class=\"vietrick-auto-toc\">\n<div class=\"box-title\">\n<h3 class=\"toc-title\" id=\"select-menu\">Danh m\u1ee5c ch\u00ednh<\/h3>\n<div><ion-icon name=\"chevron-up-outline\"><\/ion-icon><\/div>\n<\/div>\n<ul class=\"toc-list\">\n<li><a href='https:\/\/liveshowdalat.vn\/en#lich-dien-may-lang-thang-ha-noi-thang-10-2024' class='heading-h2 toc-link smooth-scroll'>L\u1ecaCH DI\u1ec4N M\u00c2Y LANG THANG H\u00c0 N\u1ed8I TH\u00c1NG 10\/2024<\/a>\n<li><a href='https:\/\/liveshowdalat.vn\/en#lien-he-book-ve' class='heading-h2 toc-link smooth-scroll'>Li\u00ean H\u1ec7 Book V\u00e9\u00a0<\/a><\/ul>\n<\/ul>\n<\/li>\n<\/ul>\n<\/nav>\n<h2 style=\"text-align: center\" id=\"lich-dien-may-lang-thang-ha-noi-thang-10-2024\"><span style=\"color: #003300\"><strong><span style=\"font-size: 24pt\">L\u1ecaCH DI\u1ec4N M\u00c2Y LANG THANG H\u00c0 N\u1ed8I TH\u00c1NG 10\/2024<\/span><\/strong><\/span><\/h2>\n<p><span style=\"font-size: 18pt;color: #000080\"><b>L\u1ecaCH DI\u1ec4N TR\u00caN M\u00c2Y H\u00c0 N\u1ed8I TH\u00c1NG 10\/2024<\/b><\/span><\/p>\n<p><span style=\"font-family: arial, helvetica, sans-serif\"><strong><em><span style=\"font-size: 14pt;color: #333399\">M\u00e2y Lang Thang H\u00e0 N\u1ed9i <\/span><\/em><\/strong><\/span><em><span style=\"font-family: 'comic sans ms', sans-serif;font-size: 14pt;color: #333399\">&#8211; n\u01a1i<\/span><\/em><em><span style=\"font-family: 'comic sans ms', sans-serif;font-size: 14pt;color: #333399\"> \u00e2m nh\u1ea1c v\u00e0 c\u1ea3m x\u00fac h\u00f2a quy\u1ec7n, n\u01a1i m\u1ecdi kho\u1ea3nh kh\u1eafc h\u00f3a th\u00e0nh ng\u01b0ng \u0111\u1ecdng th\u1eddi gian v\u1edbi nh\u1eefng b\u1ea3n t\u00ecnh ca s\u00e2u l\u1eafng.<\/span><\/em><\/p>\n<p><em><span style=\"font-family: 'comic sans ms', sans-serif;font-size: 14pt;color: #333399\">Th\u00e1ng 10 n\u00e0y, M\u00e2y Lang Thang s\u1ebd mang \u0111\u1ebfn cho b\u1ea1n nh\u1eefng ch\u01b0\u01a1ng tr\u00ecnh ca nh\u1ea1c \u0111\u1eb7c s\u1eafc \u0111\u01b0a b\u1ea1n \u0111\u1ebfn h\u00e0nh tr\u00ecnh c\u1ea3m x\u00fac v\u00f4 c\u00f9ng th\u00fa v\u1ecb.<\/span><\/em><\/p>\n<p><span style=\"font-size: 14pt\"><strong>Ch\u00e0o \u0111\u00f3n th\u00e1ng 10 c\u00f9ng M\u00e2y Lang Thang v\u1edbi nh\u1eefng liveshow kh\u00f4ng th\u1ec3 b\u1ecf l\u1ee1!<\/strong><\/span><\/p>\n<p><span style=\"color: #000000;font-family: arial, helvetica, sans-serif\"><span style=\"font-size: 14pt\"><span style=\"font-family: arial, helvetica, sans-serif;font-size: 14pt\">\u2665 <\/span>H\u00e3y c\u1eadp nh\u1eadt l\u1ecbch tr\u00ecnh v\u00e0 \u0111\u1eebng b\u1ecf l\u1ee1 c\u01a1 h\u1ed9i th\u01b0\u1edfng th\u1ee9c nh\u1eefng show di\u1ec5n tuy\u1ec7t v\u1eddi t\u1ea1i M\u00e2y Lang Thang b\u1ea1n nha !<\/span><\/span><\/p>\n<p><img loading=\"lazy\" decoding=\"async\" class=\"size-medium wp-image-44059 aligncenter\" src=\"https:\/\/liveshowdalat.vn\/wp-content\/uploads\/2024\/08\/Lich-dien-May-Lang-Thang-Ha-Noi-thang-10-11-817x1024.jpg\" alt=\"\" width=\"817\" height=\"1024\" srcset=\"https:\/\/liveshowdalat.vn\/wp-content\/uploads\/2024\/08\/Lich-dien-May-Lang-Thang-Ha-Noi-thang-10-11-817x1024.jpg 817w, https:\/\/liveshowdalat.vn\/wp-content\/uploads\/2024\/08\/Lich-dien-May-Lang-Thang-Ha-Noi-thang-10-11-768x962.jpg 768w, https:\/\/liveshowdalat.vn\/wp-content\/uploads\/2024\/08\/Lich-dien-May-Lang-Thang-Ha-Noi-thang-10-11-1226x1536.jpg 1226w, https:\/\/liveshowdalat.vn\/wp-content\/uploads\/2024\/08\/Lich-dien-May-Lang-Thang-Ha-Noi-thang-10-11-600x752.jpg 600w, https:\/\/liveshowdalat.vn\/wp-content\/uploads\/2024\/08\/Lich-dien-May-Lang-Thang-Ha-Noi-thang-10-11.jpg 1290w\" sizes=\"(max-width: 817px) 100vw, 817px\" \/><\/p>\n<p><span style=\"font-size: 18pt\"><strong><span style=\"font-family: 'book antiqua', palatino, serif\"><span style=\"font-family: arial, helvetica, sans-serif;color: #003300\"><span style=\"font-family: arial, helvetica, sans-serif\">\u2665 <\/span>M\u00c2Y LANG THANG H\u00c0 N\u1ed8I <span style=\"color: #000000\">\u0399 <\/span><\/span><\/span><em><span style=\"color: #000000\">SOL 8 &#8211; LIVE STAGE (S\u1ed1 8, Ph\u1ed1 Nguy\u1ec5n C\u00f4ng Hoan, Gi\u1ea3ng V\u00f5, Ba \u0110\u00ecnh, H\u00e0 N\u1ed9i).<\/span><\/em><\/strong><\/span><\/p>\n<hr \/>\n<p><span style=\"color: #000000\"><strong><span style=\"font-size: 14pt\">\u2013 <del>11.10: B\u00d9I C\u00d4NG NAM<\/del> [SOLD OUT]<\/span><\/strong><\/span><\/p>\n<p><span style=\"color: #000000\"><strong><span style=\"font-size: 14pt\">\u2013 12.10: H\u00c0 NHI\u00a0<\/span><\/strong><\/span><\/p>\n<p><a href=\"https:\/\/liveshowdalat.vn\/en\/ha-nhi-12-10.html\/\">https:\/\/liveshowdalat.vn\/ha-nhi-12-10.html<\/a><\/p>\n<p><span style=\"font-size: 14pt;color: #000000\"><strong>\u2013\u00a0 18.10: L\u00c2M B\u1ea2O NG\u1eccC \u2013 D\u01af\u01a0NG EDWARD<\/strong><\/span><\/p>\n<p><a href=\"https:\/\/liveshowdalat.vn\/en\/lam-bao-ngoc-duong-edward-18-10.html\/\">https:\/\/liveshowdalat.vn\/lam-bao-ngoc-duong-edward-18-10.html<\/a><\/p>\n<p><span style=\"font-size: 14pt;color: #000000\"><strong>\u2013\u00a0 09.11: MYRA TR\u1ea6N<\/strong><\/span><\/p>\n<p><a href=\"https:\/\/liveshowdalat.vn\/en\/myra-tran-09-11.html\/\">https:\/\/liveshowdalat.vn\/myra-tran-09-11.html<\/a><\/p>\n<p><span style=\"font-size: 14pt;color: #000000\"><strong>\u2013\u00a0 15.11: HO\u00c0NG H\u1ea2I<\/strong><\/span><\/p>\n<p><a href=\"https:\/\/liveshowdalat.vn\/en\/hoang-hai-15-11.html\/\">https:\/\/liveshowdalat.vn\/hoang-hai-15-11.html<\/a><\/p>\n<p><span style=\"font-size: 14pt;color: #000000\"><span style=\"font-size: 14pt\"><span style=\"color: #003300;font-size: 18pt\"><b>Ch\u00ednh s\u00e1ch tr\u1ebb em b\u00ean M\u00e2y Lang Thang:<\/b><b><br \/>\n<\/b><\/span>\u2013 B\u00e9 d\u01b0\u1edbi 1m2 gi\u1ea3m 30% ( c\u00f3 gh\u1ebf ri\u00eang ), ho\u00e0n ti\u1ec1n tr\u1ef1c ti\u1ebfp t\u1ea1i show<br \/>\n\u2013 Tr\u00ean 1m2 v\u1eabn t\u00ednh v\u00e9 nh\u01b0 ng\u01b0\u1eddi l\u1edbn.<\/span><\/span><img loading=\"lazy\" decoding=\"async\" class=\"wp-image-3176 size-full aligncenter\" src=\"https:\/\/liveshowdalat.vn\/wp-content\/uploads\/2024\/02\/so-do-moi-ha-noi.jpg\" alt=\"S\u01a1 \u0111\u1ed3 M\u00e2y H\u00e0 N\u1ed9i\" width=\"768\" height=\"655\" srcset=\"https:\/\/liveshowdalat.vn\/wp-content\/uploads\/2024\/02\/so-do-moi-ha-noi.jpg 768w, https:\/\/liveshowdalat.vn\/wp-content\/uploads\/2024\/02\/so-do-moi-ha-noi-300x256.jpg 300w, https:\/\/liveshowdalat.vn\/wp-content\/uploads\/2024\/02\/so-do-moi-ha-noi-600x512.jpg 600w\" sizes=\"(max-width: 768px) 100vw, 768px\" \/><\/p>\n<p><span style=\"font-size: 18pt;color: #003300\"><b>L\u01afU \u00dd<\/b><\/span><\/p>\n<p><span style=\"font-size: 14pt\">\u2013 BTC kh\u00f4ng h\u1ed7 tr\u1ee3 ho\u00e0n v\u00e9 d\u01b0\u1edbi m\u1ecdi h\u00ecnh th\u1ee9c<\/span><\/p>\n<p><span style=\"font-size: 14pt\">\u2013 Vui l\u00f2ng kh\u00f4ng mang \u0111\u1ed3 \u0103n n\u01b0\u1edbc u\u1ed1ng b\u00ean ngo\u00e0i v\u00e0o khu v\u1ef1c bi\u1ec3u di\u1ec5n<\/span><\/p>\n<p><span style=\"font-size: 14pt\">\u2013 Tr\u01b0\u1eddng h\u1ee3p h\u1ee7y v\u00e9 v\u00e0 b\u1ea3o l\u01b0u v\u00e9 c\u1ea7n th\u00f4ng b\u00e1o t\u1edbi BTC tr\u01b0\u1edbc 24 gi\u1edd, sau kho\u1ea3ng th\u1eddi gian tr\u00ean s\u1ebd kh\u00f4ng \u0111\u01b0\u1ee3c h\u1ed7 tr\u1ee3<\/span><\/p>\n<p><span style=\"font-size: 18pt;color: #003300\"><b><i>B\u1ea1n l\u01b0u \u00fd th\u00f4ng tin b\u1ea3o l\u01b0u sau:<\/i><\/b><\/span><\/p>\n<p><span style=\"font-size: 14pt\">\u2013 Th\u1eddi h\u1ea1n b\u1ea3o l\u01b0u l\u00e0 trong v\u00f2ng 6 th\u00e1ng, t\u00ednh theo ng\u00e0y x\u00e1c nh\u1eadn b\u1ea3o l\u01b0u.<\/span><\/p>\n<p><span style=\"font-size: 14pt\">\u2013 M\u00e2y s\u1ebd b\u1ea3o l\u01b0u s\u1ed1 ti\u1ec1n m\u00e0 kh\u00e1ch h\u00e0ng \u0111\u00e3 \u0111\u1eb7t ch\u1ed7.<\/span><\/p>\n<p><span style=\"font-size: 14pt\">\u2013 V\u1ecb tr\u00ed gh\u1ebf c\u1ee7a \u0111\u01a1n h\u00e0ng \u0111\u00e3 b\u1ea3o l\u01b0u, s\u1ebd \u0111\u01b0\u1ee3c m\u1edf b\u00e1n l\u1ea1i tr\u00ean website cho c\u00e1c show di\u1ec5n s\u1eafp t\u1edbi.<\/span><\/p>\n<p><span style=\"font-size: 14pt\">\u2013 Khi h\u1ed7 tr\u1ee3 \u0111\u1eb7t l\u1ea1i ch\u1ed7, v\u1edbi h\u1ea1ng gi\u00e1 cao h\u01a1n, qu\u00fd kh\u00e1ch vui l\u00f2ng b\u00f9 ph\u1ea7n ch\u00eanh l\u1ec7ch c\u00f2n thi\u1ebfu.<\/span><\/p>\n<p><span style=\"font-size: 14pt\">(Trong tr\u01b0\u1eddng h\u1ee3p h\u1ea1ng v\u00e9 th\u1ea5p s\u1ed1 ti\u1ec1n \u0111\u00e3 b\u1ea3o l\u01b0u, M\u00e2y kh\u00f4ng h\u1ed7 tr\u1ee3 ho\u00e0n ti\u1ec1n)<\/span><\/p>\n<p><span style=\"font-size: 14pt\">\u2013 \u00c1p d\u1ee5ng t\u1ea5t c\u1ea3 c\u00e1c chi nh\u00e1nh c\u1ee7a M\u00e2y Lang Thang.<\/span><\/p>\n<p><img loading=\"lazy\" decoding=\"async\" class=\"size-medium wp-image-43243 aligncenter\" src=\"https:\/\/liveshowdalat.vn\/wp-content\/uploads\/2024\/07\/SOL-8-STAGE-Ha-Noi-3-1024x683.jpg\" alt=\"SOL 8 STAGE - H\u00e0 N\u1ed9i\" width=\"1024\" height=\"683\" srcset=\"https:\/\/liveshowdalat.vn\/wp-content\/uploads\/2024\/07\/SOL-8-STAGE-Ha-Noi-3-1024x683.jpg 1024w, https:\/\/liveshowdalat.vn\/wp-content\/uploads\/2024\/07\/SOL-8-STAGE-Ha-Noi-3-768x512.jpg 768w, https:\/\/liveshowdalat.vn\/wp-content\/uploads\/2024\/07\/SOL-8-STAGE-Ha-Noi-3-1536x1024.jpg 1536w, https:\/\/liveshowdalat.vn\/wp-content\/uploads\/2024\/07\/SOL-8-STAGE-Ha-Noi-3-600x400.jpg 600w, https:\/\/liveshowdalat.vn\/wp-content\/uploads\/2024\/07\/SOL-8-STAGE-Ha-Noi-3.jpg 1800w\" sizes=\"(max-width: 1024px) 100vw, 1024px\" \/> <img loading=\"lazy\" decoding=\"async\" class=\"size-medium wp-image-43244 aligncenter\" src=\"https:\/\/liveshowdalat.vn\/wp-content\/uploads\/2024\/07\/SOL-8-STAGE-Ha-Noi-2-1024x683.jpg\" alt=\"SOL 8 STAGE - H\u00e0 N\u1ed9i\" width=\"1024\" height=\"683\" srcset=\"https:\/\/liveshowdalat.vn\/wp-content\/uploads\/2024\/07\/SOL-8-STAGE-Ha-Noi-2-1024x683.jpg 1024w, https:\/\/liveshowdalat.vn\/wp-content\/uploads\/2024\/07\/SOL-8-STAGE-Ha-Noi-2-768x512.jpg 768w, https:\/\/liveshowdalat.vn\/wp-content\/uploads\/2024\/07\/SOL-8-STAGE-Ha-Noi-2-1536x1024.jpg 1536w, https:\/\/liveshowdalat.vn\/wp-content\/uploads\/2024\/07\/SOL-8-STAGE-Ha-Noi-2-600x400.jpg 600w, https:\/\/liveshowdalat.vn\/wp-content\/uploads\/2024\/07\/SOL-8-STAGE-Ha-Noi-2.jpg 1800w\" sizes=\"(max-width: 1024px) 100vw, 1024px\" \/> <img loading=\"lazy\" decoding=\"async\" class=\"alignnone size-medium wp-image-43245\" src=\"https:\/\/liveshowdalat.vn\/wp-content\/uploads\/2024\/07\/SOL-8-STAGE-Ha-Noi-1-1024x683.jpg\" alt=\"SOL 8 STAGE - H\u00e0 N\u1ed9i\" width=\"1024\" height=\"683\" srcset=\"https:\/\/liveshowdalat.vn\/wp-content\/uploads\/2024\/07\/SOL-8-STAGE-Ha-Noi-1-1024x683.jpg 1024w, https:\/\/liveshowdalat.vn\/wp-content\/uploads\/2024\/07\/SOL-8-STAGE-Ha-Noi-1-768x512.jpg 768w, https:\/\/liveshowdalat.vn\/wp-content\/uploads\/2024\/07\/SOL-8-STAGE-Ha-Noi-1-1536x1024.jpg 1536w, https:\/\/liveshowdalat.vn\/wp-content\/uploads\/2024\/07\/SOL-8-STAGE-Ha-Noi-1-600x400.jpg 600w, https:\/\/liveshowdalat.vn\/wp-content\/uploads\/2024\/07\/SOL-8-STAGE-Ha-Noi-1.jpg 1800w\" sizes=\"(max-width: 1024px) 100vw, 1024px\" \/><\/p>\n<h2 id=\"lien-he-book-ve\"><span style=\"color: #003300\"><b>Li\u00ean H\u1ec7 Book V\u00e9\u00a0<\/b><\/span><\/h2>\n<p><span style=\"font-family: arial, helvetica, sans-serif\"><span style=\"font-size: 14pt;color: #000000\"><b>Hotline\/Zalo:\u00a0<\/b><\/span><strong><span style=\"font-size: 14pt\">0988 249 297<\/span><\/strong><\/span><\/p>\n<p><span style=\"font-size: 14pt\">Fanpage booking:\u00a0<a href=\"https:\/\/www.facebook.com\/liveshowdalat\/\" target=\"_blank\" rel=\"noopener\">M\u00e2y Lang Thang<\/a><\/span><\/p>\n<p><span style=\"font-size: 14pt\">Xem th\u00eam b\u00e0i vi\u1ebft kh\u00e1c t\u1ea1i:\u00a0<a href=\"https:\/\/maylangthangshow.com\/\" rel=\"noopener\">Cloud Wandered Show\u00a0<\/a><\/span><\/p>\n<p>&nbsp;<\/p>","protected":false},"excerpt":{"rendered":"<p>Danh m\u1ee5c ch\u00ednh L\u1ecaCH DI\u1ec4N M\u00c2Y LANG THANG H\u00c0 N\u1ed8I TH\u00c1NG 10\/2024 Li\u00ean H\u1ec7 Book V\u00e9\u00a0 L\u1ecaCH DI\u1ec4N M\u00c2Y LANG THANG H\u00c0 N\u1ed8I TH\u00c1NG 10\/2024 L\u1ecaCH DI\u1ec4N TR\u00caN M\u00c2Y H\u00c0 N\u1ed8I TH\u00c1NG 10\/2024 M\u00e2y Lang Thang H\u00e0 N\u1ed9i &#8211; n\u01a1i \u00e2m nh\u1ea1c v\u00e0 c\u1ea3m x\u00fac h\u00f2a quy\u1ec7n, n\u01a1i m\u1ecdi kho\u1ea3nh kh\u1eafc h\u00f3a th\u00e0nh ng\u01b0ng \u0111\u1ecdng [&hellip;]<\/p>","protected":false},"featured_media":44059,"comment_status":"open","ping_status":"closed","template":"","meta":[],"product_cat":[2420,31],"product_tag":[2737,2738],"_links":{"self":[{"href":"https:\/\/liveshowdalat.vn\/en\/wp-json\/wp\/v2\/product\/44063"}],"collection":[{"href":"https:\/\/liveshowdalat.vn\/en\/wp-json\/wp\/v2\/product"}],"about":[{"href":"https:\/\/liveshowdalat.vn\/en\/wp-json\/wp\/v2\/types\/product"}],"replies":[{"embeddable":true,"href":"https:\/\/liveshowdalat.vn\/en\/wp-json\/wp\/v2\/comments?post=44063"}],"wp:featuredmedia":[{"embeddable":true,"href":"https:\/\/liveshowdalat.vn\/en\/wp-json\/wp\/v2\/media\/44059"}],"wp:attachment":[{"href":"https:\/\/liveshowdalat.vn\/en\/wp-json\/wp\/v2\/media?parent=44063"}],"wp:term":[{"taxonomy":"product_cat","embeddable":true,"href":"https:\/\/liveshowdalat.vn\/en\/wp-json\/wp\/v2\/product_cat?post=44063"},{"taxonomy":"product_tag","embeddable":true,"href":"https:\/\/liveshowdalat.vn\/en\/wp-json\/wp\/v2\/product_tag?post=44063"}],"curies":[{"name":"wp","href":"https:\/\/api.w.org\/{rel}","templated":true}]}}