{"id":43768,"date":"2024-08-29T16:41:01","date_gmt":"2024-08-29T09:41:01","guid":{"rendered":"https:\/\/liveshowdalat.vn\/?post_type=product&#038;p=43768"},"modified":"2025-01-16T13:41:01","modified_gmt":"2025-01-16T06:41:01","slug":"may-lang-thang-trung-quan-ha-tinh-27-09","status":"publish","type":"product","link":"https:\/\/liveshowdalat.vn\/en\/may-lang-thang-trung-quan-ha-tinh-27-09.html","title":{"rendered":"TRUNG QU\u00c2N &#8211; H\u00c0 T\u0128NH 27.09"},"content":{"rendered":"<nav class=\"vietrick-auto-toc\">\n<div class=\"box-title\">\n<h3 class=\"toc-title\" id=\"select-menu\">Danh m\u1ee5c ch\u00ednh<\/h3>\n<div><ion-icon name=\"chevron-up-outline\"><\/ion-icon><\/div>\n<\/div>\n<ul class=\"toc-list\">\n<li><a href='https:\/\/liveshowdalat.vn\/en#trung-quan' class='heading-h2 toc-link smooth-scroll'>TRUNG QU\u00c2N<\/a>\n<li><a href='https:\/\/liveshowdalat.vn\/en#lien-he-book-ve' class='heading-h2 toc-link smooth-scroll'>Li\u00ean H\u1ec7 Book V\u00e9\u00a0<\/a><\/ul>\n<\/ul>\n<\/li>\n<\/ul>\n<\/nav>\n<h2 style=\"text-align: center\" id=\"trung-quan\"><span style=\"color: #003300\"><strong><span style=\"font-size: 24pt\">TRUNG QU\u00c2N<\/span><\/strong><\/span><\/h2>\n<p style=\"text-align: center\"><span style=\"color: #003366;font-size: 18pt\"><strong>VINNPEARL, TP. H\u00c0 T\u0128NH<\/strong><\/span><\/p>\n<p style=\"text-align: center\"><span style=\"font-family: 'courier new', courier, monospace\"><span style=\"font-size: 14pt\"><strong>27\/09\/2024<\/strong><\/span><\/span><\/p>\n<p style=\"text-align: center\"><span style=\"font-size: 14pt;font-family: 'courier new', courier, monospace\"><strong>SHOW TIME 20:00<\/strong><\/span><\/p>\n<p style=\"text-align: center\"><span style=\"font-size: 24pt;font-family: arial, helvetica, sans-serif;color: #333333\"><strong>TH\u00d4NG TIN<\/strong><\/span><\/p>\n<table style=\"width: 100%;border-collapse: collapse;border-style: solid;border-color: #000000;height: 230px\" border=\"1\">\n<tbody>\n<tr style=\"height: 56px\">\n<td style=\"width: 50%;text-align: justify;height: 18px\">\n<p><span style=\"font-size: 14pt\"><strong>\u00a0PREMIUM \/ TH\u1ea2NH TH\u01a0I<\/strong><\/span><\/p>\n<\/td>\n<td style=\"width: 50%;text-align: center;height: 18px\"><span style=\"font-family: helvetica, arial, sans-serif;font-size: 14pt\">1,610,000 VN\u0110<\/span><\/td>\n<\/tr>\n<tr style=\"height: 56px\">\n<td style=\"width: 50%;text-align: justify;height: 56px\">\n<p><span style=\"font-size: 14pt\"><strong>\u00a0VIP \/ B\u1ec0NH B\u1ed2NG<\/strong><\/span><\/p>\n<\/td>\n<td style=\"width: 50%;text-align: center;height: 56px\"><span style=\"font-family: helvetica, arial, sans-serif;font-size: 14pt\">1,210,000 VN\u0110<\/span><\/td>\n<\/tr>\n<tr style=\"height: 56px\">\n<td style=\"width: 50%;text-align: justify;height: 56px\">\n<p><span style=\"font-size: 14pt\"><strong>\u00a0STANDARD 1 \/ M\u01a0 M\u00c0NG<\/strong><\/span><\/p>\n<\/td>\n<td style=\"width: 50%;text-align: center;height: 56px\"><span style=\"font-family: helvetica, arial, sans-serif;font-size: 14pt\">960,000 VN\u0110<\/span><\/td>\n<\/tr>\n<tr style=\"height: 96px\">\n<td style=\"width: 50%;text-align: justify;height: 41px\">\n<p><span style=\"font-size: 14pt\"><strong>\u00a0STANDARD 2 \/ NH\u1edeN NH\u01a0<\/strong><\/span><\/p>\n<\/td>\n<td style=\"width: 50%;text-align: center;height: 41px\"><span style=\"font-family: helvetica, arial, sans-serif;font-size: 14pt\">760,000 VN\u0110<\/span><\/td>\n<\/tr>\n<tr style=\"height: 59px\">\n<td style=\"width: 50%;text-align: justify;height: 59px\">\n<p><span style=\"font-size: 14pt\"><strong>\u00a0STANDARD 3 \/ L\u1eecNG L\u01a0<\/strong><\/span><\/p>\n<\/td>\n<td style=\"width: 50%;text-align: center;height: 59px\"><span style=\"font-family: helvetica, arial, sans-serif;font-size: 14pt\">560,000 VN\u0110<\/span><\/td>\n<\/tr>\n<\/tbody>\n<\/table>\n<p><img loading=\"lazy\" decoding=\"async\" class=\"size-medium wp-image-43765 aligncenter\" src=\"https:\/\/liveshowdalat.vn\/wp-content\/uploads\/2024\/08\/May-Lang-Thang-Thang-09-1-819x1024.jpg\" alt=\"M\u00e2y Lang Thang - Th\u00e1ng 09\" width=\"819\" height=\"1024\" srcset=\"https:\/\/liveshowdalat.vn\/wp-content\/uploads\/2024\/08\/May-Lang-Thang-Thang-09-1-819x1024.jpg 819w, https:\/\/liveshowdalat.vn\/wp-content\/uploads\/2024\/08\/May-Lang-Thang-Thang-09-1-768x960.jpg 768w, https:\/\/liveshowdalat.vn\/wp-content\/uploads\/2024\/08\/May-Lang-Thang-Thang-09-1-1229x1536.jpg 1229w, https:\/\/liveshowdalat.vn\/wp-content\/uploads\/2024\/08\/May-Lang-Thang-Thang-09-1-600x750.jpg 600w, https:\/\/liveshowdalat.vn\/wp-content\/uploads\/2024\/08\/May-Lang-Thang-Thang-09-1.jpg 1638w\" sizes=\"(max-width: 819px) 100vw, 819px\" \/><\/p>\n<p><span style=\"font-size: 14pt\"><span style=\"color: #003300;font-size: 18pt\"><b>Ch\u00ednh s\u00e1ch tr\u1ebb em b\u00ean M\u00e2y Lang Thang:<\/b><b><br \/>\n<\/b><\/span><\/span><span style=\"font-size: 14pt\">\u2013 B\u00e9 d\u01b0\u1edbi 1m2 gi\u1ea3m 30% ( c\u00f3 gh\u1ebf ri\u00eang ), ho\u00e0n ti\u1ec1n tr\u1ef1c ti\u1ebfp t\u1ea1i show<\/span><br \/>\n<span style=\"font-size: 14pt\">\u2013 Tr\u00ean 1m2 v\u1eabn t\u00ednh v\u00e9 nh\u01b0 ng\u01b0\u1eddi l\u1edbn.<\/span><br \/>\n<span style=\"font-size: 14pt\">***<\/span><br \/>\n<span style=\"font-size: 14pt\">\u2013 \u0110\u1ecba ch\u1ec9: <strong>MELIA VINPEARL &#8211; H\u00e0m Nghi, H\u00e0 Huy T\u1eadp, H\u00e0 T\u0129nh.<\/strong><\/span><br \/>\n<span style=\"font-size: 14pt\">\u2013 Qu\u00fd kh\u00e1ch l\u01b0u \u00fd t\u1ed5 ch\u1ee9c \u0111\u1ecba \u0111i\u1ec3m \u0111\u1ec3 s\u1eafp x\u1ebfp th\u1eddi gian v\u00e0 ph\u01b0\u01a1ng ti\u1ec7n di chuy\u1ec3n ph\u00f9 h\u1ee3p.<\/span><\/p>\n<p><img loading=\"lazy\" decoding=\"async\" class=\"size-full wp-image-43769 aligncenter\" src=\"https:\/\/liveshowdalat.vn\/wp-content\/uploads\/2024\/08\/Screenshot-2024-08-29-162434.png\" alt=\"Melia Vinpearl - H\u00e0 T\u0129nh\" width=\"958\" height=\"816\" \/><\/p>\n<p><span style=\"font-size: 18pt;color: #003300\"><b>L\u01afU \u00dd<\/b><\/span><\/p>\n<p><span style=\"font-size: 14pt\">\u2013 BTC kh\u00f4ng h\u1ed7 tr\u1ee3 ho\u00e0n v\u00e9 d\u01b0\u1edbi m\u1ecdi h\u00ecnh th\u1ee9c<\/span><\/p>\n<p><span style=\"font-size: 14pt\">\u2013 Vui l\u00f2ng kh\u00f4ng mang \u0111\u1ed3 \u0103n n\u01b0\u1edbc u\u1ed1ng b\u00ean ngo\u00e0i v\u00e0o khu v\u1ef1c bi\u1ec3u di\u1ec5n<\/span><\/p>\n<p><span style=\"font-size: 14pt\">\u2013 Tr\u01b0\u1eddng h\u1ee3p h\u1ee7y v\u00e9 v\u00e0 b\u1ea3o l\u01b0u v\u00e9 c\u1ea7n th\u00f4ng b\u00e1o t\u1edbi BTC tr\u01b0\u1edbc 24 gi\u1edd, sau kho\u1ea3ng th\u1eddi gian tr\u00ean s\u1ebd kh\u00f4ng \u0111\u01b0\u1ee3c h\u1ed7 tr\u1ee3<\/span><\/p>\n<p><span style=\"font-size: 18pt;color: #003300\"><b><i>B\u1ea1n l\u01b0u \u00fd th\u00f4ng tin b\u1ea3o l\u01b0u sau:<\/i><\/b><\/span><\/p>\n<p><span style=\"font-size: 14pt\">\u2013 Th\u1eddi h\u1ea1n b\u1ea3o l\u01b0u l\u00e0 trong v\u00f2ng m\u1ed9t n\u0103m t\u00ednh theo ng\u00e0y x\u00e1c nh\u1eadn b\u1ea3o l\u01b0u.<\/span><\/p>\n<p><span style=\"font-size: 14pt\">\u2013 B\u1ea3o l\u01b0u ch\u1ec9 c\u00f3 hi\u1ec7u l\u1ef1c c\u00f9ng khu v\u1ef1c \u0111\u00e3 \u0111\u1eb7t<\/span><\/p>\n<p><span style=\"font-size: 14pt\">\u2013 M\u00e2y ch\u1ec9 h\u1ed7 tr\u1ee3 b\u1ea3o l\u01b0u c\u00f9ng h\u1ea1ng gi\u00e1, v\u1edbi gi\u00e1 v\u00e9 cao h\u01a1n (vui l\u00f2ng b\u00f9 ph\u1ea7n ch\u00eanh l\u1ec7ch gi\u00fap M\u00e2y).<\/span><\/p>\n<p><span style=\"font-size: 14pt\">\u2013 Trong tr\u01b0\u1eddng h\u1ee3p h\u1ea1ng v\u00e9 th\u1ea5p s\u1ed1 ti\u1ec1n \u0111\u00e3 b\u1ea3o l\u01b0u, M\u00e2y kh\u00f4ng h\u1ed7 tr\u1ee3 ho\u00e0n ti\u1ec1n.<\/span><\/p>\n<p><img loading=\"lazy\" decoding=\"async\" class=\"size-full wp-image-43769 aligncenter\" src=\"https:\/\/liveshowdalat.vn\/wp-content\/uploads\/2024\/08\/Screenshot-2024-08-29-162434.png\" alt=\"Melia Vinpearl - H\u00e0 T\u0129nh\" width=\"958\" height=\"816\" \/><\/p>\n<h2 id=\"lien-he-book-ve\"><span style=\"color: #003300\"><b>Li\u00ean H\u1ec7 Book V\u00e9\u00a0<\/b><\/span><\/h2>\n<p><span style=\"font-size: 14pt;color: #000000\"><b>Hotline\/Zalo:\u00a0<\/b><\/span><span style=\"font-size: 14pt\"><strong>0988 249 297<\/strong><\/span><\/p>\n<p><span style=\"font-size: 14pt\">Fanpage booking:\u00a0<a href=\"https:\/\/www.facebook.com\/liveshowdalat\/\" target=\"_blank\" rel=\"noopener\">M\u00e2y Lang Thang<\/a><\/span><\/p>\n<p><span style=\"font-size: 14pt\">Xem th\u00eam b\u00e0i vi\u1ebft kh\u00e1c t\u1ea1i:\u00a0<a href=\"https:\/\/maylangthangshow.com\/\" rel=\"noopener\">Cloud Wandered Show\u00a0<\/a><\/span><\/p>\n<p>&nbsp;<\/p>","protected":false},"excerpt":{"rendered":"<p>Danh m\u1ee5c ch\u00ednh TRUNG QU\u00c2N Li\u00ean H\u1ec7 Book V\u00e9\u00a0 TRUNG QU\u00c2N VINNPEARL, TP. H\u00c0 T\u0128NH 27\/09\/2024 SHOW TIME 20:00 TH\u00d4NG TIN \u00a0PREMIUM \/ TH\u1ea2NH TH\u01a0I 1,610,000 VN\u0110 \u00a0VIP \/ B\u1ec0NH B\u1ed2NG 1,210,000 VN\u0110 \u00a0STANDARD 1 \/ M\u01a0 M\u00c0NG 960,000 VN\u0110 \u00a0STANDARD 2 \/ NH\u1edeN NH\u01a0 760,000 VN\u0110 \u00a0STANDARD 3 \/ L\u1eecNG L\u01a0 560,000 VN\u0110 Ch\u00ednh [&hellip;]<\/p>","protected":false},"featured_media":43765,"comment_status":"open","ping_status":"closed","template":"","meta":[],"product_cat":[2699,31,49],"product_tag":[2701,75,2668],"_links":{"self":[{"href":"https:\/\/liveshowdalat.vn\/en\/wp-json\/wp\/v2\/product\/43768"}],"collection":[{"href":"https:\/\/liveshowdalat.vn\/en\/wp-json\/wp\/v2\/product"}],"about":[{"href":"https:\/\/liveshowdalat.vn\/en\/wp-json\/wp\/v2\/types\/product"}],"replies":[{"embeddable":true,"href":"https:\/\/liveshowdalat.vn\/en\/wp-json\/wp\/v2\/comments?post=43768"}],"wp:featuredmedia":[{"embeddable":true,"href":"https:\/\/liveshowdalat.vn\/en\/wp-json\/wp\/v2\/media\/43765"}],"wp:attachment":[{"href":"https:\/\/liveshowdalat.vn\/en\/wp-json\/wp\/v2\/media?parent=43768"}],"wp:term":[{"taxonomy":"product_cat","embeddable":true,"href":"https:\/\/liveshowdalat.vn\/en\/wp-json\/wp\/v2\/product_cat?post=43768"},{"taxonomy":"product_tag","embeddable":true,"href":"https:\/\/liveshowdalat.vn\/en\/wp-json\/wp\/v2\/product_tag?post=43768"}],"curies":[{"name":"wp","href":"https:\/\/api.w.org\/{rel}","templated":true}]}}