{"id":43745,"date":"2024-08-23T09:04:17","date_gmt":"2024-08-23T02:04:17","guid":{"rendered":"https:\/\/liveshowdalat.vn\/?post_type=product&#038;p=43745"},"modified":"2025-01-16T13:40:53","modified_gmt":"2025-01-16T06:40:53","slug":"lich-dien-may-lang-thang-da-lat-thang-10-2024","status":"publish","type":"product","link":"https:\/\/liveshowdalat.vn\/en\/lich-dien-may-lang-thang-da-lat-thang-10-2024.html","title":{"rendered":"L\u1ecaCH DI\u1ec4N M\u00c2Y LANG THANG \u0110\u00c0 L\u1ea0T TH\u00c1NG 10\/2024"},"content":{"rendered":"<nav class=\"vietrick-auto-toc\">\n<div class=\"box-title\">\n<h3 class=\"toc-title\" id=\"select-menu\">Danh m\u1ee5c ch\u00ednh<\/h3>\n<div><ion-icon name=\"chevron-up-outline\"><\/ion-icon><\/div>\n<\/div>\n<ul class=\"toc-list\">\n<li><a href='https:\/\/liveshowdalat.vn\/en#lich-dien-may-lang-thang-da-lat-thang-10-2024' class='heading-h2 toc-link smooth-scroll'>L\u1ecaCH DI\u1ec4N M\u00c2Y LANG THANG \u0110\u00c0 L\u1ea0T TH\u00c1NG 10\/2024<\/a>\n<li><a href='https:\/\/liveshowdalat.vn\/en#lien-he-book-ve' class='heading-h2 toc-link smooth-scroll'>Li\u00ean H\u1ec7 Book V\u00e9\u00a0<\/a><\/ul>\n<\/ul>\n<\/li>\n<\/ul>\n<\/nav>\n<h2 style=\"text-align: center\" id=\"lich-dien-may-lang-thang-da-lat-thang-10-2024\"><span style=\"color: #003300\"><strong><span style=\"font-size: 24pt\">L\u1ecaCH DI\u1ec4N M\u00c2Y LANG THANG \u0110\u00c0 L\u1ea0T TH\u00c1NG 10\/2024<\/span><\/strong><\/span><\/h2>\n<p><span style=\"font-size: 18pt;color: #000080\"><b>L\u1ecaCH DI\u1ec4N TR\u00caN M\u00c2Y \u0110\u00c0 L\u1ea0T TH\u00c1NG 10\/2024<\/b><\/span><\/p>\n<p><span style=\"font-family: arial, helvetica, sans-serif\"><strong><em><span style=\"font-size: 14pt;color: #333399\">M\u00e2y Lang Thang \u0110\u00e0 L\u1ea1t <\/span><\/em><\/strong><\/span><em><span style=\"font-family: 'comic sans ms', sans-serif;font-size: 14pt;color: #333399\">&#8211; n\u01a1i<\/span><\/em><em><span style=\"font-family: 'comic sans ms', sans-serif;font-size: 14pt;color: #333399\"> \u00e2m nh\u1ea1c v\u00e0 c\u1ea3m x\u00fac h\u00f2a quy\u1ec7n, n\u01a1i m\u1ecdi kho\u1ea3nh kh\u1eafc h\u00f3a th\u00e0nh ng\u01b0ng \u0111\u1ecdng th\u1eddi gian v\u1edbi nh\u1eefng b\u1ea3n t\u00ecnh ca s\u00e2u l\u1eafng.<\/span><\/em><\/p>\n<p><em><span style=\"font-family: 'comic sans ms', sans-serif;font-size: 14pt;color: #333399\">Th\u00e1ng 10 n\u00e0y, M\u00e2y Lang Thang s\u1ebd mang \u0111\u1ebfn cho b\u1ea1n nh\u1eefng ch\u01b0\u01a1ng tr\u00ecnh ca nh\u1ea1c \u0111\u1eb7c s\u1eafc \u0111\u01b0a b\u1ea1n \u0111\u1ebfn h\u00e0nh tr\u00ecnh c\u1ea3m x\u00fac v\u00f4 c\u00f9ng th\u00fa v\u1ecb.<\/span><\/em><\/p>\n<p><em><span style=\"font-family: 'comic sans ms', sans-serif;font-size: 14pt;color: #333399\">H\u00e3y c\u00f9ng \u0111\u00f3n ch\u1edd nh\u1eefng show di\u1ec5n s\u1ebd \u0111\u01b0\u1ee3c update th\u01b0\u1eddng xuy\u00ean t\u1ea1i <\/span><\/em><span style=\"font-family: arial, helvetica, sans-serif\"><strong><em><span style=\"font-size: 14pt;color: #333399\">L\u1ecbch di\u1ec5n M\u00e2y Lang Thang \u0110\u00e0 L\u1ea1t th\u00e1ng 10\/2024 <\/span><\/em><\/strong><\/span><em><span style=\"font-family: 'comic sans ms', sans-serif;font-size: 14pt;color: #333399\">n\u00e0y nh\u00e9!<\/span><\/em><\/p>\n<p><span style=\"font-size: 14pt\"><strong>Ch\u00e0o \u0111\u00f3n th\u00e1ng 10 c\u00f9ng M\u00e2y Lang Thang v\u1edbi nh\u1eefng liveshow kh\u00f4ng th\u1ec3 b\u1ecf l\u1ee1!<\/strong><\/span><\/p>\n<p><span style=\"color: #000000;font-family: arial, helvetica, sans-serif\"><span style=\"font-size: 14pt\"><span style=\"font-family: arial, helvetica, sans-serif;font-size: 14pt\">\u2665 <\/span>H\u00e3y c\u1eadp nh\u1eadt l\u1ecbch tr\u00ecnh v\u00e0 \u0111\u1eebng b\u1ecf l\u1ee1 c\u01a1 h\u1ed9i th\u01b0\u1edfng th\u1ee9c nh\u1eefng show di\u1ec5n tuy\u1ec7t v\u1eddi t\u1ea1i M\u00e2y Lang Thang b\u1ea1n nha !<\/span><\/span><\/p>\n<p><img loading=\"lazy\" decoding=\"async\" class=\"alignnone size-medium wp-image-44060\" src=\"https:\/\/liveshowdalat.vn\/wp-content\/uploads\/2024\/08\/Lich-dien-May-Lang-Thang-thang-10-11-1024x1024.jpg\" alt=\"L\u1ecbch di\u1ec5n M\u00e2y Lang Thang th\u00e1ng 10 - 11\" width=\"1024\" height=\"1024\" srcset=\"https:\/\/liveshowdalat.vn\/wp-content\/uploads\/2024\/08\/Lich-dien-May-Lang-Thang-thang-10-11-1024x1024.jpg 1024w, https:\/\/liveshowdalat.vn\/wp-content\/uploads\/2024\/08\/Lich-dien-May-Lang-Thang-thang-10-11-768x768.jpg 768w, https:\/\/liveshowdalat.vn\/wp-content\/uploads\/2024\/08\/Lich-dien-May-Lang-Thang-thang-10-11-1536x1536.jpg 1536w, https:\/\/liveshowdalat.vn\/wp-content\/uploads\/2024\/08\/Lich-dien-May-Lang-Thang-thang-10-11-300x300.jpg 300w, https:\/\/liveshowdalat.vn\/wp-content\/uploads\/2024\/08\/Lich-dien-May-Lang-Thang-thang-10-11-600x600.jpg 600w, https:\/\/liveshowdalat.vn\/wp-content\/uploads\/2024\/08\/Lich-dien-May-Lang-Thang-thang-10-11-100x100.jpg 100w, https:\/\/liveshowdalat.vn\/wp-content\/uploads\/2024\/08\/Lich-dien-May-Lang-Thang-thang-10-11.jpg 1638w\" sizes=\"(max-width: 1024px) 100vw, 1024px\" \/><\/p>\n<p><strong><span style=\"font-family: 'book antiqua', palatino, serif;font-size: 14pt\"><span style=\"font-family: arial, helvetica, sans-serif;color: #003300\"><span style=\"font-size: 18pt\"><span style=\"font-family: arial, helvetica, sans-serif\">\u2665 <\/span>M\u00c2Y LANG THANG \u0110\u00c0 L\u1ea0T<\/span> <\/span><\/span><\/strong><\/p>\n<p><span style=\"font-size: 14pt\">&#8211; <strong>S\u00e2n kh\u1ea5u Chi\u1ec1u nh\u1ea1c tr\u00ean M\u00e2y<\/strong> &#8211; M\u00e2y in The Nest, 519 Th\u00f4n M\u0103ng Linh, Ph\u01b0\u1eddng 7, TP. \u0110\u00e0 L\u1ea1t \u0399 Show Time 17:00 &#8211; 19:00<\/span><\/p>\n<p><span style=\"font-size: 14pt\">&#8211; <strong>S\u00e2n kh\u1ea5u \u0110\u00eam nh\u1ea1c tr\u00ean M\u00e2y<\/strong> &#8211; Thung L\u0169ng M\u00e2y, S\u1ed1 4, Tr\u1ea7n Quang Di\u1ec7u, Ph\u01b0\u1eddng 10, TP. \u0110\u00e0 L\u1ea1t | Show Time 19:30 &#8211; 21:30<\/span><\/p>\n<hr \/>\n<p><span style=\"color: #000000\"><strong><span style=\"font-size: 14pt\">\u2013 05.10: V\u0168 C\u00c1T T\u01af\u1edcNG\u00a0<\/span><\/strong><\/span><\/p>\n<p><a href=\"https:\/\/liveshowdalat.vn\/en\/vu-cat-tuong-05-10.html\/\">https:\/\/liveshowdalat.vn\/vu-cat-tuong-05-10.html<\/a><\/p>\n<p><span style=\"color: #000000\"><strong><span style=\"font-size: 14pt\">\u2013 12.10: B\u1eb0NG KI\u1ec0U\u00a0<\/span><\/strong><\/span><\/p>\n<p><a href=\"https:\/\/liveshowdalat.vn\/en\/bang-kieu-12-10.html\/\">https:\/\/liveshowdalat.vn\/bang-kieu-12-10.html<\/a><\/p>\n<p><span style=\"color: #000000\"><strong><span style=\"font-size: 14pt\">\u2013 18.10: TRUNG QU\u00c2N<\/span><\/strong><\/span><\/p>\n<p><a href=\"https:\/\/liveshowdalat.vn\/en\/trung-quan-da-lat-18-10.html\/\">https:\/\/liveshowdalat.vn\/trung-quan-da-lat-18-10.html<\/a><\/p>\n<p><span style=\"color: #000000\"><strong><span style=\"font-size: 14pt\">\u2013 19.10: TH\u00d9Y CHI \u2013 MAI TI\u1ebeN D\u0168NG<\/span><\/strong><\/span><\/p>\n<p><a href=\"https:\/\/liveshowdalat.vn\/en\/thuy-chi-mai-tien-dung-19-10.html\/\">https:\/\/liveshowdalat.vn\/thuy-chi-mai-tien-dung-19-10.html<\/a><\/p>\n<p><span style=\"color: #000000\"><strong><span style=\"font-size: 14pt\">\u2013 26.10: NGUY\u1ec4N H\u01afNG \u2013 L\u01afU B\u00cdCH\u00a0<\/span><\/strong><\/span><\/p>\n<p><a href=\"https:\/\/liveshowdalat.vn\/en\/nguyen-hung-luu-bich-26-10.html\/\">https:\/\/liveshowdalat.vn\/nguyen-hung-luu-bich-26-10.html<\/a><\/p>\n<p><span style=\"color: #000000\"><strong><span style=\"font-size: 14pt\">\u2013 27.10: V\u0102N MAI H\u01af\u01a0NG<\/span><\/strong><\/span><\/p>\n<p><a href=\"https:\/\/liveshowdalat.vn\/en\/van-mai-huong-27-10.html\/\">https:\/\/liveshowdalat.vn\/van-mai-huong-27-10.html<\/a><\/p>\n<p><span style=\"color: #000000;font-size: 14pt\"><strong>\u2013 30.11: V\u0168 C\u00c1T T\u01af\u1edcNG\u00a0<\/strong><\/span><\/p>\n<p><a href=\"https:\/\/liveshowdalat.vn\/en\/vu-cat-tuong-30-11.html\/\">https:\/\/liveshowdalat.vn\/vu-cat-tuong-30-11.html<\/a><\/p>\n<p><em><span style=\"color: #000000\"><span style=\"font-size: 14pt\">(Updating&#8230;)<\/span><\/span><\/em><\/p>\n<p><span style=\"font-size: 14pt;color: #000000\"><span style=\"font-size: 14pt\"><span style=\"color: #003300;font-size: 18pt\"><b>Ch\u00ednh s\u00e1ch tr\u1ebb em b\u00ean M\u00e2y Lang Thang:<\/b><b><br \/>\n<\/b><\/span>\u2013 B\u00e9 d\u01b0\u1edbi 1m2 gi\u1ea3m 30% ( c\u00f3 gh\u1ebf ri\u00eang ), ho\u00e0n ti\u1ec1n tr\u1ef1c ti\u1ebfp t\u1ea1i show<br \/>\n\u2013 Tr\u00ean 1m2 v\u1eabn t\u00ednh v\u00e9 nh\u01b0 ng\u01b0\u1eddi l\u1edbn.<\/span><\/span><\/p>\n<p><img loading=\"lazy\" decoding=\"async\" class=\"aligncenter wp-image-2044 size-full\" src=\"https:\/\/liveshowdalat.vn\/wp-content\/uploads\/2023\/11\/z4761080474588_1398bc24a52545a097f4052e30c410c8-1.jpg\" alt=\"m\u00e2y in the nest\" width=\"1280\" height=\"904\" srcset=\"https:\/\/liveshowdalat.vn\/wp-content\/uploads\/2023\/11\/z4761080474588_1398bc24a52545a097f4052e30c410c8-1.jpg 1280w, https:\/\/liveshowdalat.vn\/wp-content\/uploads\/2023\/11\/z4761080474588_1398bc24a52545a097f4052e30c410c8-1-300x212.jpg 300w, https:\/\/liveshowdalat.vn\/wp-content\/uploads\/2023\/11\/z4761080474588_1398bc24a52545a097f4052e30c410c8-1-1024x723.jpg 1024w, https:\/\/liveshowdalat.vn\/wp-content\/uploads\/2023\/11\/z4761080474588_1398bc24a52545a097f4052e30c410c8-1-768x542.jpg 768w, https:\/\/liveshowdalat.vn\/wp-content\/uploads\/2023\/11\/z4761080474588_1398bc24a52545a097f4052e30c410c8-1-600x424.jpg 600w\" sizes=\"(max-width: 1280px) 100vw, 1280px\" \/><\/p>\n<p><span style=\"font-size: 18pt;color: #003300\"><b>L\u01afU \u00dd<\/b><\/span><\/p>\n<p><span style=\"font-size: 14pt\">\u2013 BTC kh\u00f4ng h\u1ed7 tr\u1ee3 ho\u00e0n v\u00e9 d\u01b0\u1edbi m\u1ecdi h\u00ecnh th\u1ee9c<\/span><\/p>\n<p><span style=\"font-size: 14pt\">\u2013 Vui l\u00f2ng kh\u00f4ng mang \u0111\u1ed3 \u0103n n\u01b0\u1edbc u\u1ed1ng b\u00ean ngo\u00e0i v\u00e0o khu v\u1ef1c bi\u1ec3u di\u1ec5n<\/span><\/p>\n<p><span style=\"font-size: 14pt\">\u2013 Tr\u01b0\u1eddng h\u1ee3p h\u1ee7y v\u00e9 v\u00e0 b\u1ea3o l\u01b0u v\u00e9 c\u1ea7n th\u00f4ng b\u00e1o t\u1edbi BTC tr\u01b0\u1edbc 24 gi\u1edd, sau kho\u1ea3ng th\u1eddi gian tr\u00ean s\u1ebd kh\u00f4ng \u0111\u01b0\u1ee3c h\u1ed7 tr\u1ee3<\/span><\/p>\n<p><span style=\"font-size: 18pt;color: #003300\"><b><i>B\u1ea1n l\u01b0u \u00fd th\u00f4ng tin b\u1ea3o l\u01b0u sau:<\/i><\/b><\/span><\/p>\n<p><span style=\"font-size: 14pt\">\u2013 Th\u1eddi h\u1ea1n b\u1ea3o l\u01b0u l\u00e0 trong v\u00f2ng 6 th\u00e1ng, t\u00ednh theo ng\u00e0y x\u00e1c nh\u1eadn b\u1ea3o l\u01b0u.<\/span><\/p>\n<p><span style=\"font-size: 14pt\">\u2013 M\u00e2y s\u1ebd b\u1ea3o l\u01b0u s\u1ed1 ti\u1ec1n m\u00e0 kh\u00e1ch h\u00e0ng \u0111\u00e3 \u0111\u1eb7t ch\u1ed7.<\/span><\/p>\n<p><span style=\"font-size: 14pt\">\u2013 V\u1ecb tr\u00ed gh\u1ebf c\u1ee7a \u0111\u01a1n h\u00e0ng \u0111\u00e3 b\u1ea3o l\u01b0u, s\u1ebd \u0111\u01b0\u1ee3c m\u1edf b\u00e1n l\u1ea1i tr\u00ean website cho c\u00e1c show di\u1ec5n s\u1eafp t\u1edbi.<\/span><\/p>\n<p><span style=\"font-size: 14pt\">\u2013 Khi h\u1ed7 tr\u1ee3 \u0111\u1eb7t l\u1ea1i ch\u1ed7, v\u1edbi h\u1ea1ng gi\u00e1 cao h\u01a1n, qu\u00fd kh\u00e1ch vui l\u00f2ng b\u00f9 ph\u1ea7n ch\u00eanh l\u1ec7ch c\u00f2n thi\u1ebfu.<\/span><\/p>\n<p><span style=\"font-size: 14pt\">(Trong tr\u01b0\u1eddng h\u1ee3p h\u1ea1ng v\u00e9 th\u1ea5p s\u1ed1 ti\u1ec1n \u0111\u00e3 b\u1ea3o l\u01b0u, M\u00e2y kh\u00f4ng h\u1ed7 tr\u1ee3 ho\u00e0n ti\u1ec1n)<\/span><\/p>\n<p><span style=\"font-size: 14pt\">\u2013 \u00c1p d\u1ee5ng t\u1ea5t c\u1ea3 c\u00e1c chi nh\u00e1nh c\u1ee7a M\u00e2y Lang Thang.<\/span><\/p>\n<p><img loading=\"lazy\" decoding=\"async\" class=\"aligncenter wp-image-3497 size-full\" src=\"https:\/\/liveshowdalat.vn\/wp-content\/uploads\/2024\/03\/san-khau-may-in-the-nest-1-1.jpg\" alt=\"s\u00e2n kh\u1ea5u m\u00e2y in the nest\" width=\"2000\" height=\"1600\" srcset=\"https:\/\/liveshowdalat.vn\/wp-content\/uploads\/2024\/03\/san-khau-may-in-the-nest-1-1.jpg 2000w, https:\/\/liveshowdalat.vn\/wp-content\/uploads\/2024\/03\/san-khau-may-in-the-nest-1-1-300x240.jpg 300w, https:\/\/liveshowdalat.vn\/wp-content\/uploads\/2024\/03\/san-khau-may-in-the-nest-1-1-1024x819.jpg 1024w, https:\/\/liveshowdalat.vn\/wp-content\/uploads\/2024\/03\/san-khau-may-in-the-nest-1-1-768x614.jpg 768w, https:\/\/liveshowdalat.vn\/wp-content\/uploads\/2024\/03\/san-khau-may-in-the-nest-1-1-1536x1229.jpg 1536w, https:\/\/liveshowdalat.vn\/wp-content\/uploads\/2024\/03\/san-khau-may-in-the-nest-1-1-600x480.jpg 600w\" sizes=\"(max-width: 2000px) 100vw, 2000px\" \/> <img loading=\"lazy\" decoding=\"async\" class=\"aligncenter wp-image-43216 size-full\" src=\"https:\/\/liveshowdalat.vn\/wp-content\/uploads\/2024\/07\/San-Khau-Chieu-Nhac-Tren-May-Da-Lat-1.jpg\" alt=\"M\u00e2y In The Nest - \u0110\u00e0 L\u1ea1t\" width=\"1800\" height=\"1200\" srcset=\"https:\/\/liveshowdalat.vn\/wp-content\/uploads\/2024\/07\/San-Khau-Chieu-Nhac-Tren-May-Da-Lat-1.jpg 1800w, https:\/\/liveshowdalat.vn\/wp-content\/uploads\/2024\/07\/San-Khau-Chieu-Nhac-Tren-May-Da-Lat-1-1024x683.jpg 1024w, https:\/\/liveshowdalat.vn\/wp-content\/uploads\/2024\/07\/San-Khau-Chieu-Nhac-Tren-May-Da-Lat-1-768x512.jpg 768w, https:\/\/liveshowdalat.vn\/wp-content\/uploads\/2024\/07\/San-Khau-Chieu-Nhac-Tren-May-Da-Lat-1-1536x1024.jpg 1536w, https:\/\/liveshowdalat.vn\/wp-content\/uploads\/2024\/07\/San-Khau-Chieu-Nhac-Tren-May-Da-Lat-1-600x400.jpg 600w\" sizes=\"(max-width: 1800px) 100vw, 1800px\" \/> <img loading=\"lazy\" decoding=\"async\" class=\"aligncenter wp-image-3491 size-full\" src=\"https:\/\/liveshowdalat.vn\/wp-content\/uploads\/2024\/03\/san-khau-may-in-the-nest-2.jpg\" alt=\"s\u00e2n kh\u1ea5u m\u00e2y in the nest\" width=\"2000\" height=\"1600\" srcset=\"https:\/\/liveshowdalat.vn\/wp-content\/uploads\/2024\/03\/san-khau-may-in-the-nest-2.jpg 2000w, https:\/\/liveshowdalat.vn\/wp-content\/uploads\/2024\/03\/san-khau-may-in-the-nest-2-300x240.jpg 300w, https:\/\/liveshowdalat.vn\/wp-content\/uploads\/2024\/03\/san-khau-may-in-the-nest-2-1024x819.jpg 1024w, https:\/\/liveshowdalat.vn\/wp-content\/uploads\/2024\/03\/san-khau-may-in-the-nest-2-768x614.jpg 768w, https:\/\/liveshowdalat.vn\/wp-content\/uploads\/2024\/03\/san-khau-may-in-the-nest-2-1536x1229.jpg 1536w, https:\/\/liveshowdalat.vn\/wp-content\/uploads\/2024\/03\/san-khau-may-in-the-nest-2-600x480.jpg 600w\" sizes=\"(max-width: 2000px) 100vw, 2000px\" \/><\/p>\n<h2 id=\"lien-he-book-ve\"><span style=\"color: #003300\"><b>Li\u00ean H\u1ec7 Book V\u00e9\u00a0<\/b><\/span><\/h2>\n<p><span style=\"font-family: arial, helvetica, sans-serif\"><span style=\"font-size: 14pt;color: #000000\"><b>Hotline\/Zalo:\u00a0<\/b><\/span><strong><span style=\"font-size: 14pt\">0988 249 297<\/span><\/strong><\/span><\/p>\n<p><span style=\"font-size: 14pt\">Fanpage booking:\u00a0<a href=\"https:\/\/www.facebook.com\/liveshowdalat\/\" target=\"_blank\" rel=\"noopener\">M\u00e2y Lang Thang<\/a><\/span><\/p>\n<p><span style=\"font-size: 14pt\">Xem th\u00eam b\u00e0i vi\u1ebft kh\u00e1c t\u1ea1i:\u00a0<a href=\"https:\/\/maylangthangshow.com\/\" rel=\"noopener\">Cloud Wandered Show\u00a0<\/a><\/span><\/p>","protected":false},"excerpt":{"rendered":"<p>Danh m\u1ee5c ch\u00ednh L\u1ecaCH DI\u1ec4N M\u00c2Y LANG THANG \u0110\u00c0 L\u1ea0T TH\u00c1NG 10\/2024 Li\u00ean H\u1ec7 Book V\u00e9\u00a0 L\u1ecaCH DI\u1ec4N M\u00c2Y LANG THANG \u0110\u00c0 L\u1ea0T TH\u00c1NG 10\/2024 L\u1ecaCH DI\u1ec4N TR\u00caN M\u00c2Y \u0110\u00c0 L\u1ea0T TH\u00c1NG 10\/2024 M\u00e2y Lang Thang \u0110\u00e0 L\u1ea1t &#8211; n\u01a1i \u00e2m nh\u1ea1c v\u00e0 c\u1ea3m x\u00fac h\u00f2a quy\u1ec7n, n\u01a1i m\u1ecdi kho\u1ea3nh kh\u1eafc h\u00f3a th\u00e0nh ng\u01b0ng \u0111\u1ecdng [&hellip;]<\/p>","protected":false},"featured_media":44060,"comment_status":"open","ping_status":"closed","template":"","meta":[],"product_cat":[2420,31],"product_tag":[2684,2696,75],"_links":{"self":[{"href":"https:\/\/liveshowdalat.vn\/en\/wp-json\/wp\/v2\/product\/43745"}],"collection":[{"href":"https:\/\/liveshowdalat.vn\/en\/wp-json\/wp\/v2\/product"}],"about":[{"href":"https:\/\/liveshowdalat.vn\/en\/wp-json\/wp\/v2\/types\/product"}],"replies":[{"embeddable":true,"href":"https:\/\/liveshowdalat.vn\/en\/wp-json\/wp\/v2\/comments?post=43745"}],"wp:featuredmedia":[{"embeddable":true,"href":"https:\/\/liveshowdalat.vn\/en\/wp-json\/wp\/v2\/media\/44060"}],"wp:attachment":[{"href":"https:\/\/liveshowdalat.vn\/en\/wp-json\/wp\/v2\/media?parent=43745"}],"wp:term":[{"taxonomy":"product_cat","embeddable":true,"href":"https:\/\/liveshowdalat.vn\/en\/wp-json\/wp\/v2\/product_cat?post=43745"},{"taxonomy":"product_tag","embeddable":true,"href":"https:\/\/liveshowdalat.vn\/en\/wp-json\/wp\/v2\/product_tag?post=43745"}],"curies":[{"name":"wp","href":"https:\/\/api.w.org\/{rel}","templated":true}]}}