{"id":43711,"date":"2024-08-22T08:31:00","date_gmt":"2024-08-22T01:31:00","guid":{"rendered":"https:\/\/liveshowdalat.vn\/?post_type=product&#038;p=43711"},"modified":"2024-08-27T08:22:47","modified_gmt":"2024-08-27T01:22:47","slug":"lich-dien-may-lang-thang-da-lat-thang-9-2024","status":"publish","type":"product","link":"https:\/\/liveshowdalat.vn\/en\/lich-dien-may-lang-thang-da-lat-thang-9-2024.html","title":{"rendered":"L\u1ecaCH DI\u1ec4N M\u00c2Y LANG THANG \u0110\u00c0 L\u1ea0T TH\u00c1NG 9\/2024"},"content":{"rendered":"<nav class=\"vietrick-auto-toc\">\n<div class=\"box-title\">\n<h3 class=\"toc-title\" id=\"select-menu\">Danh m\u1ee5c ch\u00ednh<\/h3>\n<div><ion-icon name=\"chevron-up-outline\"><\/ion-icon><\/div>\n<\/div>\n<ul class=\"toc-list\">\n<li><a href='https:\/\/liveshowdalat.vn\/en#lich-dien-may-lang-thang-da-lat-thang-9-2024' class='heading-h2 toc-link smooth-scroll'>L\u1ecaCH DI\u1ec4N M\u00c2Y LANG THANG \u0110\u00c0 L\u1ea0T TH\u00c1NG 9\/2024<\/a>\n<li><a href='https:\/\/liveshowdalat.vn\/en#lien-he-book-ve' class='heading-h2 toc-link smooth-scroll'>Li\u00ean H\u1ec7 Book V\u00e9\u00a0<\/a><\/ul>\n<\/ul>\n<\/li>\n<\/ul>\n<\/nav>\n<h2 style=\"text-align: center\" id=\"lich-dien-may-lang-thang-da-lat-thang-9-2024\"><span style=\"color: #003300\"><strong><span style=\"font-size: 24pt\">L\u1ecaCH DI\u1ec4N M\u00c2Y LANG THANG \u0110\u00c0 L\u1ea0T TH\u00c1NG 9\/2024<\/span><\/strong><\/span><\/h2>\n<p><span style=\"font-size: 18pt;color: #000080\"><b>L\u1ecaCH DI\u1ec4N TR\u00caN M\u00c2Y \u0110\u00c0 L\u1ea0T TH\u00c1NG 9\/2024<\/b><\/span><\/p>\n<p><span style=\"color: #000080\"><em><span style=\"font-family: 'comic sans ms', sans-serif;font-size: 14pt\">M\u00f9a thu \u0111\u00e3 v\u1ec1 c\u00f9ng n\u00f3 l\u00e0 nh\u1eefng giai \u0111i\u1ec7u th\u0103ng hoa t\u1ea1i c\u00e1c liveshow c\u1ee7a M\u00e2y Lang Thang v\u00e0o th\u00e1ng 9 n\u00e0y!\u00a0<\/span><\/em><\/span><\/p>\n<p><span style=\"color: #000080\"><em><span style=\"font-family: 'comic sans ms', sans-serif;font-size: 14pt\">B\u1ea1n \u0111\u00e3 s\u1eb5n s\u00e0ng cho nh\u1eefng tr\u1ea3i nghi\u1ec7m \u00e2m nh\u1ea1c \u0111\u1eb7c s\u1eafc t\u1ea1i Nh\u00e0 M\u00e2y!? <\/span><\/em><em><span style=\"font-family: 'comic sans ms', sans-serif;font-size: 14pt\">T\u1eeb nh\u1eefng gi\u1ecdng ca \u1ea5n t\u01b0\u1ee3ng, nh\u1eefng b\u1ea3n hit \u0111\u00ecnh \u0111\u00e1m, \u0111\u1ebfn nh\u1eefng giai \u0111i\u1ec7u \u0111\u1ea7y c\u1ea3m x\u00fac t\u1ea1i M\u00e2y Lang Thang!<\/span><\/em><\/span><\/p>\n<p><span style=\"color: #000080\"><em><span style=\"font-family: 'comic sans ms', sans-serif;font-size: 14pt\">N\u00e0o, ch\u00fang ta h\u00e3y c\u00f9ng ch\u00e0o \u0111\u00f3n m\u00f9a thu v\u00e0 th\u00e1ng 9 n\u00e0y v\u1edbi nh\u1eefng show \u00e2m nh\u1ea1c \u0111\u1ea7y h\u1ee9ng kh\u1edfi v\u00e0 b\u00f9ng n\u1ed5 nh\u1ea5t! <\/span><\/em><\/span><\/p>\n<p><span style=\"color: #000080\"><em><span style=\"font-family: 'comic sans ms', sans-serif;font-size: 14pt\">H\u00e3y \u0111\u1ec3 \u00e2m nh\u1ea1c l\u00e0m ngu\u00f4i ngoai v\u00e0 nung n\u1ea5u tr\u00e1i tim c\u1ee7a b\u1ea1n. H\u00e3y c\u00f9ng M\u00e2y h\u00f2a m\u00ecnh v\u00e0o kh\u00f4ng kh\u00ed s\u00f4i \u0111\u1ed9ng c\u1ee7a \u00e2m nh\u1ea1c v\u00e0 \u0111\u1ec3 m\u1ed7i gi\u1ecdt m\u01b0a r\u01a1i tr\u1edf th\u00e0nh nh\u1ecbp \u0111i\u1ec7u \u0111\u1eb9p nh\u1ea5t c\u1ee7a cu\u1ed9c s\u1ed1ng.<\/span><\/em><\/span><\/p>\n<p><span style=\"font-size: 14pt\"><strong>Ch\u00e0o \u0111\u00f3n th\u00e1ng 9 c\u00f9ng M\u00e2y Lang Thang \u0110\u00e0 L\u1ea1t v\u1edbi nh\u1eefng liveshow kh\u00f4ng th\u1ec3 b\u1ecf l\u1ee1!<\/strong><\/span><\/p>\n<p><span style=\"color: #000000;font-family: arial, helvetica, sans-serif\"><span style=\"font-size: 14pt\"><span style=\"font-family: arial, helvetica, sans-serif;font-size: 14pt\">\u2665 <\/span>H\u00e3y c\u1eadp nh\u1eadt l\u1ecbch tr\u00ecnh v\u00e0 \u0111\u1eebng b\u1ecf l\u1ee1 c\u01a1 h\u1ed9i th\u01b0\u1edfng th\u1ee9c nh\u1eefng show di\u1ec5n tuy\u1ec7t v\u1eddi t\u1ea1i M\u00e2y Lang Thang \u0110\u00e0 L\u1ea1t b\u1ea1n nha !<\/span><\/span><\/p>\n<p><img loading=\"lazy\" decoding=\"async\" class=\"size-medium wp-image-43699 aligncenter\" src=\"https:\/\/liveshowdalat.vn\/wp-content\/uploads\/2024\/08\/Lich-dien-May-Lang-Thang-Thang-9-1024x1024.jpg\" alt=\"L\u1ecbch di\u1ec5n M\u00e2y Lang Thang Th\u00e1ng 9\" width=\"1024\" height=\"1024\" srcset=\"https:\/\/liveshowdalat.vn\/wp-content\/uploads\/2024\/08\/Lich-dien-May-Lang-Thang-Thang-9-1024x1024.jpg 1024w, https:\/\/liveshowdalat.vn\/wp-content\/uploads\/2024\/08\/Lich-dien-May-Lang-Thang-Thang-9-768x768.jpg 768w, https:\/\/liveshowdalat.vn\/wp-content\/uploads\/2024\/08\/Lich-dien-May-Lang-Thang-Thang-9-1536x1536.jpg 1536w, https:\/\/liveshowdalat.vn\/wp-content\/uploads\/2024\/08\/Lich-dien-May-Lang-Thang-Thang-9-300x300.jpg 300w, https:\/\/liveshowdalat.vn\/wp-content\/uploads\/2024\/08\/Lich-dien-May-Lang-Thang-Thang-9-600x600.jpg 600w, https:\/\/liveshowdalat.vn\/wp-content\/uploads\/2024\/08\/Lich-dien-May-Lang-Thang-Thang-9-100x100.jpg 100w, https:\/\/liveshowdalat.vn\/wp-content\/uploads\/2024\/08\/Lich-dien-May-Lang-Thang-Thang-9.jpg 1638w\" sizes=\"(max-width: 1024px) 100vw, 1024px\" \/><\/p>\n<p><strong><span style=\"font-family: 'book antiqua', palatino, serif;font-size: 14pt\"><span style=\"font-family: arial, helvetica, sans-serif;color: #003300\"><span style=\"font-size: 18pt\"><span style=\"font-family: arial, helvetica, sans-serif\">\u2665 <\/span>M\u00c2Y LANG THANG \u0110\u00c0 L\u1ea0T<\/span> <\/span><\/span><\/strong><\/p>\n<p><span style=\"font-size: 14pt\">&#8211; <strong>S\u00e2n kh\u1ea5u Chi\u1ec1u nh\u1ea1c tr\u00ean M\u00e2y<\/strong> &#8211; M\u00e2y in The Nest, 519 Th\u00f4n M\u0103ng Linh, Ph\u01b0\u1eddng 7, TP. \u0110\u00e0 L\u1ea1t \u0399 Show Time 17:00 &#8211; 19:00<\/span><\/p>\n<p><span style=\"font-size: 14pt\">&#8211; <strong>S\u00e2n kh\u1ea5u \u0110\u00eam nh\u1ea1c tr\u00ean M\u00e2y<\/strong> &#8211; Thung L\u0169ng M\u00e2y, S\u1ed1 4, Tr\u1ea7n Quang Di\u1ec7u, Ph\u01b0\u1eddng 10, TP. \u0110\u00e0 L\u1ea1t | Show Time 19:30 &#8211; 21:30<\/span><\/p>\n<hr \/>\n<p><span style=\"color: #000000\"><strong><span style=\"font-size: 14pt\">\u2013 01.09: V\u0168 C\u00c1T T\u01af\u1edcNG &amp; KH\u00c1CH M\u1edcI: MINH KHA<\/span><\/strong><\/span><\/p>\n<p><a href=\"https:\/\/liveshowdalat.vn\/en\/vu-cat-tuong-01-09.html\/\">https:\/\/liveshowdalat.vn\/vu-cat-tuong-01-09.html<\/a><\/p>\n<p><span style=\"color: #000000\"><strong><span style=\"font-size: 14pt\">\u2013 02.09: L\u1ec6 QUY\u00caN<\/span><\/strong><\/span><\/p>\n<p><a href=\"https:\/\/liveshowdalat.vn\/en\/le-quyen-02-09.html\/\">https:\/\/liveshowdalat.vn\/le-quyen-02-09.html<\/a><\/p>\n<p><span style=\"color: #000000\"><strong><span style=\"font-size: 14pt\">\u2013 07.09: M\u1ef8 LINH &#8211; PH\u01af\u01a0NG LINH<\/span><\/strong><\/span><\/p>\n<p><a href=\"https:\/\/liveshowdalat.vn\/en\/my-linh-phuong-linh-07-09.html\/\">https:\/\/liveshowdalat.vn\/my-linh-phuong-linh-07-09.html<\/a><\/p>\n<p><span style=\"color: #000000\"><strong><span style=\"font-size: 14pt\">\u2013 13.09: L\u00c2M B\u1ea2O NG\u1eccC &#8211; PH\u1ea0M ANH DUY<\/span><\/strong><\/span><\/p>\n<p><a href=\"https:\/\/liveshowdalat.vn\/en\/lam-bao-ngoc-pham-anh-duy-13-09.html\/\">https:\/\/liveshowdalat.vn\/lam-bao-ngoc-pham-anh-duy-13-09.html<\/a><\/p>\n<p><span style=\"color: #000000\"><strong><span style=\"font-size: 14pt\">\u2013 14.09: H\u00c0 NHI<\/span><\/strong><\/span><\/p>\n<p><a href=\"https:\/\/liveshowdalat.vn\/en\/ha-nhi-14-09.html\/\">https:\/\/liveshowdalat.vn\/ha-nhi-14-09.html<\/a><\/p>\n<p><span style=\"color: #000000\"><strong><span style=\"font-size: 14pt\">\u2013 20.09: MYRA TR\u1ea6N<\/span><\/strong><\/span><\/p>\n<p><a href=\"https:\/\/liveshowdalat.vn\/en\/myra-tran-20-09.html\/\">https:\/\/liveshowdalat.vn\/myra-tran-20-09.html<\/a><\/p>\n<p><span style=\"color: #000000\"><strong><span style=\"font-size: 14pt\">\u2013 21.09: L\u00c2N NH\u00c3 &amp; KH\u00c1CH M\u1edcI: B\u1ea2O TR\u00c2M IDOL<\/span><\/strong><\/span><\/p>\n<p><a href=\"https:\/\/liveshowdalat.vn\/en\/lan-nha-21-09.html\/\">https:\/\/liveshowdalat.vn\/lan-nha-21-09.html<\/a><\/p>\n<p><span style=\"color: #000000\"><strong><span style=\"font-size: 14pt\">\u2013 21.09: L\u00ca HI\u1ebeU \u2013 NGUY\u00caN H\u00c0<\/span><\/strong><\/span><\/p>\n<p><a href=\"https:\/\/liveshowdalat.vn\/en\/le-hieu-nguyen-ha-21-09.html\/\">https:\/\/liveshowdalat.vn\/le-hieu-nguyen-ha-21-09.html<\/a><\/p>\n<p><span style=\"color: #000000\"><strong><span style=\"font-size: 14pt\">\u2013 28.09: L\u00ca HI\u1ebeU &#8211; VICKY NHUNG<\/span><\/strong><\/span><\/p>\n<p><a href=\"https:\/\/liveshowdalat.vn\/en\/le-hieu-vicky-nhung-28-09.html\/\">https:\/\/liveshowdalat.vn\/le-hieu-vicky-nhung-28-09.html<\/a><\/p>\n<p><span style=\"font-size: 14pt;color: #000000\"><span style=\"font-size: 14pt\"><span style=\"color: #003300;font-size: 18pt\"><b>Ch\u00ednh s\u00e1ch tr\u1ebb em b\u00ean M\u00e2y Lang Thang:<\/b><b><br \/>\n<\/b><\/span>\u2013 B\u00e9 d\u01b0\u1edbi 1m2 gi\u1ea3m 30% ( c\u00f3 gh\u1ebf ri\u00eang ), ho\u00e0n ti\u1ec1n tr\u1ef1c ti\u1ebfp t\u1ea1i show<br \/>\n\u2013 Tr\u00ean 1m2 v\u1eabn t\u00ednh v\u00e9 nh\u01b0 ng\u01b0\u1eddi l\u1edbn.<\/span><\/span><\/p>\n<p><img loading=\"lazy\" decoding=\"async\" class=\"aligncenter wp-image-3332 size-full\" src=\"https:\/\/liveshowdalat.vn\/wp-content\/uploads\/2024\/01\/THUNG-LUNG-MAY-1.jpg\" alt=\"THUNG L\u0168NG M\u00c2Y\" width=\"768\" height=\"730\" srcset=\"https:\/\/liveshowdalat.vn\/wp-content\/uploads\/2024\/01\/THUNG-LUNG-MAY-1.jpg 768w, https:\/\/liveshowdalat.vn\/wp-content\/uploads\/2024\/01\/THUNG-LUNG-MAY-1-300x285.jpg 300w, https:\/\/liveshowdalat.vn\/wp-content\/uploads\/2024\/01\/THUNG-LUNG-MAY-1-600x570.jpg 600w\" sizes=\"(max-width: 768px) 100vw, 768px\" \/><\/p>\n<p><span style=\"font-size: 18pt;color: #003300\"><b>L\u01afU \u00dd<\/b><\/span><\/p>\n<p><span style=\"font-size: 14pt\">\u2013 BTC kh\u00f4ng h\u1ed7 tr\u1ee3 ho\u00e0n v\u00e9 d\u01b0\u1edbi m\u1ecdi h\u00ecnh th\u1ee9c<\/span><\/p>\n<p><span style=\"font-size: 14pt\">\u2013 Vui l\u00f2ng kh\u00f4ng mang \u0111\u1ed3 \u0103n n\u01b0\u1edbc u\u1ed1ng b\u00ean ngo\u00e0i v\u00e0o khu v\u1ef1c bi\u1ec3u di\u1ec5n<\/span><\/p>\n<p><span style=\"font-size: 14pt\">\u2013 Tr\u01b0\u1eddng h\u1ee3p h\u1ee7y v\u00e9 v\u00e0 b\u1ea3o l\u01b0u v\u00e9 c\u1ea7n th\u00f4ng b\u00e1o t\u1edbi BTC tr\u01b0\u1edbc 24 gi\u1edd, sau kho\u1ea3ng th\u1eddi gian tr\u00ean s\u1ebd kh\u00f4ng \u0111\u01b0\u1ee3c h\u1ed7 tr\u1ee3<\/span><\/p>\n<p><span style=\"font-size: 18pt;color: #003300\"><b><i>B\u1ea1n l\u01b0u \u00fd th\u00f4ng tin b\u1ea3o l\u01b0u sau:<\/i><\/b><\/span><\/p>\n<p><span style=\"font-size: 14pt\">\u2013 Th\u1eddi h\u1ea1n b\u1ea3o l\u01b0u l\u00e0 trong v\u00f2ng m\u1ed9t n\u0103m t\u00ednh theo ng\u00e0y x\u00e1c nh\u1eadn b\u1ea3o l\u01b0u.<\/span><\/p>\n<p><span style=\"font-size: 14pt\">\u2013 B\u1ea3o l\u01b0u ch\u1ec9 c\u00f3 hi\u1ec7u l\u1ef1c c\u00f9ng khu v\u1ef1c \u0111\u00e3 \u0111\u1eb7t<\/span><\/p>\n<p><span style=\"font-size: 14pt\">\u2013 M\u00e2y ch\u1ec9 h\u1ed7 tr\u1ee3 b\u1ea3o l\u01b0u c\u00f9ng h\u1ea1ng gi\u00e1, v\u1edbi gi\u00e1 v\u00e9 cao h\u01a1n (vui l\u00f2ng b\u00f9 ph\u1ea7n ch\u00eanh l\u1ec7ch gi\u00fap M\u00e2y).<\/span><\/p>\n<p><span style=\"font-size: 14pt\">\u2013\u00a0 Trong tr\u01b0\u1eddng h\u1ee3p h\u1ea1ng v\u00e9 th\u1ea5p s\u1ed1 ti\u1ec1n \u0111\u00e3 b\u1ea3o l\u01b0u, M\u00e2y kh\u00f4ng h\u1ed7 tr\u1ee3 ho\u00e0n ti\u1ec1n.<\/span><\/p>\n<p><img loading=\"lazy\" decoding=\"async\" class=\"aligncenter wp-image-4136 size-full\" src=\"https:\/\/liveshowdalat.vn\/wp-content\/uploads\/2024\/05\/Thung-Lung-May-1-1.jpg\" alt=\"Thung L\u0169ng M\u00e2y \u0110\u00e0 L\u1ea1t\" width=\"2000\" height=\"1600\" srcset=\"https:\/\/liveshowdalat.vn\/wp-content\/uploads\/2024\/05\/Thung-Lung-May-1-1.jpg 2000w, https:\/\/liveshowdalat.vn\/wp-content\/uploads\/2024\/05\/Thung-Lung-May-1-1-300x240.jpg 300w, https:\/\/liveshowdalat.vn\/wp-content\/uploads\/2024\/05\/Thung-Lung-May-1-1-1024x819.jpg 1024w, https:\/\/liveshowdalat.vn\/wp-content\/uploads\/2024\/05\/Thung-Lung-May-1-1-768x614.jpg 768w, https:\/\/liveshowdalat.vn\/wp-content\/uploads\/2024\/05\/Thung-Lung-May-1-1-1536x1229.jpg 1536w, https:\/\/liveshowdalat.vn\/wp-content\/uploads\/2024\/05\/Thung-Lung-May-1-1-600x480.jpg 600w\" sizes=\"(max-width: 2000px) 100vw, 2000px\" \/> <img loading=\"lazy\" decoding=\"async\" class=\"aligncenter wp-image-4137 size-full\" src=\"https:\/\/liveshowdalat.vn\/wp-content\/uploads\/2024\/05\/Thung-Lung-May-2.jpg\" alt=\"Thung L\u0169ng M\u00e2y \u0110\u00e0 L\u1ea1t\" width=\"2000\" height=\"1600\" srcset=\"https:\/\/liveshowdalat.vn\/wp-content\/uploads\/2024\/05\/Thung-Lung-May-2.jpg 2000w, https:\/\/liveshowdalat.vn\/wp-content\/uploads\/2024\/05\/Thung-Lung-May-2-300x240.jpg 300w, https:\/\/liveshowdalat.vn\/wp-content\/uploads\/2024\/05\/Thung-Lung-May-2-1024x819.jpg 1024w, https:\/\/liveshowdalat.vn\/wp-content\/uploads\/2024\/05\/Thung-Lung-May-2-768x614.jpg 768w, https:\/\/liveshowdalat.vn\/wp-content\/uploads\/2024\/05\/Thung-Lung-May-2-1536x1229.jpg 1536w, https:\/\/liveshowdalat.vn\/wp-content\/uploads\/2024\/05\/Thung-Lung-May-2-600x480.jpg 600w\" sizes=\"(max-width: 2000px) 100vw, 2000px\" \/> <img loading=\"lazy\" decoding=\"async\" class=\"size-medium wp-image-43271 aligncenter\" src=\"https:\/\/liveshowdalat.vn\/wp-content\/uploads\/2024\/07\/San-Khau-Thung-Lung-May-Da-Lat-2-1024x683.jpg\" alt=\"\" width=\"1024\" height=\"683\" srcset=\"https:\/\/liveshowdalat.vn\/wp-content\/uploads\/2024\/07\/San-Khau-Thung-Lung-May-Da-Lat-2-1024x683.jpg 1024w, https:\/\/liveshowdalat.vn\/wp-content\/uploads\/2024\/07\/San-Khau-Thung-Lung-May-Da-Lat-2-768x512.jpg 768w, https:\/\/liveshowdalat.vn\/wp-content\/uploads\/2024\/07\/San-Khau-Thung-Lung-May-Da-Lat-2-1536x1024.jpg 1536w, https:\/\/liveshowdalat.vn\/wp-content\/uploads\/2024\/07\/San-Khau-Thung-Lung-May-Da-Lat-2-600x400.jpg 600w, https:\/\/liveshowdalat.vn\/wp-content\/uploads\/2024\/07\/San-Khau-Thung-Lung-May-Da-Lat-2.jpg 1800w\" sizes=\"(max-width: 1024px) 100vw, 1024px\" \/><\/p>\n<h2 id=\"lien-he-book-ve\"><span style=\"color: #003300\"><b>Li\u00ean H\u1ec7 Book V\u00e9\u00a0<\/b><\/span><\/h2>\n<p><span style=\"font-family: arial, helvetica, sans-serif\"><span style=\"font-size: 14pt;color: #000000\"><b>Hotline\/Zalo:\u00a0<\/b><\/span><strong><span style=\"font-size: 14pt\">0988 249 297<\/span><\/strong><\/span><\/p>\n<p><span style=\"font-size: 14pt\">Fanpage booking:\u00a0<a href=\"https:\/\/www.facebook.com\/liveshowdalat\/\" target=\"_blank\" rel=\"noopener\">M\u00e2y Lang Thang<\/a><\/span><\/p>\n<p><span style=\"font-size: 14pt\">Xem th\u00eam b\u00e0i vi\u1ebft kh\u00e1c t\u1ea1i:\u00a0<a href=\"https:\/\/maylangthangshow.com\/\" rel=\"noopener\">Cloud Wandered Show\u00a0<\/a><\/span><\/p>","protected":false},"excerpt":{"rendered":"<p>Danh m\u1ee5c ch\u00ednh L\u1ecaCH DI\u1ec4N M\u00c2Y LANG THANG \u0110\u00c0 L\u1ea0T TH\u00c1NG 9\/2024 Li\u00ean H\u1ec7 Book V\u00e9\u00a0 L\u1ecaCH DI\u1ec4N M\u00c2Y LANG THANG \u0110\u00c0 L\u1ea0T TH\u00c1NG 9\/2024 L\u1ecaCH DI\u1ec4N TR\u00caN M\u00c2Y \u0110\u00c0 L\u1ea0T TH\u00c1NG 9\/2024 M\u00f9a thu \u0111\u00e3 v\u1ec1 c\u00f9ng n\u00f3 l\u00e0 nh\u1eefng giai \u0111i\u1ec7u th\u0103ng hoa t\u1ea1i c\u00e1c liveshow c\u1ee7a M\u00e2y Lang Thang v\u00e0o th\u00e1ng 9 [&hellip;]<\/p>","protected":false},"featured_media":43699,"comment_status":"open","ping_status":"closed","template":"","meta":[],"product_cat":[2420,31],"product_tag":[2688,2685],"_links":{"self":[{"href":"https:\/\/liveshowdalat.vn\/en\/wp-json\/wp\/v2\/product\/43711"}],"collection":[{"href":"https:\/\/liveshowdalat.vn\/en\/wp-json\/wp\/v2\/product"}],"about":[{"href":"https:\/\/liveshowdalat.vn\/en\/wp-json\/wp\/v2\/types\/product"}],"replies":[{"embeddable":true,"href":"https:\/\/liveshowdalat.vn\/en\/wp-json\/wp\/v2\/comments?post=43711"}],"wp:featuredmedia":[{"embeddable":true,"href":"https:\/\/liveshowdalat.vn\/en\/wp-json\/wp\/v2\/media\/43699"}],"wp:attachment":[{"href":"https:\/\/liveshowdalat.vn\/en\/wp-json\/wp\/v2\/media?parent=43711"}],"wp:term":[{"taxonomy":"product_cat","embeddable":true,"href":"https:\/\/liveshowdalat.vn\/en\/wp-json\/wp\/v2\/product_cat?post=43711"},{"taxonomy":"product_tag","embeddable":true,"href":"https:\/\/liveshowdalat.vn\/en\/wp-json\/wp\/v2\/product_tag?post=43711"}],"curies":[{"name":"wp","href":"https:\/\/api.w.org\/{rel}","templated":true}]}}