{"id":4363,"date":"2024-05-21T20:00:55","date_gmt":"2024-05-21T13:00:55","guid":{"rendered":"https:\/\/maylangthangshow.com\/?p=4363"},"modified":"2024-07-14T12:13:04","modified_gmt":"2024-07-14T05:13:04","slug":"lich-dien-may-lang-thang-vinh-thang-6-2024","status":"publish","type":"product","link":"https:\/\/liveshowdalat.vn\/en\/lich-dien-may-lang-thang-vinh-thang-6-2024.html","title":{"rendered":"L\u1ecaCH DI\u1ec4N M\u00c2Y LANG THANG VINH TH\u00c1NG 6\/2024"},"content":{"rendered":"<nav class=\"vietrick-auto-toc\">\n<div class=\"box-title\">\n<h3 class=\"toc-title\" id=\"select-menu\">Danh m\u1ee5c ch\u00ednh<\/h3>\n<div><ion-icon name=\"chevron-up-outline\"><\/ion-icon><\/div>\n<\/div>\n<ul class=\"toc-list\">\n<li><a href='https:\/\/liveshowdalat.vn\/en#lich-dien-may-lang-thang-vinh' class='heading-h2 toc-link smooth-scroll'>L\u1ecaCH DI\u1ec4N M\u00c2Y LANG THANG VINH<\/a>\n<li><a href='https:\/\/liveshowdalat.vn\/en#lien-he-book-ve' class='heading-h2 toc-link smooth-scroll'>Li\u00ean H\u1ec7 Book V\u00e9\u00a0<\/a><\/ul>\n<\/ul>\n<\/li>\n<\/ul>\n<\/nav>\n<h2 style=\"text-align: center;\" id=\"lich-dien-may-lang-thang-vinh\"><span style=\"color: #003300;\"><strong><span style=\"font-size: 24pt;\">L\u1ecaCH DI\u1ec4N M\u00c2Y LANG THANG VINH<\/span><\/strong><\/span><\/h2>\n<p><span style=\"font-size: 18pt; color: #000080;\"><b>L\u1ecaCH DI\u1ec4N M\u00c2Y LANG THANG VINH TH\u00c1NG 6<\/b><\/span><\/p>\n<p><strong><span style=\"color: #003366;\"><em><span style=\"font-family: 'comic sans ms', sans-serif; font-size: 14pt;\">Th\u00e1ng S\u00e1u v\u1ec1 mang theo nh\u1eefng c\u01a1n m\u01b0a \u0111\u1ea7u m\u00f9a gh\u00e9 th\u0103m, x\u00f3a tan \u0111i s\u1ef1 oi \u1ea3 c\u1ee7a nh\u1eefng ng\u00e0y h\u00e8 \u0111\u1ea7y n\u1eafng. Nh\u1edd \u0111\u00f3, m\u00e0 b\u1ea7u kh\u00f4ng kh\u00ed tr\u1edf n\u00ean t\u01b0\u01a1i m\u00e1t h\u01a1n, tho\u1ea3i m\u00e1i h\u01a1n v\u00e0 c\u00f3 ph\u1ea7n se se l\u1ea1nh h\u01a1n. V\u00e0 s\u1ebd tuy\u1ec7t v\u1eddi h\u01a1n n\u1eefa khi \u0111\u01b0\u1ee3c ng\u1ed3i h\u00f2a m\u00ecnh c\u00f9ng kh\u00f4ng gian \u00e2m nh\u1ea1c s\u1ed1ng \u0111\u1ed9ng c\u0169ng kh\u00f4ng k\u00e9m ph\u1ea7n c\u1ea3m x\u00fac c\u1ee7a M\u00e2y Lang Thang.\u00a0 \u00a0<\/span><\/em><\/span><\/strong><\/p>\n<p><strong><span style=\"color: #003366;\"><em><span style=\"font-family: 'comic sans ms', sans-serif; font-size: 14pt;\">B\u1ea1n \u0111\u00e3 s\u1eb5n s\u00e0ng \u0111\u1ebfn v\u1edbi th\u1ebf gi\u1edbi \u00e2m nh\u1ea1c \u0111ong \u0111\u1ea7y t\u00ecnh c\u1ea3m c\u00f9ng M\u00e2y Lang Thang trong th\u00e1ng 6 n\u00e0y ch\u01b0a?<\/span><\/em><\/span><\/strong><\/p>\n<p><strong><span style=\"color: #003366;\"><em><span style=\"font-family: 'comic sans ms', sans-serif; font-size: 14pt;\">T\u1eeb nh\u1eefng giai \u0111i\u1ec7u s\u00f4i \u0111\u1ed9ng \u0111\u1ebfn nh\u1eefng b\u1ea3n ballad \u0111\u1ea7y c\u1ea3m x\u00fac, M\u00e2y Lang Thang ch\u00ednh l\u00e0 \u0111i\u1ec3m \u0111\u1ebfn l\u00fd t\u01b0\u1edfng cho c\u00e1c show di\u1ec5n \u0111a d\u1ea1ng v\u00e0 \u0111\u1eb3ng c\u1ea5p.<\/span><\/em><\/span><\/strong><\/p>\n<p><span style=\"color: #000000; font-family: arial, helvetica, sans-serif;\"><span style=\"font-size: 14pt;\"><span style=\"font-family: arial, helvetica, sans-serif; font-size: 14pt;\">\u2665 <\/span>H\u00e3y c\u1eadp nh\u1eadt l\u1ecbch tr\u00ecnh v\u00e0 \u0111\u1eebng b\u1ecf l\u1ee1 c\u01a1 h\u1ed9i th\u01b0\u1edfng th\u1ee9c nh\u1eefng show di\u1ec5n tuy\u1ec7t v\u1eddi t\u1ea1i M\u00e2y Lang Thang \u0110\u00e0 L\u1ea1t b\u1ea1n nh\u00e9 !<\/span><\/span><\/p>\n<p><img loading=\"lazy\" decoding=\"async\" class=\"size-full wp-image-4345 aligncenter\" src=\"https:\/\/liveshowdalat.vn\/wp-content\/uploads\/2024\/05\/Lich-dien-May-Lang-Thang.jpg\" alt=\"L\u1ecbch di\u1ec5n M\u00e2y Lang Thang Th\u00e1ng 6\" width=\"1638\" height=\"1638\" srcset=\"https:\/\/liveshowdalat.vn\/wp-content\/uploads\/2024\/05\/Lich-dien-May-Lang-Thang.jpg 1638w, https:\/\/liveshowdalat.vn\/wp-content\/uploads\/2024\/05\/Lich-dien-May-Lang-Thang-300x300.jpg 300w, https:\/\/liveshowdalat.vn\/wp-content\/uploads\/2024\/05\/Lich-dien-May-Lang-Thang-1024x1024.jpg 1024w, https:\/\/liveshowdalat.vn\/wp-content\/uploads\/2024\/05\/Lich-dien-May-Lang-Thang-150x150.jpg 150w, https:\/\/liveshowdalat.vn\/wp-content\/uploads\/2024\/05\/Lich-dien-May-Lang-Thang-768x768.jpg 768w, https:\/\/liveshowdalat.vn\/wp-content\/uploads\/2024\/05\/Lich-dien-May-Lang-Thang-1536x1536.jpg 1536w, https:\/\/liveshowdalat.vn\/wp-content\/uploads\/2024\/05\/Lich-dien-May-Lang-Thang-600x600.jpg 600w, https:\/\/liveshowdalat.vn\/wp-content\/uploads\/2024\/05\/Lich-dien-May-Lang-Thang-100x100.jpg 100w\" sizes=\"(max-width: 1638px) 100vw, 1638px\" \/><\/p>\n<p><span style=\"font-size: 18pt;\"><strong><span style=\"font-family: 'book antiqua', palatino, serif;\"><span style=\"font-family: arial, helvetica, sans-serif; color: #003300;\"><span style=\"font-family: arial, helvetica, sans-serif;\">\u2665 M\u00c2Y LANG THANG VINH \u0399 <\/span><\/span><span style=\"font-family: arial, helvetica, sans-serif;\"><em>SUMMER PALACE<\/em> \u2013 343 L\u00ea Du\u1ea9n, Ph\u01b0\u1eddng Trung \u0110\u00f4, TP Vinh, Ngh\u1ec7 An.<\/span><\/span><\/strong><\/span><\/p>\n<hr \/>\n<p><span style=\"color: #000000;\"><strong><span style=\"font-size: 14pt;\">\u2013 29.06: CONCERT SHE IN SHINE \u0399 H\u00c0 NHI &#8211; KM: D\u01af\u01a0NG EDWARD<\/span><\/strong><\/span><\/p>\n<p><a href=\"https:\/\/maylangthangshow.com\/concert-tour-she-in-shine-ha-nhi-29-06.html\" rel=\"noopener\">https:\/\/maylangthangshow.com\/concert-tour-she-in-shine-ha-nhi-29-06.html<\/a><\/p>\n<p><span style=\"font-size: 18pt; color: #003300;\"><b>Ch\u00ednh s\u00e1ch tr\u1ebb em b\u00ean M\u00e2y Lang Thang:<\/b><b><br \/>\n<\/b><\/span><span style=\"font-size: 14pt;\">\u2013 B\u00e9 d\u01b0\u1edbi 1m2 gi\u1ea3m 30% ( c\u00f3 gh\u1ebf ri\u00eang ), ho\u00e0n ti\u1ec1n tr\u1ef1c ti\u1ebfp t\u1ea1i show<\/span><br \/>\n<span style=\"font-size: 14pt;\">\u2013 Tr\u00ean 1m2 v\u1eabn t\u00ednh v\u00e9 nh\u01b0 ng\u01b0\u1eddi l\u1edbn.<\/span><\/p>\n<p><span style=\"font-size: 14pt;\">***<\/span><br \/>\n<span style=\"font-size: 14pt;\">\u2013 \u0110\u1ecba ch\u1ec9: <strong>SUMMER PALACE &#8211; 343 L\u00ea Du\u1ea9n, Ph\u01b0\u1eddng Trung \u0110\u00f4, TP Vinh, Ngh\u1ec7 An.<\/strong><\/span><br \/>\n<span style=\"font-size: 14pt;\">\u2013 Qu\u00fd kh\u00e1ch l\u01b0u \u00fd \u0111\u1ecba \u0111i\u1ec3m t\u1ed5 ch\u1ee9c \u0111\u1ec3 s\u1eafp x\u1ebfp th\u1eddi gian v\u00e0 ph\u01b0\u01a1ng ti\u1ec7n di chuy\u1ec3n ph\u00f9 h\u1ee3p.<\/span><\/p>\n<p><img loading=\"lazy\" decoding=\"async\" class=\"size-full wp-image-4299 aligncenter\" src=\"https:\/\/liveshowdalat.vn\/wp-content\/uploads\/2024\/05\/May-Lang-Thang-2-2.jpg\" alt=\"M\u00e2y Lang Thang - Vinh\" width=\"1638\" height=\"1638\" srcset=\"https:\/\/liveshowdalat.vn\/wp-content\/uploads\/2024\/05\/May-Lang-Thang-2-2.jpg 1638w, https:\/\/liveshowdalat.vn\/wp-content\/uploads\/2024\/05\/May-Lang-Thang-2-2-300x300.jpg 300w, https:\/\/liveshowdalat.vn\/wp-content\/uploads\/2024\/05\/May-Lang-Thang-2-2-1024x1024.jpg 1024w, https:\/\/liveshowdalat.vn\/wp-content\/uploads\/2024\/05\/May-Lang-Thang-2-2-150x150.jpg 150w, https:\/\/liveshowdalat.vn\/wp-content\/uploads\/2024\/05\/May-Lang-Thang-2-2-768x768.jpg 768w, https:\/\/liveshowdalat.vn\/wp-content\/uploads\/2024\/05\/May-Lang-Thang-2-2-1536x1536.jpg 1536w, https:\/\/liveshowdalat.vn\/wp-content\/uploads\/2024\/05\/May-Lang-Thang-2-2-600x600.jpg 600w, https:\/\/liveshowdalat.vn\/wp-content\/uploads\/2024\/05\/May-Lang-Thang-2-2-100x100.jpg 100w\" sizes=\"(max-width: 1638px) 100vw, 1638px\" \/><\/p>\n<p><span style=\"font-size: 18pt; color: #003300;\"><b>L\u01afU \u00dd<\/b><\/span><\/p>\n<p><span style=\"font-size: 14pt;\">\u2013 BTC kh\u00f4ng h\u1ed7 tr\u1ee3 ho\u00e0n v\u00e9 d\u01b0\u1edbi m\u1ecdi h\u00ecnh th\u1ee9c<\/span><\/p>\n<p><span style=\"font-size: 14pt;\">\u2013 Vui l\u00f2ng kh\u00f4ng mang \u0111\u1ed3 \u0103n n\u01b0\u1edbc u\u1ed1ng b\u00ean ngo\u00e0i v\u00e0o khu v\u1ef1c bi\u1ec3u di\u1ec5n<\/span><\/p>\n<p><span style=\"font-size: 14pt;\">\u2013 Tr\u01b0\u1eddng h\u1ee3p h\u1ee7y v\u00e9 v\u00e0 b\u1ea3o l\u01b0u v\u00e9 c\u1ea7n th\u00f4ng b\u00e1o t\u1edbi BTC tr\u01b0\u1edbc 24 gi\u1edd, sau kho\u1ea3ng th\u1eddi gian tr\u00ean s\u1ebd kh\u00f4ng \u0111\u01b0\u1ee3c h\u1ed7 tr\u1ee3<\/span><\/p>\n<p><span style=\"font-size: 18pt; color: #003300;\"><b><i>B\u1ea1n l\u01b0u \u00fd th\u00f4ng tin b\u1ea3o l\u01b0u sau:<\/i><\/b><\/span><\/p>\n<p><span style=\"font-size: 14pt;\">\u2013 Th\u1eddi h\u1ea1n b\u1ea3o l\u01b0u l\u00e0 trong v\u00f2ng m\u1ed9t n\u0103m t\u00ednh theo ng\u00e0y x\u00e1c nh\u1eadn b\u1ea3o l\u01b0u.<\/span><\/p>\n<p><span style=\"font-size: 14pt;\">\u2013 B\u1ea3o l\u01b0u ch\u1ec9 c\u00f3 hi\u1ec7u l\u1ef1c c\u00f9ng khu v\u1ef1c \u0111\u00e3 \u0111\u1eb7t<\/span><\/p>\n<p><span style=\"font-size: 14pt;\">\u2013 M\u00e2y ch\u1ec9 h\u1ed7 tr\u1ee3 b\u1ea3o l\u01b0u c\u00f9ng h\u1ea1ng gi\u00e1, v\u1edbi gi\u00e1 v\u00e9 cao h\u01a1n (vui l\u00f2ng b\u00f9 ph\u1ea7n ch\u00eanh l\u1ec7ch gi\u00fap M\u00e2y).<\/span><\/p>\n<p><span style=\"font-size: 14pt;\">\u2013\u00a0 Trong tr\u01b0\u1eddng h\u1ee3p h\u1ea1ng v\u00e9 th\u1ea5p s\u1ed1 ti\u1ec1n \u0111\u00e3 b\u1ea3o l\u01b0u, M\u00e2y kh\u00f4ng h\u1ed7 tr\u1ee3 ho\u00e0n ti\u1ec1n.<\/span><\/p>\n<p><img loading=\"lazy\" decoding=\"async\" class=\"size-full wp-image-4299 aligncenter\" src=\"https:\/\/liveshowdalat.vn\/wp-content\/uploads\/2024\/05\/May-Lang-Thang-2-2.jpg\" alt=\"M\u00e2y Lang Thang - Vinh\" width=\"1638\" height=\"1638\" srcset=\"https:\/\/liveshowdalat.vn\/wp-content\/uploads\/2024\/05\/May-Lang-Thang-2-2.jpg 1638w, https:\/\/liveshowdalat.vn\/wp-content\/uploads\/2024\/05\/May-Lang-Thang-2-2-300x300.jpg 300w, https:\/\/liveshowdalat.vn\/wp-content\/uploads\/2024\/05\/May-Lang-Thang-2-2-1024x1024.jpg 1024w, https:\/\/liveshowdalat.vn\/wp-content\/uploads\/2024\/05\/May-Lang-Thang-2-2-150x150.jpg 150w, https:\/\/liveshowdalat.vn\/wp-content\/uploads\/2024\/05\/May-Lang-Thang-2-2-768x768.jpg 768w, https:\/\/liveshowdalat.vn\/wp-content\/uploads\/2024\/05\/May-Lang-Thang-2-2-1536x1536.jpg 1536w, https:\/\/liveshowdalat.vn\/wp-content\/uploads\/2024\/05\/May-Lang-Thang-2-2-600x600.jpg 600w, https:\/\/liveshowdalat.vn\/wp-content\/uploads\/2024\/05\/May-Lang-Thang-2-2-100x100.jpg 100w\" sizes=\"(max-width: 1638px) 100vw, 1638px\" \/><\/p>\n<h2 id=\"lien-he-book-ve\"><span style=\"color: #003300;\"><b>Li\u00ean H\u1ec7 Book V\u00e9\u00a0<\/b><\/span><\/h2>\n<p><span style=\"font-family: arial, helvetica, sans-serif;\"><span style=\"font-size: 14pt; color: #000000;\"><b>Hotline\/Zalo:\u00a0<\/b><\/span><strong><span style=\"font-size: 14pt;\">0988 249 297<\/span><\/strong><\/span><\/p>\n<p><span style=\"font-size: 14pt;\">Fanpage booking:\u00a0<a href=\"https:\/\/www.facebook.com\/liveshowdalat\/\" target=\"_blank\" rel=\"noopener\">M\u00e2y Lang Thang<\/a><\/span><\/p>\n<p><span style=\"font-size: 14pt;\">Xem th\u00eam b\u00e0i vi\u1ebft kh\u00e1c t\u1ea1i:\u00a0<a href=\"https:\/\/maylangthangshow.com\/\" rel=\"noopener\">Cloud Wandered Show\u00a0<\/a><\/span><\/p>","protected":false},"excerpt":{"rendered":"<p>Danh m\u1ee5c ch\u00ednh L\u1ecaCH DI\u1ec4N M\u00c2Y LANG THANG VINH Li\u00ean H\u1ec7 Book V\u00e9\u00a0 L\u1ecaCH DI\u1ec4N M\u00c2Y LANG THANG VINH L\u1ecaCH DI\u1ec4N M\u00c2Y LANG THANG VINH TH\u00c1NG 6 Th\u00e1ng S\u00e1u v\u1ec1 mang theo nh\u1eefng c\u01a1n m\u01b0a \u0111\u1ea7u m\u00f9a gh\u00e9 th\u0103m, x\u00f3a tan \u0111i s\u1ef1 oi \u1ea3 c\u1ee7a nh\u1eefng ng\u00e0y h\u00e8 \u0111\u1ea7y n\u1eafng. Nh\u1edd \u0111\u00f3, m\u00e0 b\u1ea7u [&hellip;]<\/p>","protected":false},"featured_media":4345,"comment_status":"open","ping_status":"closed","template":"","meta":[],"product_cat":[31,2420],"product_tag":[],"_links":{"self":[{"href":"https:\/\/liveshowdalat.vn\/en\/wp-json\/wp\/v2\/product\/4363"}],"collection":[{"href":"https:\/\/liveshowdalat.vn\/en\/wp-json\/wp\/v2\/product"}],"about":[{"href":"https:\/\/liveshowdalat.vn\/en\/wp-json\/wp\/v2\/types\/product"}],"replies":[{"embeddable":true,"href":"https:\/\/liveshowdalat.vn\/en\/wp-json\/wp\/v2\/comments?post=4363"}],"wp:featuredmedia":[{"embeddable":true,"href":"https:\/\/liveshowdalat.vn\/en\/wp-json\/wp\/v2\/media\/4345"}],"wp:attachment":[{"href":"https:\/\/liveshowdalat.vn\/en\/wp-json\/wp\/v2\/media?parent=4363"}],"wp:term":[{"taxonomy":"product_cat","embeddable":true,"href":"https:\/\/liveshowdalat.vn\/en\/wp-json\/wp\/v2\/product_cat?post=4363"},{"taxonomy":"product_tag","embeddable":true,"href":"https:\/\/liveshowdalat.vn\/en\/wp-json\/wp\/v2\/product_tag?post=4363"}],"curies":[{"name":"wp","href":"https:\/\/api.w.org\/{rel}","templated":true}]}}