{"id":4360,"date":"2024-05-21T19:54:42","date_gmt":"2024-05-21T12:54:42","guid":{"rendered":"https:\/\/maylangthangshow.com\/?p=4360"},"modified":"2024-07-14T12:10:16","modified_gmt":"2024-07-14T05:10:16","slug":"lich-dien-may-lang-thang-ha-noi-thang-6-2024","status":"publish","type":"product","link":"https:\/\/liveshowdalat.vn\/en\/lich-dien-may-lang-thang-ha-noi-thang-6-2024.html","title":{"rendered":"L\u1ecaCH DI\u1ec4N M\u00c2Y LANG THANG H\u00c0 N\u1ed8I TH\u00c1NG 6\/2024"},"content":{"rendered":"<nav class=\"vietrick-auto-toc\">\n<div class=\"box-title\">\n<h3 class=\"toc-title\" id=\"select-menu\">Danh m\u1ee5c ch\u00ednh<\/h3>\n<div><ion-icon name=\"chevron-up-outline\"><\/ion-icon><\/div>\n<\/div>\n<ul class=\"toc-list\">\n<li><a href='https:\/\/liveshowdalat.vn\/en#lich-dien-may-lang-thang-ha-noi' class='heading-h2 toc-link smooth-scroll'>L\u1ecaCH DI\u1ec4N M\u00c2Y LANG THANG H\u00c0 N\u1ed8I<\/a>\n<li><a href='https:\/\/liveshowdalat.vn\/en#lien-he-book-ve' class='heading-h2 toc-link smooth-scroll'>Li\u00ean H\u1ec7 Book V\u00e9\u00a0<\/a><\/ul>\n<\/ul>\n<\/li>\n<\/ul>\n<\/nav>\n<h2 style=\"text-align: center;\" id=\"lich-dien-may-lang-thang-ha-noi\"><span style=\"font-size: 24pt; color: #003300;\"><strong>L\u1ecaCH DI\u1ec4N M\u00c2Y LANG THANG H\u00c0 N\u1ed8I<\/strong><\/span><\/h2>\n<p><span style=\"font-size: 18pt; color: #000080;\"><b>L\u1ecaCH DI\u1ec4N M\u00c2Y LANG THANG TH\u00c1NG 6<\/b><\/span><\/p>\n<p><strong><span style=\"color: #003366;\"><em><span style=\"font-family: 'comic sans ms', sans-serif; font-size: 14pt;\">Th\u00e1ng S\u00e1u v\u1ec1 mang theo nh\u1eefng c\u01a1n m\u01b0a \u0111\u1ea7u m\u00f9a gh\u00e9 th\u0103m, x\u00f3a tan \u0111i s\u1ef1 oi \u1ea3 c\u1ee7a nh\u1eefng ng\u00e0y h\u00e8 \u0111\u1ea7y n\u1eafng. Nh\u1edd \u0111\u00f3, m\u00e0 b\u1ea7u kh\u00f4ng kh\u00ed tr\u1edf n\u00ean t\u01b0\u01a1i m\u00e1t h\u01a1n, tho\u1ea3i m\u00e1i h\u01a1n v\u00e0 c\u00f3 ph\u1ea7n se se l\u1ea1nh h\u01a1n. V\u00e0 s\u1ebd tuy\u1ec7t v\u1eddi h\u01a1n n\u1eefa khi \u0111\u01b0\u1ee3c ng\u1ed3i h\u00f2a m\u00ecnh c\u00f9ng kh\u00f4ng gian \u00e2m nh\u1ea1c s\u1ed1ng \u0111\u1ed9ng c\u0169ng kh\u00f4ng k\u00e9m ph\u1ea7n c\u1ea3m x\u00fac c\u1ee7a M\u00e2y Lang Thang.\u00a0 \u00a0<\/span><\/em><\/span><\/strong><\/p>\n<p><strong><span style=\"color: #003366;\"><em><span style=\"font-family: 'comic sans ms', sans-serif; font-size: 14pt;\">B\u1ea1n \u0111\u00e3 s\u1eb5n s\u00e0ng \u0111\u1ebfn v\u1edbi th\u1ebf gi\u1edbi \u00e2m nh\u1ea1c \u0111ong \u0111\u1ea7y t\u00ecnh c\u1ea3m c\u00f9ng M\u00e2y Lang Thang trong th\u00e1ng 6 n\u00e0y ch\u01b0a?<\/span><\/em><\/span><\/strong><\/p>\n<p><strong><span style=\"color: #003366;\"><em><span style=\"font-family: 'comic sans ms', sans-serif; font-size: 14pt;\">T\u1eeb nh\u1eefng giai \u0111i\u1ec7u s\u00f4i \u0111\u1ed9ng \u0111\u1ebfn nh\u1eefng b\u1ea3n ballad \u0111\u1ea7y c\u1ea3m x\u00fac, M\u00e2y Lang Thang ch\u00ednh l\u00e0 \u0111i\u1ec3m \u0111\u1ebfn l\u00fd t\u01b0\u1edfng cho c\u00e1c show di\u1ec5n \u0111a d\u1ea1ng v\u00e0 \u0111\u1eb3ng c\u1ea5p.<\/span><\/em><\/span><\/strong><\/p>\n<p><span style=\"color: #000000; font-family: arial, helvetica, sans-serif;\"><span style=\"font-size: 14pt;\"><span style=\"font-family: arial, helvetica, sans-serif; font-size: 14pt;\">\u2665 <\/span>H\u00e3y c\u1eadp nh\u1eadt l\u1ecbch tr\u00ecnh v\u00e0 \u0111\u1eebng b\u1ecf l\u1ee1 c\u01a1 h\u1ed9i th\u01b0\u1edfng th\u1ee9c nh\u1eefng show di\u1ec5n tuy\u1ec7t v\u1eddi t\u1ea1i M\u00e2y Lang Thang \u0110\u00e0 L\u1ea1t b\u1ea1n nh\u00e9 !<\/span><\/span><\/p>\n<p><img loading=\"lazy\" decoding=\"async\" class=\"size-full wp-image-4218 aligncenter\" src=\"https:\/\/liveshowdalat.vn\/wp-content\/uploads\/2024\/05\/Lich-Dien-May-Lang-Thang-Ha-Noi.jpg\" alt=\"L\u1ecbch Di\u1ec5n M\u00e2y Lang Thang H\u00e0 N\u1ed9i th\u00e1ng 6\/2024\" width=\"1080\" height=\"1350\" srcset=\"https:\/\/liveshowdalat.vn\/wp-content\/uploads\/2024\/05\/Lich-Dien-May-Lang-Thang-Ha-Noi.jpg 1080w, https:\/\/liveshowdalat.vn\/wp-content\/uploads\/2024\/05\/Lich-Dien-May-Lang-Thang-Ha-Noi-240x300.jpg 240w, https:\/\/liveshowdalat.vn\/wp-content\/uploads\/2024\/05\/Lich-Dien-May-Lang-Thang-Ha-Noi-819x1024.jpg 819w, https:\/\/liveshowdalat.vn\/wp-content\/uploads\/2024\/05\/Lich-Dien-May-Lang-Thang-Ha-Noi-768x960.jpg 768w, https:\/\/liveshowdalat.vn\/wp-content\/uploads\/2024\/05\/Lich-Dien-May-Lang-Thang-Ha-Noi-600x750.jpg 600w\" sizes=\"(max-width: 1080px) 100vw, 1080px\" \/><\/p>\n<p><span style=\"font-size: 18pt;\"><strong><span style=\"font-family: 'book antiqua', palatino, serif;\"><span style=\"font-family: arial, helvetica, sans-serif; color: #003300;\"><span style=\"font-family: arial, helvetica, sans-serif;\">\u2665 <\/span>M\u00c2Y LANG THANG H\u00c0 N\u1ed8I <span style=\"color: #000000;\">\u0399 <\/span><\/span><\/span><em><span style=\"color: #000000;\">SOL 8 &#8211; LIVE STAGE (S\u1ed1 8, Ph\u1ed1 Nguy\u1ec5n C\u00f4ng Hoan, Gi\u1ea3ng V\u00f5, Ba \u0110\u00ecnh, H\u00e0 N\u1ed9i).<\/span><\/em><\/strong><\/span><\/p>\n<hr \/>\n<p><span style=\"color: #000000;\"><strong><span style=\"font-size: 14pt;\">\u2013 08.06: V\u0168 C\u00c1T T\u01af\u1edcNG<\/span><\/strong><\/span><\/p>\n<p><a href=\"https:\/\/maylangthangshow.com\/vu-cat-tuong-08-06.html\" rel=\"noopener\">https:\/\/maylangthangshow.com\/vu-cat-tuong-08-06.html<\/a><\/p>\n<p><span style=\"color: #000000;\"><strong><span style=\"font-size: 14pt;\">\u2013 15.06: QUANG H\u00c0 &#8211; KI\u1ec0U OANH &#8211; KM: L\u1ec6 TH\u00daY\u00a0<\/span><\/strong><\/span><\/p>\n<p><a href=\"https:\/\/maylangthangshow.com\/quang-ha-nguyen-kieu-oanh-15-06.html\" rel=\"noopener\">https:\/\/maylangthangshow.com\/quang-ha-nguyen-kieu-oanh-15-06.html<\/a><\/p>\n<p><span style=\"color: #000000;\"><strong><span style=\"font-size: 14pt;\">\u2013 23.06: CONCERT TOUR H\u00c0 NHI &#8211; KM: QU\u1ed0C THI\u00caN<\/span><\/strong><\/span><\/p>\n<p><a href=\"https:\/\/maylangthangshow.com\/concert-tour-she-in-shine-%ce%b9-ha-nhi-23-06.html\" rel=\"noopener\">https:\/\/maylangthangshow.com\/concert-tour-she-in-shine-%ce%b9-ha-nhi-23-06.html<\/a><\/p>\n<p><span style=\"color: #000000;\"><strong><span style=\"font-size: 14pt;\">\u2013 28.06: V\u0102N MAI H\u01af\u01a0NG<\/span><\/strong><\/span><\/p>\n<p><a href=\"https:\/\/maylangthangshow.com\/van-mai-huong-28-06.html\" rel=\"noopener\">https:\/\/maylangthangshow.com\/van-mai-huong-28-06.html<\/a><\/p>\n<p><span style=\"font-size: 14pt;\"><span style=\"font-size: 18pt; color: #003300;\"><b>Ch\u00ednh s\u00e1ch tr\u1ebb em b\u00ean M\u00e2y Lang Thang:<\/b><b><br \/>\n<\/b><\/span>\u2013 \u0110\u1ed1i v\u1edbi tr\u1ebb em d\u01b0\u1edbi 1m2 ph\u1ee5 thu 70% (30% ho\u00e0n t\u1ea1i qu\u1ea7y check-in).<\/span><br \/>\n<span style=\"font-size: 14pt;\">***<\/span><br \/>\n<span style=\"font-size: 14pt;\">\u2013 \u0110\u1ecba ch\u1ec9:\u00a0<strong>SOL 8 \u2013 LIVE STAGE \u2013 S\u1ed1 8, Ph\u1ed1 Nguy\u1ec5n C\u00f4ng Hoan, Qu\u1eadn Ba \u0110\u00ecnh, H\u00e0 N\u1ed9i.<\/strong><\/span><br \/>\n<span style=\"font-size: 14pt;\">\u2013 Qu\u00fd kh\u00e1ch vui l\u00f2ng xem k\u1ef9 s\u01a1 \u0111\u1ed3 m\u00f4 t\u1ea3 ch\u1ed7 ng\u1ed3i ngay b\u00ean d\u01b0\u1edbi v\u00e0 h\u00ecnh \u1ea3nh s\u00e2n kh\u1ea5u th\u1eadt \u0111\u1ec3 ch\u1ecdn gh\u1ebf ng\u1ed3i ph\u00f9 h\u1ee3p.<\/span><\/p>\n<p><img loading=\"lazy\" decoding=\"async\" class=\"size-full wp-image-3176 aligncenter\" src=\"https:\/\/liveshowdalat.vn\/wp-content\/uploads\/2024\/02\/so-do-moi-ha-noi.jpg\" alt=\"S\u01a1 \u0111\u1ed3 M\u00e2y H\u00e0 N\u1ed9i\" width=\"768\" height=\"655\" srcset=\"https:\/\/liveshowdalat.vn\/wp-content\/uploads\/2024\/02\/so-do-moi-ha-noi.jpg 768w, https:\/\/liveshowdalat.vn\/wp-content\/uploads\/2024\/02\/so-do-moi-ha-noi-300x256.jpg 300w, https:\/\/liveshowdalat.vn\/wp-content\/uploads\/2024\/02\/so-do-moi-ha-noi-600x512.jpg 600w\" sizes=\"(max-width: 768px) 100vw, 768px\" \/><\/p>\n<p><span style=\"font-size: 18pt; color: #003300;\"><b>L\u01afU \u00dd<\/b><\/span><\/p>\n<p><span style=\"font-size: 14pt;\">\u2013 BTC kh\u00f4ng h\u1ed7 tr\u1ee3 ho\u00e0n v\u00e9 d\u01b0\u1edbi m\u1ecdi h\u00ecnh th\u1ee9c<\/span><\/p>\n<p><span style=\"font-size: 14pt;\">\u2013 Vui l\u00f2ng kh\u00f4ng mang \u0111\u1ed3 \u0103n n\u01b0\u1edbc u\u1ed1ng b\u00ean ngo\u00e0i v\u00e0o khu v\u1ef1c bi\u1ec3u di\u1ec5n<\/span><\/p>\n<p><span style=\"font-size: 14pt;\">\u2013 Tr\u01b0\u1eddng h\u1ee3p h\u1ee7y v\u00e9 v\u00e0 b\u1ea3o l\u01b0u v\u00e9 c\u1ea7n th\u00f4ng b\u00e1o t\u1edbi BTC tr\u01b0\u1edbc 24 gi\u1edd, sau kho\u1ea3ng th\u1eddi gian tr\u00ean s\u1ebd kh\u00f4ng \u0111\u01b0\u1ee3c h\u1ed7 tr\u1ee3<\/span><\/p>\n<p><span style=\"font-size: 18pt; color: #003300;\"><b><i>B\u1ea1n l\u01b0u \u00fd th\u00f4ng tin b\u1ea3o l\u01b0u sau:<\/i><\/b><\/span><\/p>\n<p><span style=\"font-size: 14pt;\">\u2013 Th\u1eddi h\u1ea1n b\u1ea3o l\u01b0u l\u00e0 trong v\u00f2ng m\u1ed9t n\u0103m t\u00ednh theo ng\u00e0y x\u00e1c nh\u1eadn b\u1ea3o l\u01b0u.<\/span><\/p>\n<p><span style=\"font-size: 14pt;\">\u2013 B\u1ea3o l\u01b0u ch\u1ec9 c\u00f3 hi\u1ec7u l\u1ef1c c\u00f9ng khu v\u1ef1c \u0111\u00e3 \u0111\u1eb7t<\/span><\/p>\n<p><span style=\"font-size: 14pt;\">\u2013 M\u00e2y ch\u1ec9 h\u1ed7 tr\u1ee3 b\u1ea3o l\u01b0u c\u00f9ng h\u1ea1ng gi\u00e1, v\u1edbi gi\u00e1 v\u00e9 cao h\u01a1n (vui l\u00f2ng b\u00f9 ph\u1ea7n ch\u00eanh l\u1ec7ch gi\u00fap M\u00e2y).<\/span><\/p>\n<p><span style=\"font-size: 14pt;\">\u2013\u00a0 Trong tr\u01b0\u1eddng h\u1ee3p h\u1ea1ng v\u00e9 th\u1ea5p s\u1ed1 ti\u1ec1n \u0111\u00e3 b\u1ea3o l\u01b0u, M\u00e2y kh\u00f4ng h\u1ed7 tr\u1ee3 ho\u00e0n ti\u1ec1n.<\/span><\/p>\n<p><img loading=\"lazy\" decoding=\"async\" class=\"size-full wp-image-2684 aligncenter\" src=\"https:\/\/liveshowdalat.vn\/wp-content\/uploads\/2024\/01\/MAY-LANG-THANG-HA-NOI.jpg\" alt=\"m\u00e2y lang thang - h\u00e0 n\u1ed9i\" width=\"2000\" height=\"1600\" srcset=\"https:\/\/liveshowdalat.vn\/wp-content\/uploads\/2024\/01\/MAY-LANG-THANG-HA-NOI.jpg 2000w, https:\/\/liveshowdalat.vn\/wp-content\/uploads\/2024\/01\/MAY-LANG-THANG-HA-NOI-300x240.jpg 300w, https:\/\/liveshowdalat.vn\/wp-content\/uploads\/2024\/01\/MAY-LANG-THANG-HA-NOI-1024x819.jpg 1024w, https:\/\/liveshowdalat.vn\/wp-content\/uploads\/2024\/01\/MAY-LANG-THANG-HA-NOI-768x614.jpg 768w, https:\/\/liveshowdalat.vn\/wp-content\/uploads\/2024\/01\/MAY-LANG-THANG-HA-NOI-1536x1229.jpg 1536w, https:\/\/liveshowdalat.vn\/wp-content\/uploads\/2024\/01\/MAY-LANG-THANG-HA-NOI-600x480.jpg 600w\" sizes=\"(max-width: 2000px) 100vw, 2000px\" \/><\/p>\n<p><img loading=\"lazy\" decoding=\"async\" class=\"size-full wp-image-2685 aligncenter\" src=\"https:\/\/liveshowdalat.vn\/wp-content\/uploads\/2024\/01\/MAY-LANG-THANG-8.jpg\" alt=\"m\u00e2y lang thang - h\u00e0 n\u1ed9i\" width=\"2000\" height=\"1600\" srcset=\"https:\/\/liveshowdalat.vn\/wp-content\/uploads\/2024\/01\/MAY-LANG-THANG-8.jpg 2000w, https:\/\/liveshowdalat.vn\/wp-content\/uploads\/2024\/01\/MAY-LANG-THANG-8-300x240.jpg 300w, https:\/\/liveshowdalat.vn\/wp-content\/uploads\/2024\/01\/MAY-LANG-THANG-8-1024x819.jpg 1024w, https:\/\/liveshowdalat.vn\/wp-content\/uploads\/2024\/01\/MAY-LANG-THANG-8-768x614.jpg 768w, https:\/\/liveshowdalat.vn\/wp-content\/uploads\/2024\/01\/MAY-LANG-THANG-8-1536x1229.jpg 1536w, https:\/\/liveshowdalat.vn\/wp-content\/uploads\/2024\/01\/MAY-LANG-THANG-8-600x480.jpg 600w\" sizes=\"(max-width: 2000px) 100vw, 2000px\" \/><\/p>\n<p><img loading=\"lazy\" decoding=\"async\" class=\"size-full wp-image-2683 aligncenter\" src=\"https:\/\/liveshowdalat.vn\/wp-content\/uploads\/2024\/01\/MAY-LANG-THANG-HA-NOI-1.jpg\" alt=\"m\u00e2y lang thang - h\u00e0 n\u1ed9i\" width=\"2000\" height=\"1600\" srcset=\"https:\/\/liveshowdalat.vn\/wp-content\/uploads\/2024\/01\/MAY-LANG-THANG-HA-NOI-1.jpg 2000w, https:\/\/liveshowdalat.vn\/wp-content\/uploads\/2024\/01\/MAY-LANG-THANG-HA-NOI-1-300x240.jpg 300w, https:\/\/liveshowdalat.vn\/wp-content\/uploads\/2024\/01\/MAY-LANG-THANG-HA-NOI-1-1024x819.jpg 1024w, https:\/\/liveshowdalat.vn\/wp-content\/uploads\/2024\/01\/MAY-LANG-THANG-HA-NOI-1-768x614.jpg 768w, https:\/\/liveshowdalat.vn\/wp-content\/uploads\/2024\/01\/MAY-LANG-THANG-HA-NOI-1-1536x1229.jpg 1536w, https:\/\/liveshowdalat.vn\/wp-content\/uploads\/2024\/01\/MAY-LANG-THANG-HA-NOI-1-600x480.jpg 600w\" sizes=\"(max-width: 2000px) 100vw, 2000px\" \/><\/p>\n<h2 id=\"lien-he-book-ve\"><span style=\"color: #003300;\"><b>Li\u00ean H\u1ec7 Book V\u00e9\u00a0<\/b><\/span><\/h2>\n<p><span style=\"font-family: arial, helvetica, sans-serif;\"><span style=\"font-size: 14pt; color: #000000;\"><b>Hotline\/Zalo:\u00a0<\/b><\/span><strong><span style=\"font-size: 14pt;\">0988 249 297<\/span><\/strong><\/span><\/p>\n<p><span style=\"font-size: 14pt;\">Fanpage booking:\u00a0<a href=\"https:\/\/www.facebook.com\/liveshowdalat\/\" target=\"_blank\" rel=\"noopener\">M\u00e2y Lang Thang<\/a><\/span><\/p>\n<p><span style=\"font-size: 14pt;\">Xem th\u00eam b\u00e0i vi\u1ebft kh\u00e1c t\u1ea1i:\u00a0<a href=\"https:\/\/maylangthangshow.com\/\" rel=\"noopener\">Cloud Wandered Show\u00a0<\/a><\/span><\/p>","protected":false},"excerpt":{"rendered":"<p>Danh m\u1ee5c ch\u00ednh L\u1ecaCH DI\u1ec4N M\u00c2Y LANG THANG H\u00c0 N\u1ed8I Li\u00ean H\u1ec7 Book V\u00e9\u00a0 L\u1ecaCH DI\u1ec4N M\u00c2Y LANG THANG H\u00c0 N\u1ed8I L\u1ecaCH DI\u1ec4N M\u00c2Y LANG THANG TH\u00c1NG 6 Th\u00e1ng S\u00e1u v\u1ec1 mang theo nh\u1eefng c\u01a1n m\u01b0a \u0111\u1ea7u m\u00f9a gh\u00e9 th\u0103m, x\u00f3a tan \u0111i s\u1ef1 oi \u1ea3 c\u1ee7a nh\u1eefng ng\u00e0y h\u00e8 \u0111\u1ea7y n\u1eafng. Nh\u1edd \u0111\u00f3, m\u00e0 [&hellip;]<\/p>","protected":false},"featured_media":4218,"comment_status":"open","ping_status":"closed","template":"","meta":[],"product_cat":[31,2415],"product_tag":[],"_links":{"self":[{"href":"https:\/\/liveshowdalat.vn\/en\/wp-json\/wp\/v2\/product\/4360"}],"collection":[{"href":"https:\/\/liveshowdalat.vn\/en\/wp-json\/wp\/v2\/product"}],"about":[{"href":"https:\/\/liveshowdalat.vn\/en\/wp-json\/wp\/v2\/types\/product"}],"replies":[{"embeddable":true,"href":"https:\/\/liveshowdalat.vn\/en\/wp-json\/wp\/v2\/comments?post=4360"}],"wp:featuredmedia":[{"embeddable":true,"href":"https:\/\/liveshowdalat.vn\/en\/wp-json\/wp\/v2\/media\/4218"}],"wp:attachment":[{"href":"https:\/\/liveshowdalat.vn\/en\/wp-json\/wp\/v2\/media?parent=4360"}],"wp:term":[{"taxonomy":"product_cat","embeddable":true,"href":"https:\/\/liveshowdalat.vn\/en\/wp-json\/wp\/v2\/product_cat?post=4360"},{"taxonomy":"product_tag","embeddable":true,"href":"https:\/\/liveshowdalat.vn\/en\/wp-json\/wp\/v2\/product_tag?post=4360"}],"curies":[{"name":"wp","href":"https:\/\/api.w.org\/{rel}","templated":true}]}}