{"id":43270,"date":"2024-07-17T13:39:19","date_gmt":"2024-07-17T06:39:19","guid":{"rendered":"https:\/\/liveshowdalat.vn\/?post_type=product&#038;p=43270"},"modified":"2024-07-19T20:40:45","modified_gmt":"2024-07-19T13:40:45","slug":"myra-tran-vuong-anh-tu-16-08","status":"publish","type":"product","link":"https:\/\/liveshowdalat.vn\/en\/myra-tran-vuong-anh-tu-16-08.html","title":{"rendered":"MYRA TR\u1ea6N &#8211; V\u01af\u01a0NG ANH T\u00da 16.08"},"content":{"rendered":"<nav class=\"vietrick-auto-toc\">\n<div class=\"box-title\">\n<h3 class=\"toc-title\" id=\"select-menu\">Danh m\u1ee5c ch\u00ednh<\/h3>\n<div><ion-icon name=\"chevron-up-outline\"><\/ion-icon><\/div>\n<\/div>\n<ul class=\"toc-list\">\n<li><a href='https:\/\/liveshowdalat.vn\/en#myra-tran-vuong-anh-tu' class='heading-h2 toc-link smooth-scroll'>MYRA TR\u1ea6N &#8211; V\u01af\u01a0NG ANH T\u00da<\/a>\n<li><a href='https:\/\/liveshowdalat.vn\/en#lien-he-book-ve' class='heading-h2 toc-link smooth-scroll'>Li\u00ean H\u1ec7 Book V\u00e9\u00a0<\/a><\/ul>\n<\/ul>\n<\/li>\n<\/ul>\n<\/nav>\n<h2 style=\"text-align: center\" id=\"myra-tran-vuong-anh-tu\"><span style=\"color: #003300\"><strong><span style=\"font-size: 24pt\">MYRA TR\u1ea6N &#8211; V\u01af\u01a0NG ANH T\u00da<\/span><\/strong><\/span><\/h2>\n<p style=\"text-align: center\"><span style=\"color: #003366;font-size: 18pt\"><strong>THUNG L\u0168NG M\u00c2Y<\/strong><\/span><\/p>\n<p style=\"text-align: center\"><span style=\"font-family: 'courier new', courier, monospace\"><span style=\"font-size: 14pt\"><strong>16\/08\/2024<\/strong><\/span><\/span><\/p>\n<p style=\"text-align: center\"><span style=\"font-size: 14pt;font-family: 'courier new', courier, monospace\"><strong>SHOW TIME 17:00<\/strong><\/span><\/p>\n<p><img loading=\"lazy\" decoding=\"async\" class=\"size-full wp-image-43342 aligncenter\" src=\"https:\/\/liveshowdalat.vn\/wp-content\/uploads\/2024\/07\/Vuong-Anh-Tu-Myra-Tran-16.08.png\" alt=\"V\u01b0\u01a1ng Anh T\u00fa - Myra Tr\u1ea7n 16.08\" width=\"660\" height=\"343\" \/><\/p>\n<p><img loading=\"lazy\" decoding=\"async\" class=\"size-medium wp-image-43204 aligncenter\" src=\"https:\/\/liveshowdalat.vn\/wp-content\/uploads\/2024\/07\/May-Lang-Thang-Thang-8-Ha-Noi-1-819x1024.jpg\" alt=\"M\u00e2y Lang Thang - Th\u00e1ng 8 - \u0110\u00e0 L\u1ea1t\" width=\"819\" height=\"1024\" srcset=\"https:\/\/liveshowdalat.vn\/wp-content\/uploads\/2024\/07\/May-Lang-Thang-Thang-8-Ha-Noi-1-819x1024.jpg 819w, https:\/\/liveshowdalat.vn\/wp-content\/uploads\/2024\/07\/May-Lang-Thang-Thang-8-Ha-Noi-1-768x960.jpg 768w, https:\/\/liveshowdalat.vn\/wp-content\/uploads\/2024\/07\/May-Lang-Thang-Thang-8-Ha-Noi-1-1229x1536.jpg 1229w, https:\/\/liveshowdalat.vn\/wp-content\/uploads\/2024\/07\/May-Lang-Thang-Thang-8-Ha-Noi-1-600x750.jpg 600w, https:\/\/liveshowdalat.vn\/wp-content\/uploads\/2024\/07\/May-Lang-Thang-Thang-8-Ha-Noi-1.jpg 1638w\" sizes=\"(max-width: 819px) 100vw, 819px\" \/><\/p>\n<p><span style=\"font-size: 14pt\"><span style=\"color: #003300;font-size: 18pt\"><b>Ch\u00ednh s\u00e1ch tr\u1ebb em b\u00ean M\u00e2y Lang Thang:<\/b><b><br \/>\n<\/b><\/span><\/span><span style=\"font-size: 14pt\">\u2013 B\u00e9 d\u01b0\u1edbi 1m2 gi\u1ea3m 30% ( c\u00f3 gh\u1ebf ri\u00eang ), ho\u00e0n ti\u1ec1n tr\u1ef1c ti\u1ebfp t\u1ea1i show<\/span><br \/>\n<span style=\"font-size: 14pt\">\u2013 Tr\u00ean 1m2 v\u1eabn t\u00ednh v\u00e9 nh\u01b0 ng\u01b0\u1eddi l\u1edbn.<\/span><br \/>\n<span style=\"font-size: 14pt\">***<\/span><br \/>\n<span style=\"font-size: 14pt\">\u2013 \u0110\u1ecba ch\u1ec9: <strong>THUNG L\u0168NG M\u00c2Y, S\u1ed1 4 Tr\u1ea7n Quang Di\u1ec7u, Ph\u01b0\u1eddng 10, \u0110\u00e0 L\u1ea1t.<\/strong><\/span><br \/>\n<span style=\"font-size: 14pt\">\u2013 \u0110\u1ecba \u0111i\u1ec3m t\u1ed5 ch\u1ee9c c\u00e1ch trung t\u00e2m th\u00e0nh ph\u1ed1 12km, qu\u00fd kh\u00e1ch l\u01b0u \u00fd t\u1ed5 ch\u1ee9c \u0111\u1ecba \u0111i\u1ec3m \u0111\u1ec3 s\u1eafp x\u1ebfp th\u1eddi gian v\u00e0 ph\u01b0\u01a1ng ti\u1ec7n di chuy\u1ec3n ph\u00f9 h\u1ee3p.<\/span><\/p>\n<p><img loading=\"lazy\" decoding=\"async\" class=\"aligncenter wp-image-3332 size-full\" src=\"https:\/\/liveshowdalat.vn\/wp-content\/uploads\/2024\/01\/THUNG-LUNG-MAY-1.jpg\" alt=\"THUNG L\u0168NG M\u00c2Y\" width=\"768\" height=\"730\" srcset=\"https:\/\/liveshowdalat.vn\/wp-content\/uploads\/2024\/01\/THUNG-LUNG-MAY-1.jpg 768w, https:\/\/liveshowdalat.vn\/wp-content\/uploads\/2024\/01\/THUNG-LUNG-MAY-1-300x285.jpg 300w, https:\/\/liveshowdalat.vn\/wp-content\/uploads\/2024\/01\/THUNG-LUNG-MAY-1-600x570.jpg 600w\" sizes=\"(max-width: 768px) 100vw, 768px\" \/><\/p>\n<p><span style=\"font-size: 18pt;color: #003300\"><b>L\u01afU \u00dd<\/b><\/span><\/p>\n<p><span style=\"font-size: 14pt\">\u2013 BTC kh\u00f4ng h\u1ed7 tr\u1ee3 ho\u00e0n v\u00e9 d\u01b0\u1edbi m\u1ecdi h\u00ecnh th\u1ee9c<\/span><\/p>\n<p><span style=\"font-size: 14pt\">\u2013 Vui l\u00f2ng kh\u00f4ng mang \u0111\u1ed3 \u0103n n\u01b0\u1edbc u\u1ed1ng b\u00ean ngo\u00e0i v\u00e0o khu v\u1ef1c bi\u1ec3u di\u1ec5n<\/span><\/p>\n<p><span style=\"font-size: 14pt\">\u2013 Tr\u01b0\u1eddng h\u1ee3p h\u1ee7y v\u00e9 v\u00e0 b\u1ea3o l\u01b0u v\u00e9 c\u1ea7n th\u00f4ng b\u00e1o t\u1edbi BTC tr\u01b0\u1edbc 24 gi\u1edd, sau kho\u1ea3ng th\u1eddi gian tr\u00ean s\u1ebd kh\u00f4ng \u0111\u01b0\u1ee3c h\u1ed7 tr\u1ee3<\/span><\/p>\n<p><span style=\"font-size: 18pt;color: #003300\"><b><i>B\u1ea1n l\u01b0u \u00fd th\u00f4ng tin b\u1ea3o l\u01b0u sau:<\/i><\/b><\/span><\/p>\n<p><span style=\"font-size: 14pt\">\u2013 Th\u1eddi h\u1ea1n b\u1ea3o l\u01b0u l\u00e0 trong v\u00f2ng m\u1ed9t n\u0103m t\u00ednh theo ng\u00e0y x\u00e1c nh\u1eadn b\u1ea3o l\u01b0u.<\/span><\/p>\n<p><span style=\"font-size: 14pt\">\u2013 B\u1ea3o l\u01b0u ch\u1ec9 c\u00f3 hi\u1ec7u l\u1ef1c c\u00f9ng khu v\u1ef1c \u0111\u00e3 \u0111\u1eb7t<\/span><\/p>\n<p><span style=\"font-size: 14pt\">\u2013 M\u00e2y ch\u1ec9 h\u1ed7 tr\u1ee3 b\u1ea3o l\u01b0u c\u00f9ng h\u1ea1ng gi\u00e1, v\u1edbi gi\u00e1 v\u00e9 cao h\u01a1n (vui l\u00f2ng b\u00f9 ph\u1ea7n ch\u00eanh l\u1ec7ch gi\u00fap M\u00e2y).<\/span><\/p>\n<p><span style=\"font-size: 14pt\">\u2013 Trong tr\u01b0\u1eddng h\u1ee3p h\u1ea1ng v\u00e9 th\u1ea5p s\u1ed1 ti\u1ec1n \u0111\u00e3 b\u1ea3o l\u01b0u, M\u00e2y kh\u00f4ng h\u1ed7 tr\u1ee3 ho\u00e0n ti\u1ec1n.<\/span><\/p>\n<p><img loading=\"lazy\" decoding=\"async\" class=\"size-medium wp-image-43271 aligncenter\" src=\"https:\/\/liveshowdalat.vn\/wp-content\/uploads\/2024\/07\/San-Khau-Thung-Lung-May-Da-Lat-2-1024x683.jpg\" alt=\"\" width=\"1024\" height=\"683\" srcset=\"https:\/\/liveshowdalat.vn\/wp-content\/uploads\/2024\/07\/San-Khau-Thung-Lung-May-Da-Lat-2-1024x683.jpg 1024w, https:\/\/liveshowdalat.vn\/wp-content\/uploads\/2024\/07\/San-Khau-Thung-Lung-May-Da-Lat-2-768x512.jpg 768w, https:\/\/liveshowdalat.vn\/wp-content\/uploads\/2024\/07\/San-Khau-Thung-Lung-May-Da-Lat-2-1536x1024.jpg 1536w, https:\/\/liveshowdalat.vn\/wp-content\/uploads\/2024\/07\/San-Khau-Thung-Lung-May-Da-Lat-2-600x400.jpg 600w, https:\/\/liveshowdalat.vn\/wp-content\/uploads\/2024\/07\/San-Khau-Thung-Lung-May-Da-Lat-2.jpg 1800w\" sizes=\"(max-width: 1024px) 100vw, 1024px\" \/> <img loading=\"lazy\" decoding=\"async\" class=\"size-medium wp-image-43272 aligncenter\" src=\"https:\/\/liveshowdalat.vn\/wp-content\/uploads\/2024\/07\/San-Khau-Thung-Lung-May-Da-Lat-1-1024x683.jpg\" alt=\"\" width=\"1024\" height=\"683\" srcset=\"https:\/\/liveshowdalat.vn\/wp-content\/uploads\/2024\/07\/San-Khau-Thung-Lung-May-Da-Lat-1-1024x683.jpg 1024w, https:\/\/liveshowdalat.vn\/wp-content\/uploads\/2024\/07\/San-Khau-Thung-Lung-May-Da-Lat-1-768x512.jpg 768w, https:\/\/liveshowdalat.vn\/wp-content\/uploads\/2024\/07\/San-Khau-Thung-Lung-May-Da-Lat-1-1536x1024.jpg 1536w, https:\/\/liveshowdalat.vn\/wp-content\/uploads\/2024\/07\/San-Khau-Thung-Lung-May-Da-Lat-1-600x400.jpg 600w, https:\/\/liveshowdalat.vn\/wp-content\/uploads\/2024\/07\/San-Khau-Thung-Lung-May-Da-Lat-1.jpg 1800w\" sizes=\"(max-width: 1024px) 100vw, 1024px\" \/> <img loading=\"lazy\" decoding=\"async\" class=\"size-medium wp-image-43273 aligncenter\" src=\"https:\/\/liveshowdalat.vn\/wp-content\/uploads\/2024\/07\/San-Khau-Thung-Lung-May-Da-Lat-1024x683.jpg\" alt=\"\" width=\"1024\" height=\"683\" srcset=\"https:\/\/liveshowdalat.vn\/wp-content\/uploads\/2024\/07\/San-Khau-Thung-Lung-May-Da-Lat-1024x683.jpg 1024w, https:\/\/liveshowdalat.vn\/wp-content\/uploads\/2024\/07\/San-Khau-Thung-Lung-May-Da-Lat-768x512.jpg 768w, https:\/\/liveshowdalat.vn\/wp-content\/uploads\/2024\/07\/San-Khau-Thung-Lung-May-Da-Lat-1536x1024.jpg 1536w, https:\/\/liveshowdalat.vn\/wp-content\/uploads\/2024\/07\/San-Khau-Thung-Lung-May-Da-Lat-600x400.jpg 600w, https:\/\/liveshowdalat.vn\/wp-content\/uploads\/2024\/07\/San-Khau-Thung-Lung-May-Da-Lat.jpg 1800w\" sizes=\"(max-width: 1024px) 100vw, 1024px\" \/><\/p>\n<h2 id=\"lien-he-book-ve\"><span style=\"color: #003300\"><b>Li\u00ean H\u1ec7 Book V\u00e9\u00a0<\/b><\/span><\/h2>\n<p><span style=\"font-size: 14pt;color: #000000\"><b>Hotline\/Zalo:\u00a0<\/b><\/span><span style=\"font-size: 14pt\"><strong>0988 249 297<\/strong><\/span><\/p>\n<p><span style=\"font-size: 14pt\">Fanpage booking:\u00a0<a href=\"https:\/\/www.facebook.com\/liveshowdalat\/\" target=\"_blank\" rel=\"noopener\">M\u00e2y Lang Thang<\/a><\/span><\/p>\n<p><span style=\"font-size: 14pt\">Xem th\u00eam b\u00e0i vi\u1ebft kh\u00e1c t\u1ea1i:\u00a0<a href=\"https:\/\/maylangthangshow.com\/\" rel=\"noopener\">Cloud Wandered Show\u00a0<\/a><\/span><\/p>","protected":false},"excerpt":{"rendered":"<p>Danh m\u1ee5c ch\u00ednh MYRA TR\u1ea6N &#8211; V\u01af\u01a0NG ANH T\u00da Li\u00ean H\u1ec7 Book V\u00e9\u00a0 MYRA TR\u1ea6N &#8211; V\u01af\u01a0NG ANH T\u00da THUNG L\u0168NG M\u00c2Y 16\/08\/2024 SHOW TIME 17:00 Ch\u00ednh s\u00e1ch tr\u1ebb em b\u00ean M\u00e2y Lang Thang: \u2013 B\u00e9 d\u01b0\u1edbi 1m2 gi\u1ea3m 30% ( c\u00f3 gh\u1ebf ri\u00eang ), ho\u00e0n ti\u1ec1n tr\u1ef1c ti\u1ebfp t\u1ea1i show \u2013 Tr\u00ean 1m2 v\u1eabn [&hellip;]<\/p>","protected":false},"featured_media":43204,"comment_status":"open","ping_status":"closed","template":"","meta":[],"product_cat":[2570,2410,31,49],"product_tag":[2580,2588,2590,2589],"_links":{"self":[{"href":"https:\/\/liveshowdalat.vn\/en\/wp-json\/wp\/v2\/product\/43270"}],"collection":[{"href":"https:\/\/liveshowdalat.vn\/en\/wp-json\/wp\/v2\/product"}],"about":[{"href":"https:\/\/liveshowdalat.vn\/en\/wp-json\/wp\/v2\/types\/product"}],"replies":[{"embeddable":true,"href":"https:\/\/liveshowdalat.vn\/en\/wp-json\/wp\/v2\/comments?post=43270"}],"wp:featuredmedia":[{"embeddable":true,"href":"https:\/\/liveshowdalat.vn\/en\/wp-json\/wp\/v2\/media\/43204"}],"wp:attachment":[{"href":"https:\/\/liveshowdalat.vn\/en\/wp-json\/wp\/v2\/media?parent=43270"}],"wp:term":[{"taxonomy":"product_cat","embeddable":true,"href":"https:\/\/liveshowdalat.vn\/en\/wp-json\/wp\/v2\/product_cat?post=43270"},{"taxonomy":"product_tag","embeddable":true,"href":"https:\/\/liveshowdalat.vn\/en\/wp-json\/wp\/v2\/product_tag?post=43270"}],"curies":[{"name":"wp","href":"https:\/\/api.w.org\/{rel}","templated":true}]}}