{"id":4306,"date":"2024-05-21T17:22:24","date_gmt":"2024-05-21T10:22:24","guid":{"rendered":"https:\/\/maylangthangshow.com\/?p=4306"},"modified":"2024-07-15T12:15:30","modified_gmt":"2024-07-15T05:15:30","slug":"concert-tour-she-in-shine-%ce%b9-ha-nhi-23-06","status":"publish","type":"product","link":"https:\/\/liveshowdalat.vn\/en\/concert-tour-she-in-shine-%ce%b9-ha-nhi-23-06.html","title":{"rendered":"CONCERT TOUR SHE IN SHINE  \u0399 H\u00c0 NHI 23.06"},"content":{"rendered":"<nav class=\"vietrick-auto-toc\">\n<div class=\"box-title\">\n<h3 class=\"toc-title\" id=\"select-menu\">Danh m\u1ee5c ch\u00ednh<\/h3>\n<div><ion-icon name=\"chevron-up-outline\"><\/ion-icon><\/div>\n<\/div>\n<ul class=\"toc-list\">\n<li><a href='https:\/\/liveshowdalat.vn\/en#concert-tour-she-in-shine' class='heading-h2 toc-link smooth-scroll'>CONCERT TOUR SHE IN SHINE<\/a>\n<li><a href='https:\/\/liveshowdalat.vn\/en#lien-he-book-ve' class='heading-h2 toc-link smooth-scroll'>Li\u00ean H\u1ec7 Book V\u00e9\u00a0<\/a><\/ul>\n<\/ul>\n<\/li>\n<\/ul>\n<\/nav>\n<h2 style=\"text-align: center;\" id=\"concert-tour-she-in-shine\"><span style=\"font-size: 24pt; color: #993300;\"><strong>CONCERT TOUR SHE IN SHINE<\/strong><\/span><\/h2>\n<p style=\"text-align: center;\"><span style=\"font-size: 24pt; color: #003300;\"><strong>H\u00c0 NHI<\/strong> <\/span><\/p>\n<p><img loading=\"lazy\" decoding=\"async\" class=\"size-full wp-image-4308 aligncenter\" src=\"https:\/\/liveshowdalat.vn\/wp-content\/uploads\/2024\/05\/Screenshot-2024-05-21-170823-1.png\" alt=\"Concert Tour She In Shine\" width=\"603\" height=\"620\" \/><\/p>\n<p><img loading=\"lazy\" decoding=\"async\" class=\"aligncenter wp-image-4263 size-large\" src=\"https:\/\/liveshowdalat.vn\/wp-content\/uploads\/2024\/05\/May-Lang-Thang-8-1-819x1024.jpg\" alt=\"Concert Tour She In Shine\" width=\"819\" height=\"1024\" srcset=\"https:\/\/liveshowdalat.vn\/wp-content\/uploads\/2024\/05\/May-Lang-Thang-8-1-819x1024.jpg 819w, https:\/\/liveshowdalat.vn\/wp-content\/uploads\/2024\/05\/May-Lang-Thang-8-1-240x300.jpg 240w, https:\/\/liveshowdalat.vn\/wp-content\/uploads\/2024\/05\/May-Lang-Thang-8-1-768x960.jpg 768w, https:\/\/liveshowdalat.vn\/wp-content\/uploads\/2024\/05\/May-Lang-Thang-8-1-600x750.jpg 600w, https:\/\/liveshowdalat.vn\/wp-content\/uploads\/2024\/05\/May-Lang-Thang-8-1.jpg 1080w\" sizes=\"(max-width: 819px) 100vw, 819px\" \/><\/p>\n<p style=\"text-align: left;\"><b style=\"color: #003300; font-size: 18pt;\">Ch\u00ednh s\u00e1ch tr\u1ebb em b\u00ean M\u00e2y Lang Thang:<\/b><\/p>\n<p style=\"text-align: left;\"><span style=\"font-size: 14pt;\">\u2013 B\u00e9 d\u01b0\u1edbi 1m2 gi\u1ea3m 30% ( c\u00f3 gh\u1ebf ri\u00eang ), ho\u00e0n ti\u1ec1n tr\u1ef1c ti\u1ebfp t\u1ea1i show<\/span><br \/>\n<span style=\"font-size: 14pt;\">\u2013 Tr\u00ean 1m2 v\u1eabn t\u00ednh v\u00e9 nh\u01b0 ng\u01b0\u1eddi l\u1edbn.<\/span><\/p>\n<p style=\"text-align: left;\"><span style=\"font-size: 14pt;\">***<\/span><br \/>\n<span style=\"font-size: 14pt;\">\u2013 \u0110\u1ecba ch\u1ec9: <strong>CUNG H\u1eeeU NGH\u1eca VI\u1ec6T X\u00d4 &#8211; 91,Tr\u1ea7n H\u01b0ng \u0110\u1ea1o, Ho\u00e0n Ki\u1ebfm, H\u00e0 N\u1ed9i.<\/strong><\/span><br \/>\n<span style=\"font-size: 14pt;\">\u2013 Qu\u00fd kh\u00e1ch l\u01b0u \u00fd \u0111\u1ecba \u0111i\u1ec3m t\u1ed5 ch\u1ee9c \u0111\u1ec3 s\u1eafp x\u1ebfp th\u1eddi gian v\u00e0 ph\u01b0\u01a1ng ti\u1ec7n di chuy\u1ec3n ph\u00f9 h\u1ee3p.<\/span><img loading=\"lazy\" decoding=\"async\" class=\"size-full wp-image-4300 aligncenter\" src=\"https:\/\/liveshowdalat.vn\/wp-content\/uploads\/2024\/05\/May-Lang-Thang-1-4.jpg\" alt=\"Concert Tour She In Shine - M\u00e2y Lang Thang\" width=\"1638\" height=\"1638\" srcset=\"https:\/\/liveshowdalat.vn\/wp-content\/uploads\/2024\/05\/May-Lang-Thang-1-4.jpg 1638w, https:\/\/liveshowdalat.vn\/wp-content\/uploads\/2024\/05\/May-Lang-Thang-1-4-300x300.jpg 300w, https:\/\/liveshowdalat.vn\/wp-content\/uploads\/2024\/05\/May-Lang-Thang-1-4-1024x1024.jpg 1024w, https:\/\/liveshowdalat.vn\/wp-content\/uploads\/2024\/05\/May-Lang-Thang-1-4-150x150.jpg 150w, https:\/\/liveshowdalat.vn\/wp-content\/uploads\/2024\/05\/May-Lang-Thang-1-4-768x768.jpg 768w, https:\/\/liveshowdalat.vn\/wp-content\/uploads\/2024\/05\/May-Lang-Thang-1-4-1536x1536.jpg 1536w, https:\/\/liveshowdalat.vn\/wp-content\/uploads\/2024\/05\/May-Lang-Thang-1-4-600x600.jpg 600w, https:\/\/liveshowdalat.vn\/wp-content\/uploads\/2024\/05\/May-Lang-Thang-1-4-100x100.jpg 100w\" sizes=\"(max-width: 1638px) 100vw, 1638px\" \/><b><\/b><span style=\"font-size: 18pt; color: #003300;\"><b>L\u01afU \u00dd<\/b><\/span><\/p>\n<p style=\"text-align: left;\"><span style=\"font-size: 14pt;\">\u2013 BTC kh\u00f4ng h\u1ed7 tr\u1ee3 ho\u00e0n v\u00e9 d\u01b0\u1edbi m\u1ecdi h\u00ecnh th\u1ee9c<\/span><\/p>\n<p style=\"text-align: left;\"><span style=\"font-size: 14pt;\">\u2013 Vui l\u00f2ng kh\u00f4ng mang \u0111\u1ed3 \u0103n n\u01b0\u1edbc u\u1ed1ng b\u00ean ngo\u00e0i v\u00e0o khu v\u1ef1c bi\u1ec3u di\u1ec5n<\/span><\/p>\n<p style=\"text-align: left;\"><span style=\"font-size: 14pt;\">\u2013 Tr\u01b0\u1eddng h\u1ee3p h\u1ee7y v\u00e9 v\u00e0 b\u1ea3o l\u01b0u v\u00e9 c\u1ea7n th\u00f4ng b\u00e1o t\u1edbi BTC tr\u01b0\u1edbc 24 gi\u1edd, sau kho\u1ea3ng th\u1eddi gian tr\u00ean s\u1ebd kh\u00f4ng \u0111\u01b0\u1ee3c h\u1ed7 tr\u1ee3<\/span><\/p>\n<p style=\"text-align: left;\"><span style=\"font-size: 18pt; color: #003300;\"><b><i>B\u1ea1n l\u01b0u \u00fd th\u00f4ng tin b\u1ea3o l\u01b0u sau:<\/i><\/b><\/span><\/p>\n<p style=\"text-align: left;\"><span style=\"font-size: 14pt;\">\u2013 Th\u1eddi h\u1ea1n b\u1ea3o l\u01b0u l\u00e0 trong v\u00f2ng m\u1ed9t n\u0103m t\u00ednh theo ng\u00e0y x\u00e1c nh\u1eadn b\u1ea3o l\u01b0u.<\/span><\/p>\n<p style=\"text-align: left;\"><span style=\"font-size: 14pt;\">\u2013 B\u1ea3o l\u01b0u ch\u1ec9 c\u00f3 hi\u1ec7u l\u1ef1c c\u00f9ng khu v\u1ef1c \u0111\u00e3 \u0111\u1eb7t<\/span><\/p>\n<p style=\"text-align: left;\"><span style=\"font-size: 14pt;\">\u2013 M\u00e2y ch\u1ec9 h\u1ed7 tr\u1ee3 b\u1ea3o l\u01b0u c\u00f9ng h\u1ea1ng gi\u00e1, v\u1edbi gi\u00e1 v\u00e9 cao h\u01a1n (vui l\u00f2ng b\u00f9 ph\u1ea7n ch\u00eanh l\u1ec7ch gi\u00fap M\u00e2y).<\/span><\/p>\n<p style=\"text-align: left;\"><span style=\"font-size: 14pt;\">\u2013 Trong tr\u01b0\u1eddng h\u1ee3p h\u1ea1ng v\u00e9 th\u1ea5p s\u1ed1 ti\u1ec1n \u0111\u00e3 b\u1ea3o l\u01b0u, M\u00e2y kh\u00f4ng h\u1ed7 tr\u1ee3 ho\u00e0n ti\u1ec1n.<\/span><img loading=\"lazy\" decoding=\"async\" class=\"size-full wp-image-4300 aligncenter\" src=\"https:\/\/liveshowdalat.vn\/wp-content\/uploads\/2024\/05\/May-Lang-Thang-1-4.jpg\" alt=\"Concert Tour She In Shine - M\u00e2y Lang Thang\" width=\"1638\" height=\"1638\" srcset=\"https:\/\/liveshowdalat.vn\/wp-content\/uploads\/2024\/05\/May-Lang-Thang-1-4.jpg 1638w, https:\/\/liveshowdalat.vn\/wp-content\/uploads\/2024\/05\/May-Lang-Thang-1-4-300x300.jpg 300w, https:\/\/liveshowdalat.vn\/wp-content\/uploads\/2024\/05\/May-Lang-Thang-1-4-1024x1024.jpg 1024w, https:\/\/liveshowdalat.vn\/wp-content\/uploads\/2024\/05\/May-Lang-Thang-1-4-150x150.jpg 150w, https:\/\/liveshowdalat.vn\/wp-content\/uploads\/2024\/05\/May-Lang-Thang-1-4-768x768.jpg 768w, https:\/\/liveshowdalat.vn\/wp-content\/uploads\/2024\/05\/May-Lang-Thang-1-4-1536x1536.jpg 1536w, https:\/\/liveshowdalat.vn\/wp-content\/uploads\/2024\/05\/May-Lang-Thang-1-4-600x600.jpg 600w, https:\/\/liveshowdalat.vn\/wp-content\/uploads\/2024\/05\/May-Lang-Thang-1-4-100x100.jpg 100w\" sizes=\"(max-width: 1638px) 100vw, 1638px\" \/><\/p>\n<h2 style=\"text-align: left;\" id=\"lien-he-book-ve\"><span style=\"color: #003300;\"><b>Li\u00ean H\u1ec7 Book V\u00e9\u00a0<\/b><\/span><\/h2>\n<p style=\"text-align: left;\"><span style=\"font-family: arial, helvetica, sans-serif;\"><span style=\"font-size: 14pt; color: #000000;\"><b>Hotline\/Zalo:\u00a0<\/b><\/span><strong><span style=\"font-size: 14pt;\">0988 249 297<\/span><\/strong><\/span><\/p>\n<p style=\"text-align: left;\"><span style=\"font-size: 14pt;\">Fanpage booking:\u00a0<a href=\"https:\/\/www.facebook.com\/liveshowdalat\/\" target=\"_blank\" rel=\"noopener\">M\u00e2y Lang Thang<\/a><\/span><\/p>\n<p style=\"text-align: left;\"><span style=\"font-size: 14pt;\">Xem th\u00eam b\u00e0i vi\u1ebft kh\u00e1c t\u1ea1i:\u00a0<a href=\"https:\/\/maylangthangshow.com\/\" rel=\"noopener\">Cloud Wandered Show\u00a0<\/a><\/span><\/p>\n<p>&nbsp;<\/p>\n<p>&nbsp;<\/p>","protected":false},"excerpt":{"rendered":"<p>Danh m\u1ee5c ch\u00ednh CONCERT TOUR SHE IN SHINE Li\u00ean H\u1ec7 Book V\u00e9\u00a0 CONCERT TOUR SHE IN SHINE H\u00c0 NHI Ch\u00ednh s\u00e1ch tr\u1ebb em b\u00ean M\u00e2y Lang Thang: \u2013 B\u00e9 d\u01b0\u1edbi 1m2 gi\u1ea3m 30% ( c\u00f3 gh\u1ebf ri\u00eang ), ho\u00e0n ti\u1ec1n tr\u1ef1c ti\u1ebfp t\u1ea1i show \u2013 Tr\u00ean 1m2 v\u1eabn t\u00ednh v\u00e9 nh\u01b0 ng\u01b0\u1eddi l\u1edbn. *** \u2013 [&hellip;]<\/p>","protected":false},"featured_media":4263,"comment_status":"open","ping_status":"closed","template":"","meta":[],"product_cat":[31,2415],"product_tag":[],"_links":{"self":[{"href":"https:\/\/liveshowdalat.vn\/en\/wp-json\/wp\/v2\/product\/4306"}],"collection":[{"href":"https:\/\/liveshowdalat.vn\/en\/wp-json\/wp\/v2\/product"}],"about":[{"href":"https:\/\/liveshowdalat.vn\/en\/wp-json\/wp\/v2\/types\/product"}],"replies":[{"embeddable":true,"href":"https:\/\/liveshowdalat.vn\/en\/wp-json\/wp\/v2\/comments?post=4306"}],"wp:featuredmedia":[{"embeddable":true,"href":"https:\/\/liveshowdalat.vn\/en\/wp-json\/wp\/v2\/media\/4263"}],"wp:attachment":[{"href":"https:\/\/liveshowdalat.vn\/en\/wp-json\/wp\/v2\/media?parent=4306"}],"wp:term":[{"taxonomy":"product_cat","embeddable":true,"href":"https:\/\/liveshowdalat.vn\/en\/wp-json\/wp\/v2\/product_cat?post=4306"},{"taxonomy":"product_tag","embeddable":true,"href":"https:\/\/liveshowdalat.vn\/en\/wp-json\/wp\/v2\/product_tag?post=4306"}],"curies":[{"name":"wp","href":"https:\/\/api.w.org\/{rel}","templated":true}]}}