{"id":427,"date":"2023-03-22T09:33:37","date_gmt":"2023-03-22T02:33:37","guid":{"rendered":"https:\/\/lululolashow.com\/?p=427"},"modified":"2024-11-09T10:19:42","modified_gmt":"2024-11-09T03:19:42","slug":"lich-dien-thang-04-2023-tai-lululola-da-lat","status":"publish","type":"product","link":"https:\/\/liveshowdalat.vn\/en\/lich-dien-thang-04-2023-tai-lululola-da-lat.html","title":{"rendered":"L\u1ecbch Di\u1ec5n Th\u00e1ng 04\/2023 T\u1ea1i Lululola \u0110\u00e0 L\u1ea1t"},"content":{"rendered":"<nav class=\"vietrick-auto-toc\">\n<div class=\"box-title\">\n<h3 class=\"toc-title\" id=\"select-menu\">Danh m\u1ee5c ch\u00ednh<\/h3>\n<div><ion-icon name=\"chevron-up-outline\"><\/ion-icon><\/div>\n<\/div>\n<ul class=\"toc-list\">\n<li><a href='https:\/\/liveshowdalat.vn\/en#lich-dien-thang-04-2023-tai-lululola-da-lat' class='heading-h2 toc-link smooth-scroll'>L\u1ecbch Di\u1ec5n Th\u00e1ng 04\/2023 T\u1ea1i Lululola \u0110\u00e0 L\u1ea1t<\/a>\n<li><a href='https:\/\/liveshowdalat.vn\/en#lien-he-book-ve' class='heading-h2 toc-link smooth-scroll'>Li\u00ean H\u1ec7 Book V\u00e9\u00a0<\/a><\/ul>\n<\/ul>\n<\/li>\n<\/ul>\n<\/nav>\n<h2 style=\"text-align: center;\" id=\"lich-dien-thang-04-2023-tai-lululola-da-lat\"><span style=\"color: #003300;\">L\u1ecbch Di\u1ec5n Th\u00e1ng 04\/2023 T\u1ea1i Lululola \u0110\u00e0 L\u1ea1t<\/span><\/h2>\n<div class=\"x11i5rnm xat24cr x1mh8g0r x1vvkbs xdj266r x126k92a\">\n<div dir=\"auto\"><span class=\"x3nfvp2 x1j61x8r x1fcty0u xdj266r xhhsvwb xat24cr xgzva0m xxymvpz xlup9mm x1kky2od\"><img loading=\"lazy\" decoding=\"async\" src=\"https:\/\/static.xx.fbcdn.net\/images\/emoji.php\/v9\/t82\/1.5\/16\/1f397.png\" alt=\"\ud83c\udf97\" width=\"16\" height=\"16\" \/><\/span><span class=\"x3nfvp2 x1j61x8r x1fcty0u xdj266r xhhsvwb xat24cr xgzva0m xxymvpz xlup9mm x1kky2od\"><img loading=\"lazy\" decoding=\"async\" src=\"https:\/\/static.xx.fbcdn.net\/images\/emoji.php\/v9\/t82\/1.5\/16\/1f397.png\" alt=\"\ud83c\udf97\" width=\"16\" height=\"16\" \/><\/span>\u00a0Lululola Show \u0110\u00e0 L\u1ea1t \u2013 H\u01a1n c\u1ea3 \u00e2m nh\u1ea1c, kh\u00f4ng gian c\u1ef1c chill s\u1ebd gi\u00fap b\u1ea1n th\u0103ng hoa khi th\u01b0\u1edfng th\u1ee9c \u0111\u00eam nh\u1ea1c t\u1ea1i Lululola<\/div>\n<\/div>\n<div class=\"x11i5rnm xat24cr x1mh8g0r x1vvkbs xtlvy1s x126k92a\">\n<div dir=\"auto\"><span class=\"x3nfvp2 x1j61x8r x1fcty0u xdj266r xhhsvwb xat24cr xgzva0m xxymvpz xlup9mm x1kky2od\"><img loading=\"lazy\" decoding=\"async\" src=\"https:\/\/static.xx.fbcdn.net\/images\/emoji.php\/v9\/t7b\/1.5\/16\/2728.png\" alt=\"\u2728\" width=\"16\" height=\"16\" \/><\/span><span class=\"x3nfvp2 x1j61x8r x1fcty0u xdj266r xhhsvwb xat24cr xgzva0m xxymvpz xlup9mm x1kky2od\"><img loading=\"lazy\" decoding=\"async\" src=\"https:\/\/static.xx.fbcdn.net\/images\/emoji.php\/v9\/t7b\/1.5\/16\/2728.png\" alt=\"\u2728\" width=\"16\" height=\"16\" \/><\/span>\u00a0Ngo\u00e0i nh\u1eefng show nh\u1ea1c h\u00e0ng \u0111\u00eam, Lululola c\u00f2n l\u00e0 \u0111\u1ecba \u0111i\u1ec3m check-in v\u1edbi nh\u1eefng g\u00f3c \u201cs\u1ed1ng \u1ea3o\u201d si\u00eau hot t\u1ea1i \u0110\u00e0 L\u1ea1t, ph\u1ee5c v\u1ee5 \u0111\u1ed3 \u0103n u\u1ed1ng, L\u1ea9u v\u00e0 N\u01b0\u1edbng ngo\u00e0i tr\u1eddi hay nh\u1eefng bu\u1ed5i ti\u1ec7c \u1ea5m c\u00fang mang \u0111\u1eadm ch\u1ea5t \u0110\u00e0 L\u1ea1t v\u1edbi view nh\u00ecn ra thung l\u0169ng th\u00e0nh ph\u1ed1 v\u1ec1 \u0111\u00eam si\u00eau l\u00e3ng m\u1ea1n.<\/div>\n<p dir=\"auto\"><span style=\"color: #003300;\"><strong>\u0110\u1ecba ch\u1ec9: \u0110\u1ea7u \u0111\u00e8o Prenn, \u0110\u01b0\u1eddng 3\/4, Ph\u01b0\u1eddng 3, Th\u00e0nh ph\u1ed1 \u0110\u00e0 L\u1ea1t, L\u00e2m \u0110\u1ed3ng, Vi\u1ec7t Nam<\/strong><\/span><\/p>\n<p dir=\"auto\"><img loading=\"lazy\" decoding=\"async\" class=\"alignnone size-full wp-image-430\" src=\"https:\/\/lululolashow.com\/wp-content\/uploads\/2023\/03\/z4201577124776_7235208c26f2e19f767a32d49e32368f.jpg\" alt=\"L\u1ecbch di\u1ec5n th\u00e1ng 4 Lululola\" width=\"1448\" height=\"2048\" \/><\/p>\n<p dir=\"auto\"><span style=\"color: #003300; font-size: 14pt;\"><strong><span class=\"x3nfvp2 x1j61x8r x1fcty0u xdj266r xhhsvwb xat24cr xgzva0m xxymvpz xlup9mm x1kky2od\"><img loading=\"lazy\" decoding=\"async\" src=\"https:\/\/static.xx.fbcdn.net\/images\/emoji.php\/v9\/tb5\/1.5\/16\/1f5d3.png\" alt=\"\ud83d\uddd3\" width=\"16\" height=\"16\" \/><\/span> L\u1ecaCH SHOW CA S\u0128<\/strong><\/span><\/p>\n<div class=\"x11i5rnm xat24cr x1mh8g0r x1vvkbs xtlvy1s x126k92a\">\n<div dir=\"auto\"><span class=\"x3nfvp2 x1j61x8r x1fcty0u xdj266r xhhsvwb xat24cr xgzva0m xxymvpz xlup9mm x1kky2od\"><img loading=\"lazy\" decoding=\"async\" src=\"https:\/\/static.xx.fbcdn.net\/images\/emoji.php\/v9\/t86\/1.5\/16\/1f4cd.png\" alt=\"\ud83d\udccd\" width=\"16\" height=\"16\" \/><\/span>01\/04\/2023 I Trung Qu\u00e2n \u2022 L\u01b0\u01a1ng B\u00edch H\u1eefu &#8211; LululoLa Show | \u0110\u00c3 H\u01a0N M\u1ed8T L\u1ea6N<\/div>\n<div dir=\"auto\">Link booking:\u00a0<a href=\"https:\/\/lululolashow.com\/01-04-trung-quan-luong-bich-huu-da-hon-mot-lan.html\" rel=\"noopener\">https:\/\/lululolashow.com\/01-04-trung-quan-luong-bich-huu-da-hon-mot-lan.html<\/a><\/div>\n<\/div>\n<div class=\"x11i5rnm xat24cr x1mh8g0r x1vvkbs xtlvy1s x126k92a\">\n<div dir=\"auto\"><span class=\"x3nfvp2 x1j61x8r x1fcty0u xdj266r xhhsvwb xat24cr xgzva0m xxymvpz xlup9mm x1kky2od\"><img loading=\"lazy\" decoding=\"async\" src=\"https:\/\/static.xx.fbcdn.net\/images\/emoji.php\/v9\/t86\/1.5\/16\/1f4cd.png\" alt=\"\ud83d\udccd\" width=\"16\" height=\"16\" \/><\/span>08\/04\/2023 I L\u00ea Hi\u1ebfu \u2022 Ph\u1ea1m Qu\u1ef3nh Anh &#8211; LululoLa Show | SAU N\u00c0Y C\u1ee6A CH\u00daNG TA<\/div>\n<div dir=\"auto\">Link booking:\u00a0<a href=\"https:\/\/lululolashow.com\/08-04-le-hieu-pham-quynh-anh-sau-nay-cua-chung-ta.html\" rel=\"noopener\">https:\/\/lululolashow.com\/08-04-le-hieu-pham-quynh-anh-sau-nay-cua-chung-ta.html<\/a><\/div>\n<\/div>\n<div class=\"x11i5rnm xat24cr x1mh8g0r x1vvkbs xtlvy1s x126k92a\">\n<div dir=\"auto\"><span class=\"x3nfvp2 x1j61x8r x1fcty0u xdj266r xhhsvwb xat24cr xgzva0m xxymvpz xlup9mm x1kky2od\"><img loading=\"lazy\" decoding=\"async\" src=\"https:\/\/static.xx.fbcdn.net\/images\/emoji.php\/v9\/t86\/1.5\/16\/1f4cd.png\" alt=\"\ud83d\udccd\" width=\"16\" height=\"16\" \/><\/span>15\/04\/2023 I Tr\u1ecbnh Th\u0103ng B\u00ecnh &#8211; LululoLa Show | CHUY\u1ec6N CH\u00daNG TA<\/div>\n<div dir=\"auto\">Link booking:\u00a0<a href=\"https:\/\/lululolashow.com\/15-04-trinh-thang-binh-chuyen-chung-ta.html\" rel=\"noopener\">https:\/\/lululolashow.com\/15-04-trinh-thang-binh-chuyen-chung-ta.html<\/a><\/div>\n<\/div>\n<div class=\"x11i5rnm xat24cr x1mh8g0r x1vvkbs xtlvy1s x126k92a\">\n<div dir=\"auto\"><span class=\"x3nfvp2 x1j61x8r x1fcty0u xdj266r xhhsvwb xat24cr xgzva0m xxymvpz xlup9mm x1kky2od\"><img loading=\"lazy\" decoding=\"async\" src=\"https:\/\/static.xx.fbcdn.net\/images\/emoji.php\/v9\/t86\/1.5\/16\/1f4cd.png\" alt=\"\ud83d\udccd\" width=\"16\" height=\"16\" \/><\/span>16\/04\/2023 I Th\u00f9y Chi \u2022 Mai Ti\u1ebfn D\u0169ng &#8211; LululoLa Show | GIAI \u0110I\u1ec6U T\u00ccNH Y\u00caU<\/div>\n<div dir=\"auto\">Link booking:\u00a0<a href=\"https:\/\/lululolashow.com\/16-04-thuy-chi-mai-tien-dung-giai-dieu-tinh-yeu.html\" rel=\"noopener\">https:\/\/lululolashow.com\/16-04-thuy-chi-mai-tien-dung-giai-dieu-tinh-yeu.html<\/a><\/div>\n<\/div>\n<div class=\"x11i5rnm xat24cr x1mh8g0r x1vvkbs xtlvy1s x126k92a\">\n<div dir=\"auto\"><span class=\"x3nfvp2 x1j61x8r x1fcty0u xdj266r xhhsvwb xat24cr xgzva0m xxymvpz xlup9mm x1kky2od\"><img loading=\"lazy\" decoding=\"async\" src=\"https:\/\/static.xx.fbcdn.net\/images\/emoji.php\/v9\/t86\/1.5\/16\/1f4cd.png\" alt=\"\ud83d\udccd\" width=\"16\" height=\"16\" \/><\/span>22\/04\/2023 I Uy\u00ean Linh &#8211; LululoLa Show | KHI GI\u1ea4C M\u01a0 V\u1ec0<\/div>\n<div dir=\"auto\">Link booking:\u00a0<a href=\"https:\/\/lululolashow.com\/22-04-uyen-linh-cam-on-tinh-yeu.html\" rel=\"noopener\">https:\/\/lululolashow.com\/22-04-uyen-linh-cam-on-tinh-yeu.html<\/a><\/div>\n<\/div>\n<div class=\"x11i5rnm xat24cr x1mh8g0r x1vvkbs xtlvy1s x126k92a\">\n<div dir=\"auto\"><span class=\"x3nfvp2 x1j61x8r x1fcty0u xdj266r xhhsvwb xat24cr xgzva0m xxymvpz xlup9mm x1kky2od\"><img loading=\"lazy\" decoding=\"async\" src=\"https:\/\/static.xx.fbcdn.net\/images\/emoji.php\/v9\/t86\/1.5\/16\/1f4cd.png\" alt=\"\ud83d\udccd\" width=\"16\" height=\"16\" \/><\/span>29\/04\/2023 I Myra Tr\u1ea7n \u2022 V\u01b0\u01a1ng Anh T\u00fa &#8211; LululoLa Show | T\u00ccNH Y\u00caU \u0110\u1ebeN SAU<\/div>\n<div dir=\"auto\">Link booking: <a href=\"https:\/\/lululolashow.com\/29-04-myra-tran-vuong-anh-tu-tinh-yeu-den-sau.html\" rel=\"noopener\">https:\/\/lululolashow.com\/29-04-myra-tran-vuong-anh-tu-tinh-yeu-den-sau.html<\/a><\/div>\n<\/div>\n<div class=\"x11i5rnm xat24cr x1mh8g0r x1vvkbs xtlvy1s x126k92a\">\n<div dir=\"auto\"><span class=\"x3nfvp2 x1j61x8r x1fcty0u xdj266r xhhsvwb xat24cr xgzva0m xxymvpz xlup9mm x1kky2od\"><img loading=\"lazy\" decoding=\"async\" src=\"https:\/\/static.xx.fbcdn.net\/images\/emoji.php\/v9\/t86\/1.5\/16\/1f4cd.png\" alt=\"\ud83d\udccd\" width=\"16\" height=\"16\" \/><\/span>30\/04\/2023 I Trung Qu\u00e2n &amp; Kh\u00e1ch m\u1eddi &#8211; LululoLa Show | NG\u01af\u1edcI L\u1ea0 THO\u00c1NG QUA<\/div>\n<div dir=\"auto\">Link booking:\u00a0<a href=\"https:\/\/lululolashow.com\/30-04-hoang-dung-ft-mau-nuoc-band-doan-ket-moi.html\" rel=\"noopener\">https:\/\/lululolashow.com\/30-04-hoang-dung-ft-mau-nuoc-band-doan-ket-moi.html<\/a><\/div>\n<div dir=\"auto\"><img loading=\"lazy\" decoding=\"async\" class=\"alignnone size-full wp-image-72\" src=\"https:\/\/lululolashow.com\/wp-content\/uploads\/2022\/11\/Lululola-16-scaled.jpg\" alt=\"Lululola\" width=\"2560\" height=\"1920\" \/><\/div>\n<\/div>\n<div dir=\"auto\">\n<article class=\"post-content\">\n<div class=\"anh_wtm_m\">\n<div class=\"mws_content\">\n<h2 id=\"lien-he-book-ve\"><span style=\"color: #003300;\"><strong>Li\u00ean H\u1ec7 Book V\u00e9\u00a0<\/strong><\/span><\/h2>\n<p><strong>Hotline\/Zalo: 0988 249 297<\/strong><\/p>\n<p>Fanpage booking:\u00a0<a href=\"https:\/\/www.facebook.com\/liveshowdalat\/\" target=\"_blank\" rel=\"noopener\">Lululola Coffee+<\/a><\/p>\n<p>Xem th\u00eam b\u00e0i vi\u1ebft kh\u00e1c t\u1ea1i:\u00a0<a href=\"https:\/\/dalatreview.vn\/ve-tham-quan\" target=\"_blank\" rel=\"noopener\">\u0110\u00e0 L\u1ea1t Review<\/a><\/p>\n<\/div>\n<\/div>\n<\/article>\n<div class=\"post-content xemthem\">Th\u1ebb:<a href=\"https:\/\/dalatreview.vn\/tag\/lululola-dat-ve-liveshow\" target=\"_blank\" rel=\"tag noopener\">Lululola \u0110\u1eb7t V\u00e9 Liveshow<\/a><\/div>\n<\/div>\n<\/div>","protected":false},"excerpt":{"rendered":"<p>Danh m\u1ee5c ch\u00ednh L\u1ecbch Di\u1ec5n Th\u00e1ng 04\/2023 T\u1ea1i Lululola \u0110\u00e0 L\u1ea1t Li\u00ean H\u1ec7 Book V\u00e9\u00a0 L\u1ecbch Di\u1ec5n Th\u00e1ng 04\/2023 T\u1ea1i Lululola \u0110\u00e0 L\u1ea1t \u00a0Lululola Show \u0110\u00e0 L\u1ea1t \u2013 H\u01a1n c\u1ea3 \u00e2m nh\u1ea1c, kh\u00f4ng gian c\u1ef1c chill s\u1ebd gi\u00fap b\u1ea1n th\u0103ng hoa khi th\u01b0\u1edfng th\u1ee9c \u0111\u00eam nh\u1ea1c t\u1ea1i Lululola \u00a0Ngo\u00e0i nh\u1eefng show nh\u1ea1c h\u00e0ng \u0111\u00eam, Lululola [&hellip;]<\/p>","protected":false},"featured_media":44834,"comment_status":"open","ping_status":"closed","template":"","meta":[],"product_cat":[31,2421],"product_tag":[],"_links":{"self":[{"href":"https:\/\/liveshowdalat.vn\/en\/wp-json\/wp\/v2\/product\/427"}],"collection":[{"href":"https:\/\/liveshowdalat.vn\/en\/wp-json\/wp\/v2\/product"}],"about":[{"href":"https:\/\/liveshowdalat.vn\/en\/wp-json\/wp\/v2\/types\/product"}],"replies":[{"embeddable":true,"href":"https:\/\/liveshowdalat.vn\/en\/wp-json\/wp\/v2\/comments?post=427"}],"wp:featuredmedia":[{"embeddable":true,"href":"https:\/\/liveshowdalat.vn\/en\/wp-json\/wp\/v2\/media\/44834"}],"wp:attachment":[{"href":"https:\/\/liveshowdalat.vn\/en\/wp-json\/wp\/v2\/media?parent=427"}],"wp:term":[{"taxonomy":"product_cat","embeddable":true,"href":"https:\/\/liveshowdalat.vn\/en\/wp-json\/wp\/v2\/product_cat?post=427"},{"taxonomy":"product_tag","embeddable":true,"href":"https:\/\/liveshowdalat.vn\/en\/wp-json\/wp\/v2\/product_tag?post=427"}],"curies":[{"name":"wp","href":"https:\/\/api.w.org\/{rel}","templated":true}]}}