{"id":4181,"date":"2024-05-05T15:18:51","date_gmt":"2024-05-05T08:18:51","guid":{"rendered":"https:\/\/maylangthangshow.com\/?p=4181"},"modified":"2024-07-14T08:16:39","modified_gmt":"2024-07-14T01:16:39","slug":"lich-dien-thang-5-may-lang-thang-full-show","status":"publish","type":"product","link":"https:\/\/liveshowdalat.vn\/en\/lich-dien-thang-5-may-lang-thang-full-show.html","title":{"rendered":"L\u1ecaCH DI\u1ec4N TH\u00c1NG 5: M\u00c2Y LANG THANG [FULL SHOW]"},"content":{"rendered":"<nav class=\"vietrick-auto-toc\">\n<div class=\"box-title\">\n<h3 class=\"toc-title\" id=\"select-menu\">Danh m\u1ee5c ch\u00ednh<\/h3>\n<div><ion-icon name=\"chevron-up-outline\"><\/ion-icon><\/div>\n<\/div>\n<ul class=\"toc-list\">\n<li><a href='https:\/\/liveshowdalat.vn\/en#lich-dien-thang-5-may-lang-thang' class='heading-h2 toc-link smooth-scroll'>L\u1ecaCH DI\u1ec4N TH\u00c1NG 5: M\u00c2Y LANG THANG<\/a>\n<li><a href='https:\/\/liveshowdalat.vn\/en#lien-he-book-ve' class='heading-h2 toc-link smooth-scroll'>Li\u00ean H\u1ec7 Book V\u00e9\u00a0<\/a><\/ul>\n<\/ul>\n<\/li>\n<\/ul>\n<\/nav>\n<h2 style=\"text-align: center;\" id=\"lich-dien-thang-5-may-lang-thang\"><span style=\"color: #003300;\"><strong><span style=\"font-size: 24pt;\">L\u1ecaCH DI\u1ec4N TH\u00c1NG 5: M\u00c2Y LANG THANG<\/span><\/strong><\/span><\/h2>\n<p><span style=\"font-size: 18pt; color: #000080;\"><b>L\u1ecaCH DI\u1ec4N M\u00c2Y LANG THANG TH\u00c1NG 5<\/b><\/span><\/p>\n<p><strong><span style=\"color: #003366;\"><em><span style=\"font-family: 'comic sans ms', sans-serif; font-size: 14pt;\">Ch\u00e0o th\u00e1ng N\u0103m, th\u00e1ng c\u1ee7a nh\u1eefng c\u01a1n m\u01b0a r\u00e0o b\u1ea5t ch\u1ee3t, mang theo bao c\u1ea3m x\u00fac b\u00e2ng khu\u00e2ng kh\u00f3 t\u1ea3. H\u1ea1 v\u1ec1 b\u1ea7u kh\u00f4ng kh\u00ed tr\u1edf n\u00ean r\u1ed9n r\u00e0ng h\u01a1n c\u00f9ng ti\u1ebfng ve ng\u00e2n vang trong t\u00e2m tr\u00ed, v\u00e0 c\u1ea1nh \u0111\u00f3 l\u00e0 nh\u1eefng b\u1ea3n t\u00ecnh ca v\u1eabn \u0111ang v\u1eaby ch\u00e0o ng\u01b0\u1eddi y\u00eau nh\u1ea1c c\u00f9ng gh\u00e9 th\u0103m.<\/span><\/em><\/span><\/strong><\/p>\n<p><strong><span style=\"color: #003366;\"><em><span style=\"font-family: 'comic sans ms', sans-serif; font-size: 14pt;\">B\u1ea1n c\u00f3 t\u00f2 m\u00f2 Th\u1ef1c \u0111\u01a1n \u00e2m nh\u1ea1c c\u1ee7a M\u00e2y Lang Thang th\u00e1ng 5 n\u00e0y c\u00f3 g\u00ec kh\u00f4ng?\u00a0<\/span><\/em><\/span><\/strong><\/p>\n<p><strong><span style=\"color: #003366;\"><em><span style=\"font-family: 'comic sans ms', sans-serif; font-size: 14pt;\">T\u1eeb nh\u1eefng giai \u0111i\u1ec7u s\u00f4i \u0111\u1ed9ng \u0111\u1ebfn nh\u1eefng b\u1ea3n ballad \u0111\u1ea7y c\u1ea3m x\u00fac, \u0111\u00e2y ch\u00ednh l\u00e0 \u0111i\u1ec3m \u0111\u1ebfn l\u00fd t\u01b0\u1edfng cho c\u00e1c show di\u1ec5n \u0111a d\u1ea1ng v\u00e0 \u0111\u1eb3ng c\u1ea5p.<\/span><\/em><\/span><\/strong><\/p>\n<p><span style=\"color: #000000; font-family: arial, helvetica, sans-serif;\"><span style=\"font-size: 14pt;\"><span style=\"font-family: arial, helvetica, sans-serif; font-size: 14pt;\">\u2665 <\/span>H\u00e3y c\u1eadp nh\u1eadt l\u1ecbch tr\u00ecnh v\u00e0 \u0111\u1eebng b\u1ecf l\u1ee1 c\u01a1 h\u1ed9i th\u01b0\u1edfng th\u1ee9c nh\u1eefng show di\u1ec5n tuy\u1ec7t v\u1eddi t\u1ea1i M\u00e2y Lang Thang \u0110\u00e0 L\u1ea1t b\u1ea1n nh\u00e9 !<\/span><\/span><\/p>\n<p><img loading=\"lazy\" decoding=\"async\" class=\"size-full wp-image-3921 aligncenter\" src=\"https:\/\/liveshowdalat.vn\/wp-content\/uploads\/2024\/04\/May-Lang-Thang-1.jpg\" alt=\"M\u00e2y Lang Thang\" width=\"1638\" height=\"2048\" srcset=\"https:\/\/liveshowdalat.vn\/wp-content\/uploads\/2024\/04\/May-Lang-Thang-1.jpg 1638w, https:\/\/liveshowdalat.vn\/wp-content\/uploads\/2024\/04\/May-Lang-Thang-1-240x300.jpg 240w, https:\/\/liveshowdalat.vn\/wp-content\/uploads\/2024\/04\/May-Lang-Thang-1-819x1024.jpg 819w, https:\/\/liveshowdalat.vn\/wp-content\/uploads\/2024\/04\/May-Lang-Thang-1-768x960.jpg 768w, https:\/\/liveshowdalat.vn\/wp-content\/uploads\/2024\/04\/May-Lang-Thang-1-1229x1536.jpg 1229w, https:\/\/liveshowdalat.vn\/wp-content\/uploads\/2024\/04\/May-Lang-Thang-1-600x750.jpg 600w\" sizes=\"(max-width: 1638px) 100vw, 1638px\" \/><\/p>\n<p><strong><span style=\"font-family: 'book antiqua', palatino, serif; font-size: 14pt;\"><span style=\"font-family: arial, helvetica, sans-serif; color: #003300;\"><span style=\"font-size: 18pt;\"><span style=\"font-family: arial, helvetica, sans-serif;\">\u2665 <\/span>M\u00c2Y LANG THANG \u0110\u00c0 L\u1ea0T<\/span> <\/span><\/span><\/strong><\/p>\n<p><span style=\"font-size: 14pt;\">&#8211; <strong>S\u00e2n kh\u1ea5u Chi\u1ec1u nh\u1ea1c tr\u00ean M\u00e2y<\/strong> &#8211; M\u00e2y in The Nest, 519 Th\u00f4n M\u0103ng Linh, Ph\u01b0\u1eddng 7, TP. \u0110\u00e0 L\u1ea1t \u0399 Show Time 17:00 &#8211; 19:00<\/span><\/p>\n<p><span style=\"font-size: 14pt;\">&#8211; <strong>S\u00e2n kh\u1ea5u \u0110\u00eam nh\u1ea1c tr\u00ean M\u00e2y<\/strong> &#8211; Thung L\u0169ng M\u00e2y, S\u1ed1 4, Tr\u1ea7n Quang Di\u1ec7u, Ph\u01b0\u1eddng 10, TP. \u0110\u00e0 L\u1ea1t | Show Time 19:30 &#8211; 21:30<\/span><\/p>\n<hr \/>\n<p><span style=\"color: #000000;\"><strong><span style=\"font-size: 14pt;\">\u2013 01.05: <\/span><\/strong><\/span><\/p>\n<p><span style=\"color: #000000;\"><strong><span style=\"font-size: 14pt;\">L\u1ec6 QUY\u00caN<\/span><\/strong><\/span><\/p>\n<p><span style=\"color: #000080;\"><a style=\"color: #000080;\" href=\"https:\/\/maylangthangshow.com\/le-quyen-01-05.html\" rel=\"noopener\">https:\/\/maylangthangshow.com\/le-quyen-01-05.html<\/a><\/span><\/p>\n<p><span style=\"font-size: 14pt; color: #000000;\"><strong>L\u00ca HI\u1ebeU &#8211; PH\u01af\u01a0NG LINH<\/strong><\/span><\/p>\n<p><span style=\"color: #000080;\"><a style=\"color: #000080;\" href=\"https:\/\/maylangthangshow.com\/le-hieu-phuong-linh-01-05-2.html\" rel=\"noopener\">https:\/\/maylangthangshow.com\/le-hieu-phuong-linh-01-05-2.html<\/a><\/span><\/p>\n<p><span style=\"color: #000000;\"><strong><span style=\"font-size: 14pt;\">\u2013 04.05: HAPPY B&#8217;DAY TH\u00d9Y CHI<\/span><\/strong><\/span><\/p>\n<p><span style=\"color: #000080;\"><a style=\"color: #000080;\" href=\"https:\/\/maylangthangshow.com\/thuy-chi-%ce%b9-happy-bday-04-05.html\" rel=\"noopener\">https:\/\/maylangthangshow.com\/thuy-chi-%ce%b9-happy-bday-04-05.html<\/a><\/span><\/p>\n<p><span style=\"color: #000000;\"><strong><span style=\"font-size: 14pt;\">\u2013 10.05: <\/span><span style=\"font-size: 14pt;\">QUANG D\u0168NG<\/span><\/strong><\/span><\/p>\n<p><span style=\"color: #000080;\"><a style=\"color: #000080;\" href=\"https:\/\/maylangthangshow.com\/quang-dung-10-05.html\" rel=\"noopener\">https:\/\/maylangthangshow.com\/quang-dung-10-05.html<\/a><\/span><\/p>\n<p><span style=\"color: #000000;\"><strong><span style=\"font-size: 14pt;\">\u2013 11.05: PHAN M\u1ea0NH QU\u1ef2NH<\/span><\/strong><\/span><\/p>\n<p><span style=\"color: #000080;\"><a style=\"color: #000080;\" href=\"https:\/\/maylangthangshow.com\/phan-manh-quynh-11-05.html\" rel=\"noopener\">https:\/\/maylangthangshow.com\/phan-manh-quynh-11-05.html<\/a><\/span><\/p>\n<p><span style=\"color: #000000;\"><strong><span style=\"font-size: 14pt;\">\u2013 17.05: MAI TI\u1ebeN D\u0168NG &#8211; PH\u01af\u01a0NG LINH<\/span><\/strong><\/span><\/p>\n<p><span style=\"color: #000080;\"><a style=\"color: #000080;\" href=\"https:\/\/maylangthangshow.com\/mai-tien-dung-phuong-linh-17-05.html\" rel=\"noopener\">https:\/\/maylangthangshow.com\/mai-tien-dung-phuong-linh-17-05.html<\/a><\/span><\/p>\n<p><span style=\"color: #000000;\"><strong><span style=\"font-size: 14pt;\">\u2013 18.05: V\u0168 C\u00c1T T\u01af\u1edcNG<\/span><\/strong><\/span><\/p>\n<p><span style=\"color: #000080;\"><a style=\"color: #000080;\" href=\"https:\/\/maylangthangshow.com\/vu-cat-tuong-18-05.html\" rel=\"noopener\">https:\/\/maylangthangshow.com\/vu-cat-tuong-18-05.html<\/a><\/span><\/p>\n<p><span style=\"color: #000000;\"><strong><span style=\"font-size: 14pt;\">\u2013 25.05: TH\u00d9Y DUNG<\/span><\/strong><\/span><\/p>\n<p><span style=\"color: #000080;\"><a style=\"color: #000080;\" href=\"https:\/\/maylangthangshow.com\/thuy-dung-25-05.html\" rel=\"noopener\">https:\/\/maylangthangshow.com\/thuy-dung-25-05.html<\/a><\/span><\/p>\n<p><span style=\"color: #000000;\"><strong><span style=\"font-size: 14pt;\">\u2013 26.05: QUANG H\u00c0 \u2013 MINH TUY\u1ebeT<\/span><\/strong><\/span><\/p>\n<p><span style=\"color: #000080;\"><a style=\"color: #000080;\" href=\"https:\/\/maylangthangshow.com\/quang-ha-minh-tuyet-26-05.html\" rel=\"noopener\">https:\/\/maylangthangshow.com\/quang-ha-minh-tuyet-26-05.html<\/a><\/span><\/p>\n<p><span style=\"color: #000000;\"><strong><span style=\"font-size: 14pt;\">\u2013 31.05: L\u00ca HI\u1ebeU &#8211; L\u00c2M B\u1ea2O NG\u1eccC<\/span><\/strong><\/span><\/p>\n<p><span style=\"color: #000080;\"><a style=\"color: #000080;\" href=\"https:\/\/maylangthangshow.com\/le-hieu-lam-bao-ngoc-31-05.html\" rel=\"noopener\">https:\/\/maylangthangshow.com\/le-hieu-lam-bao-ngoc-31-05.html<\/a><\/span><\/p>\n<p><span style=\"font-size: 18pt;\"><strong><span style=\"font-family: 'book antiqua', palatino, serif;\"><span style=\"font-family: arial, helvetica, sans-serif; color: #003300;\"><span style=\"font-family: arial, helvetica, sans-serif;\">\u2665 <\/span>M\u00c2Y LANG THANG H\u00c0 N\u1ed8I <span style=\"color: #000000;\">\u0399 <\/span><\/span><\/span><em><span style=\"color: #000000;\">SOL 8 &#8211; LIVE STAGE (S\u1ed1 8, Ph\u1ed1 Nguy\u1ec5n C\u00f4ng Hoan, Gi\u1ea3ng V\u00f5, Ba \u0110\u00ecnh, H\u00e0 N\u1ed9i).<\/span><\/em><\/strong><\/span><\/p>\n<hr \/>\n<p><span style=\"font-size: 14pt; color: #000000;\"><strong><span style=\"font-size: 14pt;\">\u2013 10.05: B\u1ea2O ANH &#8211; H\u00c0 AN HUY<\/span><\/strong><\/span><\/p>\n<p><a href=\"https:\/\/maylangthangshow.com\/bao-anh-ha-an-huy-10-05.html\" rel=\"noopener\">https:\/\/maylangthangshow.com\/bao-anh-ha-an-huy-10-05.html<\/a><\/p>\n<p><span style=\"font-size: 14pt; color: #000000;\"><strong><span style=\"font-size: 14pt;\">\u2013 18.05: ANH T\u00da<\/span><\/strong><\/span><\/p>\n<p><a href=\"https:\/\/maylangthangshow.com\/anh-tu-18-05-2.html\" rel=\"noopener\">https:\/\/maylangthangshow.com\/anh-tu-18-05-2.html<\/a><\/p>\n<p><span style=\"font-size: 14pt; color: #000000;\"><strong><span style=\"font-size: 14pt;\">\u2013 26.05: L\u00ca HI\u1ebeU \u2013 PH\u01af\u01a0NG LINH<\/span><\/strong><\/span><\/p>\n<p><a href=\"https:\/\/maylangthangshow.com\/le-hieu-phuong-linh-26-05.html\" rel=\"noopener\">https:\/\/maylangthangshow.com\/le-hieu-phuong-linh-26-05.html<\/a><\/p>\n<p><span style=\"font-size: 14pt; color: #000000;\"><strong><span style=\"font-size: 14pt;\">\u2013 31.05: PHAN M\u1ea0NH QU\u1ef2NH<\/span><\/strong><\/span><\/p>\n<p><a href=\"https:\/\/maylangthangshow.com\/phan-manh-quynh-31-05.html\" rel=\"noopener\">https:\/\/maylangthangshow.com\/phan-manh-quynh-31-05.html<\/a><\/p>\n<p><span style=\"font-size: 18pt;\"><strong><span style=\"font-family: 'book antiqua', palatino, serif;\"><span style=\"font-family: arial, helvetica, sans-serif; color: #003300;\"><span style=\"font-family: arial, helvetica, sans-serif;\">\u2665 <\/span>M\u00c2Y LANG THANG \u0110\u00c0 N\u1eb4NG<span style=\"color: #000000;\"> \u0399<\/span> <\/span><\/span><em><span style=\"color: #000000;\">VERANDA \u0110\u00c0 N\u1eb4NG (Tr\u1ea7n H\u01b0ng \u0110\u1ea1o, An S\u01a1n T\u00e2y, S\u01a1n Tr\u00e0, TP. \u0110\u00e0 N\u1eb5ng).<\/span><\/em><\/strong><\/span><\/p>\n<hr \/>\n<p><span style=\"font-size: 14pt; color: #000000;\"><strong>\u2013 04.05: HO\u00c0NG H\u1ea2I &#8211; ORANGE<\/strong><\/span><\/p>\n<p><a href=\"https:\/\/maylangthangshow.com\/hoang-hai-orange-04-05.html\" rel=\"noopener\">https:\/\/maylangthangshow.com\/hoang-hai-orange-04-05.html<\/a><\/p>\n<p><span style=\"font-size: 18pt;\"><strong><span style=\"font-family: 'book antiqua', palatino, serif;\"><span style=\"font-family: arial, helvetica, sans-serif; color: #003300;\"><span style=\"font-family: arial, helvetica, sans-serif;\">\u2665 M\u00c2Y LANG THANG VINH <span style=\"color: #000000;\">\u0399 <em>M\u01af\u1edcNG THANH PH\u01af\u01a0NG \u0110\u00d4NG (S\u1ed1 2 &#8211; Tr\u01b0\u1eddng Thi, TP Vinh, Ngh\u1ec7 An)<\/em>.<\/span><\/span><\/span><\/span><\/strong><\/span><\/p>\n<hr \/>\n<p><span style=\"font-size: 14pt; color: #000000;\"><strong><span style=\"font-size: 14pt;\">\u2013 01.05: H\u1ed2 QU\u1ef2NH H\u01af\u01a0NG \u0399 C\u1ee8 \u0110\u1ec2 CHO EM<\/span><\/strong><\/span><\/p>\n<p><a href=\"https:\/\/maylangthangshow.com\/ho-quynh-huong-vinh-01-05.html\" rel=\"noopener\">https:\/\/maylangthangshow.com\/ho-quynh-huong-vinh-01-05.html<\/a><\/p>\n<p><span style=\"font-size: 14pt; color: #000000;\"><strong><span style=\"font-size: 14pt;\">\u2013 03.05: B\u1eb0NG KI\u1ec0U<\/span><\/strong><\/span><\/p>\n<p><a href=\"https:\/\/maylangthangshow.com\/bang-kieu-vinh-03-05.html\" rel=\"noopener\">https:\/\/maylangthangshow.com\/bang-kieu-vinh-03-05.html<\/a><\/p>\n<p><span style=\"font-size: 18pt;\"><strong><span style=\"font-family: 'book antiqua', palatino, serif;\"><span style=\"font-family: arial, helvetica, sans-serif; color: #003300;\"><span style=\"font-family: arial, helvetica, sans-serif;\">\u2665 M\u00c2Y LANG THANG H\u1ea0 LONG <span style=\"color: #000000;\">\u0399 <em>\u0110\u1ed2I M\u1eb6T TR\u1edcI, \u0110\u01b0\u1eddng \u0110\u1eb7ng B\u00e1 H\u00e1t, H\u1ed3ng Gai, Th\u00e0nh ph\u1ed1 H\u1ea1 Long.<\/em><\/span><\/span><\/span><\/span><\/strong><\/span><\/p>\n<hr \/>\n<p><span style=\"font-size: 14pt; color: #000000;\"><strong><span style=\"font-size: 14pt;\">\u2013 01.05: B\u1eb0NG KI\u1ec0U<\/span><\/strong><\/span><\/p>\n<p><a href=\"https:\/\/maylangthangshow.com\/bang-kieu-ha-long-01-05.html\" rel=\"noopener\">https:\/\/maylangthangshow.com\/bang-kieu-ha-long-01-05.html<\/a><\/p>\n<p><span style=\"font-size: 14pt; color: #000000;\"><strong><span style=\"font-size: 14pt;\">\u2013 04.05: <\/span><\/strong><\/span><span style=\"font-size: 14pt; color: #000000;\"><strong><span style=\"font-size: 14pt;\">H\u1ed2 QU\u1ef2NH H\u01af\u01a0NG \u0399 C\u1ee8 \u0110\u1ec2 CHO EM<\/span><\/strong><\/span><\/p>\n<p><a href=\"https:\/\/maylangthangshow.com\/ho-quynh-huong-04-95.html\" rel=\"noopener\">https:\/\/maylangthangshow.com\/ho-quynh-huong-04-95.html<\/a><\/p>\n<p><span style=\"font-size: 14pt; color: #000000;\"><strong><span style=\"font-size: 14pt;\">\u2013 25.05: PHAN M\u1ea0NH QU\u1ef2NH<\/span><\/strong><\/span><\/p>\n<p><a href=\"https:\/\/maylangthangshow.com\/phan-manh-quynh-hai-phong-25-05.html\" rel=\"noopener\">https:\/\/maylangthangshow.com\/phan-manh-quynh-hai-phong-25-05.html<\/a><\/p>\n<p><span style=\"font-size: 18pt;\"><strong><span style=\"font-family: 'book antiqua', palatino, serif;\"><span style=\"font-family: arial, helvetica, sans-serif; color: #003300;\"><span style=\"font-family: arial, helvetica, sans-serif;\">\u2665 <\/span>M\u00c2Y LANG THANG THANH H\u00d3A <span style=\"color: #000000;\">\u0399 <em><span style=\"font-size: 18pt;\">LA MONTE &#8211; 80 \u0110\u01b0\u1eddng B\u00e0 Tri\u1ec7u, Ph\u01b0\u1eddng Tr\u01b0\u1eddng Thi, TP. Thanh H\u00f3a, T\u1ec9nh Thanh H\u00f3a.<\/span><\/em><\/span><\/span><\/span><\/strong><\/span><\/p>\n<hr \/>\n<p><span style=\"font-size: 14pt; color: #000000;\"><strong><span style=\"font-size: 14pt;\">\u2013 12.05: L\u00ca HI\u1ebeU \u2013 PH\u01af\u01a0NG LINH<\/span><\/strong><\/span><\/p>\n<p><a href=\"https:\/\/maylangthangshow.com\/le-hieu-phuong-linh-thanh-hoa-12-05.html\" rel=\"noopener\">https:\/\/maylangthangshow.com\/le-hieu-phuong-linh-thanh-hoa-12-05.html<\/a><\/p>\n<p><span style=\"font-size: 14pt; color: #000000;\"><strong><span style=\"font-size: 14pt;\">\u2013 18.05: MYRA TR\u1ea6N \u2013 L\u00c2M B\u1ea2O NG\u1eccC\u00a0<\/span><\/strong><\/span><\/p>\n<p><a href=\"https:\/\/maylangthangshow.com\/myra-tran-lam-bao-ngoc-thanh-hoa-18-05.html\" rel=\"noopener\">https:\/\/maylangthangshow.com\/myra-tran-lam-bao-ngoc-thanh-hoa-18-05.html<\/a><\/p>\n<p><span style=\"font-size: 14pt; color: #000000;\"><span style=\"font-size: 14pt;\"><span style=\"color: #003300; font-size: 18pt;\"><b>Ch\u00ednh s\u00e1ch tr\u1ebb em b\u00ean M\u00e2y Lang Thang:<\/b><b><br \/>\n<\/b><\/span>\u2013 B\u00e9 d\u01b0\u1edbi 1m2 gi\u1ea3m 30% ( c\u00f3 gh\u1ebf ri\u00eang ), ho\u00e0n ti\u1ec1n tr\u1ef1c ti\u1ebfp t\u1ea1i show<br \/>\n\u2013 Tr\u00ean 1m2 v\u1eabn t\u00ednh v\u00e9 nh\u01b0 ng\u01b0\u1eddi l\u1edbn.<\/span><\/span><\/p>\n<p><img loading=\"lazy\" decoding=\"async\" class=\"size-full wp-image-3323 aligncenter\" src=\"https:\/\/liveshowdalat.vn\/wp-content\/uploads\/2024\/02\/SO-DO-CHO-NGOI.jpg\" alt=\"M\u00e2y Lang Thang \u0110\u00e0 L\u1ea1t\" width=\"768\" height=\"543\" srcset=\"https:\/\/liveshowdalat.vn\/wp-content\/uploads\/2024\/02\/SO-DO-CHO-NGOI.jpg 768w, https:\/\/liveshowdalat.vn\/wp-content\/uploads\/2024\/02\/SO-DO-CHO-NGOI-300x212.jpg 300w, https:\/\/liveshowdalat.vn\/wp-content\/uploads\/2024\/02\/SO-DO-CHO-NGOI-600x424.jpg 600w\" sizes=\"(max-width: 768px) 100vw, 768px\" \/><\/p>\n<p><span style=\"font-size: 18pt; color: #003300;\"><b>L\u01afU \u00dd<\/b><\/span><\/p>\n<p><span style=\"font-size: 14pt;\">\u2013 BTC kh\u00f4ng h\u1ed7 tr\u1ee3 ho\u00e0n v\u00e9 d\u01b0\u1edbi m\u1ecdi h\u00ecnh th\u1ee9c<\/span><\/p>\n<p><span style=\"font-size: 14pt;\">\u2013 Vui l\u00f2ng kh\u00f4ng mang \u0111\u1ed3 \u0103n n\u01b0\u1edbc u\u1ed1ng b\u00ean ngo\u00e0i v\u00e0o khu v\u1ef1c bi\u1ec3u di\u1ec5n<\/span><\/p>\n<p><span style=\"font-size: 14pt;\">\u2013 Tr\u01b0\u1eddng h\u1ee3p h\u1ee7y v\u00e9 v\u00e0 b\u1ea3o l\u01b0u v\u00e9 c\u1ea7n th\u00f4ng b\u00e1o t\u1edbi BTC tr\u01b0\u1edbc 24 gi\u1edd, sau kho\u1ea3ng th\u1eddi gian tr\u00ean s\u1ebd kh\u00f4ng \u0111\u01b0\u1ee3c h\u1ed7 tr\u1ee3<\/span><\/p>\n<p><span style=\"font-size: 18pt; color: #003300;\"><b><i>B\u1ea1n l\u01b0u \u00fd th\u00f4ng tin b\u1ea3o l\u01b0u sau:<\/i><\/b><\/span><\/p>\n<p><span style=\"font-size: 14pt;\">\u2013 Th\u1eddi h\u1ea1n b\u1ea3o l\u01b0u l\u00e0 trong v\u00f2ng m\u1ed9t n\u0103m t\u00ednh theo ng\u00e0y x\u00e1c nh\u1eadn b\u1ea3o l\u01b0u.<\/span><\/p>\n<p><span style=\"font-size: 14pt;\">\u2013 B\u1ea3o l\u01b0u ch\u1ec9 c\u00f3 hi\u1ec7u l\u1ef1c c\u00f9ng khu v\u1ef1c \u0111\u00e3 \u0111\u1eb7t<\/span><\/p>\n<p><span style=\"font-size: 14pt;\">\u2013 M\u00e2y ch\u1ec9 h\u1ed7 tr\u1ee3 b\u1ea3o l\u01b0u c\u00f9ng h\u1ea1ng gi\u00e1, v\u1edbi gi\u00e1 v\u00e9 cao h\u01a1n (vui l\u00f2ng b\u00f9 ph\u1ea7n ch\u00eanh l\u1ec7ch gi\u00fap M\u00e2y).<\/span><\/p>\n<p><span style=\"font-size: 14pt;\">\u2013\u00a0 Trong tr\u01b0\u1eddng h\u1ee3p h\u1ea1ng v\u00e9 th\u1ea5p s\u1ed1 ti\u1ec1n \u0111\u00e3 b\u1ea3o l\u01b0u, M\u00e2y kh\u00f4ng h\u1ed7 tr\u1ee3 ho\u00e0n ti\u1ec1n.<\/span><\/p>\n<p><img loading=\"lazy\" decoding=\"async\" class=\"size-full wp-image-3719 aligncenter\" src=\"https:\/\/liveshowdalat.vn\/wp-content\/uploads\/2024\/03\/San-Khau-May-Ha-Long-1.jpg\" alt=\"S\u01a1 \u0110\u1ed3 M\u00e2y H\u1ea1 Long\" width=\"2000\" height=\"1600\" srcset=\"https:\/\/liveshowdalat.vn\/wp-content\/uploads\/2024\/03\/San-Khau-May-Ha-Long-1.jpg 2000w, https:\/\/liveshowdalat.vn\/wp-content\/uploads\/2024\/03\/San-Khau-May-Ha-Long-1-300x240.jpg 300w, https:\/\/liveshowdalat.vn\/wp-content\/uploads\/2024\/03\/San-Khau-May-Ha-Long-1-1024x819.jpg 1024w, https:\/\/liveshowdalat.vn\/wp-content\/uploads\/2024\/03\/San-Khau-May-Ha-Long-1-768x614.jpg 768w, https:\/\/liveshowdalat.vn\/wp-content\/uploads\/2024\/03\/San-Khau-May-Ha-Long-1-1536x1229.jpg 1536w, https:\/\/liveshowdalat.vn\/wp-content\/uploads\/2024\/03\/San-Khau-May-Ha-Long-1-600x480.jpg 600w\" sizes=\"(max-width: 2000px) 100vw, 2000px\" \/><\/p>\n<p><img loading=\"lazy\" decoding=\"async\" class=\"size-full wp-image-3000 aligncenter\" src=\"https:\/\/liveshowdalat.vn\/wp-content\/uploads\/2024\/02\/MAY-LANG-THANG-DA-NANG-1.jpg\" alt=\"M\u00c2Y LANG THANG\" width=\"2000\" height=\"1600\" srcset=\"https:\/\/liveshowdalat.vn\/wp-content\/uploads\/2024\/02\/MAY-LANG-THANG-DA-NANG-1.jpg 2000w, https:\/\/liveshowdalat.vn\/wp-content\/uploads\/2024\/02\/MAY-LANG-THANG-DA-NANG-1-300x240.jpg 300w, https:\/\/liveshowdalat.vn\/wp-content\/uploads\/2024\/02\/MAY-LANG-THANG-DA-NANG-1-1024x819.jpg 1024w, https:\/\/liveshowdalat.vn\/wp-content\/uploads\/2024\/02\/MAY-LANG-THANG-DA-NANG-1-768x614.jpg 768w, https:\/\/liveshowdalat.vn\/wp-content\/uploads\/2024\/02\/MAY-LANG-THANG-DA-NANG-1-1536x1229.jpg 1536w, https:\/\/liveshowdalat.vn\/wp-content\/uploads\/2024\/02\/MAY-LANG-THANG-DA-NANG-1-600x480.jpg 600w\" sizes=\"(max-width: 2000px) 100vw, 2000px\" \/><\/p>\n<p><img loading=\"lazy\" decoding=\"async\" class=\"size-full wp-image-2685 aligncenter\" src=\"https:\/\/liveshowdalat.vn\/wp-content\/uploads\/2024\/01\/MAY-LANG-THANG-8.jpg\" alt=\"m\u00e2y lang thang - h\u00e0 n\u1ed9i\" width=\"2000\" height=\"1600\" srcset=\"https:\/\/liveshowdalat.vn\/wp-content\/uploads\/2024\/01\/MAY-LANG-THANG-8.jpg 2000w, https:\/\/liveshowdalat.vn\/wp-content\/uploads\/2024\/01\/MAY-LANG-THANG-8-300x240.jpg 300w, https:\/\/liveshowdalat.vn\/wp-content\/uploads\/2024\/01\/MAY-LANG-THANG-8-1024x819.jpg 1024w, https:\/\/liveshowdalat.vn\/wp-content\/uploads\/2024\/01\/MAY-LANG-THANG-8-768x614.jpg 768w, https:\/\/liveshowdalat.vn\/wp-content\/uploads\/2024\/01\/MAY-LANG-THANG-8-1536x1229.jpg 1536w, https:\/\/liveshowdalat.vn\/wp-content\/uploads\/2024\/01\/MAY-LANG-THANG-8-600x480.jpg 600w\" sizes=\"(max-width: 2000px) 100vw, 2000px\" \/><\/p>\n<p><img loading=\"lazy\" decoding=\"async\" class=\"size-full wp-image-4137 aligncenter\" src=\"https:\/\/liveshowdalat.vn\/wp-content\/uploads\/2024\/05\/Thung-Lung-May-2.jpg\" alt=\"Thung L\u0169ng M\u00e2y \u0110\u00e0 L\u1ea1t\" width=\"2000\" height=\"1600\" srcset=\"https:\/\/liveshowdalat.vn\/wp-content\/uploads\/2024\/05\/Thung-Lung-May-2.jpg 2000w, https:\/\/liveshowdalat.vn\/wp-content\/uploads\/2024\/05\/Thung-Lung-May-2-300x240.jpg 300w, https:\/\/liveshowdalat.vn\/wp-content\/uploads\/2024\/05\/Thung-Lung-May-2-1024x819.jpg 1024w, https:\/\/liveshowdalat.vn\/wp-content\/uploads\/2024\/05\/Thung-Lung-May-2-768x614.jpg 768w, https:\/\/liveshowdalat.vn\/wp-content\/uploads\/2024\/05\/Thung-Lung-May-2-1536x1229.jpg 1536w, https:\/\/liveshowdalat.vn\/wp-content\/uploads\/2024\/05\/Thung-Lung-May-2-600x480.jpg 600w\" sizes=\"(max-width: 2000px) 100vw, 2000px\" \/><\/p>\n<h2 id=\"lien-he-book-ve\"><span style=\"color: #003300;\"><b>Li\u00ean H\u1ec7 Book V\u00e9\u00a0<\/b><\/span><\/h2>\n<p><span style=\"font-family: arial, helvetica, sans-serif;\"><span style=\"font-size: 14pt; color: #000000;\"><b>Hotline\/Zalo:\u00a0<\/b><\/span><strong><span style=\"font-size: 14pt;\">0988 249 297<\/span><\/strong><\/span><\/p>\n<p><span style=\"font-size: 14pt;\">Fanpage booking:\u00a0<a href=\"https:\/\/www.facebook.com\/liveshowdalat\/\" target=\"_blank\" rel=\"noopener\">M\u00e2y Lang Thang<\/a><\/span><\/p>\n<p><span style=\"font-size: 14pt;\">Xem th\u00eam b\u00e0i vi\u1ebft kh\u00e1c t\u1ea1i:\u00a0<a href=\"https:\/\/maylangthangshow.com\/\" rel=\"noopener\">Cloud Wandered Show\u00a0<\/a><\/span><\/p>\n<p>&nbsp;<\/p>","protected":false},"excerpt":{"rendered":"<p>Danh m\u1ee5c ch\u00ednh L\u1ecaCH DI\u1ec4N TH\u00c1NG 5: M\u00c2Y LANG THANG Li\u00ean H\u1ec7 Book V\u00e9\u00a0 L\u1ecaCH DI\u1ec4N TH\u00c1NG 5: M\u00c2Y LANG THANG L\u1ecaCH DI\u1ec4N M\u00c2Y LANG THANG TH\u00c1NG 5 Ch\u00e0o th\u00e1ng N\u0103m, th\u00e1ng c\u1ee7a nh\u1eefng c\u01a1n m\u01b0a r\u00e0o b\u1ea5t ch\u1ee3t, mang theo bao c\u1ea3m x\u00fac b\u00e2ng khu\u00e2ng kh\u00f3 t\u1ea3. H\u1ea1 v\u1ec1 b\u1ea7u kh\u00f4ng kh\u00ed tr\u1edf n\u00ean [&hellip;]<\/p>","protected":false},"featured_media":3921,"comment_status":"open","ping_status":"closed","template":"","meta":[],"product_cat":[31,2420],"product_tag":[],"_links":{"self":[{"href":"https:\/\/liveshowdalat.vn\/en\/wp-json\/wp\/v2\/product\/4181"}],"collection":[{"href":"https:\/\/liveshowdalat.vn\/en\/wp-json\/wp\/v2\/product"}],"about":[{"href":"https:\/\/liveshowdalat.vn\/en\/wp-json\/wp\/v2\/types\/product"}],"replies":[{"embeddable":true,"href":"https:\/\/liveshowdalat.vn\/en\/wp-json\/wp\/v2\/comments?post=4181"}],"wp:featuredmedia":[{"embeddable":true,"href":"https:\/\/liveshowdalat.vn\/en\/wp-json\/wp\/v2\/media\/3921"}],"wp:attachment":[{"href":"https:\/\/liveshowdalat.vn\/en\/wp-json\/wp\/v2\/media?parent=4181"}],"wp:term":[{"taxonomy":"product_cat","embeddable":true,"href":"https:\/\/liveshowdalat.vn\/en\/wp-json\/wp\/v2\/product_cat?post=4181"},{"taxonomy":"product_tag","embeddable":true,"href":"https:\/\/liveshowdalat.vn\/en\/wp-json\/wp\/v2\/product_tag?post=4181"}],"curies":[{"name":"wp","href":"https:\/\/api.w.org\/{rel}","templated":true}]}}