{"id":4100,"date":"2024-05-02T21:22:25","date_gmt":"2024-05-02T14:22:25","guid":{"rendered":"https:\/\/maylangthangshow.com\/?p=4100"},"modified":"2024-07-14T02:39:26","modified_gmt":"2024-07-13T19:39:26","slug":"show-dien-quoc-thien-may-lang-thang","status":"publish","type":"product","link":"https:\/\/liveshowdalat.vn\/en\/show-dien-quoc-thien-may-lang-thang.html","title":{"rendered":"&#8220;\u0110\u00c3 TAI&#8221; C\u00d9NG QU\u1ed0C THI\u00caN TRONG BIRTHDAY SHOW T\u1ea0I M\u00c2Y LANG THANG \u0110\u00c0 N\u1eb4NG"},"content":{"rendered":"<nav class=\"vietrick-auto-toc\">\n<div class=\"box-title\">\n<h3 class=\"toc-title\" id=\"select-menu\">Danh m\u1ee5c ch\u00ednh<\/h3>\n<div><ion-icon name=\"chevron-up-outline\"><\/ion-icon><\/div>\n<\/div>\n<ul class=\"toc-list\">\n<li><a href='https:\/\/liveshowdalat.vn\/en#da-tai-cung-birthday-show-cua-quoc-thien-tai-da-nang' class='heading-h2 toc-link smooth-scroll'>&#8220;\u0110\u00c3 TAI&#8221; C\u00d9NG BIRTHDAY SHOW C\u1ee6A QU\u1ed0C THI\u00caN T\u1ea0I \u0110\u00c0 N\u1eb4NG<\/a><\/ul>\n<\/ul>\n<\/li>\n<\/ul>\n<\/nav>\n<h2 style=\"text-align: center;\" id=\"da-tai-cung-birthday-show-cua-quoc-thien-tai-da-nang\"><span style=\"color: #003300;\"><strong><span style=\"font-size: 24pt;\">&#8220;\u0110\u00c3 TAI&#8221; C\u00d9NG BIRTHDAY SHOW C\u1ee6A QU\u1ed0C THI\u00caN T\u1ea0I \u0110\u00c0 N\u1eb4NG<\/span><\/strong><\/span><\/h2>\n<p><span style=\"font-weight: 400; font-size: 14pt;\">Th\u00e1ng 4 \u0111\u1ec3 l\u1ea1i cho ch\u00fang ta nh\u1eefng b\u1ea3n t\u00ecnh ca l\u00e3ng m\u1ea1n v\u1edbi c\u1ea3m x\u00fac b\u00e2ng khu\u00e2ng kh\u00f3 n\u00f3i n\u00ean l\u1eddi. Th\u00f4ng qua \u00e2m nh\u1ea1c, ch\u00fang ta c\u00e0ng y\u00eau th\u00eam nh\u1eefng t\u00e2m h\u1ed3n nh\u1ea1y c\u1ea3m v\u00e0 tinh t\u1ebf c\u1ee7a ng\u01b0\u1eddi ngh\u1ec7 s\u0129 khi nh\u00ecn cu\u1ed9c s\u1ed1ng v\u1edbi g\u00f3c nh\u00ecn c\u1ee7a giai \u0111i\u1ec7u v\u00e0 c\u1ea3m x\u00fac.<\/span><\/p>\n<p><span style=\"font-weight: 400; font-size: 14pt;\">V\u00e0 show di\u1ec5n h\u00f4m nay c\u00e0ng tr\u1edf n\u00ean \u0111\u1eb7c bi\u1ec7t h\u01a1n n\u1eefa khi kh\u00e1n gi\u1ea3 M\u00e2y \u0110\u00e0 N\u1eb5ng c\u00f3 d\u1ecbp c\u00f9ng nam ca s\u0129 Qu\u1ed1c Thi\u00ean \u0111\u00f3n sinh nh\u1eadt tu\u1ed5i 36 ngay t\u1ea1i s\u00e2n kh\u1ea5u Veranda \u0110\u00e0 N\u1eb5ng v\u00e0o ng\u00e0y 07.04 v\u1eeba r\u1ed3i! <\/span><\/p>\n<p><span style=\"font-size: 18pt; color: #003366;\"><strong>1\/ Th\u00f4ng tin show di\u1ec5n<\/strong><\/span><\/p>\n<p><span style=\"font-weight: 400; font-size: 14pt;\">Show di\u1ec5n Birthday c\u1ee7a Qu\u1ed1c Thi\u00ean \u0111\u01b0\u1ee3c t\u1ed5 ch\u1ee9c v\u00e0o ng\u00e0y 07.04 (s\u1edbm 2 ng\u00e0y so v\u1edbi sinh nh\u1eadt th\u1eadt c\u1ee7a anh).\u00a0<\/span><\/p>\n<p><img loading=\"lazy\" decoding=\"async\" class=\"aligncenter wp-image-3872 size-medium\" src=\"https:\/\/liveshowdalat.vn\/wp-content\/uploads\/2024\/03\/May-Lang-Thang-5-2-240x300.jpg\" alt=\"Qu\u1ed1c Thi\u00ean - M\u00e2y Lang Thang\" width=\"240\" height=\"300\" srcset=\"https:\/\/liveshowdalat.vn\/wp-content\/uploads\/2024\/03\/May-Lang-Thang-5-2-240x300.jpg 240w, https:\/\/liveshowdalat.vn\/wp-content\/uploads\/2024\/03\/May-Lang-Thang-5-2-819x1024.jpg 819w, https:\/\/liveshowdalat.vn\/wp-content\/uploads\/2024\/03\/May-Lang-Thang-5-2-768x960.jpg 768w, https:\/\/liveshowdalat.vn\/wp-content\/uploads\/2024\/03\/May-Lang-Thang-5-2-600x750.jpg 600w, https:\/\/liveshowdalat.vn\/wp-content\/uploads\/2024\/03\/May-Lang-Thang-5-2.jpg 1140w\" sizes=\"(max-width: 240px) 100vw, 240px\" \/><\/p>\n<p><span style=\"font-weight: 400; font-size: 14pt;\">\u0110\u1ecba \u0111i\u1ec3m t\u1ed5 ch\u1ee9c show l\u1ea7n n\u00e0y n\u1eb1m t\u1ea1i <strong>Veranda\u00a0\u0110\u00e0 N\u1eb5ng, \u0111\u01b0\u1eddng Tr\u1ea7n H\u01b0ng \u0110\u1ea1o, An H\u1ea3i T\u00e2y, S\u01a1n Tr\u00e0, \u0110\u00e0 N\u1eb5ng.<\/strong><\/span><\/p>\n<p><span style=\"font-weight: 400; font-size: 14pt;\">S\u00e2n kh\u1ea5u c\u1ee7a M\u00e2y n\u1eb1m ngay c\u1ea1nh con s\u00f4ng H\u00e0n th\u01a1 m\u1ed9ng v\u00e0 l\u00e3ng m\u1ea1n. Nh\u1edd v\u1eady m\u00e0 kh\u00f4ng gian \u00e2m nh\u1ea1c c\u1ee7a M\u00e2y Lang Thang l\u1ea1i c\u00e0ng c\u1ea3m x\u00fac v\u00e0 th\u0103ng hoa h\u01a1n n\u1eefa!!!<\/span><\/p>\n<p><img loading=\"lazy\" decoding=\"async\" class=\"size-full wp-image-3008 aligncenter\" src=\"https:\/\/liveshowdalat.vn\/wp-content\/uploads\/2024\/02\/423313562_768037082025499_4200553068012949166_n.jpg\" alt=\"Veranda \u0110\u00e0 N\u1eb5ng\" width=\"2048\" height=\"1365\" srcset=\"https:\/\/liveshowdalat.vn\/wp-content\/uploads\/2024\/02\/423313562_768037082025499_4200553068012949166_n.jpg 2048w, https:\/\/liveshowdalat.vn\/wp-content\/uploads\/2024\/02\/423313562_768037082025499_4200553068012949166_n-300x200.jpg 300w, https:\/\/liveshowdalat.vn\/wp-content\/uploads\/2024\/02\/423313562_768037082025499_4200553068012949166_n-1024x683.jpg 1024w, https:\/\/liveshowdalat.vn\/wp-content\/uploads\/2024\/02\/423313562_768037082025499_4200553068012949166_n-768x512.jpg 768w, https:\/\/liveshowdalat.vn\/wp-content\/uploads\/2024\/02\/423313562_768037082025499_4200553068012949166_n-1536x1024.jpg 1536w, https:\/\/liveshowdalat.vn\/wp-content\/uploads\/2024\/02\/423313562_768037082025499_4200553068012949166_n-600x400.jpg 600w\" sizes=\"(max-width: 2048px) 100vw, 2048px\" \/><\/p>\n<p><span style=\"font-weight: 400; font-size: 14pt;\">Show di\u1ec5n b\u1eaft \u0111\u1ea7u check in t\u1eeb 17:30 v\u00e0 ch\u00ednh th\u1ee9c m\u1edf m\u00e0n v\u00e0o 20:00. <\/span><\/p>\n<p><span style=\"font-weight: 400; font-size: 14pt;\">Khung gi\u1edd r\u1ea5t d\u1ec5 b\u1ecb k\u1eb9t xe n\u1ebfu b\u1ea1n \u0111i ngang nh\u1eefng con \u0111\u01b0\u1eddng trung t\u00e2m.<\/span><\/p>\n<p><span style=\"font-weight: 400; font-size: 14pt;\">V\u00ec th\u1ebf, n\u1ebfu s\u1eafp t\u1edbi b\u1ea1n c\u00f3 chu\u1ea9n b\u1ecb tham d\u1ef1 show di\u1ec5n t\u1ea1i M\u00e2y th\u00ec h\u00e3y chu\u1ea9n b\u1ecb s\u1eb5n ph\u01b0\u01a1ng ti\u1ec7n di chuy\u1ec3n ph\u00f9 h\u1ee3p \u0111\u1ec3 c\u00f3 th\u1ec3 check in v\u00e0 th\u01b0\u1edfng th\u1ee9c show di\u1ec5n tr\u1ecdn v\u1eb9n nh\u1ea5t nh\u00e9!<\/span><\/p>\n<p><span style=\"font-weight: 400; font-size: 14pt;\">V\u1edbi b\u1ea7u kh\u00f4ng kh\u00ed m\u00e1t m\u1ebb v\u00e0 chi\u1ebfc view &#8220;tri\u1ec7u \u0111\u00f4&#8221; kh\u00f4ng th\u1ec3 ch\u00ea v\u00e0o \u0111\u00e2u c\u1ee7a d\u00f2ng s\u00f4ng H\u00e0n. Kh\u00f4ng gian \u00e2m nh\u1ea1c c\u1ee7a M\u00e2y \u0110\u00e0 N\u1eb5ng l\u1ea7n n\u00e0y th\u1eadt s\u1ef1 kh\u00f4ng l\u00e0m kh\u00e1n gi\u1ea3 th\u1ea5t v\u1ecdng!<\/span><\/p>\n<p><img loading=\"lazy\" decoding=\"async\" class=\"aligncenter wp-image-4109 size-full\" src=\"https:\/\/liveshowdalat.vn\/wp-content\/uploads\/2024\/04\/435398181_810173164478557_1111219214618002488_n.jpg\" alt=\"Qu\u1ed1c Thi\u00ean - M\u00e2y Lang Thang\" width=\"2048\" height=\"1152\" srcset=\"https:\/\/liveshowdalat.vn\/wp-content\/uploads\/2024\/04\/435398181_810173164478557_1111219214618002488_n.jpg 2048w, https:\/\/liveshowdalat.vn\/wp-content\/uploads\/2024\/04\/435398181_810173164478557_1111219214618002488_n-300x169.jpg 300w, https:\/\/liveshowdalat.vn\/wp-content\/uploads\/2024\/04\/435398181_810173164478557_1111219214618002488_n-1024x576.jpg 1024w, https:\/\/liveshowdalat.vn\/wp-content\/uploads\/2024\/04\/435398181_810173164478557_1111219214618002488_n-768x432.jpg 768w, https:\/\/liveshowdalat.vn\/wp-content\/uploads\/2024\/04\/435398181_810173164478557_1111219214618002488_n-1536x864.jpg 1536w, https:\/\/liveshowdalat.vn\/wp-content\/uploads\/2024\/04\/435398181_810173164478557_1111219214618002488_n-600x338.jpg 600w\" sizes=\"(max-width: 2048px) 100vw, 2048px\" \/><\/p>\n<p><span style=\"color: #003366;\"><strong><span style=\"font-size: 18pt;\">2\/ Kho\u1ea3nh kh\u1eafc \u0111\u00e1ng nh\u1edb c\u1ee7a show di\u1ec5n\u00a0<\/span><\/strong><\/span><\/p>\n<p><span style=\"font-weight: 400; font-size: 14pt;\">Xuy\u00ean su\u1ed1t h\u01a1n 1 ti\u1ebfng r\u01b0\u1ee1i c\u1ee7a bu\u1ed5i di\u1ec5n h\u00f4m nay, Qu\u1ed1c Thi\u00ean \u0111\u00e3 \u0111\u01b0a ng\u01b0\u1eddi nghe t\u1eebng b\u01b0\u1edbc ti\u1ebfn v\u00e0o kh\u00f4ng gian \u0111\u1ea7y c\u1ea3m x\u00fac c\u1ee7a \u00e2m nh\u1ea1c v\u00e0 giai \u0111i\u1ec7u.\u00a0<\/span><\/p>\n<p><img loading=\"lazy\" decoding=\"async\" class=\"aligncenter wp-image-4102 size-full\" src=\"https:\/\/liveshowdalat.vn\/wp-content\/uploads\/2024\/04\/434567163_810173224478551_696350402192306958_n.jpg\" alt=\"Qu\u1ed1c Thi\u00ean - M\u00e2y Lang Thang\" width=\"2048\" height=\"1152\" srcset=\"https:\/\/liveshowdalat.vn\/wp-content\/uploads\/2024\/04\/434567163_810173224478551_696350402192306958_n.jpg 2048w, https:\/\/liveshowdalat.vn\/wp-content\/uploads\/2024\/04\/434567163_810173224478551_696350402192306958_n-300x169.jpg 300w, https:\/\/liveshowdalat.vn\/wp-content\/uploads\/2024\/04\/434567163_810173224478551_696350402192306958_n-1024x576.jpg 1024w, https:\/\/liveshowdalat.vn\/wp-content\/uploads\/2024\/04\/434567163_810173224478551_696350402192306958_n-768x432.jpg 768w, https:\/\/liveshowdalat.vn\/wp-content\/uploads\/2024\/04\/434567163_810173224478551_696350402192306958_n-1536x864.jpg 1536w, https:\/\/liveshowdalat.vn\/wp-content\/uploads\/2024\/04\/434567163_810173224478551_696350402192306958_n-600x338.jpg 600w\" sizes=\"(max-width: 2048px) 100vw, 2048px\" \/><span style=\"font-size: 14pt;\">V\u1edbi m\u00ecnh, kho\u1ea3nh kh\u1eafc m\u00ecnh y\u00eau th\u00edch nh\u1ea5t l\u00e0 <\/span><span style=\"font-weight: 400;\"><span style=\"font-size: 14pt;\">gi\u00e2y ph\u00fat M\u00e2y \u0110\u00e0 N\u1eb5ng \u0111\u01b0\u1ee3c c\u00f9ng anh Qu\u1ed1c Thi\u00ean \u0111\u00f3n sinh nh\u1eadt l\u1ea7n th\u1ee9 36 ngay t\u1ea1i s\u00e2n kh\u1ea5u M\u00e2y Lang Thang. <\/span><\/span><\/p>\n<p><span style=\"font-weight: 400;\"><span style=\"font-size: 14pt;\">Tuy ch\u1ec9 l\u00e0 kho\u1ea3nh kh\u1eafc ng\u1eafn ng\u1ee7i (v\u00ec show di\u1ec5n c\u00f2n ph\u1ea3i ti\u1ebfp t\u1ee5c) nh\u01b0ng c\u00f3 l\u1ebd nh\u1edd \u0111\u00f3 m\u00e0 m\u00ecnh c\u00e0ng c\u1ea3m th\u1ea5y g\u1ea7n g\u0169i h\u01a1n v\u1edbi th\u1ea7n t\u01b0\u1ee3ng. V\u00e0 c\u00e0ng y\u00eau qu\u00fd s\u1ef1 tr\u00e2n tr\u1ecdng m\u00e0 anh lu\u00f4n d\u00e0nh cho kh\u00e1n gi\u1ea3 c\u1ee7a m\u00ecnh.\u00a0<\/span><\/span><\/p>\n<p><span style=\"font-size: 14pt;\">Kh\u00f4ng kh\u00ed c\u1ee7a c\u1ea3 show di\u1ec5n tr\u1edf n\u00ean vui v\u1ebb h\u01a1n bao gi\u1edd h\u1ebft, khi c\u1ea3 tr\u0103m con ng\u01b0\u1eddi kh\u00f4ng ph\u00e2n bi\u1ec7t quen bi\u1ebft hay kh\u00f4ng, ch\u1ec9 c\u1ea7n l\u00e0 ng\u01b0\u1eddi y\u00eau qu\u00fd Qu\u1ed1c Thi\u00ean th\u00ec \u0111\u1ec1u l\u00e0 b\u1ea1n b\u00e8!<\/span><\/p>\n<p><span style=\"font-size: 14pt;\">S\u1ef1 \u0111\u00e1ng y\u00eau c\u0169ng nh\u01b0 h\u00e0i h\u01b0\u1edbc c\u1ee7a anh, \u0111\u00e3 bi\u1ebfn kh\u00f4ng kh\u00ed trang tr\u1ecdng c\u1ee7a m\u1ed9t b\u1eefa sinh nh\u1eadt, tr\u1edf n\u00ean th\u00fa v\u1ecb v\u00e0 vui v\u1ebb h\u01a1n!!!<\/span><\/p>\n<p><img loading=\"lazy\" decoding=\"async\" class=\"aligncenter wp-image-4101 size-full\" src=\"https:\/\/liveshowdalat.vn\/wp-content\/uploads\/2024\/04\/435703353_810173247811882_3312716960053612161_n.jpg\" alt=\"Qu\u1ed1c Thi\u00ean - M\u00e2y Lang Thang\" width=\"1152\" height=\"2048\" srcset=\"https:\/\/liveshowdalat.vn\/wp-content\/uploads\/2024\/04\/435703353_810173247811882_3312716960053612161_n.jpg 1152w, https:\/\/liveshowdalat.vn\/wp-content\/uploads\/2024\/04\/435703353_810173247811882_3312716960053612161_n-169x300.jpg 169w, https:\/\/liveshowdalat.vn\/wp-content\/uploads\/2024\/04\/435703353_810173247811882_3312716960053612161_n-576x1024.jpg 576w, https:\/\/liveshowdalat.vn\/wp-content\/uploads\/2024\/04\/435703353_810173247811882_3312716960053612161_n-768x1365.jpg 768w, https:\/\/liveshowdalat.vn\/wp-content\/uploads\/2024\/04\/435703353_810173247811882_3312716960053612161_n-864x1536.jpg 864w, https:\/\/liveshowdalat.vn\/wp-content\/uploads\/2024\/04\/435703353_810173247811882_3312716960053612161_n-600x1067.jpg 600w\" sizes=\"(max-width: 1152px) 100vw, 1152px\" \/><\/p>\n<p><span style=\"font-weight: 400; font-size: 14pt;\">Th\u1ed5i b\u00e1nh xong, anh Qu\u1ed1c Thi\u00ean c\u00f2n \u0111\u00f9a r\u1eb1ng <\/span><\/p>\n<p><span style=\"font-weight: 400; font-size: 14pt;\">&#8211; \u201cD\u00e3 man..ba ng\u00e0y nay l\u00e0 th\u1ed5i 5 c\u00e1i b\u00e1nh r\u1ed3i \u0111\u00f3!\u201d <\/span><\/p>\n<p><span style=\"font-weight: 400; font-size: 14pt;\">Khi \u0111\u00f3, kh\u00f4ng ch\u1ec9 m\u00ecnh m\u00e0 t\u1ea5t c\u1ea3 m\u1ecdi ng\u01b0\u1eddi c\u01b0\u1eddi l\u00ean v\u00ec th\u00edch th\u00fa v\u1edbi s\u1ef1 h\u00e0i h\u01b0\u1edbc c\u1ee7a anh. <\/span><\/p>\n<p><span style=\"font-weight: 400; font-size: 14pt;\">D\u1eabu l\u00e0 kho\u1ea3nh kh\u1eafc n\u00e0y ch\u1ec9 di\u1ec5n ra trong ch\u1ed1c l\u00e1t nh\u01b0ng nh\u1edd v\u1eady gi\u00fap cho m\u00ecnh c\u1ea3m nh\u1eadn \u0111\u01b0\u1ee3c n\u00e9t t\u00ednh c\u00e1ch \u0111\u00e1ng y\u00eau v\u00e0 d\u00ed d\u1ecfm c\u1ee7a Qu\u1ed1c Thi\u00ean.<\/span><\/p>\n<p><img loading=\"lazy\" decoding=\"async\" class=\"aligncenter wp-image-4104 size-full\" src=\"https:\/\/liveshowdalat.vn\/wp-content\/uploads\/2024\/04\/435662247_810173264478547_1310147002378453972_n.jpg\" alt=\"Qu\u1ed1c Thi\u00ean - M\u00e2y Lang Thang\" width=\"1152\" height=\"2048\" srcset=\"https:\/\/liveshowdalat.vn\/wp-content\/uploads\/2024\/04\/435662247_810173264478547_1310147002378453972_n.jpg 1152w, https:\/\/liveshowdalat.vn\/wp-content\/uploads\/2024\/04\/435662247_810173264478547_1310147002378453972_n-169x300.jpg 169w, https:\/\/liveshowdalat.vn\/wp-content\/uploads\/2024\/04\/435662247_810173264478547_1310147002378453972_n-576x1024.jpg 576w, https:\/\/liveshowdalat.vn\/wp-content\/uploads\/2024\/04\/435662247_810173264478547_1310147002378453972_n-768x1365.jpg 768w, https:\/\/liveshowdalat.vn\/wp-content\/uploads\/2024\/04\/435662247_810173264478547_1310147002378453972_n-864x1536.jpg 864w, https:\/\/liveshowdalat.vn\/wp-content\/uploads\/2024\/04\/435662247_810173264478547_1310147002378453972_n-600x1067.jpg 600w\" sizes=\"(max-width: 1152px) 100vw, 1152px\" \/><\/p>\n<p><span style=\"font-weight: 400; font-size: 14pt;\">Xuy\u00ean su\u1ed1t show di\u1ec5n, kh\u00e1n gi\u1ea3 \u0111\u01b0\u1ee3c th\u01b0\u1edfng th\u1ee9c nh\u1eefng b\u1ea3n t\u00ecnh ca \u0111\u1ea7y c\u1ea3m x\u00fac \u0111\u01b0\u1ee3c anh Qu\u1ed1c Thi\u00ean th\u1ec3 hi\u1ec7n tr\u1ecdn v\u1eb9n qua gi\u1ecdng h\u00e1t \u1ea5m \u00e1p v\u00e0 t\u00ecnh c\u1ea3m. D\u1eabu qua bao n\u0103m, m\u00ecnh c\u1ea3m th\u1ea5y gi\u1ecdng anh Thi\u00ean c\u00e0ng ng\u00e0y hay h\u01a1n v\u00e0 tr\u01b0\u1edfng th\u00e0nh h\u01a1n ch\u1ee9 kh\u00f4ng h\u1ec1 gi\u1ea3m s\u00fat m\u1ed9t ch\u00fat n\u00e0o!<\/span><\/p>\n<p><span style=\"font-size: 14pt;\">V\u00e0 c\u00f3 m\u1ed9t \u0111i\u1ec1u n\u1eefa, b\u1ea1n c\u00f3 bi\u1ebft t\u1ea1i sao m\u00ecnh th\u01b0\u1eddng th\u00edch nghe nh\u1ea1c trong c\u00e1c show di\u1ec5n tr\u1ef1c ti\u1ebfp h\u01a1n l\u00e0 nghe tr\u00ean audio thu s\u1eb5n h\u01a1n kh\u00f4ng? <\/span><span style=\"font-size: 14pt;\">M\u1eb7c d\u00f9, b\u1ea3n audio \u0111\u01b0\u1ee3c ch\u1ec9nh s\u1eeda r\u1ea5t m\u01b0\u1ee3t m\u00e0 v\u00e0 ch\u1ec9nh chu. Nh\u01b0ng \u0111i\u1ec3m kh\u00e1c bi\u1ec7t \u1edf \u0111\u00e2y ch\u00ednh l\u00e0 <strong>band nh\u1ea1c<\/strong>. <\/span><\/p>\n<p><span style=\"font-size: 14pt;\">N\u1ebfu b\u1ea1n t\u1eebng \u0111i nghe nh\u1eefng show di\u1ec5n h\u00e1t live tr\u1ef1c ti\u1ebfp ho\u1eb7c xem nh\u1eefng video c\u1ee7a M\u00e2y tr\u00ean youtube hay tiktok. <\/span><\/p>\n<p><span style=\"font-size: 14pt;\">Ch\u1eafc h\u1eb3n b\u1ea1n s\u1ebd \u0111\u1ed3ng t\u00ecnh c\u00f9ng m\u00ecnh r\u1eb1ng, band nh\u1ea1c ch\u00ednh l\u00e0 ph\u1ea7n kh\u00f4ng th\u1ec3 thi\u1ebfu t\u1ea1o n\u00ean m\u1ed9t bu\u1ed5i di\u1ec5n th\u00e0nh c\u00f4ng. V\u00ec v\u1eady, v\u1edbi m\u00ecnh band nh\u1ea1c \u1edf M\u00e2y ch\u00ednh l\u00e0 m\u1ed9t \u0111i\u1ec3m c\u1ed9ng c\u1ef1c l\u1edbn, t\u1ea1o kh\u00f4ng gian \u00e2m nh\u1ea1c tuy\u1ec7t v\u1eddi d\u00e0nh cho kh\u00e1n gi\u1ea3.<\/span><\/p>\n<p><span style=\"font-weight: 400; font-size: 14pt;\">Khi th\u00ec da di\u1ebft \u0111\u01b0\u1ee3m bu\u1ed3n, th\u1ea5m \u0111\u1eabm c\u1ea3m x\u00fac v\u1edbi <em>H\u01a1n 1000 n\u0103m sau.<\/em> Khi th\u00ec khu\u1ea5y \u0111\u1ed9ng c\u1ea3m x\u00fac c\u00f9ng v\u1edbi <em>V\u00e0 t\u00f4i c\u0169ng y\u00eau em<\/em>. C\u1ee9 nh\u01b0 th\u1ebf, m\u00e0 anh Qu\u1ed1c Thi\u00ean \u0111\u00e3 kh\u00e9o l\u00e9o mang to\u00e0n b\u1ed9 kh\u00e1n gi\u1ea3 \u0110\u00e0 N\u1eb5ng c\u00f9ng \u0111\u1ed3ng h\u00e0nh tr\u00ean chuy\u1ebfn t\u00e0u \u00e2m nh\u1ea1c mang t\u00ean M\u00e2y Lang Thang.\u00a0<\/span><\/p>\n<p><span style=\"font-size: 14pt;\">Qu\u1ed1c Thi\u00ean kh\u00f4ng ch\u1ec9 chinh ph\u1ee5c kh\u00e1n gi\u1ea3 b\u1eb1ng gi\u1ecdng h\u00e1t tr\u1eddi ph\u00fa. M\u00e0 ng\u01b0\u1eddi h\u00e2m m\u1ed9 c\u00f2n y\u00eau qu\u00fd anh b\u1edfi s\u1ef1 th\u00e2n thi\u1ec7n, g\u1ea7n g\u0169i v\u00e0 kh\u1ea3 n\u0103ng khu\u1ea5y \u0111\u1ed9ng s\u00e2n kh\u1ea5u. <\/span><span style=\"font-size: 14pt;\">Xuy\u00ean su\u1ed1t ch\u01b0\u01a1ng tr\u00ecnh, anh li\u00ean t\u1ee5c giao l\u01b0u, tr\u00f2 chuy\u1ec7n v\u1edbi kh\u00e1n gi\u1ea3, t\u1ea1o n\u00ean b\u1ea7u kh\u00f4ng kh\u00ed v\u00f4 c\u00f9ng \u1ea5m c\u00fang v\u00e0 s\u00f4i \u0111\u1ed9ng. Gi\u00fap kh\u00e1n gi\u1ea3 kh\u00f4ng c\u1ea3m th\u1ea5y nh\u00e0m ch\u00e1n khi ng\u1ed3i qu\u00e1 l\u00e2u trong show di\u1ec5n.\u00a0<\/span><\/p>\n<p><span style=\"font-size: 14pt;\">Ch\u00ednh nh\u1edd s\u1ef1 chuy\u00ean nghi\u1ec7p v\u00e0 h\u1ebft m\u00ecnh \u1ea5y c\u1ee7a anh, m\u00ecnh c\u1ea3m th\u1ea5y ho\u00e0n to\u00e0n x\u1ee9ng \u0111\u00e1ng v\u1edbi th\u1eddi gian v\u00e0 ti\u1ec1n b\u1ea1c m\u00e0 m\u00ecnh \u0111\u00e3 b\u1ecf ra \u0111\u1ec3 c\u00f3 th\u1ec3 \u0111\u1ebfn \u0111\u00e2y v\u00e0 th\u01b0\u1edfng th\u1ee9c \u00e2m nh\u1ea1c.<\/span><\/p>\n<p><span style=\"font-size: 14pt;\">K\u1ebft th\u00fac show di\u1ec5n, d\u1eabu c\u00f3 ch\u00fat ti\u1ebfc nu\u1ed1i v\u00ec c\u1ea3m th\u1ea5y th\u1eddi gian sao tr\u00f4i qua nhanh qu\u00e1! <\/span><\/p>\n<p><span style=\"font-size: 14pt;\">Nh\u01b0ng c\u00f3 l\u1ebd v\u00ec th\u1ebf, m\u00e0 m\u00ecnh l\u1ea1i c\u00f3 \u0111\u1ed9ng l\u1ef1c mua v\u00e9 cho show di\u1ec5n ti\u1ebfp theo n\u1ebfu nh\u01b0 \u0110\u00e0 N\u1eb5ng l\u1ea1i c\u00f3 show \u0111\u1ec3 \u0111\u01b0\u1ee3c tr\u1ea3i nghi\u1ec7m kh\u00f4ng gian \u0111\u1ea7y c\u1ea3m x\u00fac v\u00e0 s\u1ef1 g\u1eafn k\u1ebft c\u00f9ng th\u1ea7n t\u01b0\u1ee3ng nh\u01b0 th\u1ebf n\u00e0y!<\/span><\/p>\n<p><span style=\"color: #003366;\"><strong><span style=\"font-size: 18pt;\">3. S\u00e2n kh\u1ea5u M\u00e2y Lang Thang \u0110\u00e0 N\u1eb5ng<\/span><\/strong><\/span><\/p>\n<p><img loading=\"lazy\" decoding=\"async\" class=\"alignnone size-full wp-image-3486\" src=\"https:\/\/liveshowdalat.vn\/wp-content\/uploads\/2024\/03\/may-da-nang.jpg\" alt=\"Veranda \u0110\u00e0 N\u1eb5ng\" width=\"2000\" height=\"1600\" srcset=\"https:\/\/liveshowdalat.vn\/wp-content\/uploads\/2024\/03\/may-da-nang.jpg 2000w, https:\/\/liveshowdalat.vn\/wp-content\/uploads\/2024\/03\/may-da-nang-300x240.jpg 300w, https:\/\/liveshowdalat.vn\/wp-content\/uploads\/2024\/03\/may-da-nang-1024x819.jpg 1024w, https:\/\/liveshowdalat.vn\/wp-content\/uploads\/2024\/03\/may-da-nang-768x614.jpg 768w, https:\/\/liveshowdalat.vn\/wp-content\/uploads\/2024\/03\/may-da-nang-1536x1229.jpg 1536w, https:\/\/liveshowdalat.vn\/wp-content\/uploads\/2024\/03\/may-da-nang-600x480.jpg 600w\" sizes=\"(max-width: 2000px) 100vw, 2000px\" \/><img loading=\"lazy\" decoding=\"async\" class=\"alignnone size-full wp-image-3000\" src=\"https:\/\/liveshowdalat.vn\/wp-content\/uploads\/2024\/02\/MAY-LANG-THANG-DA-NANG-1.jpg\" alt=\"M\u00c2Y LANG THANG\" width=\"2000\" height=\"1600\" srcset=\"https:\/\/liveshowdalat.vn\/wp-content\/uploads\/2024\/02\/MAY-LANG-THANG-DA-NANG-1.jpg 2000w, https:\/\/liveshowdalat.vn\/wp-content\/uploads\/2024\/02\/MAY-LANG-THANG-DA-NANG-1-300x240.jpg 300w, https:\/\/liveshowdalat.vn\/wp-content\/uploads\/2024\/02\/MAY-LANG-THANG-DA-NANG-1-1024x819.jpg 1024w, https:\/\/liveshowdalat.vn\/wp-content\/uploads\/2024\/02\/MAY-LANG-THANG-DA-NANG-1-768x614.jpg 768w, https:\/\/liveshowdalat.vn\/wp-content\/uploads\/2024\/02\/MAY-LANG-THANG-DA-NANG-1-1536x1229.jpg 1536w, https:\/\/liveshowdalat.vn\/wp-content\/uploads\/2024\/02\/MAY-LANG-THANG-DA-NANG-1-600x480.jpg 600w\" sizes=\"(max-width: 2000px) 100vw, 2000px\" \/><\/p>\n<p><span style=\"color: #003366;\"><strong><span style=\"font-size: 18pt;\">4\/ Li\u00ean h\u1ec7<\/span><\/strong><\/span><\/p>\n<p><span style=\"font-weight: 400; font-size: 14pt;\">Hotline\/Zalo: 0988 249 297<\/span><\/p>\n<p><span style=\"font-size: 14pt;\"><span style=\"font-weight: 400;\">Fanpage booking: <\/span><a href=\"https:\/\/www.facebook.com\/liveshowdalat\/\" rel=\"noopener\"><span style=\"font-weight: 400;\">M\u00e2y Lang Thang<\/span><\/a><\/span><\/p>\n<p><span style=\"font-size: 14pt;\"><span style=\"font-weight: 400;\">Xem th\u00eam b\u00e0i vi\u1ebft kh\u00e1c t\u1ea1i: <\/span><a href=\"https:\/\/maylangthangshow.com\/\" rel=\"noopener\"><span style=\"font-weight: 400;\">Cloud Wandered Show\u00a0<\/span><\/a><\/span><\/p>\n<p>&nbsp;<\/p>","protected":false},"excerpt":{"rendered":"<p>Danh m\u1ee5c ch\u00ednh &#8220;\u0110\u00c3 TAI&#8221; C\u00d9NG BIRTHDAY SHOW C\u1ee6A QU\u1ed0C THI\u00caN T\u1ea0I \u0110\u00c0 N\u1eb4NG &#8220;\u0110\u00c3 TAI&#8221; C\u00d9NG BIRTHDAY SHOW C\u1ee6A QU\u1ed0C THI\u00caN T\u1ea0I \u0110\u00c0 N\u1eb4NG Th\u00e1ng 4 \u0111\u1ec3 l\u1ea1i cho ch\u00fang ta nh\u1eefng b\u1ea3n t\u00ecnh ca l\u00e3ng m\u1ea1n v\u1edbi c\u1ea3m x\u00fac b\u00e2ng khu\u00e2ng kh\u00f3 n\u00f3i n\u00ean l\u1eddi. Th\u00f4ng qua \u00e2m nh\u1ea1c, ch\u00fang ta c\u00e0ng y\u00eau [&hellip;]<\/p>","protected":false},"featured_media":4108,"comment_status":"open","ping_status":"closed","template":"","meta":[],"product_cat":[31,2411],"product_tag":[],"_links":{"self":[{"href":"https:\/\/liveshowdalat.vn\/en\/wp-json\/wp\/v2\/product\/4100"}],"collection":[{"href":"https:\/\/liveshowdalat.vn\/en\/wp-json\/wp\/v2\/product"}],"about":[{"href":"https:\/\/liveshowdalat.vn\/en\/wp-json\/wp\/v2\/types\/product"}],"replies":[{"embeddable":true,"href":"https:\/\/liveshowdalat.vn\/en\/wp-json\/wp\/v2\/comments?post=4100"}],"wp:featuredmedia":[{"embeddable":true,"href":"https:\/\/liveshowdalat.vn\/en\/wp-json\/wp\/v2\/media\/4108"}],"wp:attachment":[{"href":"https:\/\/liveshowdalat.vn\/en\/wp-json\/wp\/v2\/media?parent=4100"}],"wp:term":[{"taxonomy":"product_cat","embeddable":true,"href":"https:\/\/liveshowdalat.vn\/en\/wp-json\/wp\/v2\/product_cat?post=4100"},{"taxonomy":"product_tag","embeddable":true,"href":"https:\/\/liveshowdalat.vn\/en\/wp-json\/wp\/v2\/product_tag?post=4100"}],"curies":[{"name":"wp","href":"https:\/\/api.w.org\/{rel}","templated":true}]}}