{"id":3896,"date":"2024-04-09T05:34:08","date_gmt":"2024-04-08T22:34:08","guid":{"rendered":"https:\/\/maylangthangshow.com\/?p=3896"},"modified":"2024-07-14T01:45:50","modified_gmt":"2024-07-13T18:45:50","slug":"lich-dien-thang-5-may-lang-thang-da-lat","status":"publish","type":"product","link":"https:\/\/liveshowdalat.vn\/en\/lich-dien-thang-5-may-lang-thang-da-lat.html","title":{"rendered":"L\u1ecaCH DI\u1ec4N TH\u00c1NG 5: M\u00c2Y LANG THANG \u0110\u00c0 L\u1ea0T"},"content":{"rendered":"<nav class=\"vietrick-auto-toc\">\n<div class=\"box-title\">\n<h3 class=\"toc-title\" id=\"select-menu\">Danh m\u1ee5c ch\u00ednh<\/h3>\n<div><ion-icon name=\"chevron-up-outline\"><\/ion-icon><\/div>\n<\/div>\n<ul class=\"toc-list\">\n<li><a href='https:\/\/liveshowdalat.vn\/en#lich-dien-tren-may-lang-thang-da-lat' class='heading-h2 toc-link smooth-scroll'>L\u1ecaCH DI\u1ec4N TR\u00caN M\u00c2Y LANG THANG \u0110\u00c0 L\u1ea0T<\/a>\n<li><a href='https:\/\/liveshowdalat.vn\/en#lien-he-book-ve' class='heading-h2 toc-link smooth-scroll'>Li\u00ean H\u1ec7 Book V\u00e9\u00a0<\/a><\/ul>\n<\/ul>\n<\/li>\n<\/ul>\n<\/nav>\n<h2 style=\"text-align: center;\" id=\"lich-dien-tren-may-lang-thang-da-lat\"><span style=\"color: #003300;\"><strong><span style=\"font-size: 24pt;\">L\u1ecaCH DI\u1ec4N TR\u00caN M\u00c2Y LANG THANG \u0110\u00c0 L\u1ea0T<\/span><\/strong><\/span><\/h2>\n<p><span style=\"color: #003366;\"><em><span style=\"font-family: 'comic sans ms', sans-serif;\"><strong><span style=\"font-size: 14pt;\">Th\u00e1ng 5 v\u1edbi nh\u1eefng ng\u00e0y \u0111\u1ea7u h\u1ea1, r\u00edu r\u00edt ti\u1ebfng ve k\u00eau ng\u00e2n vang, c\u00f9ng v\u1edbi \u0111\u00f3 l\u00e0 ti\u1ebfng g\u1ecdi c\u1ee7a nh\u1eefng b\u1ea3n nh\u1ea1c t\u00ecnh ca v\u1eabn \u0111ang v\u1eaby ch\u00e0o. N\u00e0o h\u00e3y c\u00f9ng M\u00e2y Lang Thang kh\u00e1m ph\u00e1 th\u1ef1c \u0111\u01a1n \u00e2m nh\u1ea1c c\u1ee7a m\u00f9a h\u00e8 n\u00e0y nh\u00e9 !!<\/span><\/strong><\/span><\/em><\/span><\/p>\n<p><span style=\"color: #003366;\"><strong><em><span style=\"font-family: 'comic sans ms', sans-serif; font-size: 14pt;\">T\u1eeb nh\u1eefng giai \u0111i\u1ec7u s\u00f4i \u0111\u1ed9ng \u0111\u1ebfn nh\u1eefng b\u1ea3n ballad \u0111\u1ea7y c\u1ea3m x\u00fac, \u0111\u00e2y ch\u00ednh l\u00e0 \u0111i\u1ec3m \u0111\u1ebfn l\u00fd t\u01b0\u1edfng cho c\u00e1c show di\u1ec5n \u0111a d\u1ea1ng v\u00e0 \u0111\u1eb3ng c\u1ea5p.<\/span><\/em><\/strong><\/span><\/p>\n<p><span style=\"color: #000000; font-family: arial, helvetica, sans-serif;\"><span style=\"font-size: 14pt;\"><span style=\"font-family: arial, helvetica, sans-serif; font-size: 14pt;\">\u2665 <\/span>H\u00e3y c\u1eadp nh\u1eadt l\u1ecbch tr\u00ecnh v\u00e0 \u0111\u1eebng b\u1ecf l\u1ee1 c\u01a1 h\u1ed9i th\u01b0\u1edfng th\u1ee9c nh\u1eefng show di\u1ec5n tuy\u1ec7t v\u1eddi t\u1ea1i M\u00e2y Lang Thang \u0110\u00e0 L\u1ea1t b\u1ea1n nh\u00e9 !<\/span><\/span><\/p>\n<p><img loading=\"lazy\" decoding=\"async\" class=\"size-full wp-image-3921 aligncenter\" src=\"https:\/\/liveshowdalat.vn\/wp-content\/uploads\/2024\/04\/May-Lang-Thang-1.jpg\" alt=\"M\u00e2y Lang Thang\" width=\"1638\" height=\"2048\" srcset=\"https:\/\/liveshowdalat.vn\/wp-content\/uploads\/2024\/04\/May-Lang-Thang-1.jpg 1638w, https:\/\/liveshowdalat.vn\/wp-content\/uploads\/2024\/04\/May-Lang-Thang-1-240x300.jpg 240w, https:\/\/liveshowdalat.vn\/wp-content\/uploads\/2024\/04\/May-Lang-Thang-1-819x1024.jpg 819w, https:\/\/liveshowdalat.vn\/wp-content\/uploads\/2024\/04\/May-Lang-Thang-1-768x960.jpg 768w, https:\/\/liveshowdalat.vn\/wp-content\/uploads\/2024\/04\/May-Lang-Thang-1-1229x1536.jpg 1229w, https:\/\/liveshowdalat.vn\/wp-content\/uploads\/2024\/04\/May-Lang-Thang-1-600x750.jpg 600w\" sizes=\"(max-width: 1638px) 100vw, 1638px\" \/><\/p>\n<p><strong><span style=\"font-family: 'book antiqua', palatino, serif; font-size: 14pt;\"><span style=\"font-family: arial, helvetica, sans-serif; color: #003300;\"><span style=\"font-size: 18pt;\"><span style=\"font-family: arial, helvetica, sans-serif;\">\u2665 <\/span>M\u00c2Y LANG THANG \u0110\u00c0 L\u1ea0T<\/span> <\/span><\/span><\/strong><\/p>\n<p><span style=\"font-size: 14pt;\">&#8211; <strong>S\u00e2n kh\u1ea5u Chi\u1ec1u nh\u1ea1c tr\u00ean M\u00e2y<\/strong> &#8211; M\u00e2y in The Nest, 519 Th\u00f4n M\u0103ng Linh, Ph\u01b0\u1eddng 7, TP. \u0110\u00e0 L\u1ea1t \u0399 Show Time 17:00 &#8211; 19:00<\/span><\/p>\n<p><span style=\"font-size: 14pt;\">&#8211; <strong>S\u00e2n kh\u1ea5u \u0110\u00eam nh\u1ea1c tr\u00ean M\u00e2y<\/strong> &#8211; Thung L\u0169ng M\u00e2y, S\u1ed1 4, Tr\u1ea7n Quang Di\u1ec7u, Ph\u01b0\u1eddng 10, TP. \u0110\u00e0 L\u1ea1t | Show Time 19:30 &#8211; 21:30<\/span><\/p>\n<hr \/>\n<p><span style=\"color: #003366;\"><strong><span style=\"font-size: 18pt;\">\u230aTH\u00c1NG 05\u230b<\/span><\/strong><\/span><\/p>\n<p><strong><span style=\"font-size: 14pt;\">\u2013 01.05: <\/span><\/strong><\/p>\n<p><strong><span style=\"font-size: 14pt;\">L\u1ec6 QUY\u00caN<\/span><\/strong><\/p>\n<p><a href=\"https:\/\/maylangthangshow.com\/le-quyen-01-05.html\" rel=\"noopener\">https:\/\/maylangthangshow.com\/le-quyen-01-05.html<\/a><\/p>\n<p><span style=\"font-size: 14pt;\"><strong>L\u00ca HI\u1ebeU &#8211; PH\u01af\u01a0NG LINH<\/strong><\/span><\/p>\n<p><a href=\"https:\/\/maylangthangshow.com\/le-hieu-phuong-linh-01-05-2.html\" rel=\"noopener\">https:\/\/maylangthangshow.com\/le-hieu-phuong-linh-01-05-2.html<\/a><\/p>\n<p><strong><span style=\"font-size: 14pt;\">\u2013 04.05: HAPPY B&#8217;DAY TH\u00d9Y CHI<\/span><\/strong><\/p>\n<p><a href=\"https:\/\/maylangthangshow.com\/thuy-chi-%ce%b9-happy-bday-04-05.html\" rel=\"noopener\">https:\/\/maylangthangshow.com\/thuy-chi-%ce%b9-happy-bday-04-05.html<\/a><\/p>\n<p><strong><span style=\"font-size: 14pt;\">\u2013 10.05: QUANG D\u0168NG<\/span><\/strong><\/p>\n<p><a href=\"https:\/\/maylangthangshow.com\/quang-dung-10-05.html\" rel=\"noopener\">https:\/\/maylangthangshow.com\/quang-dung-10-05.html<\/a><\/p>\n<p><strong><span style=\"font-size: 14pt;\">\u2013 11.05: PHAN M\u1ea0NH QU\u1ef2NH<\/span><\/strong><\/p>\n<p><a href=\"https:\/\/maylangthangshow.com\/phan-manh-quynh-11-05.html\" rel=\"noopener\">https:\/\/maylangthangshow.com\/phan-manh-quynh-11-05.html<\/a><\/p>\n<p><strong><span style=\"font-size: 14pt;\">\u2013 17.05: MAI TI\u1ebeN D\u0168NG &#8211; PH\u01af\u01a0NG LINH<\/span><\/strong><\/p>\n<p><a href=\"https:\/\/maylangthangshow.com\/mai-tien-dung-phuong-linh-17-05.html\" rel=\"noopener\">https:\/\/maylangthangshow.com\/mai-tien-dung-phuong-linh-17-05.html<\/a><\/p>\n<p><strong><span style=\"font-size: 14pt;\">\u2013 18.05: V\u0168 C\u00c1T T\u01af\u1edcNG<\/span><\/strong><\/p>\n<p><a href=\"https:\/\/maylangthangshow.com\/vu-cat-tuong-18-05.html\" rel=\"noopener\">https:\/\/maylangthangshow.com\/vu-cat-tuong-18-05.html<\/a><\/p>\n<p><strong><span style=\"font-size: 14pt;\">\u2013 25.05: TH\u00d9Y DUNG<\/span><\/strong><\/p>\n<p><a href=\"https:\/\/maylangthangshow.com\/thuy-dung-25-05.html\" rel=\"noopener\">https:\/\/maylangthangshow.com\/thuy-dung-25-05.html<\/a><\/p>\n<p><strong><span style=\"font-size: 14pt;\">\u2013 31.05: L\u00ca HI\u1ebeU &#8211; L\u00c2M B\u1ea2O NG\u1eccC<\/span><\/strong><\/p>\n<p><a href=\"https:\/\/maylangthangshow.com\/le-hieu-lam-bao-ngoc-31-05.html\" rel=\"noopener\">https:\/\/maylangthangshow.com\/le-hieu-lam-bao-ngoc-31-05.html<\/a><\/p>\n<p><span style=\"font-size: 18pt; color: #003300;\"><b>Ch\u00ednh s\u00e1ch tr\u1ebb em b\u00ean M\u00e2y Lang Thang:<\/b><b><br \/>\n<\/b><\/span><span style=\"font-size: 14pt;\">\u2013 B\u00e9 d\u01b0\u1edbi 1m2 gi\u1ea3m 30% ( c\u00f3 gh\u1ebf ri\u00eang ), ho\u00e0n ti\u1ec1n tr\u1ef1c ti\u1ebfp t\u1ea1i show<\/span><br \/>\n<span style=\"font-size: 14pt;\">\u2013 Tr\u00ean 1m2 v\u1eabn t\u00ednh v\u00e9 nh\u01b0 ng\u01b0\u1eddi l\u1edbn.<\/span><br \/>\n<span style=\"font-size: 14pt;\">***<\/span><br \/>\n<span style=\"font-size: 14pt;\">\u2013 \u0110\u1ecba ch\u1ec9: <\/span><span style=\"font-size: 14pt;\"><strong>M\u00e2y in The Nest, 519 Th\u00f4n M\u0103ng Linh, Ph\u01b0\u1eddng 7, TP. \u0110\u00e0 L\u1ea1t.<\/strong><\/span><\/p>\n<p><span style=\"font-size: 14pt;\">\u2013 Qu\u00fd kh\u00e1ch vui l\u00f2ng xem k\u1ef9 s\u01a1 \u0111\u1ed3 m\u00f4 t\u1ea3 ch\u1ed7 ng\u1ed3i ngay b\u00ean d\u01b0\u1edbi v\u00e0 h\u00ecnh \u1ea3nh s\u00e2n kh\u1ea5u th\u1eadt \u0111\u1ec3 ch\u1ecdn gh\u1ebf ng\u1ed3i ph\u00f9 h\u1ee3p.<\/span><\/p>\n<p><img loading=\"lazy\" decoding=\"async\" class=\"size-full wp-image-2044 aligncenter\" src=\"https:\/\/liveshowdalat.vn\/wp-content\/uploads\/2023\/11\/z4761080474588_1398bc24a52545a097f4052e30c410c8-1.jpg\" alt=\"m\u00e2y in the nest\" width=\"1280\" height=\"904\" srcset=\"https:\/\/liveshowdalat.vn\/wp-content\/uploads\/2023\/11\/z4761080474588_1398bc24a52545a097f4052e30c410c8-1.jpg 1280w, https:\/\/liveshowdalat.vn\/wp-content\/uploads\/2023\/11\/z4761080474588_1398bc24a52545a097f4052e30c410c8-1-300x212.jpg 300w, https:\/\/liveshowdalat.vn\/wp-content\/uploads\/2023\/11\/z4761080474588_1398bc24a52545a097f4052e30c410c8-1-1024x723.jpg 1024w, https:\/\/liveshowdalat.vn\/wp-content\/uploads\/2023\/11\/z4761080474588_1398bc24a52545a097f4052e30c410c8-1-768x542.jpg 768w, https:\/\/liveshowdalat.vn\/wp-content\/uploads\/2023\/11\/z4761080474588_1398bc24a52545a097f4052e30c410c8-1-600x424.jpg 600w\" sizes=\"(max-width: 1280px) 100vw, 1280px\" \/><\/p>\n<p><span style=\"font-size: 18pt; color: #003300;\"><b>L\u01afU \u00dd<\/b><\/span><\/p>\n<p><span style=\"font-size: 14pt;\">\u2013 BTC kh\u00f4ng h\u1ed7 tr\u1ee3 ho\u00e0n v\u00e9 d\u01b0\u1edbi m\u1ecdi h\u00ecnh th\u1ee9c<\/span><\/p>\n<p><span style=\"font-size: 14pt;\">\u2013 Vui l\u00f2ng kh\u00f4ng mang \u0111\u1ed3 \u0103n n\u01b0\u1edbc u\u1ed1ng b\u00ean ngo\u00e0i v\u00e0o khu v\u1ef1c bi\u1ec3u di\u1ec5n<\/span><\/p>\n<p><span style=\"font-size: 14pt;\">\u2013 Tr\u01b0\u1eddng h\u1ee3p h\u1ee7y v\u00e9 v\u00e0 b\u1ea3o l\u01b0u v\u00e9 c\u1ea7n th\u00f4ng b\u00e1o t\u1edbi BTC tr\u01b0\u1edbc 24 gi\u1edd, sau kho\u1ea3ng th\u1eddi gian tr\u00ean s\u1ebd kh\u00f4ng \u0111\u01b0\u1ee3c h\u1ed7 tr\u1ee3<\/span><\/p>\n<p><span style=\"font-size: 18pt; color: #003300;\"><b><i>B\u1ea1n l\u01b0u \u00fd th\u00f4ng tin b\u1ea3o l\u01b0u sau:<\/i><\/b><\/span><\/p>\n<p><span style=\"font-size: 14pt;\">\u2013 Th\u1eddi h\u1ea1n b\u1ea3o l\u01b0u l\u00e0 trong v\u00f2ng m\u1ed9t n\u0103m t\u00ednh theo ng\u00e0y x\u00e1c nh\u1eadn b\u1ea3o l\u01b0u.<\/span><\/p>\n<p><span style=\"font-size: 14pt;\">\u2013 B\u1ea3o l\u01b0u ch\u1ec9 c\u00f3 hi\u1ec7u l\u1ef1c c\u00f9ng khu v\u1ef1c \u0111\u00e3 \u0111\u1eb7t<\/span><\/p>\n<p><span style=\"font-size: 14pt;\">\u2013 M\u00e2y ch\u1ec9 h\u1ed7 tr\u1ee3 b\u1ea3o l\u01b0u c\u00f9ng h\u1ea1ng gi\u00e1, v\u1edbi gi\u00e1 v\u00e9 cao h\u01a1n (vui l\u00f2ng b\u00f9 ph\u1ea7n ch\u00eanh l\u1ec7ch gi\u00fap M\u00e2y).<\/span><\/p>\n<p><span style=\"font-size: 14pt;\">Trong tr\u01b0\u1eddng h\u1ee3p h\u1ea1ng v\u00e9 th\u1ea5p s\u1ed1 ti\u1ec1n \u0111\u00e3 b\u1ea3o l\u01b0u, M\u00e2y kh\u00f4ng h\u1ed7 tr\u1ee3 ho\u00e0n ti\u1ec1n.<\/span><\/p>\n<p><img loading=\"lazy\" decoding=\"async\" class=\"size-full wp-image-3497 aligncenter\" src=\"https:\/\/liveshowdalat.vn\/wp-content\/uploads\/2024\/03\/san-khau-may-in-the-nest-1-1.jpg\" alt=\"s\u00e2n kh\u1ea5u m\u00e2y in the nest\" width=\"2000\" height=\"1600\" srcset=\"https:\/\/liveshowdalat.vn\/wp-content\/uploads\/2024\/03\/san-khau-may-in-the-nest-1-1.jpg 2000w, https:\/\/liveshowdalat.vn\/wp-content\/uploads\/2024\/03\/san-khau-may-in-the-nest-1-1-300x240.jpg 300w, https:\/\/liveshowdalat.vn\/wp-content\/uploads\/2024\/03\/san-khau-may-in-the-nest-1-1-1024x819.jpg 1024w, https:\/\/liveshowdalat.vn\/wp-content\/uploads\/2024\/03\/san-khau-may-in-the-nest-1-1-768x614.jpg 768w, https:\/\/liveshowdalat.vn\/wp-content\/uploads\/2024\/03\/san-khau-may-in-the-nest-1-1-1536x1229.jpg 1536w, https:\/\/liveshowdalat.vn\/wp-content\/uploads\/2024\/03\/san-khau-may-in-the-nest-1-1-600x480.jpg 600w\" sizes=\"(max-width: 2000px) 100vw, 2000px\" \/><\/p>\n<p><img loading=\"lazy\" decoding=\"async\" class=\"size-full wp-image-3462 aligncenter\" src=\"https:\/\/liveshowdalat.vn\/wp-content\/uploads\/2024\/01\/thung-lung-may-1-1.jpg\" alt=\"Khu v\u1ef1c thung l\u0169ng m\u00e2y\" width=\"2000\" height=\"1600\" srcset=\"https:\/\/liveshowdalat.vn\/wp-content\/uploads\/2024\/01\/thung-lung-may-1-1.jpg 2000w, https:\/\/liveshowdalat.vn\/wp-content\/uploads\/2024\/01\/thung-lung-may-1-1-300x240.jpg 300w, https:\/\/liveshowdalat.vn\/wp-content\/uploads\/2024\/01\/thung-lung-may-1-1-1024x819.jpg 1024w, https:\/\/liveshowdalat.vn\/wp-content\/uploads\/2024\/01\/thung-lung-may-1-1-768x614.jpg 768w, https:\/\/liveshowdalat.vn\/wp-content\/uploads\/2024\/01\/thung-lung-may-1-1-1536x1229.jpg 1536w, https:\/\/liveshowdalat.vn\/wp-content\/uploads\/2024\/01\/thung-lung-may-1-1-600x480.jpg 600w\" sizes=\"(max-width: 2000px) 100vw, 2000px\" \/><\/p>\n<p><img loading=\"lazy\" decoding=\"async\" class=\"size-full wp-image-3491 aligncenter\" src=\"https:\/\/liveshowdalat.vn\/wp-content\/uploads\/2024\/03\/san-khau-may-in-the-nest-2.jpg\" alt=\"s\u00e2n kh\u1ea5u m\u00e2y in the nest\" width=\"2000\" height=\"1600\" srcset=\"https:\/\/liveshowdalat.vn\/wp-content\/uploads\/2024\/03\/san-khau-may-in-the-nest-2.jpg 2000w, https:\/\/liveshowdalat.vn\/wp-content\/uploads\/2024\/03\/san-khau-may-in-the-nest-2-300x240.jpg 300w, https:\/\/liveshowdalat.vn\/wp-content\/uploads\/2024\/03\/san-khau-may-in-the-nest-2-1024x819.jpg 1024w, https:\/\/liveshowdalat.vn\/wp-content\/uploads\/2024\/03\/san-khau-may-in-the-nest-2-768x614.jpg 768w, https:\/\/liveshowdalat.vn\/wp-content\/uploads\/2024\/03\/san-khau-may-in-the-nest-2-1536x1229.jpg 1536w, https:\/\/liveshowdalat.vn\/wp-content\/uploads\/2024\/03\/san-khau-may-in-the-nest-2-600x480.jpg 600w\" sizes=\"(max-width: 2000px) 100vw, 2000px\" \/><\/p>\n<h2 id=\"lien-he-book-ve\"><span style=\"color: #003300;\"><b>Li\u00ean H\u1ec7 Book V\u00e9\u00a0<\/b><\/span><\/h2>\n<p><strong><span style=\"font-family: arial, helvetica, sans-serif;\"><span style=\"font-size: 14pt; color: #000000;\">Hotline\/Zalo:\u00a0<\/span><span style=\"font-size: 14pt;\">0988 249 297<\/span><\/span><\/strong><\/p>\n<p><span style=\"font-size: 14pt;\">Fanpage booking:\u00a0<a href=\"https:\/\/www.facebook.com\/liveshowdalat\/\" target=\"_blank\" rel=\"noopener\">M\u00e2y Lang Thang<\/a><\/span><\/p>\n<p><span style=\"font-size: 14pt;\">Xem th\u00eam b\u00e0i vi\u1ebft kh\u00e1c t\u1ea1i:\u00a0<a href=\"https:\/\/maylangthangshow.com\/\" rel=\"noopener\">Cloud Wandered Show\u00a0<\/a><\/span><\/p>\n<p><strong><span style=\"font-size: 14pt;\">\u00a0<\/span><\/strong><\/p>","protected":false},"excerpt":{"rendered":"<p>Danh m\u1ee5c ch\u00ednh L\u1ecaCH DI\u1ec4N TR\u00caN M\u00c2Y LANG THANG \u0110\u00c0 L\u1ea0T Li\u00ean H\u1ec7 Book V\u00e9\u00a0 L\u1ecaCH DI\u1ec4N TR\u00caN M\u00c2Y LANG THANG \u0110\u00c0 L\u1ea0T Th\u00e1ng 5 v\u1edbi nh\u1eefng ng\u00e0y \u0111\u1ea7u h\u1ea1, r\u00edu r\u00edt ti\u1ebfng ve k\u00eau ng\u00e2n vang, c\u00f9ng v\u1edbi \u0111\u00f3 l\u00e0 ti\u1ebfng g\u1ecdi c\u1ee7a nh\u1eefng b\u1ea3n nh\u1ea1c t\u00ecnh ca v\u1eabn \u0111ang v\u1eaby ch\u00e0o. N\u00e0o h\u00e3y [&hellip;]<\/p>","protected":false},"featured_media":3921,"comment_status":"open","ping_status":"closed","template":"","meta":[],"product_cat":[31,2420],"product_tag":[],"_links":{"self":[{"href":"https:\/\/liveshowdalat.vn\/en\/wp-json\/wp\/v2\/product\/3896"}],"collection":[{"href":"https:\/\/liveshowdalat.vn\/en\/wp-json\/wp\/v2\/product"}],"about":[{"href":"https:\/\/liveshowdalat.vn\/en\/wp-json\/wp\/v2\/types\/product"}],"replies":[{"embeddable":true,"href":"https:\/\/liveshowdalat.vn\/en\/wp-json\/wp\/v2\/comments?post=3896"}],"wp:featuredmedia":[{"embeddable":true,"href":"https:\/\/liveshowdalat.vn\/en\/wp-json\/wp\/v2\/media\/3921"}],"wp:attachment":[{"href":"https:\/\/liveshowdalat.vn\/en\/wp-json\/wp\/v2\/media?parent=3896"}],"wp:term":[{"taxonomy":"product_cat","embeddable":true,"href":"https:\/\/liveshowdalat.vn\/en\/wp-json\/wp\/v2\/product_cat?post=3896"},{"taxonomy":"product_tag","embeddable":true,"href":"https:\/\/liveshowdalat.vn\/en\/wp-json\/wp\/v2\/product_tag?post=3896"}],"curies":[{"name":"wp","href":"https:\/\/api.w.org\/{rel}","templated":true}]}}