{"id":3874,"date":"2024-04-02T15:25:20","date_gmt":"2024-04-02T08:25:20","guid":{"rendered":"https:\/\/maylangthangshow.com\/?p=3874"},"modified":"2024-07-14T00:51:35","modified_gmt":"2024-07-13T17:51:35","slug":"lich-dien-le-30-04-01-05-may-lang-thang","status":"publish","type":"product","link":"https:\/\/liveshowdalat.vn\/en\/lich-dien-le-30-04-01-05-may-lang-thang.html","title":{"rendered":"L\u1ecaCH DI\u1ec4N L\u1ec4 30.04 &#8211; 01.05: FULL SHOW M\u00c2Y LANG THANG"},"content":{"rendered":"<nav class=\"vietrick-auto-toc\">\n<div class=\"box-title\">\n<h3 class=\"toc-title\" id=\"select-menu\">Danh m\u1ee5c ch\u00ednh<\/h3>\n<div><ion-icon name=\"chevron-up-outline\"><\/ion-icon><\/div>\n<\/div>\n<ul class=\"toc-list\">\n<li><a href='https:\/\/liveshowdalat.vn\/en#lich-dien-le-30-04-01-05-may-lang-thang' class='heading-h2 toc-link smooth-scroll'>L\u1ecaCH DI\u1ec4N L\u1ec4 30.04 &#8211; 01.05 M\u00c2Y LANG THANG<\/a>\n<li><a href='https:\/\/liveshowdalat.vn\/en#lien-he-book-ve' class='heading-h2 toc-link smooth-scroll'>Li\u00ean H\u1ec7 Book V\u00e9\u00a0<\/a><\/ul>\n<\/ul>\n<\/li>\n<\/ul>\n<\/nav>\n<h2 style=\"text-align: center;\" id=\"lich-dien-le-30-04-01-05-may-lang-thang\"><span style=\"color: #003300;\"><strong><span style=\"font-size: 24pt;\">L\u1ecaCH DI\u1ec4N L\u1ec4 30.04 &#8211; 01.05 M\u00c2Y LANG THANG<\/span><\/strong><\/span><\/h2>\n<p><span style=\"color: #003366;\"><strong><em><span style=\"font-family: 'comic sans ms', sans-serif; font-size: 14pt;\">C\u1ea3m nh\u1eadn \u0111a d\u1ea1ng nh\u1eefng cung b\u1eadc c\u1ea3m x\u00fac c\u1ee7a con ng\u01b0\u1eddi th\u00f4ng qua giai \u0111i\u1ec7u, ca t\u1eeb l\u00e0 c\u00e1ch m\u00e0 \u00e2m nh\u1ea1c mang ch\u00fang ta x\u00edch l\u1ea1i g\u1ea7n nhau h\u01a1n v\u1edbi nh\u1eefng con tim \u0111\u1ed3ng \u0111i\u1ec7u.<\/span><\/em><\/strong><\/span><\/p>\n<p><span style=\"color: #003366;\"><strong><em><span style=\"font-family: 'comic sans ms', sans-serif; font-size: 14pt;\">Nh\u1eefng b\u1ea3n t\u00ecnh ca \u0111\u1ea7y c\u1ea3m x\u00fac &#8211; \u0111a s\u1eafc m\u00e0u, h\u1ee9a h\u1eb9n s\u1ebd mang l\u1ea1i cho b\u1ea1n m\u1ed9t d\u1ecbp l\u1ec5 kh\u00f4ng th\u1ec3 qu\u00ean khi \u0111\u1ebfn v\u1edbi show di\u1ec5n c\u1ee7a M\u00e2y Lang Thang.<\/span><\/em><\/strong><\/span><\/p>\n<p><span style=\"color: #000000;\"><strong><span style=\"font-family: 'comic sans ms', sans-serif; font-size: 14pt;\">B\u1ea1n \u0111\u00e3 c\u00f3 k\u1ebf ho\u1ea1ch g\u00ec cho k\u1ef3 ngh\u1ec9 l\u1ec5 n\u00e0y ch\u01b0a?!<\/span><\/strong><\/span><\/p>\n<p><span style=\"font-size: 14pt;\">H\u00e3y \u0111\u01b0a M\u00e2y Lang Thang v\u00e0o m\u1ed9t trong nh\u1eefng check list kh\u00f4ng th\u1ec3 thi\u1ebfu m\u00e0 b\u1ea1n s\u1ebd th\u1ef1c hi\u1ec7n trong k\u1ef3 ngh\u1ec9 n\u00e0y nh\u00e9!!<\/span><\/p>\n<p><img loading=\"lazy\" decoding=\"async\" class=\"size-full wp-image-3876 aligncenter\" src=\"https:\/\/liveshowdalat.vn\/wp-content\/uploads\/2024\/04\/May-Lang-Thang.jpg\" alt=\"M\u00e2y Lang Thang\" width=\"1644\" height=\"1644\" srcset=\"https:\/\/liveshowdalat.vn\/wp-content\/uploads\/2024\/04\/May-Lang-Thang.jpg 1644w, https:\/\/liveshowdalat.vn\/wp-content\/uploads\/2024\/04\/May-Lang-Thang-300x300.jpg 300w, https:\/\/liveshowdalat.vn\/wp-content\/uploads\/2024\/04\/May-Lang-Thang-1024x1024.jpg 1024w, https:\/\/liveshowdalat.vn\/wp-content\/uploads\/2024\/04\/May-Lang-Thang-150x150.jpg 150w, https:\/\/liveshowdalat.vn\/wp-content\/uploads\/2024\/04\/May-Lang-Thang-768x768.jpg 768w, https:\/\/liveshowdalat.vn\/wp-content\/uploads\/2024\/04\/May-Lang-Thang-1536x1536.jpg 1536w, https:\/\/liveshowdalat.vn\/wp-content\/uploads\/2024\/04\/May-Lang-Thang-600x600.jpg 600w, https:\/\/liveshowdalat.vn\/wp-content\/uploads\/2024\/04\/May-Lang-Thang-100x100.jpg 100w\" sizes=\"(max-width: 1644px) 100vw, 1644px\" \/><\/p>\n<p><strong><span style=\"font-family: 'book antiqua', palatino, serif; font-size: 14pt;\"><span style=\"font-family: arial, helvetica, sans-serif; color: #003300;\"><span style=\"font-size: 18pt;\"><span style=\"font-family: arial, helvetica, sans-serif;\">\u2665 <\/span>M\u00c2Y LANG THANG \u0110\u00c0 L\u1ea0T<\/span> <\/span><\/span><\/strong><\/p>\n<p><span style=\"font-size: 14pt;\">&#8211; <strong>S\u00e2n kh\u1ea5u Chi\u1ec1u nh\u1ea1c tr\u00ean M\u00e2y<\/strong> &#8211; M\u00e2y in The Nest, 519 Th\u00f4n M\u0103ng Linh, Ph\u01b0\u1eddng 7, TP. \u0110\u00e0 L\u1ea1t \u0399 Show Time 17:00 &#8211; 19:00<\/span><\/p>\n<p><span style=\"font-size: 14pt;\">&#8211; <strong>S\u00e2n kh\u1ea5u \u0110\u00eam nh\u1ea1c tr\u00ean M\u00e2y<\/strong> &#8211; Thung L\u0169ng M\u00e2y, S\u1ed1 4, Tr\u1ea7n Quang Di\u1ec7u, Ph\u01b0\u1eddng 10, TP. \u0110\u00e0 L\u1ea1t | Show Time 19:30 &#8211; 21:30<\/span><\/p>\n<p><img loading=\"lazy\" decoding=\"async\" class=\"size-full wp-image-3332 aligncenter\" src=\"https:\/\/liveshowdalat.vn\/wp-content\/uploads\/2024\/01\/THUNG-LUNG-MAY-1.jpg\" alt=\"THUNG L\u0168NG M\u00c2Y\" width=\"768\" height=\"730\" srcset=\"https:\/\/liveshowdalat.vn\/wp-content\/uploads\/2024\/01\/THUNG-LUNG-MAY-1.jpg 768w, https:\/\/liveshowdalat.vn\/wp-content\/uploads\/2024\/01\/THUNG-LUNG-MAY-1-300x285.jpg 300w, https:\/\/liveshowdalat.vn\/wp-content\/uploads\/2024\/01\/THUNG-LUNG-MAY-1-600x570.jpg 600w\" sizes=\"(max-width: 768px) 100vw, 768px\" \/><\/p>\n<p><strong><span style=\"font-size: 14pt;\">\u2013 26.04: L\u00ca HI\u1ebeU &#8211; V\u0168<\/span><\/strong><\/p>\n<p><em><a href=\"https:\/\/maylangthangshow.com\/le-hieu-vu-26-04.html\" rel=\"noopener\">https:\/\/maylangthangshow.com\/le-hieu-vu-26-04.html<\/a><\/em><\/p>\n<p><strong><span style=\"font-size: 14pt;\">\u2013 27.04: LAM TR\u01af\u1edcNG &#8211; HI\u1ec0N TH\u1ee4C<\/span><\/strong><\/p>\n<p><em><a href=\"https:\/\/maylangthangshow.com\/lam-truong-hien-thuc-27-04.html\" rel=\"noopener\">https:\/\/maylangthangshow.com\/lam-truong-hien-thuc-27-04.html<\/a><\/em><\/p>\n<p><strong><span style=\"font-size: 14pt;\">\u2013 29.04: T\u0102NG PH\u00daC &#8211; KM: PH\u01af\u01a0NG ANH IDOL<\/span><\/strong><\/p>\n<p><em><a href=\"https:\/\/maylangthangshow.com\/tang-phuc-29-04.html\" rel=\"noopener\">https:\/\/maylangthangshow.com\/tang-phuc-29-04.html<\/a><\/em><\/p>\n<p><strong><span style=\"font-size: 14pt;\">\u2013 30.04: [SOLD OUT]<\/span><\/strong><\/p>\n<p><span style=\"font-size: 14pt;\"><strong>\u03bf B\u1eb0NG KI\u1ec0U &#8211; KM: NH\u01af \u00dd<\/strong><\/span><\/p>\n<p><span style=\"font-size: 14pt;\"><strong>\u03bf \u0110AN TR\u01af\u1edcNG &#8211; L\u01af\u01a0NG B\u00cdCH H\u1eeeU<\/strong><\/span><\/p>\n<p><strong><span style=\"font-size: 14pt;\">\u2013 01.05: [SOLD OUT]<\/span><\/strong><\/p>\n<p><strong><span style=\"font-size: 14pt;\">\u03bf L\u1ec6 QUY\u00caN<\/span><\/strong><\/p>\n<p><strong><span style=\"font-size: 14pt;\">\u03bf L\u00ca HI\u1ebeU &#8211; PH\u01af\u01a0NG LINH<\/span><\/strong><\/p>\n<p><strong><span style=\"font-size: 14pt;\">\u2013 04.05: TH\u00d9Y CHI &#8211; V\u01af\u01a0NG ANH T\u00da<\/span><\/strong><\/p>\n<p><em><a href=\"https:\/\/maylangthangshow.com\/thuy-chi-%ce%b9-happy-bday-04-05.html\" rel=\"noopener\">https:\/\/maylangthangshow.com\/thuy-chi-%ce%b9-happy-bday-04-05.html<\/a><\/em><\/p>\n<p><span style=\"font-size: 18pt;\"><strong><span style=\"font-family: 'book antiqua', palatino, serif;\"><span style=\"font-family: arial, helvetica, sans-serif; color: #003300;\"><span style=\"font-family: arial, helvetica, sans-serif;\">\u2665 <\/span>M\u00c2Y LANG THANG H\u1ea0 LONG<\/span><\/span><\/strong><\/span><\/p>\n<p><span style=\"font-size: 14pt;\"><strong>&#8211; \u0110\u1ed2I M\u1eb6T TR\u1edcI<\/strong> &#8211; \u0110\u01b0\u1eddng \u0110\u1eb7ng B\u00e1 H\u00e1t, H\u1ed3ng Gai, TP. H\u1ea1 Long<\/span><\/p>\n<p><img loading=\"lazy\" decoding=\"async\" class=\"size-full wp-image-3372 aligncenter\" src=\"https:\/\/liveshowdalat.vn\/wp-content\/uploads\/2024\/02\/so-do-may-ha-long.jpg\" alt=\"S\u01a1 \u0110\u1ed3 M\u00e2y H\u1ea1 Long\" width=\"768\" height=\"614\" srcset=\"https:\/\/liveshowdalat.vn\/wp-content\/uploads\/2024\/02\/so-do-may-ha-long.jpg 768w, https:\/\/liveshowdalat.vn\/wp-content\/uploads\/2024\/02\/so-do-may-ha-long-300x240.jpg 300w, https:\/\/liveshowdalat.vn\/wp-content\/uploads\/2024\/02\/so-do-may-ha-long-600x480.jpg 600w\" sizes=\"(max-width: 768px) 100vw, 768px\" \/><\/p>\n<p><strong><span style=\"font-size: 14pt;\">\u2013 01.05: B\u1eb0NG KI\u1ec0U &#8211; KM: THU BA<\/span><\/strong><\/p>\n<p><em><a href=\"https:\/\/maylangthangshow.com\/bang-kieu-ha-long-01-05.html\" rel=\"noopener\">https:\/\/maylangthangshow.com\/bang-kieu-ha-long-01-05.html<\/a><\/em><\/p>\n<p><strong><span style=\"font-size: 14pt;\">\u2013 04.05: H\u1ed2 QU\u1ef2NH H\u01af\u01a0NG &#8211; KM: L\u00ca VI\u1ec6T ANH<\/span><\/strong><\/p>\n<p>&nbsp;<\/p>\n<p><span style=\"font-size: 18pt;\"><strong><span style=\"font-family: 'book antiqua', palatino, serif;\"><span style=\"font-family: arial, helvetica, sans-serif; color: #003300;\"><span style=\"font-family: arial, helvetica, sans-serif;\">\u2665 <\/span>M\u00c2Y LANG THANG VINH<\/span><\/span><\/strong><\/span><\/p>\n<p><span style=\"font-size: 14pt;\">&#8211;<strong> M\u01af\u1edcNG THANH GRAND PH\u01af\u01a0NG \u0110\u00d4NG<\/strong> &#8211; 2 Tr\u01b0\u1eddng Thi, TP. Vinh, Ngh\u1ec7 An<\/span><\/p>\n<p><span style=\"font-size: 14pt;\">&#8211;<strong> MELIA VINPERL C\u1eecA H\u1ed8I<\/strong> &#8211; Ph\u01b0\u1eddng B\u00ecnh Minh, \u0110\u01b0\u1eddng Nghi H\u1ea3i, C\u1eeda L\u00f2, Ngh\u1ec7 An.<\/span><\/p>\n<p><img loading=\"lazy\" decoding=\"async\" class=\"size-full wp-image-3778 aligncenter\" src=\"https:\/\/liveshowdalat.vn\/wp-content\/uploads\/2024\/03\/so-do-may-Vinh-1.jpg\" alt=\"s\u01a1 \u0111\u1ed3 m\u00e2y Vinh\" width=\"768\" height=\"549\" srcset=\"https:\/\/liveshowdalat.vn\/wp-content\/uploads\/2024\/03\/so-do-may-Vinh-1.jpg 768w, https:\/\/liveshowdalat.vn\/wp-content\/uploads\/2024\/03\/so-do-may-Vinh-1-300x214.jpg 300w, https:\/\/liveshowdalat.vn\/wp-content\/uploads\/2024\/03\/so-do-may-Vinh-1-600x429.jpg 600w\" sizes=\"(max-width: 768px) 100vw, 768px\" \/><\/p>\n<p><strong><span style=\"font-size: 14pt;\">\u2013 26.04: TRUNG QU\u00c2N<\/span><\/strong><\/p>\n<p><em><a href=\"https:\/\/maylangthangshow.com\/trung-quan-vinh-26-04.html\" rel=\"noopener\">https:\/\/maylangthangshow.com\/trung-quan-vinh-26-04.html<\/a><\/em><\/p>\n<p><strong><span style=\"font-size: 14pt;\">\u2013 01.05: H\u1ed2 QU\u1ef2NH H\u01af\u01a0NG &#8211; KM: L\u00ca VI\u1ec6T ANH<\/span><\/strong><\/p>\n<p><em><a href=\"https:\/\/maylangthangshow.com\/ho-quynh-huong-vinh-01-05.html\" rel=\"noopener\">https:\/\/maylangthangshow.com\/ho-quynh-huong-vinh-01-05.html<\/a><\/em><\/p>\n<p><strong><span style=\"font-size: 14pt;\">\u2013 03.05: B\u1eb0NG KI\u1ec0U &#8211; KM: THU BA<\/span><\/strong><\/p>\n<p><em><a href=\"https:\/\/maylangthangshow.com\/bang-kieu-vinh-03-05.html\" rel=\"noopener\">https:\/\/maylangthangshow.com\/bang-kieu-vinh-03-05.html<\/a><\/em><\/p>\n<p><strong><span style=\"font-family: 'book antiqua', palatino, serif; font-size: 14pt;\"><span style=\"font-family: arial, helvetica, sans-serif; color: #003300;\"><span style=\"font-size: 14pt;\"><span style=\"font-family: arial, helvetica, sans-serif; font-size: 14pt;\">\u2665 <\/span><\/span>M\u00c2Y LANG THANG \u0110\u00c0 N\u1eb4NG<\/span><\/span><\/strong><\/p>\n<p>&#8211; VERANDA \u0110\u00c0 N\u1eb4NG &#8211; \u0110\u01b0\u1eddng Tr\u1ea7n H\u01b0ng \u0110\u1ea1o, S\u01a1n Tr\u00e0, TP. \u0110\u00e0 N\u1eb5ng.<\/p>\n<p><img loading=\"lazy\" decoding=\"async\" class=\"size-full wp-image-888 aligncenter\" src=\"https:\/\/liveshowdalat.vn\/wp-content\/uploads\/2023\/02\/SO-DO-SK-MLT-VERANDA-DA-NANG.jpg\" alt=\"L\u1ecbch di\u1ec5n Liveshow M\u00e2y Lang Thang \u0110\u00e0 N\u1eb5ng th\u00e1ng 5\" width=\"600\" height=\"424\" srcset=\"https:\/\/liveshowdalat.vn\/wp-content\/uploads\/2023\/02\/SO-DO-SK-MLT-VERANDA-DA-NANG.jpg 600w, https:\/\/liveshowdalat.vn\/wp-content\/uploads\/2023\/02\/SO-DO-SK-MLT-VERANDA-DA-NANG-300x212.jpg 300w\" sizes=\"(max-width: 600px) 100vw, 600px\" \/><\/p>\n<p><strong><span style=\"font-size: 14pt;\">\u2013 04.05: HO\u00c0NG H\u1ea2I &#8211; ORANGE<\/span><\/strong><\/p>\n<p><em><a href=\"https:\/\/maylangthangshow.com\/hoang-hai-orange-04-05.html\" rel=\"noopener\">https:\/\/maylangthangshow.com\/hoang-hai-orange-04-05.html<\/a><\/em><\/p>\n<p><span style=\"font-size: 18pt;\"><strong><span style=\"font-family: 'book antiqua', palatino, serif;\"><span style=\"font-family: arial, helvetica, sans-serif; color: #003300;\"><span style=\"font-family: arial, helvetica, sans-serif;\">\u2665 <\/span>M\u00c2Y LANG THANG H\u00c0 N\u1ed8I<\/span><\/span><\/strong><\/span><\/p>\n<p><span style=\"font-size: 14pt;\"><strong>&#8211; SOL 8 &#8211; LIVE STAGE<\/strong> &#8211; S\u1ed1 8, Ph\u1ed1 Nguy\u1ec5n C\u00f4ng Hoan, Ba \u0110\u00ecnh, H\u00e0 N\u1ed9i.<\/span><\/p>\n<p><img loading=\"lazy\" decoding=\"async\" class=\"size-full wp-image-3176 aligncenter\" src=\"https:\/\/liveshowdalat.vn\/wp-content\/uploads\/2024\/02\/so-do-moi-ha-noi.jpg\" alt=\"S\u01a1 \u0111\u1ed3 M\u00e2y H\u00e0 N\u1ed9i\" width=\"768\" height=\"655\" srcset=\"https:\/\/liveshowdalat.vn\/wp-content\/uploads\/2024\/02\/so-do-moi-ha-noi.jpg 768w, https:\/\/liveshowdalat.vn\/wp-content\/uploads\/2024\/02\/so-do-moi-ha-noi-300x256.jpg 300w, https:\/\/liveshowdalat.vn\/wp-content\/uploads\/2024\/02\/so-do-moi-ha-noi-600x512.jpg 600w\" sizes=\"(max-width: 768px) 100vw, 768px\" \/><\/p>\n<p><strong><span style=\"font-size: 14pt;\">\u2013 30.04: T\u0102NG PH\u00daC &#8211; PH\u01af\u01a0NG PH\u01af\u01a0NG TH\u1ea2O<\/span><\/strong><\/p>\n<p><em><a href=\"https:\/\/maylangthangshow.com\/tang-phuc-phuong-thao-30-04.html\" rel=\"noopener\">https:\/\/maylangthangshow.com\/tang-phuc-phuong-thao-30-04.html<\/a><\/em><\/p>\n<p><span style=\"font-size: 18pt;\"><strong><span style=\"font-family: 'book antiqua', palatino, serif;\"><span style=\"font-family: arial, helvetica, sans-serif; color: #003300;\"><span style=\"font-family: arial, helvetica, sans-serif;\">\u2665 <\/span>M\u00c2Y LANG THANG THANH H\u00d3A<\/span><\/span><\/strong><\/span><\/p>\n<p><span style=\"font-size: 14pt;\"><strong>&#8211; FLC S\u1ea6M S\u01a0N THANH H\u00d3A <\/strong>&#8211; H\u1ed3 Xu\u00e2n H\u01b0\u01a1ng, Ph\u01b0\u1eddng Qu\u1ea3ng C\u01b0, S\u1ea7m S\u01a1n, Thanh H\u00f3a.<\/span><\/p>\n<p><strong><span style=\"font-size: 14pt;\">\u2013 28.04: TRUNG QU\u00c2N<\/span><\/strong><\/p>\n<p><em><a href=\"https:\/\/maylangthangshow.com\/trung-quan-thanh-hoa-28-04.html\" rel=\"noopener\">https:\/\/maylangthangshow.com\/trung-quan-thanh-hoa-28-04.html<\/a><\/em><\/p>\n<p><span style=\"font-size: 18pt; color: #003300;\"><b>L\u01afU \u00dd<\/b><\/span><\/p>\n<p><span style=\"font-size: 14pt;\">\u2013 BTC kh\u00f4ng h\u1ed7 tr\u1ee3 ho\u00e0n v\u00e9 d\u01b0\u1edbi m\u1ecdi h\u00ecnh th\u1ee9c<\/span><\/p>\n<p><span style=\"font-size: 14pt;\">\u2013 Vui l\u00f2ng kh\u00f4ng mang \u0111\u1ed3 \u0103n n\u01b0\u1edbc u\u1ed1ng b\u00ean ngo\u00e0i v\u00e0o khu v\u1ef1c bi\u1ec3u di\u1ec5n<\/span><\/p>\n<p><span style=\"font-size: 14pt;\">\u2013 Tr\u01b0\u1eddng h\u1ee3p h\u1ee7y v\u00e9 v\u00e0 b\u1ea3o l\u01b0u v\u00e9 c\u1ea7n th\u00f4ng b\u00e1o t\u1edbi BTC tr\u01b0\u1edbc 24 gi\u1edd, sau kho\u1ea3ng th\u1eddi gian tr\u00ean s\u1ebd kh\u00f4ng \u0111\u01b0\u1ee3c h\u1ed7 tr\u1ee3<\/span><\/p>\n<p><span style=\"font-size: 18pt; color: #003300;\"><b><i>B\u1ea1n l\u01b0u \u00fd th\u00f4ng tin b\u1ea3o l\u01b0u sau:<\/i><\/b><\/span><\/p>\n<p><span style=\"font-size: 14pt;\">\u2013 Th\u1eddi h\u1ea1n b\u1ea3o l\u01b0u l\u00e0 trong v\u00f2ng m\u1ed9t n\u0103m t\u00ednh theo ng\u00e0y x\u00e1c nh\u1eadn b\u1ea3o l\u01b0u.<\/span><\/p>\n<p><span style=\"font-size: 14pt;\">\u2013 B\u1ea3o l\u01b0u ch\u1ec9 c\u00f3 hi\u1ec7u l\u1ef1c c\u00f9ng khu v\u1ef1c \u0111\u00e3 \u0111\u1eb7t<\/span><\/p>\n<p><span style=\"font-size: 14pt;\">\u2013 M\u00e2y ch\u1ec9 h\u1ed7 tr\u1ee3 b\u1ea3o l\u01b0u c\u00f9ng h\u1ea1ng gi\u00e1, v\u1edbi gi\u00e1 v\u00e9 cao h\u01a1n (vui l\u00f2ng b\u00f9 ph\u1ea7n ch\u00eanh l\u1ec7ch gi\u00fap M\u00e2y).<\/span><\/p>\n<p><span style=\"font-size: 14pt;\">Trong tr\u01b0\u1eddng h\u1ee3p h\u1ea1ng v\u00e9 th\u1ea5p s\u1ed1 ti\u1ec1n \u0111\u00e3 b\u1ea3o l\u01b0u, M\u00e2y kh\u00f4ng h\u1ed7 tr\u1ee3 ho\u00e0n ti\u1ec1n.<\/span><\/p>\n<p><img loading=\"lazy\" decoding=\"async\" class=\"size-full wp-image-3000 aligncenter\" src=\"https:\/\/liveshowdalat.vn\/wp-content\/uploads\/2024\/02\/MAY-LANG-THANG-DA-NANG-1.jpg\" alt=\"M\u00c2Y LANG THANG\" width=\"2000\" height=\"1600\" srcset=\"https:\/\/liveshowdalat.vn\/wp-content\/uploads\/2024\/02\/MAY-LANG-THANG-DA-NANG-1.jpg 2000w, https:\/\/liveshowdalat.vn\/wp-content\/uploads\/2024\/02\/MAY-LANG-THANG-DA-NANG-1-300x240.jpg 300w, https:\/\/liveshowdalat.vn\/wp-content\/uploads\/2024\/02\/MAY-LANG-THANG-DA-NANG-1-1024x819.jpg 1024w, https:\/\/liveshowdalat.vn\/wp-content\/uploads\/2024\/02\/MAY-LANG-THANG-DA-NANG-1-768x614.jpg 768w, https:\/\/liveshowdalat.vn\/wp-content\/uploads\/2024\/02\/MAY-LANG-THANG-DA-NANG-1-1536x1229.jpg 1536w, https:\/\/liveshowdalat.vn\/wp-content\/uploads\/2024\/02\/MAY-LANG-THANG-DA-NANG-1-600x480.jpg 600w\" sizes=\"(max-width: 2000px) 100vw, 2000px\" \/><\/p>\n<p><img loading=\"lazy\" decoding=\"async\" class=\"size-full wp-image-3462 aligncenter\" src=\"https:\/\/liveshowdalat.vn\/wp-content\/uploads\/2024\/01\/thung-lung-may-1-1.jpg\" alt=\"Khu v\u1ef1c thung l\u0169ng m\u00e2y\" width=\"2000\" height=\"1600\" srcset=\"https:\/\/liveshowdalat.vn\/wp-content\/uploads\/2024\/01\/thung-lung-may-1-1.jpg 2000w, https:\/\/liveshowdalat.vn\/wp-content\/uploads\/2024\/01\/thung-lung-may-1-1-300x240.jpg 300w, https:\/\/liveshowdalat.vn\/wp-content\/uploads\/2024\/01\/thung-lung-may-1-1-1024x819.jpg 1024w, https:\/\/liveshowdalat.vn\/wp-content\/uploads\/2024\/01\/thung-lung-may-1-1-768x614.jpg 768w, https:\/\/liveshowdalat.vn\/wp-content\/uploads\/2024\/01\/thung-lung-may-1-1-1536x1229.jpg 1536w, https:\/\/liveshowdalat.vn\/wp-content\/uploads\/2024\/01\/thung-lung-may-1-1-600x480.jpg 600w\" sizes=\"(max-width: 2000px) 100vw, 2000px\" \/><\/p>\n<p><img loading=\"lazy\" decoding=\"async\" class=\"wp-image-2684 size-full aligncenter\" src=\"https:\/\/liveshowdalat.vn\/wp-content\/uploads\/2024\/01\/MAY-LANG-THANG-HA-NOI.jpg\" alt=\"m\u00e2y lang thang - h\u00e0 n\u1ed9i\" width=\"2000\" height=\"1600\" srcset=\"https:\/\/liveshowdalat.vn\/wp-content\/uploads\/2024\/01\/MAY-LANG-THANG-HA-NOI.jpg 2000w, https:\/\/liveshowdalat.vn\/wp-content\/uploads\/2024\/01\/MAY-LANG-THANG-HA-NOI-300x240.jpg 300w, https:\/\/liveshowdalat.vn\/wp-content\/uploads\/2024\/01\/MAY-LANG-THANG-HA-NOI-1024x819.jpg 1024w, https:\/\/liveshowdalat.vn\/wp-content\/uploads\/2024\/01\/MAY-LANG-THANG-HA-NOI-768x614.jpg 768w, https:\/\/liveshowdalat.vn\/wp-content\/uploads\/2024\/01\/MAY-LANG-THANG-HA-NOI-1536x1229.jpg 1536w, https:\/\/liveshowdalat.vn\/wp-content\/uploads\/2024\/01\/MAY-LANG-THANG-HA-NOI-600x480.jpg 600w\" sizes=\"(max-width: 2000px) 100vw, 2000px\" \/><\/p>\n<p><img loading=\"lazy\" decoding=\"async\" class=\"size-full wp-image-3719 aligncenter\" src=\"https:\/\/liveshowdalat.vn\/wp-content\/uploads\/2024\/03\/San-Khau-May-Ha-Long-1.jpg\" alt=\"S\u01a1 \u0110\u1ed3 M\u00e2y H\u1ea1 Long\" width=\"2000\" height=\"1600\" srcset=\"https:\/\/liveshowdalat.vn\/wp-content\/uploads\/2024\/03\/San-Khau-May-Ha-Long-1.jpg 2000w, https:\/\/liveshowdalat.vn\/wp-content\/uploads\/2024\/03\/San-Khau-May-Ha-Long-1-300x240.jpg 300w, https:\/\/liveshowdalat.vn\/wp-content\/uploads\/2024\/03\/San-Khau-May-Ha-Long-1-1024x819.jpg 1024w, https:\/\/liveshowdalat.vn\/wp-content\/uploads\/2024\/03\/San-Khau-May-Ha-Long-1-768x614.jpg 768w, https:\/\/liveshowdalat.vn\/wp-content\/uploads\/2024\/03\/San-Khau-May-Ha-Long-1-1536x1229.jpg 1536w, https:\/\/liveshowdalat.vn\/wp-content\/uploads\/2024\/03\/San-Khau-May-Ha-Long-1-600x480.jpg 600w\" sizes=\"(max-width: 2000px) 100vw, 2000px\" \/><\/p>\n<p>&nbsp;<\/p>\n<h2 id=\"lien-he-book-ve\"><span style=\"color: #003300;\"><b>Li\u00ean H\u1ec7 Book V\u00e9\u00a0<\/b><\/span><\/h2>\n<p><strong><span style=\"font-family: arial, helvetica, sans-serif;\"><span style=\"font-size: 14pt; color: #000000;\">Hotline\/Zalo:\u00a0<\/span><span style=\"font-size: 14pt;\">0988 249 297<\/span><\/span><\/strong><\/p>\n<p><span style=\"font-size: 14pt;\">Fanpage booking:\u00a0<a href=\"https:\/\/www.facebook.com\/liveshowdalat\/\" target=\"_blank\" rel=\"noopener\">M\u00e2y Lang Thang<\/a><\/span><\/p>\n<p><span style=\"font-size: 14pt;\">Xem th\u00eam b\u00e0i vi\u1ebft kh\u00e1c t\u1ea1i:\u00a0<a href=\"https:\/\/maylangthangshow.com\/\" rel=\"noopener\">Cloud Wandered Show\u00a0<\/a><\/span><\/p>\n<p>&nbsp;<\/p>\n<p>&nbsp;<\/p>","protected":false},"excerpt":{"rendered":"<p>Danh m\u1ee5c ch\u00ednh L\u1ecaCH DI\u1ec4N L\u1ec4 30.04 &#8211; 01.05 M\u00c2Y LANG THANG Li\u00ean H\u1ec7 Book V\u00e9\u00a0 L\u1ecaCH DI\u1ec4N L\u1ec4 30.04 &#8211; 01.05 M\u00c2Y LANG THANG C\u1ea3m nh\u1eadn \u0111a d\u1ea1ng nh\u1eefng cung b\u1eadc c\u1ea3m x\u00fac c\u1ee7a con ng\u01b0\u1eddi th\u00f4ng qua giai \u0111i\u1ec7u, ca t\u1eeb l\u00e0 c\u00e1ch m\u00e0 \u00e2m nh\u1ea1c mang ch\u00fang ta x\u00edch l\u1ea1i g\u1ea7n nhau [&hellip;]<\/p>","protected":false},"featured_media":3876,"comment_status":"open","ping_status":"closed","template":"","meta":[],"product_cat":[31,2420],"product_tag":[],"_links":{"self":[{"href":"https:\/\/liveshowdalat.vn\/en\/wp-json\/wp\/v2\/product\/3874"}],"collection":[{"href":"https:\/\/liveshowdalat.vn\/en\/wp-json\/wp\/v2\/product"}],"about":[{"href":"https:\/\/liveshowdalat.vn\/en\/wp-json\/wp\/v2\/types\/product"}],"replies":[{"embeddable":true,"href":"https:\/\/liveshowdalat.vn\/en\/wp-json\/wp\/v2\/comments?post=3874"}],"wp:featuredmedia":[{"embeddable":true,"href":"https:\/\/liveshowdalat.vn\/en\/wp-json\/wp\/v2\/media\/3876"}],"wp:attachment":[{"href":"https:\/\/liveshowdalat.vn\/en\/wp-json\/wp\/v2\/media?parent=3874"}],"wp:term":[{"taxonomy":"product_cat","embeddable":true,"href":"https:\/\/liveshowdalat.vn\/en\/wp-json\/wp\/v2\/product_cat?post=3874"},{"taxonomy":"product_tag","embeddable":true,"href":"https:\/\/liveshowdalat.vn\/en\/wp-json\/wp\/v2\/product_tag?post=3874"}],"curies":[{"name":"wp","href":"https:\/\/api.w.org\/{rel}","templated":true}]}}