{"id":3609,"date":"2024-03-11T01:41:13","date_gmt":"2024-03-10T18:41:13","guid":{"rendered":"https:\/\/maylangthangshow.com\/?p=3609"},"modified":"2024-07-13T21:15:29","modified_gmt":"2024-07-13T14:15:29","slug":"lich-dien-thang-4-may-ha-noi","status":"publish","type":"product","link":"https:\/\/liveshowdalat.vn\/en\/lich-dien-thang-4-may-ha-noi.html","title":{"rendered":"L\u1ecaCH DI\u1ec4N TH\u00c1NG 4: M\u00c2Y H\u00c0 N\u1ed8I"},"content":{"rendered":"<nav class=\"vietrick-auto-toc\">\n<div class=\"box-title\">\n<h3 class=\"toc-title\" id=\"select-menu\">Danh m\u1ee5c ch\u00ednh<\/h3>\n<div><ion-icon name=\"chevron-up-outline\"><\/ion-icon><\/div>\n<\/div>\n<ul class=\"toc-list\">\n<li><a href='https:\/\/liveshowdalat.vn\/en#lich-dien-tren-may-ha-noi' class='heading-h2 toc-link smooth-scroll'>L\u1ecaCH DI\u1ec4N TR\u00caN M\u00c2Y H\u00c0 N\u1ed8I<\/a>\n<li><a href='https:\/\/liveshowdalat.vn\/en#lien-he-book-ve' class='heading-h2 toc-link smooth-scroll'>Li\u00ean H\u1ec7 Book V\u00e9\u00a0<\/a><\/ul>\n<\/ul>\n<\/li>\n<\/ul>\n<\/nav>\n<h2 style=\"text-align: center;\" id=\"lich-dien-tren-may-ha-noi\"><strong><span style=\"font-size: 24pt; color: #003300;\">L\u1ecaCH DI\u1ec4N TR\u00caN M\u00c2Y H\u00c0 N\u1ed8I<\/span><\/strong><\/h2>\n<p><span style=\"color: #003366;\"><strong><em><span style=\"font-family: 'comic sans ms', sans-serif; font-size: 14pt;\">Kh\u00e1m ph\u00e1 kh\u00f4ng gian \u00e2m nh\u1ea1c \u0111\u1ec9nh cao t\u1ea1i M\u00e2y H\u00e0 N\u1ed9i! T\u1eeb nh\u1eefng giai \u0111i\u1ec7u s\u00f4i \u0111\u1ed9ng \u0111\u1ebfn nh\u1eefng b\u1ea3n ballad \u0111\u1ea7y c\u1ea3m x\u00fac, M\u00e2y H\u00e0 N\u1ed9i ch\u00ednh l\u00e0 \u0111i\u1ec3m \u0111\u1ebfn l\u00fd t\u01b0\u1edfng cho c\u00e1c show di\u1ec5n \u0111a d\u1ea1ng v\u00e0 \u0111\u1eb3ng c\u1ea5p.<\/span><\/em><\/strong><\/span><\/p>\n<p><strong><span style=\"color: #003366;\"><em><span style=\"font-family: 'comic sans ms', sans-serif; font-size: 14pt;\">C\u00f9ng \u0111\u1eafm ch\u00ecm trong kh\u00f4ng gian \u1ea5m c\u00fang v\u00e0 t\u1eadn h\u01b0\u1edfng nh\u1eefng ph\u00fat gi\u00e2y th\u0103ng hoa c\u00f9ng c\u00e1c ngh\u1ec7 s\u0129 h\u00e0ng \u0111\u1ea7u, \u0111\u1ec3 m\u1ed7i bu\u1ed5i bi\u1ec3u di\u1ec5n tr\u1edf th\u00e0nh m\u1ed9t tr\u1ea3i nghi\u1ec7m \u00e2m nh\u1ea1c \u0111\u1ed9c \u0111\u00e1o v\u00e0 kh\u00f4ng th\u1ec3 qu\u00ean.<\/span><\/em><\/span><\/strong><\/p>\n<p><span style=\"color: #000000; font-family: arial, helvetica, sans-serif;\"><span style=\"font-size: 14pt;\"><span style=\"font-family: arial, helvetica, sans-serif; font-size: 14pt;\">\u2665 <\/span>H\u00e3y c\u1eadp nh\u1eadt l\u1ecbch tr\u00ecnh v\u00e0 \u0111\u1eebng b\u1ecf l\u1ee1 c\u01a1 h\u1ed9i th\u01b0\u1edfng th\u1ee9c nh\u1eefng show di\u1ec5n tuy\u1ec7t v\u1eddi t\u1ea1i M\u00e2y H\u00e0 N\u1ed9i b\u1ea1n nh\u00e9 !<\/span><\/span><\/p>\n<p><img loading=\"lazy\" decoding=\"async\" class=\"aligncenter wp-image-3682 size-full\" src=\"https:\/\/liveshowdalat.vn\/wp-content\/uploads\/2024\/03\/May-Lang-Thang-Ha-Noi-1-1-1.jpg\" alt=\"L\u1ecbch Di\u1ec5n M\u00e2y Lang Thang H\u00e0 N\u1ed9i \" width=\"1638\" height=\"2048\" srcset=\"https:\/\/liveshowdalat.vn\/wp-content\/uploads\/2024\/03\/May-Lang-Thang-Ha-Noi-1-1-1.jpg 1638w, https:\/\/liveshowdalat.vn\/wp-content\/uploads\/2024\/03\/May-Lang-Thang-Ha-Noi-1-1-1-240x300.jpg 240w, https:\/\/liveshowdalat.vn\/wp-content\/uploads\/2024\/03\/May-Lang-Thang-Ha-Noi-1-1-1-819x1024.jpg 819w, https:\/\/liveshowdalat.vn\/wp-content\/uploads\/2024\/03\/May-Lang-Thang-Ha-Noi-1-1-1-768x960.jpg 768w, https:\/\/liveshowdalat.vn\/wp-content\/uploads\/2024\/03\/May-Lang-Thang-Ha-Noi-1-1-1-1229x1536.jpg 1229w, https:\/\/liveshowdalat.vn\/wp-content\/uploads\/2024\/03\/May-Lang-Thang-Ha-Noi-1-1-1-600x750.jpg 600w\" sizes=\"(max-width: 1638px) 100vw, 1638px\" \/><\/p>\n<p><span style=\"font-size: 18pt;\"><strong><span style=\"font-family: 'book antiqua', palatino, serif;\"><span style=\"font-family: arial, helvetica, sans-serif; color: #003300;\"><span style=\"font-family: arial, helvetica, sans-serif;\">\u2665 <\/span>M\u00c2Y LANG THANG H\u00c0 N\u1ed8I \u0399 <\/span><\/span><span style=\"color: #003300;\">SOL 8 &#8211; LIVE STAGE (S\u1ed1 8, Ph\u1ed1 Nguy\u1ec5n C\u00f4ng Hoan, Gi\u1ea3ng V\u00f5, Ba \u0110\u00ecnh, H\u00e0 N\u1ed9i)<\/span><\/strong><\/span><\/p>\n<hr \/>\n<p><span style=\"color: #003366;\"><strong><span style=\"font-size: 18pt;\">\u230aTH\u00c1NG 04\u230b<\/span><\/strong><\/span><\/p>\n<p><span style=\"font-size: 14pt; color: #000000;\"><strong><span style=\"font-size: 14pt;\">\u2013 10.04: M\u1ef8 LINH &#8211; UY\u00caN LINH<\/span><\/strong><\/span><\/p>\n<p><em><a href=\"https:\/\/maylangthangshow.com\/my-linh-uyen-linh-10-04.html\" rel=\"noopener\">https:\/\/maylangthangshow.com\/my-linh-uyen-linh-10-04.html<\/a><\/em><\/p>\n<p><span style=\"font-size: 14pt; color: #000000;\"><strong><span style=\"font-size: 14pt;\">\u2013 16.04: HO\u00c0NG H\u1ea2I &#8211; L\u00c2M B\u1ea2O NG\u1eccC\u00a0<\/span><\/strong><\/span><\/p>\n<p><em><a href=\"https:\/\/maylangthangshow.com\/hoang-hai-lam-bao-ngoc-16-04.html\" rel=\"noopener\">https:\/\/maylangthangshow.com\/hoang-hai-lam-bao-ngoc-16-04.html<\/a><\/em><\/p>\n<p><span style=\"font-size: 14pt; color: #000000;\"><strong><span style=\"font-size: 14pt;\">\u2013 24.04: L\u00ca HI\u1ebeU &#8211; V\u0168 &#8211; SPECIAL GUEST: TU\u1ea4N NG\u1eccC<\/span><\/strong><\/span><\/p>\n<p><em><a href=\"https:\/\/maylangthangshow.com\/le-hieu-vu-24-04.html\" rel=\"noopener\">https:\/\/maylangthangshow.com\/le-hieu-vu-24-04.html<\/a><\/em><\/p>\n<p><span style=\"font-size: 14pt; color: #000000;\"><strong><span style=\"font-size: 14pt;\">\u2013 <del>25.04: PHAN M\u1ea0NH QU\u1ef2NH<\/del><\/span><\/strong><\/span> <span style=\"font-size: 14pt;\"><strong>[SOLD OUT]<\/strong><\/span><\/p>\n<p><span style=\"font-size: 14pt; color: #000000;\"><strong><span style=\"font-size: 14pt;\">\u2013 30.04: T\u0102NG PH\u00daC &#8211; PH\u01af\u01a0NG TH\u1ea2O<\/span><\/strong><\/span><\/p>\n<p><a href=\"https:\/\/maylangthangshow.com\/tang-phuc-phuong-thao-30-04.html\" rel=\"noopener\">https:\/\/maylangthangshow.com\/tang-phuc-phuong-thao-30-04.html<\/a><\/p>\n<p><span style=\"font-size: 18pt; color: #003300;\"><b>Ch\u00ednh s\u00e1ch tr\u1ebb em b\u00ean M\u00e2y Lang Thang:<\/b><b><br \/>\n<\/b><\/span><span style=\"font-size: 14pt;\">\u2013 B\u00e9 d\u01b0\u1edbi 1m2 gi\u1ea3m 30% ( c\u00f3 gh\u1ebf ri\u00eang ), ho\u00e0n ti\u1ec1n tr\u1ef1c ti\u1ebfp t\u1ea1i show<\/span><br \/>\n<span style=\"font-size: 14pt;\">\u2013 Tr\u00ean 1m2 v\u1eabn t\u00ednh v\u00e9 nh\u01b0 ng\u01b0\u1eddi l\u1edbn.<\/span><br \/>\n<span style=\"font-size: 14pt;\">***<\/span><br \/>\n<span style=\"font-size: 14pt;\">\u2013 \u0110\u1ecba ch\u1ec9: <strong>SOL 8 &#8211; LIVE STAGE &#8211; S\u1ed1 8, Ph\u1ed1 Nguy\u1ec5n C\u00f4ng Hoan, Qu\u1eadn Ba \u0110\u00ecnh, H\u00e0 N\u1ed9i.<\/strong><\/span><br \/>\n<span style=\"font-size: 14pt;\">\u2013 Qu\u00fd kh\u00e1ch vui l\u00f2ng xem k\u1ef9 s\u01a1 \u0111\u1ed3 m\u00f4 t\u1ea3 ch\u1ed7 ng\u1ed3i ngay b\u00ean d\u01b0\u1edbi v\u00e0 h\u00ecnh \u1ea3nh s\u00e2n kh\u1ea5u th\u1eadt \u0111\u1ec3 ch\u1ecdn gh\u1ebf ng\u1ed3i ph\u00f9 h\u1ee3p.<\/span><\/p>\n<p><img loading=\"lazy\" decoding=\"async\" class=\"size-full wp-image-3176 aligncenter\" src=\"https:\/\/liveshowdalat.vn\/wp-content\/uploads\/2024\/02\/so-do-moi-ha-noi.jpg\" alt=\"S\u01a1 \u0111\u1ed3 M\u00e2y H\u00e0 N\u1ed9i\" width=\"768\" height=\"655\" srcset=\"https:\/\/liveshowdalat.vn\/wp-content\/uploads\/2024\/02\/so-do-moi-ha-noi.jpg 768w, https:\/\/liveshowdalat.vn\/wp-content\/uploads\/2024\/02\/so-do-moi-ha-noi-300x256.jpg 300w, https:\/\/liveshowdalat.vn\/wp-content\/uploads\/2024\/02\/so-do-moi-ha-noi-600x512.jpg 600w\" sizes=\"(max-width: 768px) 100vw, 768px\" \/><\/p>\n<p><span style=\"font-size: 18pt; color: #003300;\"><b>L\u01afU \u00dd<\/b><\/span><\/p>\n<p><span style=\"font-size: 14pt;\">\u2013 BTC kh\u00f4ng h\u1ed7 tr\u1ee3 ho\u00e0n v\u00e9 d\u01b0\u1edbi m\u1ecdi h\u00ecnh th\u1ee9c<\/span><\/p>\n<p><span style=\"font-size: 14pt;\">\u2013 Vui l\u00f2ng kh\u00f4ng mang \u0111\u1ed3 \u0103n n\u01b0\u1edbc u\u1ed1ng b\u00ean ngo\u00e0i v\u00e0o khu v\u1ef1c bi\u1ec3u di\u1ec5n<\/span><\/p>\n<p><span style=\"font-size: 14pt;\">\u2013 Tr\u01b0\u1eddng h\u1ee3p h\u1ee7y v\u00e9 v\u00e0 b\u1ea3o l\u01b0u v\u00e9 c\u1ea7n th\u00f4ng b\u00e1o t\u1edbi BTC tr\u01b0\u1edbc 24 gi\u1edd, sau kho\u1ea3ng th\u1eddi gian tr\u00ean s\u1ebd kh\u00f4ng \u0111\u01b0\u1ee3c h\u1ed7 tr\u1ee3<\/span><\/p>\n<p><span style=\"font-size: 18pt; color: #003300;\"><b><i>B\u1ea1n l\u01b0u \u00fd th\u00f4ng tin b\u1ea3o l\u01b0u sau:<\/i><\/b><\/span><\/p>\n<p><span style=\"font-size: 14pt;\">\u2013 Th\u1eddi h\u1ea1n b\u1ea3o l\u01b0u l\u00e0 trong v\u00f2ng m\u1ed9t n\u0103m t\u00ednh theo ng\u00e0y x\u00e1c nh\u1eadn b\u1ea3o l\u01b0u.<\/span><\/p>\n<p><span style=\"font-size: 14pt;\">\u2013 B\u1ea3o l\u01b0u ch\u1ec9 c\u00f3 hi\u1ec7u l\u1ef1c c\u00f9ng khu v\u1ef1c \u0111\u00e3 \u0111\u1eb7t<\/span><\/p>\n<p><span style=\"font-size: 14pt;\">\u2013 M\u00e2y ch\u1ec9 h\u1ed7 tr\u1ee3 b\u1ea3o l\u01b0u c\u00f9ng h\u1ea1ng gi\u00e1, v\u1edbi gi\u00e1 v\u00e9 cao h\u01a1n (vui l\u00f2ng b\u00f9 ph\u1ea7n ch\u00eanh l\u1ec7ch gi\u00fap M\u00e2y).<\/span><\/p>\n<p><span style=\"font-size: 14pt;\">Trong tr\u01b0\u1eddng h\u1ee3p h\u1ea1ng v\u00e9 th\u1ea5p s\u1ed1 ti\u1ec1n \u0111\u00e3 b\u1ea3o l\u01b0u, M\u00e2y kh\u00f4ng h\u1ed7 tr\u1ee3 ho\u00e0n ti\u1ec1n.<\/span><\/p>\n<p><img loading=\"lazy\" decoding=\"async\" class=\"size-full wp-image-2685 aligncenter\" src=\"https:\/\/liveshowdalat.vn\/wp-content\/uploads\/2024\/01\/MAY-LANG-THANG-8.jpg\" alt=\"m\u00e2y lang thang - h\u00e0 n\u1ed9i\" width=\"2000\" height=\"1600\" srcset=\"https:\/\/liveshowdalat.vn\/wp-content\/uploads\/2024\/01\/MAY-LANG-THANG-8.jpg 2000w, https:\/\/liveshowdalat.vn\/wp-content\/uploads\/2024\/01\/MAY-LANG-THANG-8-300x240.jpg 300w, https:\/\/liveshowdalat.vn\/wp-content\/uploads\/2024\/01\/MAY-LANG-THANG-8-1024x819.jpg 1024w, https:\/\/liveshowdalat.vn\/wp-content\/uploads\/2024\/01\/MAY-LANG-THANG-8-768x614.jpg 768w, https:\/\/liveshowdalat.vn\/wp-content\/uploads\/2024\/01\/MAY-LANG-THANG-8-1536x1229.jpg 1536w, https:\/\/liveshowdalat.vn\/wp-content\/uploads\/2024\/01\/MAY-LANG-THANG-8-600x480.jpg 600w\" sizes=\"(max-width: 2000px) 100vw, 2000px\" \/><\/p>\n<p><img loading=\"lazy\" decoding=\"async\" class=\"size-full wp-image-2684 aligncenter\" src=\"https:\/\/liveshowdalat.vn\/wp-content\/uploads\/2024\/01\/MAY-LANG-THANG-HA-NOI.jpg\" alt=\"m\u00e2y lang thang - h\u00e0 n\u1ed9i\" width=\"2000\" height=\"1600\" srcset=\"https:\/\/liveshowdalat.vn\/wp-content\/uploads\/2024\/01\/MAY-LANG-THANG-HA-NOI.jpg 2000w, https:\/\/liveshowdalat.vn\/wp-content\/uploads\/2024\/01\/MAY-LANG-THANG-HA-NOI-300x240.jpg 300w, https:\/\/liveshowdalat.vn\/wp-content\/uploads\/2024\/01\/MAY-LANG-THANG-HA-NOI-1024x819.jpg 1024w, https:\/\/liveshowdalat.vn\/wp-content\/uploads\/2024\/01\/MAY-LANG-THANG-HA-NOI-768x614.jpg 768w, https:\/\/liveshowdalat.vn\/wp-content\/uploads\/2024\/01\/MAY-LANG-THANG-HA-NOI-1536x1229.jpg 1536w, https:\/\/liveshowdalat.vn\/wp-content\/uploads\/2024\/01\/MAY-LANG-THANG-HA-NOI-600x480.jpg 600w\" sizes=\"(max-width: 2000px) 100vw, 2000px\" \/><\/p>\n<p><img loading=\"lazy\" decoding=\"async\" class=\"size-full wp-image-2683 aligncenter\" src=\"https:\/\/liveshowdalat.vn\/wp-content\/uploads\/2024\/01\/MAY-LANG-THANG-HA-NOI-1.jpg\" alt=\"m\u00e2y lang thang - h\u00e0 n\u1ed9i\" width=\"2000\" height=\"1600\" srcset=\"https:\/\/liveshowdalat.vn\/wp-content\/uploads\/2024\/01\/MAY-LANG-THANG-HA-NOI-1.jpg 2000w, https:\/\/liveshowdalat.vn\/wp-content\/uploads\/2024\/01\/MAY-LANG-THANG-HA-NOI-1-300x240.jpg 300w, https:\/\/liveshowdalat.vn\/wp-content\/uploads\/2024\/01\/MAY-LANG-THANG-HA-NOI-1-1024x819.jpg 1024w, https:\/\/liveshowdalat.vn\/wp-content\/uploads\/2024\/01\/MAY-LANG-THANG-HA-NOI-1-768x614.jpg 768w, https:\/\/liveshowdalat.vn\/wp-content\/uploads\/2024\/01\/MAY-LANG-THANG-HA-NOI-1-1536x1229.jpg 1536w, https:\/\/liveshowdalat.vn\/wp-content\/uploads\/2024\/01\/MAY-LANG-THANG-HA-NOI-1-600x480.jpg 600w\" sizes=\"(max-width: 2000px) 100vw, 2000px\" \/><\/p>\n<h2 id=\"lien-he-book-ve\"><span style=\"color: #003300;\"><b>Li\u00ean H\u1ec7 Book V\u00e9\u00a0<\/b><\/span><\/h2>\n<p><span style=\"font-family: arial, helvetica, sans-serif;\"><span style=\"font-size: 14pt; color: #000000;\"><b>Hotline\/Zalo:\u00a0<\/b><\/span><strong><span style=\"font-size: 14pt;\">0988 249 297<\/span><\/strong><\/span><\/p>\n<p><span style=\"font-size: 14pt;\">Fanpage booking:\u00a0<a href=\"https:\/\/www.facebook.com\/liveshowdalat\/\" target=\"_blank\" rel=\"noopener\">M\u00e2y Lang Thang<\/a><\/span><\/p>\n<p><span style=\"font-size: 14pt;\">Xem th\u00eam b\u00e0i vi\u1ebft kh\u00e1c t\u1ea1i:\u00a0<a href=\"https:\/\/maylangthangshow.com\/\" rel=\"noopener\">Cloud Wandered Show\u00a0<\/a><\/span><\/p>","protected":false},"excerpt":{"rendered":"<p>Danh m\u1ee5c ch\u00ednh L\u1ecaCH DI\u1ec4N TR\u00caN M\u00c2Y H\u00c0 N\u1ed8I Li\u00ean H\u1ec7 Book V\u00e9\u00a0 L\u1ecaCH DI\u1ec4N TR\u00caN M\u00c2Y H\u00c0 N\u1ed8I Kh\u00e1m ph\u00e1 kh\u00f4ng gian \u00e2m nh\u1ea1c \u0111\u1ec9nh cao t\u1ea1i M\u00e2y H\u00e0 N\u1ed9i! T\u1eeb nh\u1eefng giai \u0111i\u1ec7u s\u00f4i \u0111\u1ed9ng \u0111\u1ebfn nh\u1eefng b\u1ea3n ballad \u0111\u1ea7y c\u1ea3m x\u00fac, M\u00e2y H\u00e0 N\u1ed9i ch\u00ednh l\u00e0 \u0111i\u1ec3m \u0111\u1ebfn l\u00fd t\u01b0\u1edfng cho c\u00e1c [&hellip;]<\/p>","protected":false},"featured_media":3682,"comment_status":"open","ping_status":"closed","template":"","meta":[],"product_cat":[2420,31],"product_tag":[],"_links":{"self":[{"href":"https:\/\/liveshowdalat.vn\/en\/wp-json\/wp\/v2\/product\/3609"}],"collection":[{"href":"https:\/\/liveshowdalat.vn\/en\/wp-json\/wp\/v2\/product"}],"about":[{"href":"https:\/\/liveshowdalat.vn\/en\/wp-json\/wp\/v2\/types\/product"}],"replies":[{"embeddable":true,"href":"https:\/\/liveshowdalat.vn\/en\/wp-json\/wp\/v2\/comments?post=3609"}],"wp:featuredmedia":[{"embeddable":true,"href":"https:\/\/liveshowdalat.vn\/en\/wp-json\/wp\/v2\/media\/3682"}],"wp:attachment":[{"href":"https:\/\/liveshowdalat.vn\/en\/wp-json\/wp\/v2\/media?parent=3609"}],"wp:term":[{"taxonomy":"product_cat","embeddable":true,"href":"https:\/\/liveshowdalat.vn\/en\/wp-json\/wp\/v2\/product_cat?post=3609"},{"taxonomy":"product_tag","embeddable":true,"href":"https:\/\/liveshowdalat.vn\/en\/wp-json\/wp\/v2\/product_tag?post=3609"}],"curies":[{"name":"wp","href":"https:\/\/api.w.org\/{rel}","templated":true}]}}