{"id":3322,"date":"2024-02-28T16:03:40","date_gmt":"2024-02-28T09:03:40","guid":{"rendered":"https:\/\/maylangthangshow.com\/?p=3322"},"modified":"2025-05-29T00:35:49","modified_gmt":"2025-05-28T17:35:49","slug":"lich-dien-thang-3-may-da-lat","status":"publish","type":"product","link":"https:\/\/liveshowdalat.vn\/en\/lich-dien-thang-3-may-da-lat.html","title":{"rendered":"L\u1ecaCH DI\u1ec4N TH\u00c1NG 3: M\u00c2Y \u0110\u00c0 L\u1ea0T"},"content":{"rendered":"<nav class=\"vietrick-auto-toc\">\n<div class=\"box-title\">\n<h3 class=\"toc-title\" id=\"select-menu\">Danh m\u1ee5c ch\u00ednh<\/h3>\n<div><ion-icon name=\"chevron-up-outline\"><\/ion-icon><\/div>\n<\/div>\n<ul class=\"toc-list\">\n<li><a href='https:\/\/liveshowdalat.vn\/en#lich-dien-tren-may-da-lat' class='heading-h2 toc-link smooth-scroll'>L\u1ecaCH DI\u1ec4N TR\u00caN M\u00c2Y \u0110\u00c0 L\u1ea0T<\/a>\n<li><a href='https:\/\/liveshowdalat.vn\/en#lien-he-book-ve' class='heading-h2 toc-link smooth-scroll'>Li\u00ean H\u1ec7 Book V\u00e9\u00a0<\/a><\/ul>\n<\/ul>\n<\/li>\n<\/ul>\n<\/nav>\n<h2 style=\"text-align: center;\" id=\"lich-dien-tren-may-da-lat\"><strong><span style=\"font-size: 24pt; color: #003300;\">L\u1ecaCH DI\u1ec4N TR\u00caN M\u00c2Y \u0110\u00c0 L\u1ea0T<\/span><\/strong><\/h2>\n<p><span style=\"color: #003366;\"><strong><em><span style=\"font-family: 'comic sans ms', sans-serif; font-size: 14pt;\">\u00c2m nh\u1ea1c th\u1eadt s\u1ef1 l\u00e0 m\u1ed9t c\u00e1ch tuy\u1ec7t v\u1eddi \u0111\u1ec3 di\u1ec5n \u0111\u1ea1t v\u00e0 chia s\u1ebb c\u00e1c c\u1ea3m x\u00fac \u0111a d\u1ea1ng c\u1ee7a m\u1ed7i ng\u01b0\u1eddi. <\/span><\/em><\/strong><\/span><\/p>\n<p><span style=\"color: #003366;\"><strong><em><span style=\"font-family: 'comic sans ms', sans-serif; font-size: 14pt;\">Th\u00e1ng 3 s\u1eafp t\u1edbi h\u1ee9a h\u1eb9n s\u1ebd l\u00e0 m\u1ed9t th\u1eddi \u0111i\u1ec3m tuy\u1ec7t v\u1eddi \u0111\u1ec3 th\u01b0\u1edfng th\u1ee9c nh\u1eefng b\u1ea3n t\u00ecnh ca \u0111\u1ea7y m\u00e0u s\u1eafc v\u00e0 \u0111a d\u1ea1ng \u1edf M\u00e2y. <\/span><\/em><\/strong><\/span><\/p>\n<p><span style=\"color: #000000;\"><strong><span style=\"font-family: 'comic sans ms', sans-serif; font-size: 14pt;\">B\u1ea1n c\u00f3 m\u1ed9t b\u00e0i h\u00e1t n\u00e0o \u0111\u1eb7c bi\u1ec7t m\u00e0 b\u1ea1n mong \u0111\u1ee3i \u0111\u01b0\u1ee3c nghe trong th\u00e1ng 3 n\u00e0y kh\u00f4ng?<\/span><\/strong><\/span><\/p>\n<p><span style=\"font-size: 14pt;\">H\u00e3y c\u00f9ng M\u00e2y \u0110\u00e0 L\u1ea1t \u0111i\u1ec3m qua c\u00e1c ti\u1ebft m\u1ee5c s\u1ebd c\u00f3 trong th\u00e1ng v\u00e0 nhanh ch\u00f3ng \u0111\u1eb7t ch\u1ed7 \u0111\u1ec3 c\u00f3 c\u01a1 h\u1ed9i t\u1eadn h\u01b0\u1edfng kh\u00f4ng gian \u00e2m nh\u1ea1c tuy\u1ec7t v\u1eddi tr\u00ean M\u00e2y nh\u00e9 !!<\/span><\/p>\n<p><img loading=\"lazy\" decoding=\"async\" class=\"size-full wp-image-3301 aligncenter\" src=\"https:\/\/liveshowdalat.vn\/wp-content\/uploads\/2024\/02\/lich-dien-may.jpg\" alt=\"L\u1ecbch di\u1ec5n M\u00e2y Lang Thang \u0110\u00e0 L\u1ea1t\" width=\"1095\" height=\"1638\" srcset=\"https:\/\/liveshowdalat.vn\/wp-content\/uploads\/2024\/02\/lich-dien-may.jpg 1095w, https:\/\/liveshowdalat.vn\/wp-content\/uploads\/2024\/02\/lich-dien-may-201x300.jpg 201w, https:\/\/liveshowdalat.vn\/wp-content\/uploads\/2024\/02\/lich-dien-may-685x1024.jpg 685w, https:\/\/liveshowdalat.vn\/wp-content\/uploads\/2024\/02\/lich-dien-may-768x1149.jpg 768w, https:\/\/liveshowdalat.vn\/wp-content\/uploads\/2024\/02\/lich-dien-may-1027x1536.jpg 1027w, https:\/\/liveshowdalat.vn\/wp-content\/uploads\/2024\/02\/lich-dien-may-600x898.jpg 600w\" sizes=\"(max-width: 1095px) 100vw, 1095px\" \/><\/p>\n<p><strong><span style=\"font-family: 'book antiqua', palatino, serif; font-size: 14pt;\"><span style=\"font-family: arial, helvetica, sans-serif; color: #003300;\"><span style=\"font-size: 14pt;\"><span style=\"font-family: arial, helvetica, sans-serif; font-size: 14pt;\">\u2665 <\/span><\/span>M\u00c2Y LANG THANG \u0110\u00c0 L\u1ea0T <\/span><\/span><\/strong><\/p>\n<p><span style=\"font-size: 14pt;\">&#8211; <strong>S\u00e2n kh\u1ea5u Chi\u1ec1u nh\u1ea1c tr\u00ean M\u00e2y<\/strong> &#8211; M\u00e2y in The Nest, 519 Th\u00f4n M\u0103ng Linh, Ph\u01b0\u1eddng 7, TP. \u0110\u00e0 L\u1ea1t \u0399 Show Time 17:00 &#8211; 19:00<\/span><\/p>\n<p><span style=\"font-size: 14pt;\">&#8211; <strong>S\u00e2n kh\u1ea5u \u0110\u00eam nh\u1ea1c tr\u00ean M\u00e2y<\/strong> &#8211; Thung L\u0169ng M\u00e2y, S\u1ed1 4, Tr\u1ea7n Quang Di\u1ec7u, Ph\u01b0\u1eddng 10, TP. \u0110\u00e0 L\u1ea1t | Show Time 19:30 &#8211; 21:30<\/span><\/p>\n<hr \/>\n<p><span style=\"color: #003366;\"><strong><span style=\"font-size: 18pt;\">\u230aTH\u00c1NG 03\u230b<\/span><\/strong><\/span><\/p>\n<p><strong><span style=\"font-size: 14pt;\">\u2013 01.03: QU\u1ed0C THI\u00caN &amp; KH\u00c1CH M\u1edcI: PH\u01af\u01a0NG ANH IDOL &#8220;Tri\u1ec7u \u0110\u00f3a H\u1ed3ng&#8221;<\/span><\/strong><\/p>\n<p><em><a href=\"https:\/\/maylangthangshow.com\/quoc-thien-01-03.html\" rel=\"noopener\">https:\/\/maylangthangshow.com\/quoc-thien-01-03.html<\/a><\/em><\/p>\n<p><strong><span style=\"font-size: 14pt;\">\u2013 02.03: HO\u00c0NG H\u1ea2I &#8211; L\u00c2M B\u1ea2O NG\u1eccC<\/span><\/strong><\/p>\n<p><em><a href=\"https:\/\/maylangthangshow.com\/hoang-hai-lam-bao-ngoc-02-03.html\" rel=\"noopener\">https:\/\/maylangthangshow.com\/hoang-hai-lam-bao-ngoc-02-03.html<\/a><\/em><\/p>\n<p><strong><span style=\"font-size: 14pt;\">\u2013 08.03: T\u0102NG PH\u00daC &amp; KH\u00c1CH M\u1edcI: LUNA \u0110\u00c0O &#8220;Happy Women&#8217;s Day&#8221;<\/span><\/strong><\/p>\n<p><em><a href=\"https:\/\/maylangthangshow.com\/tang-phuc-08-03.html\" rel=\"noopener\">https:\/\/maylangthangshow.com\/tang-phuc-08-03.html<\/a><\/em><\/p>\n<p><strong><span style=\"font-size: 14pt;\">\u2013 09.03: TU\u1ea4N NG\u1eccC &#8211; L\u00ca HI\u1ebeU<\/span><\/strong><\/p>\n<p><em><a href=\"https:\/\/maylangthangshow.com\/tuan-ngoc-le-hieu-09-03.html\" rel=\"noopener\">https:\/\/maylangthangshow.com\/tuan-ngoc-le-hieu-09-03.html<\/a><\/em><\/p>\n<p><strong><span style=\"font-size: 14pt;\">\u2013 10.03: V\u01af\u01a0NG ANH T\u00da &#8211; MYRA TR\u1ea6N<\/span><\/strong><\/p>\n<p><em><a href=\"https:\/\/maylangthangshow.com\/vuong-anh-tu-myra-tran-10-03.html\" rel=\"noopener\">https:\/\/maylangthangshow.com\/vuong-anh-tu-myra-tran-10-03.html<\/a><\/em><\/p>\n<p><strong><span style=\"font-size: 14pt;\">\u2013 15.03: PHAN M\u1ea0NH QU\u1ef2NH &amp; KH\u00c1CH M\u1edcI: PH\u01af\u01a0NG ANH IDOL<\/span><\/strong><\/p>\n<p><em><a href=\"https:\/\/maylangthangshow.com\/phan-manh-quynh-15-03.html\" rel=\"noopener\">https:\/\/maylangthangshow.com\/phan-manh-quynh-15-03.html<\/a><\/em><\/p>\n<p><strong><span style=\"font-size: 14pt;\">\u2013 16.03: NGUY\u1ec4N TR\u1ea6N TRUNG QU\u00c2N &amp; KH\u00c1CH M\u1edcI: NH\u1eacT PH\u00c1T &#8211; MINH SU<\/span><\/strong><\/p>\n<p><em><a href=\"https:\/\/maylangthangshow.com\/nguyen-tran-trung-quan-16-03.html\" rel=\"noopener\">https:\/\/maylangthangshow.com\/nguyen-tran-trung-quan-16-03.html<\/a><\/em><\/p>\n<p><strong><span style=\"font-size: 14pt;\">\u2013 17.03: V\u0102N MAI H\u01af\u01a0NG &amp; KH\u00c1CH M\u1edcI: PH\u1ea0M H\u1ed2NG PH\u01af\u1edaC<\/span><\/strong><\/p>\n<p><em><a href=\"https:\/\/maylangthangshow.com\/van-mai-huong-17-03.html\" rel=\"noopener\">https:\/\/maylangthangshow.com\/van-mai-huong-17-03.html<\/a><\/em><\/p>\n<p><strong><span style=\"font-size: 14pt;\">\u2013 22.03: TRUNG QU\u00c2N<\/span><\/strong><\/p>\n<p><em><a href=\"https:\/\/maylangthangshow.com\/trung-quan-22-03.html\" rel=\"noopener\">https:\/\/maylangthangshow.com\/trung-quan-22-03.html<\/a><\/em><\/p>\n<p><strong><span style=\"font-size: 14pt;\">\u2013 23.03: V\u0168 C\u00c1T T\u01af\u1edcNG<\/span><\/strong><\/p>\n<p><em><a href=\"https:\/\/maylangthangshow.com\/vu-cat-tuong-23-03.html\" rel=\"noopener\">https:\/\/maylangthangshow.com\/vu-cat-tuong-23-03.html<\/a><\/em><\/p>\n<p><strong><span style=\"font-size: 14pt;\">\u2013 29.03: D\u01af\u01a0NG EDWARD &#8211; CHU TH\u00daY QU\u1ef2NH<\/span><\/strong><\/p>\n<p><em><a href=\"https:\/\/maylangthangshow.com\/duong-edward-chu-thuy-quynh-29-03.html\" rel=\"noopener\">https:\/\/maylangthangshow.com\/duong-edward-chu-thuy-quynh-29-03.html<\/a><\/em><\/p>\n<p><strong><span style=\"font-size: 14pt;\">\u2013 30.03: THU\u1ef2 CHI &#8211; L\u01af\u01a0NG B\u00cdCH H\u1eeeU<\/span><\/strong><\/p>\n<p><em><a href=\"https:\/\/maylangthangshow.com\/thuy-chi-luong-bich-huu-30-03.html\" rel=\"noopener\">https:\/\/maylangthangshow.com\/thuy-chi-luong-bich-huu-30-03.html<\/a><\/em><\/p>\n<p><span style=\"font-size: 18pt; color: #003300;\"><b>Ch\u00ednh s\u00e1ch tr\u1ebb em b\u00ean M\u00e2y Lang Thang:<\/b><b><br \/>\n<\/b><\/span><span style=\"font-size: 14pt;\">\u2013 B\u00e9 d\u01b0\u1edbi 1m2 gi\u1ea3m 30% ( c\u00f3 gh\u1ebf ri\u00eang ), ho\u00e0n ti\u1ec1n tr\u1ef1c ti\u1ebfp t\u1ea1i show<\/span><br \/>\n<span style=\"font-size: 14pt;\">\u2013 Tr\u00ean 1m2 v\u1eabn t\u00ednh v\u00e9 nh\u01b0 ng\u01b0\u1eddi l\u1edbn.<\/span><br \/>\n<span style=\"font-size: 14pt;\">***<\/span><br \/>\n<span style=\"font-size: 14pt;\">\u2013 \u0110\u1ecba ch\u1ec9: <\/span><span style=\"font-size: 14pt;\"><strong>M\u00e2y in The Nest, 519 Th\u00f4n M\u0103ng Linh, Ph\u01b0\u1eddng 7, TP. \u0110\u00e0 L\u1ea1t.<\/strong><\/span><br \/>\n<span style=\"font-size: 14pt;\">\u2013 Qu\u00fd kh\u00e1ch vui l\u00f2ng xem k\u1ef9 s\u01a1 \u0111\u1ed3 m\u00f4 t\u1ea3 ch\u1ed7 ng\u1ed3i ngay b\u00ean d\u01b0\u1edbi v\u00e0 h\u00ecnh \u1ea3nh s\u00e2n kh\u1ea5u th\u1eadt \u0111\u1ec3 ch\u1ecdn gh\u1ebf ng\u1ed3i ph\u00f9 h\u1ee3p.<\/span><\/p>\n<p><img loading=\"lazy\" decoding=\"async\" class=\"size-full wp-image-3323 aligncenter\" src=\"https:\/\/liveshowdalat.vn\/wp-content\/uploads\/2024\/02\/SO-DO-CHO-NGOI.jpg\" alt=\"M\u00e2y Lang Thang \u0110\u00e0 L\u1ea1t\" width=\"768\" height=\"543\" srcset=\"https:\/\/liveshowdalat.vn\/wp-content\/uploads\/2024\/02\/SO-DO-CHO-NGOI.jpg 768w, https:\/\/liveshowdalat.vn\/wp-content\/uploads\/2024\/02\/SO-DO-CHO-NGOI-300x212.jpg 300w, https:\/\/liveshowdalat.vn\/wp-content\/uploads\/2024\/02\/SO-DO-CHO-NGOI-600x424.jpg 600w\" sizes=\"(max-width: 768px) 100vw, 768px\" \/><\/p>\n<p><span style=\"font-size: 18pt; color: #003300;\"><b>L\u01afU \u00dd<\/b><\/span><\/p>\n<p><span style=\"font-size: 14pt;\">\u2013 BTC kh\u00f4ng h\u1ed7 tr\u1ee3 ho\u00e0n v\u00e9 d\u01b0\u1edbi m\u1ecdi h\u00ecnh th\u1ee9c<\/span><\/p>\n<p><span style=\"font-size: 14pt;\">\u2013 Vui l\u00f2ng kh\u00f4ng mang \u0111\u1ed3 \u0103n n\u01b0\u1edbc u\u1ed1ng b\u00ean ngo\u00e0i v\u00e0o khu v\u1ef1c bi\u1ec3u di\u1ec5n<\/span><\/p>\n<p><span style=\"font-size: 14pt;\">\u2013 Tr\u01b0\u1eddng h\u1ee3p h\u1ee7y v\u00e9 v\u00e0 b\u1ea3o l\u01b0u v\u00e9 c\u1ea7n th\u00f4ng b\u00e1o t\u1edbi BTC tr\u01b0\u1edbc 24 gi\u1edd, sau kho\u1ea3ng th\u1eddi gian tr\u00ean s\u1ebd kh\u00f4ng \u0111\u01b0\u1ee3c h\u1ed7 tr\u1ee3<\/span><\/p>\n<p><span style=\"font-size: 18pt; color: #003300;\"><b><i>B\u1ea1n l\u01b0u \u00fd th\u00f4ng tin b\u1ea3o l\u01b0u sau:<\/i><\/b><\/span><\/p>\n<p><span style=\"font-size: 14pt;\">\u2013 Th\u1eddi h\u1ea1n b\u1ea3o l\u01b0u l\u00e0 trong v\u00f2ng m\u1ed9t n\u0103m t\u00ednh theo ng\u00e0y x\u00e1c nh\u1eadn b\u1ea3o l\u01b0u.<\/span><\/p>\n<p><span style=\"font-size: 14pt;\">\u2013 B\u1ea3o l\u01b0u ch\u1ec9 c\u00f3 hi\u1ec7u l\u1ef1c c\u00f9ng khu v\u1ef1c \u0111\u00e3 \u0111\u1eb7t<\/span><\/p>\n<p><span style=\"font-size: 14pt;\">\u2013 M\u00e2y ch\u1ec9 h\u1ed7 tr\u1ee3 b\u1ea3o l\u01b0u c\u00f9ng h\u1ea1ng gi\u00e1, v\u1edbi gi\u00e1 v\u00e9 cao h\u01a1n (vui l\u00f2ng b\u00f9 ph\u1ea7n ch\u00eanh l\u1ec7ch gi\u00fap M\u00e2y).<\/span><\/p>\n<p><span style=\"font-size: 14pt;\">Trong tr\u01b0\u1eddng h\u1ee3p h\u1ea1ng v\u00e9 th\u1ea5p s\u1ed1 ti\u1ec1n \u0111\u00e3 b\u1ea3o l\u01b0u, M\u00e2y kh\u00f4ng h\u1ed7 tr\u1ee3 ho\u00e0n ti\u1ec1n.<\/span><\/p>\n<p><img loading=\"lazy\" decoding=\"async\" class=\"size-full wp-image-3035 aligncenter\" src=\"https:\/\/liveshowdalat.vn\/wp-content\/uploads\/2024\/02\/may-da-lat.jpg\" alt=\"M\u00e2y Lang Thang\" width=\"2000\" height=\"1600\" srcset=\"https:\/\/liveshowdalat.vn\/wp-content\/uploads\/2024\/02\/may-da-lat.jpg 2000w, https:\/\/liveshowdalat.vn\/wp-content\/uploads\/2024\/02\/may-da-lat-300x240.jpg 300w, https:\/\/liveshowdalat.vn\/wp-content\/uploads\/2024\/02\/may-da-lat-1024x819.jpg 1024w, https:\/\/liveshowdalat.vn\/wp-content\/uploads\/2024\/02\/may-da-lat-768x614.jpg 768w, https:\/\/liveshowdalat.vn\/wp-content\/uploads\/2024\/02\/may-da-lat-1536x1229.jpg 1536w, https:\/\/liveshowdalat.vn\/wp-content\/uploads\/2024\/02\/may-da-lat-600x480.jpg 600w\" sizes=\"(max-width: 2000px) 100vw, 2000px\" \/><\/p>\n<p><img loading=\"lazy\" decoding=\"async\" class=\"size-full wp-image-3034 aligncenter\" src=\"https:\/\/liveshowdalat.vn\/wp-content\/uploads\/2024\/02\/may-da-lat-1.jpg\" alt=\"M\u00e2y Lang Thang\" width=\"2000\" height=\"1600\" srcset=\"https:\/\/liveshowdalat.vn\/wp-content\/uploads\/2024\/02\/may-da-lat-1.jpg 2000w, https:\/\/liveshowdalat.vn\/wp-content\/uploads\/2024\/02\/may-da-lat-1-300x240.jpg 300w, https:\/\/liveshowdalat.vn\/wp-content\/uploads\/2024\/02\/may-da-lat-1-1024x819.jpg 1024w, https:\/\/liveshowdalat.vn\/wp-content\/uploads\/2024\/02\/may-da-lat-1-768x614.jpg 768w, https:\/\/liveshowdalat.vn\/wp-content\/uploads\/2024\/02\/may-da-lat-1-1536x1229.jpg 1536w, https:\/\/liveshowdalat.vn\/wp-content\/uploads\/2024\/02\/may-da-lat-1-600x480.jpg 600w\" sizes=\"(max-width: 2000px) 100vw, 2000px\" \/><\/p>\n<p><img loading=\"lazy\" decoding=\"async\" class=\"size-full wp-image-3025 aligncenter\" src=\"https:\/\/liveshowdalat.vn\/wp-content\/uploads\/2024\/02\/THUNG-LUNG-MAY-3.jpg\" alt=\"Thung l\u0169ng M\u00e2y - M\u00e2y Lang Thang\" width=\"2000\" height=\"1600\" srcset=\"https:\/\/liveshowdalat.vn\/wp-content\/uploads\/2024\/02\/THUNG-LUNG-MAY-3.jpg 2000w, https:\/\/liveshowdalat.vn\/wp-content\/uploads\/2024\/02\/THUNG-LUNG-MAY-3-300x240.jpg 300w, https:\/\/liveshowdalat.vn\/wp-content\/uploads\/2024\/02\/THUNG-LUNG-MAY-3-1024x819.jpg 1024w, https:\/\/liveshowdalat.vn\/wp-content\/uploads\/2024\/02\/THUNG-LUNG-MAY-3-768x614.jpg 768w, https:\/\/liveshowdalat.vn\/wp-content\/uploads\/2024\/02\/THUNG-LUNG-MAY-3-1536x1229.jpg 1536w, https:\/\/liveshowdalat.vn\/wp-content\/uploads\/2024\/02\/THUNG-LUNG-MAY-3-600x480.jpg 600w\" sizes=\"(max-width: 2000px) 100vw, 2000px\" \/><\/p>\n<h2 id=\"lien-he-book-ve\"><span style=\"color: #003300;\"><b>Li\u00ean H\u1ec7 Book V\u00e9\u00a0<\/b><\/span><\/h2>\n<p><strong><span style=\"font-family: arial, helvetica, sans-serif;\"><span style=\"font-size: 14pt; color: #000000;\">Hotline\/Zalo:\u00a0<\/span><span style=\"font-size: 14pt;\">0988 249 297<\/span><\/span><\/strong><\/p>\n<p><span style=\"font-size: 14pt;\">Fanpage booking:\u00a0<a href=\"https:\/\/www.facebook.com\/liveshowdalat\/\" target=\"_blank\" rel=\"noopener\">M\u00e2y Lang Thang<\/a><\/span><\/p>\n<p><span style=\"font-size: 14pt;\">Xem th\u00eam b\u00e0i vi\u1ebft kh\u00e1c t\u1ea1i:\u00a0<a href=\"https:\/\/maylangthangshow.com\/\" rel=\"noopener\">Cloud Wandered Show\u00a0<\/a><\/span><\/p>","protected":false},"excerpt":{"rendered":"<p>Danh m\u1ee5c ch\u00ednh L\u1ecaCH DI\u1ec4N TR\u00caN M\u00c2Y \u0110\u00c0 L\u1ea0T Li\u00ean H\u1ec7 Book V\u00e9\u00a0 L\u1ecaCH DI\u1ec4N TR\u00caN M\u00c2Y \u0110\u00c0 L\u1ea0T \u00c2m nh\u1ea1c th\u1eadt s\u1ef1 l\u00e0 m\u1ed9t c\u00e1ch tuy\u1ec7t v\u1eddi \u0111\u1ec3 di\u1ec5n \u0111\u1ea1t v\u00e0 chia s\u1ebb c\u00e1c c\u1ea3m x\u00fac \u0111a d\u1ea1ng c\u1ee7a m\u1ed7i ng\u01b0\u1eddi. Th\u00e1ng 3 s\u1eafp t\u1edbi h\u1ee9a h\u1eb9n s\u1ebd l\u00e0 m\u1ed9t th\u1eddi \u0111i\u1ec3m tuy\u1ec7t v\u1eddi [&hellip;]<\/p>","protected":false},"featured_media":3301,"comment_status":"open","ping_status":"closed","template":"","meta":[],"product_cat":[2410,31,49],"product_tag":[],"_links":{"self":[{"href":"https:\/\/liveshowdalat.vn\/en\/wp-json\/wp\/v2\/product\/3322"}],"collection":[{"href":"https:\/\/liveshowdalat.vn\/en\/wp-json\/wp\/v2\/product"}],"about":[{"href":"https:\/\/liveshowdalat.vn\/en\/wp-json\/wp\/v2\/types\/product"}],"replies":[{"embeddable":true,"href":"https:\/\/liveshowdalat.vn\/en\/wp-json\/wp\/v2\/comments?post=3322"}],"wp:featuredmedia":[{"embeddable":true,"href":"https:\/\/liveshowdalat.vn\/en\/wp-json\/wp\/v2\/media\/3301"}],"wp:attachment":[{"href":"https:\/\/liveshowdalat.vn\/en\/wp-json\/wp\/v2\/media?parent=3322"}],"wp:term":[{"taxonomy":"product_cat","embeddable":true,"href":"https:\/\/liveshowdalat.vn\/en\/wp-json\/wp\/v2\/product_cat?post=3322"},{"taxonomy":"product_tag","embeddable":true,"href":"https:\/\/liveshowdalat.vn\/en\/wp-json\/wp\/v2\/product_tag?post=3322"}],"curies":[{"name":"wp","href":"https:\/\/api.w.org\/{rel}","templated":true}]}}