{"id":300,"date":"2022-11-28T11:27:18","date_gmt":"2022-11-28T04:27:18","guid":{"rendered":"https:\/\/maylangthangshow.com\/?p=300"},"modified":"2024-07-15T16:16:40","modified_gmt":"2024-07-15T09:16:40","slug":"uyen-linh-13-01-may-in-the-nest","status":"publish","type":"product","link":"https:\/\/liveshowdalat.vn\/en\/uyen-linh-13-01-may-in-the-nest.html","title":{"rendered":"UY\u00caN LINH 13.01 &#8211; M\u00c2Y IN THE NEST"},"content":{"rendered":"<nav class=\"vietrick-auto-toc\">\n<div class=\"box-title\">\n<h3 class=\"toc-title\" id=\"select-menu\">Danh m\u1ee5c ch\u00ednh<\/h3>\n<div><ion-icon name=\"chevron-up-outline\"><\/ion-icon><\/div>\n<\/div>\n<ul class=\"toc-list\">\n<li><a href='https:\/\/liveshowdalat.vn\/en#uyen-linh-02-01' class='heading-h2 toc-link smooth-scroll'>UY\u00caN LINH 02.01<\/a>\n<ul>\n<li><a href='https:\/\/liveshowdalat.vn\/en#chieu-nhac-tren-may' class='heading-h3 toc-link smooth-scroll'>CHI\u1ec0U NH\u1ea0C TR\u00caN M\u00c2Y<\/a><\/ul>\n<li><a href='https:\/\/liveshowdalat.vn\/en#1-thong-tin-dat-ve-may-lang-thang' class='heading-h2 toc-link smooth-scroll'>1. TH\u00d4NG TIN \u0110\u1eb6T V\u00c9 M\u00c2Y LANG THANG<\/a>\n<li><a href='https:\/\/liveshowdalat.vn\/en#2-mo-ta-san-khau-may-lang-thang' class='heading-h2 toc-link smooth-scroll'>2. M\u00d4 T\u1ea2 S\u00c2N KH\u1ea4U M\u00c2Y LANG THANG<\/a>\n<li><a href='https:\/\/liveshowdalat.vn\/en#3-cac-chinh-sach-cua-may-lang-thang' class='heading-h2 toc-link smooth-scroll'>3. C\u00c1C CH\u00cdNH S\u00c1CH C\u1ee6A M\u00c2Y LANG THANG<\/a>\n<li><a href='https:\/\/liveshowdalat.vn\/en#4-hotline-dat-ve' class='heading-h2 toc-link smooth-scroll'>4. HOTLINE \u0110\u1eb6T V\u00c9<\/a><\/ul>\n<\/ul>\n<\/li>\n<\/ul>\n<\/nav>\n<h2 style=\"text-align: center;\" id=\"uyen-linh-02-01\"><span style=\"color: #003300;\"><strong>UY\u00caN LINH 02.01<\/strong><\/span><\/h2>\n<h3 style=\"text-align: center;\" id=\"chieu-nhac-tren-may\"><strong><span style=\"color: #003300;\">CHI\u1ec0U NH\u1ea0C TR\u00caN M\u00c2Y<\/span><\/strong><\/h3>\n<p style=\"text-align: center;\">UY\u00caN LINH<\/p>\n<p style=\"text-align: center;\">13.01.2023<\/p>\n<p style=\"text-align: center;\">T\u1eeb 17g00 \u0111\u1ebfn 19g00<\/p>\n<p><a href=\"https:\/\/maylangthangshow.com\/uyen-linh-13-01-may-in-the-nest.html?preview_id=300&amp;preview_nonce=3dc891a854&amp;post_format=standard&amp;_thumbnail_id=776&amp;preview=true\" rel=\"noopener\"><img loading=\"lazy\" decoding=\"async\" class=\"size-full wp-image-776 aligncenter\" src=\"https:\/\/liveshowdalat.vn\/wp-content\/uploads\/2022\/11\/MAY-LANG-THANG-13.01-MAY-IN-THE-NEST-1.jpg\" alt=\"UY\u00caN LINH 13.01\" width=\"480\" height=\"600\" srcset=\"https:\/\/liveshowdalat.vn\/wp-content\/uploads\/2022\/11\/MAY-LANG-THANG-13.01-MAY-IN-THE-NEST-1.jpg 480w, https:\/\/liveshowdalat.vn\/wp-content\/uploads\/2022\/11\/MAY-LANG-THANG-13.01-MAY-IN-THE-NEST-1-240x300.jpg 240w\" sizes=\"(max-width: 480px) 100vw, 480px\" \/><\/a><\/p>\n<p>&nbsp;<\/p>\n<h2 id=\"1-thong-tin-dat-ve-may-lang-thang\"><span style=\"color: #003300;\">1. TH\u00d4NG TIN \u0110\u1eb6T V\u00c9 M\u00c2Y LANG THANG<\/span><\/h2>\n<p>TH\u1ea2NH TH\u01a0I: 1.200.000 VN\u0110<\/p>\n<ul>\n<li>Bao g\u1ed3m 1 ph\u1ea7n n\u01b0\u1edbc<\/li>\n<\/ul>\n<p>B\u1ec0NH B\u1ed2NG: 850.000 VN\u0110<\/p>\n<p>M\u01a0 M\u00c0NG: 650.000 VN\u0110<\/p>\n<p>NH\u1edeN NH\u01a0: 450.000 VN\u0110<\/p>\n<h2 id=\"2-mo-ta-san-khau-may-lang-thang\"><span style=\"color: #003300;\">2. M\u00d4 T\u1ea2 S\u00c2N KH\u1ea4U M\u00c2Y LANG THANG<\/span><\/h2>\n<p>\u2013 \u0110\u1ecba ch\u1ec9: The Nest Dalat, 519 Th\u00f4n M\u0103ng Lin, Ph\u01b0\u1eddng 7, \u0110\u00e0 L\u1ea1t<\/p>\n<p>\u2013 \u0110\u1ecba \u0111i\u1ec3m t\u1ed5 ch\u1ee9c c\u00e1ch trung t\u00e2m th\u00e0nh ph\u1ed1 12km, qu\u00fd kh\u00e1ch l\u01b0u \u00fd t\u1ed5 ch\u1ee9c \u0111\u1ecba \u0111i\u1ec3m \u0111\u1ec3 s\u1eafp x\u1ebfp th\u1eddi gian v\u00e0 ph\u01b0\u01a1ng ti\u1ec7n di chuy\u1ec3n ph\u00f9 h\u1ee3p<\/p>\n<p>\u2013 BTC c\u00f3 h\u1ed7 tr\u1ee3 xe trung chuy\u1ec3n mi\u1ec5n ph\u00ed , qu\u00fd kh\u00e1ch c\u00f3 nhu c\u1ea7u vui l\u00f2ng b\u00e1o v\u1edbi nh\u00e2n vi\u00ean t\u01b0 v\u1ea5n theo s\u1ed1 hotline b\u00ean d\u01b0\u1edbi<\/p>\n<p>\u2013 H\u00ecnh \u1ea3nh s\u00e2n kh\u1ea5u:<\/p>\n<p><a href=\"https:\/\/maylangthangshow.com\/uyen-linh-13-01-may-in-the-nest.html?preview_id=300&amp;preview_nonce=63450fe864&amp;post_format=standard&amp;_thumbnail_id=301&amp;preview=true\" rel=\"noopener\"><img loading=\"lazy\" decoding=\"async\" class=\"aligncenter wp-image-78 size-full\" src=\"https:\/\/liveshowdalat.vn\/wp-content\/uploads\/2022\/11\/SAN-KHAU-CHIEU-MLT-DL-2.jpg\" alt=\"UY\u00caN LINH 13.01\" width=\"1200\" height=\"900\" \/><\/a><\/p>\n<p><a href=\"https:\/\/maylangthangshow.com\/uyen-linh-13-01-may-in-the-nest.html?preview_id=300&amp;preview_nonce=63450fe864&amp;post_format=standard&amp;_thumbnail_id=301&amp;preview=true\" rel=\"noopener\"><img loading=\"lazy\" decoding=\"async\" class=\"aligncenter wp-image-79 size-full\" src=\"https:\/\/liveshowdalat.vn\/wp-content\/uploads\/2022\/11\/SAN-KHAU-CHIEU-MLT-DL-1-1.jpg\" alt=\"UY\u00caN LINH 13.01\" width=\"1200\" height=\"900\" \/><\/a><\/p>\n<p><span style=\"color: #003300;\">\u2013 S\u01a1 \u0111\u1ed3 ch\u1ed7 ng\u1ed3i<\/span><\/p>\n<p><a href=\"https:\/\/maylangthangshow.com\/uyen-linh-13-01-may-in-the-nest.html?preview_id=300&amp;preview_nonce=63450fe864&amp;post_format=standard&amp;_thumbnail_id=301&amp;preview=true\" rel=\"noopener\"><img loading=\"lazy\" decoding=\"async\" class=\"aligncenter wp-image-115 size-full\" src=\"https:\/\/liveshowdalat.vn\/wp-content\/uploads\/2022\/11\/SO-DO-CHO-NGOI-MLT-DL-1-1.jpg\" alt=\"UY\u00caN LINH 13.01\" width=\"2541\" height=\"2314\" \/><\/a><\/p>\n<h2 id=\"3-cac-chinh-sach-cua-may-lang-thang\"><span style=\"color: #003300;\">3. C\u00c1C CH\u00cdNH S\u00c1CH C\u1ee6A M\u00c2Y LANG THANG<\/span><\/h2>\n<p><strong>Ch\u00ednh s\u00e1ch gh\u1ebf ng\u1ed3i b\u00ean M\u00e2y Lang Thang nh\u01b0 sau:<\/strong><\/p>\n<p>\u0110\u1ed1i v\u1edbi 2 s\u00e2n kh\u1ea5u \u1edf M\u00e2y:<br \/>\n&#8211; S\u00e2n kh\u1ea5u chi\u1ec1u \u0111\u01b0\u1ee3c ch\u1ecdn tr\u01b0\u1edbc v\u1ecb tr\u00ed gh\u1ebf ng\u1ed3i trong khu m\u00ecnh \u0111\u1eb7t.<br \/>\n&#8211; S\u00e2n kh\u1ea5u \u0111\u00eam ch\u1ec9 ch\u1ecdn khu v\u1ef1c ( v\u1ecb tr\u00ed m\u00ecnh \u0111\u1ebfn s\u1edbm \u0111\u1ec3 l\u1ef1a ch\u1ecdn v\u1ecb tr\u00ed \u0111\u1eb9p nh\u1ea5t trong khu \u0111\u00e3 \u0111\u1eb7t ).<\/p>\n<p><strong>Ch\u00ednh s\u00e1ch tr\u1ebb em b\u00ean M\u00e2y Lang Thang:<\/strong><br \/>\n&#8211; Mi\u1ec5n ph\u00ed cho b\u00e9 d\u01b0\u1edbi 3 tu\u1ed5i ( ng\u1ed3i chung gh\u1ebf v\u1edbi b\u1ed1 m\u1eb9 su\u1ed1t bu\u1ed5i di\u1ec5n )<br \/>\n&#8211; C\u00f2n n\u1ebfu b\u00e9 tr\u00ean 3 tu\u1ed5i, d\u01b0\u1edbi 1m2 th\u00ec b\u00ean em gi\u1ea3m 15% \u0111\u1ed1i v\u1edbi gh\u1ebf c\u1ee7a b\u00e9.<br \/>\n&#8211; Tr\u00ean 1m2 v\u1eabn t\u00ednh v\u00e9 nh\u01b0 ng\u01b0\u1eddi l\u1edbn \u1ea1.<\/p>\n<p><strong>B\u1ea1n l\u01b0u \u00fd th\u00f4ng tin b\u1ea3o l\u01b0u sau gi\u00fap M\u00e2y Lang Thang:<\/strong><br \/>\n&#8211; Th\u1eddi h\u1ea1n b\u1ea3o l\u01b0u l\u00e0 trong v\u00f2ng m\u1ed9t n\u0103m t\u00ednh theo ng\u00e0y x\u00e1c nh\u1eadn b\u1ea3o l\u01b0u.<br \/>\n&#8211; B\u1ea3o l\u01b0u ch\u1ec9 c\u00f3 hi\u1ec7u l\u1ef1c c\u00f9ng khu v\u1ef1c \u0111\u00e3 \u0111\u1eb7t<br \/>\n&#8211; M\u00e2y Lang Thang ch\u1ec9 h\u1ed7 tr\u1ee3 b\u1ea3o l\u01b0u c\u00f9ng h\u1ea1ng gi\u00e1, v\u1edbi gi\u00e1 v\u00e9 cao h\u01a1n (vui l\u00f2ng b\u00f9 ph\u1ea7n ch\u00eanh l\u1ec7ch gi\u00fap M\u00e2y). Trong tr\u01b0\u1eddng h\u1ee3p h\u1ea1ng v\u00e9 th\u1ea5p s\u1ed1 ti\u1ec1n \u0111\u00e3 b\u1ea3o l\u01b0u, M\u00e2y kh\u00f4ng h\u1ed7 tr\u1ee3 ho\u00e0n ti\u1ec1n \u1ea1.<\/p>\n<h2 id=\"4-hotline-dat-ve\"><span style=\"color: #003300;\">4. HOTLINE \u0110\u1eb6T V\u00c9<\/span><\/h2>\n<p>\ud83d\udcde Hotline t\u01b0 v\u1ea5n: 0986 978 394<\/p>\n<p>Fanpage booking: <a href=\"https:\/\/www.facebook.com\/liveshowdalat\/\" target=\"_blank\" rel=\"noopener\">M\u00e2y Lang Thang<\/a><\/p>\n<p>Xem th\u00eam b\u00e0i vi\u1ebft kh\u00e1c t\u1ea1i: <a href=\"https:\/\/maylangthangshow.com\/\" rel=\"noopener\">Cloud Wandered Show\u00a0<\/a><\/p>","protected":false},"excerpt":{"rendered":"<p>Danh m\u1ee5c ch\u00ednh UY\u00caN LINH 02.01 CHI\u1ec0U NH\u1ea0C TR\u00caN M\u00c2Y 1. TH\u00d4NG TIN \u0110\u1eb6T V\u00c9 M\u00c2Y LANG THANG 2. M\u00d4 T\u1ea2 S\u00c2N KH\u1ea4U M\u00c2Y LANG THANG 3. C\u00c1C CH\u00cdNH S\u00c1CH C\u1ee6A M\u00c2Y LANG THANG 4. HOTLINE \u0110\u1eb6T V\u00c9 UY\u00caN LINH 02.01 CHI\u1ec0U NH\u1ea0C TR\u00caN M\u00c2Y UY\u00caN LINH 13.01.2023 T\u1eeb 17g00 \u0111\u1ebfn 19g00 &nbsp; 1. TH\u00d4NG [&hellip;]<\/p>","protected":false},"featured_media":776,"comment_status":"open","ping_status":"closed","template":"","meta":[],"product_cat":[31,2563,2410,49],"product_tag":[],"_links":{"self":[{"href":"https:\/\/liveshowdalat.vn\/en\/wp-json\/wp\/v2\/product\/300"}],"collection":[{"href":"https:\/\/liveshowdalat.vn\/en\/wp-json\/wp\/v2\/product"}],"about":[{"href":"https:\/\/liveshowdalat.vn\/en\/wp-json\/wp\/v2\/types\/product"}],"replies":[{"embeddable":true,"href":"https:\/\/liveshowdalat.vn\/en\/wp-json\/wp\/v2\/comments?post=300"}],"wp:featuredmedia":[{"embeddable":true,"href":"https:\/\/liveshowdalat.vn\/en\/wp-json\/wp\/v2\/media\/776"}],"wp:attachment":[{"href":"https:\/\/liveshowdalat.vn\/en\/wp-json\/wp\/v2\/media?parent=300"}],"wp:term":[{"taxonomy":"product_cat","embeddable":true,"href":"https:\/\/liveshowdalat.vn\/en\/wp-json\/wp\/v2\/product_cat?post=300"},{"taxonomy":"product_tag","embeddable":true,"href":"https:\/\/liveshowdalat.vn\/en\/wp-json\/wp\/v2\/product_tag?post=300"}],"curies":[{"name":"wp","href":"https:\/\/api.w.org\/{rel}","templated":true}]}}