{"id":281,"date":"2022-11-26T09:46:58","date_gmt":"2022-11-26T02:46:58","guid":{"rendered":"https:\/\/maylangthangshow.com\/?p=281"},"modified":"2024-07-15T16:15:58","modified_gmt":"2024-07-15T09:15:58","slug":"ngoc-linh-hamlet-truong-31-12","status":"publish","type":"product","link":"https:\/\/liveshowdalat.vn\/en\/ngoc-linh-hamlet-truong-31-12.html","title":{"rendered":"NG\u1eccC LINH &#8211; HAMLET TR\u01af\u01a0NG 31.12 &#8211; \u0110\u00caM NH\u1ea0C TR\u00caN M\u00c2Y"},"content":{"rendered":"<nav class=\"vietrick-auto-toc\">\n<div class=\"box-title\">\n<h3 class=\"toc-title\" id=\"select-menu\">Danh m\u1ee5c ch\u00ednh<\/h3>\n<div><ion-icon name=\"chevron-up-outline\"><\/ion-icon><\/div>\n<\/div>\n<ul class=\"toc-list\">\n<li><a href='https:\/\/liveshowdalat.vn\/en#ngoc-linh-hamlet-truong-31-12' class='heading-h2 toc-link smooth-scroll'>NG\u1eccC LINH &#8211; HAMLET TR\u01af\u01a0NG 31.12<\/a>\n<ul>\n<li><a href='https:\/\/liveshowdalat.vn\/en#chao-tam-biet-2022' class='heading-h3 toc-link smooth-scroll'>CH\u00c0O T\u1ea0M BI\u1ec6T 2022<\/a><\/ul>\n<li><a href='https:\/\/liveshowdalat.vn\/en#1-thong-tin-dat-ve-may-lang-thang' class='heading-h2 toc-link smooth-scroll'>1. TH\u00d4NG TIN \u0110\u1eb6T V\u00c9 M\u00c2Y LANG THANG<\/a>\n<li><a href='https:\/\/liveshowdalat.vn\/en#2-mo-ta-san-khau-may-lang-thang' class='heading-h2 toc-link smooth-scroll'>2. M\u00d4 T\u1ea2 S\u00c2N KH\u1ea4U M\u00c2Y LANG THANG<\/a>\n<li><a href='https:\/\/liveshowdalat.vn\/en#3-cac-chinh-sach-cua-may-lang-thang' class='heading-h2 toc-link smooth-scroll'>3. C\u00c1C CH\u00cdNH S\u00c1CH C\u1ee6A M\u00c2Y LANG THANG<\/a>\n<li><a href='https:\/\/liveshowdalat.vn\/en#4-hotline-dat-ve' class='heading-h2 toc-link smooth-scroll'>4. HOTLINE \u0110\u1eb6T V\u00c9<\/a><\/ul>\n<\/ul>\n<\/li>\n<\/ul>\n<\/nav>\n<h2 style=\"text-align: center;\" id=\"ngoc-linh-hamlet-truong-31-12\"><span style=\"color: #003300;\"><strong>NG\u1eccC LINH &#8211; HAMLET TR\u01af\u01a0NG 31.12<\/strong><\/span><\/h2>\n<h3 style=\"text-align: center;\" id=\"chao-tam-biet-2022\"><span style=\"color: #003300;\">CH\u00c0O T\u1ea0M BI\u1ec6T 2022<\/span><\/h3>\n<h4 style=\"text-align: center;\" id=\"dem-nhac-tren-may\"><span style=\"color: #003300;\"><strong>\u0110\u00caM NH\u1ea0C TR\u00caN M\u00c2Y<\/strong><\/span><\/h4>\n<p style=\"text-align: center;\">NG\u1eccC LINH &#8211; HAMLET TR\u01af\u01a0NG &amp; KH\u00c1CH M\u1edcI: NAM DABAND<\/p>\n<p style=\"text-align: center;\">31.12.2022<\/p>\n<p style=\"text-align: center;\">T\u1eeb 19g30 \u0111\u1ebfn 21g30<\/p>\n<p><img loading=\"lazy\" decoding=\"async\" class=\"aligncenter wp-image-798 size-full\" src=\"https:\/\/liveshowdalat.vn\/wp-content\/uploads\/2022\/11\/MAY-LANG-THANG-31.12-DEM-NHAC-TREN-MAY-19g30.jpg\" alt=\"NG\u1eccC LINH - HAMLET TR\u01af\u01a0NG 31.12\" width=\"480\" height=\"600\" srcset=\"https:\/\/liveshowdalat.vn\/wp-content\/uploads\/2022\/11\/MAY-LANG-THANG-31.12-DEM-NHAC-TREN-MAY-19g30.jpg 480w, https:\/\/liveshowdalat.vn\/wp-content\/uploads\/2022\/11\/MAY-LANG-THANG-31.12-DEM-NHAC-TREN-MAY-19g30-240x300.jpg 240w\" sizes=\"(max-width: 480px) 100vw, 480px\" \/><\/p>\n<h2 id=\"1-thong-tin-dat-ve-may-lang-thang\"><span style=\"color: #003300;\">1. TH\u00d4NG TIN \u0110\u1eb6T V\u00c9 M\u00c2Y LANG THANG<\/span><\/h2>\n<p>TH\u1ea2NH TH\u01a0I &#8211; SOFA: 1.800.000 VN\u0110<\/p>\n<ul>\n<li>\u2013 1 Gh\u1ebf Sofa s\u1eed d\u1ee5ng t\u1ed1i \u0111a cho 3 ng\u01b0\u1eddi (thu\u1ed9c 2 h\u00e0ng \u0111\u1ea7u ngay tr\u01b0\u1edbc s\u00e2n kh\u1ea5u)<\/li>\n<li>\u2013 Bao g\u1ed3m \u0111\u1ed3 u\u1ed1ng<\/li>\n<\/ul>\n<p>B\u1ec0NH B\u1ed2NG: 550.000 VN\u0110<\/p>\n<p>M\u01a0 M\u00c0NG: 350.000 VN\u0110<\/p>\n<p>NH\u1edeN NH\u01a0: 250.000 VN\u0110<\/p>\n<ul>\n<li>V\u1ecb tr\u00ed ng\u1ed3i ph\u00eda tr\u00e1i s\u00e2n kh\u1ea5u<\/li>\n<\/ul>\n<h2 id=\"2-mo-ta-san-khau-may-lang-thang\"><span style=\"color: #003300;\">2. M\u00d4 T\u1ea2 S\u00c2N KH\u1ea4U M\u00c2Y LANG THANG<\/span><\/h2>\n<p>\u2013 \u0110\u1ecba ch\u1ec9: 7B Ho\u00e0ng Hoa Th\u00e1m ( H\u1ebbm H\u1ea7m \u0110\u00e1, Sau Dinh I), ph\u01b0\u1eddng 10, \u0110\u00e0 L\u1ea1t<\/p>\n<p>\u2013 H\u00ecnh \u1ea3nh s\u00e2n kh\u1ea5u:<\/p>\n<p><img loading=\"lazy\" decoding=\"async\" class=\"alignnone wp-image-134 size-medium\" src=\"https:\/\/liveshowdalat.vn\/wp-content\/uploads\/2022\/11\/SAN-KHAU-DEM-MLT-DL-1-300x225.jpg\" alt=\"THANH NG\u1eccC - TH\u00c1I D\u01af\u01a0NG 9X 03.12\" width=\"300\" height=\"225\" srcset=\"https:\/\/liveshowdalat.vn\/wp-content\/uploads\/2022\/11\/SAN-KHAU-DEM-MLT-DL-1-300x225.jpg 300w, https:\/\/liveshowdalat.vn\/wp-content\/uploads\/2022\/11\/SAN-KHAU-DEM-MLT-DL-1-1024x768.jpg 1024w, https:\/\/liveshowdalat.vn\/wp-content\/uploads\/2022\/11\/SAN-KHAU-DEM-MLT-DL-1-768x576.jpg 768w, https:\/\/liveshowdalat.vn\/wp-content\/uploads\/2022\/11\/SAN-KHAU-DEM-MLT-DL-1-600x450.jpg 600w, https:\/\/liveshowdalat.vn\/wp-content\/uploads\/2022\/11\/SAN-KHAU-DEM-MLT-DL-1.jpg 1200w\" sizes=\"(max-width: 300px) 100vw, 300px\" \/><\/p>\n<p><span style=\"color: #003300;\">\u2013 S\u01a1 \u0111\u1ed3 ch\u1ed7 ng\u1ed3i<\/span><\/p>\n<p><img loading=\"lazy\" decoding=\"async\" class=\"alignnone wp-image-143 size-medium\" src=\"https:\/\/liveshowdalat.vn\/wp-content\/uploads\/2022\/11\/SO-DO-SK-DEM-MLT-1-288x300.jpg\" alt=\"THANH NG\u1eccC - TH\u00c1I D\u01af\u01a0NG 9X 03.12\" width=\"288\" height=\"300\" srcset=\"https:\/\/liveshowdalat.vn\/wp-content\/uploads\/2022\/11\/SO-DO-SK-DEM-MLT-1-288x300.jpg 288w, https:\/\/liveshowdalat.vn\/wp-content\/uploads\/2022\/11\/SO-DO-SK-DEM-MLT-1-982x1024.jpg 982w, https:\/\/liveshowdalat.vn\/wp-content\/uploads\/2022\/11\/SO-DO-SK-DEM-MLT-1-768x801.jpg 768w, https:\/\/liveshowdalat.vn\/wp-content\/uploads\/2022\/11\/SO-DO-SK-DEM-MLT-1-1473x1536.jpg 1473w, https:\/\/liveshowdalat.vn\/wp-content\/uploads\/2022\/11\/SO-DO-SK-DEM-MLT-1-600x626.jpg 600w, https:\/\/liveshowdalat.vn\/wp-content\/uploads\/2022\/11\/SO-DO-SK-DEM-MLT-1.jpg 1858w\" sizes=\"(max-width: 288px) 100vw, 288px\" \/><\/p>\n<h2 id=\"3-cac-chinh-sach-cua-may-lang-thang\"><span style=\"color: #003300;\">3. C\u00c1C CH\u00cdNH S\u00c1CH C\u1ee6A M\u00c2Y LANG THANG<\/span><\/h2>\n<p><strong>Ch\u00ednh s\u00e1ch gh\u1ebf ng\u1ed3i b\u00ean M\u00e2y Lang Thang nh\u01b0 sau:<\/strong><\/p>\n<p>\u0110\u1ed1i v\u1edbi 2 s\u00e2n kh\u1ea5u \u1edf M\u00e2y:<br \/>\n&#8211; S\u00e2n kh\u1ea5u chi\u1ec1u \u0111\u01b0\u1ee3c ch\u1ecdn tr\u01b0\u1edbc v\u1ecb tr\u00ed gh\u1ebf ng\u1ed3i trong khu m\u00ecnh \u0111\u1eb7t.<br \/>\n&#8211; S\u00e2n kh\u1ea5u \u0111\u00eam ch\u1ec9 ch\u1ecdn khu v\u1ef1c ( v\u1ecb tr\u00ed m\u00ecnh \u0111\u1ebfn s\u1edbm \u0111\u1ec3 l\u1ef1a ch\u1ecdn v\u1ecb tr\u00ed \u0111\u1eb9p nh\u1ea5t trong khu \u0111\u00e3 \u0111\u1eb7t ).<\/p>\n<p><strong>Ch\u00ednh s\u00e1ch tr\u1ebb em b\u00ean M\u00e2y Lang Thang:<\/strong><br \/>\n&#8211; Mi\u1ec5n ph\u00ed cho b\u00e9 d\u01b0\u1edbi 3 tu\u1ed5i ( ng\u1ed3i chung gh\u1ebf v\u1edbi b\u1ed1 m\u1eb9 su\u1ed1t bu\u1ed5i di\u1ec5n )<br \/>\n&#8211; C\u00f2n n\u1ebfu b\u00e9 tr\u00ean 3 tu\u1ed5i, d\u01b0\u1edbi 1m2 th\u00ec b\u00ean em gi\u1ea3m 15% \u0111\u1ed1i v\u1edbi gh\u1ebf c\u1ee7a b\u00e9.<br \/>\n&#8211; Tr\u00ean 1m2 v\u1eabn t\u00ednh v\u00e9 nh\u01b0 ng\u01b0\u1eddi l\u1edbn \u1ea1.<\/p>\n<p><strong>B\u1ea1n l\u01b0u \u00fd th\u00f4ng tin b\u1ea3o l\u01b0u sau gi\u00fap M\u00e2y Lang Thang:<\/strong><br \/>\n&#8211; Th\u1eddi h\u1ea1n b\u1ea3o l\u01b0u l\u00e0 trong v\u00f2ng m\u1ed9t n\u0103m t\u00ednh theo ng\u00e0y x\u00e1c nh\u1eadn b\u1ea3o l\u01b0u.<br \/>\n&#8211; B\u1ea3o l\u01b0u ch\u1ec9 c\u00f3 hi\u1ec7u l\u1ef1c c\u00f9ng khu v\u1ef1c \u0111\u00e3 \u0111\u1eb7t<br \/>\n&#8211; M\u00e2y Lang Thang ch\u1ec9 h\u1ed7 tr\u1ee3 b\u1ea3o l\u01b0u c\u00f9ng h\u1ea1ng gi\u00e1, v\u1edbi gi\u00e1 v\u00e9 cao h\u01a1n (vui l\u00f2ng b\u00f9 ph\u1ea7n ch\u00eanh l\u1ec7ch gi\u00fap M\u00e2y). Trong tr\u01b0\u1eddng h\u1ee3p h\u1ea1ng v\u00e9 th\u1ea5p s\u1ed1 ti\u1ec1n \u0111\u00e3 b\u1ea3o l\u01b0u, M\u00e2y kh\u00f4ng h\u1ed7 tr\u1ee3 ho\u00e0n ti\u1ec1n \u1ea1.<\/p>\n<h2 id=\"4-hotline-dat-ve\"><span style=\"color: #003300;\">4. HOTLINE \u0110\u1eb6T V\u00c9<\/span><\/h2>\n<p>\ud83d\udcde Hotline t\u01b0 v\u1ea5n: 0986 978 394<\/p>\n<p>Fanpage booking: <a href=\"https:\/\/www.facebook.com\/liveshowdalat\/\" target=\"_blank\" rel=\"noopener\">M\u00e2y Lang Thang<\/a><\/p>\n<p>Xem th\u00eam b\u00e0i vi\u1ebft kh\u00e1c t\u1ea1i: <a href=\"https:\/\/maylangthangshow.com\/\" rel=\"noopener\">Cloud Wandered Show\u00a0<\/a><\/p>","protected":false},"excerpt":{"rendered":"<p>Danh m\u1ee5c ch\u00ednh NG\u1eccC LINH &#8211; HAMLET TR\u01af\u01a0NG 31.12 CH\u00c0O T\u1ea0M BI\u1ec6T 2022 1. TH\u00d4NG TIN \u0110\u1eb6T V\u00c9 M\u00c2Y LANG THANG 2. M\u00d4 T\u1ea2 S\u00c2N KH\u1ea4U M\u00c2Y LANG THANG 3. C\u00c1C CH\u00cdNH S\u00c1CH C\u1ee6A M\u00c2Y LANG THANG 4. HOTLINE \u0110\u1eb6T V\u00c9 NG\u1eccC LINH &#8211; HAMLET TR\u01af\u01a0NG 31.12 CH\u00c0O T\u1ea0M BI\u1ec6T 2022 \u0110\u00caM NH\u1ea0C TR\u00caN M\u00c2Y [&hellip;]<\/p>","protected":false},"featured_media":798,"comment_status":"open","ping_status":"closed","template":"","meta":[],"product_cat":[31,2574,2410,49],"product_tag":[],"_links":{"self":[{"href":"https:\/\/liveshowdalat.vn\/en\/wp-json\/wp\/v2\/product\/281"}],"collection":[{"href":"https:\/\/liveshowdalat.vn\/en\/wp-json\/wp\/v2\/product"}],"about":[{"href":"https:\/\/liveshowdalat.vn\/en\/wp-json\/wp\/v2\/types\/product"}],"replies":[{"embeddable":true,"href":"https:\/\/liveshowdalat.vn\/en\/wp-json\/wp\/v2\/comments?post=281"}],"wp:featuredmedia":[{"embeddable":true,"href":"https:\/\/liveshowdalat.vn\/en\/wp-json\/wp\/v2\/media\/798"}],"wp:attachment":[{"href":"https:\/\/liveshowdalat.vn\/en\/wp-json\/wp\/v2\/media?parent=281"}],"wp:term":[{"taxonomy":"product_cat","embeddable":true,"href":"https:\/\/liveshowdalat.vn\/en\/wp-json\/wp\/v2\/product_cat?post=281"},{"taxonomy":"product_tag","embeddable":true,"href":"https:\/\/liveshowdalat.vn\/en\/wp-json\/wp\/v2\/product_tag?post=281"}],"curies":[{"name":"wp","href":"https:\/\/api.w.org\/{rel}","templated":true}]}}