{"id":271,"date":"2022-12-22T16:50:44","date_gmt":"2022-12-22T09:50:44","guid":{"rendered":"https:\/\/lululolashow.com\/?p=271"},"modified":"2024-11-09T13:59:38","modified_gmt":"2024-11-09T06:59:38","slug":"dat-ve-liveshow-lululola-tet-2023","status":"publish","type":"product","link":"https:\/\/liveshowdalat.vn\/en\/dat-ve-liveshow-lululola-tet-2023.html","title":{"rendered":"\u0110\u1eb7t V\u00e9 Liveshow Lululola T\u1ebft 2023"},"content":{"rendered":"<nav class=\"vietrick-auto-toc\">\n<div class=\"box-title\">\n<h3 class=\"toc-title\" id=\"select-menu\">Danh m\u1ee5c ch\u00ednh<\/h3>\n<div><ion-icon name=\"chevron-up-outline\"><\/ion-icon><\/div>\n<\/div>\n<ul class=\"toc-list\">\n<li><a href='https:\/\/liveshowdalat.vn\/en#dat-ve-liveshow-lululola-tet-2023' class='heading-h2 toc-link smooth-scroll'>\u0110\u1eb7t V\u00e9 Liveshow Lululola T\u1ebft 2023<\/a>\n<li><a href='https:\/\/liveshowdalat.vn\/en#lien-he-book-ve' class='heading-h2 toc-link smooth-scroll'>Li\u00ean H\u1ec7 Book V\u00e9\u00a0<\/a><\/ul>\n<\/ul>\n<\/li>\n<\/ul>\n<\/nav>\n<h2 style=\"text-align: center;\" id=\"dat-ve-liveshow-lululola-tet-2023\"><span style=\"color: #003300;\">\u0110\u1eb7t V\u00e9 Liveshow Lululola T\u1ebft 2023<\/span><\/h2>\n<div class=\"x11i5rnm xat24cr x1mh8g0r x1vvkbs xdj266r x126k92a\">\u00a0<\/div>\n<div class=\"x11i5rnm xat24cr x1mh8g0r x1vvkbs xtlvy1s x126k92a\">\n<div dir=\"auto\">\n<div class=\"x11i5rnm xat24cr x1mh8g0r x1vvkbs xdj266r x126k92a\">\n<div dir=\"auto\"><span class=\"x3nfvp2 x1j61x8r x1fcty0u xdj266r xhhsvwb xat24cr xgzva0m xxymvpz xlup9mm x1kky2od\"><img loading=\"lazy\" decoding=\"async\" src=\"https:\/\/static.xx.fbcdn.net\/images\/emoji.php\/v9\/t5c\/1.5\/16\/1f9e7.png\" alt=\"\ud83e\udde7\" width=\"16\" height=\"16\" \/><\/span> \ud835\udc0b\ud835\udc08\u0323\ud835\udc02\ud835\udc07 \ud835\udc03\ud835\udc08\ud835\udc04\u0302\u0303\ud835\udc0d \ud835\udc0b\ud835\udc14\ud835\udc0b\ud835\udc14\ud835\udc0b\ud835\udc0e\ud835\udc0b\ud835\udc00 \ud835\udc13\ud835\udc07\ud835\udc00\u0301\ud835\udc0d\ud835\udc06 \ud835\udfcf &#8211; \ud835\udc13\ud835\udc04\u0302\u0301\ud835\udc13 \ud835\udc0d\ud835\udc06\ud835\udc14\ud835\udc18\ud835\udc04\u0302\ud835\udc0d \u0110\ud835\udc00\u0301\ud835\udc0d \ud835\udfd0\ud835\udfce\ud835\udfd0\ud835\udfd1<\/div>\n<div dir=\"auto\">M\u1edbi \u0111\u00f3 th\u1ea5m tho\u1eaft \u0111\u00e3 m\u1ed9t n\u0103m tr\u00f4i qua, d\u1ecbp \u0111\u1eb7c bi\u1ec7t nh\u1ea5t trong n\u0103m &#8211; T\u1ebft Nguy\u00ean \u0110\u00e1n \u0111\u00e3 c\u1eadn k\u1ec1. Ai c\u0169ng b\u1eadn r\u1ed9n v\u1edbi c\u00f4ng vi\u1ec7c nh\u1eefng ng\u00e0y cu\u1ed1i c\u00f9ng, n\u00f4n nao v\u1ec1 \u0111o\u00e0n t\u1ee5 c\u00f9ng gia \u0111\u00ecnh v\u00e0 ng\u01b0\u1eddi th\u00e2n. D\u00f9 c\u00f3 c\u00e1ch xa, t\u00ecnh y\u00eau th\u01b0\u01a1ng v\u1eabn kh\u00f4ng ng\u1eebng ch\u00e1y trong tim m\u1ed7i ng\u01b0\u1eddi. D\u1ecbp tr\u1edf v\u1ec1 n\u00e0y c\u00f3 l\u1ebd h\u01a1n bao gi\u1edd h\u1ebft, ch\u00fang ta \u0111\u1ec1u c\u1ea3m nh\u1eadn \u0111\u01b0\u1ee3c s\u1ef1 quan tr\u1ecdng, m\u1ed7i ph\u00fat gi\u00e2y khi b\u00ean nhau qu\u00fd gi\u00e1 \u0111\u1ebfn nh\u01b0\u1eddng n\u00e0o.<\/div>\n<div dir=\"auto\">V\u00e0 ch\u1eafc ch\u1eafn r\u1ed3i, k\u1ebf ho\u1ea1ch tr\u1edf v\u1ec1 n\u00e0y s\u1ebd kh\u00f4ng thi\u1ebfu l\u1ecbch tr\u00ecnh c\u1ee7a nh\u1eefng chuy\u1ebfn \u0111i, nh\u01b0ng cho d\u00f9 c\u00f3 \u0111i \u0111\u00e2u, mi\u1ec5n l\u00e0 b\u00ean gia \u0111\u00ecnh th\u00ec \u0111\u00e2u c\u0169ng l\u00e0 nh\u00e0 <span class=\"x3nfvp2 x1j61x8r x1fcty0u xdj266r xhhsvwb xat24cr xgzva0m xxymvpz xlup9mm x1kky2od\"><img loading=\"lazy\" decoding=\"async\" src=\"https:\/\/static.xx.fbcdn.net\/images\/emoji.php\/v9\/t42\/1.5\/16\/1f496.png\" alt=\"\ud83d\udc96\" width=\"16\" height=\"16\" \/><\/span><\/div>\n<div dir=\"auto\">T\u00ecnh y\u00eau nu\u00f4i d\u01b0\u1ee1ng t\u00e2m h\u1ed3n th\u00ec \u00e2m nh\u1ea1c l\u00e0 th\u1ee9 nu\u00f4i d\u01b0\u1ee1ng tinh th\u1ea7n, nh\u01b0 m\u1ed9t ch\u1ea5t x\u00fac t\u00e1c kh\u00f4ng th\u1ec3 thi\u1ebfu khi\u1ebfn cho c\u1ea3m x\u00fac th\u00eam th\u0103ng hoa. Kho\u1ea3ng giao \u0110\u00f4ng &#8211; Xu\u00e2n c\u1ee7a \u0110\u00e0 L\u1ea1t nh\u01b0 c\u00e0ng t\u00f4 \u0111i\u1ec3m th\u00eam cho b\u1ee9c tranh \u1ea5y, tr\u1eddi n\u1eafng trong, gi\u00f3 se se l\u1ea1nh k\u00e9o ch\u00fang ta s\u00e1t g\u1ea7n nhau h\u01a1n.<\/div>\n<div dir=\"auto\">\ud835\ude0a\ud835\ude30\u0300\ud835\ude2f \ud835\ude28\ud835\ude2a\u0300 \ud835\ude35\ud835\ude36\ud835\ude3a\ud835\ude26\u0323\u0302\ud835\ude35 \ud835\ude37\ud835\ude30\u031b\u0300\ud835\ude2a \ud835\ude29\ud835\ude30\u031b\ud835\ude2f, \ud835\ude2c\ud835\ude29\ud835\ude2a \ud835\ude35\ud835\ude22\u0302\u0301\ud835\ude35 \ud835\ude24\ud835\ude22\u0309 \ud835\ude34\ud835\ude26\u0303 \ud835\ude29\ud835\ude30\u0300\ud835\ude22 \ud835\ude32\ud835\ude36\ud835\ude3a\ud835\ude26\u0323\u0302\ud835\ude2f \ud835\ude37\ud835\ude22\u0300\ud835\ude30 \ud835\ude2f\ud835\ude29\ud835\ude22\ud835\ude36 \ud835\ude37\ud835\ude22\u0300 \ud835\ude23\ud835\ude36\u0300\ud835\ude2f\ud835\ude28 \ud835\ude24\ud835\ude29\ud835\ude22\u0301\ud835\ude3a \ud835\ude35\ud835\ude22\u0323\ud835\ude2a \ud835\ude34\ud835\ude22\u0302\ud835\ude2f \ud835\ude2c\ud835\ude29\ud835\ude22\u0302\u0301\ud835\ude36\u00a0 Lululola nh\u1ec9 <span class=\"x3nfvp2 x1j61x8r x1fcty0u xdj266r xhhsvwb xat24cr xgzva0m xxymvpz xlup9mm x1kky2od\"><img loading=\"lazy\" decoding=\"async\" src=\"https:\/\/static.xx.fbcdn.net\/images\/emoji.php\/v9\/t43\/1.5\/16\/1f970.png\" alt=\"\ud83e\udd70\" width=\"16\" height=\"16\" \/><\/span><\/div>\n<\/div>\n<div class=\"x11i5rnm xat24cr x1mh8g0r x1vvkbs xtlvy1s x126k92a\">\n<div dir=\"auto\">Li\u00ean h\u1ec7 t\u01b0 v\u1ea5n v\u00e0 book v\u00e9 <span class=\"x3nfvp2 x1j61x8r x1fcty0u xdj266r xhhsvwb xat24cr xgzva0m xxymvpz xlup9mm x1kky2od\"><img loading=\"lazy\" decoding=\"async\" src=\"https:\/\/static.xx.fbcdn.net\/images\/emoji.php\/v9\/ta8\/1.5\/16\/1f447.png\" alt=\"\ud83d\udc47\" width=\"16\" height=\"16\" \/><\/span><\/div>\n<div dir=\"auto\"><span class=\"x3nfvp2 x1j61x8r x1fcty0u xdj266r xhhsvwb xat24cr xgzva0m xxymvpz xlup9mm x1kky2od\"><img loading=\"lazy\" decoding=\"async\" src=\"https:\/\/static.xx.fbcdn.net\/images\/emoji.php\/v9\/ta9\/1.5\/16\/260e.png\" alt=\"\u260e\ufe0f\" width=\"16\" height=\"16\" \/><\/span> 0988 249 297<\/div>\n<\/div>\n<\/div>\n<p dir=\"auto\"><strong>\u0110\u1ecba ch\u1ec9: \u0110\u01b0\u1eddng 3\/4, Ph\u01b0\u1eddng 3, Th\u00e0nh ph\u1ed1 \u0110\u00e0 L\u1ea1t, L\u00e2m \u0110\u1ed3ng, Vi\u1ec7t Nam<\/strong><\/p>\n<p dir=\"auto\"><img loading=\"lazy\" decoding=\"async\" class=\"alignnone size-full wp-image-55\" src=\"https:\/\/lululolashow.com\/wp-content\/uploads\/2022\/11\/314903429_697253395101860_6536689679141881334_n.jpg\" alt=\"Lululola\" width=\"2048\" height=\"1365\" \/><\/p>\n<div class=\"x11i5rnm xat24cr x1mh8g0r x1vvkbs xtlvy1s x126k92a\">\n<div dir=\"auto\"><span class=\"x3nfvp2 x1j61x8r x1fcty0u xdj266r xhhsvwb xat24cr xgzva0m xxymvpz xlup9mm x1kky2od\"><img loading=\"lazy\" decoding=\"async\" src=\"https:\/\/static.xx.fbcdn.net\/images\/emoji.php\/v9\/t86\/1.5\/16\/1f4cd.png\" alt=\"\ud83d\udccd\" width=\"16\" height=\"16\" \/><\/span>01\/01\/2023 I Ho\u00e0i L\u00e2m \u2022 B\u1ea1ch C\u00f4ng Khanh \u2013 LululoLa Show | NH\u01af PH\u00daT BAN \u0110\u1ea6U<\/div>\n<div dir=\"auto\">Link booking:\u00a0<a href=\"https:\/\/lululolashow.com\/01-01-hoai-lam-bach-cong-khanh-nhu-nhung-phut-ban-dau.html\" rel=\"noopener\">https:\/\/lululolashow.com\/01-01-hoai-lam-bach-cong-khanh-nhu-nhung-phut-ban-dau.html<\/a><\/div>\n<\/div>\n<div class=\"x11i5rnm xat24cr x1mh8g0r x1vvkbs xtlvy1s x126k92a\">\n<div dir=\"auto\"><span class=\"x3nfvp2 x1j61x8r x1fcty0u xdj266r xhhsvwb xat24cr xgzva0m xxymvpz xlup9mm x1kky2od\"><img loading=\"lazy\" decoding=\"async\" src=\"https:\/\/static.xx.fbcdn.net\/images\/emoji.php\/v9\/t86\/1.5\/16\/1f4cd.png\" alt=\"\ud83d\udccd\" width=\"16\" height=\"16\" \/><\/span>07\/01\/2023 I Th\u00f9y Chi \u2022 V\u01b0\u01a1ng Anh T\u00fa \u2013 LululoLa Show | BU\u1ed2N TH\u00cc C\u1ee8 KH\u00d3C \u0110I<\/div>\n<div dir=\"auto\">Link booking:\u00a0<a href=\"https:\/\/lululolashow.com\/07-01-thuy-chi-vuong-anh-tu-buon-thi-cu-khoc-di.html\" rel=\"noopener\">https:\/\/lululolashow.com\/07-01-thuy-chi-vuong-anh-tu-buon-thi-cu-khoc-di.html<\/a><\/div>\n<\/div>\n<div class=\"x11i5rnm xat24cr x1mh8g0r x1vvkbs xtlvy1s x126k92a\">\n<div dir=\"auto\"><span class=\"x3nfvp2 x1j61x8r x1fcty0u xdj266r xhhsvwb xat24cr xgzva0m xxymvpz xlup9mm x1kky2od\"><img loading=\"lazy\" decoding=\"async\" src=\"https:\/\/static.xx.fbcdn.net\/images\/emoji.php\/v9\/t86\/1.5\/16\/1f4cd.png\" alt=\"\ud83d\udccd\" width=\"16\" height=\"16\" \/><\/span>08\/01\/2023 I Mai Ti\u1ebfn D\u0169ng \u2022 L\u01b0\u01a1ng B\u00edch H\u1eefu \u2013 LululoLa Show | NG\u01af\u1edcI NH\u01af ANH<\/div>\n<div dir=\"auto\">Link booking:<a href=\"https:\/\/lululolashow.com\/08-01-mai-tien-dung-luong-bich-huu-nguoi-nhu-anh.html\" rel=\"noopener\">https:\/\/lululolashow.com\/08-01-mai-tien-dung-luong-bich-huu-nguoi-nhu-anh.html<\/a><\/div>\n<\/div>\n<div class=\"x11i5rnm xat24cr x1mh8g0r x1vvkbs xtlvy1s x126k92a\">\n<div dir=\"auto\"><span class=\"x3nfvp2 x1j61x8r x1fcty0u xdj266r xhhsvwb xat24cr xgzva0m xxymvpz xlup9mm x1kky2od\"><img loading=\"lazy\" decoding=\"async\" src=\"https:\/\/static.xx.fbcdn.net\/images\/emoji.php\/v9\/t86\/1.5\/16\/1f4cd.png\" alt=\"\ud83d\udccd\" width=\"16\" height=\"16\" \/><\/span>23\/01\/2023 I B\u1ea1ch C\u00f4ng Khanh \u2022 Tr\u01b0\u01a1ng Th\u1ea3o Nhi \u2013 LululoLa Show | M\u1ed8T THO\u00c1NG H\u01af\u01a0NG T\u00ccNH<\/div>\n<div dir=\"auto\">Link booking:\u00a0<a href=\"https:\/\/lululolashow.com\/23-01-bach-cong-khanh-truong-thao-nhi-mot-thoang-huong-tinh.html\" rel=\"noopener\">https:\/\/lululolashow.com\/23-01-bach-cong-khanh-truong-thao-nhi-mot-thoang-huong-tinh.html<\/a><\/div>\n<\/div>\n<div class=\"x11i5rnm xat24cr x1mh8g0r x1vvkbs xtlvy1s x126k92a\">\n<div dir=\"auto\"><span class=\"x3nfvp2 x1j61x8r x1fcty0u xdj266r xhhsvwb xat24cr xgzva0m xxymvpz xlup9mm x1kky2od\"><img loading=\"lazy\" decoding=\"async\" src=\"https:\/\/static.xx.fbcdn.net\/images\/emoji.php\/v9\/t86\/1.5\/16\/1f4cd.png\" alt=\"\ud83d\udccd\" width=\"16\" height=\"16\" \/><\/span>24\/01\/2023 I V\u0103n Mai H\u01b0\u01a1ng \u2022 Sofia \u2022 Kh\u00f3i \u2013 LululoLa Show | CHO EM M\u1ed8T L\u1ea6N Y\u00caU<\/div>\n<div dir=\"auto\">Link booking:\u00a0<a href=\"https:\/\/lululolashow.com\/24-01-van-mai-huong-sofia-khoi-cho-em-mot-lan-yeu.html\" rel=\"noopener\">https:\/\/lululolashow.com\/24-01-van-mai-huong-sofia-khoi-cho-em-mot-lan-yeu.html<\/a><\/div>\n<\/div>\n<div class=\"x11i5rnm xat24cr x1mh8g0r x1vvkbs xtlvy1s x126k92a\">\n<div dir=\"auto\"><span class=\"x3nfvp2 x1j61x8r x1fcty0u xdj266r xhhsvwb xat24cr xgzva0m xxymvpz xlup9mm x1kky2od\"><img loading=\"lazy\" decoding=\"async\" src=\"https:\/\/static.xx.fbcdn.net\/images\/emoji.php\/v9\/t86\/1.5\/16\/1f4cd.png\" alt=\"\ud83d\udccd\" width=\"16\" height=\"16\" \/><\/span>25\/01\/2023 I UPDATING SHOW \u2013 LululoLa Show |<\/div>\n<div dir=\"auto\">Link booking: \u0110ANG C\u1eacP NH\u1eacT \u2026<\/div>\n<\/div>\n<div class=\"x11i5rnm xat24cr x1mh8g0r x1vvkbs xtlvy1s x126k92a\">\n<div dir=\"auto\"><span class=\"x3nfvp2 x1j61x8r x1fcty0u xdj266r xhhsvwb xat24cr xgzva0m xxymvpz xlup9mm x1kky2od\"><img loading=\"lazy\" decoding=\"async\" src=\"https:\/\/static.xx.fbcdn.net\/images\/emoji.php\/v9\/t86\/1.5\/16\/1f4cd.png\" alt=\"\ud83d\udccd\" width=\"16\" height=\"16\" \/><\/span>26\/01\/2023 I Trung Qu\u00e2n \u2022 Myra Tr\u1ea7n \u2013 LululoLa Show | ANH T\u1ef0 DO NH\u01afNG C\u00d4 \u0110\u01a0N<\/div>\n<div dir=\"auto\">Link booking:<a href=\"https:\/\/lululolashow.com\/26-01-trung-quan-idol-myra-tran-anh-tu-do-nhung-co-don.html\" rel=\"noopener\">https:\/\/lululolashow.com\/26-01-trung-quan-idol-myra-tran-anh-tu-do-nhung-co-don.html<\/a><\/div>\n<\/div>\n<div class=\"x11i5rnm xat24cr x1mh8g0r x1vvkbs xtlvy1s x126k92a\">\n<div dir=\"auto\"><span class=\"x3nfvp2 x1j61x8r x1fcty0u xdj266r xhhsvwb xat24cr xgzva0m xxymvpz xlup9mm x1kky2od\"><img loading=\"lazy\" decoding=\"async\" src=\"https:\/\/static.xx.fbcdn.net\/images\/emoji.php\/v9\/t86\/1.5\/16\/1f4cd.png\" alt=\"\ud83d\udccd\" width=\"16\" height=\"16\" \/><\/span>27\/01\/2023 I \u01afng Ho\u00e0ng Ph\u00fac \u2013 LululoLa Show | TR\u1eccN V\u1eb8N NGH\u0128A T\u00ccNH<\/div>\n<div dir=\"auto\">Link booking:\u00a0<a href=\"https:\/\/lululolashow.com\/27-01-ung-hoang-phuc-tron-ven-nghia-tinh.html\" rel=\"noopener\">https:\/\/lululolashow.com\/27-01-ung-hoang-phuc-tron-ven-nghia-tinh.html<\/a><\/div>\n<\/div>\n<div class=\"x11i5rnm xat24cr x1mh8g0r x1vvkbs xtlvy1s x126k92a\">\n<div dir=\"auto\"><span class=\"x3nfvp2 x1j61x8r x1fcty0u xdj266r xhhsvwb xat24cr xgzva0m xxymvpz xlup9mm x1kky2od\"><img loading=\"lazy\" decoding=\"async\" src=\"https:\/\/static.xx.fbcdn.net\/images\/emoji.php\/v9\/t86\/1.5\/16\/1f4cd.png\" alt=\"\ud83d\udccd\" width=\"16\" height=\"16\" \/><\/span>28\/01\/2023 I V\u0169 C\u00e1t T\u01b0\u1eddng \u2013 LululoLa Show | SPECIAL SHOW<\/div>\n<div dir=\"auto\">Link booking:\u00a0<a href=\"https:\/\/lululolashow.com\/28-01-vu-cat-tuong-special-show.html\" rel=\"noopener\">https:\/\/lululolashow.com\/28-01-vu-cat-tuong-special-show.html<\/a><\/div>\n<\/div>\n<div class=\"x11i5rnm xat24cr x1mh8g0r x1vvkbs xtlvy1s x126k92a\">\n<div dir=\"auto\"><span class=\"x3nfvp2 x1j61x8r x1fcty0u xdj266r xhhsvwb xat24cr xgzva0m xxymvpz xlup9mm x1kky2od\"><img loading=\"lazy\" decoding=\"async\" src=\"https:\/\/static.xx.fbcdn.net\/images\/emoji.php\/v9\/t86\/1.5\/16\/1f4cd.png\" alt=\"\ud83d\udccd\" width=\"16\" height=\"16\" \/><\/span>29\/01\/2023 I UPDATING SHOW \u2013 LululoLa Show |<\/div>\n<div dir=\"auto\">Link booking:\u00a0<a href=\"https:\/\/lululolashow.com\/29-01-trinh-thang-binh-dat-g-khac-biet-nay-tham-chi-con-to-lon-hon.html\" rel=\"noopener\">https:\/\/lululolashow.com\/29-01-trinh-thang-binh-dat-g-khac-biet-nay-tham-chi-con-to-lon-hon.html<\/a><\/div>\n<\/div>\n<div class=\"x11i5rnm xat24cr x1mh8g0r x1vvkbs xtlvy1s x126k92a\">\n<div dir=\"auto\"><span class=\"x3nfvp2 x1j61x8r x1fcty0u xdj266r xhhsvwb xat24cr xgzva0m xxymvpz xlup9mm x1kky2od\"><img loading=\"lazy\" decoding=\"async\" src=\"https:\/\/static.xx.fbcdn.net\/images\/emoji.php\/v9\/t86\/1.5\/16\/1f4cd.png\" alt=\"\ud83d\udccd\" width=\"16\" height=\"16\" \/><\/span>30\/01\/2023 I Vicky Nhung \u2013 LululoLa Show | ANH KH\u00d4NG MU\u1ed0N RA \u0110I<\/div>\n<div dir=\"auto\">Link booking:\u00a0<a href=\"https:\/\/lululolashow.com\/30-01-vicky-nhung-anh-khong-muon-ra-di.html\" rel=\"noopener\">https:\/\/lululolashow.com\/30-01-vicky-nhung-anh-khong-muon-ra-di.html<\/a><\/div>\n<\/div>\n<div class=\"x11i5rnm xat24cr x1mh8g0r x1vvkbs xtlvy1s x126k92a\">\n<div dir=\"auto\"><span class=\"x3nfvp2 x1j61x8r x1fcty0u xdj266r xhhsvwb xat24cr xgzva0m xxymvpz xlup9mm x1kky2od\"><img loading=\"lazy\" decoding=\"async\" src=\"https:\/\/static.xx.fbcdn.net\/images\/emoji.php\/v9\/t86\/1.5\/16\/1f4cd.png\" alt=\"\ud83d\udccd\" width=\"16\" height=\"16\" \/><\/span>31\/01\/2023 I Quang Vinh \u2022 T\u0103ng Ph\u00fac \u2013 LululoLa Show | M\u1ed8T NG\u00c0Y KH\u00d4NG M\u01afA<\/div>\n<div dir=\"auto\">Link booking:<a href=\"https:\/\/lululolashow.com\/31-01-quang-vinh-tang-phuc-mot-ngay-khong-mua.html\" rel=\"noopener\">https:\/\/lululolashow.com\/31-01-quang-vinh-tang-phuc-mot-ngay-khong-mua.html<\/a><\/div>\n<div dir=\"auto\"><img loading=\"lazy\" decoding=\"async\" class=\"alignnone size-full wp-image-278\" src=\"https:\/\/lululolashow.com\/wp-content\/uploads\/2022\/12\/z3995145837639_8dd3c10a62c02001fe9a5d5716ef3c5d.jpg\" alt=\"Lululola\" width=\"1448\" height=\"2048\" \/><\/div>\n<\/div>\n<div dir=\"auto\">\n<article class=\"post-content\">\n<div class=\"anh_wtm_m\">\n<div class=\"mws_content\">\n<h2 id=\"lien-he-book-ve\"><strong>Li\u00ean H\u1ec7 Book V\u00e9\u00a0<\/strong><\/h2>\n<p><strong>Hotline\/Zalo: 0988 249 297<\/strong><\/p>\n<p>Fanpage booking:\u00a0<a href=\"https:\/\/www.facebook.com\/liveshowdalat\/\" target=\"_blank\" rel=\"noopener\">Lululola Coffee+<\/a><\/p>\n<p>Xem th\u00eam b\u00e0i vi\u1ebft kh\u00e1c t\u1ea1i:\u00a0<a href=\"https:\/\/dalatreview.vn\/ve-tham-quan\" target=\"_blank\" rel=\"noopener\">\u0110\u00e0 L\u1ea1t Review<\/a><\/p>\n<\/div>\n<\/div>\n<\/article>\n<div class=\"post-content xemthem\">Th\u1ebb:<a href=\"https:\/\/dalatreview.vn\/tag\/lululola-dat-ve-liveshow\" target=\"_blank\" rel=\"tag noopener\">Lululola \u0110\u1eb7t V\u00e9 Liveshow<\/a><\/div>\n<\/div>\n<\/div>","protected":false},"excerpt":{"rendered":"<p>Danh m\u1ee5c ch\u00ednh \u0110\u1eb7t V\u00e9 Liveshow Lululola T\u1ebft 2023 Li\u00ean H\u1ec7 Book V\u00e9\u00a0 \u0110\u1eb7t V\u00e9 Liveshow Lululola T\u1ebft 2023 \u00a0 \ud835\udc0b\ud835\udc08\u0323\ud835\udc02\ud835\udc07 \ud835\udc03\ud835\udc08\ud835\udc04\u0302\u0303\ud835\udc0d \ud835\udc0b\ud835\udc14\ud835\udc0b\ud835\udc14\ud835\udc0b\ud835\udc0e\ud835\udc0b\ud835\udc00 \ud835\udc13\ud835\udc07\ud835\udc00\u0301\ud835\udc0d\ud835\udc06 \ud835\udfcf &#8211; \ud835\udc13\ud835\udc04\u0302\u0301\ud835\udc13 \ud835\udc0d\ud835\udc06\ud835\udc14\ud835\udc18\ud835\udc04\u0302\ud835\udc0d \u0110\ud835\udc00\u0301\ud835\udc0d \ud835\udfd0\ud835\udfce\ud835\udfd0\ud835\udfd1 M\u1edbi \u0111\u00f3 th\u1ea5m tho\u1eaft \u0111\u00e3 m\u1ed9t n\u0103m tr\u00f4i qua, d\u1ecbp \u0111\u1eb7c bi\u1ec7t nh\u1ea5t trong n\u0103m &#8211; T\u1ebft Nguy\u00ean \u0110\u00e1n \u0111\u00e3 c\u1eadn k\u1ec1. Ai c\u0169ng b\u1eadn [&hellip;]<\/p>","protected":false},"featured_media":274,"comment_status":"open","ping_status":"closed","template":"","meta":[],"product_cat":[31],"product_tag":[],"_links":{"self":[{"href":"https:\/\/liveshowdalat.vn\/en\/wp-json\/wp\/v2\/product\/271"}],"collection":[{"href":"https:\/\/liveshowdalat.vn\/en\/wp-json\/wp\/v2\/product"}],"about":[{"href":"https:\/\/liveshowdalat.vn\/en\/wp-json\/wp\/v2\/types\/product"}],"replies":[{"embeddable":true,"href":"https:\/\/liveshowdalat.vn\/en\/wp-json\/wp\/v2\/comments?post=271"}],"wp:featuredmedia":[{"embeddable":true,"href":"https:\/\/liveshowdalat.vn\/en\/wp-json\/"}],"wp:attachment":[{"href":"https:\/\/liveshowdalat.vn\/en\/wp-json\/wp\/v2\/media?parent=271"}],"wp:term":[{"taxonomy":"product_cat","embeddable":true,"href":"https:\/\/liveshowdalat.vn\/en\/wp-json\/wp\/v2\/product_cat?post=271"},{"taxonomy":"product_tag","embeddable":true,"href":"https:\/\/liveshowdalat.vn\/en\/wp-json\/wp\/v2\/product_tag?post=271"}],"curies":[{"name":"wp","href":"https:\/\/api.w.org\/{rel}","templated":true}]}}