{"id":2622,"date":"2023-12-20T18:48:30","date_gmt":"2023-12-20T11:48:30","guid":{"rendered":"https:\/\/maylangthangshow.com\/?p=2622"},"modified":"2024-07-14T00:36:48","modified_gmt":"2024-07-13T17:36:48","slug":"cu-tay-bac-huong-lan-06-01","status":"publish","type":"product","link":"https:\/\/liveshowdalat.vn\/en\/cu-tay-bac-huong-lan-06-01.html","title":{"rendered":"C\u00da T\u00c2Y B\u1eaeC: H\u01af\u01a0NG LAN 06.01"},"content":{"rendered":"<nav class=\"vietrick-auto-toc\">\n<div class=\"box-title\">\n<h3 class=\"toc-title\" id=\"select-menu\">Danh m\u1ee5c ch\u00ednh<\/h3>\n<div><ion-icon name=\"chevron-up-outline\"><\/ion-icon><\/div>\n<\/div>\n<ul class=\"toc-list\">\n<li><a href='https:\/\/liveshowdalat.vn\/en#huong-lan-khach-moi-06-01' class='heading-h2 toc-link smooth-scroll'>H\u01af\u01a0NG LAN &amp; KH\u00c1CH M\u1edcI 06.01<\/a>\n<li><a href='https:\/\/liveshowdalat.vn\/en#lien-he-book-ve' class='heading-h2 toc-link smooth-scroll'>Li\u00ean H\u1ec7 Book V\u00e9\u00a0<\/a><\/ul>\n<\/ul>\n<\/li>\n<\/ul>\n<\/nav>\n<h2 style=\"text-align: center;\" id=\"huong-lan-khach-moi-06-01\"><span style=\"font-size: 24pt; color: #003300;\">H\u01af\u01a0NG LAN &amp; KH\u00c1CH M\u1edcI 06.01<\/span><\/h2>\n<p><img loading=\"lazy\" decoding=\"async\" class=\"size-full wp-image-2624 aligncenter\" src=\"https:\/\/liveshowdalat.vn\/wp-content\/uploads\/2023\/12\/Screenshot-2023-12-20-183722.png\" alt=\"M\u00c2Y LANG THANG\" width=\"608\" height=\"512\" \/><\/p>\n<p><img loading=\"lazy\" decoding=\"async\" class=\"aligncenter wp-image-2623 size-medium\" src=\"https:\/\/liveshowdalat.vn\/wp-content\/uploads\/2023\/12\/may-lang-thang-1-5-240x300.jpg\" alt=\"M\u00c2Y LANG THANG\" width=\"240\" height=\"300\" srcset=\"https:\/\/liveshowdalat.vn\/wp-content\/uploads\/2023\/12\/may-lang-thang-1-5-240x300.jpg 240w, https:\/\/liveshowdalat.vn\/wp-content\/uploads\/2023\/12\/may-lang-thang-1-5-819x1024.jpg 819w, https:\/\/liveshowdalat.vn\/wp-content\/uploads\/2023\/12\/may-lang-thang-1-5-768x960.jpg 768w, https:\/\/liveshowdalat.vn\/wp-content\/uploads\/2023\/12\/may-lang-thang-1-5-1229x1536.jpg 1229w, https:\/\/liveshowdalat.vn\/wp-content\/uploads\/2023\/12\/may-lang-thang-1-5-600x750.jpg 600w, https:\/\/liveshowdalat.vn\/wp-content\/uploads\/2023\/12\/may-lang-thang-1-5.jpg 1440w\" sizes=\"(max-width: 240px) 100vw, 240px\" \/><\/p>\n<p><span style=\"font-size: 18pt; color: #003300;\"><b>Ch\u00ednh s\u00e1ch tr\u1ebb em b\u00ean M\u00e2y Lang Thang:<\/b><b><br \/>\n<\/b><\/span><span style=\"font-size: 14pt;\">\u2013 B\u00e9 d\u01b0\u1edbi 1m2 gi\u1ea3m 30% ( c\u00f3 gh\u1ebf ri\u00eang ), ho\u00e0n ti\u1ec1n tr\u1ef1c ti\u1ebfp t\u1ea1i show<\/span><br \/>\n<span style=\"font-size: 14pt;\">\u2013 Tr\u00ean 1m2 v\u1eabn t\u00ednh v\u00e9 nh\u01b0 ng\u01b0\u1eddi l\u1edbn.<\/span><br \/>\n<span style=\"font-size: 14pt;\">***<\/span><br \/>\n<span style=\"font-size: 14pt;\">\u2013 \u0110\u1ecba ch\u1ec9: <strong>\u0110\u00eam Nh\u1ea1c Tr\u00ean M\u00e2y, S\u1ed1 04, Tr\u1ea7n Quang Di\u1ec7u, ph\u01b0\u1eddng 10.<\/strong><\/span><br \/>\n<span style=\"font-size: 14pt;\">\u2013 \u0110\u1ecba \u0111i\u1ec3m t\u1ed5 ch\u1ee9c c\u00f3 ph\u1ee5c v\u1ee5 \u0103n u\u1ed1ng, qu\u00fd kh\u00e1ch c\u00f3 th\u1ec3 li\u00ean h\u1ec7 Hotline \u0111\u1eb7t b\u00e0n \u0111\u1ec3 d\u00f9ng b\u1eefa tr\u01b0\u1edbc khi \u0111\u00eam nh\u1ea1c b\u1eaft \u0111\u1ea7u.<\/span><\/p>\n<p><img loading=\"lazy\" decoding=\"async\" class=\"aligncenter wp-image-2411\" src=\"https:\/\/liveshowdalat.vn\/wp-content\/uploads\/2023\/12\/Them-tieu-de.jpg\" alt=\"m\u00e2y lang thang\" width=\"2000\" height=\"1201\" srcset=\"https:\/\/liveshowdalat.vn\/wp-content\/uploads\/2023\/12\/Them-tieu-de.jpg 768w, https:\/\/liveshowdalat.vn\/wp-content\/uploads\/2023\/12\/Them-tieu-de-300x180.jpg 300w, https:\/\/liveshowdalat.vn\/wp-content\/uploads\/2023\/12\/Them-tieu-de-600x360.jpg 600w\" sizes=\"(max-width: 2000px) 100vw, 2000px\" \/><\/p>\n<p><span style=\"font-size: 18pt; color: #003300;\"><b>L\u01afU \u00dd<\/b><\/span><\/p>\n<p><span style=\"font-size: 14pt;\">\u2013 BTC kh\u00f4ng h\u1ed7 tr\u1ee3 ho\u00e0n v\u00e9 d\u01b0\u1edbi m\u1ecdi h\u00ecnh th\u1ee9c<\/span><\/p>\n<p><span style=\"font-size: 14pt;\">\u2013 Vui l\u00f2ng kh\u00f4ng mang \u0111\u1ed3 \u0103n n\u01b0\u1edbc u\u1ed1ng b\u00ean ngo\u00e0i v\u00e0o khu v\u1ef1c bi\u1ec3u di\u1ec5n<\/span><\/p>\n<p><span style=\"font-size: 14pt;\">\u2013 Tr\u01b0\u1eddng h\u1ee3p h\u1ee7y v\u00e9 v\u00e0 b\u1ea3o l\u01b0u v\u00e9 c\u1ea7n th\u00f4ng b\u00e1o t\u1edbi BTC tr\u01b0\u1edbc 24 gi\u1edd, sau kho\u1ea3ng th\u1eddi gian tr\u00ean s\u1ebd kh\u00f4ng \u0111\u01b0\u1ee3c h\u1ed7 tr\u1ee3<\/span><\/p>\n<p><span style=\"font-size: 18pt; color: #003300;\"><b><i>B\u1ea1n l\u01b0u \u00fd th\u00f4ng tin b\u1ea3o l\u01b0u sau:<\/i><\/b><\/span><\/p>\n<p><span style=\"font-size: 14pt;\">\u2013 Th\u1eddi h\u1ea1n b\u1ea3o l\u01b0u l\u00e0 trong v\u00f2ng m\u1ed9t n\u0103m t\u00ednh theo ng\u00e0y x\u00e1c nh\u1eadn b\u1ea3o l\u01b0u.<\/span><\/p>\n<p><span style=\"font-size: 14pt;\">\u2013 B\u1ea3o l\u01b0u ch\u1ec9 c\u00f3 hi\u1ec7u l\u1ef1c c\u00f9ng khu v\u1ef1c \u0111\u00e3 \u0111\u1eb7t<\/span><\/p>\n<p><span style=\"font-size: 14pt;\">\u2013 M\u00e2y ch\u1ec9 h\u1ed7 tr\u1ee3 b\u1ea3o l\u01b0u c\u00f9ng h\u1ea1ng gi\u00e1, v\u1edbi gi\u00e1 v\u00e9 cao h\u01a1n (vui l\u00f2ng b\u00f9 ph\u1ea7n ch\u00eanh l\u1ec7ch gi\u00fap M\u00e2y).<\/span><\/p>\n<p><span style=\"font-size: 14pt;\">Trong tr\u01b0\u1eddng h\u1ee3p h\u1ea1ng v\u00e9 th\u1ea5p s\u1ed1 ti\u1ec1n \u0111\u00e3 b\u1ea3o l\u01b0u, M\u00e2y kh\u00f4ng h\u1ed7 tr\u1ee3 ho\u00e0n ti\u1ec1n.<\/span><\/p>\n<p><img loading=\"lazy\" decoding=\"async\" class=\"size-full wp-image-2415 aligncenter\" src=\"https:\/\/liveshowdalat.vn\/wp-content\/uploads\/2023\/12\/MAY-LANG-THANG-1-1.jpg\" alt=\"m\u00e2y lang thang\" width=\"2000\" height=\"1600\" srcset=\"https:\/\/liveshowdalat.vn\/wp-content\/uploads\/2023\/12\/MAY-LANG-THANG-1-1.jpg 2000w, https:\/\/liveshowdalat.vn\/wp-content\/uploads\/2023\/12\/MAY-LANG-THANG-1-1-300x240.jpg 300w, https:\/\/liveshowdalat.vn\/wp-content\/uploads\/2023\/12\/MAY-LANG-THANG-1-1-1024x819.jpg 1024w, https:\/\/liveshowdalat.vn\/wp-content\/uploads\/2023\/12\/MAY-LANG-THANG-1-1-768x614.jpg 768w, https:\/\/liveshowdalat.vn\/wp-content\/uploads\/2023\/12\/MAY-LANG-THANG-1-1-1536x1229.jpg 1536w, https:\/\/liveshowdalat.vn\/wp-content\/uploads\/2023\/12\/MAY-LANG-THANG-1-1-600x480.jpg 600w\" sizes=\"(max-width: 2000px) 100vw, 2000px\" \/><\/p>\n<p><img loading=\"lazy\" decoding=\"async\" class=\"size-full wp-image-2414 aligncenter\" src=\"https:\/\/liveshowdalat.vn\/wp-content\/uploads\/2023\/12\/MAY-LANG-THANG-2-1.jpg\" alt=\"m\u00e2y lang thang\" width=\"2000\" height=\"1600\" srcset=\"https:\/\/liveshowdalat.vn\/wp-content\/uploads\/2023\/12\/MAY-LANG-THANG-2-1.jpg 2000w, https:\/\/liveshowdalat.vn\/wp-content\/uploads\/2023\/12\/MAY-LANG-THANG-2-1-300x240.jpg 300w, https:\/\/liveshowdalat.vn\/wp-content\/uploads\/2023\/12\/MAY-LANG-THANG-2-1-1024x819.jpg 1024w, https:\/\/liveshowdalat.vn\/wp-content\/uploads\/2023\/12\/MAY-LANG-THANG-2-1-768x614.jpg 768w, https:\/\/liveshowdalat.vn\/wp-content\/uploads\/2023\/12\/MAY-LANG-THANG-2-1-1536x1229.jpg 1536w, https:\/\/liveshowdalat.vn\/wp-content\/uploads\/2023\/12\/MAY-LANG-THANG-2-1-600x480.jpg 600w\" sizes=\"(max-width: 2000px) 100vw, 2000px\" \/><\/p>\n<h2 id=\"lien-he-book-ve\"><span style=\"color: #003300;\"><b>Li\u00ean H\u1ec7 Book V\u00e9\u00a0<\/b><\/span><\/h2>\n<p><span style=\"font-size: 14pt; color: #000000;\"><b>Hotline\/Zalo:\u00a0<\/b><span style=\"font-family: arial, helvetica, sans-serif;\"><b>0988 249 297<\/b><\/span><\/span><\/p>\n<p><span style=\"font-size: 14pt;\">Fanpage booking:\u00a0<a href=\"https:\/\/www.facebook.com\/liveshowdalat\/\" target=\"_blank\" rel=\"noopener\">M\u00e2y Lang Thang<\/a><\/span><\/p>\n<p><span style=\"font-size: 14pt;\">Xem th\u00eam b\u00e0i vi\u1ebft kh\u00e1c t\u1ea1i:\u00a0<a href=\"https:\/\/maylangthangshow.com\/\" rel=\"noopener\">Cloud Wandered Show\u00a0<\/a><\/span><\/p>","protected":false},"excerpt":{"rendered":"<p>Danh m\u1ee5c ch\u00ednh H\u01af\u01a0NG LAN &amp; KH\u00c1CH M\u1edcI 06.01 Li\u00ean H\u1ec7 Book V\u00e9\u00a0 H\u01af\u01a0NG LAN &amp; KH\u00c1CH M\u1edcI 06.01 Ch\u00ednh s\u00e1ch tr\u1ebb em b\u00ean M\u00e2y Lang Thang: \u2013 B\u00e9 d\u01b0\u1edbi 1m2 gi\u1ea3m 30% ( c\u00f3 gh\u1ebf ri\u00eang ), ho\u00e0n ti\u1ec1n tr\u1ef1c ti\u1ebfp t\u1ea1i show \u2013 Tr\u00ean 1m2 v\u1eabn t\u00ednh v\u00e9 nh\u01b0 ng\u01b0\u1eddi l\u1edbn. *** \u2013 [&hellip;]<\/p>","protected":false},"featured_media":2623,"comment_status":"open","ping_status":"closed","template":"","meta":[],"product_cat":[2410,31,49],"product_tag":[],"_links":{"self":[{"href":"https:\/\/liveshowdalat.vn\/en\/wp-json\/wp\/v2\/product\/2622"}],"collection":[{"href":"https:\/\/liveshowdalat.vn\/en\/wp-json\/wp\/v2\/product"}],"about":[{"href":"https:\/\/liveshowdalat.vn\/en\/wp-json\/wp\/v2\/types\/product"}],"replies":[{"embeddable":true,"href":"https:\/\/liveshowdalat.vn\/en\/wp-json\/wp\/v2\/comments?post=2622"}],"wp:featuredmedia":[{"embeddable":true,"href":"https:\/\/liveshowdalat.vn\/en\/wp-json\/wp\/v2\/media\/2623"}],"wp:attachment":[{"href":"https:\/\/liveshowdalat.vn\/en\/wp-json\/wp\/v2\/media?parent=2622"}],"wp:term":[{"taxonomy":"product_cat","embeddable":true,"href":"https:\/\/liveshowdalat.vn\/en\/wp-json\/wp\/v2\/product_cat?post=2622"},{"taxonomy":"product_tag","embeddable":true,"href":"https:\/\/liveshowdalat.vn\/en\/wp-json\/wp\/v2\/product_tag?post=2622"}],"curies":[{"name":"wp","href":"https:\/\/api.w.org\/{rel}","templated":true}]}}